{"id":308279,"date":"2022-11-16T13:23:19","date_gmt":"2022-11-16T13:23:19","guid":{"rendered":"https:\/\/coffeelounge.delonghi.com\/?post_type=product&#038;p=308279"},"modified":"2024-03-04T09:06:08","modified_gmt":"2024-03-04T09:06:08","slug":"espresso-no4-aethiopien-guiji","status":"publish","type":"product","link":"https:\/\/coffeelounge.delonghi.com\/de\/produkt\/espresso-no4-aethiopien-guiji\/","title":{"rendered":"Espresso No 4 \u00c4thiopien Guiji"},"content":{"rendered":"<p>Kann Brombeere im Kaffee schmecken? Wir sagen ja!<\/p>\n<p>Eine leichte S\u00e4ure unterst\u00fctzt die Fruchtaromen welche noch mit einem Hauch von Zartbitter Schokolade unterstrichen werden.<\/p>\n<p>Dieser 100% Arabica Espresso ist eine Offenbarung. Aus dem Mutterland des Kaffees- \u00c4thiopien- genauer gesagt aus der Guji Region stammt dieser natural aufbereitete Kaffee.<\/p>\n","protected":false},"excerpt":{"rendered":"<p>Kann Brombeere im Kaffee schmecken? Wir sagen ja! Eine leichte S\u00e4ure unterst\u00fctzt die Fruchtaromen welche noch mit einem Hauch von Zartbitter Schokolade unterstrichen werden. Dieser 100% Arabica Espresso ist eine Offenbarung. Aus dem Mutterland des Kaffees- \u00c4thiopien- genauer gesagt aus der Guji Region stammt dieser natural aufbereitete Kaffee.<\/p>\n","protected":false},"featured_media":420872,"comment_status":"closed","ping_status":"closed","template":"","meta":{"_acf_changed":false},"product_cat":[262,261],"product_tag":[],"class_list":{"0":"post-308279","1":"product","2":"type-product","3":"status-publish","4":"has-post-thumbnail","6":"product_cat-alle-kaffees","7":"product_cat-single-origin","9":"first","10":"instock","11":"taxable","12":"shipping-taxable","13":"purchasable","14":"product-type-variable"},"acf":[],"yoast_head":"<!-- This site is optimized with the Yoast SEO Premium plugin v24.5 (Yoast SEO v24.5) - https:\/\/yoast.com\/wordpress\/plugins\/seo\/ -->\n<title>Espresso No 4 \u00c4thiopien Guiji | Coffee Lounge De&#039;Longhi<\/title>\n<meta name=\"description\" content=\"Der 100% Arabica Espresso No 4 \u00c4thiopien Guiji ist eine Offenbarung aus dem Mutterland des Kaffees- \u00c4thiopien.\" \/>\n<meta name=\"robots\" content=\"index, follow, max-snippet:-1, max-image-preview:large, max-video-preview:-1\" \/>\n<meta name=\"twitter:card\" content=\"summary_large_image\" \/>\n<meta name=\"twitter:title\" content=\"Espresso No 4 \u00c4thiopien Guiji | Coffee Lounge De&#039;Longhi\" \/>\n<meta name=\"twitter:description\" content=\"Der 100% Arabica Espresso No 4 \u00c4thiopien Guiji ist eine Offenbarung aus dem Mutterland des Kaffees- \u00c4thiopien.\" \/>\n<meta name=\"twitter:image\" content=\"https:\/\/coffeelounge.delonghi.com\/wp-content\/uploads\/2022\/11\/Espresso_No4_athiopien_guiji.png\" \/>\n<script type=\"application\/ld+json\" class=\"yoast-schema-graph\">{\"@context\":\"https:\/\/schema.org\",\"@graph\":[{\"@type\":\"WebPage\",\"@id\":\"https:\/\/coffeelounge.delonghi.com\/de\/produkt\/espresso-no4-aethiopien-guiji\/\",\"url\":\"https:\/\/coffeelounge.delonghi.com\/de\/produkt\/espresso-no4-aethiopien-guiji\/\",\"name\":\"Espresso No 4 \u00c4thiopien Guiji | Coffee Lounge De&#039;Longhi\",\"isPartOf\":{\"@id\":\"https:\/\/coffeelounge.delonghi.com\/de\/#website\"},\"primaryImageOfPage\":{\"@id\":\"https:\/\/coffeelounge.delonghi.com\/de\/produkt\/espresso-no4-aethiopien-guiji\/#primaryimage\"},\"image\":{\"@id\":\"https:\/\/coffeelounge.delonghi.com\/de\/produkt\/espresso-no4-aethiopien-guiji\/#primaryimage\"},\"thumbnailUrl\":\"https:\/\/coffeelounge.delonghi.com\/wp-content\/uploads\/2022\/11\/Espresso_No4_athiopien_guiji.png\",\"datePublished\":\"2022-11-16T13:23:19+00:00\",\"dateModified\":\"2024-03-04T09:06:08+00:00\",\"description\":\"Der 100% Arabica Espresso No 4 \u00c4thiopien Guiji ist eine Offenbarung aus dem Mutterland des Kaffees- \u00c4thiopien.\",\"breadcrumb\":{\"@id\":\"https:\/\/coffeelounge.delonghi.com\/de\/produkt\/espresso-no4-aethiopien-guiji\/#breadcrumb\"},\"inLanguage\":\"de\",\"potentialAction\":[{\"@type\":\"ReadAction\",\"target\":[\"https:\/\/coffeelounge.delonghi.com\/de\/produkt\/espresso-no4-aethiopien-guiji\/\"]}]},{\"@type\":\"ImageObject\",\"inLanguage\":\"de\",\"@id\":\"https:\/\/coffeelounge.delonghi.com\/de\/produkt\/espresso-no4-aethiopien-guiji\/#primaryimage\",\"url\":\"https:\/\/coffeelounge.delonghi.com\/wp-content\/uploads\/2022\/11\/Espresso_No4_athiopien_guiji.png\",\"contentUrl\":\"https:\/\/coffeelounge.delonghi.com\/wp-content\/uploads\/2022\/11\/Espresso_No4_athiopien_guiji.png\",\"width\":450,\"height\":450},{\"@type\":\"BreadcrumbList\",\"@id\":\"https:\/\/coffeelounge.delonghi.com\/de\/produkt\/espresso-no4-aethiopien-guiji\/#breadcrumb\",\"itemListElement\":[{\"@type\":\"ListItem\",\"position\":1,\"name\":\"Home\",\"item\":\"https:\/\/coffeelounge.delonghi.com\/de\/\"},{\"@type\":\"ListItem\",\"position\":2,\"name\":\"Produkte\",\"item\":\"https:\/\/coffeelounge.delonghi.com\/de\/produkte\/\"},{\"@type\":\"ListItem\",\"position\":3,\"name\":\"Espresso No 4 \u00c4thiopien Guiji\"}]},{\"@type\":\"WebSite\",\"@id\":\"https:\/\/coffeelounge.delonghi.com\/de\/#website\",\"url\":\"https:\/\/coffeelounge.delonghi.com\/de\/\",\"name\":\"De&#039;Longhi\",\"description\":\"Coffee Lounge\",\"publisher\":{\"@id\":\"https:\/\/coffeelounge.delonghi.com\/de\/#organization\"},\"potentialAction\":[{\"@type\":\"SearchAction\",\"target\":{\"@type\":\"EntryPoint\",\"urlTemplate\":\"https:\/\/coffeelounge.delonghi.com\/de\/?s={search_term_string}\"},\"query-input\":{\"@type\":\"PropertyValueSpecification\",\"valueRequired\":true,\"valueName\":\"search_term_string\"}}],\"inLanguage\":\"de\"},{\"@type\":\"Organization\",\"@id\":\"https:\/\/coffeelounge.delonghi.com\/de\/#organization\",\"name\":\"De'Longhi Coffee Lounge\",\"url\":\"https:\/\/coffeelounge.delonghi.com\/de\/\",\"logo\":{\"@type\":\"ImageObject\",\"inLanguage\":\"de\",\"@id\":\"https:\/\/coffeelounge.delonghi.com\/de\/#\/schema\/logo\/image\/\",\"url\":\"https:\/\/coffeelounge.delonghi.com\/wp-content\/uploads\/2020\/05\/delonghi-coffee-lounge-logo-nederland.png\",\"contentUrl\":\"https:\/\/coffeelounge.delonghi.com\/wp-content\/uploads\/2020\/05\/delonghi-coffee-lounge-logo-nederland.png\",\"width\":2337,\"height\":724,\"caption\":\"De'Longhi Coffee Lounge\"},\"image\":{\"@id\":\"https:\/\/coffeelounge.delonghi.com\/de\/#\/schema\/logo\/image\/\"}}]}<\/script>\n<!-- \/ Yoast SEO Premium plugin. -->","yoast_head_json":{"title":"Espresso No 4 \u00c4thiopien Guiji | Coffee Lounge De&#039;Longhi","description":"Der 100% Arabica Espresso No 4 \u00c4thiopien Guiji ist eine Offenbarung aus dem Mutterland des Kaffees- \u00c4thiopien.","robots":{"index":"index","follow":"follow","max-snippet":"max-snippet:-1","max-image-preview":"max-image-preview:large","max-video-preview":"max-video-preview:-1"},"twitter_card":"summary_large_image","twitter_title":"Espresso No 4 \u00c4thiopien Guiji | Coffee Lounge De&#039;Longhi","twitter_description":"Der 100% Arabica Espresso No 4 \u00c4thiopien Guiji ist eine Offenbarung aus dem Mutterland des Kaffees- \u00c4thiopien.","twitter_image":"https:\/\/coffeelounge.delonghi.com\/wp-content\/uploads\/2022\/11\/Espresso_No4_athiopien_guiji.png","schema":{"@context":"https:\/\/schema.org","@graph":[{"@type":"WebPage","@id":"https:\/\/coffeelounge.delonghi.com\/de\/produkt\/espresso-no4-aethiopien-guiji\/","url":"https:\/\/coffeelounge.delonghi.com\/de\/produkt\/espresso-no4-aethiopien-guiji\/","name":"Espresso No 4 \u00c4thiopien Guiji | Coffee Lounge De&#039;Longhi","isPartOf":{"@id":"https:\/\/coffeelounge.delonghi.com\/de\/#website"},"primaryImageOfPage":{"@id":"https:\/\/coffeelounge.delonghi.com\/de\/produkt\/espresso-no4-aethiopien-guiji\/#primaryimage"},"image":{"@id":"https:\/\/coffeelounge.delonghi.com\/de\/produkt\/espresso-no4-aethiopien-guiji\/#primaryimage"},"thumbnailUrl":"https:\/\/coffeelounge.delonghi.com\/wp-content\/uploads\/2022\/11\/Espresso_No4_athiopien_guiji.png","datePublished":"2022-11-16T13:23:19+00:00","dateModified":"2024-03-04T09:06:08+00:00","description":"Der 100% Arabica Espresso No 4 \u00c4thiopien Guiji ist eine Offenbarung aus dem Mutterland des Kaffees- \u00c4thiopien.","breadcrumb":{"@id":"https:\/\/coffeelounge.delonghi.com\/de\/produkt\/espresso-no4-aethiopien-guiji\/#breadcrumb"},"inLanguage":"de","potentialAction":[{"@type":"ReadAction","target":["https:\/\/coffeelounge.delonghi.com\/de\/produkt\/espresso-no4-aethiopien-guiji\/"]}]},{"@type":"ImageObject","inLanguage":"de","@id":"https:\/\/coffeelounge.delonghi.com\/de\/produkt\/espresso-no4-aethiopien-guiji\/#primaryimage","url":"https:\/\/coffeelounge.delonghi.com\/wp-content\/uploads\/2022\/11\/Espresso_No4_athiopien_guiji.png","contentUrl":"https:\/\/coffeelounge.delonghi.com\/wp-content\/uploads\/2022\/11\/Espresso_No4_athiopien_guiji.png","width":450,"height":450},{"@type":"BreadcrumbList","@id":"https:\/\/coffeelounge.delonghi.com\/de\/produkt\/espresso-no4-aethiopien-guiji\/#breadcrumb","itemListElement":[{"@type":"ListItem","position":1,"name":"Home","item":"https:\/\/coffeelounge.delonghi.com\/de\/"},{"@type":"ListItem","position":2,"name":"Produkte","item":"https:\/\/coffeelounge.delonghi.com\/de\/produkte\/"},{"@type":"ListItem","position":3,"name":"Espresso No 4 \u00c4thiopien Guiji"}]},{"@type":"WebSite","@id":"https:\/\/coffeelounge.delonghi.com\/de\/#website","url":"https:\/\/coffeelounge.delonghi.com\/de\/","name":"De&#039;Longhi","description":"Coffee Lounge","publisher":{"@id":"https:\/\/coffeelounge.delonghi.com\/de\/#organization"},"potentialAction":[{"@type":"SearchAction","target":{"@type":"EntryPoint","urlTemplate":"https:\/\/coffeelounge.delonghi.com\/de\/?s={search_term_string}"},"query-input":{"@type":"PropertyValueSpecification","valueRequired":true,"valueName":"search_term_string"}}],"inLanguage":"de"},{"@type":"Organization","@id":"https:\/\/coffeelounge.delonghi.com\/de\/#organization","name":"De'Longhi Coffee Lounge","url":"https:\/\/coffeelounge.delonghi.com\/de\/","logo":{"@type":"ImageObject","inLanguage":"de","@id":"https:\/\/coffeelounge.delonghi.com\/de\/#\/schema\/logo\/image\/","url":"https:\/\/coffeelounge.delonghi.com\/wp-content\/uploads\/2020\/05\/delonghi-coffee-lounge-logo-nederland.png","contentUrl":"https:\/\/coffeelounge.delonghi.com\/wp-content\/uploads\/2020\/05\/delonghi-coffee-lounge-logo-nederland.png","width":2337,"height":724,"caption":"De'Longhi Coffee Lounge"},"image":{"@id":"https:\/\/coffeelounge.delonghi.com\/de\/#\/schema\/logo\/image\/"}}]}},"_links":{"self":[{"href":"https:\/\/coffeelounge.delonghi.com\/de\/wp-json\/wp\/v2\/product\/308279","targetHints":{"allow":["GET"]}}],"collection":[{"href":"https:\/\/coffeelounge.delonghi.com\/de\/wp-json\/wp\/v2\/product"}],"about":[{"href":"https:\/\/coffeelounge.delonghi.com\/de\/wp-json\/wp\/v2\/types\/product"}],"replies":[{"embeddable":true,"href":"https:\/\/coffeelounge.delonghi.com\/de\/wp-json\/wp\/v2\/comments?post=308279"}],"version-history":[{"count":3,"href":"https:\/\/coffeelounge.delonghi.com\/de\/wp-json\/wp\/v2\/product\/308279\/revisions"}],"predecessor-version":[{"id":422067,"href":"https:\/\/coffeelounge.delonghi.com\/de\/wp-json\/wp\/v2\/product\/308279\/revisions\/422067"}],"wp:featuredmedia":[{"embeddable":true,"href":"https:\/\/coffeelounge.delonghi.com\/de\/wp-json\/wp\/v2\/media\/420872"}],"wp:attachment":[{"href":"https:\/\/coffeelounge.delonghi.com\/de\/wp-json\/wp\/v2\/media?parent=308279"}],"wp:term":[{"taxonomy":"product_cat","embeddable":true,"href":"https:\/\/coffeelounge.delonghi.com\/de\/wp-json\/wp\/v2\/product_cat?post=308279"},{"taxonomy":"product_tag","embeddable":true,"href":"https:\/\/coffeelounge.delonghi.com\/de\/wp-json\/wp\/v2\/product_tag?post=308279"}],"curies":[{"name":"wp","href":"https:\/\/api.w.org\/{rel}","templated":true}]}}