{"id":308055,"date":"2022-11-16T11:03:48","date_gmt":"2022-11-16T11:03:48","guid":{"rendered":"https:\/\/coffeelounge.delonghi.com\/?post_type=product&#038;p=308055"},"modified":"2024-03-04T09:09:36","modified_gmt":"2024-03-04T09:09:36","slug":"cardinal-royal-cuvee","status":"publish","type":"product","link":"https:\/\/coffeelounge.delonghi.com\/de\/produkt\/cardinal-royal-cuvee\/","title":{"rendered":"Cardinal Royal Cuv\u00e9e"},"content":{"rendered":"<p>Ein 60\/40 Cuv\u00e9e aus Coffea Arabica aus Brasilien und aus Coffea Canephora aus Indien.<\/p>\n<p>Schokoladig. Ausgewogen. Lecker.<\/p>\n<p>Cremig, angenehm und lang im Geschmack bleibende Zartbitterschokolade. Weitere Aromen u.a. von Karamel, Melasse, getr. Banane, Rosine, Nougat, Mandel und Kandiszucker.<\/p>\n<p>Dieses schokoladig-kr\u00e4ftige Cuv\u00e9e wird durch sein Geschmacksprofil bei vielen Kaffeeliebhabern f\u00fcr die Zubereitung von Espresso empfohlen.<\/p>\n","protected":false},"excerpt":{"rendered":"<p>Ein 60\/40 Cuv\u00e9e aus Coffea Arabica aus Brasilien und aus Coffea Canephora aus Indien. Schokoladig. Ausgewogen. Lecker. Cremig, angenehm und lang im Geschmack bleibende Zartbitterschokolade. Weitere Aromen u.a. von Karamel, Melasse, getr. Banane, Rosine, Nougat, Mandel und Kandiszucker. Dieses schokoladig-kr\u00e4ftige Cuv\u00e9e wird durch sein Geschmacksprofil bei vielen Kaffeeliebhabern f\u00fcr die Zubereitung von Espresso empfohlen.<\/p>\n","protected":false},"featured_media":308057,"comment_status":"closed","ping_status":"closed","template":"","meta":{"_acf_changed":false},"product_cat":[262,364],"product_tag":[],"class_list":{"0":"post-308055","1":"product","2":"type-product","3":"status-publish","4":"has-post-thumbnail","6":"product_cat-alle-kaffees","7":"product_cat-blend","9":"first","10":"instock","11":"taxable","12":"shipping-taxable","13":"purchasable","14":"product-type-variable"},"acf":[],"yoast_head":"<!-- This site is optimized with the Yoast SEO Premium plugin v24.5 (Yoast SEO v24.5) - https:\/\/yoast.com\/wordpress\/plugins\/seo\/ -->\n<title>Cardinal Royal Cuv\u00e9e | Coffee Lounge De&#039;Longhi<\/title>\n<meta name=\"description\" content=\"Der schokoladig-kr\u00e4ftige Cardinal Royal Cuv\u00e9e f\u00fcr Liebhaber:innen klassischen Espressos empfohlen.\" \/>\n<meta name=\"robots\" content=\"index, follow, max-snippet:-1, max-image-preview:large, max-video-preview:-1\" \/>\n<meta name=\"twitter:card\" content=\"summary_large_image\" \/>\n<meta name=\"twitter:title\" content=\"Cardinal Royal Cuv\u00e9e | Coffee Lounge De&#039;Longhi\" \/>\n<meta name=\"twitter:description\" content=\"Der schokoladig-kr\u00e4ftige Cardinal Royal Cuv\u00e9e f\u00fcr Liebhaber:innen klassischen Espressos empfohlen.\" \/>\n<meta name=\"twitter:image\" content=\"https:\/\/coffeelounge.delonghi.com\/wp-content\/uploads\/2022\/11\/cardinal.png\" \/>\n<script type=\"application\/ld+json\" class=\"yoast-schema-graph\">{\"@context\":\"https:\/\/schema.org\",\"@graph\":[{\"@type\":\"WebPage\",\"@id\":\"https:\/\/coffeelounge.delonghi.com\/de\/produkt\/cardinal-royal-cuvee\/\",\"url\":\"https:\/\/coffeelounge.delonghi.com\/de\/produkt\/cardinal-royal-cuvee\/\",\"name\":\"Cardinal Royal Cuv\u00e9e | Coffee Lounge De&#039;Longhi\",\"isPartOf\":{\"@id\":\"https:\/\/coffeelounge.delonghi.com\/de\/#website\"},\"primaryImageOfPage\":{\"@id\":\"https:\/\/coffeelounge.delonghi.com\/de\/produkt\/cardinal-royal-cuvee\/#primaryimage\"},\"image\":{\"@id\":\"https:\/\/coffeelounge.delonghi.com\/de\/produkt\/cardinal-royal-cuvee\/#primaryimage\"},\"thumbnailUrl\":\"https:\/\/coffeelounge.delonghi.com\/wp-content\/uploads\/2022\/11\/cardinal.png\",\"datePublished\":\"2022-11-16T11:03:48+00:00\",\"dateModified\":\"2024-03-04T09:09:36+00:00\",\"description\":\"Der schokoladig-kr\u00e4ftige Cardinal Royal Cuv\u00e9e f\u00fcr Liebhaber:innen klassischen Espressos empfohlen.\",\"breadcrumb\":{\"@id\":\"https:\/\/coffeelounge.delonghi.com\/de\/produkt\/cardinal-royal-cuvee\/#breadcrumb\"},\"inLanguage\":\"de\",\"potentialAction\":[{\"@type\":\"ReadAction\",\"target\":[\"https:\/\/coffeelounge.delonghi.com\/de\/produkt\/cardinal-royal-cuvee\/\"]}]},{\"@type\":\"ImageObject\",\"inLanguage\":\"de\",\"@id\":\"https:\/\/coffeelounge.delonghi.com\/de\/produkt\/cardinal-royal-cuvee\/#primaryimage\",\"url\":\"https:\/\/coffeelounge.delonghi.com\/wp-content\/uploads\/2022\/11\/cardinal.png\",\"contentUrl\":\"https:\/\/coffeelounge.delonghi.com\/wp-content\/uploads\/2022\/11\/cardinal.png\",\"width\":3600,\"height\":3600},{\"@type\":\"BreadcrumbList\",\"@id\":\"https:\/\/coffeelounge.delonghi.com\/de\/produkt\/cardinal-royal-cuvee\/#breadcrumb\",\"itemListElement\":[{\"@type\":\"ListItem\",\"position\":1,\"name\":\"Home\",\"item\":\"https:\/\/coffeelounge.delonghi.com\/de\/\"},{\"@type\":\"ListItem\",\"position\":2,\"name\":\"Produkte\",\"item\":\"https:\/\/coffeelounge.delonghi.com\/de\/produkte\/\"},{\"@type\":\"ListItem\",\"position\":3,\"name\":\"Cardinal Royal Cuv\u00e9e\"}]},{\"@type\":\"WebSite\",\"@id\":\"https:\/\/coffeelounge.delonghi.com\/de\/#website\",\"url\":\"https:\/\/coffeelounge.delonghi.com\/de\/\",\"name\":\"De&#039;Longhi\",\"description\":\"Coffee Lounge\",\"publisher\":{\"@id\":\"https:\/\/coffeelounge.delonghi.com\/de\/#organization\"},\"potentialAction\":[{\"@type\":\"SearchAction\",\"target\":{\"@type\":\"EntryPoint\",\"urlTemplate\":\"https:\/\/coffeelounge.delonghi.com\/de\/?s={search_term_string}\"},\"query-input\":{\"@type\":\"PropertyValueSpecification\",\"valueRequired\":true,\"valueName\":\"search_term_string\"}}],\"inLanguage\":\"de\"},{\"@type\":\"Organization\",\"@id\":\"https:\/\/coffeelounge.delonghi.com\/de\/#organization\",\"name\":\"De'Longhi Coffee Lounge\",\"url\":\"https:\/\/coffeelounge.delonghi.com\/de\/\",\"logo\":{\"@type\":\"ImageObject\",\"inLanguage\":\"de\",\"@id\":\"https:\/\/coffeelounge.delonghi.com\/de\/#\/schema\/logo\/image\/\",\"url\":\"https:\/\/coffeelounge.delonghi.com\/wp-content\/uploads\/2020\/05\/delonghi-coffee-lounge-logo-nederland.png\",\"contentUrl\":\"https:\/\/coffeelounge.delonghi.com\/wp-content\/uploads\/2020\/05\/delonghi-coffee-lounge-logo-nederland.png\",\"width\":2337,\"height\":724,\"caption\":\"De'Longhi Coffee Lounge\"},\"image\":{\"@id\":\"https:\/\/coffeelounge.delonghi.com\/de\/#\/schema\/logo\/image\/\"}}]}<\/script>\n<!-- \/ Yoast SEO Premium plugin. -->","yoast_head_json":{"title":"Cardinal Royal Cuv\u00e9e | Coffee Lounge De&#039;Longhi","description":"Der schokoladig-kr\u00e4ftige Cardinal Royal Cuv\u00e9e f\u00fcr Liebhaber:innen klassischen Espressos empfohlen.","robots":{"index":"index","follow":"follow","max-snippet":"max-snippet:-1","max-image-preview":"max-image-preview:large","max-video-preview":"max-video-preview:-1"},"twitter_card":"summary_large_image","twitter_title":"Cardinal Royal Cuv\u00e9e | Coffee Lounge De&#039;Longhi","twitter_description":"Der schokoladig-kr\u00e4ftige Cardinal Royal Cuv\u00e9e f\u00fcr Liebhaber:innen klassischen Espressos empfohlen.","twitter_image":"https:\/\/coffeelounge.delonghi.com\/wp-content\/uploads\/2022\/11\/cardinal.png","schema":{"@context":"https:\/\/schema.org","@graph":[{"@type":"WebPage","@id":"https:\/\/coffeelounge.delonghi.com\/de\/produkt\/cardinal-royal-cuvee\/","url":"https:\/\/coffeelounge.delonghi.com\/de\/produkt\/cardinal-royal-cuvee\/","name":"Cardinal Royal Cuv\u00e9e | Coffee Lounge De&#039;Longhi","isPartOf":{"@id":"https:\/\/coffeelounge.delonghi.com\/de\/#website"},"primaryImageOfPage":{"@id":"https:\/\/coffeelounge.delonghi.com\/de\/produkt\/cardinal-royal-cuvee\/#primaryimage"},"image":{"@id":"https:\/\/coffeelounge.delonghi.com\/de\/produkt\/cardinal-royal-cuvee\/#primaryimage"},"thumbnailUrl":"https:\/\/coffeelounge.delonghi.com\/wp-content\/uploads\/2022\/11\/cardinal.png","datePublished":"2022-11-16T11:03:48+00:00","dateModified":"2024-03-04T09:09:36+00:00","description":"Der schokoladig-kr\u00e4ftige Cardinal Royal Cuv\u00e9e f\u00fcr Liebhaber:innen klassischen Espressos empfohlen.","breadcrumb":{"@id":"https:\/\/coffeelounge.delonghi.com\/de\/produkt\/cardinal-royal-cuvee\/#breadcrumb"},"inLanguage":"de","potentialAction":[{"@type":"ReadAction","target":["https:\/\/coffeelounge.delonghi.com\/de\/produkt\/cardinal-royal-cuvee\/"]}]},{"@type":"ImageObject","inLanguage":"de","@id":"https:\/\/coffeelounge.delonghi.com\/de\/produkt\/cardinal-royal-cuvee\/#primaryimage","url":"https:\/\/coffeelounge.delonghi.com\/wp-content\/uploads\/2022\/11\/cardinal.png","contentUrl":"https:\/\/coffeelounge.delonghi.com\/wp-content\/uploads\/2022\/11\/cardinal.png","width":3600,"height":3600},{"@type":"BreadcrumbList","@id":"https:\/\/coffeelounge.delonghi.com\/de\/produkt\/cardinal-royal-cuvee\/#breadcrumb","itemListElement":[{"@type":"ListItem","position":1,"name":"Home","item":"https:\/\/coffeelounge.delonghi.com\/de\/"},{"@type":"ListItem","position":2,"name":"Produkte","item":"https:\/\/coffeelounge.delonghi.com\/de\/produkte\/"},{"@type":"ListItem","position":3,"name":"Cardinal Royal Cuv\u00e9e"}]},{"@type":"WebSite","@id":"https:\/\/coffeelounge.delonghi.com\/de\/#website","url":"https:\/\/coffeelounge.delonghi.com\/de\/","name":"De&#039;Longhi","description":"Coffee Lounge","publisher":{"@id":"https:\/\/coffeelounge.delonghi.com\/de\/#organization"},"potentialAction":[{"@type":"SearchAction","target":{"@type":"EntryPoint","urlTemplate":"https:\/\/coffeelounge.delonghi.com\/de\/?s={search_term_string}"},"query-input":{"@type":"PropertyValueSpecification","valueRequired":true,"valueName":"search_term_string"}}],"inLanguage":"de"},{"@type":"Organization","@id":"https:\/\/coffeelounge.delonghi.com\/de\/#organization","name":"De'Longhi Coffee Lounge","url":"https:\/\/coffeelounge.delonghi.com\/de\/","logo":{"@type":"ImageObject","inLanguage":"de","@id":"https:\/\/coffeelounge.delonghi.com\/de\/#\/schema\/logo\/image\/","url":"https:\/\/coffeelounge.delonghi.com\/wp-content\/uploads\/2020\/05\/delonghi-coffee-lounge-logo-nederland.png","contentUrl":"https:\/\/coffeelounge.delonghi.com\/wp-content\/uploads\/2020\/05\/delonghi-coffee-lounge-logo-nederland.png","width":2337,"height":724,"caption":"De'Longhi Coffee Lounge"},"image":{"@id":"https:\/\/coffeelounge.delonghi.com\/de\/#\/schema\/logo\/image\/"}}]}},"_links":{"self":[{"href":"https:\/\/coffeelounge.delonghi.com\/de\/wp-json\/wp\/v2\/product\/308055","targetHints":{"allow":["GET"]}}],"collection":[{"href":"https:\/\/coffeelounge.delonghi.com\/de\/wp-json\/wp\/v2\/product"}],"about":[{"href":"https:\/\/coffeelounge.delonghi.com\/de\/wp-json\/wp\/v2\/types\/product"}],"replies":[{"embeddable":true,"href":"https:\/\/coffeelounge.delonghi.com\/de\/wp-json\/wp\/v2\/comments?post=308055"}],"version-history":[{"count":3,"href":"https:\/\/coffeelounge.delonghi.com\/de\/wp-json\/wp\/v2\/product\/308055\/revisions"}],"predecessor-version":[{"id":422079,"href":"https:\/\/coffeelounge.delonghi.com\/de\/wp-json\/wp\/v2\/product\/308055\/revisions\/422079"}],"wp:featuredmedia":[{"embeddable":true,"href":"https:\/\/coffeelounge.delonghi.com\/de\/wp-json\/wp\/v2\/media\/308057"}],"wp:attachment":[{"href":"https:\/\/coffeelounge.delonghi.com\/de\/wp-json\/wp\/v2\/media?parent=308055"}],"wp:term":[{"taxonomy":"product_cat","embeddable":true,"href":"https:\/\/coffeelounge.delonghi.com\/de\/wp-json\/wp\/v2\/product_cat?post=308055"},{"taxonomy":"product_tag","embeddable":true,"href":"https:\/\/coffeelounge.delonghi.com\/de\/wp-json\/wp\/v2\/product_tag?post=308055"}],"curies":[{"name":"wp","href":"https:\/\/api.w.org\/{rel}","templated":true}]}}