{"id":308033,"date":"2022-11-16T10:56:35","date_gmt":"2022-11-16T10:56:35","guid":{"rendered":"https:\/\/coffeelounge.delonghi.com\/?post_type=product&#038;p=308033"},"modified":"2024-03-04T09:09:43","modified_gmt":"2024-03-04T09:09:43","slug":"il-gallo","status":"publish","type":"product","link":"https:\/\/coffeelounge.delonghi.com\/de\/produkt\/il-gallo\/","title":{"rendered":"Il Gallo"},"content":{"rendered":"<p>Schokoladig. Kr\u00e4ftig. Geil.<\/p>\n<p>Ein klassisches Cuv\u00e9e nach italienischem Vorbild! 70 % Coffea Arabica und 30% Coffea Canephora. Ein dunkel ger\u00f6steter Arabica mit feiner Note von dunkler Schokolade, mit einer leichten S\u00fc\u00dfe im Abgang wird kombiniert mit einem Coffea Canephora aus Guatemala f\u00fcr eine langanhaltende Kakaonote und einen ausgewogenen K\u00f6rper.<\/p>\n<p>Einfach : Geil. Geiler. Gallo.<\/p>\n<p>Weitere Aromen von Nussnougat, Melasse, Kakao, Kastanienbl\u00fcte und Kandiszucker.<\/p>\n","protected":false},"excerpt":{"rendered":"<p>Schokoladig. Kr\u00e4ftig. Geil. Ein klassisches Cuv\u00e9e nach italienischem Vorbild! 70 % Coffea Arabica und 30% Coffea Canephora. Ein dunkel ger\u00f6steter Arabica mit feiner Note von dunkler Schokolade, mit einer leichten S\u00fc\u00dfe im Abgang wird kombiniert mit einem Coffea Canephora aus Guatemala f\u00fcr eine langanhaltende Kakaonote und einen ausgewogenen K\u00f6rper. Einfach : Geil. Geiler. Gallo. Weitere [&hellip;]<\/p>\n","protected":false},"featured_media":420937,"comment_status":"closed","ping_status":"closed","template":"","meta":{"_acf_changed":false},"product_cat":[262,364],"product_tag":[],"class_list":{"0":"post-308033","1":"product","2":"type-product","3":"status-publish","4":"has-post-thumbnail","6":"product_cat-alle-kaffees","7":"product_cat-blend","9":"first","10":"instock","11":"taxable","12":"shipping-taxable","13":"purchasable","14":"product-type-variable"},"acf":[],"yoast_head":"<!-- This site is optimized with the Yoast SEO Premium plugin v24.5 (Yoast SEO v24.5) - https:\/\/yoast.com\/wordpress\/plugins\/seo\/ -->\n<title>Il Gallo | Coffee Lounge De&#039;Longhi<\/title>\n<meta name=\"description\" content=\"Il Gallo: Schokoladig. Kr\u00e4ftig. Geil. Ein klassisches Cuv\u00e9e nach italienischem Vorbild! Feine Noten dunkler Schokolade, mit leichter S\u00fc\u00dfe.\" \/>\n<meta name=\"robots\" content=\"index, follow, max-snippet:-1, max-image-preview:large, max-video-preview:-1\" \/>\n<meta name=\"twitter:card\" content=\"summary_large_image\" \/>\n<meta name=\"twitter:title\" content=\"Il Gallo | Coffee Lounge De&#039;Longhi\" \/>\n<meta name=\"twitter:description\" content=\"Il Gallo: Schokoladig. Kr\u00e4ftig. Geil. Ein klassisches Cuv\u00e9e nach italienischem Vorbild! Feine Noten dunkler Schokolade, mit leichter S\u00fc\u00dfe.\" \/>\n<meta name=\"twitter:image\" content=\"https:\/\/coffeelounge.delonghi.com\/wp-content\/uploads\/2022\/11\/Il_Gallo.png\" \/>\n<script type=\"application\/ld+json\" class=\"yoast-schema-graph\">{\"@context\":\"https:\/\/schema.org\",\"@graph\":[{\"@type\":\"WebPage\",\"@id\":\"https:\/\/coffeelounge.delonghi.com\/de\/produkt\/il-gallo\/\",\"url\":\"https:\/\/coffeelounge.delonghi.com\/de\/produkt\/il-gallo\/\",\"name\":\"Il Gallo | Coffee Lounge De&#039;Longhi\",\"isPartOf\":{\"@id\":\"https:\/\/coffeelounge.delonghi.com\/de\/#website\"},\"primaryImageOfPage\":{\"@id\":\"https:\/\/coffeelounge.delonghi.com\/de\/produkt\/il-gallo\/#primaryimage\"},\"image\":{\"@id\":\"https:\/\/coffeelounge.delonghi.com\/de\/produkt\/il-gallo\/#primaryimage\"},\"thumbnailUrl\":\"https:\/\/coffeelounge.delonghi.com\/wp-content\/uploads\/2022\/11\/Il_Gallo.png\",\"datePublished\":\"2022-11-16T10:56:35+00:00\",\"dateModified\":\"2024-03-04T09:09:43+00:00\",\"description\":\"Il Gallo: Schokoladig. Kr\u00e4ftig. Geil. Ein klassisches Cuv\u00e9e nach italienischem Vorbild! Feine Noten dunkler Schokolade, mit leichter S\u00fc\u00dfe.\",\"breadcrumb\":{\"@id\":\"https:\/\/coffeelounge.delonghi.com\/de\/produkt\/il-gallo\/#breadcrumb\"},\"inLanguage\":\"de\",\"potentialAction\":[{\"@type\":\"ReadAction\",\"target\":[\"https:\/\/coffeelounge.delonghi.com\/de\/produkt\/il-gallo\/\"]}]},{\"@type\":\"ImageObject\",\"inLanguage\":\"de\",\"@id\":\"https:\/\/coffeelounge.delonghi.com\/de\/produkt\/il-gallo\/#primaryimage\",\"url\":\"https:\/\/coffeelounge.delonghi.com\/wp-content\/uploads\/2022\/11\/Il_Gallo.png\",\"contentUrl\":\"https:\/\/coffeelounge.delonghi.com\/wp-content\/uploads\/2022\/11\/Il_Gallo.png\",\"width\":3600,\"height\":3600},{\"@type\":\"BreadcrumbList\",\"@id\":\"https:\/\/coffeelounge.delonghi.com\/de\/produkt\/il-gallo\/#breadcrumb\",\"itemListElement\":[{\"@type\":\"ListItem\",\"position\":1,\"name\":\"Home\",\"item\":\"https:\/\/coffeelounge.delonghi.com\/de\/\"},{\"@type\":\"ListItem\",\"position\":2,\"name\":\"Produkte\",\"item\":\"https:\/\/coffeelounge.delonghi.com\/de\/produkte\/\"},{\"@type\":\"ListItem\",\"position\":3,\"name\":\"Il Gallo\"}]},{\"@type\":\"WebSite\",\"@id\":\"https:\/\/coffeelounge.delonghi.com\/de\/#website\",\"url\":\"https:\/\/coffeelounge.delonghi.com\/de\/\",\"name\":\"De&#039;Longhi\",\"description\":\"Coffee Lounge\",\"publisher\":{\"@id\":\"https:\/\/coffeelounge.delonghi.com\/de\/#organization\"},\"potentialAction\":[{\"@type\":\"SearchAction\",\"target\":{\"@type\":\"EntryPoint\",\"urlTemplate\":\"https:\/\/coffeelounge.delonghi.com\/de\/?s={search_term_string}\"},\"query-input\":{\"@type\":\"PropertyValueSpecification\",\"valueRequired\":true,\"valueName\":\"search_term_string\"}}],\"inLanguage\":\"de\"},{\"@type\":\"Organization\",\"@id\":\"https:\/\/coffeelounge.delonghi.com\/de\/#organization\",\"name\":\"De'Longhi Coffee Lounge\",\"url\":\"https:\/\/coffeelounge.delonghi.com\/de\/\",\"logo\":{\"@type\":\"ImageObject\",\"inLanguage\":\"de\",\"@id\":\"https:\/\/coffeelounge.delonghi.com\/de\/#\/schema\/logo\/image\/\",\"url\":\"https:\/\/coffeelounge.delonghi.com\/wp-content\/uploads\/2020\/05\/delonghi-coffee-lounge-logo-nederland.png\",\"contentUrl\":\"https:\/\/coffeelounge.delonghi.com\/wp-content\/uploads\/2020\/05\/delonghi-coffee-lounge-logo-nederland.png\",\"width\":2337,\"height\":724,\"caption\":\"De'Longhi Coffee Lounge\"},\"image\":{\"@id\":\"https:\/\/coffeelounge.delonghi.com\/de\/#\/schema\/logo\/image\/\"}}]}<\/script>\n<!-- \/ Yoast SEO Premium plugin. -->","yoast_head_json":{"title":"Il Gallo | Coffee Lounge De&#039;Longhi","description":"Il Gallo: Schokoladig. Kr\u00e4ftig. Geil. Ein klassisches Cuv\u00e9e nach italienischem Vorbild! Feine Noten dunkler Schokolade, mit leichter S\u00fc\u00dfe.","robots":{"index":"index","follow":"follow","max-snippet":"max-snippet:-1","max-image-preview":"max-image-preview:large","max-video-preview":"max-video-preview:-1"},"twitter_card":"summary_large_image","twitter_title":"Il Gallo | Coffee Lounge De&#039;Longhi","twitter_description":"Il Gallo: Schokoladig. Kr\u00e4ftig. Geil. Ein klassisches Cuv\u00e9e nach italienischem Vorbild! Feine Noten dunkler Schokolade, mit leichter S\u00fc\u00dfe.","twitter_image":"https:\/\/coffeelounge.delonghi.com\/wp-content\/uploads\/2022\/11\/Il_Gallo.png","schema":{"@context":"https:\/\/schema.org","@graph":[{"@type":"WebPage","@id":"https:\/\/coffeelounge.delonghi.com\/de\/produkt\/il-gallo\/","url":"https:\/\/coffeelounge.delonghi.com\/de\/produkt\/il-gallo\/","name":"Il Gallo | Coffee Lounge De&#039;Longhi","isPartOf":{"@id":"https:\/\/coffeelounge.delonghi.com\/de\/#website"},"primaryImageOfPage":{"@id":"https:\/\/coffeelounge.delonghi.com\/de\/produkt\/il-gallo\/#primaryimage"},"image":{"@id":"https:\/\/coffeelounge.delonghi.com\/de\/produkt\/il-gallo\/#primaryimage"},"thumbnailUrl":"https:\/\/coffeelounge.delonghi.com\/wp-content\/uploads\/2022\/11\/Il_Gallo.png","datePublished":"2022-11-16T10:56:35+00:00","dateModified":"2024-03-04T09:09:43+00:00","description":"Il Gallo: Schokoladig. Kr\u00e4ftig. Geil. Ein klassisches Cuv\u00e9e nach italienischem Vorbild! Feine Noten dunkler Schokolade, mit leichter S\u00fc\u00dfe.","breadcrumb":{"@id":"https:\/\/coffeelounge.delonghi.com\/de\/produkt\/il-gallo\/#breadcrumb"},"inLanguage":"de","potentialAction":[{"@type":"ReadAction","target":["https:\/\/coffeelounge.delonghi.com\/de\/produkt\/il-gallo\/"]}]},{"@type":"ImageObject","inLanguage":"de","@id":"https:\/\/coffeelounge.delonghi.com\/de\/produkt\/il-gallo\/#primaryimage","url":"https:\/\/coffeelounge.delonghi.com\/wp-content\/uploads\/2022\/11\/Il_Gallo.png","contentUrl":"https:\/\/coffeelounge.delonghi.com\/wp-content\/uploads\/2022\/11\/Il_Gallo.png","width":3600,"height":3600},{"@type":"BreadcrumbList","@id":"https:\/\/coffeelounge.delonghi.com\/de\/produkt\/il-gallo\/#breadcrumb","itemListElement":[{"@type":"ListItem","position":1,"name":"Home","item":"https:\/\/coffeelounge.delonghi.com\/de\/"},{"@type":"ListItem","position":2,"name":"Produkte","item":"https:\/\/coffeelounge.delonghi.com\/de\/produkte\/"},{"@type":"ListItem","position":3,"name":"Il Gallo"}]},{"@type":"WebSite","@id":"https:\/\/coffeelounge.delonghi.com\/de\/#website","url":"https:\/\/coffeelounge.delonghi.com\/de\/","name":"De&#039;Longhi","description":"Coffee Lounge","publisher":{"@id":"https:\/\/coffeelounge.delonghi.com\/de\/#organization"},"potentialAction":[{"@type":"SearchAction","target":{"@type":"EntryPoint","urlTemplate":"https:\/\/coffeelounge.delonghi.com\/de\/?s={search_term_string}"},"query-input":{"@type":"PropertyValueSpecification","valueRequired":true,"valueName":"search_term_string"}}],"inLanguage":"de"},{"@type":"Organization","@id":"https:\/\/coffeelounge.delonghi.com\/de\/#organization","name":"De'Longhi Coffee Lounge","url":"https:\/\/coffeelounge.delonghi.com\/de\/","logo":{"@type":"ImageObject","inLanguage":"de","@id":"https:\/\/coffeelounge.delonghi.com\/de\/#\/schema\/logo\/image\/","url":"https:\/\/coffeelounge.delonghi.com\/wp-content\/uploads\/2020\/05\/delonghi-coffee-lounge-logo-nederland.png","contentUrl":"https:\/\/coffeelounge.delonghi.com\/wp-content\/uploads\/2020\/05\/delonghi-coffee-lounge-logo-nederland.png","width":2337,"height":724,"caption":"De'Longhi Coffee Lounge"},"image":{"@id":"https:\/\/coffeelounge.delonghi.com\/de\/#\/schema\/logo\/image\/"}}]}},"_links":{"self":[{"href":"https:\/\/coffeelounge.delonghi.com\/de\/wp-json\/wp\/v2\/product\/308033","targetHints":{"allow":["GET"]}}],"collection":[{"href":"https:\/\/coffeelounge.delonghi.com\/de\/wp-json\/wp\/v2\/product"}],"about":[{"href":"https:\/\/coffeelounge.delonghi.com\/de\/wp-json\/wp\/v2\/types\/product"}],"replies":[{"embeddable":true,"href":"https:\/\/coffeelounge.delonghi.com\/de\/wp-json\/wp\/v2\/comments?post=308033"}],"version-history":[{"count":3,"href":"https:\/\/coffeelounge.delonghi.com\/de\/wp-json\/wp\/v2\/product\/308033\/revisions"}],"predecessor-version":[{"id":422080,"href":"https:\/\/coffeelounge.delonghi.com\/de\/wp-json\/wp\/v2\/product\/308033\/revisions\/422080"}],"wp:featuredmedia":[{"embeddable":true,"href":"https:\/\/coffeelounge.delonghi.com\/de\/wp-json\/wp\/v2\/media\/420937"}],"wp:attachment":[{"href":"https:\/\/coffeelounge.delonghi.com\/de\/wp-json\/wp\/v2\/media?parent=308033"}],"wp:term":[{"taxonomy":"product_cat","embeddable":true,"href":"https:\/\/coffeelounge.delonghi.com\/de\/wp-json\/wp\/v2\/product_cat?post=308033"},{"taxonomy":"product_tag","embeddable":true,"href":"https:\/\/coffeelounge.delonghi.com\/de\/wp-json\/wp\/v2\/product_tag?post=308033"}],"curies":[{"name":"wp","href":"https:\/\/api.w.org\/{rel}","templated":true}]}}