{"id":308001,"date":"2022-11-16T10:48:16","date_gmt":"2022-11-16T10:48:16","guid":{"rendered":"https:\/\/coffeelounge.delonghi.com\/?post_type=product&#038;p=308001"},"modified":"2024-03-04T09:08:54","modified_gmt":"2024-03-04T09:08:54","slug":"oriole","status":"publish","type":"product","link":"https:\/\/coffeelounge.delonghi.com\/de\/produkt\/oriole\/","title":{"rendered":"Oriole"},"content":{"rendered":"<p>100% Coffea Arabica.<\/p>\n<p>Schokoladig. Mild. Gut.<\/p>\n<p>Ein Arabica f\u00fcr viele Zubereitungen. Angenehm mild und sehr gef\u00e4llig.<\/p>\n<p>Aromen von Mandel, Agavensirup, getrocknete Feige, Rosine, Orangenbl\u00fcte und Pinie.<\/p>\n","protected":false},"excerpt":{"rendered":"<p>100% Coffea Arabica. Schokoladig. Mild. Gut. Ein Arabica f\u00fcr viele Zubereitungen. Angenehm mild und sehr gef\u00e4llig. Aromen von Mandel, Agavensirup, getrocknete Feige, Rosine, Orangenbl\u00fcte und Pinie.<\/p>\n","protected":false},"featured_media":420950,"comment_status":"closed","ping_status":"closed","template":"","meta":{"_acf_changed":false},"product_cat":[262,261],"product_tag":[],"class_list":{"0":"post-308001","1":"product","2":"type-product","3":"status-publish","4":"has-post-thumbnail","6":"product_cat-alle-kaffees","7":"product_cat-single-origin","9":"first","10":"instock","11":"taxable","12":"shipping-taxable","13":"purchasable","14":"product-type-variable"},"acf":[],"yoast_head":"<!-- This site is optimized with the Yoast SEO Premium plugin v24.5 (Yoast SEO v24.5) - https:\/\/yoast.com\/wordpress\/plugins\/seo\/ -->\n<title>Oriole | Coffee Lounge De&#039;Longhi<\/title>\n<meta name=\"description\" content=\"Oriole ist ein angenehmer, milder und sehr gef\u00e4lliger Arabica f\u00fcr viele Zubereitungen mit schokoladiger Qualit\u00e4t.\" \/>\n<meta name=\"robots\" content=\"index, follow, max-snippet:-1, max-image-preview:large, max-video-preview:-1\" \/>\n<meta name=\"twitter:card\" content=\"summary_large_image\" \/>\n<meta name=\"twitter:title\" content=\"Oriole | Coffee Lounge De&#039;Longhi\" \/>\n<meta name=\"twitter:description\" content=\"Oriole ist ein angenehmer, milder und sehr gef\u00e4lliger Arabica f\u00fcr viele Zubereitungen mit schokoladiger Qualit\u00e4t.\" \/>\n<meta name=\"twitter:image\" content=\"https:\/\/coffeelounge.delonghi.com\/wp-content\/uploads\/2022\/11\/Oriole-1.png\" \/>\n<script type=\"application\/ld+json\" class=\"yoast-schema-graph\">{\"@context\":\"https:\/\/schema.org\",\"@graph\":[{\"@type\":\"WebPage\",\"@id\":\"https:\/\/coffeelounge.delonghi.com\/de\/produkt\/oriole\/\",\"url\":\"https:\/\/coffeelounge.delonghi.com\/de\/produkt\/oriole\/\",\"name\":\"Oriole | Coffee Lounge De&#039;Longhi\",\"isPartOf\":{\"@id\":\"https:\/\/coffeelounge.delonghi.com\/de\/#website\"},\"primaryImageOfPage\":{\"@id\":\"https:\/\/coffeelounge.delonghi.com\/de\/produkt\/oriole\/#primaryimage\"},\"image\":{\"@id\":\"https:\/\/coffeelounge.delonghi.com\/de\/produkt\/oriole\/#primaryimage\"},\"thumbnailUrl\":\"https:\/\/coffeelounge.delonghi.com\/wp-content\/uploads\/2022\/11\/Oriole-1.png\",\"datePublished\":\"2022-11-16T10:48:16+00:00\",\"dateModified\":\"2024-03-04T09:08:54+00:00\",\"description\":\"Oriole ist ein angenehmer, milder und sehr gef\u00e4lliger Arabica f\u00fcr viele Zubereitungen mit schokoladiger Qualit\u00e4t.\",\"breadcrumb\":{\"@id\":\"https:\/\/coffeelounge.delonghi.com\/de\/produkt\/oriole\/#breadcrumb\"},\"inLanguage\":\"de\",\"potentialAction\":[{\"@type\":\"ReadAction\",\"target\":[\"https:\/\/coffeelounge.delonghi.com\/de\/produkt\/oriole\/\"]}]},{\"@type\":\"ImageObject\",\"inLanguage\":\"de\",\"@id\":\"https:\/\/coffeelounge.delonghi.com\/de\/produkt\/oriole\/#primaryimage\",\"url\":\"https:\/\/coffeelounge.delonghi.com\/wp-content\/uploads\/2022\/11\/Oriole-1.png\",\"contentUrl\":\"https:\/\/coffeelounge.delonghi.com\/wp-content\/uploads\/2022\/11\/Oriole-1.png\",\"width\":3600,\"height\":3600},{\"@type\":\"BreadcrumbList\",\"@id\":\"https:\/\/coffeelounge.delonghi.com\/de\/produkt\/oriole\/#breadcrumb\",\"itemListElement\":[{\"@type\":\"ListItem\",\"position\":1,\"name\":\"Home\",\"item\":\"https:\/\/coffeelounge.delonghi.com\/de\/\"},{\"@type\":\"ListItem\",\"position\":2,\"name\":\"Produkte\",\"item\":\"https:\/\/coffeelounge.delonghi.com\/de\/produkte\/\"},{\"@type\":\"ListItem\",\"position\":3,\"name\":\"Oriole\"}]},{\"@type\":\"WebSite\",\"@id\":\"https:\/\/coffeelounge.delonghi.com\/de\/#website\",\"url\":\"https:\/\/coffeelounge.delonghi.com\/de\/\",\"name\":\"De&#039;Longhi\",\"description\":\"Coffee Lounge\",\"publisher\":{\"@id\":\"https:\/\/coffeelounge.delonghi.com\/de\/#organization\"},\"potentialAction\":[{\"@type\":\"SearchAction\",\"target\":{\"@type\":\"EntryPoint\",\"urlTemplate\":\"https:\/\/coffeelounge.delonghi.com\/de\/?s={search_term_string}\"},\"query-input\":{\"@type\":\"PropertyValueSpecification\",\"valueRequired\":true,\"valueName\":\"search_term_string\"}}],\"inLanguage\":\"de\"},{\"@type\":\"Organization\",\"@id\":\"https:\/\/coffeelounge.delonghi.com\/de\/#organization\",\"name\":\"De'Longhi Coffee Lounge\",\"url\":\"https:\/\/coffeelounge.delonghi.com\/de\/\",\"logo\":{\"@type\":\"ImageObject\",\"inLanguage\":\"de\",\"@id\":\"https:\/\/coffeelounge.delonghi.com\/de\/#\/schema\/logo\/image\/\",\"url\":\"https:\/\/coffeelounge.delonghi.com\/wp-content\/uploads\/2020\/05\/delonghi-coffee-lounge-logo-nederland.png\",\"contentUrl\":\"https:\/\/coffeelounge.delonghi.com\/wp-content\/uploads\/2020\/05\/delonghi-coffee-lounge-logo-nederland.png\",\"width\":2337,\"height\":724,\"caption\":\"De'Longhi Coffee Lounge\"},\"image\":{\"@id\":\"https:\/\/coffeelounge.delonghi.com\/de\/#\/schema\/logo\/image\/\"}}]}<\/script>\n<!-- \/ Yoast SEO Premium plugin. -->","yoast_head_json":{"title":"Oriole | Coffee Lounge De&#039;Longhi","description":"Oriole ist ein angenehmer, milder und sehr gef\u00e4lliger Arabica f\u00fcr viele Zubereitungen mit schokoladiger Qualit\u00e4t.","robots":{"index":"index","follow":"follow","max-snippet":"max-snippet:-1","max-image-preview":"max-image-preview:large","max-video-preview":"max-video-preview:-1"},"twitter_card":"summary_large_image","twitter_title":"Oriole | Coffee Lounge De&#039;Longhi","twitter_description":"Oriole ist ein angenehmer, milder und sehr gef\u00e4lliger Arabica f\u00fcr viele Zubereitungen mit schokoladiger Qualit\u00e4t.","twitter_image":"https:\/\/coffeelounge.delonghi.com\/wp-content\/uploads\/2022\/11\/Oriole-1.png","schema":{"@context":"https:\/\/schema.org","@graph":[{"@type":"WebPage","@id":"https:\/\/coffeelounge.delonghi.com\/de\/produkt\/oriole\/","url":"https:\/\/coffeelounge.delonghi.com\/de\/produkt\/oriole\/","name":"Oriole | Coffee Lounge De&#039;Longhi","isPartOf":{"@id":"https:\/\/coffeelounge.delonghi.com\/de\/#website"},"primaryImageOfPage":{"@id":"https:\/\/coffeelounge.delonghi.com\/de\/produkt\/oriole\/#primaryimage"},"image":{"@id":"https:\/\/coffeelounge.delonghi.com\/de\/produkt\/oriole\/#primaryimage"},"thumbnailUrl":"https:\/\/coffeelounge.delonghi.com\/wp-content\/uploads\/2022\/11\/Oriole-1.png","datePublished":"2022-11-16T10:48:16+00:00","dateModified":"2024-03-04T09:08:54+00:00","description":"Oriole ist ein angenehmer, milder und sehr gef\u00e4lliger Arabica f\u00fcr viele Zubereitungen mit schokoladiger Qualit\u00e4t.","breadcrumb":{"@id":"https:\/\/coffeelounge.delonghi.com\/de\/produkt\/oriole\/#breadcrumb"},"inLanguage":"de","potentialAction":[{"@type":"ReadAction","target":["https:\/\/coffeelounge.delonghi.com\/de\/produkt\/oriole\/"]}]},{"@type":"ImageObject","inLanguage":"de","@id":"https:\/\/coffeelounge.delonghi.com\/de\/produkt\/oriole\/#primaryimage","url":"https:\/\/coffeelounge.delonghi.com\/wp-content\/uploads\/2022\/11\/Oriole-1.png","contentUrl":"https:\/\/coffeelounge.delonghi.com\/wp-content\/uploads\/2022\/11\/Oriole-1.png","width":3600,"height":3600},{"@type":"BreadcrumbList","@id":"https:\/\/coffeelounge.delonghi.com\/de\/produkt\/oriole\/#breadcrumb","itemListElement":[{"@type":"ListItem","position":1,"name":"Home","item":"https:\/\/coffeelounge.delonghi.com\/de\/"},{"@type":"ListItem","position":2,"name":"Produkte","item":"https:\/\/coffeelounge.delonghi.com\/de\/produkte\/"},{"@type":"ListItem","position":3,"name":"Oriole"}]},{"@type":"WebSite","@id":"https:\/\/coffeelounge.delonghi.com\/de\/#website","url":"https:\/\/coffeelounge.delonghi.com\/de\/","name":"De&#039;Longhi","description":"Coffee Lounge","publisher":{"@id":"https:\/\/coffeelounge.delonghi.com\/de\/#organization"},"potentialAction":[{"@type":"SearchAction","target":{"@type":"EntryPoint","urlTemplate":"https:\/\/coffeelounge.delonghi.com\/de\/?s={search_term_string}"},"query-input":{"@type":"PropertyValueSpecification","valueRequired":true,"valueName":"search_term_string"}}],"inLanguage":"de"},{"@type":"Organization","@id":"https:\/\/coffeelounge.delonghi.com\/de\/#organization","name":"De'Longhi Coffee Lounge","url":"https:\/\/coffeelounge.delonghi.com\/de\/","logo":{"@type":"ImageObject","inLanguage":"de","@id":"https:\/\/coffeelounge.delonghi.com\/de\/#\/schema\/logo\/image\/","url":"https:\/\/coffeelounge.delonghi.com\/wp-content\/uploads\/2020\/05\/delonghi-coffee-lounge-logo-nederland.png","contentUrl":"https:\/\/coffeelounge.delonghi.com\/wp-content\/uploads\/2020\/05\/delonghi-coffee-lounge-logo-nederland.png","width":2337,"height":724,"caption":"De'Longhi Coffee Lounge"},"image":{"@id":"https:\/\/coffeelounge.delonghi.com\/de\/#\/schema\/logo\/image\/"}}]}},"_links":{"self":[{"href":"https:\/\/coffeelounge.delonghi.com\/de\/wp-json\/wp\/v2\/product\/308001","targetHints":{"allow":["GET"]}}],"collection":[{"href":"https:\/\/coffeelounge.delonghi.com\/de\/wp-json\/wp\/v2\/product"}],"about":[{"href":"https:\/\/coffeelounge.delonghi.com\/de\/wp-json\/wp\/v2\/types\/product"}],"replies":[{"embeddable":true,"href":"https:\/\/coffeelounge.delonghi.com\/de\/wp-json\/wp\/v2\/comments?post=308001"}],"version-history":[{"count":3,"href":"https:\/\/coffeelounge.delonghi.com\/de\/wp-json\/wp\/v2\/product\/308001\/revisions"}],"predecessor-version":[{"id":422074,"href":"https:\/\/coffeelounge.delonghi.com\/de\/wp-json\/wp\/v2\/product\/308001\/revisions\/422074"}],"wp:featuredmedia":[{"embeddable":true,"href":"https:\/\/coffeelounge.delonghi.com\/de\/wp-json\/wp\/v2\/media\/420950"}],"wp:attachment":[{"href":"https:\/\/coffeelounge.delonghi.com\/de\/wp-json\/wp\/v2\/media?parent=308001"}],"wp:term":[{"taxonomy":"product_cat","embeddable":true,"href":"https:\/\/coffeelounge.delonghi.com\/de\/wp-json\/wp\/v2\/product_cat?post=308001"},{"taxonomy":"product_tag","embeddable":true,"href":"https:\/\/coffeelounge.delonghi.com\/de\/wp-json\/wp\/v2\/product_tag?post=308001"}],"curies":[{"name":"wp","href":"https:\/\/api.w.org\/{rel}","templated":true}]}}