{"id":307927,"date":"2022-11-16T10:28:36","date_gmt":"2022-11-16T10:28:36","guid":{"rendered":"https:\/\/coffeelounge.delonghi.com\/?post_type=product&#038;p=307927"},"modified":"2024-03-04T09:09:20","modified_gmt":"2024-03-04T09:09:20","slug":"cuvee-siebzig-dreissig","status":"publish","type":"product","link":"https:\/\/coffeelounge.delonghi.com\/de\/produkt\/cuvee-siebzig-dreissig\/","title":{"rendered":"Cuv\u00e9e Siebzig Drei\u00dfig"},"content":{"rendered":"<p>Ein Cuv\u00e9e von 70 % Coffea Arabica aus Brasilien und 30% Coffea Canephora aus Indien.<\/p>\n<p>Cremig. Schokoladig. Lecker<\/p>\n<p>Ein Klassiker. Angenehm und ausgewogen, der f\u00fcr viele Zubereitungsarten verwendet werden kann. Aromen von Kakao, Karamel, Ahornsirup, getr. Pflaume, Mandeln, Maronen und Nougat.<\/p>\n<p>Dieser Kaffee ist der ideale Einstieg in die Welt von Herzogkaffee. Durch die vielen m\u00f6glichen Zubereitungsarten und das angenehm ausgewogene Geschmacksprofil k\u00f6nnen Sie bei diesem Cuv\u00e9e unsere Aromenwelt entdecken.<\/p>\n","protected":false},"excerpt":{"rendered":"<p>Ein Cuv\u00e9e von 70 % Coffea Arabica aus Brasilien und 30% Coffea Canephora aus Indien. Cremig. Schokoladig. Lecker Ein Klassiker. Angenehm und ausgewogen, der f\u00fcr viele Zubereitungsarten verwendet werden kann. Aromen von Kakao, Karamel, Ahornsirup, getr. Pflaume, Mandeln, Maronen und Nougat. Dieser Kaffee ist der ideale Einstieg in die Welt von Herzogkaffee. Durch die vielen [&hellip;]<\/p>\n","protected":false},"featured_media":420979,"comment_status":"closed","ping_status":"closed","template":"","meta":{"_acf_changed":false},"product_cat":[262,364],"product_tag":[],"class_list":{"0":"post-307927","1":"product","2":"type-product","3":"status-publish","4":"has-post-thumbnail","6":"product_cat-alle-kaffees","7":"product_cat-blend","9":"first","10":"instock","11":"taxable","12":"shipping-taxable","13":"purchasable","14":"product-type-variable"},"acf":[],"yoast_head":"<!-- This site is optimized with the Yoast SEO Premium plugin v24.5 (Yoast SEO v24.5) - https:\/\/yoast.com\/wordpress\/plugins\/seo\/ -->\n<title>Cuv\u00e9e Siebzig Drei\u00dfig | Coffee Lounge De&#039;Longhi<\/title>\n<meta name=\"description\" content=\"Der Cuv\u00e9e Siebzig Drei\u00dfig ist ein Klassiker. Angenehm und ausgewogen, f\u00fcr viele Zubereitungsarten geeignet.\" \/>\n<meta name=\"robots\" content=\"index, follow, max-snippet:-1, max-image-preview:large, max-video-preview:-1\" \/>\n<meta name=\"twitter:card\" content=\"summary_large_image\" \/>\n<meta name=\"twitter:title\" content=\"Cuv\u00e9e Siebzig Drei\u00dfig | Coffee Lounge De&#039;Longhi\" \/>\n<meta name=\"twitter:description\" content=\"Der Cuv\u00e9e Siebzig Drei\u00dfig ist ein Klassiker. Angenehm und ausgewogen, f\u00fcr viele Zubereitungsarten geeignet.\" \/>\n<meta name=\"twitter:image\" content=\"https:\/\/coffeelounge.delonghi.com\/wp-content\/uploads\/2022\/11\/cuvee_siebzig_dreissig.png\" \/>\n<script type=\"application\/ld+json\" class=\"yoast-schema-graph\">{\"@context\":\"https:\/\/schema.org\",\"@graph\":[{\"@type\":\"WebPage\",\"@id\":\"https:\/\/coffeelounge.delonghi.com\/de\/produkt\/cuvee-siebzig-dreissig\/\",\"url\":\"https:\/\/coffeelounge.delonghi.com\/de\/produkt\/cuvee-siebzig-dreissig\/\",\"name\":\"Cuv\u00e9e Siebzig Drei\u00dfig | Coffee Lounge De&#039;Longhi\",\"isPartOf\":{\"@id\":\"https:\/\/coffeelounge.delonghi.com\/de\/#website\"},\"primaryImageOfPage\":{\"@id\":\"https:\/\/coffeelounge.delonghi.com\/de\/produkt\/cuvee-siebzig-dreissig\/#primaryimage\"},\"image\":{\"@id\":\"https:\/\/coffeelounge.delonghi.com\/de\/produkt\/cuvee-siebzig-dreissig\/#primaryimage\"},\"thumbnailUrl\":\"https:\/\/coffeelounge.delonghi.com\/wp-content\/uploads\/2022\/11\/cuvee_siebzig_dreissig.png\",\"datePublished\":\"2022-11-16T10:28:36+00:00\",\"dateModified\":\"2024-03-04T09:09:20+00:00\",\"description\":\"Der Cuv\u00e9e Siebzig Drei\u00dfig ist ein Klassiker. Angenehm und ausgewogen, f\u00fcr viele Zubereitungsarten geeignet.\",\"breadcrumb\":{\"@id\":\"https:\/\/coffeelounge.delonghi.com\/de\/produkt\/cuvee-siebzig-dreissig\/#breadcrumb\"},\"inLanguage\":\"de\",\"potentialAction\":[{\"@type\":\"ReadAction\",\"target\":[\"https:\/\/coffeelounge.delonghi.com\/de\/produkt\/cuvee-siebzig-dreissig\/\"]}]},{\"@type\":\"ImageObject\",\"inLanguage\":\"de\",\"@id\":\"https:\/\/coffeelounge.delonghi.com\/de\/produkt\/cuvee-siebzig-dreissig\/#primaryimage\",\"url\":\"https:\/\/coffeelounge.delonghi.com\/wp-content\/uploads\/2022\/11\/cuvee_siebzig_dreissig.png\",\"contentUrl\":\"https:\/\/coffeelounge.delonghi.com\/wp-content\/uploads\/2022\/11\/cuvee_siebzig_dreissig.png\",\"width\":3600,\"height\":3600},{\"@type\":\"BreadcrumbList\",\"@id\":\"https:\/\/coffeelounge.delonghi.com\/de\/produkt\/cuvee-siebzig-dreissig\/#breadcrumb\",\"itemListElement\":[{\"@type\":\"ListItem\",\"position\":1,\"name\":\"Home\",\"item\":\"https:\/\/coffeelounge.delonghi.com\/de\/\"},{\"@type\":\"ListItem\",\"position\":2,\"name\":\"Produkte\",\"item\":\"https:\/\/coffeelounge.delonghi.com\/de\/produkte\/\"},{\"@type\":\"ListItem\",\"position\":3,\"name\":\"Cuv\u00e9e Siebzig Drei\u00dfig\"}]},{\"@type\":\"WebSite\",\"@id\":\"https:\/\/coffeelounge.delonghi.com\/de\/#website\",\"url\":\"https:\/\/coffeelounge.delonghi.com\/de\/\",\"name\":\"De&#039;Longhi\",\"description\":\"Coffee Lounge\",\"publisher\":{\"@id\":\"https:\/\/coffeelounge.delonghi.com\/de\/#organization\"},\"potentialAction\":[{\"@type\":\"SearchAction\",\"target\":{\"@type\":\"EntryPoint\",\"urlTemplate\":\"https:\/\/coffeelounge.delonghi.com\/de\/?s={search_term_string}\"},\"query-input\":{\"@type\":\"PropertyValueSpecification\",\"valueRequired\":true,\"valueName\":\"search_term_string\"}}],\"inLanguage\":\"de\"},{\"@type\":\"Organization\",\"@id\":\"https:\/\/coffeelounge.delonghi.com\/de\/#organization\",\"name\":\"De'Longhi Coffee Lounge\",\"url\":\"https:\/\/coffeelounge.delonghi.com\/de\/\",\"logo\":{\"@type\":\"ImageObject\",\"inLanguage\":\"de\",\"@id\":\"https:\/\/coffeelounge.delonghi.com\/de\/#\/schema\/logo\/image\/\",\"url\":\"https:\/\/coffeelounge.delonghi.com\/wp-content\/uploads\/2020\/05\/delonghi-coffee-lounge-logo-nederland.png\",\"contentUrl\":\"https:\/\/coffeelounge.delonghi.com\/wp-content\/uploads\/2020\/05\/delonghi-coffee-lounge-logo-nederland.png\",\"width\":2337,\"height\":724,\"caption\":\"De'Longhi Coffee Lounge\"},\"image\":{\"@id\":\"https:\/\/coffeelounge.delonghi.com\/de\/#\/schema\/logo\/image\/\"}}]}<\/script>\n<!-- \/ Yoast SEO Premium plugin. -->","yoast_head_json":{"title":"Cuv\u00e9e Siebzig Drei\u00dfig | Coffee Lounge De&#039;Longhi","description":"Der Cuv\u00e9e Siebzig Drei\u00dfig ist ein Klassiker. Angenehm und ausgewogen, f\u00fcr viele Zubereitungsarten geeignet.","robots":{"index":"index","follow":"follow","max-snippet":"max-snippet:-1","max-image-preview":"max-image-preview:large","max-video-preview":"max-video-preview:-1"},"twitter_card":"summary_large_image","twitter_title":"Cuv\u00e9e Siebzig Drei\u00dfig | Coffee Lounge De&#039;Longhi","twitter_description":"Der Cuv\u00e9e Siebzig Drei\u00dfig ist ein Klassiker. Angenehm und ausgewogen, f\u00fcr viele Zubereitungsarten geeignet.","twitter_image":"https:\/\/coffeelounge.delonghi.com\/wp-content\/uploads\/2022\/11\/cuvee_siebzig_dreissig.png","schema":{"@context":"https:\/\/schema.org","@graph":[{"@type":"WebPage","@id":"https:\/\/coffeelounge.delonghi.com\/de\/produkt\/cuvee-siebzig-dreissig\/","url":"https:\/\/coffeelounge.delonghi.com\/de\/produkt\/cuvee-siebzig-dreissig\/","name":"Cuv\u00e9e Siebzig Drei\u00dfig | Coffee Lounge De&#039;Longhi","isPartOf":{"@id":"https:\/\/coffeelounge.delonghi.com\/de\/#website"},"primaryImageOfPage":{"@id":"https:\/\/coffeelounge.delonghi.com\/de\/produkt\/cuvee-siebzig-dreissig\/#primaryimage"},"image":{"@id":"https:\/\/coffeelounge.delonghi.com\/de\/produkt\/cuvee-siebzig-dreissig\/#primaryimage"},"thumbnailUrl":"https:\/\/coffeelounge.delonghi.com\/wp-content\/uploads\/2022\/11\/cuvee_siebzig_dreissig.png","datePublished":"2022-11-16T10:28:36+00:00","dateModified":"2024-03-04T09:09:20+00:00","description":"Der Cuv\u00e9e Siebzig Drei\u00dfig ist ein Klassiker. Angenehm und ausgewogen, f\u00fcr viele Zubereitungsarten geeignet.","breadcrumb":{"@id":"https:\/\/coffeelounge.delonghi.com\/de\/produkt\/cuvee-siebzig-dreissig\/#breadcrumb"},"inLanguage":"de","potentialAction":[{"@type":"ReadAction","target":["https:\/\/coffeelounge.delonghi.com\/de\/produkt\/cuvee-siebzig-dreissig\/"]}]},{"@type":"ImageObject","inLanguage":"de","@id":"https:\/\/coffeelounge.delonghi.com\/de\/produkt\/cuvee-siebzig-dreissig\/#primaryimage","url":"https:\/\/coffeelounge.delonghi.com\/wp-content\/uploads\/2022\/11\/cuvee_siebzig_dreissig.png","contentUrl":"https:\/\/coffeelounge.delonghi.com\/wp-content\/uploads\/2022\/11\/cuvee_siebzig_dreissig.png","width":3600,"height":3600},{"@type":"BreadcrumbList","@id":"https:\/\/coffeelounge.delonghi.com\/de\/produkt\/cuvee-siebzig-dreissig\/#breadcrumb","itemListElement":[{"@type":"ListItem","position":1,"name":"Home","item":"https:\/\/coffeelounge.delonghi.com\/de\/"},{"@type":"ListItem","position":2,"name":"Produkte","item":"https:\/\/coffeelounge.delonghi.com\/de\/produkte\/"},{"@type":"ListItem","position":3,"name":"Cuv\u00e9e Siebzig Drei\u00dfig"}]},{"@type":"WebSite","@id":"https:\/\/coffeelounge.delonghi.com\/de\/#website","url":"https:\/\/coffeelounge.delonghi.com\/de\/","name":"De&#039;Longhi","description":"Coffee Lounge","publisher":{"@id":"https:\/\/coffeelounge.delonghi.com\/de\/#organization"},"potentialAction":[{"@type":"SearchAction","target":{"@type":"EntryPoint","urlTemplate":"https:\/\/coffeelounge.delonghi.com\/de\/?s={search_term_string}"},"query-input":{"@type":"PropertyValueSpecification","valueRequired":true,"valueName":"search_term_string"}}],"inLanguage":"de"},{"@type":"Organization","@id":"https:\/\/coffeelounge.delonghi.com\/de\/#organization","name":"De'Longhi Coffee Lounge","url":"https:\/\/coffeelounge.delonghi.com\/de\/","logo":{"@type":"ImageObject","inLanguage":"de","@id":"https:\/\/coffeelounge.delonghi.com\/de\/#\/schema\/logo\/image\/","url":"https:\/\/coffeelounge.delonghi.com\/wp-content\/uploads\/2020\/05\/delonghi-coffee-lounge-logo-nederland.png","contentUrl":"https:\/\/coffeelounge.delonghi.com\/wp-content\/uploads\/2020\/05\/delonghi-coffee-lounge-logo-nederland.png","width":2337,"height":724,"caption":"De'Longhi Coffee Lounge"},"image":{"@id":"https:\/\/coffeelounge.delonghi.com\/de\/#\/schema\/logo\/image\/"}}]}},"_links":{"self":[{"href":"https:\/\/coffeelounge.delonghi.com\/de\/wp-json\/wp\/v2\/product\/307927","targetHints":{"allow":["GET"]}}],"collection":[{"href":"https:\/\/coffeelounge.delonghi.com\/de\/wp-json\/wp\/v2\/product"}],"about":[{"href":"https:\/\/coffeelounge.delonghi.com\/de\/wp-json\/wp\/v2\/types\/product"}],"replies":[{"embeddable":true,"href":"https:\/\/coffeelounge.delonghi.com\/de\/wp-json\/wp\/v2\/comments?post=307927"}],"version-history":[{"count":2,"href":"https:\/\/coffeelounge.delonghi.com\/de\/wp-json\/wp\/v2\/product\/307927\/revisions"}],"predecessor-version":[{"id":422077,"href":"https:\/\/coffeelounge.delonghi.com\/de\/wp-json\/wp\/v2\/product\/307927\/revisions\/422077"}],"wp:featuredmedia":[{"embeddable":true,"href":"https:\/\/coffeelounge.delonghi.com\/de\/wp-json\/wp\/v2\/media\/420979"}],"wp:attachment":[{"href":"https:\/\/coffeelounge.delonghi.com\/de\/wp-json\/wp\/v2\/media?parent=307927"}],"wp:term":[{"taxonomy":"product_cat","embeddable":true,"href":"https:\/\/coffeelounge.delonghi.com\/de\/wp-json\/wp\/v2\/product_cat?post=307927"},{"taxonomy":"product_tag","embeddable":true,"href":"https:\/\/coffeelounge.delonghi.com\/de\/wp-json\/wp\/v2\/product_tag?post=307927"}],"curies":[{"name":"wp","href":"https:\/\/api.w.org\/{rel}","templated":true}]}}