{"id":307856,"date":"2022-11-16T09:35:41","date_gmt":"2022-11-16T09:35:41","guid":{"rendered":"https:\/\/coffeelounge.delonghi.com\/?post_type=product&#038;p=307856"},"modified":"2024-03-04T09:10:17","modified_gmt":"2024-03-04T09:10:17","slug":"sleepy-owl","status":"publish","type":"product","link":"https:\/\/coffeelounge.delonghi.com\/de\/produkt\/sleepy-owl\/","title":{"rendered":"Sleepy Owl"},"content":{"rendered":"<p>Die m\u00fcde Eule ist ein Kaffee, der uns wirklich begeistert. Er kann v.a. als Espresso zubereitet werden und funktioniert auch als kr\u00e4ftiger Filterkaffee \u2013 ganz ohne Koffein. Der Rohkaffee wurde mit dem CO\u00b2-Verfahren entkoffeiniert, das auch f\u00fcr die Bio-Zertifizierung zugelassen ist. Ein Verfahren ohne Chemie, das rein physikalisch funktioniert.<\/p>\n<p>100 % Peru, Kooperative Cenfrocafe, Arabica washed, entkoffeiniert<\/p>\n<p>In der Tasse:<br \/>\nKr\u00e4ftig und s\u00e4urearm, nussig-schokoladig mit sch\u00f6nen Noten von Zartbitter-Schokolade.<\/p>\n<p>Empfohlen f\u00fcr:<br \/>\nAllrounder f\u00fcr Siebtr\u00e4ger, Vollautomat, French Press und Herdk\u00e4nnchen.<\/p>\n","protected":false},"excerpt":{"rendered":"<p>Die m\u00fcde Eule ist ein Kaffee, der uns wirklich begeistert. Er kann v.a. als Espresso zubereitet werden und funktioniert auch als kr\u00e4ftiger Filterkaffee \u2013 ganz ohne Koffein. Der Rohkaffee wurde mit dem CO\u00b2-Verfahren entkoffeiniert, das auch f\u00fcr die Bio-Zertifizierung zugelassen ist. Ein Verfahren ohne Chemie, das rein physikalisch funktioniert. 100 % Peru, Kooperative Cenfrocafe, Arabica [&hellip;]<\/p>\n","protected":false},"featured_media":421005,"comment_status":"closed","ping_status":"closed","template":"","meta":{"_acf_changed":false},"product_cat":[262,279,261],"product_tag":[],"class_list":{"0":"post-307856","1":"product","2":"type-product","3":"status-publish","4":"has-post-thumbnail","6":"product_cat-alle-kaffees","7":"product_cat-entkoffeiniert","8":"product_cat-single-origin","10":"first","11":"instock","12":"taxable","13":"shipping-taxable","14":"purchasable","15":"product-type-variable"},"acf":[],"yoast_head":"<!-- This site is optimized with the Yoast SEO Premium plugin v24.5 (Yoast SEO v24.5) - https:\/\/yoast.com\/wordpress\/plugins\/seo\/ -->\n<title>Sleepy Owl | Coffee Lounge De&#039;Longhi<\/title>\n<meta name=\"description\" content=\"Die m\u00fcde Eule ist ein Kaffee, der mit dem CO\u00b2-Verfahren entkoffeiniert wurde, und beh\u00e4lt als Single origin so auch seine Bio-Zertifizierung.\" \/>\n<meta name=\"robots\" content=\"index, follow, max-snippet:-1, max-image-preview:large, max-video-preview:-1\" \/>\n<meta name=\"twitter:card\" content=\"summary_large_image\" \/>\n<meta name=\"twitter:title\" content=\"Sleepy Owl | Coffee Lounge De&#039;Longhi\" \/>\n<meta name=\"twitter:description\" content=\"Die m\u00fcde Eule ist ein Kaffee, der mit dem CO\u00b2-Verfahren entkoffeiniert wurde, und beh\u00e4lt als Single origin so auch seine Bio-Zertifizierung.\" \/>\n<meta name=\"twitter:image\" content=\"https:\/\/coffeelounge.delonghi.com\/wp-content\/uploads\/2022\/11\/Sleepy_Owl.png\" \/>\n<script type=\"application\/ld+json\" class=\"yoast-schema-graph\">{\"@context\":\"https:\/\/schema.org\",\"@graph\":[{\"@type\":\"WebPage\",\"@id\":\"https:\/\/coffeelounge.delonghi.com\/de\/produkt\/sleepy-owl\/\",\"url\":\"https:\/\/coffeelounge.delonghi.com\/de\/produkt\/sleepy-owl\/\",\"name\":\"Sleepy Owl | Coffee Lounge De&#039;Longhi\",\"isPartOf\":{\"@id\":\"https:\/\/coffeelounge.delonghi.com\/de\/#website\"},\"primaryImageOfPage\":{\"@id\":\"https:\/\/coffeelounge.delonghi.com\/de\/produkt\/sleepy-owl\/#primaryimage\"},\"image\":{\"@id\":\"https:\/\/coffeelounge.delonghi.com\/de\/produkt\/sleepy-owl\/#primaryimage\"},\"thumbnailUrl\":\"https:\/\/coffeelounge.delonghi.com\/wp-content\/uploads\/2022\/11\/Sleepy_Owl.png\",\"datePublished\":\"2022-11-16T09:35:41+00:00\",\"dateModified\":\"2024-03-04T09:10:17+00:00\",\"description\":\"Die m\u00fcde Eule ist ein Kaffee, der mit dem CO\u00b2-Verfahren entkoffeiniert wurde, und beh\u00e4lt als Single origin so auch seine Bio-Zertifizierung.\",\"breadcrumb\":{\"@id\":\"https:\/\/coffeelounge.delonghi.com\/de\/produkt\/sleepy-owl\/#breadcrumb\"},\"inLanguage\":\"de\",\"potentialAction\":[{\"@type\":\"ReadAction\",\"target\":[\"https:\/\/coffeelounge.delonghi.com\/de\/produkt\/sleepy-owl\/\"]}]},{\"@type\":\"ImageObject\",\"inLanguage\":\"de\",\"@id\":\"https:\/\/coffeelounge.delonghi.com\/de\/produkt\/sleepy-owl\/#primaryimage\",\"url\":\"https:\/\/coffeelounge.delonghi.com\/wp-content\/uploads\/2022\/11\/Sleepy_Owl.png\",\"contentUrl\":\"https:\/\/coffeelounge.delonghi.com\/wp-content\/uploads\/2022\/11\/Sleepy_Owl.png\",\"width\":432,\"height\":432},{\"@type\":\"BreadcrumbList\",\"@id\":\"https:\/\/coffeelounge.delonghi.com\/de\/produkt\/sleepy-owl\/#breadcrumb\",\"itemListElement\":[{\"@type\":\"ListItem\",\"position\":1,\"name\":\"Home\",\"item\":\"https:\/\/coffeelounge.delonghi.com\/de\/\"},{\"@type\":\"ListItem\",\"position\":2,\"name\":\"Produkte\",\"item\":\"https:\/\/coffeelounge.delonghi.com\/de\/produkte\/\"},{\"@type\":\"ListItem\",\"position\":3,\"name\":\"Sleepy Owl\"}]},{\"@type\":\"WebSite\",\"@id\":\"https:\/\/coffeelounge.delonghi.com\/de\/#website\",\"url\":\"https:\/\/coffeelounge.delonghi.com\/de\/\",\"name\":\"De&#039;Longhi\",\"description\":\"Coffee Lounge\",\"publisher\":{\"@id\":\"https:\/\/coffeelounge.delonghi.com\/de\/#organization\"},\"potentialAction\":[{\"@type\":\"SearchAction\",\"target\":{\"@type\":\"EntryPoint\",\"urlTemplate\":\"https:\/\/coffeelounge.delonghi.com\/de\/?s={search_term_string}\"},\"query-input\":{\"@type\":\"PropertyValueSpecification\",\"valueRequired\":true,\"valueName\":\"search_term_string\"}}],\"inLanguage\":\"de\"},{\"@type\":\"Organization\",\"@id\":\"https:\/\/coffeelounge.delonghi.com\/de\/#organization\",\"name\":\"De'Longhi Coffee Lounge\",\"url\":\"https:\/\/coffeelounge.delonghi.com\/de\/\",\"logo\":{\"@type\":\"ImageObject\",\"inLanguage\":\"de\",\"@id\":\"https:\/\/coffeelounge.delonghi.com\/de\/#\/schema\/logo\/image\/\",\"url\":\"https:\/\/coffeelounge.delonghi.com\/wp-content\/uploads\/2020\/05\/delonghi-coffee-lounge-logo-nederland.png\",\"contentUrl\":\"https:\/\/coffeelounge.delonghi.com\/wp-content\/uploads\/2020\/05\/delonghi-coffee-lounge-logo-nederland.png\",\"width\":2337,\"height\":724,\"caption\":\"De'Longhi Coffee Lounge\"},\"image\":{\"@id\":\"https:\/\/coffeelounge.delonghi.com\/de\/#\/schema\/logo\/image\/\"}}]}<\/script>\n<!-- \/ Yoast SEO Premium plugin. -->","yoast_head_json":{"title":"Sleepy Owl | Coffee Lounge De&#039;Longhi","description":"Die m\u00fcde Eule ist ein Kaffee, der mit dem CO\u00b2-Verfahren entkoffeiniert wurde, und beh\u00e4lt als Single origin so auch seine Bio-Zertifizierung.","robots":{"index":"index","follow":"follow","max-snippet":"max-snippet:-1","max-image-preview":"max-image-preview:large","max-video-preview":"max-video-preview:-1"},"twitter_card":"summary_large_image","twitter_title":"Sleepy Owl | Coffee Lounge De&#039;Longhi","twitter_description":"Die m\u00fcde Eule ist ein Kaffee, der mit dem CO\u00b2-Verfahren entkoffeiniert wurde, und beh\u00e4lt als Single origin so auch seine Bio-Zertifizierung.","twitter_image":"https:\/\/coffeelounge.delonghi.com\/wp-content\/uploads\/2022\/11\/Sleepy_Owl.png","schema":{"@context":"https:\/\/schema.org","@graph":[{"@type":"WebPage","@id":"https:\/\/coffeelounge.delonghi.com\/de\/produkt\/sleepy-owl\/","url":"https:\/\/coffeelounge.delonghi.com\/de\/produkt\/sleepy-owl\/","name":"Sleepy Owl | Coffee Lounge De&#039;Longhi","isPartOf":{"@id":"https:\/\/coffeelounge.delonghi.com\/de\/#website"},"primaryImageOfPage":{"@id":"https:\/\/coffeelounge.delonghi.com\/de\/produkt\/sleepy-owl\/#primaryimage"},"image":{"@id":"https:\/\/coffeelounge.delonghi.com\/de\/produkt\/sleepy-owl\/#primaryimage"},"thumbnailUrl":"https:\/\/coffeelounge.delonghi.com\/wp-content\/uploads\/2022\/11\/Sleepy_Owl.png","datePublished":"2022-11-16T09:35:41+00:00","dateModified":"2024-03-04T09:10:17+00:00","description":"Die m\u00fcde Eule ist ein Kaffee, der mit dem CO\u00b2-Verfahren entkoffeiniert wurde, und beh\u00e4lt als Single origin so auch seine Bio-Zertifizierung.","breadcrumb":{"@id":"https:\/\/coffeelounge.delonghi.com\/de\/produkt\/sleepy-owl\/#breadcrumb"},"inLanguage":"de","potentialAction":[{"@type":"ReadAction","target":["https:\/\/coffeelounge.delonghi.com\/de\/produkt\/sleepy-owl\/"]}]},{"@type":"ImageObject","inLanguage":"de","@id":"https:\/\/coffeelounge.delonghi.com\/de\/produkt\/sleepy-owl\/#primaryimage","url":"https:\/\/coffeelounge.delonghi.com\/wp-content\/uploads\/2022\/11\/Sleepy_Owl.png","contentUrl":"https:\/\/coffeelounge.delonghi.com\/wp-content\/uploads\/2022\/11\/Sleepy_Owl.png","width":432,"height":432},{"@type":"BreadcrumbList","@id":"https:\/\/coffeelounge.delonghi.com\/de\/produkt\/sleepy-owl\/#breadcrumb","itemListElement":[{"@type":"ListItem","position":1,"name":"Home","item":"https:\/\/coffeelounge.delonghi.com\/de\/"},{"@type":"ListItem","position":2,"name":"Produkte","item":"https:\/\/coffeelounge.delonghi.com\/de\/produkte\/"},{"@type":"ListItem","position":3,"name":"Sleepy Owl"}]},{"@type":"WebSite","@id":"https:\/\/coffeelounge.delonghi.com\/de\/#website","url":"https:\/\/coffeelounge.delonghi.com\/de\/","name":"De&#039;Longhi","description":"Coffee Lounge","publisher":{"@id":"https:\/\/coffeelounge.delonghi.com\/de\/#organization"},"potentialAction":[{"@type":"SearchAction","target":{"@type":"EntryPoint","urlTemplate":"https:\/\/coffeelounge.delonghi.com\/de\/?s={search_term_string}"},"query-input":{"@type":"PropertyValueSpecification","valueRequired":true,"valueName":"search_term_string"}}],"inLanguage":"de"},{"@type":"Organization","@id":"https:\/\/coffeelounge.delonghi.com\/de\/#organization","name":"De'Longhi Coffee Lounge","url":"https:\/\/coffeelounge.delonghi.com\/de\/","logo":{"@type":"ImageObject","inLanguage":"de","@id":"https:\/\/coffeelounge.delonghi.com\/de\/#\/schema\/logo\/image\/","url":"https:\/\/coffeelounge.delonghi.com\/wp-content\/uploads\/2020\/05\/delonghi-coffee-lounge-logo-nederland.png","contentUrl":"https:\/\/coffeelounge.delonghi.com\/wp-content\/uploads\/2020\/05\/delonghi-coffee-lounge-logo-nederland.png","width":2337,"height":724,"caption":"De'Longhi Coffee Lounge"},"image":{"@id":"https:\/\/coffeelounge.delonghi.com\/de\/#\/schema\/logo\/image\/"}}]}},"_links":{"self":[{"href":"https:\/\/coffeelounge.delonghi.com\/de\/wp-json\/wp\/v2\/product\/307856","targetHints":{"allow":["GET"]}}],"collection":[{"href":"https:\/\/coffeelounge.delonghi.com\/de\/wp-json\/wp\/v2\/product"}],"about":[{"href":"https:\/\/coffeelounge.delonghi.com\/de\/wp-json\/wp\/v2\/types\/product"}],"replies":[{"embeddable":true,"href":"https:\/\/coffeelounge.delonghi.com\/de\/wp-json\/wp\/v2\/comments?post=307856"}],"version-history":[{"count":2,"href":"https:\/\/coffeelounge.delonghi.com\/de\/wp-json\/wp\/v2\/product\/307856\/revisions"}],"predecessor-version":[{"id":422083,"href":"https:\/\/coffeelounge.delonghi.com\/de\/wp-json\/wp\/v2\/product\/307856\/revisions\/422083"}],"wp:featuredmedia":[{"embeddable":true,"href":"https:\/\/coffeelounge.delonghi.com\/de\/wp-json\/wp\/v2\/media\/421005"}],"wp:attachment":[{"href":"https:\/\/coffeelounge.delonghi.com\/de\/wp-json\/wp\/v2\/media?parent=307856"}],"wp:term":[{"taxonomy":"product_cat","embeddable":true,"href":"https:\/\/coffeelounge.delonghi.com\/de\/wp-json\/wp\/v2\/product_cat?post=307856"},{"taxonomy":"product_tag","embeddable":true,"href":"https:\/\/coffeelounge.delonghi.com\/de\/wp-json\/wp\/v2\/product_tag?post=307856"}],"curies":[{"name":"wp","href":"https:\/\/api.w.org\/{rel}","templated":true}]}}