{"id":307815,"date":"2022-11-16T08:28:23","date_gmt":"2022-11-16T08:28:23","guid":{"rendered":"https:\/\/coffeelounge.delonghi.com\/?post_type=product&#038;p=307815"},"modified":"2024-03-01T13:12:23","modified_gmt":"2024-03-01T13:12:23","slug":"fire-finch","status":"publish","type":"product","link":"https:\/\/coffeelounge.delonghi.com\/de\/produkt\/fire-finch\/","title":{"rendered":"Fire Finch"},"content":{"rendered":"<p>Ein gro\u00dfartiger, trocken aufbereiteter \u00c4thiopier, der uns immer wieder mit seiner Fruchtigkeit begeistert. Der Fire Finch ist einer unserer Omniroasts: Als Filterkaffee ist er ausgewogen, rund und s\u00fc\u00df und als Espresso ist es eine helle R\u00f6stung, bei der die S\u00e4ure und die Aromenvielfalt betont wird.<\/p>\n<p>100 % \u00c4thiopien, Kooperative Taramesa, Arabica, natural<\/p>\n<p>In der Tasse:<br \/>\nMittlere S\u00e4ure, tropische Fr\u00fcchte, Erdbeere und sch\u00f6ne Noten von Yasmin und Kakao. Sehr intensiv, cremig und s\u00fc\u00df.<\/p>\n<p>Empfohlen f\u00fcr:<br \/>\nDer Fire Finch ist besonders gut f\u00fcr Siebtr\u00e4ger geeignet, funktioniert aber auch im Handfilter, mit der AeroPress oder in der French Press. Wir benutzen den Fire Finch meist auch, um unsere Cold Brews zu machen.&#8221;<\/p>\n","protected":false},"excerpt":{"rendered":"<p>Ein gro\u00dfartiger, trocken aufbereiteter \u00c4thiopier, der uns immer wieder mit seiner Fruchtigkeit begeistert. Der Fire Finch ist einer unserer Omniroasts: Als Filterkaffee ist er ausgewogen, rund und s\u00fc\u00df und als Espresso ist es eine helle R\u00f6stung, bei der die S\u00e4ure und die Aromenvielfalt betont wird. 100 % \u00c4thiopien, Kooperative Taramesa, Arabica, natural In der Tasse: [&hellip;]<\/p>\n","protected":false},"featured_media":421071,"comment_status":"closed","ping_status":"closed","template":"","meta":{"_acf_changed":false},"product_cat":[262,261,277],"product_tag":[],"class_list":{"0":"post-307815","1":"product","2":"type-product","3":"status-publish","4":"has-post-thumbnail","6":"product_cat-alle-kaffees","7":"product_cat-single-origin","8":"product_cat-spezialitaetenkaffee","10":"first","11":"instock","12":"taxable","13":"shipping-taxable","14":"purchasable","15":"product-type-variable"},"acf":[],"yoast_head":"<!-- This site is optimized with the Yoast SEO Premium plugin v24.5 (Yoast SEO v24.5) - https:\/\/yoast.com\/wordpress\/plugins\/seo\/ -->\n<title>Fire Finch | Coffee Lounge De&#039;Longhi<\/title>\n<meta name=\"description\" content=\"Ein gro\u00dfartiger, trocken aufbereiteter \u00e4thiopischer Omniroast, der mit seiner Fruchtigkeit zu begeistern weiss.\" \/>\n<meta name=\"robots\" content=\"index, follow, max-snippet:-1, max-image-preview:large, max-video-preview:-1\" \/>\n<meta name=\"twitter:card\" content=\"summary_large_image\" \/>\n<meta name=\"twitter:title\" content=\"Fire Finch | Coffee Lounge De&#039;Longhi\" \/>\n<meta name=\"twitter:description\" content=\"Ein gro\u00dfartiger, trocken aufbereiteter \u00e4thiopischer Omniroast, der mit seiner Fruchtigkeit zu begeistern weiss.\" \/>\n<meta name=\"twitter:image\" content=\"https:\/\/coffeelounge.delonghi.com\/wp-content\/uploads\/2022\/11\/Fire_Finch.png\" \/>\n<script type=\"application\/ld+json\" class=\"yoast-schema-graph\">{\"@context\":\"https:\/\/schema.org\",\"@graph\":[{\"@type\":\"WebPage\",\"@id\":\"https:\/\/coffeelounge.delonghi.com\/de\/produkt\/fire-finch\/\",\"url\":\"https:\/\/coffeelounge.delonghi.com\/de\/produkt\/fire-finch\/\",\"name\":\"Fire Finch | Coffee Lounge De&#039;Longhi\",\"isPartOf\":{\"@id\":\"https:\/\/coffeelounge.delonghi.com\/de\/#website\"},\"primaryImageOfPage\":{\"@id\":\"https:\/\/coffeelounge.delonghi.com\/de\/produkt\/fire-finch\/#primaryimage\"},\"image\":{\"@id\":\"https:\/\/coffeelounge.delonghi.com\/de\/produkt\/fire-finch\/#primaryimage\"},\"thumbnailUrl\":\"https:\/\/coffeelounge.delonghi.com\/wp-content\/uploads\/2022\/11\/Fire_Finch.png\",\"datePublished\":\"2022-11-16T08:28:23+00:00\",\"dateModified\":\"2024-03-01T13:12:23+00:00\",\"description\":\"Ein gro\u00dfartiger, trocken aufbereiteter \u00e4thiopischer Omniroast, der mit seiner Fruchtigkeit zu begeistern weiss.\",\"breadcrumb\":{\"@id\":\"https:\/\/coffeelounge.delonghi.com\/de\/produkt\/fire-finch\/#breadcrumb\"},\"inLanguage\":\"de\",\"potentialAction\":[{\"@type\":\"ReadAction\",\"target\":[\"https:\/\/coffeelounge.delonghi.com\/de\/produkt\/fire-finch\/\"]}]},{\"@type\":\"ImageObject\",\"inLanguage\":\"de\",\"@id\":\"https:\/\/coffeelounge.delonghi.com\/de\/produkt\/fire-finch\/#primaryimage\",\"url\":\"https:\/\/coffeelounge.delonghi.com\/wp-content\/uploads\/2022\/11\/Fire_Finch.png\",\"contentUrl\":\"https:\/\/coffeelounge.delonghi.com\/wp-content\/uploads\/2022\/11\/Fire_Finch.png\",\"width\":432,\"height\":432},{\"@type\":\"BreadcrumbList\",\"@id\":\"https:\/\/coffeelounge.delonghi.com\/de\/produkt\/fire-finch\/#breadcrumb\",\"itemListElement\":[{\"@type\":\"ListItem\",\"position\":1,\"name\":\"Home\",\"item\":\"https:\/\/coffeelounge.delonghi.com\/de\/\"},{\"@type\":\"ListItem\",\"position\":2,\"name\":\"Produkte\",\"item\":\"https:\/\/coffeelounge.delonghi.com\/de\/produkte\/\"},{\"@type\":\"ListItem\",\"position\":3,\"name\":\"Fire Finch\"}]},{\"@type\":\"WebSite\",\"@id\":\"https:\/\/coffeelounge.delonghi.com\/de\/#website\",\"url\":\"https:\/\/coffeelounge.delonghi.com\/de\/\",\"name\":\"De&#039;Longhi\",\"description\":\"Coffee Lounge\",\"publisher\":{\"@id\":\"https:\/\/coffeelounge.delonghi.com\/de\/#organization\"},\"potentialAction\":[{\"@type\":\"SearchAction\",\"target\":{\"@type\":\"EntryPoint\",\"urlTemplate\":\"https:\/\/coffeelounge.delonghi.com\/de\/?s={search_term_string}\"},\"query-input\":{\"@type\":\"PropertyValueSpecification\",\"valueRequired\":true,\"valueName\":\"search_term_string\"}}],\"inLanguage\":\"de\"},{\"@type\":\"Organization\",\"@id\":\"https:\/\/coffeelounge.delonghi.com\/de\/#organization\",\"name\":\"De'Longhi Coffee Lounge\",\"url\":\"https:\/\/coffeelounge.delonghi.com\/de\/\",\"logo\":{\"@type\":\"ImageObject\",\"inLanguage\":\"de\",\"@id\":\"https:\/\/coffeelounge.delonghi.com\/de\/#\/schema\/logo\/image\/\",\"url\":\"https:\/\/coffeelounge.delonghi.com\/wp-content\/uploads\/2020\/05\/delonghi-coffee-lounge-logo-nederland.png\",\"contentUrl\":\"https:\/\/coffeelounge.delonghi.com\/wp-content\/uploads\/2020\/05\/delonghi-coffee-lounge-logo-nederland.png\",\"width\":2337,\"height\":724,\"caption\":\"De'Longhi Coffee Lounge\"},\"image\":{\"@id\":\"https:\/\/coffeelounge.delonghi.com\/de\/#\/schema\/logo\/image\/\"}}]}<\/script>\n<!-- \/ Yoast SEO Premium plugin. -->","yoast_head_json":{"title":"Fire Finch | Coffee Lounge De&#039;Longhi","description":"Ein gro\u00dfartiger, trocken aufbereiteter \u00e4thiopischer Omniroast, der mit seiner Fruchtigkeit zu begeistern weiss.","robots":{"index":"index","follow":"follow","max-snippet":"max-snippet:-1","max-image-preview":"max-image-preview:large","max-video-preview":"max-video-preview:-1"},"twitter_card":"summary_large_image","twitter_title":"Fire Finch | Coffee Lounge De&#039;Longhi","twitter_description":"Ein gro\u00dfartiger, trocken aufbereiteter \u00e4thiopischer Omniroast, der mit seiner Fruchtigkeit zu begeistern weiss.","twitter_image":"https:\/\/coffeelounge.delonghi.com\/wp-content\/uploads\/2022\/11\/Fire_Finch.png","schema":{"@context":"https:\/\/schema.org","@graph":[{"@type":"WebPage","@id":"https:\/\/coffeelounge.delonghi.com\/de\/produkt\/fire-finch\/","url":"https:\/\/coffeelounge.delonghi.com\/de\/produkt\/fire-finch\/","name":"Fire Finch | Coffee Lounge De&#039;Longhi","isPartOf":{"@id":"https:\/\/coffeelounge.delonghi.com\/de\/#website"},"primaryImageOfPage":{"@id":"https:\/\/coffeelounge.delonghi.com\/de\/produkt\/fire-finch\/#primaryimage"},"image":{"@id":"https:\/\/coffeelounge.delonghi.com\/de\/produkt\/fire-finch\/#primaryimage"},"thumbnailUrl":"https:\/\/coffeelounge.delonghi.com\/wp-content\/uploads\/2022\/11\/Fire_Finch.png","datePublished":"2022-11-16T08:28:23+00:00","dateModified":"2024-03-01T13:12:23+00:00","description":"Ein gro\u00dfartiger, trocken aufbereiteter \u00e4thiopischer Omniroast, der mit seiner Fruchtigkeit zu begeistern weiss.","breadcrumb":{"@id":"https:\/\/coffeelounge.delonghi.com\/de\/produkt\/fire-finch\/#breadcrumb"},"inLanguage":"de","potentialAction":[{"@type":"ReadAction","target":["https:\/\/coffeelounge.delonghi.com\/de\/produkt\/fire-finch\/"]}]},{"@type":"ImageObject","inLanguage":"de","@id":"https:\/\/coffeelounge.delonghi.com\/de\/produkt\/fire-finch\/#primaryimage","url":"https:\/\/coffeelounge.delonghi.com\/wp-content\/uploads\/2022\/11\/Fire_Finch.png","contentUrl":"https:\/\/coffeelounge.delonghi.com\/wp-content\/uploads\/2022\/11\/Fire_Finch.png","width":432,"height":432},{"@type":"BreadcrumbList","@id":"https:\/\/coffeelounge.delonghi.com\/de\/produkt\/fire-finch\/#breadcrumb","itemListElement":[{"@type":"ListItem","position":1,"name":"Home","item":"https:\/\/coffeelounge.delonghi.com\/de\/"},{"@type":"ListItem","position":2,"name":"Produkte","item":"https:\/\/coffeelounge.delonghi.com\/de\/produkte\/"},{"@type":"ListItem","position":3,"name":"Fire Finch"}]},{"@type":"WebSite","@id":"https:\/\/coffeelounge.delonghi.com\/de\/#website","url":"https:\/\/coffeelounge.delonghi.com\/de\/","name":"De&#039;Longhi","description":"Coffee Lounge","publisher":{"@id":"https:\/\/coffeelounge.delonghi.com\/de\/#organization"},"potentialAction":[{"@type":"SearchAction","target":{"@type":"EntryPoint","urlTemplate":"https:\/\/coffeelounge.delonghi.com\/de\/?s={search_term_string}"},"query-input":{"@type":"PropertyValueSpecification","valueRequired":true,"valueName":"search_term_string"}}],"inLanguage":"de"},{"@type":"Organization","@id":"https:\/\/coffeelounge.delonghi.com\/de\/#organization","name":"De'Longhi Coffee Lounge","url":"https:\/\/coffeelounge.delonghi.com\/de\/","logo":{"@type":"ImageObject","inLanguage":"de","@id":"https:\/\/coffeelounge.delonghi.com\/de\/#\/schema\/logo\/image\/","url":"https:\/\/coffeelounge.delonghi.com\/wp-content\/uploads\/2020\/05\/delonghi-coffee-lounge-logo-nederland.png","contentUrl":"https:\/\/coffeelounge.delonghi.com\/wp-content\/uploads\/2020\/05\/delonghi-coffee-lounge-logo-nederland.png","width":2337,"height":724,"caption":"De'Longhi Coffee Lounge"},"image":{"@id":"https:\/\/coffeelounge.delonghi.com\/de\/#\/schema\/logo\/image\/"}}]}},"_links":{"self":[{"href":"https:\/\/coffeelounge.delonghi.com\/de\/wp-json\/wp\/v2\/product\/307815","targetHints":{"allow":["GET"]}}],"collection":[{"href":"https:\/\/coffeelounge.delonghi.com\/de\/wp-json\/wp\/v2\/product"}],"about":[{"href":"https:\/\/coffeelounge.delonghi.com\/de\/wp-json\/wp\/v2\/types\/product"}],"replies":[{"embeddable":true,"href":"https:\/\/coffeelounge.delonghi.com\/de\/wp-json\/wp\/v2\/comments?post=307815"}],"version-history":[{"count":1,"href":"https:\/\/coffeelounge.delonghi.com\/de\/wp-json\/wp\/v2\/product\/307815\/revisions"}],"predecessor-version":[{"id":421083,"href":"https:\/\/coffeelounge.delonghi.com\/de\/wp-json\/wp\/v2\/product\/307815\/revisions\/421083"}],"wp:featuredmedia":[{"embeddable":true,"href":"https:\/\/coffeelounge.delonghi.com\/de\/wp-json\/wp\/v2\/media\/421071"}],"wp:attachment":[{"href":"https:\/\/coffeelounge.delonghi.com\/de\/wp-json\/wp\/v2\/media?parent=307815"}],"wp:term":[{"taxonomy":"product_cat","embeddable":true,"href":"https:\/\/coffeelounge.delonghi.com\/de\/wp-json\/wp\/v2\/product_cat?post=307815"},{"taxonomy":"product_tag","embeddable":true,"href":"https:\/\/coffeelounge.delonghi.com\/de\/wp-json\/wp\/v2\/product_tag?post=307815"}],"curies":[{"name":"wp","href":"https:\/\/api.w.org\/{rel}","templated":true}]}}