{"id":307795,"date":"2022-11-16T08:20:55","date_gmt":"2022-11-16T08:20:55","guid":{"rendered":"https:\/\/coffeelounge.delonghi.com\/?post_type=product&#038;p=307795"},"modified":"2024-03-04T09:11:21","modified_gmt":"2024-03-04T09:11:21","slug":"jocotoco","status":"publish","type":"product","link":"https:\/\/coffeelounge.delonghi.com\/de\/produkt\/jocotoco\/","title":{"rendered":"Jocotoco"},"content":{"rendered":"<p>Erst Ende der 90er Jahre wurde der Jocotoco im S\u00fcden Ecuadors entdeckt. Dieser vom Aussterben bedrohte Vogel lebt nur in einer ganz bestimmten Region im Nebelwald, auf einer Fl\u00e4che, die gerade mal so gro\u00df ist wie Berlin. In vielen L\u00e4ndern S\u00fcdamerikas ist die erstaunliche Vielfalt von Tieren und Pflanzen stark bedroht. Gemeinsam mit der Jocotoco Stiftung setzen wir uns f\u00fcr den Schutz von Artenvielfalt und f\u00fcr die Wiederherstellung nat\u00fcrlicher \u00d6kosysteme ein.<\/p>\n<p>100 % Kolumbien, Kooperative Fondo Paez, Arabica washed<\/p>\n<p>In der Tasse:<br \/>\nNoten von Milchschokolade, kandierten Orangen, roten Beeren und Marzipan. Toller Nachgeschmack und sch\u00f6n cremige Textur.<\/p>\n<p>Empfohlen f\u00fcr:<br \/>\nDer Jocotoco funktioniert besonders gut im Siebtr\u00e4ger, Herdk\u00e4nnchen und Vollautomat.<\/p>\n","protected":false},"excerpt":{"rendered":"<p>Erst Ende der 90er Jahre wurde der Jocotoco im S\u00fcden Ecuadors entdeckt. Dieser vom Aussterben bedrohte Vogel lebt nur in einer ganz bestimmten Region im Nebelwald, auf einer Fl\u00e4che, die gerade mal so gro\u00df ist wie Berlin. In vielen L\u00e4ndern S\u00fcdamerikas ist die erstaunliche Vielfalt von Tieren und Pflanzen stark bedroht. Gemeinsam mit der Jocotoco [&hellip;]<\/p>\n","protected":false},"featured_media":421057,"comment_status":"closed","ping_status":"closed","template":"","meta":{"_acf_changed":false},"product_cat":[262,261,277],"product_tag":[],"class_list":{"0":"post-307795","1":"product","2":"type-product","3":"status-publish","4":"has-post-thumbnail","6":"product_cat-alle-kaffees","7":"product_cat-single-origin","8":"product_cat-spezialitaetenkaffee","10":"first","11":"instock","12":"taxable","13":"shipping-taxable","14":"purchasable","15":"product-type-variable"},"acf":[],"yoast_head":"<!-- This site is optimized with the Yoast SEO Premium plugin v24.5 (Yoast SEO v24.5) - https:\/\/yoast.com\/wordpress\/plugins\/seo\/ -->\n<title>Jocotoco | Coffee Lounge De&#039;Longhi<\/title>\n<meta name=\"description\" content=\"Der Jocotoco ist ein Zeichen f\u00fcr den Schutz von Artenvielfalt und f\u00fcr die Wiederherstellung nat\u00fcrlicher \u00d6kosysteme ein.\" \/>\n<meta name=\"robots\" content=\"index, follow, max-snippet:-1, max-image-preview:large, max-video-preview:-1\" \/>\n<meta name=\"twitter:card\" content=\"summary_large_image\" \/>\n<meta name=\"twitter:title\" content=\"Jocotoco | Coffee Lounge De&#039;Longhi\" \/>\n<meta name=\"twitter:description\" content=\"Der Jocotoco ist ein Zeichen f\u00fcr den Schutz von Artenvielfalt und f\u00fcr die Wiederherstellung nat\u00fcrlicher \u00d6kosysteme ein.\" \/>\n<meta name=\"twitter:image\" content=\"https:\/\/coffeelounge.delonghi.com\/wp-content\/uploads\/2022\/11\/Jocotoco.png\" \/>\n<script type=\"application\/ld+json\" class=\"yoast-schema-graph\">{\"@context\":\"https:\/\/schema.org\",\"@graph\":[{\"@type\":\"WebPage\",\"@id\":\"https:\/\/coffeelounge.delonghi.com\/de\/produkt\/jocotoco\/\",\"url\":\"https:\/\/coffeelounge.delonghi.com\/de\/produkt\/jocotoco\/\",\"name\":\"Jocotoco | Coffee Lounge De&#039;Longhi\",\"isPartOf\":{\"@id\":\"https:\/\/coffeelounge.delonghi.com\/de\/#website\"},\"primaryImageOfPage\":{\"@id\":\"https:\/\/coffeelounge.delonghi.com\/de\/produkt\/jocotoco\/#primaryimage\"},\"image\":{\"@id\":\"https:\/\/coffeelounge.delonghi.com\/de\/produkt\/jocotoco\/#primaryimage\"},\"thumbnailUrl\":\"https:\/\/coffeelounge.delonghi.com\/wp-content\/uploads\/2022\/11\/Jocotoco.png\",\"datePublished\":\"2022-11-16T08:20:55+00:00\",\"dateModified\":\"2024-03-04T09:11:21+00:00\",\"description\":\"Der Jocotoco ist ein Zeichen f\u00fcr den Schutz von Artenvielfalt und f\u00fcr die Wiederherstellung nat\u00fcrlicher \u00d6kosysteme ein.\",\"breadcrumb\":{\"@id\":\"https:\/\/coffeelounge.delonghi.com\/de\/produkt\/jocotoco\/#breadcrumb\"},\"inLanguage\":\"de\",\"potentialAction\":[{\"@type\":\"ReadAction\",\"target\":[\"https:\/\/coffeelounge.delonghi.com\/de\/produkt\/jocotoco\/\"]}]},{\"@type\":\"ImageObject\",\"inLanguage\":\"de\",\"@id\":\"https:\/\/coffeelounge.delonghi.com\/de\/produkt\/jocotoco\/#primaryimage\",\"url\":\"https:\/\/coffeelounge.delonghi.com\/wp-content\/uploads\/2022\/11\/Jocotoco.png\",\"contentUrl\":\"https:\/\/coffeelounge.delonghi.com\/wp-content\/uploads\/2022\/11\/Jocotoco.png\",\"width\":432,\"height\":432},{\"@type\":\"BreadcrumbList\",\"@id\":\"https:\/\/coffeelounge.delonghi.com\/de\/produkt\/jocotoco\/#breadcrumb\",\"itemListElement\":[{\"@type\":\"ListItem\",\"position\":1,\"name\":\"Home\",\"item\":\"https:\/\/coffeelounge.delonghi.com\/de\/\"},{\"@type\":\"ListItem\",\"position\":2,\"name\":\"Produkte\",\"item\":\"https:\/\/coffeelounge.delonghi.com\/de\/produkte\/\"},{\"@type\":\"ListItem\",\"position\":3,\"name\":\"Jocotoco\"}]},{\"@type\":\"WebSite\",\"@id\":\"https:\/\/coffeelounge.delonghi.com\/de\/#website\",\"url\":\"https:\/\/coffeelounge.delonghi.com\/de\/\",\"name\":\"De&#039;Longhi\",\"description\":\"Coffee Lounge\",\"publisher\":{\"@id\":\"https:\/\/coffeelounge.delonghi.com\/de\/#organization\"},\"potentialAction\":[{\"@type\":\"SearchAction\",\"target\":{\"@type\":\"EntryPoint\",\"urlTemplate\":\"https:\/\/coffeelounge.delonghi.com\/de\/?s={search_term_string}\"},\"query-input\":{\"@type\":\"PropertyValueSpecification\",\"valueRequired\":true,\"valueName\":\"search_term_string\"}}],\"inLanguage\":\"de\"},{\"@type\":\"Organization\",\"@id\":\"https:\/\/coffeelounge.delonghi.com\/de\/#organization\",\"name\":\"De'Longhi Coffee Lounge\",\"url\":\"https:\/\/coffeelounge.delonghi.com\/de\/\",\"logo\":{\"@type\":\"ImageObject\",\"inLanguage\":\"de\",\"@id\":\"https:\/\/coffeelounge.delonghi.com\/de\/#\/schema\/logo\/image\/\",\"url\":\"https:\/\/coffeelounge.delonghi.com\/wp-content\/uploads\/2020\/05\/delonghi-coffee-lounge-logo-nederland.png\",\"contentUrl\":\"https:\/\/coffeelounge.delonghi.com\/wp-content\/uploads\/2020\/05\/delonghi-coffee-lounge-logo-nederland.png\",\"width\":2337,\"height\":724,\"caption\":\"De'Longhi Coffee Lounge\"},\"image\":{\"@id\":\"https:\/\/coffeelounge.delonghi.com\/de\/#\/schema\/logo\/image\/\"}}]}<\/script>\n<!-- \/ Yoast SEO Premium plugin. -->","yoast_head_json":{"title":"Jocotoco | Coffee Lounge De&#039;Longhi","description":"Der Jocotoco ist ein Zeichen f\u00fcr den Schutz von Artenvielfalt und f\u00fcr die Wiederherstellung nat\u00fcrlicher \u00d6kosysteme ein.","robots":{"index":"index","follow":"follow","max-snippet":"max-snippet:-1","max-image-preview":"max-image-preview:large","max-video-preview":"max-video-preview:-1"},"twitter_card":"summary_large_image","twitter_title":"Jocotoco | Coffee Lounge De&#039;Longhi","twitter_description":"Der Jocotoco ist ein Zeichen f\u00fcr den Schutz von Artenvielfalt und f\u00fcr die Wiederherstellung nat\u00fcrlicher \u00d6kosysteme ein.","twitter_image":"https:\/\/coffeelounge.delonghi.com\/wp-content\/uploads\/2022\/11\/Jocotoco.png","schema":{"@context":"https:\/\/schema.org","@graph":[{"@type":"WebPage","@id":"https:\/\/coffeelounge.delonghi.com\/de\/produkt\/jocotoco\/","url":"https:\/\/coffeelounge.delonghi.com\/de\/produkt\/jocotoco\/","name":"Jocotoco | Coffee Lounge De&#039;Longhi","isPartOf":{"@id":"https:\/\/coffeelounge.delonghi.com\/de\/#website"},"primaryImageOfPage":{"@id":"https:\/\/coffeelounge.delonghi.com\/de\/produkt\/jocotoco\/#primaryimage"},"image":{"@id":"https:\/\/coffeelounge.delonghi.com\/de\/produkt\/jocotoco\/#primaryimage"},"thumbnailUrl":"https:\/\/coffeelounge.delonghi.com\/wp-content\/uploads\/2022\/11\/Jocotoco.png","datePublished":"2022-11-16T08:20:55+00:00","dateModified":"2024-03-04T09:11:21+00:00","description":"Der Jocotoco ist ein Zeichen f\u00fcr den Schutz von Artenvielfalt und f\u00fcr die Wiederherstellung nat\u00fcrlicher \u00d6kosysteme ein.","breadcrumb":{"@id":"https:\/\/coffeelounge.delonghi.com\/de\/produkt\/jocotoco\/#breadcrumb"},"inLanguage":"de","potentialAction":[{"@type":"ReadAction","target":["https:\/\/coffeelounge.delonghi.com\/de\/produkt\/jocotoco\/"]}]},{"@type":"ImageObject","inLanguage":"de","@id":"https:\/\/coffeelounge.delonghi.com\/de\/produkt\/jocotoco\/#primaryimage","url":"https:\/\/coffeelounge.delonghi.com\/wp-content\/uploads\/2022\/11\/Jocotoco.png","contentUrl":"https:\/\/coffeelounge.delonghi.com\/wp-content\/uploads\/2022\/11\/Jocotoco.png","width":432,"height":432},{"@type":"BreadcrumbList","@id":"https:\/\/coffeelounge.delonghi.com\/de\/produkt\/jocotoco\/#breadcrumb","itemListElement":[{"@type":"ListItem","position":1,"name":"Home","item":"https:\/\/coffeelounge.delonghi.com\/de\/"},{"@type":"ListItem","position":2,"name":"Produkte","item":"https:\/\/coffeelounge.delonghi.com\/de\/produkte\/"},{"@type":"ListItem","position":3,"name":"Jocotoco"}]},{"@type":"WebSite","@id":"https:\/\/coffeelounge.delonghi.com\/de\/#website","url":"https:\/\/coffeelounge.delonghi.com\/de\/","name":"De&#039;Longhi","description":"Coffee Lounge","publisher":{"@id":"https:\/\/coffeelounge.delonghi.com\/de\/#organization"},"potentialAction":[{"@type":"SearchAction","target":{"@type":"EntryPoint","urlTemplate":"https:\/\/coffeelounge.delonghi.com\/de\/?s={search_term_string}"},"query-input":{"@type":"PropertyValueSpecification","valueRequired":true,"valueName":"search_term_string"}}],"inLanguage":"de"},{"@type":"Organization","@id":"https:\/\/coffeelounge.delonghi.com\/de\/#organization","name":"De'Longhi Coffee Lounge","url":"https:\/\/coffeelounge.delonghi.com\/de\/","logo":{"@type":"ImageObject","inLanguage":"de","@id":"https:\/\/coffeelounge.delonghi.com\/de\/#\/schema\/logo\/image\/","url":"https:\/\/coffeelounge.delonghi.com\/wp-content\/uploads\/2020\/05\/delonghi-coffee-lounge-logo-nederland.png","contentUrl":"https:\/\/coffeelounge.delonghi.com\/wp-content\/uploads\/2020\/05\/delonghi-coffee-lounge-logo-nederland.png","width":2337,"height":724,"caption":"De'Longhi Coffee Lounge"},"image":{"@id":"https:\/\/coffeelounge.delonghi.com\/de\/#\/schema\/logo\/image\/"}}]}},"_links":{"self":[{"href":"https:\/\/coffeelounge.delonghi.com\/de\/wp-json\/wp\/v2\/product\/307795","targetHints":{"allow":["GET"]}}],"collection":[{"href":"https:\/\/coffeelounge.delonghi.com\/de\/wp-json\/wp\/v2\/product"}],"about":[{"href":"https:\/\/coffeelounge.delonghi.com\/de\/wp-json\/wp\/v2\/types\/product"}],"replies":[{"embeddable":true,"href":"https:\/\/coffeelounge.delonghi.com\/de\/wp-json\/wp\/v2\/comments?post=307795"}],"version-history":[{"count":3,"href":"https:\/\/coffeelounge.delonghi.com\/de\/wp-json\/wp\/v2\/product\/307795\/revisions"}],"predecessor-version":[{"id":422085,"href":"https:\/\/coffeelounge.delonghi.com\/de\/wp-json\/wp\/v2\/product\/307795\/revisions\/422085"}],"wp:featuredmedia":[{"embeddable":true,"href":"https:\/\/coffeelounge.delonghi.com\/de\/wp-json\/wp\/v2\/media\/421057"}],"wp:attachment":[{"href":"https:\/\/coffeelounge.delonghi.com\/de\/wp-json\/wp\/v2\/media?parent=307795"}],"wp:term":[{"taxonomy":"product_cat","embeddable":true,"href":"https:\/\/coffeelounge.delonghi.com\/de\/wp-json\/wp\/v2\/product_cat?post=307795"},{"taxonomy":"product_tag","embeddable":true,"href":"https:\/\/coffeelounge.delonghi.com\/de\/wp-json\/wp\/v2\/product_tag?post=307795"}],"curies":[{"name":"wp","href":"https:\/\/api.w.org\/{rel}","templated":true}]}}