{"id":303603,"date":"2022-11-10T10:41:53","date_gmt":"2022-11-10T10:41:53","guid":{"rendered":"https:\/\/coffeelounge.delonghi.com\/?post_type=product&#038;p=303603"},"modified":"2024-03-04T09:13:31","modified_gmt":"2024-03-04T09:13:31","slug":"hillywood","status":"publish","type":"product","link":"https:\/\/coffeelounge.delonghi.com\/de\/produkt\/hillywood\/","title":{"rendered":"Hillywood"},"content":{"rendered":"<p>Egal ob f\u00fcr Zuhause, als Geschenk an Freunde und Gesch\u00e4ftspartner, deine Kollegen im B\u00fcro oder dein eigenes Caf\u00e9. Unsere Kaffees kreieren wir so, dass Sie f\u00fcr jedermann zug\u00e4nglich sind!<\/p>\n<p>Hillywood ist unser elegantester Espresso. Weich, rund, mittelkr\u00e4ftig und ausbalanciert. Mit diesem Espresso holst du wirklich jeden ab! Uns \u00fcberzeugt er durch seine Marzipan-Nuss-Note und sein spannendes Spiel von S\u00fc\u00dfe, Bitterkeit und angenehmer Frische. Egal, ob schwarz oder in Kombination mit Milch: Hillywood hat einiges zu bieten und l\u00e4sst sich als Allrounder ideal trinken, wenn es darum geht, verschiedene Kaffee- bzw. Espressotrinker zufrieden zu stellen. Wir lieben seine hellbraune Crema und sein leichtes Mundgef\u00fchl \u2013 ohne, dass er dabei \u00fcberm\u00e4\u00dfig bitter oder unangenehm sauer ist. Dieser Espresso eignet sich nicht nur f\u00fcr die Siebtr\u00e4germaschine oder das Herdk\u00e4nnchen, auch im Vollautomat gibt er eine gute Figur ab.<\/p>\n<p>Dieser Espresso ist ein Blend aus ausschlie\u00dflich hochwertigen Kaffees, bestehend aus 40% Honduras, 40% Brasilien und 20% Robusta aus Mexico.<\/p>\n","protected":false},"excerpt":{"rendered":"<p>Egal ob f\u00fcr Zuhause, als Geschenk an Freunde und Gesch\u00e4ftspartner, deine Kollegen im B\u00fcro oder dein eigenes Caf\u00e9. Unsere Kaffees kreieren wir so, dass Sie f\u00fcr jedermann zug\u00e4nglich sind! Hillywood ist unser elegantester Espresso. Weich, rund, mittelkr\u00e4ftig und ausbalanciert. Mit diesem Espresso holst du wirklich jeden ab! Uns \u00fcberzeugt er durch seine Marzipan-Nuss-Note und sein [&hellip;]<\/p>\n","protected":false},"featured_media":421188,"comment_status":"closed","ping_status":"closed","template":"","meta":{"_acf_changed":false},"product_cat":[262,364,277],"product_tag":[],"class_list":{"0":"post-303603","1":"product","2":"type-product","3":"status-publish","4":"has-post-thumbnail","6":"product_cat-alle-kaffees","7":"product_cat-blend","8":"product_cat-spezialitaetenkaffee","10":"first","11":"instock","12":"taxable","13":"shipping-taxable","14":"purchasable","15":"product-type-variable"},"acf":[],"yoast_head":"<!-- This site is optimized with the Yoast SEO Premium plugin v24.5 (Yoast SEO v24.5) - https:\/\/yoast.com\/wordpress\/plugins\/seo\/ -->\n<title>Hillywood | Coffee Lounge De&#039;Longhi<\/title>\n<meta name=\"description\" content=\"Hillywood ist ein eleganter Espresso, weich, rund, mittelkr\u00e4ftig und ausbalanciert. Dieser Espresso holt wirklich jeden ab!\" \/>\n<meta name=\"robots\" content=\"index, follow, max-snippet:-1, max-image-preview:large, max-video-preview:-1\" \/>\n<meta name=\"twitter:card\" content=\"summary_large_image\" \/>\n<meta name=\"twitter:title\" content=\"Hillywood | Coffee Lounge De&#039;Longhi\" \/>\n<meta name=\"twitter:description\" content=\"Hillywood ist ein eleganter Espresso, weich, rund, mittelkr\u00e4ftig und ausbalanciert. Dieser Espresso holt wirklich jeden ab!\" \/>\n<meta name=\"twitter:image\" content=\"https:\/\/coffeelounge.delonghi.com\/wp-content\/uploads\/2022\/11\/espresso_Hillywood.png\" \/>\n<script type=\"application\/ld+json\" class=\"yoast-schema-graph\">{\"@context\":\"https:\/\/schema.org\",\"@graph\":[{\"@type\":\"WebPage\",\"@id\":\"https:\/\/coffeelounge.delonghi.com\/de\/produkt\/hillywood\/\",\"url\":\"https:\/\/coffeelounge.delonghi.com\/de\/produkt\/hillywood\/\",\"name\":\"Hillywood | Coffee Lounge De&#039;Longhi\",\"isPartOf\":{\"@id\":\"https:\/\/coffeelounge.delonghi.com\/de\/#website\"},\"primaryImageOfPage\":{\"@id\":\"https:\/\/coffeelounge.delonghi.com\/de\/produkt\/hillywood\/#primaryimage\"},\"image\":{\"@id\":\"https:\/\/coffeelounge.delonghi.com\/de\/produkt\/hillywood\/#primaryimage\"},\"thumbnailUrl\":\"https:\/\/coffeelounge.delonghi.com\/wp-content\/uploads\/2022\/11\/espresso_Hillywood.png\",\"datePublished\":\"2022-11-10T10:41:53+00:00\",\"dateModified\":\"2024-03-04T09:13:31+00:00\",\"description\":\"Hillywood ist ein eleganter Espresso, weich, rund, mittelkr\u00e4ftig und ausbalanciert. Dieser Espresso holt wirklich jeden ab!\",\"breadcrumb\":{\"@id\":\"https:\/\/coffeelounge.delonghi.com\/de\/produkt\/hillywood\/#breadcrumb\"},\"inLanguage\":\"de\",\"potentialAction\":[{\"@type\":\"ReadAction\",\"target\":[\"https:\/\/coffeelounge.delonghi.com\/de\/produkt\/hillywood\/\"]}]},{\"@type\":\"ImageObject\",\"inLanguage\":\"de\",\"@id\":\"https:\/\/coffeelounge.delonghi.com\/de\/produkt\/hillywood\/#primaryimage\",\"url\":\"https:\/\/coffeelounge.delonghi.com\/wp-content\/uploads\/2022\/11\/espresso_Hillywood.png\",\"contentUrl\":\"https:\/\/coffeelounge.delonghi.com\/wp-content\/uploads\/2022\/11\/espresso_Hillywood.png\",\"width\":432,\"height\":432},{\"@type\":\"BreadcrumbList\",\"@id\":\"https:\/\/coffeelounge.delonghi.com\/de\/produkt\/hillywood\/#breadcrumb\",\"itemListElement\":[{\"@type\":\"ListItem\",\"position\":1,\"name\":\"Home\",\"item\":\"https:\/\/coffeelounge.delonghi.com\/de\/\"},{\"@type\":\"ListItem\",\"position\":2,\"name\":\"Produkte\",\"item\":\"https:\/\/coffeelounge.delonghi.com\/de\/produkte\/\"},{\"@type\":\"ListItem\",\"position\":3,\"name\":\"Hillywood\"}]},{\"@type\":\"WebSite\",\"@id\":\"https:\/\/coffeelounge.delonghi.com\/de\/#website\",\"url\":\"https:\/\/coffeelounge.delonghi.com\/de\/\",\"name\":\"De&#039;Longhi\",\"description\":\"Coffee Lounge\",\"publisher\":{\"@id\":\"https:\/\/coffeelounge.delonghi.com\/de\/#organization\"},\"potentialAction\":[{\"@type\":\"SearchAction\",\"target\":{\"@type\":\"EntryPoint\",\"urlTemplate\":\"https:\/\/coffeelounge.delonghi.com\/de\/?s={search_term_string}\"},\"query-input\":{\"@type\":\"PropertyValueSpecification\",\"valueRequired\":true,\"valueName\":\"search_term_string\"}}],\"inLanguage\":\"de\"},{\"@type\":\"Organization\",\"@id\":\"https:\/\/coffeelounge.delonghi.com\/de\/#organization\",\"name\":\"De'Longhi Coffee Lounge\",\"url\":\"https:\/\/coffeelounge.delonghi.com\/de\/\",\"logo\":{\"@type\":\"ImageObject\",\"inLanguage\":\"de\",\"@id\":\"https:\/\/coffeelounge.delonghi.com\/de\/#\/schema\/logo\/image\/\",\"url\":\"https:\/\/coffeelounge.delonghi.com\/wp-content\/uploads\/2020\/05\/delonghi-coffee-lounge-logo-nederland.png\",\"contentUrl\":\"https:\/\/coffeelounge.delonghi.com\/wp-content\/uploads\/2020\/05\/delonghi-coffee-lounge-logo-nederland.png\",\"width\":2337,\"height\":724,\"caption\":\"De'Longhi Coffee Lounge\"},\"image\":{\"@id\":\"https:\/\/coffeelounge.delonghi.com\/de\/#\/schema\/logo\/image\/\"}}]}<\/script>\n<!-- \/ Yoast SEO Premium plugin. -->","yoast_head_json":{"title":"Hillywood | Coffee Lounge De&#039;Longhi","description":"Hillywood ist ein eleganter Espresso, weich, rund, mittelkr\u00e4ftig und ausbalanciert. Dieser Espresso holt wirklich jeden ab!","robots":{"index":"index","follow":"follow","max-snippet":"max-snippet:-1","max-image-preview":"max-image-preview:large","max-video-preview":"max-video-preview:-1"},"twitter_card":"summary_large_image","twitter_title":"Hillywood | Coffee Lounge De&#039;Longhi","twitter_description":"Hillywood ist ein eleganter Espresso, weich, rund, mittelkr\u00e4ftig und ausbalanciert. Dieser Espresso holt wirklich jeden ab!","twitter_image":"https:\/\/coffeelounge.delonghi.com\/wp-content\/uploads\/2022\/11\/espresso_Hillywood.png","schema":{"@context":"https:\/\/schema.org","@graph":[{"@type":"WebPage","@id":"https:\/\/coffeelounge.delonghi.com\/de\/produkt\/hillywood\/","url":"https:\/\/coffeelounge.delonghi.com\/de\/produkt\/hillywood\/","name":"Hillywood | Coffee Lounge De&#039;Longhi","isPartOf":{"@id":"https:\/\/coffeelounge.delonghi.com\/de\/#website"},"primaryImageOfPage":{"@id":"https:\/\/coffeelounge.delonghi.com\/de\/produkt\/hillywood\/#primaryimage"},"image":{"@id":"https:\/\/coffeelounge.delonghi.com\/de\/produkt\/hillywood\/#primaryimage"},"thumbnailUrl":"https:\/\/coffeelounge.delonghi.com\/wp-content\/uploads\/2022\/11\/espresso_Hillywood.png","datePublished":"2022-11-10T10:41:53+00:00","dateModified":"2024-03-04T09:13:31+00:00","description":"Hillywood ist ein eleganter Espresso, weich, rund, mittelkr\u00e4ftig und ausbalanciert. Dieser Espresso holt wirklich jeden ab!","breadcrumb":{"@id":"https:\/\/coffeelounge.delonghi.com\/de\/produkt\/hillywood\/#breadcrumb"},"inLanguage":"de","potentialAction":[{"@type":"ReadAction","target":["https:\/\/coffeelounge.delonghi.com\/de\/produkt\/hillywood\/"]}]},{"@type":"ImageObject","inLanguage":"de","@id":"https:\/\/coffeelounge.delonghi.com\/de\/produkt\/hillywood\/#primaryimage","url":"https:\/\/coffeelounge.delonghi.com\/wp-content\/uploads\/2022\/11\/espresso_Hillywood.png","contentUrl":"https:\/\/coffeelounge.delonghi.com\/wp-content\/uploads\/2022\/11\/espresso_Hillywood.png","width":432,"height":432},{"@type":"BreadcrumbList","@id":"https:\/\/coffeelounge.delonghi.com\/de\/produkt\/hillywood\/#breadcrumb","itemListElement":[{"@type":"ListItem","position":1,"name":"Home","item":"https:\/\/coffeelounge.delonghi.com\/de\/"},{"@type":"ListItem","position":2,"name":"Produkte","item":"https:\/\/coffeelounge.delonghi.com\/de\/produkte\/"},{"@type":"ListItem","position":3,"name":"Hillywood"}]},{"@type":"WebSite","@id":"https:\/\/coffeelounge.delonghi.com\/de\/#website","url":"https:\/\/coffeelounge.delonghi.com\/de\/","name":"De&#039;Longhi","description":"Coffee Lounge","publisher":{"@id":"https:\/\/coffeelounge.delonghi.com\/de\/#organization"},"potentialAction":[{"@type":"SearchAction","target":{"@type":"EntryPoint","urlTemplate":"https:\/\/coffeelounge.delonghi.com\/de\/?s={search_term_string}"},"query-input":{"@type":"PropertyValueSpecification","valueRequired":true,"valueName":"search_term_string"}}],"inLanguage":"de"},{"@type":"Organization","@id":"https:\/\/coffeelounge.delonghi.com\/de\/#organization","name":"De'Longhi Coffee Lounge","url":"https:\/\/coffeelounge.delonghi.com\/de\/","logo":{"@type":"ImageObject","inLanguage":"de","@id":"https:\/\/coffeelounge.delonghi.com\/de\/#\/schema\/logo\/image\/","url":"https:\/\/coffeelounge.delonghi.com\/wp-content\/uploads\/2020\/05\/delonghi-coffee-lounge-logo-nederland.png","contentUrl":"https:\/\/coffeelounge.delonghi.com\/wp-content\/uploads\/2020\/05\/delonghi-coffee-lounge-logo-nederland.png","width":2337,"height":724,"caption":"De'Longhi Coffee Lounge"},"image":{"@id":"https:\/\/coffeelounge.delonghi.com\/de\/#\/schema\/logo\/image\/"}}]}},"_links":{"self":[{"href":"https:\/\/coffeelounge.delonghi.com\/de\/wp-json\/wp\/v2\/product\/303603","targetHints":{"allow":["GET"]}}],"collection":[{"href":"https:\/\/coffeelounge.delonghi.com\/de\/wp-json\/wp\/v2\/product"}],"about":[{"href":"https:\/\/coffeelounge.delonghi.com\/de\/wp-json\/wp\/v2\/types\/product"}],"replies":[{"embeddable":true,"href":"https:\/\/coffeelounge.delonghi.com\/de\/wp-json\/wp\/v2\/comments?post=303603"}],"version-history":[{"count":2,"href":"https:\/\/coffeelounge.delonghi.com\/de\/wp-json\/wp\/v2\/product\/303603\/revisions"}],"predecessor-version":[{"id":422090,"href":"https:\/\/coffeelounge.delonghi.com\/de\/wp-json\/wp\/v2\/product\/303603\/revisions\/422090"}],"wp:featuredmedia":[{"embeddable":true,"href":"https:\/\/coffeelounge.delonghi.com\/de\/wp-json\/wp\/v2\/media\/421188"}],"wp:attachment":[{"href":"https:\/\/coffeelounge.delonghi.com\/de\/wp-json\/wp\/v2\/media?parent=303603"}],"wp:term":[{"taxonomy":"product_cat","embeddable":true,"href":"https:\/\/coffeelounge.delonghi.com\/de\/wp-json\/wp\/v2\/product_cat?post=303603"},{"taxonomy":"product_tag","embeddable":true,"href":"https:\/\/coffeelounge.delonghi.com\/de\/wp-json\/wp\/v2\/product_tag?post=303603"}],"curies":[{"name":"wp","href":"https:\/\/api.w.org\/{rel}","templated":true}]}}