{"id":303562,"date":"2022-11-10T10:26:01","date_gmt":"2022-11-10T10:26:01","guid":{"rendered":"https:\/\/coffeelounge.delonghi.com\/?post_type=product&#038;p=303562"},"modified":"2024-03-04T09:13:37","modified_gmt":"2024-03-04T09:13:37","slug":"espresso-obean-wan","status":"publish","type":"product","link":"https:\/\/coffeelounge.delonghi.com\/de\/produkt\/espresso-obean-wan\/","title":{"rendered":"Espresso Obean Wan"},"content":{"rendered":"<p>Egal ob f\u00fcr Zuhause, als Geschenk an Freunde und Gesch\u00e4ftspartner, deine Kollegen im B\u00fcro oder dein eigenes Caf\u00e9. Unsere Kaffees kreieren wir so, dass Sie f\u00fcr jedermann zug\u00e4nglich sind!<\/p>\n<p>Obean Wan ist unser kr\u00e4ftigster Espresso und \u00fcberzeugt uns durch seine Noten von Pralinen und Karamell. Egal, ob schwarz oder in Kombination mit Milch: Obean Wan hat nicht nur ordentlich Wums, er erinnert uns auch irgendwie an unseren letzten Italienurlaub. Wir lieben seine dichte Crema und sein s\u00e4miges Mundgef\u00fchl \u2013 ohne, dass er dabei \u00fcberm\u00e4\u00dfig bitter oder unangenehm sauer ist. Dieser Espresso eignet sich nicht nur f\u00fcr die Siebtr\u00e4germaschine oder das Herdk\u00e4nnchen, auch im Vollautomat gibt er eine gute Figur ab.<\/p>\n<p>Unseren Kaffee r\u00f6sten wir alle ein bis zwei Wochen in kleinen Chargen in einem traditionellen Trommelr\u00f6ster, um dir stets frischen Kaffee verkaufen oder liefern zu k\u00f6nnen &#8211; weg vom Massenprodukt, das schon seit Monaten im Supermarktregal steht, hin zum verantwortungsvollen, fair und direkt gehandelten Genussmittel. Dieser Espresso ist ein Blend aus ausschlie\u00dflich hochwertigen Kaffees, bestehend aus 60% Honduras und 40% Finerobusta aus Ankole, Uganda.<\/p>\n","protected":false},"excerpt":{"rendered":"<p>Egal ob f\u00fcr Zuhause, als Geschenk an Freunde und Gesch\u00e4ftspartner, deine Kollegen im B\u00fcro oder dein eigenes Caf\u00e9. Unsere Kaffees kreieren wir so, dass Sie f\u00fcr jedermann zug\u00e4nglich sind! Obean Wan ist unser kr\u00e4ftigster Espresso und \u00fcberzeugt uns durch seine Noten von Pralinen und Karamell. Egal, ob schwarz oder in Kombination mit Milch: Obean Wan [&hellip;]<\/p>\n","protected":false},"featured_media":421175,"comment_status":"closed","ping_status":"closed","template":"","meta":{"_acf_changed":false},"product_cat":[262,364,277],"product_tag":[],"class_list":{"0":"post-303562","1":"product","2":"type-product","3":"status-publish","4":"has-post-thumbnail","6":"product_cat-alle-kaffees","7":"product_cat-blend","8":"product_cat-spezialitaetenkaffee","10":"first","11":"instock","12":"taxable","13":"shipping-taxable","14":"purchasable","15":"product-type-variable"},"acf":[],"yoast_head":"<!-- This site is optimized with the Yoast SEO Premium plugin v24.5 (Yoast SEO v24.5) - https:\/\/yoast.com\/wordpress\/plugins\/seo\/ -->\n<title>Espresso Obean Wan | Coffee Lounge De&#039;Longhi<\/title>\n<meta name=\"description\" content=\"Obean Wan ist ein Espresso mit ordentlich Wums und \u00fcberzeugt uns durch seine Noten von Pralinen und Karamell.\" \/>\n<meta name=\"robots\" content=\"index, follow, max-snippet:-1, max-image-preview:large, max-video-preview:-1\" \/>\n<meta name=\"twitter:card\" content=\"summary_large_image\" \/>\n<meta name=\"twitter:title\" content=\"Espresso Obean Wan | Coffee Lounge De&#039;Longhi\" \/>\n<meta name=\"twitter:description\" content=\"Obean Wan ist ein Espresso mit ordentlich Wums und \u00fcberzeugt uns durch seine Noten von Pralinen und Karamell.\" \/>\n<meta name=\"twitter:image\" content=\"https:\/\/coffeelounge.delonghi.com\/wp-content\/uploads\/2022\/11\/espresso_Obean_Wan.png\" \/>\n<script type=\"application\/ld+json\" class=\"yoast-schema-graph\">{\"@context\":\"https:\/\/schema.org\",\"@graph\":[{\"@type\":\"WebPage\",\"@id\":\"https:\/\/coffeelounge.delonghi.com\/de\/produkt\/espresso-obean-wan\/\",\"url\":\"https:\/\/coffeelounge.delonghi.com\/de\/produkt\/espresso-obean-wan\/\",\"name\":\"Espresso Obean Wan | Coffee Lounge De&#039;Longhi\",\"isPartOf\":{\"@id\":\"https:\/\/coffeelounge.delonghi.com\/de\/#website\"},\"primaryImageOfPage\":{\"@id\":\"https:\/\/coffeelounge.delonghi.com\/de\/produkt\/espresso-obean-wan\/#primaryimage\"},\"image\":{\"@id\":\"https:\/\/coffeelounge.delonghi.com\/de\/produkt\/espresso-obean-wan\/#primaryimage\"},\"thumbnailUrl\":\"https:\/\/coffeelounge.delonghi.com\/wp-content\/uploads\/2022\/11\/espresso_Obean_Wan.png\",\"datePublished\":\"2022-11-10T10:26:01+00:00\",\"dateModified\":\"2024-03-04T09:13:37+00:00\",\"description\":\"Obean Wan ist ein Espresso mit ordentlich Wums und \u00fcberzeugt uns durch seine Noten von Pralinen und Karamell.\",\"breadcrumb\":{\"@id\":\"https:\/\/coffeelounge.delonghi.com\/de\/produkt\/espresso-obean-wan\/#breadcrumb\"},\"inLanguage\":\"de\",\"potentialAction\":[{\"@type\":\"ReadAction\",\"target\":[\"https:\/\/coffeelounge.delonghi.com\/de\/produkt\/espresso-obean-wan\/\"]}]},{\"@type\":\"ImageObject\",\"inLanguage\":\"de\",\"@id\":\"https:\/\/coffeelounge.delonghi.com\/de\/produkt\/espresso-obean-wan\/#primaryimage\",\"url\":\"https:\/\/coffeelounge.delonghi.com\/wp-content\/uploads\/2022\/11\/espresso_Obean_Wan.png\",\"contentUrl\":\"https:\/\/coffeelounge.delonghi.com\/wp-content\/uploads\/2022\/11\/espresso_Obean_Wan.png\",\"width\":432,\"height\":432},{\"@type\":\"BreadcrumbList\",\"@id\":\"https:\/\/coffeelounge.delonghi.com\/de\/produkt\/espresso-obean-wan\/#breadcrumb\",\"itemListElement\":[{\"@type\":\"ListItem\",\"position\":1,\"name\":\"Home\",\"item\":\"https:\/\/coffeelounge.delonghi.com\/de\/\"},{\"@type\":\"ListItem\",\"position\":2,\"name\":\"Produkte\",\"item\":\"https:\/\/coffeelounge.delonghi.com\/de\/produkte\/\"},{\"@type\":\"ListItem\",\"position\":3,\"name\":\"Espresso Obean Wan\"}]},{\"@type\":\"WebSite\",\"@id\":\"https:\/\/coffeelounge.delonghi.com\/de\/#website\",\"url\":\"https:\/\/coffeelounge.delonghi.com\/de\/\",\"name\":\"De&#039;Longhi\",\"description\":\"Coffee Lounge\",\"publisher\":{\"@id\":\"https:\/\/coffeelounge.delonghi.com\/de\/#organization\"},\"potentialAction\":[{\"@type\":\"SearchAction\",\"target\":{\"@type\":\"EntryPoint\",\"urlTemplate\":\"https:\/\/coffeelounge.delonghi.com\/de\/?s={search_term_string}\"},\"query-input\":{\"@type\":\"PropertyValueSpecification\",\"valueRequired\":true,\"valueName\":\"search_term_string\"}}],\"inLanguage\":\"de\"},{\"@type\":\"Organization\",\"@id\":\"https:\/\/coffeelounge.delonghi.com\/de\/#organization\",\"name\":\"De'Longhi Coffee Lounge\",\"url\":\"https:\/\/coffeelounge.delonghi.com\/de\/\",\"logo\":{\"@type\":\"ImageObject\",\"inLanguage\":\"de\",\"@id\":\"https:\/\/coffeelounge.delonghi.com\/de\/#\/schema\/logo\/image\/\",\"url\":\"https:\/\/coffeelounge.delonghi.com\/wp-content\/uploads\/2020\/05\/delonghi-coffee-lounge-logo-nederland.png\",\"contentUrl\":\"https:\/\/coffeelounge.delonghi.com\/wp-content\/uploads\/2020\/05\/delonghi-coffee-lounge-logo-nederland.png\",\"width\":2337,\"height\":724,\"caption\":\"De'Longhi Coffee Lounge\"},\"image\":{\"@id\":\"https:\/\/coffeelounge.delonghi.com\/de\/#\/schema\/logo\/image\/\"}}]}<\/script>\n<!-- \/ Yoast SEO Premium plugin. -->","yoast_head_json":{"title":"Espresso Obean Wan | Coffee Lounge De&#039;Longhi","description":"Obean Wan ist ein Espresso mit ordentlich Wums und \u00fcberzeugt uns durch seine Noten von Pralinen und Karamell.","robots":{"index":"index","follow":"follow","max-snippet":"max-snippet:-1","max-image-preview":"max-image-preview:large","max-video-preview":"max-video-preview:-1"},"twitter_card":"summary_large_image","twitter_title":"Espresso Obean Wan | Coffee Lounge De&#039;Longhi","twitter_description":"Obean Wan ist ein Espresso mit ordentlich Wums und \u00fcberzeugt uns durch seine Noten von Pralinen und Karamell.","twitter_image":"https:\/\/coffeelounge.delonghi.com\/wp-content\/uploads\/2022\/11\/espresso_Obean_Wan.png","schema":{"@context":"https:\/\/schema.org","@graph":[{"@type":"WebPage","@id":"https:\/\/coffeelounge.delonghi.com\/de\/produkt\/espresso-obean-wan\/","url":"https:\/\/coffeelounge.delonghi.com\/de\/produkt\/espresso-obean-wan\/","name":"Espresso Obean Wan | Coffee Lounge De&#039;Longhi","isPartOf":{"@id":"https:\/\/coffeelounge.delonghi.com\/de\/#website"},"primaryImageOfPage":{"@id":"https:\/\/coffeelounge.delonghi.com\/de\/produkt\/espresso-obean-wan\/#primaryimage"},"image":{"@id":"https:\/\/coffeelounge.delonghi.com\/de\/produkt\/espresso-obean-wan\/#primaryimage"},"thumbnailUrl":"https:\/\/coffeelounge.delonghi.com\/wp-content\/uploads\/2022\/11\/espresso_Obean_Wan.png","datePublished":"2022-11-10T10:26:01+00:00","dateModified":"2024-03-04T09:13:37+00:00","description":"Obean Wan ist ein Espresso mit ordentlich Wums und \u00fcberzeugt uns durch seine Noten von Pralinen und Karamell.","breadcrumb":{"@id":"https:\/\/coffeelounge.delonghi.com\/de\/produkt\/espresso-obean-wan\/#breadcrumb"},"inLanguage":"de","potentialAction":[{"@type":"ReadAction","target":["https:\/\/coffeelounge.delonghi.com\/de\/produkt\/espresso-obean-wan\/"]}]},{"@type":"ImageObject","inLanguage":"de","@id":"https:\/\/coffeelounge.delonghi.com\/de\/produkt\/espresso-obean-wan\/#primaryimage","url":"https:\/\/coffeelounge.delonghi.com\/wp-content\/uploads\/2022\/11\/espresso_Obean_Wan.png","contentUrl":"https:\/\/coffeelounge.delonghi.com\/wp-content\/uploads\/2022\/11\/espresso_Obean_Wan.png","width":432,"height":432},{"@type":"BreadcrumbList","@id":"https:\/\/coffeelounge.delonghi.com\/de\/produkt\/espresso-obean-wan\/#breadcrumb","itemListElement":[{"@type":"ListItem","position":1,"name":"Home","item":"https:\/\/coffeelounge.delonghi.com\/de\/"},{"@type":"ListItem","position":2,"name":"Produkte","item":"https:\/\/coffeelounge.delonghi.com\/de\/produkte\/"},{"@type":"ListItem","position":3,"name":"Espresso Obean Wan"}]},{"@type":"WebSite","@id":"https:\/\/coffeelounge.delonghi.com\/de\/#website","url":"https:\/\/coffeelounge.delonghi.com\/de\/","name":"De&#039;Longhi","description":"Coffee Lounge","publisher":{"@id":"https:\/\/coffeelounge.delonghi.com\/de\/#organization"},"potentialAction":[{"@type":"SearchAction","target":{"@type":"EntryPoint","urlTemplate":"https:\/\/coffeelounge.delonghi.com\/de\/?s={search_term_string}"},"query-input":{"@type":"PropertyValueSpecification","valueRequired":true,"valueName":"search_term_string"}}],"inLanguage":"de"},{"@type":"Organization","@id":"https:\/\/coffeelounge.delonghi.com\/de\/#organization","name":"De'Longhi Coffee Lounge","url":"https:\/\/coffeelounge.delonghi.com\/de\/","logo":{"@type":"ImageObject","inLanguage":"de","@id":"https:\/\/coffeelounge.delonghi.com\/de\/#\/schema\/logo\/image\/","url":"https:\/\/coffeelounge.delonghi.com\/wp-content\/uploads\/2020\/05\/delonghi-coffee-lounge-logo-nederland.png","contentUrl":"https:\/\/coffeelounge.delonghi.com\/wp-content\/uploads\/2020\/05\/delonghi-coffee-lounge-logo-nederland.png","width":2337,"height":724,"caption":"De'Longhi Coffee Lounge"},"image":{"@id":"https:\/\/coffeelounge.delonghi.com\/de\/#\/schema\/logo\/image\/"}}]}},"_links":{"self":[{"href":"https:\/\/coffeelounge.delonghi.com\/de\/wp-json\/wp\/v2\/product\/303562","targetHints":{"allow":["GET"]}}],"collection":[{"href":"https:\/\/coffeelounge.delonghi.com\/de\/wp-json\/wp\/v2\/product"}],"about":[{"href":"https:\/\/coffeelounge.delonghi.com\/de\/wp-json\/wp\/v2\/types\/product"}],"replies":[{"embeddable":true,"href":"https:\/\/coffeelounge.delonghi.com\/de\/wp-json\/wp\/v2\/comments?post=303562"}],"version-history":[{"count":2,"href":"https:\/\/coffeelounge.delonghi.com\/de\/wp-json\/wp\/v2\/product\/303562\/revisions"}],"predecessor-version":[{"id":422091,"href":"https:\/\/coffeelounge.delonghi.com\/de\/wp-json\/wp\/v2\/product\/303562\/revisions\/422091"}],"wp:featuredmedia":[{"embeddable":true,"href":"https:\/\/coffeelounge.delonghi.com\/de\/wp-json\/wp\/v2\/media\/421175"}],"wp:attachment":[{"href":"https:\/\/coffeelounge.delonghi.com\/de\/wp-json\/wp\/v2\/media?parent=303562"}],"wp:term":[{"taxonomy":"product_cat","embeddable":true,"href":"https:\/\/coffeelounge.delonghi.com\/de\/wp-json\/wp\/v2\/product_cat?post=303562"},{"taxonomy":"product_tag","embeddable":true,"href":"https:\/\/coffeelounge.delonghi.com\/de\/wp-json\/wp\/v2\/product_tag?post=303562"}],"curies":[{"name":"wp","href":"https:\/\/api.w.org\/{rel}","templated":true}]}}