{"id":303227,"date":"2022-11-09T09:30:35","date_gmt":"2022-11-09T09:30:35","guid":{"rendered":"https:\/\/coffeelounge.delonghi.com\/?post_type=product&#038;p=303227"},"modified":"2024-03-04T09:14:41","modified_gmt":"2024-03-04T09:14:41","slug":"open-minded","status":"publish","type":"product","link":"https:\/\/coffeelounge.delonghi.com\/de\/produkt\/open-minded\/","title":{"rendered":"Open Minded (Espresso)"},"content":{"rendered":"<p><strong>Unser heller Espresso<br \/>\n<\/strong>100 % sortenreiner Arabica, Specialty Coffee Single Estate<br \/>\nElegant-spritzig mit fruchtigen Noten von Zitrus, Mandarine, Grapefrucht, Karamell, Cookies, dunkler Schokolade, ein Hauch floral.\u00a0Wenig R\u00f6staromen, angenehm fruchtig.<\/p>\n<p><strong>Handgepfl\u00fcckter Specialty Coffee<\/strong><br \/>\nEingerahmt von zwei Bergfl\u00fcssen und dem Nationalpark Celaque: das besondere Mikroklima mit warmen Tagen und k\u00fchlen N\u00e4chten sorgt daf\u00fcr, dass die Bohnen an den teils steilen H\u00e4ngen im Schatten von Pinien und Liquidambars ihr unverwechselbares mittelkr\u00e4ftiges und frisches, leicht s\u00fc\u00dfliches Aroma mit einer feinen S\u00e4ure entwickeln k\u00f6nnen.<\/p>\n<p><strong>Formula7 Trommel R\u00f6stmethode<\/strong><br \/>\nWir r\u00f6sten unsere Bohnen mit Ma\u00df und Mu\u00dfe anhand von 7 Faktoren auf den Punkt \u2013 entwickelt von dem bekannten italienischen Kaffee-Experten Dr. Andrej Godina. Die Besonderheit: die verschiedenen Geschmacksnuancen der Filterkaffees und Espressos entstehen allein durch unterschiedliche R\u00f6stgrade und R\u00f6stprofile.<\/p>\n<p><strong>Finca Umami &#8211; Nachhaltig + Fair<\/strong><br \/>\nWir betreiben regenerativen Kaffeeanbau auf der eigenen Plantage im Hochland von Honduras. Wir konzentrieren uns auf die Schaffung von Harmonie zwischen den drei S\u00e4ulen der Nachhaltigkeit: Umwelt, Soziales und Wirtschaftlichkeit. Nachhaltiger Anbau, unbefristete Arbeitsvertr\u00e4ge, faire L\u00f6hne und Preise sind t\u00e4glich gelebte Realit\u00e4t.<\/p>\n","protected":false},"excerpt":{"rendered":"<p>Unser heller Espresso 100 % sortenreiner Arabica, Specialty Coffee Single Estate Elegant-spritzig mit fruchtigen Noten von Zitrus, Mandarine, Grapefrucht, Karamell, Cookies, dunkler Schokolade, ein Hauch floral.\u00a0Wenig R\u00f6staromen, angenehm fruchtig. Handgepfl\u00fcckter Specialty Coffee Eingerahmt von zwei Bergfl\u00fcssen und dem Nationalpark Celaque: das besondere Mikroklima mit warmen Tagen und k\u00fchlen N\u00e4chten sorgt daf\u00fcr, dass die Bohnen an [&hellip;]<\/p>\n","protected":false},"featured_media":421097,"comment_status":"closed","ping_status":"closed","template":"","meta":{"_acf_changed":false},"product_cat":[262,261,277],"product_tag":[],"class_list":{"0":"post-303227","1":"product","2":"type-product","3":"status-publish","4":"has-post-thumbnail","6":"product_cat-alle-kaffees","7":"product_cat-single-origin","8":"product_cat-spezialitaetenkaffee","10":"first","11":"instock","12":"taxable","13":"shipping-taxable","14":"purchasable","15":"product-type-variable"},"acf":[],"yoast_head":"<!-- This site is optimized with the Yoast SEO Premium plugin v24.5 (Yoast SEO v24.5) - https:\/\/yoast.com\/wordpress\/plugins\/seo\/ -->\n<title>Open Minded (Espresso) | Coffee Lounge De&#039;Longhi<\/title>\n<meta name=\"description\" content=\"Open Minded ist ein heller Espresso mit fruchtigen Noten von Zitrus, Mandarine, Grapefrucht, Karamell, Cookies, dunkler Schokolade.\" \/>\n<meta name=\"robots\" content=\"index, follow, max-snippet:-1, max-image-preview:large, max-video-preview:-1\" \/>\n<meta name=\"twitter:card\" content=\"summary_large_image\" \/>\n<meta name=\"twitter:title\" content=\"Open Minded (Espresso) | Coffee Lounge De&#039;Longhi\" \/>\n<meta name=\"twitter:description\" content=\"Open Minded ist ein heller Espresso mit fruchtigen Noten von Zitrus, Mandarine, Grapefrucht, Karamell, Cookies, dunkler Schokolade.\" \/>\n<meta name=\"twitter:image\" content=\"https:\/\/coffeelounge.delonghi.com\/wp-content\/uploads\/2022\/11\/open_minded_espresso.png\" \/>\n<script type=\"application\/ld+json\" class=\"yoast-schema-graph\">{\"@context\":\"https:\/\/schema.org\",\"@graph\":[{\"@type\":\"WebPage\",\"@id\":\"https:\/\/coffeelounge.delonghi.com\/de\/produkt\/open-minded\/\",\"url\":\"https:\/\/coffeelounge.delonghi.com\/de\/produkt\/open-minded\/\",\"name\":\"Open Minded (Espresso) | Coffee Lounge De&#039;Longhi\",\"isPartOf\":{\"@id\":\"https:\/\/coffeelounge.delonghi.com\/de\/#website\"},\"primaryImageOfPage\":{\"@id\":\"https:\/\/coffeelounge.delonghi.com\/de\/produkt\/open-minded\/#primaryimage\"},\"image\":{\"@id\":\"https:\/\/coffeelounge.delonghi.com\/de\/produkt\/open-minded\/#primaryimage\"},\"thumbnailUrl\":\"https:\/\/coffeelounge.delonghi.com\/wp-content\/uploads\/2022\/11\/open_minded_espresso.png\",\"datePublished\":\"2022-11-09T09:30:35+00:00\",\"dateModified\":\"2024-03-04T09:14:41+00:00\",\"description\":\"Open Minded ist ein heller Espresso mit fruchtigen Noten von Zitrus, Mandarine, Grapefrucht, Karamell, Cookies, dunkler Schokolade.\",\"breadcrumb\":{\"@id\":\"https:\/\/coffeelounge.delonghi.com\/de\/produkt\/open-minded\/#breadcrumb\"},\"inLanguage\":\"de\",\"potentialAction\":[{\"@type\":\"ReadAction\",\"target\":[\"https:\/\/coffeelounge.delonghi.com\/de\/produkt\/open-minded\/\"]}]},{\"@type\":\"ImageObject\",\"inLanguage\":\"de\",\"@id\":\"https:\/\/coffeelounge.delonghi.com\/de\/produkt\/open-minded\/#primaryimage\",\"url\":\"https:\/\/coffeelounge.delonghi.com\/wp-content\/uploads\/2022\/11\/open_minded_espresso.png\",\"contentUrl\":\"https:\/\/coffeelounge.delonghi.com\/wp-content\/uploads\/2022\/11\/open_minded_espresso.png\",\"width\":318,\"height\":318},{\"@type\":\"BreadcrumbList\",\"@id\":\"https:\/\/coffeelounge.delonghi.com\/de\/produkt\/open-minded\/#breadcrumb\",\"itemListElement\":[{\"@type\":\"ListItem\",\"position\":1,\"name\":\"Home\",\"item\":\"https:\/\/coffeelounge.delonghi.com\/de\/\"},{\"@type\":\"ListItem\",\"position\":2,\"name\":\"Produkte\",\"item\":\"https:\/\/coffeelounge.delonghi.com\/de\/produkte\/\"},{\"@type\":\"ListItem\",\"position\":3,\"name\":\"Open Minded (Espresso)\"}]},{\"@type\":\"WebSite\",\"@id\":\"https:\/\/coffeelounge.delonghi.com\/de\/#website\",\"url\":\"https:\/\/coffeelounge.delonghi.com\/de\/\",\"name\":\"De&#039;Longhi\",\"description\":\"Coffee Lounge\",\"publisher\":{\"@id\":\"https:\/\/coffeelounge.delonghi.com\/de\/#organization\"},\"potentialAction\":[{\"@type\":\"SearchAction\",\"target\":{\"@type\":\"EntryPoint\",\"urlTemplate\":\"https:\/\/coffeelounge.delonghi.com\/de\/?s={search_term_string}\"},\"query-input\":{\"@type\":\"PropertyValueSpecification\",\"valueRequired\":true,\"valueName\":\"search_term_string\"}}],\"inLanguage\":\"de\"},{\"@type\":\"Organization\",\"@id\":\"https:\/\/coffeelounge.delonghi.com\/de\/#organization\",\"name\":\"De'Longhi Coffee Lounge\",\"url\":\"https:\/\/coffeelounge.delonghi.com\/de\/\",\"logo\":{\"@type\":\"ImageObject\",\"inLanguage\":\"de\",\"@id\":\"https:\/\/coffeelounge.delonghi.com\/de\/#\/schema\/logo\/image\/\",\"url\":\"https:\/\/coffeelounge.delonghi.com\/wp-content\/uploads\/2020\/05\/delonghi-coffee-lounge-logo-nederland.png\",\"contentUrl\":\"https:\/\/coffeelounge.delonghi.com\/wp-content\/uploads\/2020\/05\/delonghi-coffee-lounge-logo-nederland.png\",\"width\":2337,\"height\":724,\"caption\":\"De'Longhi Coffee Lounge\"},\"image\":{\"@id\":\"https:\/\/coffeelounge.delonghi.com\/de\/#\/schema\/logo\/image\/\"}}]}<\/script>\n<!-- \/ Yoast SEO Premium plugin. -->","yoast_head_json":{"title":"Open Minded (Espresso) | Coffee Lounge De&#039;Longhi","description":"Open Minded ist ein heller Espresso mit fruchtigen Noten von Zitrus, Mandarine, Grapefrucht, Karamell, Cookies, dunkler Schokolade.","robots":{"index":"index","follow":"follow","max-snippet":"max-snippet:-1","max-image-preview":"max-image-preview:large","max-video-preview":"max-video-preview:-1"},"twitter_card":"summary_large_image","twitter_title":"Open Minded (Espresso) | Coffee Lounge De&#039;Longhi","twitter_description":"Open Minded ist ein heller Espresso mit fruchtigen Noten von Zitrus, Mandarine, Grapefrucht, Karamell, Cookies, dunkler Schokolade.","twitter_image":"https:\/\/coffeelounge.delonghi.com\/wp-content\/uploads\/2022\/11\/open_minded_espresso.png","schema":{"@context":"https:\/\/schema.org","@graph":[{"@type":"WebPage","@id":"https:\/\/coffeelounge.delonghi.com\/de\/produkt\/open-minded\/","url":"https:\/\/coffeelounge.delonghi.com\/de\/produkt\/open-minded\/","name":"Open Minded (Espresso) | Coffee Lounge De&#039;Longhi","isPartOf":{"@id":"https:\/\/coffeelounge.delonghi.com\/de\/#website"},"primaryImageOfPage":{"@id":"https:\/\/coffeelounge.delonghi.com\/de\/produkt\/open-minded\/#primaryimage"},"image":{"@id":"https:\/\/coffeelounge.delonghi.com\/de\/produkt\/open-minded\/#primaryimage"},"thumbnailUrl":"https:\/\/coffeelounge.delonghi.com\/wp-content\/uploads\/2022\/11\/open_minded_espresso.png","datePublished":"2022-11-09T09:30:35+00:00","dateModified":"2024-03-04T09:14:41+00:00","description":"Open Minded ist ein heller Espresso mit fruchtigen Noten von Zitrus, Mandarine, Grapefrucht, Karamell, Cookies, dunkler Schokolade.","breadcrumb":{"@id":"https:\/\/coffeelounge.delonghi.com\/de\/produkt\/open-minded\/#breadcrumb"},"inLanguage":"de","potentialAction":[{"@type":"ReadAction","target":["https:\/\/coffeelounge.delonghi.com\/de\/produkt\/open-minded\/"]}]},{"@type":"ImageObject","inLanguage":"de","@id":"https:\/\/coffeelounge.delonghi.com\/de\/produkt\/open-minded\/#primaryimage","url":"https:\/\/coffeelounge.delonghi.com\/wp-content\/uploads\/2022\/11\/open_minded_espresso.png","contentUrl":"https:\/\/coffeelounge.delonghi.com\/wp-content\/uploads\/2022\/11\/open_minded_espresso.png","width":318,"height":318},{"@type":"BreadcrumbList","@id":"https:\/\/coffeelounge.delonghi.com\/de\/produkt\/open-minded\/#breadcrumb","itemListElement":[{"@type":"ListItem","position":1,"name":"Home","item":"https:\/\/coffeelounge.delonghi.com\/de\/"},{"@type":"ListItem","position":2,"name":"Produkte","item":"https:\/\/coffeelounge.delonghi.com\/de\/produkte\/"},{"@type":"ListItem","position":3,"name":"Open Minded (Espresso)"}]},{"@type":"WebSite","@id":"https:\/\/coffeelounge.delonghi.com\/de\/#website","url":"https:\/\/coffeelounge.delonghi.com\/de\/","name":"De&#039;Longhi","description":"Coffee Lounge","publisher":{"@id":"https:\/\/coffeelounge.delonghi.com\/de\/#organization"},"potentialAction":[{"@type":"SearchAction","target":{"@type":"EntryPoint","urlTemplate":"https:\/\/coffeelounge.delonghi.com\/de\/?s={search_term_string}"},"query-input":{"@type":"PropertyValueSpecification","valueRequired":true,"valueName":"search_term_string"}}],"inLanguage":"de"},{"@type":"Organization","@id":"https:\/\/coffeelounge.delonghi.com\/de\/#organization","name":"De'Longhi Coffee Lounge","url":"https:\/\/coffeelounge.delonghi.com\/de\/","logo":{"@type":"ImageObject","inLanguage":"de","@id":"https:\/\/coffeelounge.delonghi.com\/de\/#\/schema\/logo\/image\/","url":"https:\/\/coffeelounge.delonghi.com\/wp-content\/uploads\/2020\/05\/delonghi-coffee-lounge-logo-nederland.png","contentUrl":"https:\/\/coffeelounge.delonghi.com\/wp-content\/uploads\/2020\/05\/delonghi-coffee-lounge-logo-nederland.png","width":2337,"height":724,"caption":"De'Longhi Coffee Lounge"},"image":{"@id":"https:\/\/coffeelounge.delonghi.com\/de\/#\/schema\/logo\/image\/"}}]}},"_links":{"self":[{"href":"https:\/\/coffeelounge.delonghi.com\/de\/wp-json\/wp\/v2\/product\/303227","targetHints":{"allow":["GET"]}}],"collection":[{"href":"https:\/\/coffeelounge.delonghi.com\/de\/wp-json\/wp\/v2\/product"}],"about":[{"href":"https:\/\/coffeelounge.delonghi.com\/de\/wp-json\/wp\/v2\/types\/product"}],"replies":[{"embeddable":true,"href":"https:\/\/coffeelounge.delonghi.com\/de\/wp-json\/wp\/v2\/comments?post=303227"}],"version-history":[{"count":2,"href":"https:\/\/coffeelounge.delonghi.com\/de\/wp-json\/wp\/v2\/product\/303227\/revisions"}],"predecessor-version":[{"id":422097,"href":"https:\/\/coffeelounge.delonghi.com\/de\/wp-json\/wp\/v2\/product\/303227\/revisions\/422097"}],"wp:featuredmedia":[{"embeddable":true,"href":"https:\/\/coffeelounge.delonghi.com\/de\/wp-json\/wp\/v2\/media\/421097"}],"wp:attachment":[{"href":"https:\/\/coffeelounge.delonghi.com\/de\/wp-json\/wp\/v2\/media?parent=303227"}],"wp:term":[{"taxonomy":"product_cat","embeddable":true,"href":"https:\/\/coffeelounge.delonghi.com\/de\/wp-json\/wp\/v2\/product_cat?post=303227"},{"taxonomy":"product_tag","embeddable":true,"href":"https:\/\/coffeelounge.delonghi.com\/de\/wp-json\/wp\/v2\/product_tag?post=303227"}],"curies":[{"name":"wp","href":"https:\/\/api.w.org\/{rel}","templated":true}]}}