{"id":302238,"date":"2022-11-08T10:58:50","date_gmt":"2022-11-08T10:58:50","guid":{"rendered":"https:\/\/coffeelounge.delonghi.com\/?post_type=product&#038;p=302238"},"modified":"2024-03-04T09:16:18","modified_gmt":"2024-03-04T09:16:18","slug":"der-fielgut","status":"publish","type":"product","link":"https:\/\/coffeelounge.delonghi.com\/de\/produkt\/der-fielgut\/","title":{"rendered":"Der Fielgut"},"content":{"rendered":"<p>Diese dunkle italienische R\u00f6stung sorgt f\u00fcr einen kr\u00e4ftigen und intensiven Espresso mit vollmundigen und dunklen Schokoladenaromen, Nougat, mit feinen Cognac und Haselnuss Noten.<\/p>\n<p>Sehr koffeinhaltiger und komplexer Kaffee mit kr\u00e4ftigem K\u00f6rper. Eine ausgewogene Mischung aus zwei Herkunftsl\u00e4ndern. Diese Espressor\u00f6stung mit klassischem Aroma entspricht ganz offensichtlich dem Ideal und den W\u00fcnschen der meisten Liebhaber der dunklen R\u00f6stungen. Auch f\u00fcr Milchgetr\u00e4nke wie Cappuccino passt diese R\u00f6stung ideal.<\/p>\n<p><strong>Herkunft<\/strong><\/p>\n<p>60% Brasilien, Sul de Minas, arabica, natural.<br \/>\nDiese Kaffeespezialit\u00e4t wird in Brasilien im Bundesstaat Minas Gerais angebaut. In diesem fruchtbaren und mineralstoffreichen Gebiet liegt das Kaffeeanbaugebiet Sul de Minas. Angebaut in einer der ersten Kaffeeplantagen auf 950 bis 1200 Meter. Bei der Verarbeitung dieses Kaffees liegt der Fokus auf Qualit\u00e4t und Geschmack. Dieser brasilianische Kaffee geh\u00f6rt zur absoluten Spitzenklasse und wird deinen Gaumen mit harmonischer Weiche und einer feinen Note von Schokolade verw\u00f6hnen.<\/p>\n<p>40% Indien, Robusta, washed.<br \/>\nIn Anbaugebiet Karnataka, wird rund 70 % des gesamten indischen Kaffees produziert. Robusta wird vor allem in der kleineren Region Chikmagalur angebaut.<br \/>\nIndiens Grading System klassifiziert gewaschene Robusta als \u201eParchment\u201c. Durch das Pulping, die Fermentierung und das Waschen des Kaffees entwickelt sich ein ganz besonderes Tassenprofil, welches durch seine Sanftheit \u00fcberzeugt. Anbauh\u00f6he 1200m.<\/p>\n<p><strong>Tipps zur Zubereitung<\/strong><\/p>\n<p>Am besten frisch gemahlen, zubereitet im Siebtr\u00e4germaschine, in der Mokkakanne und im Vollautomaten. Empfehlung f\u00fcr Einstellungen DeLonghi Vollautomaten: Mahlgrad (3), Menge (S), Aroma (3), Temperatur: niedrig.&#8221;<\/p>\n","protected":false},"excerpt":{"rendered":"<p>Diese dunkle italienische R\u00f6stung sorgt f\u00fcr einen kr\u00e4ftigen und intensiven Espresso mit vollmundigen und dunklen Schokoladenaromen, Nougat, mit feinen Cognac und Haselnuss Noten. Sehr koffeinhaltiger und komplexer Kaffee mit kr\u00e4ftigem K\u00f6rper. Eine ausgewogene Mischung aus zwei Herkunftsl\u00e4ndern. Diese Espressor\u00f6stung mit klassischem Aroma entspricht ganz offensichtlich dem Ideal und den W\u00fcnschen der meisten Liebhaber der dunklen [&hellip;]<\/p>\n","protected":false},"featured_media":421270,"comment_status":"closed","ping_status":"closed","template":"","meta":{"_acf_changed":false},"product_cat":[262,364,277],"product_tag":[],"class_list":{"0":"post-302238","1":"product","2":"type-product","3":"status-publish","4":"has-post-thumbnail","6":"product_cat-alle-kaffees","7":"product_cat-blend","8":"product_cat-spezialitaetenkaffee","10":"first","11":"instock","12":"taxable","13":"shipping-taxable","14":"purchasable","15":"product-type-variable"},"acf":[],"yoast_head":"<!-- This site is optimized with the Yoast SEO Premium plugin v24.5 (Yoast SEO v24.5) - https:\/\/yoast.com\/wordpress\/plugins\/seo\/ -->\n<title>Der Fielgut | Coffee Lounge De&#039;Longhi<\/title>\n<meta name=\"description\" content=\"Der Fielgut ist ein kr\u00e4ftiger, intensiver Espresso mit Schokoladenaromen, Nougat, mit feinen Cognac und Haselnuss Noten.\" \/>\n<meta name=\"robots\" content=\"index, follow, max-snippet:-1, max-image-preview:large, max-video-preview:-1\" \/>\n<meta name=\"twitter:card\" content=\"summary_large_image\" \/>\n<meta name=\"twitter:title\" content=\"Der Fielgut | Coffee Lounge De&#039;Longhi\" \/>\n<meta name=\"twitter:description\" content=\"Der Fielgut ist ein kr\u00e4ftiger, intensiver Espresso mit Schokoladenaromen, Nougat, mit feinen Cognac und Haselnuss Noten.\" \/>\n<meta name=\"twitter:image\" content=\"https:\/\/coffeelounge.delonghi.com\/wp-content\/uploads\/2022\/11\/bru_fielgut.png\" \/>\n<script type=\"application\/ld+json\" class=\"yoast-schema-graph\">{\"@context\":\"https:\/\/schema.org\",\"@graph\":[{\"@type\":\"WebPage\",\"@id\":\"https:\/\/coffeelounge.delonghi.com\/de\/produkt\/der-fielgut\/\",\"url\":\"https:\/\/coffeelounge.delonghi.com\/de\/produkt\/der-fielgut\/\",\"name\":\"Der Fielgut | Coffee Lounge De&#039;Longhi\",\"isPartOf\":{\"@id\":\"https:\/\/coffeelounge.delonghi.com\/de\/#website\"},\"primaryImageOfPage\":{\"@id\":\"https:\/\/coffeelounge.delonghi.com\/de\/produkt\/der-fielgut\/#primaryimage\"},\"image\":{\"@id\":\"https:\/\/coffeelounge.delonghi.com\/de\/produkt\/der-fielgut\/#primaryimage\"},\"thumbnailUrl\":\"https:\/\/coffeelounge.delonghi.com\/wp-content\/uploads\/2022\/11\/bru_fielgut.png\",\"datePublished\":\"2022-11-08T10:58:50+00:00\",\"dateModified\":\"2024-03-04T09:16:18+00:00\",\"description\":\"Der Fielgut ist ein kr\u00e4ftiger, intensiver Espresso mit Schokoladenaromen, Nougat, mit feinen Cognac und Haselnuss Noten.\",\"breadcrumb\":{\"@id\":\"https:\/\/coffeelounge.delonghi.com\/de\/produkt\/der-fielgut\/#breadcrumb\"},\"inLanguage\":\"de\",\"potentialAction\":[{\"@type\":\"ReadAction\",\"target\":[\"https:\/\/coffeelounge.delonghi.com\/de\/produkt\/der-fielgut\/\"]}]},{\"@type\":\"ImageObject\",\"inLanguage\":\"de\",\"@id\":\"https:\/\/coffeelounge.delonghi.com\/de\/produkt\/der-fielgut\/#primaryimage\",\"url\":\"https:\/\/coffeelounge.delonghi.com\/wp-content\/uploads\/2022\/11\/bru_fielgut.png\",\"contentUrl\":\"https:\/\/coffeelounge.delonghi.com\/wp-content\/uploads\/2022\/11\/bru_fielgut.png\",\"width\":1000,\"height\":1000},{\"@type\":\"BreadcrumbList\",\"@id\":\"https:\/\/coffeelounge.delonghi.com\/de\/produkt\/der-fielgut\/#breadcrumb\",\"itemListElement\":[{\"@type\":\"ListItem\",\"position\":1,\"name\":\"Home\",\"item\":\"https:\/\/coffeelounge.delonghi.com\/de\/\"},{\"@type\":\"ListItem\",\"position\":2,\"name\":\"Produkte\",\"item\":\"https:\/\/coffeelounge.delonghi.com\/de\/produkte\/\"},{\"@type\":\"ListItem\",\"position\":3,\"name\":\"Der Fielgut\"}]},{\"@type\":\"WebSite\",\"@id\":\"https:\/\/coffeelounge.delonghi.com\/de\/#website\",\"url\":\"https:\/\/coffeelounge.delonghi.com\/de\/\",\"name\":\"De&#039;Longhi\",\"description\":\"Coffee Lounge\",\"publisher\":{\"@id\":\"https:\/\/coffeelounge.delonghi.com\/de\/#organization\"},\"potentialAction\":[{\"@type\":\"SearchAction\",\"target\":{\"@type\":\"EntryPoint\",\"urlTemplate\":\"https:\/\/coffeelounge.delonghi.com\/de\/?s={search_term_string}\"},\"query-input\":{\"@type\":\"PropertyValueSpecification\",\"valueRequired\":true,\"valueName\":\"search_term_string\"}}],\"inLanguage\":\"de\"},{\"@type\":\"Organization\",\"@id\":\"https:\/\/coffeelounge.delonghi.com\/de\/#organization\",\"name\":\"De'Longhi Coffee Lounge\",\"url\":\"https:\/\/coffeelounge.delonghi.com\/de\/\",\"logo\":{\"@type\":\"ImageObject\",\"inLanguage\":\"de\",\"@id\":\"https:\/\/coffeelounge.delonghi.com\/de\/#\/schema\/logo\/image\/\",\"url\":\"https:\/\/coffeelounge.delonghi.com\/wp-content\/uploads\/2020\/05\/delonghi-coffee-lounge-logo-nederland.png\",\"contentUrl\":\"https:\/\/coffeelounge.delonghi.com\/wp-content\/uploads\/2020\/05\/delonghi-coffee-lounge-logo-nederland.png\",\"width\":2337,\"height\":724,\"caption\":\"De'Longhi Coffee Lounge\"},\"image\":{\"@id\":\"https:\/\/coffeelounge.delonghi.com\/de\/#\/schema\/logo\/image\/\"}}]}<\/script>\n<!-- \/ Yoast SEO Premium plugin. -->","yoast_head_json":{"title":"Der Fielgut | Coffee Lounge De&#039;Longhi","description":"Der Fielgut ist ein kr\u00e4ftiger, intensiver Espresso mit Schokoladenaromen, Nougat, mit feinen Cognac und Haselnuss Noten.","robots":{"index":"index","follow":"follow","max-snippet":"max-snippet:-1","max-image-preview":"max-image-preview:large","max-video-preview":"max-video-preview:-1"},"twitter_card":"summary_large_image","twitter_title":"Der Fielgut | Coffee Lounge De&#039;Longhi","twitter_description":"Der Fielgut ist ein kr\u00e4ftiger, intensiver Espresso mit Schokoladenaromen, Nougat, mit feinen Cognac und Haselnuss Noten.","twitter_image":"https:\/\/coffeelounge.delonghi.com\/wp-content\/uploads\/2022\/11\/bru_fielgut.png","schema":{"@context":"https:\/\/schema.org","@graph":[{"@type":"WebPage","@id":"https:\/\/coffeelounge.delonghi.com\/de\/produkt\/der-fielgut\/","url":"https:\/\/coffeelounge.delonghi.com\/de\/produkt\/der-fielgut\/","name":"Der Fielgut | Coffee Lounge De&#039;Longhi","isPartOf":{"@id":"https:\/\/coffeelounge.delonghi.com\/de\/#website"},"primaryImageOfPage":{"@id":"https:\/\/coffeelounge.delonghi.com\/de\/produkt\/der-fielgut\/#primaryimage"},"image":{"@id":"https:\/\/coffeelounge.delonghi.com\/de\/produkt\/der-fielgut\/#primaryimage"},"thumbnailUrl":"https:\/\/coffeelounge.delonghi.com\/wp-content\/uploads\/2022\/11\/bru_fielgut.png","datePublished":"2022-11-08T10:58:50+00:00","dateModified":"2024-03-04T09:16:18+00:00","description":"Der Fielgut ist ein kr\u00e4ftiger, intensiver Espresso mit Schokoladenaromen, Nougat, mit feinen Cognac und Haselnuss Noten.","breadcrumb":{"@id":"https:\/\/coffeelounge.delonghi.com\/de\/produkt\/der-fielgut\/#breadcrumb"},"inLanguage":"de","potentialAction":[{"@type":"ReadAction","target":["https:\/\/coffeelounge.delonghi.com\/de\/produkt\/der-fielgut\/"]}]},{"@type":"ImageObject","inLanguage":"de","@id":"https:\/\/coffeelounge.delonghi.com\/de\/produkt\/der-fielgut\/#primaryimage","url":"https:\/\/coffeelounge.delonghi.com\/wp-content\/uploads\/2022\/11\/bru_fielgut.png","contentUrl":"https:\/\/coffeelounge.delonghi.com\/wp-content\/uploads\/2022\/11\/bru_fielgut.png","width":1000,"height":1000},{"@type":"BreadcrumbList","@id":"https:\/\/coffeelounge.delonghi.com\/de\/produkt\/der-fielgut\/#breadcrumb","itemListElement":[{"@type":"ListItem","position":1,"name":"Home","item":"https:\/\/coffeelounge.delonghi.com\/de\/"},{"@type":"ListItem","position":2,"name":"Produkte","item":"https:\/\/coffeelounge.delonghi.com\/de\/produkte\/"},{"@type":"ListItem","position":3,"name":"Der Fielgut"}]},{"@type":"WebSite","@id":"https:\/\/coffeelounge.delonghi.com\/de\/#website","url":"https:\/\/coffeelounge.delonghi.com\/de\/","name":"De&#039;Longhi","description":"Coffee Lounge","publisher":{"@id":"https:\/\/coffeelounge.delonghi.com\/de\/#organization"},"potentialAction":[{"@type":"SearchAction","target":{"@type":"EntryPoint","urlTemplate":"https:\/\/coffeelounge.delonghi.com\/de\/?s={search_term_string}"},"query-input":{"@type":"PropertyValueSpecification","valueRequired":true,"valueName":"search_term_string"}}],"inLanguage":"de"},{"@type":"Organization","@id":"https:\/\/coffeelounge.delonghi.com\/de\/#organization","name":"De'Longhi Coffee Lounge","url":"https:\/\/coffeelounge.delonghi.com\/de\/","logo":{"@type":"ImageObject","inLanguage":"de","@id":"https:\/\/coffeelounge.delonghi.com\/de\/#\/schema\/logo\/image\/","url":"https:\/\/coffeelounge.delonghi.com\/wp-content\/uploads\/2020\/05\/delonghi-coffee-lounge-logo-nederland.png","contentUrl":"https:\/\/coffeelounge.delonghi.com\/wp-content\/uploads\/2020\/05\/delonghi-coffee-lounge-logo-nederland.png","width":2337,"height":724,"caption":"De'Longhi Coffee Lounge"},"image":{"@id":"https:\/\/coffeelounge.delonghi.com\/de\/#\/schema\/logo\/image\/"}}]}},"_links":{"self":[{"href":"https:\/\/coffeelounge.delonghi.com\/de\/wp-json\/wp\/v2\/product\/302238","targetHints":{"allow":["GET"]}}],"collection":[{"href":"https:\/\/coffeelounge.delonghi.com\/de\/wp-json\/wp\/v2\/product"}],"about":[{"href":"https:\/\/coffeelounge.delonghi.com\/de\/wp-json\/wp\/v2\/types\/product"}],"replies":[{"embeddable":true,"href":"https:\/\/coffeelounge.delonghi.com\/de\/wp-json\/wp\/v2\/comments?post=302238"}],"version-history":[{"count":2,"href":"https:\/\/coffeelounge.delonghi.com\/de\/wp-json\/wp\/v2\/product\/302238\/revisions"}],"predecessor-version":[{"id":422101,"href":"https:\/\/coffeelounge.delonghi.com\/de\/wp-json\/wp\/v2\/product\/302238\/revisions\/422101"}],"wp:featuredmedia":[{"embeddable":true,"href":"https:\/\/coffeelounge.delonghi.com\/de\/wp-json\/wp\/v2\/media\/421270"}],"wp:attachment":[{"href":"https:\/\/coffeelounge.delonghi.com\/de\/wp-json\/wp\/v2\/media?parent=302238"}],"wp:term":[{"taxonomy":"product_cat","embeddable":true,"href":"https:\/\/coffeelounge.delonghi.com\/de\/wp-json\/wp\/v2\/product_cat?post=302238"},{"taxonomy":"product_tag","embeddable":true,"href":"https:\/\/coffeelounge.delonghi.com\/de\/wp-json\/wp\/v2\/product_tag?post=302238"}],"curies":[{"name":"wp","href":"https:\/\/api.w.org\/{rel}","templated":true}]}}