{"id":302207,"date":"2022-11-08T10:22:08","date_gmt":"2022-11-08T10:22:08","guid":{"rendered":"https:\/\/coffeelounge.delonghi.com\/?post_type=product&#038;p=302207"},"modified":"2024-03-04T09:16:30","modified_gmt":"2024-03-04T09:16:30","slug":"der-fullofspiritz","status":"publish","type":"product","link":"https:\/\/coffeelounge.delonghi.com\/de\/produkt\/der-fullofspiritz\/","title":{"rendered":"Der Fullofspiritz"},"content":{"rendered":"<p>Ganz klassische italienische Espressor\u00f6stung in moderner Umsetzung. Vollmundiger Kaffee mit w\u00fcrzigen Noten und dichter Crema. Die kr\u00e4ftig-schokoladigen Nuancen werden \u00fcberzeugen. Der Fulofspiritz schmeckt auch als Cappuccino hervorragend.<\/p>\n<p>Dieser gro\u00dfartige schokoladige Blend begeistert mit einem sehr aufregenden und komplexen Geschmacksbild, mit den Noten von Steinfr\u00fcchten und einer spritzigen W\u00fcrze. Sehr einfach und solide in der Zubereitung, mit wundervoller Crema und herausragend gutem Geschmack in Milchgetr\u00e4nken.<\/p>\n<p>Eine ausgewogene Mischung aus drei Herkunftsl\u00e4ndern. Diese dunkle Espressor\u00f6stung mit klassischem Aroma entspricht ganz offensichtlich dem Ideal und den W\u00fcnschen der meisten Liebhaber der dunklen R\u00f6stungen. Die Blends werden aus direkt gehandelten Kaffees von uns ger\u00f6stet.<\/p>\n<p><strong>Herkunft<\/strong><\/p>\n<p>50% Ecuador, APECAP, Zamora, Arabica, Washed<br \/>\nDie APECAP ist die Kooperative, die in den letzten Jahren die Kaffees mit der besten Tassenqualit\u00e4t in Ecuador produzierte. Die hochwertige Qualit\u00e4t und Verarbeitung der Bohnen l\u00e4sst sich klar erkennen und spricht f\u00fcr sich selbst. Die Variationen Typica, Bourbon und Caturra werden auf 1 550 bis 1 800 m angebaut und es wird f\u00fcr die ausgezeichnete Qualit\u00e4t gesorgt.<\/p>\n<p>30% Peru, CENFROCAFE, Arabica, washed<br \/>\nDie Kooperative CENFROCAFE liegt im Norden Perus, nahe der ecuadorianischen Grenze. Ihre Zentrale ist im Ort Ja\u00e9n in der Region Piura. Die Kooperative ist gro\u00df, stabil und erfolgreich und baut sehr viel Catimor-Kaffee f\u00fcr gro\u00dfe Importeure an. Der nat\u00fcrliche, nachhaltige Anbau besteht zumeist aus sehr sorgf\u00e4ltig angebauten Caturras, Typicas, Bourbons und Catuais aus H\u00f6hen von 1600 bis 1800 m.<\/p>\n<p>20% Indien, Robusta, washed.<br \/>\nIn Anbaugebiet Karnataka, wird rund 70 % des gesamten indischen Kaffees produziert. Robusta wird vor allem in der kleineren Region Chikmagalur angebaut. Indiens Grading System klassifiziert gewaschene Robusta als \u201eParchment\u201c. Durch das Pulping, die Fermentierung und das Waschen des Kaffees entwickelt sich ein ganz besonderes Tassenprofil, welches durch seine Sanftheit \u00fcberzeugt. Anbauh\u00f6he 1200m.<\/p>\n<p><strong>Tipps zur Zubereitung<\/strong><br \/>\nAm besten frisch gemahlen, zubereitet im Siebtr\u00e4ger, in der Herdkanne, oder im Vollautomaten. Empfehlung f\u00fcr Einstellungen DeLonghi Vollautomaten: Mahlgrad (3), Menge (S), Aroma (3), Temperatur: niedrig.<\/p>\n","protected":false},"excerpt":{"rendered":"<p>Ganz klassische italienische Espressor\u00f6stung in moderner Umsetzung. Vollmundiger Kaffee mit w\u00fcrzigen Noten und dichter Crema. Die kr\u00e4ftig-schokoladigen Nuancen werden \u00fcberzeugen. Der Fulofspiritz schmeckt auch als Cappuccino hervorragend. Dieser gro\u00dfartige schokoladige Blend begeistert mit einem sehr aufregenden und komplexen Geschmacksbild, mit den Noten von Steinfr\u00fcchten und einer spritzigen W\u00fcrze. Sehr einfach und solide in der Zubereitung, [&hellip;]<\/p>\n","protected":false},"featured_media":421257,"comment_status":"closed","ping_status":"closed","template":"","meta":{"_acf_changed":false},"product_cat":[262,364,277],"product_tag":[],"class_list":{"0":"post-302207","1":"product","2":"type-product","3":"status-publish","4":"has-post-thumbnail","6":"product_cat-alle-kaffees","7":"product_cat-blend","8":"product_cat-spezialitaetenkaffee","10":"first","11":"instock","12":"taxable","13":"shipping-taxable","14":"purchasable","15":"product-type-variable"},"acf":[],"yoast_head":"<!-- This site is optimized with the Yoast SEO Premium plugin v24.5 (Yoast SEO v24.5) - https:\/\/yoast.com\/wordpress\/plugins\/seo\/ -->\n<title>Der Fullofspiritz | Coffee Lounge De&#039;Longhi<\/title>\n<meta name=\"description\" content=\"Der Fullofspiritz ist eine ganz klassische italienische Espressor\u00f6stung in moderner Umsetzung aus drei Herkunftsl\u00e4ndern.\" \/>\n<meta name=\"robots\" content=\"index, follow, max-snippet:-1, max-image-preview:large, max-video-preview:-1\" \/>\n<meta name=\"twitter:card\" content=\"summary_large_image\" \/>\n<meta name=\"twitter:title\" content=\"Der Fullofspiritz | Coffee Lounge De&#039;Longhi\" \/>\n<meta name=\"twitter:description\" content=\"Der Fullofspiritz ist eine ganz klassische italienische Espressor\u00f6stung in moderner Umsetzung aus drei Herkunftsl\u00e4ndern.\" \/>\n<meta name=\"twitter:image\" content=\"https:\/\/coffeelounge.delonghi.com\/wp-content\/uploads\/2022\/11\/bru_fulofspiritz.png\" \/>\n<script type=\"application\/ld+json\" class=\"yoast-schema-graph\">{\"@context\":\"https:\/\/schema.org\",\"@graph\":[{\"@type\":\"WebPage\",\"@id\":\"https:\/\/coffeelounge.delonghi.com\/de\/produkt\/der-fullofspiritz\/\",\"url\":\"https:\/\/coffeelounge.delonghi.com\/de\/produkt\/der-fullofspiritz\/\",\"name\":\"Der Fullofspiritz | Coffee Lounge De&#039;Longhi\",\"isPartOf\":{\"@id\":\"https:\/\/coffeelounge.delonghi.com\/de\/#website\"},\"primaryImageOfPage\":{\"@id\":\"https:\/\/coffeelounge.delonghi.com\/de\/produkt\/der-fullofspiritz\/#primaryimage\"},\"image\":{\"@id\":\"https:\/\/coffeelounge.delonghi.com\/de\/produkt\/der-fullofspiritz\/#primaryimage\"},\"thumbnailUrl\":\"https:\/\/coffeelounge.delonghi.com\/wp-content\/uploads\/2022\/11\/bru_fulofspiritz.png\",\"datePublished\":\"2022-11-08T10:22:08+00:00\",\"dateModified\":\"2024-03-04T09:16:30+00:00\",\"description\":\"Der Fullofspiritz ist eine ganz klassische italienische Espressor\u00f6stung in moderner Umsetzung aus drei Herkunftsl\u00e4ndern.\",\"breadcrumb\":{\"@id\":\"https:\/\/coffeelounge.delonghi.com\/de\/produkt\/der-fullofspiritz\/#breadcrumb\"},\"inLanguage\":\"de\",\"potentialAction\":[{\"@type\":\"ReadAction\",\"target\":[\"https:\/\/coffeelounge.delonghi.com\/de\/produkt\/der-fullofspiritz\/\"]}]},{\"@type\":\"ImageObject\",\"inLanguage\":\"de\",\"@id\":\"https:\/\/coffeelounge.delonghi.com\/de\/produkt\/der-fullofspiritz\/#primaryimage\",\"url\":\"https:\/\/coffeelounge.delonghi.com\/wp-content\/uploads\/2022\/11\/bru_fulofspiritz.png\",\"contentUrl\":\"https:\/\/coffeelounge.delonghi.com\/wp-content\/uploads\/2022\/11\/bru_fulofspiritz.png\",\"width\":1000,\"height\":1000},{\"@type\":\"BreadcrumbList\",\"@id\":\"https:\/\/coffeelounge.delonghi.com\/de\/produkt\/der-fullofspiritz\/#breadcrumb\",\"itemListElement\":[{\"@type\":\"ListItem\",\"position\":1,\"name\":\"Home\",\"item\":\"https:\/\/coffeelounge.delonghi.com\/de\/\"},{\"@type\":\"ListItem\",\"position\":2,\"name\":\"Produkte\",\"item\":\"https:\/\/coffeelounge.delonghi.com\/de\/produkte\/\"},{\"@type\":\"ListItem\",\"position\":3,\"name\":\"Der Fullofspiritz\"}]},{\"@type\":\"WebSite\",\"@id\":\"https:\/\/coffeelounge.delonghi.com\/de\/#website\",\"url\":\"https:\/\/coffeelounge.delonghi.com\/de\/\",\"name\":\"De&#039;Longhi\",\"description\":\"Coffee Lounge\",\"publisher\":{\"@id\":\"https:\/\/coffeelounge.delonghi.com\/de\/#organization\"},\"potentialAction\":[{\"@type\":\"SearchAction\",\"target\":{\"@type\":\"EntryPoint\",\"urlTemplate\":\"https:\/\/coffeelounge.delonghi.com\/de\/?s={search_term_string}\"},\"query-input\":{\"@type\":\"PropertyValueSpecification\",\"valueRequired\":true,\"valueName\":\"search_term_string\"}}],\"inLanguage\":\"de\"},{\"@type\":\"Organization\",\"@id\":\"https:\/\/coffeelounge.delonghi.com\/de\/#organization\",\"name\":\"De'Longhi Coffee Lounge\",\"url\":\"https:\/\/coffeelounge.delonghi.com\/de\/\",\"logo\":{\"@type\":\"ImageObject\",\"inLanguage\":\"de\",\"@id\":\"https:\/\/coffeelounge.delonghi.com\/de\/#\/schema\/logo\/image\/\",\"url\":\"https:\/\/coffeelounge.delonghi.com\/wp-content\/uploads\/2020\/05\/delonghi-coffee-lounge-logo-nederland.png\",\"contentUrl\":\"https:\/\/coffeelounge.delonghi.com\/wp-content\/uploads\/2020\/05\/delonghi-coffee-lounge-logo-nederland.png\",\"width\":2337,\"height\":724,\"caption\":\"De'Longhi Coffee Lounge\"},\"image\":{\"@id\":\"https:\/\/coffeelounge.delonghi.com\/de\/#\/schema\/logo\/image\/\"}}]}<\/script>\n<!-- \/ Yoast SEO Premium plugin. -->","yoast_head_json":{"title":"Der Fullofspiritz | Coffee Lounge De&#039;Longhi","description":"Der Fullofspiritz ist eine ganz klassische italienische Espressor\u00f6stung in moderner Umsetzung aus drei Herkunftsl\u00e4ndern.","robots":{"index":"index","follow":"follow","max-snippet":"max-snippet:-1","max-image-preview":"max-image-preview:large","max-video-preview":"max-video-preview:-1"},"twitter_card":"summary_large_image","twitter_title":"Der Fullofspiritz | Coffee Lounge De&#039;Longhi","twitter_description":"Der Fullofspiritz ist eine ganz klassische italienische Espressor\u00f6stung in moderner Umsetzung aus drei Herkunftsl\u00e4ndern.","twitter_image":"https:\/\/coffeelounge.delonghi.com\/wp-content\/uploads\/2022\/11\/bru_fulofspiritz.png","schema":{"@context":"https:\/\/schema.org","@graph":[{"@type":"WebPage","@id":"https:\/\/coffeelounge.delonghi.com\/de\/produkt\/der-fullofspiritz\/","url":"https:\/\/coffeelounge.delonghi.com\/de\/produkt\/der-fullofspiritz\/","name":"Der Fullofspiritz | Coffee Lounge De&#039;Longhi","isPartOf":{"@id":"https:\/\/coffeelounge.delonghi.com\/de\/#website"},"primaryImageOfPage":{"@id":"https:\/\/coffeelounge.delonghi.com\/de\/produkt\/der-fullofspiritz\/#primaryimage"},"image":{"@id":"https:\/\/coffeelounge.delonghi.com\/de\/produkt\/der-fullofspiritz\/#primaryimage"},"thumbnailUrl":"https:\/\/coffeelounge.delonghi.com\/wp-content\/uploads\/2022\/11\/bru_fulofspiritz.png","datePublished":"2022-11-08T10:22:08+00:00","dateModified":"2024-03-04T09:16:30+00:00","description":"Der Fullofspiritz ist eine ganz klassische italienische Espressor\u00f6stung in moderner Umsetzung aus drei Herkunftsl\u00e4ndern.","breadcrumb":{"@id":"https:\/\/coffeelounge.delonghi.com\/de\/produkt\/der-fullofspiritz\/#breadcrumb"},"inLanguage":"de","potentialAction":[{"@type":"ReadAction","target":["https:\/\/coffeelounge.delonghi.com\/de\/produkt\/der-fullofspiritz\/"]}]},{"@type":"ImageObject","inLanguage":"de","@id":"https:\/\/coffeelounge.delonghi.com\/de\/produkt\/der-fullofspiritz\/#primaryimage","url":"https:\/\/coffeelounge.delonghi.com\/wp-content\/uploads\/2022\/11\/bru_fulofspiritz.png","contentUrl":"https:\/\/coffeelounge.delonghi.com\/wp-content\/uploads\/2022\/11\/bru_fulofspiritz.png","width":1000,"height":1000},{"@type":"BreadcrumbList","@id":"https:\/\/coffeelounge.delonghi.com\/de\/produkt\/der-fullofspiritz\/#breadcrumb","itemListElement":[{"@type":"ListItem","position":1,"name":"Home","item":"https:\/\/coffeelounge.delonghi.com\/de\/"},{"@type":"ListItem","position":2,"name":"Produkte","item":"https:\/\/coffeelounge.delonghi.com\/de\/produkte\/"},{"@type":"ListItem","position":3,"name":"Der Fullofspiritz"}]},{"@type":"WebSite","@id":"https:\/\/coffeelounge.delonghi.com\/de\/#website","url":"https:\/\/coffeelounge.delonghi.com\/de\/","name":"De&#039;Longhi","description":"Coffee Lounge","publisher":{"@id":"https:\/\/coffeelounge.delonghi.com\/de\/#organization"},"potentialAction":[{"@type":"SearchAction","target":{"@type":"EntryPoint","urlTemplate":"https:\/\/coffeelounge.delonghi.com\/de\/?s={search_term_string}"},"query-input":{"@type":"PropertyValueSpecification","valueRequired":true,"valueName":"search_term_string"}}],"inLanguage":"de"},{"@type":"Organization","@id":"https:\/\/coffeelounge.delonghi.com\/de\/#organization","name":"De'Longhi Coffee Lounge","url":"https:\/\/coffeelounge.delonghi.com\/de\/","logo":{"@type":"ImageObject","inLanguage":"de","@id":"https:\/\/coffeelounge.delonghi.com\/de\/#\/schema\/logo\/image\/","url":"https:\/\/coffeelounge.delonghi.com\/wp-content\/uploads\/2020\/05\/delonghi-coffee-lounge-logo-nederland.png","contentUrl":"https:\/\/coffeelounge.delonghi.com\/wp-content\/uploads\/2020\/05\/delonghi-coffee-lounge-logo-nederland.png","width":2337,"height":724,"caption":"De'Longhi Coffee Lounge"},"image":{"@id":"https:\/\/coffeelounge.delonghi.com\/de\/#\/schema\/logo\/image\/"}}]}},"_links":{"self":[{"href":"https:\/\/coffeelounge.delonghi.com\/de\/wp-json\/wp\/v2\/product\/302207","targetHints":{"allow":["GET"]}}],"collection":[{"href":"https:\/\/coffeelounge.delonghi.com\/de\/wp-json\/wp\/v2\/product"}],"about":[{"href":"https:\/\/coffeelounge.delonghi.com\/de\/wp-json\/wp\/v2\/types\/product"}],"replies":[{"embeddable":true,"href":"https:\/\/coffeelounge.delonghi.com\/de\/wp-json\/wp\/v2\/comments?post=302207"}],"version-history":[{"count":2,"href":"https:\/\/coffeelounge.delonghi.com\/de\/wp-json\/wp\/v2\/product\/302207\/revisions"}],"predecessor-version":[{"id":422102,"href":"https:\/\/coffeelounge.delonghi.com\/de\/wp-json\/wp\/v2\/product\/302207\/revisions\/422102"}],"wp:featuredmedia":[{"embeddable":true,"href":"https:\/\/coffeelounge.delonghi.com\/de\/wp-json\/wp\/v2\/media\/421257"}],"wp:attachment":[{"href":"https:\/\/coffeelounge.delonghi.com\/de\/wp-json\/wp\/v2\/media?parent=302207"}],"wp:term":[{"taxonomy":"product_cat","embeddable":true,"href":"https:\/\/coffeelounge.delonghi.com\/de\/wp-json\/wp\/v2\/product_cat?post=302207"},{"taxonomy":"product_tag","embeddable":true,"href":"https:\/\/coffeelounge.delonghi.com\/de\/wp-json\/wp\/v2\/product_tag?post=302207"}],"curies":[{"name":"wp","href":"https:\/\/api.w.org\/{rel}","templated":true}]}}