{"id":302184,"date":"2022-11-08T10:10:29","date_gmt":"2022-11-08T10:10:29","guid":{"rendered":"https:\/\/coffeelounge.delonghi.com\/?post_type=product&#038;p=302184"},"modified":"2024-03-04T09:16:38","modified_gmt":"2024-03-04T09:16:38","slug":"der-ballert","status":"publish","type":"product","link":"https:\/\/coffeelounge.delonghi.com\/de\/produkt\/der-ballert\/","title":{"rendered":"Der Ballert"},"content":{"rendered":"<p>Sehr spannender Kaffee &#8211; Fine Robusta aus Ecuador-Variet\u00e4t Napo Payamino- der uns durch seinen Geschmack begeistert. Die s\u00fc\u00dfe Aromen von Waldbeeren str\u00f6men in die Tasse ein. Die Noten von Karamell und Milchschokolade harmonieren wunderbar mit fruchtiger S\u00fc\u00dfe. Die S\u00e4ure sind dezent, die Tasse ist klar und ausgewogen.<\/p>\n<p>Unbedingt probieren!!!<\/p>\n<p><strong>Herkunft<\/strong><br \/>\n100% Ecuador, Region Sumaco Biosphere Reserve (Geopark), Sinchi Chakra Warmi Women&#8217;s Coffee Association, Fine Robusta, Napo Payamino, natural.<br \/>\nUnser neuer Produkt- Coffea Canephora aus Ecuador. Die Produzenten: Chakra Warmi &#8211; &#8220;&#8221;Strong women working the Chakra together&#8221;&#8221; &#8211; ca. 400 Familien aus 51 unterschiedlichen Kommunen. Die Anbauh\u00f6he liegt zwischen 350 und 550 m. Ernte: Juni &#8211; Oktober. Variet\u00e4t: Napo Payamino, natural aufbereitet.<\/p>\n<p>Die Frauenvereinigung Chakra Warmi arbeitet zusammen, um das Volumen und den internationalen Markt f\u00fcr gute Canephora, also feine Robusta zu erreichen. Sie sind sehr aktiv und arbeiten eng mit ihren Familien, Nachbarn und vielen Bauern aus der Region zusammen. \u00dcber 400 Familien aus 51 Gemeinden kooperieren mit diesem Verein. Sie organisieren Trainings und Workshops f\u00fcr die Produzenten, um die Produktion zu verbessern und den besten Kaffee zu bekommen. Der Verein f\u00fchrt viele soziale Projekte mit seinen Produzenten durch, von der medizinischen Versorgung bis hin zu Workshops zur St\u00e4rkung der Frauen.<\/p>\n<p>Chakra ist ein traditionelles Agroforstsystem der Vorfahren, das von den Kichwas im Amazonasgebiet von Ecuador praktiziert wird. Die Idee eines Chakras ist, dass die Ureinwohner in ihrem Land alles finden k\u00f6nnen, was sie zum \u00dcberleben brauchen.<\/p>\n<p><strong>Tipps zur Zubereitung<\/strong><br \/>\nAm besten frisch mahlen, um die volatilen Aromen zu erhalten eignet sich dieser Kaffee besonders gut f\u00fcr die Zubereitung mit dem Handfilter, der Chemex Karaffe, der Aeropress sowie im Siebtr\u00e4ger. Ideal f\u00fcr Vollautomaten! Empfehlung f\u00fcr Einstellungen DeLonghi Vollautomaten: Mahlgrad (3), Menge (S), Aroma (3), Temperatur: niedrig.&#8221;<\/p>\n","protected":false},"excerpt":{"rendered":"<p>Sehr spannender Kaffee &#8211; Fine Robusta aus Ecuador-Variet\u00e4t Napo Payamino- der uns durch seinen Geschmack begeistert. Die s\u00fc\u00dfe Aromen von Waldbeeren str\u00f6men in die Tasse ein. Die Noten von Karamell und Milchschokolade harmonieren wunderbar mit fruchtiger S\u00fc\u00dfe. Die S\u00e4ure sind dezent, die Tasse ist klar und ausgewogen. Unbedingt probieren!!! Herkunft 100% Ecuador, Region Sumaco Biosphere [&hellip;]<\/p>\n","protected":false},"featured_media":421244,"comment_status":"closed","ping_status":"closed","template":"","meta":{"_acf_changed":false},"product_cat":[262,261,277],"product_tag":[],"class_list":{"0":"post-302184","1":"product","2":"type-product","3":"status-publish","4":"has-post-thumbnail","6":"product_cat-alle-kaffees","7":"product_cat-single-origin","8":"product_cat-spezialitaetenkaffee","10":"first","11":"instock","12":"taxable","13":"shipping-taxable","14":"purchasable","15":"product-type-variable"},"acf":[],"yoast_head":"<!-- This site is optimized with the Yoast SEO Premium plugin v24.5 (Yoast SEO v24.5) - https:\/\/yoast.com\/wordpress\/plugins\/seo\/ -->\n<title>Der Ballert | Coffee Lounge De&#039;Longhi<\/title>\n<meta name=\"description\" content=\"Der Ballert ist ein spannender Fine Robusta-Kaffee aus Ecuado, der uns durch seinen Geschmack begeistert und seinem Namen gerecht wird.\" \/>\n<meta name=\"robots\" content=\"index, follow, max-snippet:-1, max-image-preview:large, max-video-preview:-1\" \/>\n<meta name=\"twitter:card\" content=\"summary_large_image\" \/>\n<meta name=\"twitter:title\" content=\"Der Ballert | Coffee Lounge De&#039;Longhi\" \/>\n<meta name=\"twitter:description\" content=\"Der Ballert ist ein spannender Fine Robusta-Kaffee aus Ecuado, der uns durch seinen Geschmack begeistert und seinem Namen gerecht wird.\" \/>\n<meta name=\"twitter:image\" content=\"https:\/\/coffeelounge.delonghi.com\/wp-content\/uploads\/2022\/11\/bru_ballert.png\" \/>\n<script type=\"application\/ld+json\" class=\"yoast-schema-graph\">{\"@context\":\"https:\/\/schema.org\",\"@graph\":[{\"@type\":\"WebPage\",\"@id\":\"https:\/\/coffeelounge.delonghi.com\/de\/produkt\/der-ballert\/\",\"url\":\"https:\/\/coffeelounge.delonghi.com\/de\/produkt\/der-ballert\/\",\"name\":\"Der Ballert | Coffee Lounge De&#039;Longhi\",\"isPartOf\":{\"@id\":\"https:\/\/coffeelounge.delonghi.com\/de\/#website\"},\"primaryImageOfPage\":{\"@id\":\"https:\/\/coffeelounge.delonghi.com\/de\/produkt\/der-ballert\/#primaryimage\"},\"image\":{\"@id\":\"https:\/\/coffeelounge.delonghi.com\/de\/produkt\/der-ballert\/#primaryimage\"},\"thumbnailUrl\":\"https:\/\/coffeelounge.delonghi.com\/wp-content\/uploads\/2022\/11\/bru_ballert.png\",\"datePublished\":\"2022-11-08T10:10:29+00:00\",\"dateModified\":\"2024-03-04T09:16:38+00:00\",\"description\":\"Der Ballert ist ein spannender Fine Robusta-Kaffee aus Ecuado, der uns durch seinen Geschmack begeistert und seinem Namen gerecht wird.\",\"breadcrumb\":{\"@id\":\"https:\/\/coffeelounge.delonghi.com\/de\/produkt\/der-ballert\/#breadcrumb\"},\"inLanguage\":\"de\",\"potentialAction\":[{\"@type\":\"ReadAction\",\"target\":[\"https:\/\/coffeelounge.delonghi.com\/de\/produkt\/der-ballert\/\"]}]},{\"@type\":\"ImageObject\",\"inLanguage\":\"de\",\"@id\":\"https:\/\/coffeelounge.delonghi.com\/de\/produkt\/der-ballert\/#primaryimage\",\"url\":\"https:\/\/coffeelounge.delonghi.com\/wp-content\/uploads\/2022\/11\/bru_ballert.png\",\"contentUrl\":\"https:\/\/coffeelounge.delonghi.com\/wp-content\/uploads\/2022\/11\/bru_ballert.png\",\"width\":1000,\"height\":1000},{\"@type\":\"BreadcrumbList\",\"@id\":\"https:\/\/coffeelounge.delonghi.com\/de\/produkt\/der-ballert\/#breadcrumb\",\"itemListElement\":[{\"@type\":\"ListItem\",\"position\":1,\"name\":\"Home\",\"item\":\"https:\/\/coffeelounge.delonghi.com\/de\/\"},{\"@type\":\"ListItem\",\"position\":2,\"name\":\"Produkte\",\"item\":\"https:\/\/coffeelounge.delonghi.com\/de\/produkte\/\"},{\"@type\":\"ListItem\",\"position\":3,\"name\":\"Der Ballert\"}]},{\"@type\":\"WebSite\",\"@id\":\"https:\/\/coffeelounge.delonghi.com\/de\/#website\",\"url\":\"https:\/\/coffeelounge.delonghi.com\/de\/\",\"name\":\"De&#039;Longhi\",\"description\":\"Coffee Lounge\",\"publisher\":{\"@id\":\"https:\/\/coffeelounge.delonghi.com\/de\/#organization\"},\"potentialAction\":[{\"@type\":\"SearchAction\",\"target\":{\"@type\":\"EntryPoint\",\"urlTemplate\":\"https:\/\/coffeelounge.delonghi.com\/de\/?s={search_term_string}\"},\"query-input\":{\"@type\":\"PropertyValueSpecification\",\"valueRequired\":true,\"valueName\":\"search_term_string\"}}],\"inLanguage\":\"de\"},{\"@type\":\"Organization\",\"@id\":\"https:\/\/coffeelounge.delonghi.com\/de\/#organization\",\"name\":\"De'Longhi Coffee Lounge\",\"url\":\"https:\/\/coffeelounge.delonghi.com\/de\/\",\"logo\":{\"@type\":\"ImageObject\",\"inLanguage\":\"de\",\"@id\":\"https:\/\/coffeelounge.delonghi.com\/de\/#\/schema\/logo\/image\/\",\"url\":\"https:\/\/coffeelounge.delonghi.com\/wp-content\/uploads\/2020\/05\/delonghi-coffee-lounge-logo-nederland.png\",\"contentUrl\":\"https:\/\/coffeelounge.delonghi.com\/wp-content\/uploads\/2020\/05\/delonghi-coffee-lounge-logo-nederland.png\",\"width\":2337,\"height\":724,\"caption\":\"De'Longhi Coffee Lounge\"},\"image\":{\"@id\":\"https:\/\/coffeelounge.delonghi.com\/de\/#\/schema\/logo\/image\/\"}}]}<\/script>\n<!-- \/ Yoast SEO Premium plugin. -->","yoast_head_json":{"title":"Der Ballert | Coffee Lounge De&#039;Longhi","description":"Der Ballert ist ein spannender Fine Robusta-Kaffee aus Ecuado, der uns durch seinen Geschmack begeistert und seinem Namen gerecht wird.","robots":{"index":"index","follow":"follow","max-snippet":"max-snippet:-1","max-image-preview":"max-image-preview:large","max-video-preview":"max-video-preview:-1"},"twitter_card":"summary_large_image","twitter_title":"Der Ballert | Coffee Lounge De&#039;Longhi","twitter_description":"Der Ballert ist ein spannender Fine Robusta-Kaffee aus Ecuado, der uns durch seinen Geschmack begeistert und seinem Namen gerecht wird.","twitter_image":"https:\/\/coffeelounge.delonghi.com\/wp-content\/uploads\/2022\/11\/bru_ballert.png","schema":{"@context":"https:\/\/schema.org","@graph":[{"@type":"WebPage","@id":"https:\/\/coffeelounge.delonghi.com\/de\/produkt\/der-ballert\/","url":"https:\/\/coffeelounge.delonghi.com\/de\/produkt\/der-ballert\/","name":"Der Ballert | Coffee Lounge De&#039;Longhi","isPartOf":{"@id":"https:\/\/coffeelounge.delonghi.com\/de\/#website"},"primaryImageOfPage":{"@id":"https:\/\/coffeelounge.delonghi.com\/de\/produkt\/der-ballert\/#primaryimage"},"image":{"@id":"https:\/\/coffeelounge.delonghi.com\/de\/produkt\/der-ballert\/#primaryimage"},"thumbnailUrl":"https:\/\/coffeelounge.delonghi.com\/wp-content\/uploads\/2022\/11\/bru_ballert.png","datePublished":"2022-11-08T10:10:29+00:00","dateModified":"2024-03-04T09:16:38+00:00","description":"Der Ballert ist ein spannender Fine Robusta-Kaffee aus Ecuado, der uns durch seinen Geschmack begeistert und seinem Namen gerecht wird.","breadcrumb":{"@id":"https:\/\/coffeelounge.delonghi.com\/de\/produkt\/der-ballert\/#breadcrumb"},"inLanguage":"de","potentialAction":[{"@type":"ReadAction","target":["https:\/\/coffeelounge.delonghi.com\/de\/produkt\/der-ballert\/"]}]},{"@type":"ImageObject","inLanguage":"de","@id":"https:\/\/coffeelounge.delonghi.com\/de\/produkt\/der-ballert\/#primaryimage","url":"https:\/\/coffeelounge.delonghi.com\/wp-content\/uploads\/2022\/11\/bru_ballert.png","contentUrl":"https:\/\/coffeelounge.delonghi.com\/wp-content\/uploads\/2022\/11\/bru_ballert.png","width":1000,"height":1000},{"@type":"BreadcrumbList","@id":"https:\/\/coffeelounge.delonghi.com\/de\/produkt\/der-ballert\/#breadcrumb","itemListElement":[{"@type":"ListItem","position":1,"name":"Home","item":"https:\/\/coffeelounge.delonghi.com\/de\/"},{"@type":"ListItem","position":2,"name":"Produkte","item":"https:\/\/coffeelounge.delonghi.com\/de\/produkte\/"},{"@type":"ListItem","position":3,"name":"Der Ballert"}]},{"@type":"WebSite","@id":"https:\/\/coffeelounge.delonghi.com\/de\/#website","url":"https:\/\/coffeelounge.delonghi.com\/de\/","name":"De&#039;Longhi","description":"Coffee Lounge","publisher":{"@id":"https:\/\/coffeelounge.delonghi.com\/de\/#organization"},"potentialAction":[{"@type":"SearchAction","target":{"@type":"EntryPoint","urlTemplate":"https:\/\/coffeelounge.delonghi.com\/de\/?s={search_term_string}"},"query-input":{"@type":"PropertyValueSpecification","valueRequired":true,"valueName":"search_term_string"}}],"inLanguage":"de"},{"@type":"Organization","@id":"https:\/\/coffeelounge.delonghi.com\/de\/#organization","name":"De'Longhi Coffee Lounge","url":"https:\/\/coffeelounge.delonghi.com\/de\/","logo":{"@type":"ImageObject","inLanguage":"de","@id":"https:\/\/coffeelounge.delonghi.com\/de\/#\/schema\/logo\/image\/","url":"https:\/\/coffeelounge.delonghi.com\/wp-content\/uploads\/2020\/05\/delonghi-coffee-lounge-logo-nederland.png","contentUrl":"https:\/\/coffeelounge.delonghi.com\/wp-content\/uploads\/2020\/05\/delonghi-coffee-lounge-logo-nederland.png","width":2337,"height":724,"caption":"De'Longhi Coffee Lounge"},"image":{"@id":"https:\/\/coffeelounge.delonghi.com\/de\/#\/schema\/logo\/image\/"}}]}},"_links":{"self":[{"href":"https:\/\/coffeelounge.delonghi.com\/de\/wp-json\/wp\/v2\/product\/302184","targetHints":{"allow":["GET"]}}],"collection":[{"href":"https:\/\/coffeelounge.delonghi.com\/de\/wp-json\/wp\/v2\/product"}],"about":[{"href":"https:\/\/coffeelounge.delonghi.com\/de\/wp-json\/wp\/v2\/types\/product"}],"replies":[{"embeddable":true,"href":"https:\/\/coffeelounge.delonghi.com\/de\/wp-json\/wp\/v2\/comments?post=302184"}],"version-history":[{"count":3,"href":"https:\/\/coffeelounge.delonghi.com\/de\/wp-json\/wp\/v2\/product\/302184\/revisions"}],"predecessor-version":[{"id":422103,"href":"https:\/\/coffeelounge.delonghi.com\/de\/wp-json\/wp\/v2\/product\/302184\/revisions\/422103"}],"wp:featuredmedia":[{"embeddable":true,"href":"https:\/\/coffeelounge.delonghi.com\/de\/wp-json\/wp\/v2\/media\/421244"}],"wp:attachment":[{"href":"https:\/\/coffeelounge.delonghi.com\/de\/wp-json\/wp\/v2\/media?parent=302184"}],"wp:term":[{"taxonomy":"product_cat","embeddable":true,"href":"https:\/\/coffeelounge.delonghi.com\/de\/wp-json\/wp\/v2\/product_cat?post=302184"},{"taxonomy":"product_tag","embeddable":true,"href":"https:\/\/coffeelounge.delonghi.com\/de\/wp-json\/wp\/v2\/product_tag?post=302184"}],"curies":[{"name":"wp","href":"https:\/\/api.w.org\/{rel}","templated":true}]}}