{"id":298211,"date":"2022-11-04T11:07:37","date_gmt":"2022-11-04T11:07:37","guid":{"rendered":"https:\/\/coffeelounge.delonghi.com\/?post_type=product&#038;p=298211"},"modified":"2024-03-04T09:18:27","modified_gmt":"2024-03-04T09:18:27","slug":"organic-bio-kaffee-aethiopien","status":"publish","type":"product","link":"https:\/\/coffeelounge.delonghi.com\/de\/produkt\/organic-bio-kaffee-aethiopien\/","title":{"rendered":"Organic Bio-Kaffee \u00c4thiopien"},"content":{"rendered":"<p>Unser Klassiker als Kaffeer\u00f6stung.<\/p>\n<p>Diese s\u00e4urearme Kaffeer\u00f6stung \u00fcberzeugt durch leckere Schokoladen- und Nussaromen und Noten von Earl Grey, Bergamotte und fruchtiger Aprikose. Der Bio-Kaffee ist medium ger\u00f6stet aus 100% wildgewachsenen Arabica Bohnen aus dem Sheka Forest. Zuhause zubereitet entfaltet der Bio-Kaffee Sheka Forest in allen Filter-Zubereitungsarten seine St\u00e4rken!<\/p>\n<p>Der immergr\u00fcne Feuchtwald, der im Sheka Forest zu finden ist, gilt als der letzte indigene Wald \u00c4thiopiens. Hier leben unz\u00e4hlige, teils endemische Pflanzen- und Tierarten &#8211; viele von ihnen vom Aussterben bedroht. Auch wilder Coffea Arabica w\u00e4chst in den W\u00e4ldern &#8211; 2017 wurde er erstmals exportiert. Der Sheka Forest wurde 2012 zum UNESCO-Biosph\u00e4renreservat ernannt. Manche Kaffees aus dem Sheka Forest schmecken fruchtig, andere kr\u00e4ftig-herb, wieder andere leicht und blumig. Wilder Coffea Arabica aus \u00c4thiopien birgt auch heute noch den Hauch des Exquisiten und Au\u00dfergew\u00f6hnlichen.<\/p>\n<p>Importiert wird der \u00e4thiopische Kaffee von Original Food aus Freiburg.<\/p>\n","protected":false},"excerpt":{"rendered":"<p>Unser Klassiker als Kaffeer\u00f6stung. Diese s\u00e4urearme Kaffeer\u00f6stung \u00fcberzeugt durch leckere Schokoladen- und Nussaromen und Noten von Earl Grey, Bergamotte und fruchtiger Aprikose. Der Bio-Kaffee ist medium ger\u00f6stet aus 100% wildgewachsenen Arabica Bohnen aus dem Sheka Forest. Zuhause zubereitet entfaltet der Bio-Kaffee Sheka Forest in allen Filter-Zubereitungsarten seine St\u00e4rken! Der immergr\u00fcne Feuchtwald, der im Sheka Forest [&hellip;]<\/p>\n","protected":false},"featured_media":421390,"comment_status":"closed","ping_status":"closed","template":"","meta":{"_acf_changed":false},"product_cat":[262,261],"product_tag":[],"class_list":{"0":"post-298211","1":"product","2":"type-product","3":"status-publish","4":"has-post-thumbnail","6":"product_cat-alle-kaffees","7":"product_cat-single-origin","9":"first","10":"instock","11":"taxable","12":"shipping-taxable","13":"purchasable","14":"product-type-variable"},"acf":[],"yoast_head":"<!-- This site is optimized with the Yoast SEO Premium plugin v24.5 (Yoast SEO v24.5) - https:\/\/yoast.com\/wordpress\/plugins\/seo\/ -->\n<title>Organic Bio-Kaffee \u00c4thiopien | Coffee Lounge De&#039;Longhi<\/title>\n<meta name=\"description\" content=\"Der Bio-Kaffee von 5 Senses aus \u00c4thiopien \u00fcberzeugt durch Schokoladen- und Nussaromen und Noten von Earl Grey, Bergamotte und Aprikose.\" \/>\n<meta name=\"robots\" content=\"index, follow, max-snippet:-1, max-image-preview:large, max-video-preview:-1\" \/>\n<meta name=\"twitter:card\" content=\"summary_large_image\" \/>\n<meta name=\"twitter:title\" content=\"Organic Bio-Kaffee \u00c4thiopien | Coffee Lounge De&#039;Longhi\" \/>\n<meta name=\"twitter:description\" content=\"Der Bio-Kaffee von 5 Senses aus \u00c4thiopien \u00fcberzeugt durch Schokoladen- und Nussaromen und Noten von Earl Grey, Bergamotte und Aprikose.\" \/>\n<meta name=\"twitter:image\" content=\"https:\/\/coffeelounge.delonghi.com\/wp-content\/uploads\/2022\/11\/organic_BIO_KAFFEE_athiopien.png\" \/>\n<script type=\"application\/ld+json\" class=\"yoast-schema-graph\">{\"@context\":\"https:\/\/schema.org\",\"@graph\":[{\"@type\":\"WebPage\",\"@id\":\"https:\/\/coffeelounge.delonghi.com\/de\/produkt\/organic-bio-kaffee-aethiopien\/\",\"url\":\"https:\/\/coffeelounge.delonghi.com\/de\/produkt\/organic-bio-kaffee-aethiopien\/\",\"name\":\"Organic Bio-Kaffee \u00c4thiopien | Coffee Lounge De&#039;Longhi\",\"isPartOf\":{\"@id\":\"https:\/\/coffeelounge.delonghi.com\/de\/#website\"},\"primaryImageOfPage\":{\"@id\":\"https:\/\/coffeelounge.delonghi.com\/de\/produkt\/organic-bio-kaffee-aethiopien\/#primaryimage\"},\"image\":{\"@id\":\"https:\/\/coffeelounge.delonghi.com\/de\/produkt\/organic-bio-kaffee-aethiopien\/#primaryimage\"},\"thumbnailUrl\":\"https:\/\/coffeelounge.delonghi.com\/wp-content\/uploads\/2022\/11\/organic_BIO_KAFFEE_athiopien.png\",\"datePublished\":\"2022-11-04T11:07:37+00:00\",\"dateModified\":\"2024-03-04T09:18:27+00:00\",\"description\":\"Der Bio-Kaffee von 5 Senses aus \u00c4thiopien \u00fcberzeugt durch Schokoladen- und Nussaromen und Noten von Earl Grey, Bergamotte und Aprikose.\",\"breadcrumb\":{\"@id\":\"https:\/\/coffeelounge.delonghi.com\/de\/produkt\/organic-bio-kaffee-aethiopien\/#breadcrumb\"},\"inLanguage\":\"de\",\"potentialAction\":[{\"@type\":\"ReadAction\",\"target\":[\"https:\/\/coffeelounge.delonghi.com\/de\/produkt\/organic-bio-kaffee-aethiopien\/\"]}]},{\"@type\":\"ImageObject\",\"inLanguage\":\"de\",\"@id\":\"https:\/\/coffeelounge.delonghi.com\/de\/produkt\/organic-bio-kaffee-aethiopien\/#primaryimage\",\"url\":\"https:\/\/coffeelounge.delonghi.com\/wp-content\/uploads\/2022\/11\/organic_BIO_KAFFEE_athiopien.png\",\"contentUrl\":\"https:\/\/coffeelounge.delonghi.com\/wp-content\/uploads\/2022\/11\/organic_BIO_KAFFEE_athiopien.png\",\"width\":450,\"height\":630},{\"@type\":\"BreadcrumbList\",\"@id\":\"https:\/\/coffeelounge.delonghi.com\/de\/produkt\/organic-bio-kaffee-aethiopien\/#breadcrumb\",\"itemListElement\":[{\"@type\":\"ListItem\",\"position\":1,\"name\":\"Home\",\"item\":\"https:\/\/coffeelounge.delonghi.com\/de\/\"},{\"@type\":\"ListItem\",\"position\":2,\"name\":\"Produkte\",\"item\":\"https:\/\/coffeelounge.delonghi.com\/de\/produkte\/\"},{\"@type\":\"ListItem\",\"position\":3,\"name\":\"Organic Bio-Kaffee \u00c4thiopien\"}]},{\"@type\":\"WebSite\",\"@id\":\"https:\/\/coffeelounge.delonghi.com\/de\/#website\",\"url\":\"https:\/\/coffeelounge.delonghi.com\/de\/\",\"name\":\"De&#039;Longhi\",\"description\":\"Coffee Lounge\",\"publisher\":{\"@id\":\"https:\/\/coffeelounge.delonghi.com\/de\/#organization\"},\"potentialAction\":[{\"@type\":\"SearchAction\",\"target\":{\"@type\":\"EntryPoint\",\"urlTemplate\":\"https:\/\/coffeelounge.delonghi.com\/de\/?s={search_term_string}\"},\"query-input\":{\"@type\":\"PropertyValueSpecification\",\"valueRequired\":true,\"valueName\":\"search_term_string\"}}],\"inLanguage\":\"de\"},{\"@type\":\"Organization\",\"@id\":\"https:\/\/coffeelounge.delonghi.com\/de\/#organization\",\"name\":\"De'Longhi Coffee Lounge\",\"url\":\"https:\/\/coffeelounge.delonghi.com\/de\/\",\"logo\":{\"@type\":\"ImageObject\",\"inLanguage\":\"de\",\"@id\":\"https:\/\/coffeelounge.delonghi.com\/de\/#\/schema\/logo\/image\/\",\"url\":\"https:\/\/coffeelounge.delonghi.com\/wp-content\/uploads\/2020\/05\/delonghi-coffee-lounge-logo-nederland.png\",\"contentUrl\":\"https:\/\/coffeelounge.delonghi.com\/wp-content\/uploads\/2020\/05\/delonghi-coffee-lounge-logo-nederland.png\",\"width\":2337,\"height\":724,\"caption\":\"De'Longhi Coffee Lounge\"},\"image\":{\"@id\":\"https:\/\/coffeelounge.delonghi.com\/de\/#\/schema\/logo\/image\/\"}}]}<\/script>\n<!-- \/ Yoast SEO Premium plugin. -->","yoast_head_json":{"title":"Organic Bio-Kaffee \u00c4thiopien | Coffee Lounge De&#039;Longhi","description":"Der Bio-Kaffee von 5 Senses aus \u00c4thiopien \u00fcberzeugt durch Schokoladen- und Nussaromen und Noten von Earl Grey, Bergamotte und Aprikose.","robots":{"index":"index","follow":"follow","max-snippet":"max-snippet:-1","max-image-preview":"max-image-preview:large","max-video-preview":"max-video-preview:-1"},"twitter_card":"summary_large_image","twitter_title":"Organic Bio-Kaffee \u00c4thiopien | Coffee Lounge De&#039;Longhi","twitter_description":"Der Bio-Kaffee von 5 Senses aus \u00c4thiopien \u00fcberzeugt durch Schokoladen- und Nussaromen und Noten von Earl Grey, Bergamotte und Aprikose.","twitter_image":"https:\/\/coffeelounge.delonghi.com\/wp-content\/uploads\/2022\/11\/organic_BIO_KAFFEE_athiopien.png","schema":{"@context":"https:\/\/schema.org","@graph":[{"@type":"WebPage","@id":"https:\/\/coffeelounge.delonghi.com\/de\/produkt\/organic-bio-kaffee-aethiopien\/","url":"https:\/\/coffeelounge.delonghi.com\/de\/produkt\/organic-bio-kaffee-aethiopien\/","name":"Organic Bio-Kaffee \u00c4thiopien | Coffee Lounge De&#039;Longhi","isPartOf":{"@id":"https:\/\/coffeelounge.delonghi.com\/de\/#website"},"primaryImageOfPage":{"@id":"https:\/\/coffeelounge.delonghi.com\/de\/produkt\/organic-bio-kaffee-aethiopien\/#primaryimage"},"image":{"@id":"https:\/\/coffeelounge.delonghi.com\/de\/produkt\/organic-bio-kaffee-aethiopien\/#primaryimage"},"thumbnailUrl":"https:\/\/coffeelounge.delonghi.com\/wp-content\/uploads\/2022\/11\/organic_BIO_KAFFEE_athiopien.png","datePublished":"2022-11-04T11:07:37+00:00","dateModified":"2024-03-04T09:18:27+00:00","description":"Der Bio-Kaffee von 5 Senses aus \u00c4thiopien \u00fcberzeugt durch Schokoladen- und Nussaromen und Noten von Earl Grey, Bergamotte und Aprikose.","breadcrumb":{"@id":"https:\/\/coffeelounge.delonghi.com\/de\/produkt\/organic-bio-kaffee-aethiopien\/#breadcrumb"},"inLanguage":"de","potentialAction":[{"@type":"ReadAction","target":["https:\/\/coffeelounge.delonghi.com\/de\/produkt\/organic-bio-kaffee-aethiopien\/"]}]},{"@type":"ImageObject","inLanguage":"de","@id":"https:\/\/coffeelounge.delonghi.com\/de\/produkt\/organic-bio-kaffee-aethiopien\/#primaryimage","url":"https:\/\/coffeelounge.delonghi.com\/wp-content\/uploads\/2022\/11\/organic_BIO_KAFFEE_athiopien.png","contentUrl":"https:\/\/coffeelounge.delonghi.com\/wp-content\/uploads\/2022\/11\/organic_BIO_KAFFEE_athiopien.png","width":450,"height":630},{"@type":"BreadcrumbList","@id":"https:\/\/coffeelounge.delonghi.com\/de\/produkt\/organic-bio-kaffee-aethiopien\/#breadcrumb","itemListElement":[{"@type":"ListItem","position":1,"name":"Home","item":"https:\/\/coffeelounge.delonghi.com\/de\/"},{"@type":"ListItem","position":2,"name":"Produkte","item":"https:\/\/coffeelounge.delonghi.com\/de\/produkte\/"},{"@type":"ListItem","position":3,"name":"Organic Bio-Kaffee \u00c4thiopien"}]},{"@type":"WebSite","@id":"https:\/\/coffeelounge.delonghi.com\/de\/#website","url":"https:\/\/coffeelounge.delonghi.com\/de\/","name":"De&#039;Longhi","description":"Coffee Lounge","publisher":{"@id":"https:\/\/coffeelounge.delonghi.com\/de\/#organization"},"potentialAction":[{"@type":"SearchAction","target":{"@type":"EntryPoint","urlTemplate":"https:\/\/coffeelounge.delonghi.com\/de\/?s={search_term_string}"},"query-input":{"@type":"PropertyValueSpecification","valueRequired":true,"valueName":"search_term_string"}}],"inLanguage":"de"},{"@type":"Organization","@id":"https:\/\/coffeelounge.delonghi.com\/de\/#organization","name":"De'Longhi Coffee Lounge","url":"https:\/\/coffeelounge.delonghi.com\/de\/","logo":{"@type":"ImageObject","inLanguage":"de","@id":"https:\/\/coffeelounge.delonghi.com\/de\/#\/schema\/logo\/image\/","url":"https:\/\/coffeelounge.delonghi.com\/wp-content\/uploads\/2020\/05\/delonghi-coffee-lounge-logo-nederland.png","contentUrl":"https:\/\/coffeelounge.delonghi.com\/wp-content\/uploads\/2020\/05\/delonghi-coffee-lounge-logo-nederland.png","width":2337,"height":724,"caption":"De'Longhi Coffee Lounge"},"image":{"@id":"https:\/\/coffeelounge.delonghi.com\/de\/#\/schema\/logo\/image\/"}}]}},"_links":{"self":[{"href":"https:\/\/coffeelounge.delonghi.com\/de\/wp-json\/wp\/v2\/product\/298211","targetHints":{"allow":["GET"]}}],"collection":[{"href":"https:\/\/coffeelounge.delonghi.com\/de\/wp-json\/wp\/v2\/product"}],"about":[{"href":"https:\/\/coffeelounge.delonghi.com\/de\/wp-json\/wp\/v2\/types\/product"}],"replies":[{"embeddable":true,"href":"https:\/\/coffeelounge.delonghi.com\/de\/wp-json\/wp\/v2\/comments?post=298211"}],"version-history":[{"count":2,"href":"https:\/\/coffeelounge.delonghi.com\/de\/wp-json\/wp\/v2\/product\/298211\/revisions"}],"predecessor-version":[{"id":422110,"href":"https:\/\/coffeelounge.delonghi.com\/de\/wp-json\/wp\/v2\/product\/298211\/revisions\/422110"}],"wp:featuredmedia":[{"embeddable":true,"href":"https:\/\/coffeelounge.delonghi.com\/de\/wp-json\/wp\/v2\/media\/421390"}],"wp:attachment":[{"href":"https:\/\/coffeelounge.delonghi.com\/de\/wp-json\/wp\/v2\/media?parent=298211"}],"wp:term":[{"taxonomy":"product_cat","embeddable":true,"href":"https:\/\/coffeelounge.delonghi.com\/de\/wp-json\/wp\/v2\/product_cat?post=298211"},{"taxonomy":"product_tag","embeddable":true,"href":"https:\/\/coffeelounge.delonghi.com\/de\/wp-json\/wp\/v2\/product_tag?post=298211"}],"curies":[{"name":"wp","href":"https:\/\/api.w.org\/{rel}","templated":true}]}}