{"id":298155,"date":"2022-11-04T10:52:31","date_gmt":"2022-11-04T10:52:31","guid":{"rendered":"https:\/\/coffeelounge.delonghi.com\/?post_type=product&#038;p=298155"},"modified":"2024-03-04T09:18:37","modified_gmt":"2024-03-04T09:18:37","slug":"special-santa-clara-brazil-bio-espresso","status":"publish","type":"product","link":"https:\/\/coffeelounge.delonghi.com\/de\/produkt\/special-santa-clara-brazil-bio-espresso\/","title":{"rendered":"Special Santa Clara Brazil Bio-Espresso"},"content":{"rendered":"<p>Dieser tolle Medium Roast Espresso \u00fcberzeugt mit Aromen von Bitterschokolade, Mandel und s\u00fc\u00dfen Kirschen. Er eignet sich hervorragend f\u00fcr die Zubereitung im Siebtr\u00e4ger, im Herdkocher oder im Vollautomat.<\/p>\n<p>Die Fazenda Santa Clara ist ein erfolgreiches und f\u00fchrendes Beispiel f\u00fcr den Anbau von Kaffee in \u00f6kologischen Systemen, ohne dabei Ertrag und Qualit\u00e4t aus den Augen zu verlieren. Das bedeutet, dass ihre Arbeit \u00fcber das Erreichen von Zertifizierungen hinausgeht und gleichzeitig die Anspr\u00fcche der verschiedenen Farmen erf\u00fcllt werden m\u00fcssen. Dies erweist sich als \u00e4u\u00dferst schwierig, da es keine Patentl\u00f6sung f\u00fcr die Umstellung eines Betriebs oder den Beginn eines \u00f6kologischen Anbauprogramms gibt. Die richtige Herangehensweise h\u00e4ngt von Fall zu Fall ab, was den kommerziellen Erfolg von Bio-Kaffee noch spezieller macht. Importiert wird der Kaffee von Niklas und Luis von OCAFI.<\/p>\n","protected":false},"excerpt":{"rendered":"<p>Dieser tolle Medium Roast Espresso \u00fcberzeugt mit Aromen von Bitterschokolade, Mandel und s\u00fc\u00dfen Kirschen. Er eignet sich hervorragend f\u00fcr die Zubereitung im Siebtr\u00e4ger, im Herdkocher oder im Vollautomat. Die Fazenda Santa Clara ist ein erfolgreiches und f\u00fchrendes Beispiel f\u00fcr den Anbau von Kaffee in \u00f6kologischen Systemen, ohne dabei Ertrag und Qualit\u00e4t aus den Augen zu [&hellip;]<\/p>\n","protected":false},"featured_media":421403,"comment_status":"closed","ping_status":"closed","template":"","meta":{"_acf_changed":false},"product_cat":[262,261,277],"product_tag":[],"class_list":{"0":"post-298155","1":"product","2":"type-product","3":"status-publish","4":"has-post-thumbnail","6":"product_cat-alle-kaffees","7":"product_cat-single-origin","8":"product_cat-spezialitaetenkaffee","10":"first","11":"instock","12":"taxable","13":"shipping-taxable","14":"purchasable","15":"product-type-variable"},"acf":[],"yoast_head":"<!-- This site is optimized with the Yoast SEO Premium plugin v24.5 (Yoast SEO v24.5) - https:\/\/yoast.com\/wordpress\/plugins\/seo\/ -->\n<title>Special Santa Clara Brazil Bio-Espresso | Coffee Lounge De&#039;Longhi<\/title>\n<meta name=\"description\" content=\"Der Special Santa Clara Brazil Bio-Espresso ist ein Medium Roast und \u00fcberzeugt mit Aromen von Bitterschokolade, Mandel und s\u00fc\u00dfen Kirschen.\" \/>\n<meta name=\"robots\" content=\"index, follow, max-snippet:-1, max-image-preview:large, max-video-preview:-1\" \/>\n<meta name=\"twitter:card\" content=\"summary_large_image\" \/>\n<meta name=\"twitter:title\" content=\"Special Santa Clara Brazil Bio-Espresso | Coffee Lounge De&#039;Longhi\" \/>\n<meta name=\"twitter:description\" content=\"Der Special Santa Clara Brazil Bio-Espresso ist ein Medium Roast und \u00fcberzeugt mit Aromen von Bitterschokolade, Mandel und s\u00fc\u00dfen Kirschen.\" \/>\n<meta name=\"twitter:image\" content=\"https:\/\/coffeelounge.delonghi.com\/wp-content\/uploads\/2022\/11\/special_SANTA_CLARA_brazil_bio.png\" \/>\n<script type=\"application\/ld+json\" class=\"yoast-schema-graph\">{\"@context\":\"https:\/\/schema.org\",\"@graph\":[{\"@type\":\"WebPage\",\"@id\":\"https:\/\/coffeelounge.delonghi.com\/de\/produkt\/special-santa-clara-brazil-bio-espresso\/\",\"url\":\"https:\/\/coffeelounge.delonghi.com\/de\/produkt\/special-santa-clara-brazil-bio-espresso\/\",\"name\":\"Special Santa Clara Brazil Bio-Espresso | Coffee Lounge De&#039;Longhi\",\"isPartOf\":{\"@id\":\"https:\/\/coffeelounge.delonghi.com\/de\/#website\"},\"primaryImageOfPage\":{\"@id\":\"https:\/\/coffeelounge.delonghi.com\/de\/produkt\/special-santa-clara-brazil-bio-espresso\/#primaryimage\"},\"image\":{\"@id\":\"https:\/\/coffeelounge.delonghi.com\/de\/produkt\/special-santa-clara-brazil-bio-espresso\/#primaryimage\"},\"thumbnailUrl\":\"https:\/\/coffeelounge.delonghi.com\/wp-content\/uploads\/2022\/11\/special_SANTA_CLARA_brazil_bio.png\",\"datePublished\":\"2022-11-04T10:52:31+00:00\",\"dateModified\":\"2024-03-04T09:18:37+00:00\",\"description\":\"Der Special Santa Clara Brazil Bio-Espresso ist ein Medium Roast und \u00fcberzeugt mit Aromen von Bitterschokolade, Mandel und s\u00fc\u00dfen Kirschen.\",\"breadcrumb\":{\"@id\":\"https:\/\/coffeelounge.delonghi.com\/de\/produkt\/special-santa-clara-brazil-bio-espresso\/#breadcrumb\"},\"inLanguage\":\"de\",\"potentialAction\":[{\"@type\":\"ReadAction\",\"target\":[\"https:\/\/coffeelounge.delonghi.com\/de\/produkt\/special-santa-clara-brazil-bio-espresso\/\"]}]},{\"@type\":\"ImageObject\",\"inLanguage\":\"de\",\"@id\":\"https:\/\/coffeelounge.delonghi.com\/de\/produkt\/special-santa-clara-brazil-bio-espresso\/#primaryimage\",\"url\":\"https:\/\/coffeelounge.delonghi.com\/wp-content\/uploads\/2022\/11\/special_SANTA_CLARA_brazil_bio.png\",\"contentUrl\":\"https:\/\/coffeelounge.delonghi.com\/wp-content\/uploads\/2022\/11\/special_SANTA_CLARA_brazil_bio.png\",\"width\":450,\"height\":672},{\"@type\":\"BreadcrumbList\",\"@id\":\"https:\/\/coffeelounge.delonghi.com\/de\/produkt\/special-santa-clara-brazil-bio-espresso\/#breadcrumb\",\"itemListElement\":[{\"@type\":\"ListItem\",\"position\":1,\"name\":\"Home\",\"item\":\"https:\/\/coffeelounge.delonghi.com\/de\/\"},{\"@type\":\"ListItem\",\"position\":2,\"name\":\"Produkte\",\"item\":\"https:\/\/coffeelounge.delonghi.com\/de\/produkte\/\"},{\"@type\":\"ListItem\",\"position\":3,\"name\":\"Special Santa Clara Brazil Bio-Espresso\"}]},{\"@type\":\"WebSite\",\"@id\":\"https:\/\/coffeelounge.delonghi.com\/de\/#website\",\"url\":\"https:\/\/coffeelounge.delonghi.com\/de\/\",\"name\":\"De&#039;Longhi\",\"description\":\"Coffee Lounge\",\"publisher\":{\"@id\":\"https:\/\/coffeelounge.delonghi.com\/de\/#organization\"},\"potentialAction\":[{\"@type\":\"SearchAction\",\"target\":{\"@type\":\"EntryPoint\",\"urlTemplate\":\"https:\/\/coffeelounge.delonghi.com\/de\/?s={search_term_string}\"},\"query-input\":{\"@type\":\"PropertyValueSpecification\",\"valueRequired\":true,\"valueName\":\"search_term_string\"}}],\"inLanguage\":\"de\"},{\"@type\":\"Organization\",\"@id\":\"https:\/\/coffeelounge.delonghi.com\/de\/#organization\",\"name\":\"De'Longhi Coffee Lounge\",\"url\":\"https:\/\/coffeelounge.delonghi.com\/de\/\",\"logo\":{\"@type\":\"ImageObject\",\"inLanguage\":\"de\",\"@id\":\"https:\/\/coffeelounge.delonghi.com\/de\/#\/schema\/logo\/image\/\",\"url\":\"https:\/\/coffeelounge.delonghi.com\/wp-content\/uploads\/2020\/05\/delonghi-coffee-lounge-logo-nederland.png\",\"contentUrl\":\"https:\/\/coffeelounge.delonghi.com\/wp-content\/uploads\/2020\/05\/delonghi-coffee-lounge-logo-nederland.png\",\"width\":2337,\"height\":724,\"caption\":\"De'Longhi Coffee Lounge\"},\"image\":{\"@id\":\"https:\/\/coffeelounge.delonghi.com\/de\/#\/schema\/logo\/image\/\"}}]}<\/script>\n<!-- \/ Yoast SEO Premium plugin. -->","yoast_head_json":{"title":"Special Santa Clara Brazil Bio-Espresso | Coffee Lounge De&#039;Longhi","description":"Der Special Santa Clara Brazil Bio-Espresso ist ein Medium Roast und \u00fcberzeugt mit Aromen von Bitterschokolade, Mandel und s\u00fc\u00dfen Kirschen.","robots":{"index":"index","follow":"follow","max-snippet":"max-snippet:-1","max-image-preview":"max-image-preview:large","max-video-preview":"max-video-preview:-1"},"twitter_card":"summary_large_image","twitter_title":"Special Santa Clara Brazil Bio-Espresso | Coffee Lounge De&#039;Longhi","twitter_description":"Der Special Santa Clara Brazil Bio-Espresso ist ein Medium Roast und \u00fcberzeugt mit Aromen von Bitterschokolade, Mandel und s\u00fc\u00dfen Kirschen.","twitter_image":"https:\/\/coffeelounge.delonghi.com\/wp-content\/uploads\/2022\/11\/special_SANTA_CLARA_brazil_bio.png","schema":{"@context":"https:\/\/schema.org","@graph":[{"@type":"WebPage","@id":"https:\/\/coffeelounge.delonghi.com\/de\/produkt\/special-santa-clara-brazil-bio-espresso\/","url":"https:\/\/coffeelounge.delonghi.com\/de\/produkt\/special-santa-clara-brazil-bio-espresso\/","name":"Special Santa Clara Brazil Bio-Espresso | Coffee Lounge De&#039;Longhi","isPartOf":{"@id":"https:\/\/coffeelounge.delonghi.com\/de\/#website"},"primaryImageOfPage":{"@id":"https:\/\/coffeelounge.delonghi.com\/de\/produkt\/special-santa-clara-brazil-bio-espresso\/#primaryimage"},"image":{"@id":"https:\/\/coffeelounge.delonghi.com\/de\/produkt\/special-santa-clara-brazil-bio-espresso\/#primaryimage"},"thumbnailUrl":"https:\/\/coffeelounge.delonghi.com\/wp-content\/uploads\/2022\/11\/special_SANTA_CLARA_brazil_bio.png","datePublished":"2022-11-04T10:52:31+00:00","dateModified":"2024-03-04T09:18:37+00:00","description":"Der Special Santa Clara Brazil Bio-Espresso ist ein Medium Roast und \u00fcberzeugt mit Aromen von Bitterschokolade, Mandel und s\u00fc\u00dfen Kirschen.","breadcrumb":{"@id":"https:\/\/coffeelounge.delonghi.com\/de\/produkt\/special-santa-clara-brazil-bio-espresso\/#breadcrumb"},"inLanguage":"de","potentialAction":[{"@type":"ReadAction","target":["https:\/\/coffeelounge.delonghi.com\/de\/produkt\/special-santa-clara-brazil-bio-espresso\/"]}]},{"@type":"ImageObject","inLanguage":"de","@id":"https:\/\/coffeelounge.delonghi.com\/de\/produkt\/special-santa-clara-brazil-bio-espresso\/#primaryimage","url":"https:\/\/coffeelounge.delonghi.com\/wp-content\/uploads\/2022\/11\/special_SANTA_CLARA_brazil_bio.png","contentUrl":"https:\/\/coffeelounge.delonghi.com\/wp-content\/uploads\/2022\/11\/special_SANTA_CLARA_brazil_bio.png","width":450,"height":672},{"@type":"BreadcrumbList","@id":"https:\/\/coffeelounge.delonghi.com\/de\/produkt\/special-santa-clara-brazil-bio-espresso\/#breadcrumb","itemListElement":[{"@type":"ListItem","position":1,"name":"Home","item":"https:\/\/coffeelounge.delonghi.com\/de\/"},{"@type":"ListItem","position":2,"name":"Produkte","item":"https:\/\/coffeelounge.delonghi.com\/de\/produkte\/"},{"@type":"ListItem","position":3,"name":"Special Santa Clara Brazil Bio-Espresso"}]},{"@type":"WebSite","@id":"https:\/\/coffeelounge.delonghi.com\/de\/#website","url":"https:\/\/coffeelounge.delonghi.com\/de\/","name":"De&#039;Longhi","description":"Coffee Lounge","publisher":{"@id":"https:\/\/coffeelounge.delonghi.com\/de\/#organization"},"potentialAction":[{"@type":"SearchAction","target":{"@type":"EntryPoint","urlTemplate":"https:\/\/coffeelounge.delonghi.com\/de\/?s={search_term_string}"},"query-input":{"@type":"PropertyValueSpecification","valueRequired":true,"valueName":"search_term_string"}}],"inLanguage":"de"},{"@type":"Organization","@id":"https:\/\/coffeelounge.delonghi.com\/de\/#organization","name":"De'Longhi Coffee Lounge","url":"https:\/\/coffeelounge.delonghi.com\/de\/","logo":{"@type":"ImageObject","inLanguage":"de","@id":"https:\/\/coffeelounge.delonghi.com\/de\/#\/schema\/logo\/image\/","url":"https:\/\/coffeelounge.delonghi.com\/wp-content\/uploads\/2020\/05\/delonghi-coffee-lounge-logo-nederland.png","contentUrl":"https:\/\/coffeelounge.delonghi.com\/wp-content\/uploads\/2020\/05\/delonghi-coffee-lounge-logo-nederland.png","width":2337,"height":724,"caption":"De'Longhi Coffee Lounge"},"image":{"@id":"https:\/\/coffeelounge.delonghi.com\/de\/#\/schema\/logo\/image\/"}}]}},"_links":{"self":[{"href":"https:\/\/coffeelounge.delonghi.com\/de\/wp-json\/wp\/v2\/product\/298155","targetHints":{"allow":["GET"]}}],"collection":[{"href":"https:\/\/coffeelounge.delonghi.com\/de\/wp-json\/wp\/v2\/product"}],"about":[{"href":"https:\/\/coffeelounge.delonghi.com\/de\/wp-json\/wp\/v2\/types\/product"}],"replies":[{"embeddable":true,"href":"https:\/\/coffeelounge.delonghi.com\/de\/wp-json\/wp\/v2\/comments?post=298155"}],"version-history":[{"count":2,"href":"https:\/\/coffeelounge.delonghi.com\/de\/wp-json\/wp\/v2\/product\/298155\/revisions"}],"predecessor-version":[{"id":422111,"href":"https:\/\/coffeelounge.delonghi.com\/de\/wp-json\/wp\/v2\/product\/298155\/revisions\/422111"}],"wp:featuredmedia":[{"embeddable":true,"href":"https:\/\/coffeelounge.delonghi.com\/de\/wp-json\/wp\/v2\/media\/421403"}],"wp:attachment":[{"href":"https:\/\/coffeelounge.delonghi.com\/de\/wp-json\/wp\/v2\/media?parent=298155"}],"wp:term":[{"taxonomy":"product_cat","embeddable":true,"href":"https:\/\/coffeelounge.delonghi.com\/de\/wp-json\/wp\/v2\/product_cat?post=298155"},{"taxonomy":"product_tag","embeddable":true,"href":"https:\/\/coffeelounge.delonghi.com\/de\/wp-json\/wp\/v2\/product_tag?post=298155"}],"curies":[{"name":"wp","href":"https:\/\/api.w.org\/{rel}","templated":true}]}}