{"id":298133,"date":"2022-11-04T10:45:17","date_gmt":"2022-11-04T10:45:17","guid":{"rendered":"https:\/\/coffeelounge.delonghi.com\/?post_type=product&#038;p=298133"},"modified":"2024-03-04T09:18:46","modified_gmt":"2024-03-04T09:18:46","slug":"special-sunrise-espresso-blend","status":"publish","type":"product","link":"https:\/\/coffeelounge.delonghi.com\/de\/produkt\/special-sunrise-espresso-blend\/","title":{"rendered":"Special Sunrise Espresso Blend"},"content":{"rendered":"<p>Das Beste aus zwei Welten.<\/p>\n<p>Unser Sunrise Espresso Blend liefert genau das, was man morgens nach dem Aufstehen braucht: kr\u00e4ftige Aromen und viel Koffein! Der Blend wurde speziell f\u00fcr die Zubereitung im Vollautomaten, Siebtr\u00e4ger und Herdkocher ger\u00f6stet. Er entwickelt durch den hohen Robusta-Anteil (50 % India Cherry Bio-Robusta) eine wunderbar nussbraune, stabile Crema. Der Arabica (50 % Doi Chang Mountain Arabica) bringt s\u00fc\u00dfe Nuss-, sowie herbe Schokoladennoten mit, die sich auch in Milchgetr\u00e4nken noch deutlich durchsetzen. Einfach ein idealer Espresso f\u00fcr den Start in den Tag!<\/p>\n<p>Zuhause entfaltet der Bio-Espresso bei der Zubereitung im Siebtr\u00e4ger, im Herdkocher oder im Vollautomat seine St\u00e4rken.<\/p>\n","protected":false},"excerpt":{"rendered":"<p>Das Beste aus zwei Welten. Unser Sunrise Espresso Blend liefert genau das, was man morgens nach dem Aufstehen braucht: kr\u00e4ftige Aromen und viel Koffein! Der Blend wurde speziell f\u00fcr die Zubereitung im Vollautomaten, Siebtr\u00e4ger und Herdkocher ger\u00f6stet. Er entwickelt durch den hohen Robusta-Anteil (50 % India Cherry Bio-Robusta) eine wunderbar nussbraune, stabile Crema. Der Arabica [&hellip;]<\/p>\n","protected":false},"featured_media":421416,"comment_status":"closed","ping_status":"closed","template":"","meta":{"_acf_changed":false},"product_cat":[262,364],"product_tag":[],"class_list":{"0":"post-298133","1":"product","2":"type-product","3":"status-publish","4":"has-post-thumbnail","6":"product_cat-alle-kaffees","7":"product_cat-blend","9":"first","10":"instock","11":"taxable","12":"shipping-taxable","13":"purchasable","14":"product-type-variable"},"acf":[],"yoast_head":"<!-- This site is optimized with the Yoast SEO Premium plugin v24.5 (Yoast SEO v24.5) - https:\/\/yoast.com\/wordpress\/plugins\/seo\/ -->\n<title>Special Sunrise Espresso Blend | Coffee Lounge De&#039;Longhi<\/title>\n<meta name=\"description\" content=\"Der Sunrise Espresso Blend liefert genau das, was man morgens nach dem Aufstehen braucht: kr\u00e4ftige Aromen und viel Koffein!\" \/>\n<meta name=\"robots\" content=\"index, follow, max-snippet:-1, max-image-preview:large, max-video-preview:-1\" \/>\n<meta name=\"twitter:card\" content=\"summary_large_image\" \/>\n<meta name=\"twitter:title\" content=\"Special Sunrise Espresso Blend | Coffee Lounge De&#039;Longhi\" \/>\n<meta name=\"twitter:description\" content=\"Der Sunrise Espresso Blend liefert genau das, was man morgens nach dem Aufstehen braucht: kr\u00e4ftige Aromen und viel Koffein!\" \/>\n<meta name=\"twitter:image\" content=\"https:\/\/coffeelounge.delonghi.com\/wp-content\/uploads\/2022\/11\/SUNRISE_frei-1.png\" \/>\n<script type=\"application\/ld+json\" class=\"yoast-schema-graph\">{\"@context\":\"https:\/\/schema.org\",\"@graph\":[{\"@type\":\"WebPage\",\"@id\":\"https:\/\/coffeelounge.delonghi.com\/de\/produkt\/special-sunrise-espresso-blend\/\",\"url\":\"https:\/\/coffeelounge.delonghi.com\/de\/produkt\/special-sunrise-espresso-blend\/\",\"name\":\"Special Sunrise Espresso Blend | Coffee Lounge De&#039;Longhi\",\"isPartOf\":{\"@id\":\"https:\/\/coffeelounge.delonghi.com\/de\/#website\"},\"primaryImageOfPage\":{\"@id\":\"https:\/\/coffeelounge.delonghi.com\/de\/produkt\/special-sunrise-espresso-blend\/#primaryimage\"},\"image\":{\"@id\":\"https:\/\/coffeelounge.delonghi.com\/de\/produkt\/special-sunrise-espresso-blend\/#primaryimage\"},\"thumbnailUrl\":\"https:\/\/coffeelounge.delonghi.com\/wp-content\/uploads\/2022\/11\/SUNRISE_frei-1.png\",\"datePublished\":\"2022-11-04T10:45:17+00:00\",\"dateModified\":\"2024-03-04T09:18:46+00:00\",\"description\":\"Der Sunrise Espresso Blend liefert genau das, was man morgens nach dem Aufstehen braucht: kr\u00e4ftige Aromen und viel Koffein!\",\"breadcrumb\":{\"@id\":\"https:\/\/coffeelounge.delonghi.com\/de\/produkt\/special-sunrise-espresso-blend\/#breadcrumb\"},\"inLanguage\":\"de\",\"potentialAction\":[{\"@type\":\"ReadAction\",\"target\":[\"https:\/\/coffeelounge.delonghi.com\/de\/produkt\/special-sunrise-espresso-blend\/\"]}]},{\"@type\":\"ImageObject\",\"inLanguage\":\"de\",\"@id\":\"https:\/\/coffeelounge.delonghi.com\/de\/produkt\/special-sunrise-espresso-blend\/#primaryimage\",\"url\":\"https:\/\/coffeelounge.delonghi.com\/wp-content\/uploads\/2022\/11\/SUNRISE_frei-1.png\",\"contentUrl\":\"https:\/\/coffeelounge.delonghi.com\/wp-content\/uploads\/2022\/11\/SUNRISE_frei-1.png\",\"width\":450,\"height\":659},{\"@type\":\"BreadcrumbList\",\"@id\":\"https:\/\/coffeelounge.delonghi.com\/de\/produkt\/special-sunrise-espresso-blend\/#breadcrumb\",\"itemListElement\":[{\"@type\":\"ListItem\",\"position\":1,\"name\":\"Home\",\"item\":\"https:\/\/coffeelounge.delonghi.com\/de\/\"},{\"@type\":\"ListItem\",\"position\":2,\"name\":\"Produkte\",\"item\":\"https:\/\/coffeelounge.delonghi.com\/de\/produkte\/\"},{\"@type\":\"ListItem\",\"position\":3,\"name\":\"Special Sunrise Espresso Blend\"}]},{\"@type\":\"WebSite\",\"@id\":\"https:\/\/coffeelounge.delonghi.com\/de\/#website\",\"url\":\"https:\/\/coffeelounge.delonghi.com\/de\/\",\"name\":\"De&#039;Longhi\",\"description\":\"Coffee Lounge\",\"publisher\":{\"@id\":\"https:\/\/coffeelounge.delonghi.com\/de\/#organization\"},\"potentialAction\":[{\"@type\":\"SearchAction\",\"target\":{\"@type\":\"EntryPoint\",\"urlTemplate\":\"https:\/\/coffeelounge.delonghi.com\/de\/?s={search_term_string}\"},\"query-input\":{\"@type\":\"PropertyValueSpecification\",\"valueRequired\":true,\"valueName\":\"search_term_string\"}}],\"inLanguage\":\"de\"},{\"@type\":\"Organization\",\"@id\":\"https:\/\/coffeelounge.delonghi.com\/de\/#organization\",\"name\":\"De'Longhi Coffee Lounge\",\"url\":\"https:\/\/coffeelounge.delonghi.com\/de\/\",\"logo\":{\"@type\":\"ImageObject\",\"inLanguage\":\"de\",\"@id\":\"https:\/\/coffeelounge.delonghi.com\/de\/#\/schema\/logo\/image\/\",\"url\":\"https:\/\/coffeelounge.delonghi.com\/wp-content\/uploads\/2020\/05\/delonghi-coffee-lounge-logo-nederland.png\",\"contentUrl\":\"https:\/\/coffeelounge.delonghi.com\/wp-content\/uploads\/2020\/05\/delonghi-coffee-lounge-logo-nederland.png\",\"width\":2337,\"height\":724,\"caption\":\"De'Longhi Coffee Lounge\"},\"image\":{\"@id\":\"https:\/\/coffeelounge.delonghi.com\/de\/#\/schema\/logo\/image\/\"}}]}<\/script>\n<!-- \/ Yoast SEO Premium plugin. -->","yoast_head_json":{"title":"Special Sunrise Espresso Blend | Coffee Lounge De&#039;Longhi","description":"Der Sunrise Espresso Blend liefert genau das, was man morgens nach dem Aufstehen braucht: kr\u00e4ftige Aromen und viel Koffein!","robots":{"index":"index","follow":"follow","max-snippet":"max-snippet:-1","max-image-preview":"max-image-preview:large","max-video-preview":"max-video-preview:-1"},"twitter_card":"summary_large_image","twitter_title":"Special Sunrise Espresso Blend | Coffee Lounge De&#039;Longhi","twitter_description":"Der Sunrise Espresso Blend liefert genau das, was man morgens nach dem Aufstehen braucht: kr\u00e4ftige Aromen und viel Koffein!","twitter_image":"https:\/\/coffeelounge.delonghi.com\/wp-content\/uploads\/2022\/11\/SUNRISE_frei-1.png","schema":{"@context":"https:\/\/schema.org","@graph":[{"@type":"WebPage","@id":"https:\/\/coffeelounge.delonghi.com\/de\/produkt\/special-sunrise-espresso-blend\/","url":"https:\/\/coffeelounge.delonghi.com\/de\/produkt\/special-sunrise-espresso-blend\/","name":"Special Sunrise Espresso Blend | Coffee Lounge De&#039;Longhi","isPartOf":{"@id":"https:\/\/coffeelounge.delonghi.com\/de\/#website"},"primaryImageOfPage":{"@id":"https:\/\/coffeelounge.delonghi.com\/de\/produkt\/special-sunrise-espresso-blend\/#primaryimage"},"image":{"@id":"https:\/\/coffeelounge.delonghi.com\/de\/produkt\/special-sunrise-espresso-blend\/#primaryimage"},"thumbnailUrl":"https:\/\/coffeelounge.delonghi.com\/wp-content\/uploads\/2022\/11\/SUNRISE_frei-1.png","datePublished":"2022-11-04T10:45:17+00:00","dateModified":"2024-03-04T09:18:46+00:00","description":"Der Sunrise Espresso Blend liefert genau das, was man morgens nach dem Aufstehen braucht: kr\u00e4ftige Aromen und viel Koffein!","breadcrumb":{"@id":"https:\/\/coffeelounge.delonghi.com\/de\/produkt\/special-sunrise-espresso-blend\/#breadcrumb"},"inLanguage":"de","potentialAction":[{"@type":"ReadAction","target":["https:\/\/coffeelounge.delonghi.com\/de\/produkt\/special-sunrise-espresso-blend\/"]}]},{"@type":"ImageObject","inLanguage":"de","@id":"https:\/\/coffeelounge.delonghi.com\/de\/produkt\/special-sunrise-espresso-blend\/#primaryimage","url":"https:\/\/coffeelounge.delonghi.com\/wp-content\/uploads\/2022\/11\/SUNRISE_frei-1.png","contentUrl":"https:\/\/coffeelounge.delonghi.com\/wp-content\/uploads\/2022\/11\/SUNRISE_frei-1.png","width":450,"height":659},{"@type":"BreadcrumbList","@id":"https:\/\/coffeelounge.delonghi.com\/de\/produkt\/special-sunrise-espresso-blend\/#breadcrumb","itemListElement":[{"@type":"ListItem","position":1,"name":"Home","item":"https:\/\/coffeelounge.delonghi.com\/de\/"},{"@type":"ListItem","position":2,"name":"Produkte","item":"https:\/\/coffeelounge.delonghi.com\/de\/produkte\/"},{"@type":"ListItem","position":3,"name":"Special Sunrise Espresso Blend"}]},{"@type":"WebSite","@id":"https:\/\/coffeelounge.delonghi.com\/de\/#website","url":"https:\/\/coffeelounge.delonghi.com\/de\/","name":"De&#039;Longhi","description":"Coffee Lounge","publisher":{"@id":"https:\/\/coffeelounge.delonghi.com\/de\/#organization"},"potentialAction":[{"@type":"SearchAction","target":{"@type":"EntryPoint","urlTemplate":"https:\/\/coffeelounge.delonghi.com\/de\/?s={search_term_string}"},"query-input":{"@type":"PropertyValueSpecification","valueRequired":true,"valueName":"search_term_string"}}],"inLanguage":"de"},{"@type":"Organization","@id":"https:\/\/coffeelounge.delonghi.com\/de\/#organization","name":"De'Longhi Coffee Lounge","url":"https:\/\/coffeelounge.delonghi.com\/de\/","logo":{"@type":"ImageObject","inLanguage":"de","@id":"https:\/\/coffeelounge.delonghi.com\/de\/#\/schema\/logo\/image\/","url":"https:\/\/coffeelounge.delonghi.com\/wp-content\/uploads\/2020\/05\/delonghi-coffee-lounge-logo-nederland.png","contentUrl":"https:\/\/coffeelounge.delonghi.com\/wp-content\/uploads\/2020\/05\/delonghi-coffee-lounge-logo-nederland.png","width":2337,"height":724,"caption":"De'Longhi Coffee Lounge"},"image":{"@id":"https:\/\/coffeelounge.delonghi.com\/de\/#\/schema\/logo\/image\/"}}]}},"_links":{"self":[{"href":"https:\/\/coffeelounge.delonghi.com\/de\/wp-json\/wp\/v2\/product\/298133","targetHints":{"allow":["GET"]}}],"collection":[{"href":"https:\/\/coffeelounge.delonghi.com\/de\/wp-json\/wp\/v2\/product"}],"about":[{"href":"https:\/\/coffeelounge.delonghi.com\/de\/wp-json\/wp\/v2\/types\/product"}],"replies":[{"embeddable":true,"href":"https:\/\/coffeelounge.delonghi.com\/de\/wp-json\/wp\/v2\/comments?post=298133"}],"version-history":[{"count":2,"href":"https:\/\/coffeelounge.delonghi.com\/de\/wp-json\/wp\/v2\/product\/298133\/revisions"}],"predecessor-version":[{"id":422112,"href":"https:\/\/coffeelounge.delonghi.com\/de\/wp-json\/wp\/v2\/product\/298133\/revisions\/422112"}],"wp:featuredmedia":[{"embeddable":true,"href":"https:\/\/coffeelounge.delonghi.com\/de\/wp-json\/wp\/v2\/media\/421416"}],"wp:attachment":[{"href":"https:\/\/coffeelounge.delonghi.com\/de\/wp-json\/wp\/v2\/media?parent=298133"}],"wp:term":[{"taxonomy":"product_cat","embeddable":true,"href":"https:\/\/coffeelounge.delonghi.com\/de\/wp-json\/wp\/v2\/product_cat?post=298133"},{"taxonomy":"product_tag","embeddable":true,"href":"https:\/\/coffeelounge.delonghi.com\/de\/wp-json\/wp\/v2\/product_tag?post=298133"}],"curies":[{"name":"wp","href":"https:\/\/api.w.org\/{rel}","templated":true}]}}