{"id":298099,"date":"2022-11-04T10:33:06","date_gmt":"2022-11-04T10:33:06","guid":{"rendered":"https:\/\/coffeelounge.delonghi.com\/?post_type=product&#038;p=298099"},"modified":"2024-03-04T09:18:55","modified_gmt":"2024-03-04T09:18:55","slug":"kuntu-peru-pio-espresso","status":"publish","type":"product","link":"https:\/\/coffeelounge.delonghi.com\/de\/produkt\/kuntu-peru-pio-espresso\/","title":{"rendered":"Kuntu Peru Bio-Espresso"},"content":{"rendered":"<p>Ein hervorragender Espresso f\u00fcr jeden Tag. Der Bio-Espresso besticht mit einem vollen K\u00f6rper, wenig S\u00e4ure und leckeren Aromen von Bitterschokolade und Rosinen. Er eignet sich hervorragend f\u00fcr die Zubereitung im Siebtr\u00e4ger, im Herdkocher oder in der French Press.<\/p>\n<p>Die Kooperative Aproeco wurde 1999 mit dem Namen &#8216;Asociaci\u00f3n de Productores Ecol\u00f3gicos&#8217; gegr\u00fcndet und umfasst um die 300 Kaffeefarmer. Unter der Leitung von Jimmy Rojas produzieren und kommerzialisieren die Bauern Kaffee in den dicht bewachsenen H\u00fcgeln der Region Alto Mayo in Nordperu. Jedes Rinnsal und jeder Bach hier auf der Ostseite der Anden ist eine Quelle des m\u00e4chtigen Amazonasflusses. Die hohe soziale und \u00f6kologische Verantwortung l\u00e4sst sich die Kooperative j\u00e4hrlich von Fair Trade, Organic und Rainforest Alliance zertifizieren. So bringt der Lot &#8216;Kuntu Organic&#8217; Spezialit\u00e4tenqualit\u00e4t und Umweltbewusstsein zusammen. Importiert wird der Rohkaffee von der cumpa GmbH.<\/p>\n","protected":false},"excerpt":{"rendered":"<p>Ein hervorragender Espresso f\u00fcr jeden Tag. Der Bio-Espresso besticht mit einem vollen K\u00f6rper, wenig S\u00e4ure und leckeren Aromen von Bitterschokolade und Rosinen. Er eignet sich hervorragend f\u00fcr die Zubereitung im Siebtr\u00e4ger, im Herdkocher oder in der French Press. Die Kooperative Aproeco wurde 1999 mit dem Namen &#8216;Asociaci\u00f3n de Productores Ecol\u00f3gicos&#8217; gegr\u00fcndet und umfasst um die [&hellip;]<\/p>\n","protected":false},"featured_media":421429,"comment_status":"closed","ping_status":"closed","template":"","meta":{"_acf_changed":false},"product_cat":[262,261,277],"product_tag":[],"class_list":{"0":"post-298099","1":"product","2":"type-product","3":"status-publish","4":"has-post-thumbnail","6":"product_cat-alle-kaffees","7":"product_cat-single-origin","8":"product_cat-spezialitaetenkaffee","10":"first","11":"instock","12":"taxable","13":"shipping-taxable","14":"purchasable","15":"product-type-variable"},"acf":[],"yoast_head":"<!-- This site is optimized with the Yoast SEO Premium plugin v24.5 (Yoast SEO v24.5) - https:\/\/yoast.com\/wordpress\/plugins\/seo\/ -->\n<title>Kuntu Peru Bio-Espresso | Coffee Lounge De&#039;Longhi<\/title>\n<meta name=\"description\" content=\"Der Kuntu Peru Bio-Espresso ist ein hervorragender Espresso f\u00fcr jeden Tag und besticht mit vollem K\u00f6rper und wenig S\u00e4ure.\" \/>\n<meta name=\"robots\" content=\"index, follow, max-snippet:-1, max-image-preview:large, max-video-preview:-1\" \/>\n<meta name=\"twitter:card\" content=\"summary_large_image\" \/>\n<meta name=\"twitter:title\" content=\"Kuntu Peru Bio-Espresso | Coffee Lounge De&#039;Longhi\" \/>\n<meta name=\"twitter:description\" content=\"Der Kuntu Peru Bio-Espresso ist ein hervorragender Espresso f\u00fcr jeden Tag und besticht mit vollem K\u00f6rper und wenig S\u00e4ure.\" \/>\n<meta name=\"twitter:image\" content=\"https:\/\/coffeelounge.delonghi.com\/wp-content\/uploads\/2022\/11\/KUNTU_peru_bio_ESPRESSO.png\" \/>\n<script type=\"application\/ld+json\" class=\"yoast-schema-graph\">{\"@context\":\"https:\/\/schema.org\",\"@graph\":[{\"@type\":\"WebPage\",\"@id\":\"https:\/\/coffeelounge.delonghi.com\/de\/produkt\/kuntu-peru-pio-espresso\/\",\"url\":\"https:\/\/coffeelounge.delonghi.com\/de\/produkt\/kuntu-peru-pio-espresso\/\",\"name\":\"Kuntu Peru Bio-Espresso | Coffee Lounge De&#039;Longhi\",\"isPartOf\":{\"@id\":\"https:\/\/coffeelounge.delonghi.com\/de\/#website\"},\"primaryImageOfPage\":{\"@id\":\"https:\/\/coffeelounge.delonghi.com\/de\/produkt\/kuntu-peru-pio-espresso\/#primaryimage\"},\"image\":{\"@id\":\"https:\/\/coffeelounge.delonghi.com\/de\/produkt\/kuntu-peru-pio-espresso\/#primaryimage\"},\"thumbnailUrl\":\"https:\/\/coffeelounge.delonghi.com\/wp-content\/uploads\/2022\/11\/KUNTU_peru_bio_ESPRESSO.png\",\"datePublished\":\"2022-11-04T10:33:06+00:00\",\"dateModified\":\"2024-03-04T09:18:55+00:00\",\"description\":\"Der Kuntu Peru Bio-Espresso ist ein hervorragender Espresso f\u00fcr jeden Tag und besticht mit vollem K\u00f6rper und wenig S\u00e4ure.\",\"breadcrumb\":{\"@id\":\"https:\/\/coffeelounge.delonghi.com\/de\/produkt\/kuntu-peru-pio-espresso\/#breadcrumb\"},\"inLanguage\":\"de\",\"potentialAction\":[{\"@type\":\"ReadAction\",\"target\":[\"https:\/\/coffeelounge.delonghi.com\/de\/produkt\/kuntu-peru-pio-espresso\/\"]}]},{\"@type\":\"ImageObject\",\"inLanguage\":\"de\",\"@id\":\"https:\/\/coffeelounge.delonghi.com\/de\/produkt\/kuntu-peru-pio-espresso\/#primaryimage\",\"url\":\"https:\/\/coffeelounge.delonghi.com\/wp-content\/uploads\/2022\/11\/KUNTU_peru_bio_ESPRESSO.png\",\"contentUrl\":\"https:\/\/coffeelounge.delonghi.com\/wp-content\/uploads\/2022\/11\/KUNTU_peru_bio_ESPRESSO.png\",\"width\":450,\"height\":655},{\"@type\":\"BreadcrumbList\",\"@id\":\"https:\/\/coffeelounge.delonghi.com\/de\/produkt\/kuntu-peru-pio-espresso\/#breadcrumb\",\"itemListElement\":[{\"@type\":\"ListItem\",\"position\":1,\"name\":\"Home\",\"item\":\"https:\/\/coffeelounge.delonghi.com\/de\/\"},{\"@type\":\"ListItem\",\"position\":2,\"name\":\"Produkte\",\"item\":\"https:\/\/coffeelounge.delonghi.com\/de\/produkte\/\"},{\"@type\":\"ListItem\",\"position\":3,\"name\":\"Kuntu Peru Bio-Espresso\"}]},{\"@type\":\"WebSite\",\"@id\":\"https:\/\/coffeelounge.delonghi.com\/de\/#website\",\"url\":\"https:\/\/coffeelounge.delonghi.com\/de\/\",\"name\":\"De&#039;Longhi\",\"description\":\"Coffee Lounge\",\"publisher\":{\"@id\":\"https:\/\/coffeelounge.delonghi.com\/de\/#organization\"},\"potentialAction\":[{\"@type\":\"SearchAction\",\"target\":{\"@type\":\"EntryPoint\",\"urlTemplate\":\"https:\/\/coffeelounge.delonghi.com\/de\/?s={search_term_string}\"},\"query-input\":{\"@type\":\"PropertyValueSpecification\",\"valueRequired\":true,\"valueName\":\"search_term_string\"}}],\"inLanguage\":\"de\"},{\"@type\":\"Organization\",\"@id\":\"https:\/\/coffeelounge.delonghi.com\/de\/#organization\",\"name\":\"De'Longhi Coffee Lounge\",\"url\":\"https:\/\/coffeelounge.delonghi.com\/de\/\",\"logo\":{\"@type\":\"ImageObject\",\"inLanguage\":\"de\",\"@id\":\"https:\/\/coffeelounge.delonghi.com\/de\/#\/schema\/logo\/image\/\",\"url\":\"https:\/\/coffeelounge.delonghi.com\/wp-content\/uploads\/2020\/05\/delonghi-coffee-lounge-logo-nederland.png\",\"contentUrl\":\"https:\/\/coffeelounge.delonghi.com\/wp-content\/uploads\/2020\/05\/delonghi-coffee-lounge-logo-nederland.png\",\"width\":2337,\"height\":724,\"caption\":\"De'Longhi Coffee Lounge\"},\"image\":{\"@id\":\"https:\/\/coffeelounge.delonghi.com\/de\/#\/schema\/logo\/image\/\"}}]}<\/script>\n<!-- \/ Yoast SEO Premium plugin. -->","yoast_head_json":{"title":"Kuntu Peru Bio-Espresso | Coffee Lounge De&#039;Longhi","description":"Der Kuntu Peru Bio-Espresso ist ein hervorragender Espresso f\u00fcr jeden Tag und besticht mit vollem K\u00f6rper und wenig S\u00e4ure.","robots":{"index":"index","follow":"follow","max-snippet":"max-snippet:-1","max-image-preview":"max-image-preview:large","max-video-preview":"max-video-preview:-1"},"twitter_card":"summary_large_image","twitter_title":"Kuntu Peru Bio-Espresso | Coffee Lounge De&#039;Longhi","twitter_description":"Der Kuntu Peru Bio-Espresso ist ein hervorragender Espresso f\u00fcr jeden Tag und besticht mit vollem K\u00f6rper und wenig S\u00e4ure.","twitter_image":"https:\/\/coffeelounge.delonghi.com\/wp-content\/uploads\/2022\/11\/KUNTU_peru_bio_ESPRESSO.png","schema":{"@context":"https:\/\/schema.org","@graph":[{"@type":"WebPage","@id":"https:\/\/coffeelounge.delonghi.com\/de\/produkt\/kuntu-peru-pio-espresso\/","url":"https:\/\/coffeelounge.delonghi.com\/de\/produkt\/kuntu-peru-pio-espresso\/","name":"Kuntu Peru Bio-Espresso | Coffee Lounge De&#039;Longhi","isPartOf":{"@id":"https:\/\/coffeelounge.delonghi.com\/de\/#website"},"primaryImageOfPage":{"@id":"https:\/\/coffeelounge.delonghi.com\/de\/produkt\/kuntu-peru-pio-espresso\/#primaryimage"},"image":{"@id":"https:\/\/coffeelounge.delonghi.com\/de\/produkt\/kuntu-peru-pio-espresso\/#primaryimage"},"thumbnailUrl":"https:\/\/coffeelounge.delonghi.com\/wp-content\/uploads\/2022\/11\/KUNTU_peru_bio_ESPRESSO.png","datePublished":"2022-11-04T10:33:06+00:00","dateModified":"2024-03-04T09:18:55+00:00","description":"Der Kuntu Peru Bio-Espresso ist ein hervorragender Espresso f\u00fcr jeden Tag und besticht mit vollem K\u00f6rper und wenig S\u00e4ure.","breadcrumb":{"@id":"https:\/\/coffeelounge.delonghi.com\/de\/produkt\/kuntu-peru-pio-espresso\/#breadcrumb"},"inLanguage":"de","potentialAction":[{"@type":"ReadAction","target":["https:\/\/coffeelounge.delonghi.com\/de\/produkt\/kuntu-peru-pio-espresso\/"]}]},{"@type":"ImageObject","inLanguage":"de","@id":"https:\/\/coffeelounge.delonghi.com\/de\/produkt\/kuntu-peru-pio-espresso\/#primaryimage","url":"https:\/\/coffeelounge.delonghi.com\/wp-content\/uploads\/2022\/11\/KUNTU_peru_bio_ESPRESSO.png","contentUrl":"https:\/\/coffeelounge.delonghi.com\/wp-content\/uploads\/2022\/11\/KUNTU_peru_bio_ESPRESSO.png","width":450,"height":655},{"@type":"BreadcrumbList","@id":"https:\/\/coffeelounge.delonghi.com\/de\/produkt\/kuntu-peru-pio-espresso\/#breadcrumb","itemListElement":[{"@type":"ListItem","position":1,"name":"Home","item":"https:\/\/coffeelounge.delonghi.com\/de\/"},{"@type":"ListItem","position":2,"name":"Produkte","item":"https:\/\/coffeelounge.delonghi.com\/de\/produkte\/"},{"@type":"ListItem","position":3,"name":"Kuntu Peru Bio-Espresso"}]},{"@type":"WebSite","@id":"https:\/\/coffeelounge.delonghi.com\/de\/#website","url":"https:\/\/coffeelounge.delonghi.com\/de\/","name":"De&#039;Longhi","description":"Coffee Lounge","publisher":{"@id":"https:\/\/coffeelounge.delonghi.com\/de\/#organization"},"potentialAction":[{"@type":"SearchAction","target":{"@type":"EntryPoint","urlTemplate":"https:\/\/coffeelounge.delonghi.com\/de\/?s={search_term_string}"},"query-input":{"@type":"PropertyValueSpecification","valueRequired":true,"valueName":"search_term_string"}}],"inLanguage":"de"},{"@type":"Organization","@id":"https:\/\/coffeelounge.delonghi.com\/de\/#organization","name":"De'Longhi Coffee Lounge","url":"https:\/\/coffeelounge.delonghi.com\/de\/","logo":{"@type":"ImageObject","inLanguage":"de","@id":"https:\/\/coffeelounge.delonghi.com\/de\/#\/schema\/logo\/image\/","url":"https:\/\/coffeelounge.delonghi.com\/wp-content\/uploads\/2020\/05\/delonghi-coffee-lounge-logo-nederland.png","contentUrl":"https:\/\/coffeelounge.delonghi.com\/wp-content\/uploads\/2020\/05\/delonghi-coffee-lounge-logo-nederland.png","width":2337,"height":724,"caption":"De'Longhi Coffee Lounge"},"image":{"@id":"https:\/\/coffeelounge.delonghi.com\/de\/#\/schema\/logo\/image\/"}}]}},"_links":{"self":[{"href":"https:\/\/coffeelounge.delonghi.com\/de\/wp-json\/wp\/v2\/product\/298099","targetHints":{"allow":["GET"]}}],"collection":[{"href":"https:\/\/coffeelounge.delonghi.com\/de\/wp-json\/wp\/v2\/product"}],"about":[{"href":"https:\/\/coffeelounge.delonghi.com\/de\/wp-json\/wp\/v2\/types\/product"}],"replies":[{"embeddable":true,"href":"https:\/\/coffeelounge.delonghi.com\/de\/wp-json\/wp\/v2\/comments?post=298099"}],"version-history":[{"count":2,"href":"https:\/\/coffeelounge.delonghi.com\/de\/wp-json\/wp\/v2\/product\/298099\/revisions"}],"predecessor-version":[{"id":422113,"href":"https:\/\/coffeelounge.delonghi.com\/de\/wp-json\/wp\/v2\/product\/298099\/revisions\/422113"}],"wp:featuredmedia":[{"embeddable":true,"href":"https:\/\/coffeelounge.delonghi.com\/de\/wp-json\/wp\/v2\/media\/421429"}],"wp:attachment":[{"href":"https:\/\/coffeelounge.delonghi.com\/de\/wp-json\/wp\/v2\/media?parent=298099"}],"wp:term":[{"taxonomy":"product_cat","embeddable":true,"href":"https:\/\/coffeelounge.delonghi.com\/de\/wp-json\/wp\/v2\/product_cat?post=298099"},{"taxonomy":"product_tag","embeddable":true,"href":"https:\/\/coffeelounge.delonghi.com\/de\/wp-json\/wp\/v2\/product_tag?post=298099"}],"curies":[{"name":"wp","href":"https:\/\/api.w.org\/{rel}","templated":true}]}}