{"id":298074,"date":"2022-11-04T10:11:24","date_gmt":"2022-11-04T10:11:24","guid":{"rendered":"https:\/\/coffeelounge.delonghi.com\/?post_type=product&#038;p=298074"},"modified":"2024-03-04T09:19:04","modified_gmt":"2024-03-04T09:19:04","slug":"organic-house-blend-no-1","status":"publish","type":"product","link":"https:\/\/coffeelounge.delonghi.com\/de\/produkt\/organic-house-blend-no-1\/","title":{"rendered":"Organic House Blend No. 1"},"content":{"rendered":"<p>F\u00fcr alle, die es kr\u00e4ftig m\u00f6gen.<\/p>\n<p>Der House Blend No. 1 ist unsere dunkelste R\u00f6stung und ein klassischer Espresso. Er eignet sich hervorragend f\u00fcr die Zubereitung im Siebtr\u00e4ger, dem Vollautomaten oder der Bialetti. Basis des Blends bilden 100% wildgewachsene Arabica-Bohnen aus dem Sheka-Forest in der \u00e4thiopischen Region Kaffa. Die kr\u00e4ftigen Noten von Schokolade und Nuss dieser Rarit\u00e4t werden wunderbar erg\u00e4nzt durch die feinen, s\u00fc\u00dflichen Zitrusnoten des Honduras Arabicas (SHG, EP). Abgerundet wird das Geschmackserlebnis durch den vollen und w\u00fcrzigen K\u00f6rper des Indien Robusta Cherry AB. Alle drei Kaffees wurden fair gehandelt und sind bio-zertifiziert.<\/p>\n<p>In unseren Caf\u00e9s servieren wir den House Blend am liebsten als kr\u00e4ftigen puren Espresso.&#8221;<\/p>\n","protected":false},"excerpt":{"rendered":"<p>F\u00fcr alle, die es kr\u00e4ftig m\u00f6gen. Der House Blend No. 1 ist unsere dunkelste R\u00f6stung und ein klassischer Espresso. Er eignet sich hervorragend f\u00fcr die Zubereitung im Siebtr\u00e4ger, dem Vollautomaten oder der Bialetti. Basis des Blends bilden 100% wildgewachsene Arabica-Bohnen aus dem Sheka-Forest in der \u00e4thiopischen Region Kaffa. Die kr\u00e4ftigen Noten von Schokolade und Nuss [&hellip;]<\/p>\n","protected":false},"featured_media":421443,"comment_status":"closed","ping_status":"closed","template":"","meta":{"_acf_changed":false},"product_cat":[262,364],"product_tag":[],"class_list":{"0":"post-298074","1":"product","2":"type-product","3":"status-publish","4":"has-post-thumbnail","6":"product_cat-alle-kaffees","7":"product_cat-blend","9":"first","10":"instock","11":"taxable","12":"shipping-taxable","13":"purchasable","14":"product-type-variable"},"acf":[],"yoast_head":"<!-- This site is optimized with the Yoast SEO Premium plugin v24.5 (Yoast SEO v24.5) - https:\/\/yoast.com\/wordpress\/plugins\/seo\/ -->\n<title>Organic House Blend No. 1 | Coffee Lounge De&#039;Longhi<\/title>\n<meta name=\"description\" content=\"Der Organic House Blend No. 1 ist f\u00fcr alle, die es kr\u00e4ftig m\u00f6gen. Er vereint Arabica Bohnen aus \u00c4thiopien, Honduras und Robusta aus Indien.\" \/>\n<meta name=\"robots\" content=\"index, follow, max-snippet:-1, max-image-preview:large, max-video-preview:-1\" \/>\n<meta name=\"twitter:card\" content=\"summary_large_image\" \/>\n<meta name=\"twitter:title\" content=\"Organic House Blend No. 1 | Coffee Lounge De&#039;Longhi\" \/>\n<meta name=\"twitter:description\" content=\"Der Organic House Blend No. 1 ist f\u00fcr alle, die es kr\u00e4ftig m\u00f6gen. Er vereint Arabica Bohnen aus \u00c4thiopien, Honduras und Robusta aus Indien.\" \/>\n<meta name=\"twitter:image\" content=\"https:\/\/coffeelounge.delonghi.com\/wp-content\/uploads\/2022\/11\/organic_HOUSE_BLEND_1.png\" \/>\n<script type=\"application\/ld+json\" class=\"yoast-schema-graph\">{\"@context\":\"https:\/\/schema.org\",\"@graph\":[{\"@type\":\"WebPage\",\"@id\":\"https:\/\/coffeelounge.delonghi.com\/de\/produkt\/organic-house-blend-no-1\/\",\"url\":\"https:\/\/coffeelounge.delonghi.com\/de\/produkt\/organic-house-blend-no-1\/\",\"name\":\"Organic House Blend No. 1 | Coffee Lounge De&#039;Longhi\",\"isPartOf\":{\"@id\":\"https:\/\/coffeelounge.delonghi.com\/de\/#website\"},\"primaryImageOfPage\":{\"@id\":\"https:\/\/coffeelounge.delonghi.com\/de\/produkt\/organic-house-blend-no-1\/#primaryimage\"},\"image\":{\"@id\":\"https:\/\/coffeelounge.delonghi.com\/de\/produkt\/organic-house-blend-no-1\/#primaryimage\"},\"thumbnailUrl\":\"https:\/\/coffeelounge.delonghi.com\/wp-content\/uploads\/2022\/11\/organic_HOUSE_BLEND_1.png\",\"datePublished\":\"2022-11-04T10:11:24+00:00\",\"dateModified\":\"2024-03-04T09:19:04+00:00\",\"description\":\"Der Organic House Blend No. 1 ist f\u00fcr alle, die es kr\u00e4ftig m\u00f6gen. Er vereint Arabica Bohnen aus \u00c4thiopien, Honduras und Robusta aus Indien.\",\"breadcrumb\":{\"@id\":\"https:\/\/coffeelounge.delonghi.com\/de\/produkt\/organic-house-blend-no-1\/#breadcrumb\"},\"inLanguage\":\"de\",\"potentialAction\":[{\"@type\":\"ReadAction\",\"target\":[\"https:\/\/coffeelounge.delonghi.com\/de\/produkt\/organic-house-blend-no-1\/\"]}]},{\"@type\":\"ImageObject\",\"inLanguage\":\"de\",\"@id\":\"https:\/\/coffeelounge.delonghi.com\/de\/produkt\/organic-house-blend-no-1\/#primaryimage\",\"url\":\"https:\/\/coffeelounge.delonghi.com\/wp-content\/uploads\/2022\/11\/organic_HOUSE_BLEND_1.png\",\"contentUrl\":\"https:\/\/coffeelounge.delonghi.com\/wp-content\/uploads\/2022\/11\/organic_HOUSE_BLEND_1.png\",\"width\":450,\"height\":659},{\"@type\":\"BreadcrumbList\",\"@id\":\"https:\/\/coffeelounge.delonghi.com\/de\/produkt\/organic-house-blend-no-1\/#breadcrumb\",\"itemListElement\":[{\"@type\":\"ListItem\",\"position\":1,\"name\":\"Home\",\"item\":\"https:\/\/coffeelounge.delonghi.com\/de\/\"},{\"@type\":\"ListItem\",\"position\":2,\"name\":\"Produkte\",\"item\":\"https:\/\/coffeelounge.delonghi.com\/de\/produkte\/\"},{\"@type\":\"ListItem\",\"position\":3,\"name\":\"Organic House Blend No. 1\"}]},{\"@type\":\"WebSite\",\"@id\":\"https:\/\/coffeelounge.delonghi.com\/de\/#website\",\"url\":\"https:\/\/coffeelounge.delonghi.com\/de\/\",\"name\":\"De&#039;Longhi\",\"description\":\"Coffee Lounge\",\"publisher\":{\"@id\":\"https:\/\/coffeelounge.delonghi.com\/de\/#organization\"},\"potentialAction\":[{\"@type\":\"SearchAction\",\"target\":{\"@type\":\"EntryPoint\",\"urlTemplate\":\"https:\/\/coffeelounge.delonghi.com\/de\/?s={search_term_string}\"},\"query-input\":{\"@type\":\"PropertyValueSpecification\",\"valueRequired\":true,\"valueName\":\"search_term_string\"}}],\"inLanguage\":\"de\"},{\"@type\":\"Organization\",\"@id\":\"https:\/\/coffeelounge.delonghi.com\/de\/#organization\",\"name\":\"De'Longhi Coffee Lounge\",\"url\":\"https:\/\/coffeelounge.delonghi.com\/de\/\",\"logo\":{\"@type\":\"ImageObject\",\"inLanguage\":\"de\",\"@id\":\"https:\/\/coffeelounge.delonghi.com\/de\/#\/schema\/logo\/image\/\",\"url\":\"https:\/\/coffeelounge.delonghi.com\/wp-content\/uploads\/2020\/05\/delonghi-coffee-lounge-logo-nederland.png\",\"contentUrl\":\"https:\/\/coffeelounge.delonghi.com\/wp-content\/uploads\/2020\/05\/delonghi-coffee-lounge-logo-nederland.png\",\"width\":2337,\"height\":724,\"caption\":\"De'Longhi Coffee Lounge\"},\"image\":{\"@id\":\"https:\/\/coffeelounge.delonghi.com\/de\/#\/schema\/logo\/image\/\"}}]}<\/script>\n<!-- \/ Yoast SEO Premium plugin. -->","yoast_head_json":{"title":"Organic House Blend No. 1 | Coffee Lounge De&#039;Longhi","description":"Der Organic House Blend No. 1 ist f\u00fcr alle, die es kr\u00e4ftig m\u00f6gen. Er vereint Arabica Bohnen aus \u00c4thiopien, Honduras und Robusta aus Indien.","robots":{"index":"index","follow":"follow","max-snippet":"max-snippet:-1","max-image-preview":"max-image-preview:large","max-video-preview":"max-video-preview:-1"},"twitter_card":"summary_large_image","twitter_title":"Organic House Blend No. 1 | Coffee Lounge De&#039;Longhi","twitter_description":"Der Organic House Blend No. 1 ist f\u00fcr alle, die es kr\u00e4ftig m\u00f6gen. Er vereint Arabica Bohnen aus \u00c4thiopien, Honduras und Robusta aus Indien.","twitter_image":"https:\/\/coffeelounge.delonghi.com\/wp-content\/uploads\/2022\/11\/organic_HOUSE_BLEND_1.png","schema":{"@context":"https:\/\/schema.org","@graph":[{"@type":"WebPage","@id":"https:\/\/coffeelounge.delonghi.com\/de\/produkt\/organic-house-blend-no-1\/","url":"https:\/\/coffeelounge.delonghi.com\/de\/produkt\/organic-house-blend-no-1\/","name":"Organic House Blend No. 1 | Coffee Lounge De&#039;Longhi","isPartOf":{"@id":"https:\/\/coffeelounge.delonghi.com\/de\/#website"},"primaryImageOfPage":{"@id":"https:\/\/coffeelounge.delonghi.com\/de\/produkt\/organic-house-blend-no-1\/#primaryimage"},"image":{"@id":"https:\/\/coffeelounge.delonghi.com\/de\/produkt\/organic-house-blend-no-1\/#primaryimage"},"thumbnailUrl":"https:\/\/coffeelounge.delonghi.com\/wp-content\/uploads\/2022\/11\/organic_HOUSE_BLEND_1.png","datePublished":"2022-11-04T10:11:24+00:00","dateModified":"2024-03-04T09:19:04+00:00","description":"Der Organic House Blend No. 1 ist f\u00fcr alle, die es kr\u00e4ftig m\u00f6gen. Er vereint Arabica Bohnen aus \u00c4thiopien, Honduras und Robusta aus Indien.","breadcrumb":{"@id":"https:\/\/coffeelounge.delonghi.com\/de\/produkt\/organic-house-blend-no-1\/#breadcrumb"},"inLanguage":"de","potentialAction":[{"@type":"ReadAction","target":["https:\/\/coffeelounge.delonghi.com\/de\/produkt\/organic-house-blend-no-1\/"]}]},{"@type":"ImageObject","inLanguage":"de","@id":"https:\/\/coffeelounge.delonghi.com\/de\/produkt\/organic-house-blend-no-1\/#primaryimage","url":"https:\/\/coffeelounge.delonghi.com\/wp-content\/uploads\/2022\/11\/organic_HOUSE_BLEND_1.png","contentUrl":"https:\/\/coffeelounge.delonghi.com\/wp-content\/uploads\/2022\/11\/organic_HOUSE_BLEND_1.png","width":450,"height":659},{"@type":"BreadcrumbList","@id":"https:\/\/coffeelounge.delonghi.com\/de\/produkt\/organic-house-blend-no-1\/#breadcrumb","itemListElement":[{"@type":"ListItem","position":1,"name":"Home","item":"https:\/\/coffeelounge.delonghi.com\/de\/"},{"@type":"ListItem","position":2,"name":"Produkte","item":"https:\/\/coffeelounge.delonghi.com\/de\/produkte\/"},{"@type":"ListItem","position":3,"name":"Organic House Blend No. 1"}]},{"@type":"WebSite","@id":"https:\/\/coffeelounge.delonghi.com\/de\/#website","url":"https:\/\/coffeelounge.delonghi.com\/de\/","name":"De&#039;Longhi","description":"Coffee Lounge","publisher":{"@id":"https:\/\/coffeelounge.delonghi.com\/de\/#organization"},"potentialAction":[{"@type":"SearchAction","target":{"@type":"EntryPoint","urlTemplate":"https:\/\/coffeelounge.delonghi.com\/de\/?s={search_term_string}"},"query-input":{"@type":"PropertyValueSpecification","valueRequired":true,"valueName":"search_term_string"}}],"inLanguage":"de"},{"@type":"Organization","@id":"https:\/\/coffeelounge.delonghi.com\/de\/#organization","name":"De'Longhi Coffee Lounge","url":"https:\/\/coffeelounge.delonghi.com\/de\/","logo":{"@type":"ImageObject","inLanguage":"de","@id":"https:\/\/coffeelounge.delonghi.com\/de\/#\/schema\/logo\/image\/","url":"https:\/\/coffeelounge.delonghi.com\/wp-content\/uploads\/2020\/05\/delonghi-coffee-lounge-logo-nederland.png","contentUrl":"https:\/\/coffeelounge.delonghi.com\/wp-content\/uploads\/2020\/05\/delonghi-coffee-lounge-logo-nederland.png","width":2337,"height":724,"caption":"De'Longhi Coffee Lounge"},"image":{"@id":"https:\/\/coffeelounge.delonghi.com\/de\/#\/schema\/logo\/image\/"}}]}},"_links":{"self":[{"href":"https:\/\/coffeelounge.delonghi.com\/de\/wp-json\/wp\/v2\/product\/298074","targetHints":{"allow":["GET"]}}],"collection":[{"href":"https:\/\/coffeelounge.delonghi.com\/de\/wp-json\/wp\/v2\/product"}],"about":[{"href":"https:\/\/coffeelounge.delonghi.com\/de\/wp-json\/wp\/v2\/types\/product"}],"replies":[{"embeddable":true,"href":"https:\/\/coffeelounge.delonghi.com\/de\/wp-json\/wp\/v2\/comments?post=298074"}],"version-history":[{"count":2,"href":"https:\/\/coffeelounge.delonghi.com\/de\/wp-json\/wp\/v2\/product\/298074\/revisions"}],"predecessor-version":[{"id":422114,"href":"https:\/\/coffeelounge.delonghi.com\/de\/wp-json\/wp\/v2\/product\/298074\/revisions\/422114"}],"wp:featuredmedia":[{"embeddable":true,"href":"https:\/\/coffeelounge.delonghi.com\/de\/wp-json\/wp\/v2\/media\/421443"}],"wp:attachment":[{"href":"https:\/\/coffeelounge.delonghi.com\/de\/wp-json\/wp\/v2\/media?parent=298074"}],"wp:term":[{"taxonomy":"product_cat","embeddable":true,"href":"https:\/\/coffeelounge.delonghi.com\/de\/wp-json\/wp\/v2\/product_cat?post=298074"},{"taxonomy":"product_tag","embeddable":true,"href":"https:\/\/coffeelounge.delonghi.com\/de\/wp-json\/wp\/v2\/product_tag?post=298074"}],"curies":[{"name":"wp","href":"https:\/\/api.w.org\/{rel}","templated":true}]}}