{"id":298045,"date":"2022-11-04T09:57:39","date_gmt":"2022-11-04T09:57:39","guid":{"rendered":"https:\/\/coffeelounge.delonghi.com\/?post_type=product&#038;p=298045"},"modified":"2024-03-04T09:19:16","modified_gmt":"2024-03-04T09:19:16","slug":"bio-espresso-aethiopien","status":"publish","type":"product","link":"https:\/\/coffeelounge.delonghi.com\/de\/produkt\/bio-espresso-aethiopien\/","title":{"rendered":"Bio-Espresso \u00c4thiopien"},"content":{"rendered":"<p>Unser Klassiker. Diese s\u00e4urearme Espressor\u00f6stung \u00fcberzeugt mit leckerem Schokoladen- und Nuss-Aroma und cremigen, w\u00fcrzigen Noten. Der Bio-Espresso wird medium ger\u00f6stet aus 100% wildgewachsenen Arabica Bohnen aus dem Sheka Forest. Er eignet sich hervorragend f\u00fcr die Zubereitung im Siebtr\u00e4ger, im Vollautomaten oder im Espressokocher.<\/p>\n<p>Der immergr\u00fcne Feuchtwald, der im Sheka Forest zu finden ist, gilt als der letzte indigene Wald \u00c4thiopiens. Hier leben unz\u00e4hlige, teils endemische Pflanzen- und Tierarten &#8211; viele von ihnen vom Aussterben bedroht. Auch wilder Coffea Arabica w\u00e4chst in den W\u00e4ldern &#8211; 2017 wurde er erstmals exportiert. Der Sheka Forest wurde 2012 zum UNESCO-Biosph\u00e4renreservat ernannt. Manche Kaffees aus dem Sheka Forest schmecken fruchtig, andere kr\u00e4ftig-herb, wieder andere leicht und blumig. Wilder Coffea Arabica aus \u00c4thiopien birgt auch heute noch den Hauch des Exquisiten und Au\u00dfergew\u00f6hnlichen. Im Gegensatz zu vielen anderen bereiten wir unsere Milchgetr\u00e4nke nicht mit einem Blend zu, sondern servieren dazu in unseren Caf\u00e9s den 100% Single Bean Arabica von der Edget Minch Farm. Die sch\u00f6ne S\u00fc\u00dfe, sein voller K\u00f6rper und leichte, unaufdringliche Bitterkeit kombinieren sich mit der milchigen S\u00fc\u00dfe zu einem tollen nussig-cremigen Cappuccino oder Milchkaffee.<\/p>\n<p>Importiert wird der \u00e4thiopische Kaffee von Original Food aus Freiburg.<\/p>\n","protected":false},"excerpt":{"rendered":"<p>Unser Klassiker. Diese s\u00e4urearme Espressor\u00f6stung \u00fcberzeugt mit leckerem Schokoladen- und Nuss-Aroma und cremigen, w\u00fcrzigen Noten. Der Bio-Espresso wird medium ger\u00f6stet aus 100% wildgewachsenen Arabica Bohnen aus dem Sheka Forest. Er eignet sich hervorragend f\u00fcr die Zubereitung im Siebtr\u00e4ger, im Vollautomaten oder im Espressokocher. Der immergr\u00fcne Feuchtwald, der im Sheka Forest zu finden ist, gilt als [&hellip;]<\/p>\n","protected":false},"featured_media":298051,"comment_status":"closed","ping_status":"closed","template":"","meta":{"_acf_changed":false},"product_cat":[262,261],"product_tag":[],"class_list":{"0":"post-298045","1":"product","2":"type-product","3":"status-publish","4":"has-post-thumbnail","6":"product_cat-alle-kaffees","7":"product_cat-single-origin","9":"first","10":"instock","11":"taxable","12":"shipping-taxable","13":"purchasable","14":"product-type-variable"},"acf":[],"yoast_head":"<!-- This site is optimized with the Yoast SEO Premium plugin v24.5 (Yoast SEO v24.5) - https:\/\/yoast.com\/wordpress\/plugins\/seo\/ -->\n<title>Bio-Espresso \u00c4thiopien | Coffee Lounge De&#039;Longhi<\/title>\n<meta name=\"description\" content=\"Der Klassiker von 5 Senses. Der Bio-Espresso wird medium ger\u00f6stet aus 100% wildgewachsenen Arabica Bohnen aus dem Sheka Forest .\" \/>\n<meta name=\"robots\" content=\"index, follow, max-snippet:-1, max-image-preview:large, max-video-preview:-1\" \/>\n<meta name=\"twitter:card\" content=\"summary_large_image\" \/>\n<meta name=\"twitter:title\" content=\"Bio-Espresso \u00c4thiopien | Coffee Lounge De&#039;Longhi\" \/>\n<meta name=\"twitter:description\" content=\"Der Klassiker von 5 Senses. Der Bio-Espresso wird medium ger\u00f6stet aus 100% wildgewachsenen Arabica Bohnen aus dem Sheka Forest .\" \/>\n<meta name=\"twitter:image\" content=\"https:\/\/coffeelounge.delonghi.com\/wp-content\/uploads\/2022\/11\/BIO-ESPRESSO_frei.png\" \/>\n<script type=\"application\/ld+json\" class=\"yoast-schema-graph\">{\"@context\":\"https:\/\/schema.org\",\"@graph\":[{\"@type\":\"WebPage\",\"@id\":\"https:\/\/coffeelounge.delonghi.com\/de\/produkt\/bio-espresso-aethiopien\/\",\"url\":\"https:\/\/coffeelounge.delonghi.com\/de\/produkt\/bio-espresso-aethiopien\/\",\"name\":\"Bio-Espresso \u00c4thiopien | Coffee Lounge De&#039;Longhi\",\"isPartOf\":{\"@id\":\"https:\/\/coffeelounge.delonghi.com\/de\/#website\"},\"primaryImageOfPage\":{\"@id\":\"https:\/\/coffeelounge.delonghi.com\/de\/produkt\/bio-espresso-aethiopien\/#primaryimage\"},\"image\":{\"@id\":\"https:\/\/coffeelounge.delonghi.com\/de\/produkt\/bio-espresso-aethiopien\/#primaryimage\"},\"thumbnailUrl\":\"https:\/\/coffeelounge.delonghi.com\/wp-content\/uploads\/2022\/11\/BIO-ESPRESSO_frei.png\",\"datePublished\":\"2022-11-04T09:57:39+00:00\",\"dateModified\":\"2024-03-04T09:19:16+00:00\",\"description\":\"Der Klassiker von 5 Senses. Der Bio-Espresso wird medium ger\u00f6stet aus 100% wildgewachsenen Arabica Bohnen aus dem Sheka Forest .\",\"breadcrumb\":{\"@id\":\"https:\/\/coffeelounge.delonghi.com\/de\/produkt\/bio-espresso-aethiopien\/#breadcrumb\"},\"inLanguage\":\"de\",\"potentialAction\":[{\"@type\":\"ReadAction\",\"target\":[\"https:\/\/coffeelounge.delonghi.com\/de\/produkt\/bio-espresso-aethiopien\/\"]}]},{\"@type\":\"ImageObject\",\"inLanguage\":\"de\",\"@id\":\"https:\/\/coffeelounge.delonghi.com\/de\/produkt\/bio-espresso-aethiopien\/#primaryimage\",\"url\":\"https:\/\/coffeelounge.delonghi.com\/wp-content\/uploads\/2022\/11\/BIO-ESPRESSO_frei.png\",\"contentUrl\":\"https:\/\/coffeelounge.delonghi.com\/wp-content\/uploads\/2022\/11\/BIO-ESPRESSO_frei.png\",\"width\":450,\"height\":626},{\"@type\":\"BreadcrumbList\",\"@id\":\"https:\/\/coffeelounge.delonghi.com\/de\/produkt\/bio-espresso-aethiopien\/#breadcrumb\",\"itemListElement\":[{\"@type\":\"ListItem\",\"position\":1,\"name\":\"Home\",\"item\":\"https:\/\/coffeelounge.delonghi.com\/de\/\"},{\"@type\":\"ListItem\",\"position\":2,\"name\":\"Produkte\",\"item\":\"https:\/\/coffeelounge.delonghi.com\/de\/produkte\/\"},{\"@type\":\"ListItem\",\"position\":3,\"name\":\"Bio-Espresso \u00c4thiopien\"}]},{\"@type\":\"WebSite\",\"@id\":\"https:\/\/coffeelounge.delonghi.com\/de\/#website\",\"url\":\"https:\/\/coffeelounge.delonghi.com\/de\/\",\"name\":\"De&#039;Longhi\",\"description\":\"Coffee Lounge\",\"publisher\":{\"@id\":\"https:\/\/coffeelounge.delonghi.com\/de\/#organization\"},\"potentialAction\":[{\"@type\":\"SearchAction\",\"target\":{\"@type\":\"EntryPoint\",\"urlTemplate\":\"https:\/\/coffeelounge.delonghi.com\/de\/?s={search_term_string}\"},\"query-input\":{\"@type\":\"PropertyValueSpecification\",\"valueRequired\":true,\"valueName\":\"search_term_string\"}}],\"inLanguage\":\"de\"},{\"@type\":\"Organization\",\"@id\":\"https:\/\/coffeelounge.delonghi.com\/de\/#organization\",\"name\":\"De'Longhi Coffee Lounge\",\"url\":\"https:\/\/coffeelounge.delonghi.com\/de\/\",\"logo\":{\"@type\":\"ImageObject\",\"inLanguage\":\"de\",\"@id\":\"https:\/\/coffeelounge.delonghi.com\/de\/#\/schema\/logo\/image\/\",\"url\":\"https:\/\/coffeelounge.delonghi.com\/wp-content\/uploads\/2020\/05\/delonghi-coffee-lounge-logo-nederland.png\",\"contentUrl\":\"https:\/\/coffeelounge.delonghi.com\/wp-content\/uploads\/2020\/05\/delonghi-coffee-lounge-logo-nederland.png\",\"width\":2337,\"height\":724,\"caption\":\"De'Longhi Coffee Lounge\"},\"image\":{\"@id\":\"https:\/\/coffeelounge.delonghi.com\/de\/#\/schema\/logo\/image\/\"}}]}<\/script>\n<!-- \/ Yoast SEO Premium plugin. -->","yoast_head_json":{"title":"Bio-Espresso \u00c4thiopien | Coffee Lounge De&#039;Longhi","description":"Der Klassiker von 5 Senses. Der Bio-Espresso wird medium ger\u00f6stet aus 100% wildgewachsenen Arabica Bohnen aus dem Sheka Forest .","robots":{"index":"index","follow":"follow","max-snippet":"max-snippet:-1","max-image-preview":"max-image-preview:large","max-video-preview":"max-video-preview:-1"},"twitter_card":"summary_large_image","twitter_title":"Bio-Espresso \u00c4thiopien | Coffee Lounge De&#039;Longhi","twitter_description":"Der Klassiker von 5 Senses. Der Bio-Espresso wird medium ger\u00f6stet aus 100% wildgewachsenen Arabica Bohnen aus dem Sheka Forest .","twitter_image":"https:\/\/coffeelounge.delonghi.com\/wp-content\/uploads\/2022\/11\/BIO-ESPRESSO_frei.png","schema":{"@context":"https:\/\/schema.org","@graph":[{"@type":"WebPage","@id":"https:\/\/coffeelounge.delonghi.com\/de\/produkt\/bio-espresso-aethiopien\/","url":"https:\/\/coffeelounge.delonghi.com\/de\/produkt\/bio-espresso-aethiopien\/","name":"Bio-Espresso \u00c4thiopien | Coffee Lounge De&#039;Longhi","isPartOf":{"@id":"https:\/\/coffeelounge.delonghi.com\/de\/#website"},"primaryImageOfPage":{"@id":"https:\/\/coffeelounge.delonghi.com\/de\/produkt\/bio-espresso-aethiopien\/#primaryimage"},"image":{"@id":"https:\/\/coffeelounge.delonghi.com\/de\/produkt\/bio-espresso-aethiopien\/#primaryimage"},"thumbnailUrl":"https:\/\/coffeelounge.delonghi.com\/wp-content\/uploads\/2022\/11\/BIO-ESPRESSO_frei.png","datePublished":"2022-11-04T09:57:39+00:00","dateModified":"2024-03-04T09:19:16+00:00","description":"Der Klassiker von 5 Senses. Der Bio-Espresso wird medium ger\u00f6stet aus 100% wildgewachsenen Arabica Bohnen aus dem Sheka Forest .","breadcrumb":{"@id":"https:\/\/coffeelounge.delonghi.com\/de\/produkt\/bio-espresso-aethiopien\/#breadcrumb"},"inLanguage":"de","potentialAction":[{"@type":"ReadAction","target":["https:\/\/coffeelounge.delonghi.com\/de\/produkt\/bio-espresso-aethiopien\/"]}]},{"@type":"ImageObject","inLanguage":"de","@id":"https:\/\/coffeelounge.delonghi.com\/de\/produkt\/bio-espresso-aethiopien\/#primaryimage","url":"https:\/\/coffeelounge.delonghi.com\/wp-content\/uploads\/2022\/11\/BIO-ESPRESSO_frei.png","contentUrl":"https:\/\/coffeelounge.delonghi.com\/wp-content\/uploads\/2022\/11\/BIO-ESPRESSO_frei.png","width":450,"height":626},{"@type":"BreadcrumbList","@id":"https:\/\/coffeelounge.delonghi.com\/de\/produkt\/bio-espresso-aethiopien\/#breadcrumb","itemListElement":[{"@type":"ListItem","position":1,"name":"Home","item":"https:\/\/coffeelounge.delonghi.com\/de\/"},{"@type":"ListItem","position":2,"name":"Produkte","item":"https:\/\/coffeelounge.delonghi.com\/de\/produkte\/"},{"@type":"ListItem","position":3,"name":"Bio-Espresso \u00c4thiopien"}]},{"@type":"WebSite","@id":"https:\/\/coffeelounge.delonghi.com\/de\/#website","url":"https:\/\/coffeelounge.delonghi.com\/de\/","name":"De&#039;Longhi","description":"Coffee Lounge","publisher":{"@id":"https:\/\/coffeelounge.delonghi.com\/de\/#organization"},"potentialAction":[{"@type":"SearchAction","target":{"@type":"EntryPoint","urlTemplate":"https:\/\/coffeelounge.delonghi.com\/de\/?s={search_term_string}"},"query-input":{"@type":"PropertyValueSpecification","valueRequired":true,"valueName":"search_term_string"}}],"inLanguage":"de"},{"@type":"Organization","@id":"https:\/\/coffeelounge.delonghi.com\/de\/#organization","name":"De'Longhi Coffee Lounge","url":"https:\/\/coffeelounge.delonghi.com\/de\/","logo":{"@type":"ImageObject","inLanguage":"de","@id":"https:\/\/coffeelounge.delonghi.com\/de\/#\/schema\/logo\/image\/","url":"https:\/\/coffeelounge.delonghi.com\/wp-content\/uploads\/2020\/05\/delonghi-coffee-lounge-logo-nederland.png","contentUrl":"https:\/\/coffeelounge.delonghi.com\/wp-content\/uploads\/2020\/05\/delonghi-coffee-lounge-logo-nederland.png","width":2337,"height":724,"caption":"De'Longhi Coffee Lounge"},"image":{"@id":"https:\/\/coffeelounge.delonghi.com\/de\/#\/schema\/logo\/image\/"}}]}},"_links":{"self":[{"href":"https:\/\/coffeelounge.delonghi.com\/de\/wp-json\/wp\/v2\/product\/298045","targetHints":{"allow":["GET"]}}],"collection":[{"href":"https:\/\/coffeelounge.delonghi.com\/de\/wp-json\/wp\/v2\/product"}],"about":[{"href":"https:\/\/coffeelounge.delonghi.com\/de\/wp-json\/wp\/v2\/types\/product"}],"replies":[{"embeddable":true,"href":"https:\/\/coffeelounge.delonghi.com\/de\/wp-json\/wp\/v2\/comments?post=298045"}],"version-history":[{"count":2,"href":"https:\/\/coffeelounge.delonghi.com\/de\/wp-json\/wp\/v2\/product\/298045\/revisions"}],"predecessor-version":[{"id":422115,"href":"https:\/\/coffeelounge.delonghi.com\/de\/wp-json\/wp\/v2\/product\/298045\/revisions\/422115"}],"wp:featuredmedia":[{"embeddable":true,"href":"https:\/\/coffeelounge.delonghi.com\/de\/wp-json\/wp\/v2\/media\/298051"}],"wp:attachment":[{"href":"https:\/\/coffeelounge.delonghi.com\/de\/wp-json\/wp\/v2\/media?parent=298045"}],"wp:term":[{"taxonomy":"product_cat","embeddable":true,"href":"https:\/\/coffeelounge.delonghi.com\/de\/wp-json\/wp\/v2\/product_cat?post=298045"},{"taxonomy":"product_tag","embeddable":true,"href":"https:\/\/coffeelounge.delonghi.com\/de\/wp-json\/wp\/v2\/product_tag?post=298045"}],"curies":[{"name":"wp","href":"https:\/\/api.w.org\/{rel}","templated":true}]}}