{"id":29602,"date":"2021-05-18T08:14:32","date_gmt":"2021-05-18T08:14:32","guid":{"rendered":"https:\/\/coffeelounge.delonghi.com\/?post_type=product&#038;p=29602"},"modified":"2024-03-04T09:24:19","modified_gmt":"2024-03-04T09:24:19","slug":"vogelmaier-kolumbien-entkoffeiniert","status":"publish","type":"product","link":"https:\/\/coffeelounge.delonghi.com\/de\/produkt\/vogelmaier-kolumbien-entkoffeiniert\/","title":{"rendered":"Kolumbien, entkoffeiniert"},"content":{"rendered":"<p>Eingebettet zwischen dem Andengebirge im Westen und dem Magdalena-Flussbecken ist Tolima ein eher abgelegenes und schwer zug\u00e4ngliches Gebiet. Der Kaffeeanbau erfolgt dort haupts\u00e4chlich auf kleinen Farmen, die im Familien- und Freundeskreis bewirtschaftet werden.<\/p>\n<p>Der \u201ePlanadas de Tolima\u201c besteht aus den Kaffeebohnen der Arabica-Sorten Caturra und Castillo. Diese werden von Hand geerntet, nass aufbereitet und nach dem Trocknen mit dem besonders schonenden \u201eZuckerrohr-Verfahren\u201c (L\u00f6sungsmittel Ethylacetat) entkoffeiniert.<\/p>\n<p>Dieser Decaf hat uns wirklich \u00fcberzeugt: qualitativ und geschmacklich. Er sorgt f\u00fcr einen unbeschwerten und vollmundigen Kaffeegenuss: egal, ob als Espresso oder als Filterkaffee zubereitet. Ankl\u00e4nge von Nuss und Schokolade, wenig S\u00e4ure &#8211; so \u00fcberraschend und einnehmend kann ein Decaf sein!<\/p>\n","protected":false},"excerpt":{"rendered":"<p>Eingebettet zwischen dem Andengebirge im Westen und dem Magdalena-Flussbecken ist Tolima ein eher abgelegenes und schwer zug\u00e4ngliches Gebiet. Der Kaffeeanbau erfolgt dort haupts\u00e4chlich auf kleinen Farmen, die im Familien- und Freundeskreis bewirtschaftet werden. Der \u201ePlanadas de Tolima\u201c besteht aus den Kaffeebohnen der Arabica-Sorten Caturra und Castillo. Diese werden von Hand geerntet, nass aufbereitet und nach [&hellip;]<\/p>\n","protected":false},"featured_media":421508,"comment_status":"closed","ping_status":"closed","template":"","meta":{"_acf_changed":false},"product_cat":[262,279,261],"product_tag":[],"class_list":{"0":"post-29602","1":"product","2":"type-product","3":"status-publish","4":"has-post-thumbnail","6":"product_cat-alle-kaffees","7":"product_cat-entkoffeiniert","8":"product_cat-single-origin","10":"first","11":"instock","12":"taxable","13":"shipping-taxable","14":"purchasable","15":"product-type-variable","16":"has-default-attributes"},"acf":[],"yoast_head":"<!-- This site is optimized with the Yoast SEO Premium plugin v24.5 (Yoast SEO v24.5) - https:\/\/yoast.com\/wordpress\/plugins\/seo\/ -->\n<title>Kolumbien, entkoffeiniert | Coffee Lounge De&#039;Longhi<\/title>\n<meta name=\"description\" content=\"Dieser kolumbianische Decaf von Vogelmaier hat uns wirklich \u00fcberzeugt: qualitativ und geschmacklich. Mehr erfahren Sie in der Coffee Lounge.\" \/>\n<meta name=\"robots\" content=\"index, follow, max-snippet:-1, max-image-preview:large, max-video-preview:-1\" \/>\n<meta name=\"twitter:card\" content=\"summary_large_image\" \/>\n<meta name=\"twitter:title\" content=\"Kolumbien, entkoffeiniert | Coffee Lounge De&#039;Longhi\" \/>\n<meta name=\"twitter:description\" content=\"Dieser kolumbianische Decaf von Vogelmaier hat uns wirklich \u00fcberzeugt: qualitativ und geschmacklich. Mehr erfahren Sie in der Coffee Lounge.\" \/>\n<meta name=\"twitter:image\" content=\"https:\/\/coffeelounge.delonghi.com\/wp-content\/uploads\/2021\/05\/kolumbien_entkoffeiniert.png\" \/>\n<script type=\"application\/ld+json\" class=\"yoast-schema-graph\">{\"@context\":\"https:\/\/schema.org\",\"@graph\":[{\"@type\":\"WebPage\",\"@id\":\"https:\/\/coffeelounge.delonghi.com\/de\/produkt\/vogelmaier-kolumbien-entkoffeiniert\/\",\"url\":\"https:\/\/coffeelounge.delonghi.com\/de\/produkt\/vogelmaier-kolumbien-entkoffeiniert\/\",\"name\":\"Kolumbien, entkoffeiniert | Coffee Lounge De&#039;Longhi\",\"isPartOf\":{\"@id\":\"https:\/\/coffeelounge.delonghi.com\/de\/#website\"},\"primaryImageOfPage\":{\"@id\":\"https:\/\/coffeelounge.delonghi.com\/de\/produkt\/vogelmaier-kolumbien-entkoffeiniert\/#primaryimage\"},\"image\":{\"@id\":\"https:\/\/coffeelounge.delonghi.com\/de\/produkt\/vogelmaier-kolumbien-entkoffeiniert\/#primaryimage\"},\"thumbnailUrl\":\"https:\/\/coffeelounge.delonghi.com\/wp-content\/uploads\/2021\/05\/kolumbien_entkoffeiniert.png\",\"datePublished\":\"2021-05-18T08:14:32+00:00\",\"dateModified\":\"2024-03-04T09:24:19+00:00\",\"description\":\"Dieser kolumbianische Decaf von Vogelmaier hat uns wirklich \u00fcberzeugt: qualitativ und geschmacklich. Mehr erfahren Sie in der Coffee Lounge.\",\"breadcrumb\":{\"@id\":\"https:\/\/coffeelounge.delonghi.com\/de\/produkt\/vogelmaier-kolumbien-entkoffeiniert\/#breadcrumb\"},\"inLanguage\":\"de\",\"potentialAction\":[{\"@type\":\"ReadAction\",\"target\":[\"https:\/\/coffeelounge.delonghi.com\/de\/produkt\/vogelmaier-kolumbien-entkoffeiniert\/\"]}]},{\"@type\":\"ImageObject\",\"inLanguage\":\"de\",\"@id\":\"https:\/\/coffeelounge.delonghi.com\/de\/produkt\/vogelmaier-kolumbien-entkoffeiniert\/#primaryimage\",\"url\":\"https:\/\/coffeelounge.delonghi.com\/wp-content\/uploads\/2021\/05\/kolumbien_entkoffeiniert.png\",\"contentUrl\":\"https:\/\/coffeelounge.delonghi.com\/wp-content\/uploads\/2021\/05\/kolumbien_entkoffeiniert.png\",\"width\":450,\"height\":450},{\"@type\":\"BreadcrumbList\",\"@id\":\"https:\/\/coffeelounge.delonghi.com\/de\/produkt\/vogelmaier-kolumbien-entkoffeiniert\/#breadcrumb\",\"itemListElement\":[{\"@type\":\"ListItem\",\"position\":1,\"name\":\"Home\",\"item\":\"https:\/\/coffeelounge.delonghi.com\/de\/\"},{\"@type\":\"ListItem\",\"position\":2,\"name\":\"Produkte\",\"item\":\"https:\/\/coffeelounge.delonghi.com\/de\/produkte\/\"},{\"@type\":\"ListItem\",\"position\":3,\"name\":\"Kolumbien, entkoffeiniert\"}]},{\"@type\":\"WebSite\",\"@id\":\"https:\/\/coffeelounge.delonghi.com\/de\/#website\",\"url\":\"https:\/\/coffeelounge.delonghi.com\/de\/\",\"name\":\"De&#039;Longhi\",\"description\":\"Coffee Lounge\",\"publisher\":{\"@id\":\"https:\/\/coffeelounge.delonghi.com\/de\/#organization\"},\"potentialAction\":[{\"@type\":\"SearchAction\",\"target\":{\"@type\":\"EntryPoint\",\"urlTemplate\":\"https:\/\/coffeelounge.delonghi.com\/de\/?s={search_term_string}\"},\"query-input\":{\"@type\":\"PropertyValueSpecification\",\"valueRequired\":true,\"valueName\":\"search_term_string\"}}],\"inLanguage\":\"de\"},{\"@type\":\"Organization\",\"@id\":\"https:\/\/coffeelounge.delonghi.com\/de\/#organization\",\"name\":\"De'Longhi Coffee Lounge\",\"url\":\"https:\/\/coffeelounge.delonghi.com\/de\/\",\"logo\":{\"@type\":\"ImageObject\",\"inLanguage\":\"de\",\"@id\":\"https:\/\/coffeelounge.delonghi.com\/de\/#\/schema\/logo\/image\/\",\"url\":\"https:\/\/coffeelounge.delonghi.com\/wp-content\/uploads\/2020\/05\/delonghi-coffee-lounge-logo-nederland.png\",\"contentUrl\":\"https:\/\/coffeelounge.delonghi.com\/wp-content\/uploads\/2020\/05\/delonghi-coffee-lounge-logo-nederland.png\",\"width\":2337,\"height\":724,\"caption\":\"De'Longhi Coffee Lounge\"},\"image\":{\"@id\":\"https:\/\/coffeelounge.delonghi.com\/de\/#\/schema\/logo\/image\/\"}}]}<\/script>\n<!-- \/ Yoast SEO Premium plugin. -->","yoast_head_json":{"title":"Kolumbien, entkoffeiniert | Coffee Lounge De&#039;Longhi","description":"Dieser kolumbianische Decaf von Vogelmaier hat uns wirklich \u00fcberzeugt: qualitativ und geschmacklich. Mehr erfahren Sie in der Coffee Lounge.","robots":{"index":"index","follow":"follow","max-snippet":"max-snippet:-1","max-image-preview":"max-image-preview:large","max-video-preview":"max-video-preview:-1"},"twitter_card":"summary_large_image","twitter_title":"Kolumbien, entkoffeiniert | Coffee Lounge De&#039;Longhi","twitter_description":"Dieser kolumbianische Decaf von Vogelmaier hat uns wirklich \u00fcberzeugt: qualitativ und geschmacklich. Mehr erfahren Sie in der Coffee Lounge.","twitter_image":"https:\/\/coffeelounge.delonghi.com\/wp-content\/uploads\/2021\/05\/kolumbien_entkoffeiniert.png","schema":{"@context":"https:\/\/schema.org","@graph":[{"@type":"WebPage","@id":"https:\/\/coffeelounge.delonghi.com\/de\/produkt\/vogelmaier-kolumbien-entkoffeiniert\/","url":"https:\/\/coffeelounge.delonghi.com\/de\/produkt\/vogelmaier-kolumbien-entkoffeiniert\/","name":"Kolumbien, entkoffeiniert | Coffee Lounge De&#039;Longhi","isPartOf":{"@id":"https:\/\/coffeelounge.delonghi.com\/de\/#website"},"primaryImageOfPage":{"@id":"https:\/\/coffeelounge.delonghi.com\/de\/produkt\/vogelmaier-kolumbien-entkoffeiniert\/#primaryimage"},"image":{"@id":"https:\/\/coffeelounge.delonghi.com\/de\/produkt\/vogelmaier-kolumbien-entkoffeiniert\/#primaryimage"},"thumbnailUrl":"https:\/\/coffeelounge.delonghi.com\/wp-content\/uploads\/2021\/05\/kolumbien_entkoffeiniert.png","datePublished":"2021-05-18T08:14:32+00:00","dateModified":"2024-03-04T09:24:19+00:00","description":"Dieser kolumbianische Decaf von Vogelmaier hat uns wirklich \u00fcberzeugt: qualitativ und geschmacklich. Mehr erfahren Sie in der Coffee Lounge.","breadcrumb":{"@id":"https:\/\/coffeelounge.delonghi.com\/de\/produkt\/vogelmaier-kolumbien-entkoffeiniert\/#breadcrumb"},"inLanguage":"de","potentialAction":[{"@type":"ReadAction","target":["https:\/\/coffeelounge.delonghi.com\/de\/produkt\/vogelmaier-kolumbien-entkoffeiniert\/"]}]},{"@type":"ImageObject","inLanguage":"de","@id":"https:\/\/coffeelounge.delonghi.com\/de\/produkt\/vogelmaier-kolumbien-entkoffeiniert\/#primaryimage","url":"https:\/\/coffeelounge.delonghi.com\/wp-content\/uploads\/2021\/05\/kolumbien_entkoffeiniert.png","contentUrl":"https:\/\/coffeelounge.delonghi.com\/wp-content\/uploads\/2021\/05\/kolumbien_entkoffeiniert.png","width":450,"height":450},{"@type":"BreadcrumbList","@id":"https:\/\/coffeelounge.delonghi.com\/de\/produkt\/vogelmaier-kolumbien-entkoffeiniert\/#breadcrumb","itemListElement":[{"@type":"ListItem","position":1,"name":"Home","item":"https:\/\/coffeelounge.delonghi.com\/de\/"},{"@type":"ListItem","position":2,"name":"Produkte","item":"https:\/\/coffeelounge.delonghi.com\/de\/produkte\/"},{"@type":"ListItem","position":3,"name":"Kolumbien, entkoffeiniert"}]},{"@type":"WebSite","@id":"https:\/\/coffeelounge.delonghi.com\/de\/#website","url":"https:\/\/coffeelounge.delonghi.com\/de\/","name":"De&#039;Longhi","description":"Coffee Lounge","publisher":{"@id":"https:\/\/coffeelounge.delonghi.com\/de\/#organization"},"potentialAction":[{"@type":"SearchAction","target":{"@type":"EntryPoint","urlTemplate":"https:\/\/coffeelounge.delonghi.com\/de\/?s={search_term_string}"},"query-input":{"@type":"PropertyValueSpecification","valueRequired":true,"valueName":"search_term_string"}}],"inLanguage":"de"},{"@type":"Organization","@id":"https:\/\/coffeelounge.delonghi.com\/de\/#organization","name":"De'Longhi Coffee Lounge","url":"https:\/\/coffeelounge.delonghi.com\/de\/","logo":{"@type":"ImageObject","inLanguage":"de","@id":"https:\/\/coffeelounge.delonghi.com\/de\/#\/schema\/logo\/image\/","url":"https:\/\/coffeelounge.delonghi.com\/wp-content\/uploads\/2020\/05\/delonghi-coffee-lounge-logo-nederland.png","contentUrl":"https:\/\/coffeelounge.delonghi.com\/wp-content\/uploads\/2020\/05\/delonghi-coffee-lounge-logo-nederland.png","width":2337,"height":724,"caption":"De'Longhi Coffee Lounge"},"image":{"@id":"https:\/\/coffeelounge.delonghi.com\/de\/#\/schema\/logo\/image\/"}}]}},"_links":{"self":[{"href":"https:\/\/coffeelounge.delonghi.com\/de\/wp-json\/wp\/v2\/product\/29602","targetHints":{"allow":["GET"]}}],"collection":[{"href":"https:\/\/coffeelounge.delonghi.com\/de\/wp-json\/wp\/v2\/product"}],"about":[{"href":"https:\/\/coffeelounge.delonghi.com\/de\/wp-json\/wp\/v2\/types\/product"}],"replies":[{"embeddable":true,"href":"https:\/\/coffeelounge.delonghi.com\/de\/wp-json\/wp\/v2\/comments?post=29602"}],"version-history":[{"count":2,"href":"https:\/\/coffeelounge.delonghi.com\/de\/wp-json\/wp\/v2\/product\/29602\/revisions"}],"predecessor-version":[{"id":422134,"href":"https:\/\/coffeelounge.delonghi.com\/de\/wp-json\/wp\/v2\/product\/29602\/revisions\/422134"}],"wp:featuredmedia":[{"embeddable":true,"href":"https:\/\/coffeelounge.delonghi.com\/de\/wp-json\/wp\/v2\/media\/421508"}],"wp:attachment":[{"href":"https:\/\/coffeelounge.delonghi.com\/de\/wp-json\/wp\/v2\/media?parent=29602"}],"wp:term":[{"taxonomy":"product_cat","embeddable":true,"href":"https:\/\/coffeelounge.delonghi.com\/de\/wp-json\/wp\/v2\/product_cat?post=29602"},{"taxonomy":"product_tag","embeddable":true,"href":"https:\/\/coffeelounge.delonghi.com\/de\/wp-json\/wp\/v2\/product_tag?post=29602"}],"curies":[{"name":"wp","href":"https:\/\/api.w.org\/{rel}","templated":true}]}}