{"id":29598,"date":"2021-05-18T08:07:33","date_gmt":"2021-05-18T08:07:33","guid":{"rendered":"https:\/\/coffeelounge.delonghi.com\/?post_type=product&#038;p=29598"},"modified":"2024-03-04T09:24:27","modified_gmt":"2024-03-04T09:24:27","slug":"vogelmaier-kolumbien-medium","status":"publish","type":"product","link":"https:\/\/coffeelounge.delonghi.com\/de\/produkt\/vogelmaier-kolumbien-medium\/","title":{"rendered":"Kolumbien &#8220;Medium&#8221;"},"content":{"rendered":"<p>Die Berge Kolumbiens erzeugen eine Vielzahl an Mikroklimata \u2013 perfekte Rahmenbedingungen f\u00fcr den Kaffeeanbau. Das Departamento Cundinamarca, auch \u201eLand des Kondors\u201c genannt, liegt im Zentrum Kolumbiens und damit mitten in den Bergen der Andenkordilleren.<\/p>\n<p>Auf dieser Hochebene befindet sich die \u201eFinca Lombardia der Familie Delgado, die mit viel Hingabe und F\u00fcrsorge die Arabica-Sorte \u201eCastillo\u201c anbaut. Die reifen Kaffeekirschen werden nass aufbereitet und nach dem Trocknen wird der Rohkaffee von vielen flei\u00dfigen H\u00e4nden sortiert.<\/p>\n<p>Diese \u201ehandverlesene\u201c Auswahl bringt einen exquisiten Kaffee zum Vorschein und entwickelt beim schonenden R\u00f6sten dezente Mandelnoten, einen Hauch von Vanille und einen samtigen vollen K\u00f6rper. Ein zuverl\u00e4ssiger Begleiter f\u00fcr den Tag.<\/p>\n","protected":false},"excerpt":{"rendered":"<p>Die Berge Kolumbiens erzeugen eine Vielzahl an Mikroklimata \u2013 perfekte Rahmenbedingungen f\u00fcr den Kaffeeanbau. Das Departamento Cundinamarca, auch \u201eLand des Kondors\u201c genannt, liegt im Zentrum Kolumbiens und damit mitten in den Bergen der Andenkordilleren. Auf dieser Hochebene befindet sich die \u201eFinca Lombardia der Familie Delgado, die mit viel Hingabe und F\u00fcrsorge die Arabica-Sorte \u201eCastillo\u201c anbaut. [&hellip;]<\/p>\n","protected":false},"featured_media":421521,"comment_status":"closed","ping_status":"closed","template":"","meta":{"_acf_changed":false},"product_cat":[262,261,277],"product_tag":[],"class_list":{"0":"post-29598","1":"product","2":"type-product","3":"status-publish","4":"has-post-thumbnail","6":"product_cat-alle-kaffees","7":"product_cat-single-origin","8":"product_cat-spezialitaetenkaffee","10":"first","11":"instock","12":"taxable","13":"shipping-taxable","14":"purchasable","15":"product-type-variable","16":"has-default-attributes"},"acf":[],"yoast_head":"<!-- This site is optimized with the Yoast SEO Premium plugin v24.5 (Yoast SEO v24.5) - https:\/\/yoast.com\/wordpress\/plugins\/seo\/ -->\n<title>Kolumbien &quot;Medium&quot; | Coffee Lounge De&#039;Longhi<\/title>\n<meta name=\"description\" content=\"Dieser kolumbianische Kaffee der R\u00f6sterei Vogelmaier gl\u00e4nzt mit handverlesenen Bohnen und einem vollen Aroma. Mehr dazu in der Coffee Lounge.\" \/>\n<meta name=\"robots\" content=\"index, follow, max-snippet:-1, max-image-preview:large, max-video-preview:-1\" \/>\n<meta name=\"twitter:card\" content=\"summary_large_image\" \/>\n<meta name=\"twitter:title\" content=\"Kolumbien &quot;Medium&quot; | Coffee Lounge De&#039;Longhi\" \/>\n<meta name=\"twitter:description\" content=\"Dieser kolumbianische Kaffee der R\u00f6sterei Vogelmaier gl\u00e4nzt mit handverlesenen Bohnen und einem vollen Aroma. Mehr dazu in der Coffee Lounge.\" \/>\n<meta name=\"twitter:image\" content=\"https:\/\/coffeelounge.delonghi.com\/wp-content\/uploads\/2021\/05\/kolumbien_finca_lombardia.png\" \/>\n<script type=\"application\/ld+json\" class=\"yoast-schema-graph\">{\"@context\":\"https:\/\/schema.org\",\"@graph\":[{\"@type\":\"WebPage\",\"@id\":\"https:\/\/coffeelounge.delonghi.com\/de\/produkt\/vogelmaier-kolumbien-medium\/\",\"url\":\"https:\/\/coffeelounge.delonghi.com\/de\/produkt\/vogelmaier-kolumbien-medium\/\",\"name\":\"Kolumbien \\\"Medium\\\" | Coffee Lounge De&#039;Longhi\",\"isPartOf\":{\"@id\":\"https:\/\/coffeelounge.delonghi.com\/de\/#website\"},\"primaryImageOfPage\":{\"@id\":\"https:\/\/coffeelounge.delonghi.com\/de\/produkt\/vogelmaier-kolumbien-medium\/#primaryimage\"},\"image\":{\"@id\":\"https:\/\/coffeelounge.delonghi.com\/de\/produkt\/vogelmaier-kolumbien-medium\/#primaryimage\"},\"thumbnailUrl\":\"https:\/\/coffeelounge.delonghi.com\/wp-content\/uploads\/2021\/05\/kolumbien_finca_lombardia.png\",\"datePublished\":\"2021-05-18T08:07:33+00:00\",\"dateModified\":\"2024-03-04T09:24:27+00:00\",\"description\":\"Dieser kolumbianische Kaffee der R\u00f6sterei Vogelmaier gl\u00e4nzt mit handverlesenen Bohnen und einem vollen Aroma. Mehr dazu in der Coffee Lounge.\",\"breadcrumb\":{\"@id\":\"https:\/\/coffeelounge.delonghi.com\/de\/produkt\/vogelmaier-kolumbien-medium\/#breadcrumb\"},\"inLanguage\":\"de\",\"potentialAction\":[{\"@type\":\"ReadAction\",\"target\":[\"https:\/\/coffeelounge.delonghi.com\/de\/produkt\/vogelmaier-kolumbien-medium\/\"]}]},{\"@type\":\"ImageObject\",\"inLanguage\":\"de\",\"@id\":\"https:\/\/coffeelounge.delonghi.com\/de\/produkt\/vogelmaier-kolumbien-medium\/#primaryimage\",\"url\":\"https:\/\/coffeelounge.delonghi.com\/wp-content\/uploads\/2021\/05\/kolumbien_finca_lombardia.png\",\"contentUrl\":\"https:\/\/coffeelounge.delonghi.com\/wp-content\/uploads\/2021\/05\/kolumbien_finca_lombardia.png\",\"width\":450,\"height\":450},{\"@type\":\"BreadcrumbList\",\"@id\":\"https:\/\/coffeelounge.delonghi.com\/de\/produkt\/vogelmaier-kolumbien-medium\/#breadcrumb\",\"itemListElement\":[{\"@type\":\"ListItem\",\"position\":1,\"name\":\"Home\",\"item\":\"https:\/\/coffeelounge.delonghi.com\/de\/\"},{\"@type\":\"ListItem\",\"position\":2,\"name\":\"Produkte\",\"item\":\"https:\/\/coffeelounge.delonghi.com\/de\/produkte\/\"},{\"@type\":\"ListItem\",\"position\":3,\"name\":\"Kolumbien &#8220;Medium&#8221;\"}]},{\"@type\":\"WebSite\",\"@id\":\"https:\/\/coffeelounge.delonghi.com\/de\/#website\",\"url\":\"https:\/\/coffeelounge.delonghi.com\/de\/\",\"name\":\"De&#039;Longhi\",\"description\":\"Coffee Lounge\",\"publisher\":{\"@id\":\"https:\/\/coffeelounge.delonghi.com\/de\/#organization\"},\"potentialAction\":[{\"@type\":\"SearchAction\",\"target\":{\"@type\":\"EntryPoint\",\"urlTemplate\":\"https:\/\/coffeelounge.delonghi.com\/de\/?s={search_term_string}\"},\"query-input\":{\"@type\":\"PropertyValueSpecification\",\"valueRequired\":true,\"valueName\":\"search_term_string\"}}],\"inLanguage\":\"de\"},{\"@type\":\"Organization\",\"@id\":\"https:\/\/coffeelounge.delonghi.com\/de\/#organization\",\"name\":\"De'Longhi Coffee Lounge\",\"url\":\"https:\/\/coffeelounge.delonghi.com\/de\/\",\"logo\":{\"@type\":\"ImageObject\",\"inLanguage\":\"de\",\"@id\":\"https:\/\/coffeelounge.delonghi.com\/de\/#\/schema\/logo\/image\/\",\"url\":\"https:\/\/coffeelounge.delonghi.com\/wp-content\/uploads\/2020\/05\/delonghi-coffee-lounge-logo-nederland.png\",\"contentUrl\":\"https:\/\/coffeelounge.delonghi.com\/wp-content\/uploads\/2020\/05\/delonghi-coffee-lounge-logo-nederland.png\",\"width\":2337,\"height\":724,\"caption\":\"De'Longhi Coffee Lounge\"},\"image\":{\"@id\":\"https:\/\/coffeelounge.delonghi.com\/de\/#\/schema\/logo\/image\/\"}}]}<\/script>\n<!-- \/ Yoast SEO Premium plugin. -->","yoast_head_json":{"title":"Kolumbien \"Medium\" | Coffee Lounge De&#039;Longhi","description":"Dieser kolumbianische Kaffee der R\u00f6sterei Vogelmaier gl\u00e4nzt mit handverlesenen Bohnen und einem vollen Aroma. Mehr dazu in der Coffee Lounge.","robots":{"index":"index","follow":"follow","max-snippet":"max-snippet:-1","max-image-preview":"max-image-preview:large","max-video-preview":"max-video-preview:-1"},"twitter_card":"summary_large_image","twitter_title":"Kolumbien \"Medium\" | Coffee Lounge De&#039;Longhi","twitter_description":"Dieser kolumbianische Kaffee der R\u00f6sterei Vogelmaier gl\u00e4nzt mit handverlesenen Bohnen und einem vollen Aroma. Mehr dazu in der Coffee Lounge.","twitter_image":"https:\/\/coffeelounge.delonghi.com\/wp-content\/uploads\/2021\/05\/kolumbien_finca_lombardia.png","schema":{"@context":"https:\/\/schema.org","@graph":[{"@type":"WebPage","@id":"https:\/\/coffeelounge.delonghi.com\/de\/produkt\/vogelmaier-kolumbien-medium\/","url":"https:\/\/coffeelounge.delonghi.com\/de\/produkt\/vogelmaier-kolumbien-medium\/","name":"Kolumbien \"Medium\" | Coffee Lounge De&#039;Longhi","isPartOf":{"@id":"https:\/\/coffeelounge.delonghi.com\/de\/#website"},"primaryImageOfPage":{"@id":"https:\/\/coffeelounge.delonghi.com\/de\/produkt\/vogelmaier-kolumbien-medium\/#primaryimage"},"image":{"@id":"https:\/\/coffeelounge.delonghi.com\/de\/produkt\/vogelmaier-kolumbien-medium\/#primaryimage"},"thumbnailUrl":"https:\/\/coffeelounge.delonghi.com\/wp-content\/uploads\/2021\/05\/kolumbien_finca_lombardia.png","datePublished":"2021-05-18T08:07:33+00:00","dateModified":"2024-03-04T09:24:27+00:00","description":"Dieser kolumbianische Kaffee der R\u00f6sterei Vogelmaier gl\u00e4nzt mit handverlesenen Bohnen und einem vollen Aroma. Mehr dazu in der Coffee Lounge.","breadcrumb":{"@id":"https:\/\/coffeelounge.delonghi.com\/de\/produkt\/vogelmaier-kolumbien-medium\/#breadcrumb"},"inLanguage":"de","potentialAction":[{"@type":"ReadAction","target":["https:\/\/coffeelounge.delonghi.com\/de\/produkt\/vogelmaier-kolumbien-medium\/"]}]},{"@type":"ImageObject","inLanguage":"de","@id":"https:\/\/coffeelounge.delonghi.com\/de\/produkt\/vogelmaier-kolumbien-medium\/#primaryimage","url":"https:\/\/coffeelounge.delonghi.com\/wp-content\/uploads\/2021\/05\/kolumbien_finca_lombardia.png","contentUrl":"https:\/\/coffeelounge.delonghi.com\/wp-content\/uploads\/2021\/05\/kolumbien_finca_lombardia.png","width":450,"height":450},{"@type":"BreadcrumbList","@id":"https:\/\/coffeelounge.delonghi.com\/de\/produkt\/vogelmaier-kolumbien-medium\/#breadcrumb","itemListElement":[{"@type":"ListItem","position":1,"name":"Home","item":"https:\/\/coffeelounge.delonghi.com\/de\/"},{"@type":"ListItem","position":2,"name":"Produkte","item":"https:\/\/coffeelounge.delonghi.com\/de\/produkte\/"},{"@type":"ListItem","position":3,"name":"Kolumbien &#8220;Medium&#8221;"}]},{"@type":"WebSite","@id":"https:\/\/coffeelounge.delonghi.com\/de\/#website","url":"https:\/\/coffeelounge.delonghi.com\/de\/","name":"De&#039;Longhi","description":"Coffee Lounge","publisher":{"@id":"https:\/\/coffeelounge.delonghi.com\/de\/#organization"},"potentialAction":[{"@type":"SearchAction","target":{"@type":"EntryPoint","urlTemplate":"https:\/\/coffeelounge.delonghi.com\/de\/?s={search_term_string}"},"query-input":{"@type":"PropertyValueSpecification","valueRequired":true,"valueName":"search_term_string"}}],"inLanguage":"de"},{"@type":"Organization","@id":"https:\/\/coffeelounge.delonghi.com\/de\/#organization","name":"De'Longhi Coffee Lounge","url":"https:\/\/coffeelounge.delonghi.com\/de\/","logo":{"@type":"ImageObject","inLanguage":"de","@id":"https:\/\/coffeelounge.delonghi.com\/de\/#\/schema\/logo\/image\/","url":"https:\/\/coffeelounge.delonghi.com\/wp-content\/uploads\/2020\/05\/delonghi-coffee-lounge-logo-nederland.png","contentUrl":"https:\/\/coffeelounge.delonghi.com\/wp-content\/uploads\/2020\/05\/delonghi-coffee-lounge-logo-nederland.png","width":2337,"height":724,"caption":"De'Longhi Coffee Lounge"},"image":{"@id":"https:\/\/coffeelounge.delonghi.com\/de\/#\/schema\/logo\/image\/"}}]}},"_links":{"self":[{"href":"https:\/\/coffeelounge.delonghi.com\/de\/wp-json\/wp\/v2\/product\/29598","targetHints":{"allow":["GET"]}}],"collection":[{"href":"https:\/\/coffeelounge.delonghi.com\/de\/wp-json\/wp\/v2\/product"}],"about":[{"href":"https:\/\/coffeelounge.delonghi.com\/de\/wp-json\/wp\/v2\/types\/product"}],"replies":[{"embeddable":true,"href":"https:\/\/coffeelounge.delonghi.com\/de\/wp-json\/wp\/v2\/comments?post=29598"}],"version-history":[{"count":3,"href":"https:\/\/coffeelounge.delonghi.com\/de\/wp-json\/wp\/v2\/product\/29598\/revisions"}],"predecessor-version":[{"id":422135,"href":"https:\/\/coffeelounge.delonghi.com\/de\/wp-json\/wp\/v2\/product\/29598\/revisions\/422135"}],"wp:featuredmedia":[{"embeddable":true,"href":"https:\/\/coffeelounge.delonghi.com\/de\/wp-json\/wp\/v2\/media\/421521"}],"wp:attachment":[{"href":"https:\/\/coffeelounge.delonghi.com\/de\/wp-json\/wp\/v2\/media?parent=29598"}],"wp:term":[{"taxonomy":"product_cat","embeddable":true,"href":"https:\/\/coffeelounge.delonghi.com\/de\/wp-json\/wp\/v2\/product_cat?post=29598"},{"taxonomy":"product_tag","embeddable":true,"href":"https:\/\/coffeelounge.delonghi.com\/de\/wp-json\/wp\/v2\/product_tag?post=29598"}],"curies":[{"name":"wp","href":"https:\/\/api.w.org\/{rel}","templated":true}]}}