{"id":29593,"date":"2021-05-18T07:59:12","date_gmt":"2021-05-18T07:59:12","guid":{"rendered":"https:\/\/coffeelounge.delonghi.com\/?post_type=product&#038;p=29593"},"modified":"2024-03-04T09:24:33","modified_gmt":"2024-03-04T09:24:33","slug":"vogelmaier-java-jampit-estate","status":"publish","type":"product","link":"https:\/\/coffeelounge.delonghi.com\/de\/produkt\/vogelmaier-java-jampit-estate\/","title":{"rendered":"Java &#8220;Jampit Estate&#8221;"},"content":{"rendered":"<p>Die Geschichte des Kaffees in Indonesien begann 1696 rund um Jakarta im Westen Javas. Indonesien war damit das erste Land au\u00dferhalb von Afrika, welches in gro\u00dfem Stil Kaffee anbaute. Ein Gro\u00dfteil des Kaffees wird auf staatlichen Plantagen, die sich auf dem Ijen-Plateau im Osten der Insel konzentrieren, angebaut.<\/p>\n<p>Das Ijen-Plateau bietet exzellente Anbaubedingungen und so w\u00e4chst hier einer der feinsten Java-Kaffees. Die reifen Kaffeekirschen werden per Hand gepfl\u00fcckt, nass aufbereitet und anschlie\u00dfend in der Sonne getrocknet. Dies alles gibt diesem Arabica-Kaffee seinen einzigartigen Charakter: ein kr\u00e4ftiger Fr\u00fchst\u00fcckskaffee mit wenig S\u00e4ure, der mit einem Bouquet aus dunkler Schokolade, Mandeln und Honig f\u00fcr den perfekten Start in den Tag sorgt.<\/p>\n","protected":false},"excerpt":{"rendered":"<p>Die Geschichte des Kaffees in Indonesien begann 1696 rund um Jakarta im Westen Javas. Indonesien war damit das erste Land au\u00dferhalb von Afrika, welches in gro\u00dfem Stil Kaffee anbaute. Ein Gro\u00dfteil des Kaffees wird auf staatlichen Plantagen, die sich auf dem Ijen-Plateau im Osten der Insel konzentrieren, angebaut. Das Ijen-Plateau bietet exzellente Anbaubedingungen und so [&hellip;]<\/p>\n","protected":false},"featured_media":421534,"comment_status":"closed","ping_status":"closed","template":"","meta":{"_acf_changed":false},"product_cat":[262,261,277],"product_tag":[],"class_list":{"0":"post-29593","1":"product","2":"type-product","3":"status-publish","4":"has-post-thumbnail","6":"product_cat-alle-kaffees","7":"product_cat-single-origin","8":"product_cat-spezialitaetenkaffee","10":"first","11":"instock","12":"taxable","13":"shipping-taxable","14":"purchasable","15":"product-type-variable","16":"has-default-attributes"},"acf":[],"yoast_head":"<!-- This site is optimized with the Yoast SEO Premium plugin v24.5 (Yoast SEO v24.5) - https:\/\/yoast.com\/wordpress\/plugins\/seo\/ -->\n<title>Java &quot;Jampit Estate&quot; | Coffee Lounge De&#039;Longhi<\/title>\n<meta name=\"description\" content=\"Dieser Java-Kaffee der R\u00f6sterei Vogelmaier gl\u00e4nzt mit wenig S\u00e4ure und einem Bouquet aus dunkler Schokolade und passt perfekt zum Fr\u00fchst\u00fcck.\" \/>\n<meta name=\"robots\" content=\"index, follow, max-snippet:-1, max-image-preview:large, max-video-preview:-1\" \/>\n<meta name=\"twitter:card\" content=\"summary_large_image\" \/>\n<meta name=\"twitter:title\" content=\"Java &quot;Jampit Estate&quot; | Coffee Lounge De&#039;Longhi\" \/>\n<meta name=\"twitter:description\" content=\"Dieser Java-Kaffee der R\u00f6sterei Vogelmaier gl\u00e4nzt mit wenig S\u00e4ure und einem Bouquet aus dunkler Schokolade und passt perfekt zum Fr\u00fchst\u00fcck.\" \/>\n<meta name=\"twitter:image\" content=\"https:\/\/coffeelounge.delonghi.com\/wp-content\/uploads\/2021\/05\/java_jampit_estate.png\" \/>\n<script type=\"application\/ld+json\" class=\"yoast-schema-graph\">{\"@context\":\"https:\/\/schema.org\",\"@graph\":[{\"@type\":\"WebPage\",\"@id\":\"https:\/\/coffeelounge.delonghi.com\/de\/produkt\/vogelmaier-java-jampit-estate\/\",\"url\":\"https:\/\/coffeelounge.delonghi.com\/de\/produkt\/vogelmaier-java-jampit-estate\/\",\"name\":\"Java \\\"Jampit Estate\\\" | Coffee Lounge De&#039;Longhi\",\"isPartOf\":{\"@id\":\"https:\/\/coffeelounge.delonghi.com\/de\/#website\"},\"primaryImageOfPage\":{\"@id\":\"https:\/\/coffeelounge.delonghi.com\/de\/produkt\/vogelmaier-java-jampit-estate\/#primaryimage\"},\"image\":{\"@id\":\"https:\/\/coffeelounge.delonghi.com\/de\/produkt\/vogelmaier-java-jampit-estate\/#primaryimage\"},\"thumbnailUrl\":\"https:\/\/coffeelounge.delonghi.com\/wp-content\/uploads\/2021\/05\/java_jampit_estate.png\",\"datePublished\":\"2021-05-18T07:59:12+00:00\",\"dateModified\":\"2024-03-04T09:24:33+00:00\",\"description\":\"Dieser Java-Kaffee der R\u00f6sterei Vogelmaier gl\u00e4nzt mit wenig S\u00e4ure und einem Bouquet aus dunkler Schokolade und passt perfekt zum Fr\u00fchst\u00fcck.\",\"breadcrumb\":{\"@id\":\"https:\/\/coffeelounge.delonghi.com\/de\/produkt\/vogelmaier-java-jampit-estate\/#breadcrumb\"},\"inLanguage\":\"de\",\"potentialAction\":[{\"@type\":\"ReadAction\",\"target\":[\"https:\/\/coffeelounge.delonghi.com\/de\/produkt\/vogelmaier-java-jampit-estate\/\"]}]},{\"@type\":\"ImageObject\",\"inLanguage\":\"de\",\"@id\":\"https:\/\/coffeelounge.delonghi.com\/de\/produkt\/vogelmaier-java-jampit-estate\/#primaryimage\",\"url\":\"https:\/\/coffeelounge.delonghi.com\/wp-content\/uploads\/2021\/05\/java_jampit_estate.png\",\"contentUrl\":\"https:\/\/coffeelounge.delonghi.com\/wp-content\/uploads\/2021\/05\/java_jampit_estate.png\",\"width\":450,\"height\":450},{\"@type\":\"BreadcrumbList\",\"@id\":\"https:\/\/coffeelounge.delonghi.com\/de\/produkt\/vogelmaier-java-jampit-estate\/#breadcrumb\",\"itemListElement\":[{\"@type\":\"ListItem\",\"position\":1,\"name\":\"Home\",\"item\":\"https:\/\/coffeelounge.delonghi.com\/de\/\"},{\"@type\":\"ListItem\",\"position\":2,\"name\":\"Produkte\",\"item\":\"https:\/\/coffeelounge.delonghi.com\/de\/produkte\/\"},{\"@type\":\"ListItem\",\"position\":3,\"name\":\"Java &#8220;Jampit Estate&#8221;\"}]},{\"@type\":\"WebSite\",\"@id\":\"https:\/\/coffeelounge.delonghi.com\/de\/#website\",\"url\":\"https:\/\/coffeelounge.delonghi.com\/de\/\",\"name\":\"De&#039;Longhi\",\"description\":\"Coffee Lounge\",\"publisher\":{\"@id\":\"https:\/\/coffeelounge.delonghi.com\/de\/#organization\"},\"potentialAction\":[{\"@type\":\"SearchAction\",\"target\":{\"@type\":\"EntryPoint\",\"urlTemplate\":\"https:\/\/coffeelounge.delonghi.com\/de\/?s={search_term_string}\"},\"query-input\":{\"@type\":\"PropertyValueSpecification\",\"valueRequired\":true,\"valueName\":\"search_term_string\"}}],\"inLanguage\":\"de\"},{\"@type\":\"Organization\",\"@id\":\"https:\/\/coffeelounge.delonghi.com\/de\/#organization\",\"name\":\"De'Longhi Coffee Lounge\",\"url\":\"https:\/\/coffeelounge.delonghi.com\/de\/\",\"logo\":{\"@type\":\"ImageObject\",\"inLanguage\":\"de\",\"@id\":\"https:\/\/coffeelounge.delonghi.com\/de\/#\/schema\/logo\/image\/\",\"url\":\"https:\/\/coffeelounge.delonghi.com\/wp-content\/uploads\/2020\/05\/delonghi-coffee-lounge-logo-nederland.png\",\"contentUrl\":\"https:\/\/coffeelounge.delonghi.com\/wp-content\/uploads\/2020\/05\/delonghi-coffee-lounge-logo-nederland.png\",\"width\":2337,\"height\":724,\"caption\":\"De'Longhi Coffee Lounge\"},\"image\":{\"@id\":\"https:\/\/coffeelounge.delonghi.com\/de\/#\/schema\/logo\/image\/\"}}]}<\/script>\n<!-- \/ Yoast SEO Premium plugin. -->","yoast_head_json":{"title":"Java \"Jampit Estate\" | Coffee Lounge De&#039;Longhi","description":"Dieser Java-Kaffee der R\u00f6sterei Vogelmaier gl\u00e4nzt mit wenig S\u00e4ure und einem Bouquet aus dunkler Schokolade und passt perfekt zum Fr\u00fchst\u00fcck.","robots":{"index":"index","follow":"follow","max-snippet":"max-snippet:-1","max-image-preview":"max-image-preview:large","max-video-preview":"max-video-preview:-1"},"twitter_card":"summary_large_image","twitter_title":"Java \"Jampit Estate\" | Coffee Lounge De&#039;Longhi","twitter_description":"Dieser Java-Kaffee der R\u00f6sterei Vogelmaier gl\u00e4nzt mit wenig S\u00e4ure und einem Bouquet aus dunkler Schokolade und passt perfekt zum Fr\u00fchst\u00fcck.","twitter_image":"https:\/\/coffeelounge.delonghi.com\/wp-content\/uploads\/2021\/05\/java_jampit_estate.png","schema":{"@context":"https:\/\/schema.org","@graph":[{"@type":"WebPage","@id":"https:\/\/coffeelounge.delonghi.com\/de\/produkt\/vogelmaier-java-jampit-estate\/","url":"https:\/\/coffeelounge.delonghi.com\/de\/produkt\/vogelmaier-java-jampit-estate\/","name":"Java \"Jampit Estate\" | Coffee Lounge De&#039;Longhi","isPartOf":{"@id":"https:\/\/coffeelounge.delonghi.com\/de\/#website"},"primaryImageOfPage":{"@id":"https:\/\/coffeelounge.delonghi.com\/de\/produkt\/vogelmaier-java-jampit-estate\/#primaryimage"},"image":{"@id":"https:\/\/coffeelounge.delonghi.com\/de\/produkt\/vogelmaier-java-jampit-estate\/#primaryimage"},"thumbnailUrl":"https:\/\/coffeelounge.delonghi.com\/wp-content\/uploads\/2021\/05\/java_jampit_estate.png","datePublished":"2021-05-18T07:59:12+00:00","dateModified":"2024-03-04T09:24:33+00:00","description":"Dieser Java-Kaffee der R\u00f6sterei Vogelmaier gl\u00e4nzt mit wenig S\u00e4ure und einem Bouquet aus dunkler Schokolade und passt perfekt zum Fr\u00fchst\u00fcck.","breadcrumb":{"@id":"https:\/\/coffeelounge.delonghi.com\/de\/produkt\/vogelmaier-java-jampit-estate\/#breadcrumb"},"inLanguage":"de","potentialAction":[{"@type":"ReadAction","target":["https:\/\/coffeelounge.delonghi.com\/de\/produkt\/vogelmaier-java-jampit-estate\/"]}]},{"@type":"ImageObject","inLanguage":"de","@id":"https:\/\/coffeelounge.delonghi.com\/de\/produkt\/vogelmaier-java-jampit-estate\/#primaryimage","url":"https:\/\/coffeelounge.delonghi.com\/wp-content\/uploads\/2021\/05\/java_jampit_estate.png","contentUrl":"https:\/\/coffeelounge.delonghi.com\/wp-content\/uploads\/2021\/05\/java_jampit_estate.png","width":450,"height":450},{"@type":"BreadcrumbList","@id":"https:\/\/coffeelounge.delonghi.com\/de\/produkt\/vogelmaier-java-jampit-estate\/#breadcrumb","itemListElement":[{"@type":"ListItem","position":1,"name":"Home","item":"https:\/\/coffeelounge.delonghi.com\/de\/"},{"@type":"ListItem","position":2,"name":"Produkte","item":"https:\/\/coffeelounge.delonghi.com\/de\/produkte\/"},{"@type":"ListItem","position":3,"name":"Java &#8220;Jampit Estate&#8221;"}]},{"@type":"WebSite","@id":"https:\/\/coffeelounge.delonghi.com\/de\/#website","url":"https:\/\/coffeelounge.delonghi.com\/de\/","name":"De&#039;Longhi","description":"Coffee Lounge","publisher":{"@id":"https:\/\/coffeelounge.delonghi.com\/de\/#organization"},"potentialAction":[{"@type":"SearchAction","target":{"@type":"EntryPoint","urlTemplate":"https:\/\/coffeelounge.delonghi.com\/de\/?s={search_term_string}"},"query-input":{"@type":"PropertyValueSpecification","valueRequired":true,"valueName":"search_term_string"}}],"inLanguage":"de"},{"@type":"Organization","@id":"https:\/\/coffeelounge.delonghi.com\/de\/#organization","name":"De'Longhi Coffee Lounge","url":"https:\/\/coffeelounge.delonghi.com\/de\/","logo":{"@type":"ImageObject","inLanguage":"de","@id":"https:\/\/coffeelounge.delonghi.com\/de\/#\/schema\/logo\/image\/","url":"https:\/\/coffeelounge.delonghi.com\/wp-content\/uploads\/2020\/05\/delonghi-coffee-lounge-logo-nederland.png","contentUrl":"https:\/\/coffeelounge.delonghi.com\/wp-content\/uploads\/2020\/05\/delonghi-coffee-lounge-logo-nederland.png","width":2337,"height":724,"caption":"De'Longhi Coffee Lounge"},"image":{"@id":"https:\/\/coffeelounge.delonghi.com\/de\/#\/schema\/logo\/image\/"}}]}},"_links":{"self":[{"href":"https:\/\/coffeelounge.delonghi.com\/de\/wp-json\/wp\/v2\/product\/29593","targetHints":{"allow":["GET"]}}],"collection":[{"href":"https:\/\/coffeelounge.delonghi.com\/de\/wp-json\/wp\/v2\/product"}],"about":[{"href":"https:\/\/coffeelounge.delonghi.com\/de\/wp-json\/wp\/v2\/types\/product"}],"replies":[{"embeddable":true,"href":"https:\/\/coffeelounge.delonghi.com\/de\/wp-json\/wp\/v2\/comments?post=29593"}],"version-history":[{"count":3,"href":"https:\/\/coffeelounge.delonghi.com\/de\/wp-json\/wp\/v2\/product\/29593\/revisions"}],"predecessor-version":[{"id":422139,"href":"https:\/\/coffeelounge.delonghi.com\/de\/wp-json\/wp\/v2\/product\/29593\/revisions\/422139"}],"wp:featuredmedia":[{"embeddable":true,"href":"https:\/\/coffeelounge.delonghi.com\/de\/wp-json\/wp\/v2\/media\/421534"}],"wp:attachment":[{"href":"https:\/\/coffeelounge.delonghi.com\/de\/wp-json\/wp\/v2\/media?parent=29593"}],"wp:term":[{"taxonomy":"product_cat","embeddable":true,"href":"https:\/\/coffeelounge.delonghi.com\/de\/wp-json\/wp\/v2\/product_cat?post=29593"},{"taxonomy":"product_tag","embeddable":true,"href":"https:\/\/coffeelounge.delonghi.com\/de\/wp-json\/wp\/v2\/product_tag?post=29593"}],"curies":[{"name":"wp","href":"https:\/\/api.w.org\/{rel}","templated":true}]}}