{"id":29589,"date":"2021-05-18T07:46:20","date_gmt":"2021-05-18T07:46:20","guid":{"rendered":"https:\/\/coffeelounge.delonghi.com\/?post_type=product&#038;p=29589"},"modified":"2024-03-04T09:24:39","modified_gmt":"2024-03-04T09:24:39","slug":"vogelmaier-guatemala-finca-santa-isabel-bio","status":"publish","type":"product","link":"https:\/\/coffeelounge.delonghi.com\/de\/produkt\/vogelmaier-guatemala-finca-santa-isabel-bio\/","title":{"rendered":"Guatemala \u201eFinca Santa Isabel\u201c Bio"},"content":{"rendered":"<p>In Guatemala sorgen unterschiedlichste Mikroklimata, von Bergh\u00e4ngen bis zu Tiefebenen, f\u00fcr eine ungew\u00f6hnliche Geschmacksvielfalt im Kaffee. Die \u201eFinca Santa Isabel\u201c liegt in der Region Nuevo Oriente mit mineralreichen Vulkanb\u00f6den, auf denen die genetisch vielf\u00e4ltigen Pflanzen der Farm zu feinsten Kaffeesorten gedeihen k\u00f6nnen.<\/p>\n<p>Diese Farm ist seit f\u00fcnf Generationen im Familienbesitz und baut mit bio-dynamischen Praktiken Kaffee unter h\u00f6chsten Qualit\u00e4tsstandards an. Ein gesch\u00fctztes \u00d6kosystem mit Bodenbedeckung und alte schattenspendende B\u00e4umen sorgen f\u00fcr optimale Wachstumsbedingungen der Kaffeepflanzen und f\u00f6rdern die Artenvielfalt. Es werden nur organische D\u00fcngemittel verwendet, die alle auf der Farm angebaut oder kultiviert werden. Die Familie engagiert sich zudem f\u00fcr die soziale Entwicklung der Region und f\u00f6rdert Bildungs-, Gesundheits- und Kulturprojekte.<\/p>\n<p>Der gewaschene Bio-Kaffee der Sorte Sarchimor zeigt sich ausdrucksstark in einem harmonischen Zusammenspiel von Nuancen aus Karamell, Schokolade und einer feinen S\u00e4ure.<\/p>\n","protected":false},"excerpt":{"rendered":"<p>In Guatemala sorgen unterschiedlichste Mikroklimata, von Bergh\u00e4ngen bis zu Tiefebenen, f\u00fcr eine ungew\u00f6hnliche Geschmacksvielfalt im Kaffee. Die \u201eFinca Santa Isabel\u201c liegt in der Region Nuevo Oriente mit mineralreichen Vulkanb\u00f6den, auf denen die genetisch vielf\u00e4ltigen Pflanzen der Farm zu feinsten Kaffeesorten gedeihen k\u00f6nnen. Diese Farm ist seit f\u00fcnf Generationen im Familienbesitz und baut mit bio-dynamischen Praktiken [&hellip;]<\/p>\n","protected":false},"featured_media":421547,"comment_status":"closed","ping_status":"closed","template":"","meta":{"_acf_changed":false},"product_cat":[262,261,277],"product_tag":[],"class_list":{"0":"post-29589","1":"product","2":"type-product","3":"status-publish","4":"has-post-thumbnail","6":"product_cat-alle-kaffees","7":"product_cat-single-origin","8":"product_cat-spezialitaetenkaffee","10":"first","11":"instock","12":"taxable","13":"shipping-taxable","14":"purchasable","15":"product-type-variable","16":"has-default-attributes"},"acf":[],"yoast_head":"<!-- This site is optimized with the Yoast SEO Premium plugin v24.5 (Yoast SEO v24.5) - https:\/\/yoast.com\/wordpress\/plugins\/seo\/ -->\n<title>Guatemala \u201eFinca Santa Isabel\u201c Bio | Coffee Lounge De&#039;Longhi<\/title>\n<meta name=\"description\" content=\"Ein ausdrucksstarker Kaffee aus Guatemala von der R\u00f6sterei Vogelmaier. Mehr erfahren Sie in der Coffee Lounge.\" \/>\n<meta name=\"robots\" content=\"index, follow, max-snippet:-1, max-image-preview:large, max-video-preview:-1\" \/>\n<meta name=\"twitter:card\" content=\"summary_large_image\" \/>\n<meta name=\"twitter:title\" content=\"Guatemala \u201eFinca Santa Isabel\u201c Bio | Coffee Lounge De&#039;Longhi\" \/>\n<meta name=\"twitter:description\" content=\"Ein ausdrucksstarker Kaffee aus Guatemala von der R\u00f6sterei Vogelmaier. Mehr erfahren Sie in der Coffee Lounge.\" \/>\n<meta name=\"twitter:image\" content=\"https:\/\/coffeelounge.delonghi.com\/wp-content\/uploads\/2021\/05\/guatemala_finca_santa_isabel.png\" \/>\n<script type=\"application\/ld+json\" class=\"yoast-schema-graph\">{\"@context\":\"https:\/\/schema.org\",\"@graph\":[{\"@type\":\"WebPage\",\"@id\":\"https:\/\/coffeelounge.delonghi.com\/de\/produkt\/vogelmaier-guatemala-finca-santa-isabel-bio\/\",\"url\":\"https:\/\/coffeelounge.delonghi.com\/de\/produkt\/vogelmaier-guatemala-finca-santa-isabel-bio\/\",\"name\":\"Guatemala \u201eFinca Santa Isabel\u201c Bio | Coffee Lounge De&#039;Longhi\",\"isPartOf\":{\"@id\":\"https:\/\/coffeelounge.delonghi.com\/de\/#website\"},\"primaryImageOfPage\":{\"@id\":\"https:\/\/coffeelounge.delonghi.com\/de\/produkt\/vogelmaier-guatemala-finca-santa-isabel-bio\/#primaryimage\"},\"image\":{\"@id\":\"https:\/\/coffeelounge.delonghi.com\/de\/produkt\/vogelmaier-guatemala-finca-santa-isabel-bio\/#primaryimage\"},\"thumbnailUrl\":\"https:\/\/coffeelounge.delonghi.com\/wp-content\/uploads\/2021\/05\/guatemala_finca_santa_isabel.png\",\"datePublished\":\"2021-05-18T07:46:20+00:00\",\"dateModified\":\"2024-03-04T09:24:39+00:00\",\"description\":\"Ein ausdrucksstarker Kaffee aus Guatemala von der R\u00f6sterei Vogelmaier. Mehr erfahren Sie in der Coffee Lounge.\",\"breadcrumb\":{\"@id\":\"https:\/\/coffeelounge.delonghi.com\/de\/produkt\/vogelmaier-guatemala-finca-santa-isabel-bio\/#breadcrumb\"},\"inLanguage\":\"de\",\"potentialAction\":[{\"@type\":\"ReadAction\",\"target\":[\"https:\/\/coffeelounge.delonghi.com\/de\/produkt\/vogelmaier-guatemala-finca-santa-isabel-bio\/\"]}]},{\"@type\":\"ImageObject\",\"inLanguage\":\"de\",\"@id\":\"https:\/\/coffeelounge.delonghi.com\/de\/produkt\/vogelmaier-guatemala-finca-santa-isabel-bio\/#primaryimage\",\"url\":\"https:\/\/coffeelounge.delonghi.com\/wp-content\/uploads\/2021\/05\/guatemala_finca_santa_isabel.png\",\"contentUrl\":\"https:\/\/coffeelounge.delonghi.com\/wp-content\/uploads\/2021\/05\/guatemala_finca_santa_isabel.png\",\"width\":450,\"height\":450},{\"@type\":\"BreadcrumbList\",\"@id\":\"https:\/\/coffeelounge.delonghi.com\/de\/produkt\/vogelmaier-guatemala-finca-santa-isabel-bio\/#breadcrumb\",\"itemListElement\":[{\"@type\":\"ListItem\",\"position\":1,\"name\":\"Home\",\"item\":\"https:\/\/coffeelounge.delonghi.com\/de\/\"},{\"@type\":\"ListItem\",\"position\":2,\"name\":\"Produkte\",\"item\":\"https:\/\/coffeelounge.delonghi.com\/de\/produkte\/\"},{\"@type\":\"ListItem\",\"position\":3,\"name\":\"Guatemala \u201eFinca Santa Isabel\u201c Bio\"}]},{\"@type\":\"WebSite\",\"@id\":\"https:\/\/coffeelounge.delonghi.com\/de\/#website\",\"url\":\"https:\/\/coffeelounge.delonghi.com\/de\/\",\"name\":\"De&#039;Longhi\",\"description\":\"Coffee Lounge\",\"publisher\":{\"@id\":\"https:\/\/coffeelounge.delonghi.com\/de\/#organization\"},\"potentialAction\":[{\"@type\":\"SearchAction\",\"target\":{\"@type\":\"EntryPoint\",\"urlTemplate\":\"https:\/\/coffeelounge.delonghi.com\/de\/?s={search_term_string}\"},\"query-input\":{\"@type\":\"PropertyValueSpecification\",\"valueRequired\":true,\"valueName\":\"search_term_string\"}}],\"inLanguage\":\"de\"},{\"@type\":\"Organization\",\"@id\":\"https:\/\/coffeelounge.delonghi.com\/de\/#organization\",\"name\":\"De'Longhi Coffee Lounge\",\"url\":\"https:\/\/coffeelounge.delonghi.com\/de\/\",\"logo\":{\"@type\":\"ImageObject\",\"inLanguage\":\"de\",\"@id\":\"https:\/\/coffeelounge.delonghi.com\/de\/#\/schema\/logo\/image\/\",\"url\":\"https:\/\/coffeelounge.delonghi.com\/wp-content\/uploads\/2020\/05\/delonghi-coffee-lounge-logo-nederland.png\",\"contentUrl\":\"https:\/\/coffeelounge.delonghi.com\/wp-content\/uploads\/2020\/05\/delonghi-coffee-lounge-logo-nederland.png\",\"width\":2337,\"height\":724,\"caption\":\"De'Longhi Coffee Lounge\"},\"image\":{\"@id\":\"https:\/\/coffeelounge.delonghi.com\/de\/#\/schema\/logo\/image\/\"}}]}<\/script>\n<!-- \/ Yoast SEO Premium plugin. -->","yoast_head_json":{"title":"Guatemala \u201eFinca Santa Isabel\u201c Bio | Coffee Lounge De&#039;Longhi","description":"Ein ausdrucksstarker Kaffee aus Guatemala von der R\u00f6sterei Vogelmaier. Mehr erfahren Sie in der Coffee Lounge.","robots":{"index":"index","follow":"follow","max-snippet":"max-snippet:-1","max-image-preview":"max-image-preview:large","max-video-preview":"max-video-preview:-1"},"twitter_card":"summary_large_image","twitter_title":"Guatemala \u201eFinca Santa Isabel\u201c Bio | Coffee Lounge De&#039;Longhi","twitter_description":"Ein ausdrucksstarker Kaffee aus Guatemala von der R\u00f6sterei Vogelmaier. Mehr erfahren Sie in der Coffee Lounge.","twitter_image":"https:\/\/coffeelounge.delonghi.com\/wp-content\/uploads\/2021\/05\/guatemala_finca_santa_isabel.png","schema":{"@context":"https:\/\/schema.org","@graph":[{"@type":"WebPage","@id":"https:\/\/coffeelounge.delonghi.com\/de\/produkt\/vogelmaier-guatemala-finca-santa-isabel-bio\/","url":"https:\/\/coffeelounge.delonghi.com\/de\/produkt\/vogelmaier-guatemala-finca-santa-isabel-bio\/","name":"Guatemala \u201eFinca Santa Isabel\u201c Bio | Coffee Lounge De&#039;Longhi","isPartOf":{"@id":"https:\/\/coffeelounge.delonghi.com\/de\/#website"},"primaryImageOfPage":{"@id":"https:\/\/coffeelounge.delonghi.com\/de\/produkt\/vogelmaier-guatemala-finca-santa-isabel-bio\/#primaryimage"},"image":{"@id":"https:\/\/coffeelounge.delonghi.com\/de\/produkt\/vogelmaier-guatemala-finca-santa-isabel-bio\/#primaryimage"},"thumbnailUrl":"https:\/\/coffeelounge.delonghi.com\/wp-content\/uploads\/2021\/05\/guatemala_finca_santa_isabel.png","datePublished":"2021-05-18T07:46:20+00:00","dateModified":"2024-03-04T09:24:39+00:00","description":"Ein ausdrucksstarker Kaffee aus Guatemala von der R\u00f6sterei Vogelmaier. Mehr erfahren Sie in der Coffee Lounge.","breadcrumb":{"@id":"https:\/\/coffeelounge.delonghi.com\/de\/produkt\/vogelmaier-guatemala-finca-santa-isabel-bio\/#breadcrumb"},"inLanguage":"de","potentialAction":[{"@type":"ReadAction","target":["https:\/\/coffeelounge.delonghi.com\/de\/produkt\/vogelmaier-guatemala-finca-santa-isabel-bio\/"]}]},{"@type":"ImageObject","inLanguage":"de","@id":"https:\/\/coffeelounge.delonghi.com\/de\/produkt\/vogelmaier-guatemala-finca-santa-isabel-bio\/#primaryimage","url":"https:\/\/coffeelounge.delonghi.com\/wp-content\/uploads\/2021\/05\/guatemala_finca_santa_isabel.png","contentUrl":"https:\/\/coffeelounge.delonghi.com\/wp-content\/uploads\/2021\/05\/guatemala_finca_santa_isabel.png","width":450,"height":450},{"@type":"BreadcrumbList","@id":"https:\/\/coffeelounge.delonghi.com\/de\/produkt\/vogelmaier-guatemala-finca-santa-isabel-bio\/#breadcrumb","itemListElement":[{"@type":"ListItem","position":1,"name":"Home","item":"https:\/\/coffeelounge.delonghi.com\/de\/"},{"@type":"ListItem","position":2,"name":"Produkte","item":"https:\/\/coffeelounge.delonghi.com\/de\/produkte\/"},{"@type":"ListItem","position":3,"name":"Guatemala \u201eFinca Santa Isabel\u201c Bio"}]},{"@type":"WebSite","@id":"https:\/\/coffeelounge.delonghi.com\/de\/#website","url":"https:\/\/coffeelounge.delonghi.com\/de\/","name":"De&#039;Longhi","description":"Coffee Lounge","publisher":{"@id":"https:\/\/coffeelounge.delonghi.com\/de\/#organization"},"potentialAction":[{"@type":"SearchAction","target":{"@type":"EntryPoint","urlTemplate":"https:\/\/coffeelounge.delonghi.com\/de\/?s={search_term_string}"},"query-input":{"@type":"PropertyValueSpecification","valueRequired":true,"valueName":"search_term_string"}}],"inLanguage":"de"},{"@type":"Organization","@id":"https:\/\/coffeelounge.delonghi.com\/de\/#organization","name":"De'Longhi Coffee Lounge","url":"https:\/\/coffeelounge.delonghi.com\/de\/","logo":{"@type":"ImageObject","inLanguage":"de","@id":"https:\/\/coffeelounge.delonghi.com\/de\/#\/schema\/logo\/image\/","url":"https:\/\/coffeelounge.delonghi.com\/wp-content\/uploads\/2020\/05\/delonghi-coffee-lounge-logo-nederland.png","contentUrl":"https:\/\/coffeelounge.delonghi.com\/wp-content\/uploads\/2020\/05\/delonghi-coffee-lounge-logo-nederland.png","width":2337,"height":724,"caption":"De'Longhi Coffee Lounge"},"image":{"@id":"https:\/\/coffeelounge.delonghi.com\/de\/#\/schema\/logo\/image\/"}}]}},"_links":{"self":[{"href":"https:\/\/coffeelounge.delonghi.com\/de\/wp-json\/wp\/v2\/product\/29589","targetHints":{"allow":["GET"]}}],"collection":[{"href":"https:\/\/coffeelounge.delonghi.com\/de\/wp-json\/wp\/v2\/product"}],"about":[{"href":"https:\/\/coffeelounge.delonghi.com\/de\/wp-json\/wp\/v2\/types\/product"}],"replies":[{"embeddable":true,"href":"https:\/\/coffeelounge.delonghi.com\/de\/wp-json\/wp\/v2\/comments?post=29589"}],"version-history":[{"count":2,"href":"https:\/\/coffeelounge.delonghi.com\/de\/wp-json\/wp\/v2\/product\/29589\/revisions"}],"predecessor-version":[{"id":422137,"href":"https:\/\/coffeelounge.delonghi.com\/de\/wp-json\/wp\/v2\/product\/29589\/revisions\/422137"}],"wp:featuredmedia":[{"embeddable":true,"href":"https:\/\/coffeelounge.delonghi.com\/de\/wp-json\/wp\/v2\/media\/421547"}],"wp:attachment":[{"href":"https:\/\/coffeelounge.delonghi.com\/de\/wp-json\/wp\/v2\/media?parent=29589"}],"wp:term":[{"taxonomy":"product_cat","embeddable":true,"href":"https:\/\/coffeelounge.delonghi.com\/de\/wp-json\/wp\/v2\/product_cat?post=29589"},{"taxonomy":"product_tag","embeddable":true,"href":"https:\/\/coffeelounge.delonghi.com\/de\/wp-json\/wp\/v2\/product_tag?post=29589"}],"curies":[{"name":"wp","href":"https:\/\/api.w.org\/{rel}","templated":true}]}}