{"id":29585,"date":"2021-05-18T07:31:05","date_gmt":"2021-05-18T07:31:05","guid":{"rendered":"https:\/\/coffeelounge.delonghi.com\/?post_type=product&#038;p=29585"},"modified":"2024-03-04T09:24:48","modified_gmt":"2024-03-04T09:24:48","slug":"vogelmaier-gipfelstuermer","status":"publish","type":"product","link":"https:\/\/coffeelounge.delonghi.com\/de\/produkt\/vogelmaier-gipfelstuermer\/","title":{"rendered":"Gipfelst\u00fcrmer"},"content":{"rendered":"<p>Der &#8220;Gipfelst\u00fcrmer&#8221; ist eine Mischung hochwertigster Arabica-Bohnen, der Aromen aus drei s\u00fcdamerikanischen Anbaul\u00e4ndern repr\u00e4sentiert. Damit die einzelnen Sorten ihr Potential entfalten k\u00f6nnen, werden die Bohnen separat ger\u00f6stet und erst im Nachgang gemischt. Ein Kaffee mit beeindruckender Vielschichtigkeit.<br \/>\nF\u00fcr die F\u00fclle sorgen brasilianische Bohnen, Eleganz verleihen Bohnen aus Kolumbien und peruanische Bohnen runden mit w\u00e4rmendem Esprit das Profil ab.<\/p>\n<p>Im ersten Moment dominiert die dunkle Schokolade mit Aromen von ger\u00f6steten Haseln\u00fcssen, doch dann \u00fcberraschen zarte Nuancen von Vanille den Gaumen. Eine wahrlich elegant-harmonische Raffinesse.<\/p>\n<p>Ob als Kaffee in der Herdkanne, als kr\u00e4ftiger Filterkaffee oder als Basis f\u00fcr einen wunderbaren Cappuccino &#8211; mit dem Gipfelst\u00fcrmer haben Sie ganz sicher immer den richtigen Kaffee im Gep\u00e4ck. So l\u00e4sst sich jeder Gipfel im Sturm erobern!<\/p>\n","protected":false},"excerpt":{"rendered":"<p>Der &#8220;Gipfelst\u00fcrmer&#8221; ist eine Mischung hochwertigster Arabica-Bohnen, der Aromen aus drei s\u00fcdamerikanischen Anbaul\u00e4ndern repr\u00e4sentiert. Damit die einzelnen Sorten ihr Potential entfalten k\u00f6nnen, werden die Bohnen separat ger\u00f6stet und erst im Nachgang gemischt. Ein Kaffee mit beeindruckender Vielschichtigkeit. F\u00fcr die F\u00fclle sorgen brasilianische Bohnen, Eleganz verleihen Bohnen aus Kolumbien und peruanische Bohnen runden mit w\u00e4rmendem Esprit [&hellip;]<\/p>\n","protected":false},"featured_media":421560,"comment_status":"closed","ping_status":"closed","template":"","meta":{"_acf_changed":false},"product_cat":[262,364,277],"product_tag":[],"class_list":{"0":"post-29585","1":"product","2":"type-product","3":"status-publish","4":"has-post-thumbnail","6":"product_cat-alle-kaffees","7":"product_cat-blend","8":"product_cat-spezialitaetenkaffee","10":"first","11":"instock","12":"taxable","13":"shipping-taxable","14":"purchasable","15":"product-type-variable"},"acf":[],"yoast_head":"<!-- This site is optimized with the Yoast SEO Premium plugin v24.5 (Yoast SEO v24.5) - https:\/\/yoast.com\/wordpress\/plugins\/seo\/ -->\n<title>Gipfelst\u00fcrmer | Coffee Lounge De&#039;Longhi<\/title>\n<meta name=\"description\" content=\"&quot;Gipfelst\u00fcrmer&quot; ist eine Mischung hochwertigster Arabica-Bohnen aus drei s\u00fcdamerikanischen Anbaul\u00e4ndern der R\u00f6sterei Vogelmaier. Mehr in der Coffee Lounge.\" \/>\n<meta name=\"robots\" content=\"index, follow, max-snippet:-1, max-image-preview:large, max-video-preview:-1\" \/>\n<meta name=\"twitter:card\" content=\"summary_large_image\" \/>\n<meta name=\"twitter:title\" content=\"Gipfelst\u00fcrmer | Coffee Lounge De&#039;Longhi\" \/>\n<meta name=\"twitter:description\" content=\"&quot;Gipfelst\u00fcrmer&quot; ist eine Mischung hochwertigster Arabica-Bohnen aus drei s\u00fcdamerikanischen Anbaul\u00e4ndern der R\u00f6sterei Vogelmaier. Mehr in der Coffee Lounge.\" \/>\n<meta name=\"twitter:image\" content=\"https:\/\/coffeelounge.delonghi.com\/wp-content\/uploads\/2021\/05\/gipfelsturmer.png\" \/>\n<script type=\"application\/ld+json\" class=\"yoast-schema-graph\">{\"@context\":\"https:\/\/schema.org\",\"@graph\":[{\"@type\":\"WebPage\",\"@id\":\"https:\/\/coffeelounge.delonghi.com\/de\/produkt\/vogelmaier-gipfelstuermer\/\",\"url\":\"https:\/\/coffeelounge.delonghi.com\/de\/produkt\/vogelmaier-gipfelstuermer\/\",\"name\":\"Gipfelst\u00fcrmer | Coffee Lounge De&#039;Longhi\",\"isPartOf\":{\"@id\":\"https:\/\/coffeelounge.delonghi.com\/de\/#website\"},\"primaryImageOfPage\":{\"@id\":\"https:\/\/coffeelounge.delonghi.com\/de\/produkt\/vogelmaier-gipfelstuermer\/#primaryimage\"},\"image\":{\"@id\":\"https:\/\/coffeelounge.delonghi.com\/de\/produkt\/vogelmaier-gipfelstuermer\/#primaryimage\"},\"thumbnailUrl\":\"https:\/\/coffeelounge.delonghi.com\/wp-content\/uploads\/2021\/05\/gipfelsturmer.png\",\"datePublished\":\"2021-05-18T07:31:05+00:00\",\"dateModified\":\"2024-03-04T09:24:48+00:00\",\"description\":\"\\\"Gipfelst\u00fcrmer\\\" ist eine Mischung hochwertigster Arabica-Bohnen aus drei s\u00fcdamerikanischen Anbaul\u00e4ndern der R\u00f6sterei Vogelmaier. Mehr in der Coffee Lounge.\",\"breadcrumb\":{\"@id\":\"https:\/\/coffeelounge.delonghi.com\/de\/produkt\/vogelmaier-gipfelstuermer\/#breadcrumb\"},\"inLanguage\":\"de\",\"potentialAction\":[{\"@type\":\"ReadAction\",\"target\":[\"https:\/\/coffeelounge.delonghi.com\/de\/produkt\/vogelmaier-gipfelstuermer\/\"]}]},{\"@type\":\"ImageObject\",\"inLanguage\":\"de\",\"@id\":\"https:\/\/coffeelounge.delonghi.com\/de\/produkt\/vogelmaier-gipfelstuermer\/#primaryimage\",\"url\":\"https:\/\/coffeelounge.delonghi.com\/wp-content\/uploads\/2021\/05\/gipfelsturmer.png\",\"contentUrl\":\"https:\/\/coffeelounge.delonghi.com\/wp-content\/uploads\/2021\/05\/gipfelsturmer.png\",\"width\":450,\"height\":450},{\"@type\":\"BreadcrumbList\",\"@id\":\"https:\/\/coffeelounge.delonghi.com\/de\/produkt\/vogelmaier-gipfelstuermer\/#breadcrumb\",\"itemListElement\":[{\"@type\":\"ListItem\",\"position\":1,\"name\":\"Home\",\"item\":\"https:\/\/coffeelounge.delonghi.com\/de\/\"},{\"@type\":\"ListItem\",\"position\":2,\"name\":\"Produkte\",\"item\":\"https:\/\/coffeelounge.delonghi.com\/de\/produkte\/\"},{\"@type\":\"ListItem\",\"position\":3,\"name\":\"Gipfelst\u00fcrmer\"}]},{\"@type\":\"WebSite\",\"@id\":\"https:\/\/coffeelounge.delonghi.com\/de\/#website\",\"url\":\"https:\/\/coffeelounge.delonghi.com\/de\/\",\"name\":\"De&#039;Longhi\",\"description\":\"Coffee Lounge\",\"publisher\":{\"@id\":\"https:\/\/coffeelounge.delonghi.com\/de\/#organization\"},\"potentialAction\":[{\"@type\":\"SearchAction\",\"target\":{\"@type\":\"EntryPoint\",\"urlTemplate\":\"https:\/\/coffeelounge.delonghi.com\/de\/?s={search_term_string}\"},\"query-input\":{\"@type\":\"PropertyValueSpecification\",\"valueRequired\":true,\"valueName\":\"search_term_string\"}}],\"inLanguage\":\"de\"},{\"@type\":\"Organization\",\"@id\":\"https:\/\/coffeelounge.delonghi.com\/de\/#organization\",\"name\":\"De'Longhi Coffee Lounge\",\"url\":\"https:\/\/coffeelounge.delonghi.com\/de\/\",\"logo\":{\"@type\":\"ImageObject\",\"inLanguage\":\"de\",\"@id\":\"https:\/\/coffeelounge.delonghi.com\/de\/#\/schema\/logo\/image\/\",\"url\":\"https:\/\/coffeelounge.delonghi.com\/wp-content\/uploads\/2020\/05\/delonghi-coffee-lounge-logo-nederland.png\",\"contentUrl\":\"https:\/\/coffeelounge.delonghi.com\/wp-content\/uploads\/2020\/05\/delonghi-coffee-lounge-logo-nederland.png\",\"width\":2337,\"height\":724,\"caption\":\"De'Longhi Coffee Lounge\"},\"image\":{\"@id\":\"https:\/\/coffeelounge.delonghi.com\/de\/#\/schema\/logo\/image\/\"}}]}<\/script>\n<!-- \/ Yoast SEO Premium plugin. -->","yoast_head_json":{"title":"Gipfelst\u00fcrmer | Coffee Lounge De&#039;Longhi","description":"\"Gipfelst\u00fcrmer\" ist eine Mischung hochwertigster Arabica-Bohnen aus drei s\u00fcdamerikanischen Anbaul\u00e4ndern der R\u00f6sterei Vogelmaier. Mehr in der Coffee Lounge.","robots":{"index":"index","follow":"follow","max-snippet":"max-snippet:-1","max-image-preview":"max-image-preview:large","max-video-preview":"max-video-preview:-1"},"twitter_card":"summary_large_image","twitter_title":"Gipfelst\u00fcrmer | Coffee Lounge De&#039;Longhi","twitter_description":"\"Gipfelst\u00fcrmer\" ist eine Mischung hochwertigster Arabica-Bohnen aus drei s\u00fcdamerikanischen Anbaul\u00e4ndern der R\u00f6sterei Vogelmaier. Mehr in der Coffee Lounge.","twitter_image":"https:\/\/coffeelounge.delonghi.com\/wp-content\/uploads\/2021\/05\/gipfelsturmer.png","schema":{"@context":"https:\/\/schema.org","@graph":[{"@type":"WebPage","@id":"https:\/\/coffeelounge.delonghi.com\/de\/produkt\/vogelmaier-gipfelstuermer\/","url":"https:\/\/coffeelounge.delonghi.com\/de\/produkt\/vogelmaier-gipfelstuermer\/","name":"Gipfelst\u00fcrmer | Coffee Lounge De&#039;Longhi","isPartOf":{"@id":"https:\/\/coffeelounge.delonghi.com\/de\/#website"},"primaryImageOfPage":{"@id":"https:\/\/coffeelounge.delonghi.com\/de\/produkt\/vogelmaier-gipfelstuermer\/#primaryimage"},"image":{"@id":"https:\/\/coffeelounge.delonghi.com\/de\/produkt\/vogelmaier-gipfelstuermer\/#primaryimage"},"thumbnailUrl":"https:\/\/coffeelounge.delonghi.com\/wp-content\/uploads\/2021\/05\/gipfelsturmer.png","datePublished":"2021-05-18T07:31:05+00:00","dateModified":"2024-03-04T09:24:48+00:00","description":"\"Gipfelst\u00fcrmer\" ist eine Mischung hochwertigster Arabica-Bohnen aus drei s\u00fcdamerikanischen Anbaul\u00e4ndern der R\u00f6sterei Vogelmaier. Mehr in der Coffee Lounge.","breadcrumb":{"@id":"https:\/\/coffeelounge.delonghi.com\/de\/produkt\/vogelmaier-gipfelstuermer\/#breadcrumb"},"inLanguage":"de","potentialAction":[{"@type":"ReadAction","target":["https:\/\/coffeelounge.delonghi.com\/de\/produkt\/vogelmaier-gipfelstuermer\/"]}]},{"@type":"ImageObject","inLanguage":"de","@id":"https:\/\/coffeelounge.delonghi.com\/de\/produkt\/vogelmaier-gipfelstuermer\/#primaryimage","url":"https:\/\/coffeelounge.delonghi.com\/wp-content\/uploads\/2021\/05\/gipfelsturmer.png","contentUrl":"https:\/\/coffeelounge.delonghi.com\/wp-content\/uploads\/2021\/05\/gipfelsturmer.png","width":450,"height":450},{"@type":"BreadcrumbList","@id":"https:\/\/coffeelounge.delonghi.com\/de\/produkt\/vogelmaier-gipfelstuermer\/#breadcrumb","itemListElement":[{"@type":"ListItem","position":1,"name":"Home","item":"https:\/\/coffeelounge.delonghi.com\/de\/"},{"@type":"ListItem","position":2,"name":"Produkte","item":"https:\/\/coffeelounge.delonghi.com\/de\/produkte\/"},{"@type":"ListItem","position":3,"name":"Gipfelst\u00fcrmer"}]},{"@type":"WebSite","@id":"https:\/\/coffeelounge.delonghi.com\/de\/#website","url":"https:\/\/coffeelounge.delonghi.com\/de\/","name":"De&#039;Longhi","description":"Coffee Lounge","publisher":{"@id":"https:\/\/coffeelounge.delonghi.com\/de\/#organization"},"potentialAction":[{"@type":"SearchAction","target":{"@type":"EntryPoint","urlTemplate":"https:\/\/coffeelounge.delonghi.com\/de\/?s={search_term_string}"},"query-input":{"@type":"PropertyValueSpecification","valueRequired":true,"valueName":"search_term_string"}}],"inLanguage":"de"},{"@type":"Organization","@id":"https:\/\/coffeelounge.delonghi.com\/de\/#organization","name":"De'Longhi Coffee Lounge","url":"https:\/\/coffeelounge.delonghi.com\/de\/","logo":{"@type":"ImageObject","inLanguage":"de","@id":"https:\/\/coffeelounge.delonghi.com\/de\/#\/schema\/logo\/image\/","url":"https:\/\/coffeelounge.delonghi.com\/wp-content\/uploads\/2020\/05\/delonghi-coffee-lounge-logo-nederland.png","contentUrl":"https:\/\/coffeelounge.delonghi.com\/wp-content\/uploads\/2020\/05\/delonghi-coffee-lounge-logo-nederland.png","width":2337,"height":724,"caption":"De'Longhi Coffee Lounge"},"image":{"@id":"https:\/\/coffeelounge.delonghi.com\/de\/#\/schema\/logo\/image\/"}}]}},"_links":{"self":[{"href":"https:\/\/coffeelounge.delonghi.com\/de\/wp-json\/wp\/v2\/product\/29585","targetHints":{"allow":["GET"]}}],"collection":[{"href":"https:\/\/coffeelounge.delonghi.com\/de\/wp-json\/wp\/v2\/product"}],"about":[{"href":"https:\/\/coffeelounge.delonghi.com\/de\/wp-json\/wp\/v2\/types\/product"}],"replies":[{"embeddable":true,"href":"https:\/\/coffeelounge.delonghi.com\/de\/wp-json\/wp\/v2\/comments?post=29585"}],"version-history":[{"count":2,"href":"https:\/\/coffeelounge.delonghi.com\/de\/wp-json\/wp\/v2\/product\/29585\/revisions"}],"predecessor-version":[{"id":422138,"href":"https:\/\/coffeelounge.delonghi.com\/de\/wp-json\/wp\/v2\/product\/29585\/revisions\/422138"}],"wp:featuredmedia":[{"embeddable":true,"href":"https:\/\/coffeelounge.delonghi.com\/de\/wp-json\/wp\/v2\/media\/421560"}],"wp:attachment":[{"href":"https:\/\/coffeelounge.delonghi.com\/de\/wp-json\/wp\/v2\/media?parent=29585"}],"wp:term":[{"taxonomy":"product_cat","embeddable":true,"href":"https:\/\/coffeelounge.delonghi.com\/de\/wp-json\/wp\/v2\/product_cat?post=29585"},{"taxonomy":"product_tag","embeddable":true,"href":"https:\/\/coffeelounge.delonghi.com\/de\/wp-json\/wp\/v2\/product_tag?post=29585"}],"curies":[{"name":"wp","href":"https:\/\/api.w.org\/{rel}","templated":true}]}}