{"id":29568,"date":"2021-05-18T07:19:21","date_gmt":"2021-05-18T07:19:21","guid":{"rendered":"https:\/\/coffeelounge.delonghi.com\/?post_type=product&#038;p=29568"},"modified":"2024-03-04T09:26:07","modified_gmt":"2024-03-04T09:26:07","slug":"vogelmaier-el-salvador-finca-miravalles","status":"publish","type":"product","link":"https:\/\/coffeelounge.delonghi.com\/de\/produkt\/vogelmaier-el-salvador-finca-miravalles\/","title":{"rendered":"EL Salvador &#8220;Finca Miravalles&#8221;"},"content":{"rendered":"<p>El Salvador produziert einige der aromatischsten Kaffees der Welt. Beim Anbau liegt der Schwerpunkt auf der Arabica-Variet\u00e4t Bourbon. Knapp die H\u00e4lfte der Farmen befindet sich in der Gebirgsregion Apaneca-Llamatepec im Grenzgebiet zu Guatemala &#8211; hier ist auch die \u201eFinca Miravalles\u201c angesiedelt.<\/p>\n<p>Seit Anfang des 19. Jahrhunderts ist die Finca im Familienbesitz. Hier wird mit gro\u00dfer Hingabe Kaffee produziert. Teilweise sind die Kaffeepflanzen \u00fcber 50 Jahre alt. Wir haben die Farmer pers\u00f6nlich kennen gelernt und konnten uns vor Ort schon mehrmals von dem hohen Qualit\u00e4tsanspruch \u00fcberzeugen. Die sorgf\u00e4ltige Aufbereitung der Kaffeekirschen in den besten Beneficios der Gegend bringt einen hochwertigen Spitzenkaffee mit einer wunderbaren Tasse hervor.<\/p>\n<p>Ein elegant vollmundiger Espresso, der den Gaumen s\u00fc\u00df und mit einem Hauch von dunklem Kakao umspielt.<\/p>\n","protected":false},"excerpt":{"rendered":"<p>El Salvador produziert einige der aromatischsten Kaffees der Welt. Beim Anbau liegt der Schwerpunkt auf der Arabica-Variet\u00e4t Bourbon. Knapp die H\u00e4lfte der Farmen befindet sich in der Gebirgsregion Apaneca-Llamatepec im Grenzgebiet zu Guatemala &#8211; hier ist auch die \u201eFinca Miravalles\u201c angesiedelt. Seit Anfang des 19. Jahrhunderts ist die Finca im Familienbesitz. Hier wird mit gro\u00dfer [&hellip;]<\/p>\n","protected":false},"featured_media":421573,"comment_status":"closed","ping_status":"closed","template":"","meta":{"_acf_changed":false},"product_cat":[262,261,277],"product_tag":[],"class_list":{"0":"post-29568","1":"product","2":"type-product","3":"status-publish","4":"has-post-thumbnail","6":"product_cat-alle-kaffees","7":"product_cat-single-origin","8":"product_cat-spezialitaetenkaffee","10":"first","11":"instock","12":"taxable","13":"shipping-taxable","14":"purchasable","15":"product-type-variable"},"acf":[],"yoast_head":"<!-- This site is optimized with the Yoast SEO Premium plugin v24.5 (Yoast SEO v24.5) - https:\/\/yoast.com\/wordpress\/plugins\/seo\/ -->\n<title>EL Salvador &quot;Finca Miravalles&quot; | Coffee Lounge De&#039;Longhi<\/title>\n<meta name=\"description\" content=\"&quot;Finca Santa Teresa&quot; von der R\u00f6sterei Vogelmaier ist ein elegant vollmundiger Espresso mit Kakaonoten. Mehr dazu gibt in der Coffee Lounge.\" \/>\n<meta name=\"robots\" content=\"index, follow, max-snippet:-1, max-image-preview:large, max-video-preview:-1\" \/>\n<meta name=\"twitter:card\" content=\"summary_large_image\" \/>\n<meta name=\"twitter:title\" content=\"EL Salvador &quot;Finca Miravalles&quot; | Coffee Lounge De&#039;Longhi\" \/>\n<meta name=\"twitter:description\" content=\"&quot;Finca Santa Teresa&quot; von der R\u00f6sterei Vogelmaier ist ein elegant vollmundiger Espresso mit Kakaonoten. Mehr dazu gibt in der Coffee Lounge.\" \/>\n<meta name=\"twitter:image\" content=\"https:\/\/coffeelounge.delonghi.com\/wp-content\/uploads\/2021\/05\/el_salvador_finca_santa.png\" \/>\n<script type=\"application\/ld+json\" class=\"yoast-schema-graph\">{\"@context\":\"https:\/\/schema.org\",\"@graph\":[{\"@type\":\"WebPage\",\"@id\":\"https:\/\/coffeelounge.delonghi.com\/de\/produkt\/vogelmaier-el-salvador-finca-miravalles\/\",\"url\":\"https:\/\/coffeelounge.delonghi.com\/de\/produkt\/vogelmaier-el-salvador-finca-miravalles\/\",\"name\":\"EL Salvador \\\"Finca Miravalles\\\" | Coffee Lounge De&#039;Longhi\",\"isPartOf\":{\"@id\":\"https:\/\/coffeelounge.delonghi.com\/de\/#website\"},\"primaryImageOfPage\":{\"@id\":\"https:\/\/coffeelounge.delonghi.com\/de\/produkt\/vogelmaier-el-salvador-finca-miravalles\/#primaryimage\"},\"image\":{\"@id\":\"https:\/\/coffeelounge.delonghi.com\/de\/produkt\/vogelmaier-el-salvador-finca-miravalles\/#primaryimage\"},\"thumbnailUrl\":\"https:\/\/coffeelounge.delonghi.com\/wp-content\/uploads\/2021\/05\/el_salvador_finca_santa.png\",\"datePublished\":\"2021-05-18T07:19:21+00:00\",\"dateModified\":\"2024-03-04T09:26:07+00:00\",\"description\":\"\\\"Finca Santa Teresa\\\" von der R\u00f6sterei Vogelmaier ist ein elegant vollmundiger Espresso mit Kakaonoten. Mehr dazu gibt in der Coffee Lounge.\",\"breadcrumb\":{\"@id\":\"https:\/\/coffeelounge.delonghi.com\/de\/produkt\/vogelmaier-el-salvador-finca-miravalles\/#breadcrumb\"},\"inLanguage\":\"de\",\"potentialAction\":[{\"@type\":\"ReadAction\",\"target\":[\"https:\/\/coffeelounge.delonghi.com\/de\/produkt\/vogelmaier-el-salvador-finca-miravalles\/\"]}]},{\"@type\":\"ImageObject\",\"inLanguage\":\"de\",\"@id\":\"https:\/\/coffeelounge.delonghi.com\/de\/produkt\/vogelmaier-el-salvador-finca-miravalles\/#primaryimage\",\"url\":\"https:\/\/coffeelounge.delonghi.com\/wp-content\/uploads\/2021\/05\/el_salvador_finca_santa.png\",\"contentUrl\":\"https:\/\/coffeelounge.delonghi.com\/wp-content\/uploads\/2021\/05\/el_salvador_finca_santa.png\",\"width\":450,\"height\":450},{\"@type\":\"BreadcrumbList\",\"@id\":\"https:\/\/coffeelounge.delonghi.com\/de\/produkt\/vogelmaier-el-salvador-finca-miravalles\/#breadcrumb\",\"itemListElement\":[{\"@type\":\"ListItem\",\"position\":1,\"name\":\"Home\",\"item\":\"https:\/\/coffeelounge.delonghi.com\/de\/\"},{\"@type\":\"ListItem\",\"position\":2,\"name\":\"Produkte\",\"item\":\"https:\/\/coffeelounge.delonghi.com\/de\/produkte\/\"},{\"@type\":\"ListItem\",\"position\":3,\"name\":\"EL Salvador &#8220;Finca Miravalles&#8221;\"}]},{\"@type\":\"WebSite\",\"@id\":\"https:\/\/coffeelounge.delonghi.com\/de\/#website\",\"url\":\"https:\/\/coffeelounge.delonghi.com\/de\/\",\"name\":\"De&#039;Longhi\",\"description\":\"Coffee Lounge\",\"publisher\":{\"@id\":\"https:\/\/coffeelounge.delonghi.com\/de\/#organization\"},\"potentialAction\":[{\"@type\":\"SearchAction\",\"target\":{\"@type\":\"EntryPoint\",\"urlTemplate\":\"https:\/\/coffeelounge.delonghi.com\/de\/?s={search_term_string}\"},\"query-input\":{\"@type\":\"PropertyValueSpecification\",\"valueRequired\":true,\"valueName\":\"search_term_string\"}}],\"inLanguage\":\"de\"},{\"@type\":\"Organization\",\"@id\":\"https:\/\/coffeelounge.delonghi.com\/de\/#organization\",\"name\":\"De'Longhi Coffee Lounge\",\"url\":\"https:\/\/coffeelounge.delonghi.com\/de\/\",\"logo\":{\"@type\":\"ImageObject\",\"inLanguage\":\"de\",\"@id\":\"https:\/\/coffeelounge.delonghi.com\/de\/#\/schema\/logo\/image\/\",\"url\":\"https:\/\/coffeelounge.delonghi.com\/wp-content\/uploads\/2020\/05\/delonghi-coffee-lounge-logo-nederland.png\",\"contentUrl\":\"https:\/\/coffeelounge.delonghi.com\/wp-content\/uploads\/2020\/05\/delonghi-coffee-lounge-logo-nederland.png\",\"width\":2337,\"height\":724,\"caption\":\"De'Longhi Coffee Lounge\"},\"image\":{\"@id\":\"https:\/\/coffeelounge.delonghi.com\/de\/#\/schema\/logo\/image\/\"}}]}<\/script>\n<!-- \/ Yoast SEO Premium plugin. -->","yoast_head_json":{"title":"EL Salvador \"Finca Miravalles\" | Coffee Lounge De&#039;Longhi","description":"\"Finca Santa Teresa\" von der R\u00f6sterei Vogelmaier ist ein elegant vollmundiger Espresso mit Kakaonoten. Mehr dazu gibt in der Coffee Lounge.","robots":{"index":"index","follow":"follow","max-snippet":"max-snippet:-1","max-image-preview":"max-image-preview:large","max-video-preview":"max-video-preview:-1"},"twitter_card":"summary_large_image","twitter_title":"EL Salvador \"Finca Miravalles\" | Coffee Lounge De&#039;Longhi","twitter_description":"\"Finca Santa Teresa\" von der R\u00f6sterei Vogelmaier ist ein elegant vollmundiger Espresso mit Kakaonoten. Mehr dazu gibt in der Coffee Lounge.","twitter_image":"https:\/\/coffeelounge.delonghi.com\/wp-content\/uploads\/2021\/05\/el_salvador_finca_santa.png","schema":{"@context":"https:\/\/schema.org","@graph":[{"@type":"WebPage","@id":"https:\/\/coffeelounge.delonghi.com\/de\/produkt\/vogelmaier-el-salvador-finca-miravalles\/","url":"https:\/\/coffeelounge.delonghi.com\/de\/produkt\/vogelmaier-el-salvador-finca-miravalles\/","name":"EL Salvador \"Finca Miravalles\" | Coffee Lounge De&#039;Longhi","isPartOf":{"@id":"https:\/\/coffeelounge.delonghi.com\/de\/#website"},"primaryImageOfPage":{"@id":"https:\/\/coffeelounge.delonghi.com\/de\/produkt\/vogelmaier-el-salvador-finca-miravalles\/#primaryimage"},"image":{"@id":"https:\/\/coffeelounge.delonghi.com\/de\/produkt\/vogelmaier-el-salvador-finca-miravalles\/#primaryimage"},"thumbnailUrl":"https:\/\/coffeelounge.delonghi.com\/wp-content\/uploads\/2021\/05\/el_salvador_finca_santa.png","datePublished":"2021-05-18T07:19:21+00:00","dateModified":"2024-03-04T09:26:07+00:00","description":"\"Finca Santa Teresa\" von der R\u00f6sterei Vogelmaier ist ein elegant vollmundiger Espresso mit Kakaonoten. Mehr dazu gibt in der Coffee Lounge.","breadcrumb":{"@id":"https:\/\/coffeelounge.delonghi.com\/de\/produkt\/vogelmaier-el-salvador-finca-miravalles\/#breadcrumb"},"inLanguage":"de","potentialAction":[{"@type":"ReadAction","target":["https:\/\/coffeelounge.delonghi.com\/de\/produkt\/vogelmaier-el-salvador-finca-miravalles\/"]}]},{"@type":"ImageObject","inLanguage":"de","@id":"https:\/\/coffeelounge.delonghi.com\/de\/produkt\/vogelmaier-el-salvador-finca-miravalles\/#primaryimage","url":"https:\/\/coffeelounge.delonghi.com\/wp-content\/uploads\/2021\/05\/el_salvador_finca_santa.png","contentUrl":"https:\/\/coffeelounge.delonghi.com\/wp-content\/uploads\/2021\/05\/el_salvador_finca_santa.png","width":450,"height":450},{"@type":"BreadcrumbList","@id":"https:\/\/coffeelounge.delonghi.com\/de\/produkt\/vogelmaier-el-salvador-finca-miravalles\/#breadcrumb","itemListElement":[{"@type":"ListItem","position":1,"name":"Home","item":"https:\/\/coffeelounge.delonghi.com\/de\/"},{"@type":"ListItem","position":2,"name":"Produkte","item":"https:\/\/coffeelounge.delonghi.com\/de\/produkte\/"},{"@type":"ListItem","position":3,"name":"EL Salvador &#8220;Finca Miravalles&#8221;"}]},{"@type":"WebSite","@id":"https:\/\/coffeelounge.delonghi.com\/de\/#website","url":"https:\/\/coffeelounge.delonghi.com\/de\/","name":"De&#039;Longhi","description":"Coffee Lounge","publisher":{"@id":"https:\/\/coffeelounge.delonghi.com\/de\/#organization"},"potentialAction":[{"@type":"SearchAction","target":{"@type":"EntryPoint","urlTemplate":"https:\/\/coffeelounge.delonghi.com\/de\/?s={search_term_string}"},"query-input":{"@type":"PropertyValueSpecification","valueRequired":true,"valueName":"search_term_string"}}],"inLanguage":"de"},{"@type":"Organization","@id":"https:\/\/coffeelounge.delonghi.com\/de\/#organization","name":"De'Longhi Coffee Lounge","url":"https:\/\/coffeelounge.delonghi.com\/de\/","logo":{"@type":"ImageObject","inLanguage":"de","@id":"https:\/\/coffeelounge.delonghi.com\/de\/#\/schema\/logo\/image\/","url":"https:\/\/coffeelounge.delonghi.com\/wp-content\/uploads\/2020\/05\/delonghi-coffee-lounge-logo-nederland.png","contentUrl":"https:\/\/coffeelounge.delonghi.com\/wp-content\/uploads\/2020\/05\/delonghi-coffee-lounge-logo-nederland.png","width":2337,"height":724,"caption":"De'Longhi Coffee Lounge"},"image":{"@id":"https:\/\/coffeelounge.delonghi.com\/de\/#\/schema\/logo\/image\/"}}]}},"_links":{"self":[{"href":"https:\/\/coffeelounge.delonghi.com\/de\/wp-json\/wp\/v2\/product\/29568","targetHints":{"allow":["GET"]}}],"collection":[{"href":"https:\/\/coffeelounge.delonghi.com\/de\/wp-json\/wp\/v2\/product"}],"about":[{"href":"https:\/\/coffeelounge.delonghi.com\/de\/wp-json\/wp\/v2\/types\/product"}],"replies":[{"embeddable":true,"href":"https:\/\/coffeelounge.delonghi.com\/de\/wp-json\/wp\/v2\/comments?post=29568"}],"version-history":[{"count":3,"href":"https:\/\/coffeelounge.delonghi.com\/de\/wp-json\/wp\/v2\/product\/29568\/revisions"}],"predecessor-version":[{"id":422140,"href":"https:\/\/coffeelounge.delonghi.com\/de\/wp-json\/wp\/v2\/product\/29568\/revisions\/422140"}],"wp:featuredmedia":[{"embeddable":true,"href":"https:\/\/coffeelounge.delonghi.com\/de\/wp-json\/wp\/v2\/media\/421573"}],"wp:attachment":[{"href":"https:\/\/coffeelounge.delonghi.com\/de\/wp-json\/wp\/v2\/media?parent=29568"}],"wp:term":[{"taxonomy":"product_cat","embeddable":true,"href":"https:\/\/coffeelounge.delonghi.com\/de\/wp-json\/wp\/v2\/product_cat?post=29568"},{"taxonomy":"product_tag","embeddable":true,"href":"https:\/\/coffeelounge.delonghi.com\/de\/wp-json\/wp\/v2\/product_tag?post=29568"}],"curies":[{"name":"wp","href":"https:\/\/api.w.org\/{rel}","templated":true}]}}