{"id":29560,"date":"2021-05-17T11:23:07","date_gmt":"2021-05-17T11:23:07","guid":{"rendered":"https:\/\/coffeelounge.delonghi.com\/?post_type=product&#038;p=29560"},"modified":"2024-03-04T09:26:27","modified_gmt":"2024-03-04T09:26:27","slug":"vogelmaier-aethiopien-guji-jiratamo","status":"publish","type":"product","link":"https:\/\/coffeelounge.delonghi.com\/de\/produkt\/vogelmaier-aethiopien-guji-jiratamo\/","title":{"rendered":"\u00c4thiopien, Guji &#8220;Jiratamo&#8221;"},"content":{"rendered":"<p>\u00c4thiopien gilt als \u201eWiege\u201c des Arabica-Kaffees und verf\u00fcgt \u00fcber eine einzigartige Vielfalt an Arten und Sorten.<\/p>\n<p>S\u00fcdlich von Sidamo und \u00f6stlich von Yirgacheffe gelegen, ist die Guji-Region vergleichsweise neu im Kaffeegesch\u00e4ft und hat sich dennoch in der Spezialit\u00e4tenkaffee-Szene bereits bestens etabliert. Die Bauern besitzen im Durchschnitt einen halben Hektar Land, auf dem sie Kaffee anbauen. Hier wachsen die Arabica-Bohnen in \u00fcber 2000 m H\u00f6he auf mineralreichem, vulkanischem Boden.<\/p>\n<p>Ungew\u00f6hnlich f\u00fcr \u00c4thiopien besteht der \u201eMuda Tatesa\u201c nur aus zwei Variet\u00e4ten: Bourbon und Typica. Dieser wunderbare Kaffee besticht durch Aromen von reifen tropischen Fr\u00fcchten und roten Beeren, eingeh\u00fcllt von einer honigartigen S\u00fc\u00dfe.<\/p>\n","protected":false},"excerpt":{"rendered":"<p>\u00c4thiopien gilt als \u201eWiege\u201c des Arabica-Kaffees und verf\u00fcgt \u00fcber eine einzigartige Vielfalt an Arten und Sorten. S\u00fcdlich von Sidamo und \u00f6stlich von Yirgacheffe gelegen, ist die Guji-Region vergleichsweise neu im Kaffeegesch\u00e4ft und hat sich dennoch in der Spezialit\u00e4tenkaffee-Szene bereits bestens etabliert. Die Bauern besitzen im Durchschnitt einen halben Hektar Land, auf dem sie Kaffee anbauen. [&hellip;]<\/p>\n","protected":false},"featured_media":32593,"comment_status":"closed","ping_status":"closed","template":"","meta":{"_acf_changed":false},"product_cat":[262,261,277],"product_tag":[],"class_list":{"0":"post-29560","1":"product","2":"type-product","3":"status-publish","4":"has-post-thumbnail","6":"product_cat-alle-kaffees","7":"product_cat-single-origin","8":"product_cat-spezialitaetenkaffee","10":"first","11":"instock","12":"taxable","13":"shipping-taxable","14":"purchasable","15":"product-type-variable"},"acf":[],"yoast_head":"<!-- This site is optimized with the Yoast SEO Premium plugin v24.5 (Yoast SEO v24.5) - https:\/\/yoast.com\/wordpress\/plugins\/seo\/ -->\n<title>\u00c4thiopien, Guji &quot;Jiratamo&quot; | Coffee Lounge De&#039;Longhi<\/title>\n<meta name=\"description\" content=\"Der &quot;Muda Tatesa&quot; von der R\u00f6sterei Vogelmaier besticht durch Aromen von reifen tropischen Fr\u00fcchten und roten Beeren. Mehr dazu in der Coffee Lounge.\" \/>\n<meta name=\"robots\" content=\"index, follow, max-snippet:-1, max-image-preview:large, max-video-preview:-1\" \/>\n<meta name=\"twitter:card\" content=\"summary_large_image\" \/>\n<meta name=\"twitter:title\" content=\"\u00c4thiopien, Guji &quot;Jiratamo&quot; | Coffee Lounge De&#039;Longhi\" \/>\n<meta name=\"twitter:description\" content=\"Der &quot;Muda Tatesa&quot; von der R\u00f6sterei Vogelmaier besticht durch Aromen von reifen tropischen Fr\u00fcchten und roten Beeren. Mehr dazu in der Coffee Lounge.\" \/>\n<meta name=\"twitter:image\" content=\"https:\/\/coffeelounge.delonghi.com\/wp-content\/uploads\/2021\/05\/vogelmaier-01_coffee-pack_450x450.png\" \/>\n<script type=\"application\/ld+json\" class=\"yoast-schema-graph\">{\"@context\":\"https:\/\/schema.org\",\"@graph\":[{\"@type\":\"WebPage\",\"@id\":\"https:\/\/coffeelounge.delonghi.com\/de\/produkt\/vogelmaier-aethiopien-guji-jiratamo\/\",\"url\":\"https:\/\/coffeelounge.delonghi.com\/de\/produkt\/vogelmaier-aethiopien-guji-jiratamo\/\",\"name\":\"\u00c4thiopien, Guji \\\"Jiratamo\\\" | Coffee Lounge De&#039;Longhi\",\"isPartOf\":{\"@id\":\"https:\/\/coffeelounge.delonghi.com\/de\/#website\"},\"primaryImageOfPage\":{\"@id\":\"https:\/\/coffeelounge.delonghi.com\/de\/produkt\/vogelmaier-aethiopien-guji-jiratamo\/#primaryimage\"},\"image\":{\"@id\":\"https:\/\/coffeelounge.delonghi.com\/de\/produkt\/vogelmaier-aethiopien-guji-jiratamo\/#primaryimage\"},\"thumbnailUrl\":\"https:\/\/coffeelounge.delonghi.com\/wp-content\/uploads\/2021\/05\/vogelmaier-01_coffee-pack_450x450.png\",\"datePublished\":\"2021-05-17T11:23:07+00:00\",\"dateModified\":\"2024-03-04T09:26:27+00:00\",\"description\":\"Der \\\"Muda Tatesa\\\" von der R\u00f6sterei Vogelmaier besticht durch Aromen von reifen tropischen Fr\u00fcchten und roten Beeren. Mehr dazu in der Coffee Lounge.\",\"breadcrumb\":{\"@id\":\"https:\/\/coffeelounge.delonghi.com\/de\/produkt\/vogelmaier-aethiopien-guji-jiratamo\/#breadcrumb\"},\"inLanguage\":\"de\",\"potentialAction\":[{\"@type\":\"ReadAction\",\"target\":[\"https:\/\/coffeelounge.delonghi.com\/de\/produkt\/vogelmaier-aethiopien-guji-jiratamo\/\"]}]},{\"@type\":\"ImageObject\",\"inLanguage\":\"de\",\"@id\":\"https:\/\/coffeelounge.delonghi.com\/de\/produkt\/vogelmaier-aethiopien-guji-jiratamo\/#primaryimage\",\"url\":\"https:\/\/coffeelounge.delonghi.com\/wp-content\/uploads\/2021\/05\/vogelmaier-01_coffee-pack_450x450.png\",\"contentUrl\":\"https:\/\/coffeelounge.delonghi.com\/wp-content\/uploads\/2021\/05\/vogelmaier-01_coffee-pack_450x450.png\",\"width\":450,\"height\":450,\"caption\":\"Vogelmaier \u00c4thiopien, Guji \\\"Muda Tatesa\\\"\"},{\"@type\":\"BreadcrumbList\",\"@id\":\"https:\/\/coffeelounge.delonghi.com\/de\/produkt\/vogelmaier-aethiopien-guji-jiratamo\/#breadcrumb\",\"itemListElement\":[{\"@type\":\"ListItem\",\"position\":1,\"name\":\"Home\",\"item\":\"https:\/\/coffeelounge.delonghi.com\/de\/\"},{\"@type\":\"ListItem\",\"position\":2,\"name\":\"Produkte\",\"item\":\"https:\/\/coffeelounge.delonghi.com\/de\/produkte\/\"},{\"@type\":\"ListItem\",\"position\":3,\"name\":\"\u00c4thiopien, Guji &#8220;Jiratamo&#8221;\"}]},{\"@type\":\"WebSite\",\"@id\":\"https:\/\/coffeelounge.delonghi.com\/de\/#website\",\"url\":\"https:\/\/coffeelounge.delonghi.com\/de\/\",\"name\":\"De&#039;Longhi\",\"description\":\"Coffee Lounge\",\"publisher\":{\"@id\":\"https:\/\/coffeelounge.delonghi.com\/de\/#organization\"},\"potentialAction\":[{\"@type\":\"SearchAction\",\"target\":{\"@type\":\"EntryPoint\",\"urlTemplate\":\"https:\/\/coffeelounge.delonghi.com\/de\/?s={search_term_string}\"},\"query-input\":{\"@type\":\"PropertyValueSpecification\",\"valueRequired\":true,\"valueName\":\"search_term_string\"}}],\"inLanguage\":\"de\"},{\"@type\":\"Organization\",\"@id\":\"https:\/\/coffeelounge.delonghi.com\/de\/#organization\",\"name\":\"De'Longhi Coffee Lounge\",\"url\":\"https:\/\/coffeelounge.delonghi.com\/de\/\",\"logo\":{\"@type\":\"ImageObject\",\"inLanguage\":\"de\",\"@id\":\"https:\/\/coffeelounge.delonghi.com\/de\/#\/schema\/logo\/image\/\",\"url\":\"https:\/\/coffeelounge.delonghi.com\/wp-content\/uploads\/2020\/05\/delonghi-coffee-lounge-logo-nederland.png\",\"contentUrl\":\"https:\/\/coffeelounge.delonghi.com\/wp-content\/uploads\/2020\/05\/delonghi-coffee-lounge-logo-nederland.png\",\"width\":2337,\"height\":724,\"caption\":\"De'Longhi Coffee Lounge\"},\"image\":{\"@id\":\"https:\/\/coffeelounge.delonghi.com\/de\/#\/schema\/logo\/image\/\"}}]}<\/script>\n<!-- \/ Yoast SEO Premium plugin. -->","yoast_head_json":{"title":"\u00c4thiopien, Guji \"Jiratamo\" | Coffee Lounge De&#039;Longhi","description":"Der \"Muda Tatesa\" von der R\u00f6sterei Vogelmaier besticht durch Aromen von reifen tropischen Fr\u00fcchten und roten Beeren. Mehr dazu in der Coffee Lounge.","robots":{"index":"index","follow":"follow","max-snippet":"max-snippet:-1","max-image-preview":"max-image-preview:large","max-video-preview":"max-video-preview:-1"},"twitter_card":"summary_large_image","twitter_title":"\u00c4thiopien, Guji \"Jiratamo\" | Coffee Lounge De&#039;Longhi","twitter_description":"Der \"Muda Tatesa\" von der R\u00f6sterei Vogelmaier besticht durch Aromen von reifen tropischen Fr\u00fcchten und roten Beeren. Mehr dazu in der Coffee Lounge.","twitter_image":"https:\/\/coffeelounge.delonghi.com\/wp-content\/uploads\/2021\/05\/vogelmaier-01_coffee-pack_450x450.png","schema":{"@context":"https:\/\/schema.org","@graph":[{"@type":"WebPage","@id":"https:\/\/coffeelounge.delonghi.com\/de\/produkt\/vogelmaier-aethiopien-guji-jiratamo\/","url":"https:\/\/coffeelounge.delonghi.com\/de\/produkt\/vogelmaier-aethiopien-guji-jiratamo\/","name":"\u00c4thiopien, Guji \"Jiratamo\" | Coffee Lounge De&#039;Longhi","isPartOf":{"@id":"https:\/\/coffeelounge.delonghi.com\/de\/#website"},"primaryImageOfPage":{"@id":"https:\/\/coffeelounge.delonghi.com\/de\/produkt\/vogelmaier-aethiopien-guji-jiratamo\/#primaryimage"},"image":{"@id":"https:\/\/coffeelounge.delonghi.com\/de\/produkt\/vogelmaier-aethiopien-guji-jiratamo\/#primaryimage"},"thumbnailUrl":"https:\/\/coffeelounge.delonghi.com\/wp-content\/uploads\/2021\/05\/vogelmaier-01_coffee-pack_450x450.png","datePublished":"2021-05-17T11:23:07+00:00","dateModified":"2024-03-04T09:26:27+00:00","description":"Der \"Muda Tatesa\" von der R\u00f6sterei Vogelmaier besticht durch Aromen von reifen tropischen Fr\u00fcchten und roten Beeren. Mehr dazu in der Coffee Lounge.","breadcrumb":{"@id":"https:\/\/coffeelounge.delonghi.com\/de\/produkt\/vogelmaier-aethiopien-guji-jiratamo\/#breadcrumb"},"inLanguage":"de","potentialAction":[{"@type":"ReadAction","target":["https:\/\/coffeelounge.delonghi.com\/de\/produkt\/vogelmaier-aethiopien-guji-jiratamo\/"]}]},{"@type":"ImageObject","inLanguage":"de","@id":"https:\/\/coffeelounge.delonghi.com\/de\/produkt\/vogelmaier-aethiopien-guji-jiratamo\/#primaryimage","url":"https:\/\/coffeelounge.delonghi.com\/wp-content\/uploads\/2021\/05\/vogelmaier-01_coffee-pack_450x450.png","contentUrl":"https:\/\/coffeelounge.delonghi.com\/wp-content\/uploads\/2021\/05\/vogelmaier-01_coffee-pack_450x450.png","width":450,"height":450,"caption":"Vogelmaier \u00c4thiopien, Guji \"Muda Tatesa\""},{"@type":"BreadcrumbList","@id":"https:\/\/coffeelounge.delonghi.com\/de\/produkt\/vogelmaier-aethiopien-guji-jiratamo\/#breadcrumb","itemListElement":[{"@type":"ListItem","position":1,"name":"Home","item":"https:\/\/coffeelounge.delonghi.com\/de\/"},{"@type":"ListItem","position":2,"name":"Produkte","item":"https:\/\/coffeelounge.delonghi.com\/de\/produkte\/"},{"@type":"ListItem","position":3,"name":"\u00c4thiopien, Guji &#8220;Jiratamo&#8221;"}]},{"@type":"WebSite","@id":"https:\/\/coffeelounge.delonghi.com\/de\/#website","url":"https:\/\/coffeelounge.delonghi.com\/de\/","name":"De&#039;Longhi","description":"Coffee Lounge","publisher":{"@id":"https:\/\/coffeelounge.delonghi.com\/de\/#organization"},"potentialAction":[{"@type":"SearchAction","target":{"@type":"EntryPoint","urlTemplate":"https:\/\/coffeelounge.delonghi.com\/de\/?s={search_term_string}"},"query-input":{"@type":"PropertyValueSpecification","valueRequired":true,"valueName":"search_term_string"}}],"inLanguage":"de"},{"@type":"Organization","@id":"https:\/\/coffeelounge.delonghi.com\/de\/#organization","name":"De'Longhi Coffee Lounge","url":"https:\/\/coffeelounge.delonghi.com\/de\/","logo":{"@type":"ImageObject","inLanguage":"de","@id":"https:\/\/coffeelounge.delonghi.com\/de\/#\/schema\/logo\/image\/","url":"https:\/\/coffeelounge.delonghi.com\/wp-content\/uploads\/2020\/05\/delonghi-coffee-lounge-logo-nederland.png","contentUrl":"https:\/\/coffeelounge.delonghi.com\/wp-content\/uploads\/2020\/05\/delonghi-coffee-lounge-logo-nederland.png","width":2337,"height":724,"caption":"De'Longhi Coffee Lounge"},"image":{"@id":"https:\/\/coffeelounge.delonghi.com\/de\/#\/schema\/logo\/image\/"}}]}},"_links":{"self":[{"href":"https:\/\/coffeelounge.delonghi.com\/de\/wp-json\/wp\/v2\/product\/29560","targetHints":{"allow":["GET"]}}],"collection":[{"href":"https:\/\/coffeelounge.delonghi.com\/de\/wp-json\/wp\/v2\/product"}],"about":[{"href":"https:\/\/coffeelounge.delonghi.com\/de\/wp-json\/wp\/v2\/types\/product"}],"replies":[{"embeddable":true,"href":"https:\/\/coffeelounge.delonghi.com\/de\/wp-json\/wp\/v2\/comments?post=29560"}],"version-history":[{"count":3,"href":"https:\/\/coffeelounge.delonghi.com\/de\/wp-json\/wp\/v2\/product\/29560\/revisions"}],"predecessor-version":[{"id":422142,"href":"https:\/\/coffeelounge.delonghi.com\/de\/wp-json\/wp\/v2\/product\/29560\/revisions\/422142"}],"wp:featuredmedia":[{"embeddable":true,"href":"https:\/\/coffeelounge.delonghi.com\/de\/wp-json\/wp\/v2\/media\/32593"}],"wp:attachment":[{"href":"https:\/\/coffeelounge.delonghi.com\/de\/wp-json\/wp\/v2\/media?parent=29560"}],"wp:term":[{"taxonomy":"product_cat","embeddable":true,"href":"https:\/\/coffeelounge.delonghi.com\/de\/wp-json\/wp\/v2\/product_cat?post=29560"},{"taxonomy":"product_tag","embeddable":true,"href":"https:\/\/coffeelounge.delonghi.com\/de\/wp-json\/wp\/v2\/product_tag?post=29560"}],"curies":[{"name":"wp","href":"https:\/\/api.w.org\/{rel}","templated":true}]}}