{"id":29556,"date":"2021-05-17T11:12:54","date_gmt":"2021-05-17T11:12:54","guid":{"rendered":"https:\/\/coffeelounge.delonghi.com\/?post_type=product&#038;p=29556"},"modified":"2024-03-04T09:26:38","modified_gmt":"2024-03-04T09:26:38","slug":"schvarz-vrn","status":"publish","type":"product","link":"https:\/\/coffeelounge.delonghi.com\/de\/produkt\/schvarz-vrn\/","title":{"rendered":"VRN"},"content":{"rendered":"<p>VRN ist der Code vom Flughafen Verona in Italien.<\/p>\n<p>Unsere 80\/20 Espresso-Mischung repr\u00e4sentiert die Region im Norden Italiens: zeitlos und eindrucksvoll. Eine klassische R\u00f6stung, die mittelkr\u00e4ftig, ausgewogen und dabei vollmundig im Geschmack ist. Liebhaber von schokoladig-nussigen Espressogetr\u00e4nken kommen ganz auf ihre Kosten.<\/p>\n<p>Verona l\u00e4sst sich im kleinen und auch im gro\u00dfen Stil genie\u00dfen &#8211; als Espresso und als Caf\u00e9 Cr\u00e8me. Wer es einmal kennengelernt hat, der liebt es schnell.<\/p>\n","protected":false},"excerpt":{"rendered":"<p>VRN ist der Code vom Flughafen Verona in Italien. Unsere 80\/20 Espresso-Mischung repr\u00e4sentiert die Region im Norden Italiens: zeitlos und eindrucksvoll. Eine klassische R\u00f6stung, die mittelkr\u00e4ftig, ausgewogen und dabei vollmundig im Geschmack ist. Liebhaber von schokoladig-nussigen Espressogetr\u00e4nken kommen ganz auf ihre Kosten. Verona l\u00e4sst sich im kleinen und auch im gro\u00dfen Stil genie\u00dfen &#8211; als [&hellip;]<\/p>\n","protected":false},"featured_media":421586,"comment_status":"closed","ping_status":"closed","template":"","meta":{"_acf_changed":false},"product_cat":[262,364],"product_tag":[],"class_list":{"0":"post-29556","1":"product","2":"type-product","3":"status-publish","4":"has-post-thumbnail","6":"product_cat-alle-kaffees","7":"product_cat-blend","9":"first","10":"instock","11":"taxable","12":"shipping-taxable","13":"purchasable","14":"product-type-variable"},"acf":[],"yoast_head":"<!-- This site is optimized with the Yoast SEO Premium plugin v24.5 (Yoast SEO v24.5) - https:\/\/yoast.com\/wordpress\/plugins\/seo\/ -->\n<title>VRN | Coffee Lounge De&#039;Longhi<\/title>\n<meta name=\"description\" content=\"VRN, inspiriert von der italienischen Stadt Verona, ist eine klassische R\u00f6stung, mittelkr\u00e4ftig, ausgewogen und vollmundig. Mehr dazu in der Coffee Lounge.\" \/>\n<meta name=\"robots\" content=\"index, follow, max-snippet:-1, max-image-preview:large, max-video-preview:-1\" \/>\n<meta name=\"twitter:card\" content=\"summary_large_image\" \/>\n<meta name=\"twitter:title\" content=\"VRN | Coffee Lounge De&#039;Longhi\" \/>\n<meta name=\"twitter:description\" content=\"VRN, inspiriert von der italienischen Stadt Verona, ist eine klassische R\u00f6stung, mittelkr\u00e4ftig, ausgewogen und vollmundig. Mehr dazu in der Coffee Lounge.\" \/>\n<meta name=\"twitter:image\" content=\"https:\/\/coffeelounge.delonghi.com\/wp-content\/uploads\/2021\/05\/vrn.png\" \/>\n<script type=\"application\/ld+json\" class=\"yoast-schema-graph\">{\"@context\":\"https:\/\/schema.org\",\"@graph\":[{\"@type\":\"WebPage\",\"@id\":\"https:\/\/coffeelounge.delonghi.com\/de\/produkt\/schvarz-vrn\/\",\"url\":\"https:\/\/coffeelounge.delonghi.com\/de\/produkt\/schvarz-vrn\/\",\"name\":\"VRN | Coffee Lounge De&#039;Longhi\",\"isPartOf\":{\"@id\":\"https:\/\/coffeelounge.delonghi.com\/de\/#website\"},\"primaryImageOfPage\":{\"@id\":\"https:\/\/coffeelounge.delonghi.com\/de\/produkt\/schvarz-vrn\/#primaryimage\"},\"image\":{\"@id\":\"https:\/\/coffeelounge.delonghi.com\/de\/produkt\/schvarz-vrn\/#primaryimage\"},\"thumbnailUrl\":\"https:\/\/coffeelounge.delonghi.com\/wp-content\/uploads\/2021\/05\/vrn.png\",\"datePublished\":\"2021-05-17T11:12:54+00:00\",\"dateModified\":\"2024-03-04T09:26:38+00:00\",\"description\":\"VRN, inspiriert von der italienischen Stadt Verona, ist eine klassische R\u00f6stung, mittelkr\u00e4ftig, ausgewogen und vollmundig. Mehr dazu in der Coffee Lounge.\",\"breadcrumb\":{\"@id\":\"https:\/\/coffeelounge.delonghi.com\/de\/produkt\/schvarz-vrn\/#breadcrumb\"},\"inLanguage\":\"de\",\"potentialAction\":[{\"@type\":\"ReadAction\",\"target\":[\"https:\/\/coffeelounge.delonghi.com\/de\/produkt\/schvarz-vrn\/\"]}]},{\"@type\":\"ImageObject\",\"inLanguage\":\"de\",\"@id\":\"https:\/\/coffeelounge.delonghi.com\/de\/produkt\/schvarz-vrn\/#primaryimage\",\"url\":\"https:\/\/coffeelounge.delonghi.com\/wp-content\/uploads\/2021\/05\/vrn.png\",\"contentUrl\":\"https:\/\/coffeelounge.delonghi.com\/wp-content\/uploads\/2021\/05\/vrn.png\",\"width\":450,\"height\":450},{\"@type\":\"BreadcrumbList\",\"@id\":\"https:\/\/coffeelounge.delonghi.com\/de\/produkt\/schvarz-vrn\/#breadcrumb\",\"itemListElement\":[{\"@type\":\"ListItem\",\"position\":1,\"name\":\"Home\",\"item\":\"https:\/\/coffeelounge.delonghi.com\/de\/\"},{\"@type\":\"ListItem\",\"position\":2,\"name\":\"Produkte\",\"item\":\"https:\/\/coffeelounge.delonghi.com\/de\/produkte\/\"},{\"@type\":\"ListItem\",\"position\":3,\"name\":\"VRN\"}]},{\"@type\":\"WebSite\",\"@id\":\"https:\/\/coffeelounge.delonghi.com\/de\/#website\",\"url\":\"https:\/\/coffeelounge.delonghi.com\/de\/\",\"name\":\"De&#039;Longhi\",\"description\":\"Coffee Lounge\",\"publisher\":{\"@id\":\"https:\/\/coffeelounge.delonghi.com\/de\/#organization\"},\"potentialAction\":[{\"@type\":\"SearchAction\",\"target\":{\"@type\":\"EntryPoint\",\"urlTemplate\":\"https:\/\/coffeelounge.delonghi.com\/de\/?s={search_term_string}\"},\"query-input\":{\"@type\":\"PropertyValueSpecification\",\"valueRequired\":true,\"valueName\":\"search_term_string\"}}],\"inLanguage\":\"de\"},{\"@type\":\"Organization\",\"@id\":\"https:\/\/coffeelounge.delonghi.com\/de\/#organization\",\"name\":\"De'Longhi Coffee Lounge\",\"url\":\"https:\/\/coffeelounge.delonghi.com\/de\/\",\"logo\":{\"@type\":\"ImageObject\",\"inLanguage\":\"de\",\"@id\":\"https:\/\/coffeelounge.delonghi.com\/de\/#\/schema\/logo\/image\/\",\"url\":\"https:\/\/coffeelounge.delonghi.com\/wp-content\/uploads\/2020\/05\/delonghi-coffee-lounge-logo-nederland.png\",\"contentUrl\":\"https:\/\/coffeelounge.delonghi.com\/wp-content\/uploads\/2020\/05\/delonghi-coffee-lounge-logo-nederland.png\",\"width\":2337,\"height\":724,\"caption\":\"De'Longhi Coffee Lounge\"},\"image\":{\"@id\":\"https:\/\/coffeelounge.delonghi.com\/de\/#\/schema\/logo\/image\/\"}}]}<\/script>\n<!-- \/ Yoast SEO Premium plugin. -->","yoast_head_json":{"title":"VRN | Coffee Lounge De&#039;Longhi","description":"VRN, inspiriert von der italienischen Stadt Verona, ist eine klassische R\u00f6stung, mittelkr\u00e4ftig, ausgewogen und vollmundig. Mehr dazu in der Coffee Lounge.","robots":{"index":"index","follow":"follow","max-snippet":"max-snippet:-1","max-image-preview":"max-image-preview:large","max-video-preview":"max-video-preview:-1"},"twitter_card":"summary_large_image","twitter_title":"VRN | Coffee Lounge De&#039;Longhi","twitter_description":"VRN, inspiriert von der italienischen Stadt Verona, ist eine klassische R\u00f6stung, mittelkr\u00e4ftig, ausgewogen und vollmundig. Mehr dazu in der Coffee Lounge.","twitter_image":"https:\/\/coffeelounge.delonghi.com\/wp-content\/uploads\/2021\/05\/vrn.png","schema":{"@context":"https:\/\/schema.org","@graph":[{"@type":"WebPage","@id":"https:\/\/coffeelounge.delonghi.com\/de\/produkt\/schvarz-vrn\/","url":"https:\/\/coffeelounge.delonghi.com\/de\/produkt\/schvarz-vrn\/","name":"VRN | Coffee Lounge De&#039;Longhi","isPartOf":{"@id":"https:\/\/coffeelounge.delonghi.com\/de\/#website"},"primaryImageOfPage":{"@id":"https:\/\/coffeelounge.delonghi.com\/de\/produkt\/schvarz-vrn\/#primaryimage"},"image":{"@id":"https:\/\/coffeelounge.delonghi.com\/de\/produkt\/schvarz-vrn\/#primaryimage"},"thumbnailUrl":"https:\/\/coffeelounge.delonghi.com\/wp-content\/uploads\/2021\/05\/vrn.png","datePublished":"2021-05-17T11:12:54+00:00","dateModified":"2024-03-04T09:26:38+00:00","description":"VRN, inspiriert von der italienischen Stadt Verona, ist eine klassische R\u00f6stung, mittelkr\u00e4ftig, ausgewogen und vollmundig. Mehr dazu in der Coffee Lounge.","breadcrumb":{"@id":"https:\/\/coffeelounge.delonghi.com\/de\/produkt\/schvarz-vrn\/#breadcrumb"},"inLanguage":"de","potentialAction":[{"@type":"ReadAction","target":["https:\/\/coffeelounge.delonghi.com\/de\/produkt\/schvarz-vrn\/"]}]},{"@type":"ImageObject","inLanguage":"de","@id":"https:\/\/coffeelounge.delonghi.com\/de\/produkt\/schvarz-vrn\/#primaryimage","url":"https:\/\/coffeelounge.delonghi.com\/wp-content\/uploads\/2021\/05\/vrn.png","contentUrl":"https:\/\/coffeelounge.delonghi.com\/wp-content\/uploads\/2021\/05\/vrn.png","width":450,"height":450},{"@type":"BreadcrumbList","@id":"https:\/\/coffeelounge.delonghi.com\/de\/produkt\/schvarz-vrn\/#breadcrumb","itemListElement":[{"@type":"ListItem","position":1,"name":"Home","item":"https:\/\/coffeelounge.delonghi.com\/de\/"},{"@type":"ListItem","position":2,"name":"Produkte","item":"https:\/\/coffeelounge.delonghi.com\/de\/produkte\/"},{"@type":"ListItem","position":3,"name":"VRN"}]},{"@type":"WebSite","@id":"https:\/\/coffeelounge.delonghi.com\/de\/#website","url":"https:\/\/coffeelounge.delonghi.com\/de\/","name":"De&#039;Longhi","description":"Coffee Lounge","publisher":{"@id":"https:\/\/coffeelounge.delonghi.com\/de\/#organization"},"potentialAction":[{"@type":"SearchAction","target":{"@type":"EntryPoint","urlTemplate":"https:\/\/coffeelounge.delonghi.com\/de\/?s={search_term_string}"},"query-input":{"@type":"PropertyValueSpecification","valueRequired":true,"valueName":"search_term_string"}}],"inLanguage":"de"},{"@type":"Organization","@id":"https:\/\/coffeelounge.delonghi.com\/de\/#organization","name":"De'Longhi Coffee Lounge","url":"https:\/\/coffeelounge.delonghi.com\/de\/","logo":{"@type":"ImageObject","inLanguage":"de","@id":"https:\/\/coffeelounge.delonghi.com\/de\/#\/schema\/logo\/image\/","url":"https:\/\/coffeelounge.delonghi.com\/wp-content\/uploads\/2020\/05\/delonghi-coffee-lounge-logo-nederland.png","contentUrl":"https:\/\/coffeelounge.delonghi.com\/wp-content\/uploads\/2020\/05\/delonghi-coffee-lounge-logo-nederland.png","width":2337,"height":724,"caption":"De'Longhi Coffee Lounge"},"image":{"@id":"https:\/\/coffeelounge.delonghi.com\/de\/#\/schema\/logo\/image\/"}}]}},"_links":{"self":[{"href":"https:\/\/coffeelounge.delonghi.com\/de\/wp-json\/wp\/v2\/product\/29556","targetHints":{"allow":["GET"]}}],"collection":[{"href":"https:\/\/coffeelounge.delonghi.com\/de\/wp-json\/wp\/v2\/product"}],"about":[{"href":"https:\/\/coffeelounge.delonghi.com\/de\/wp-json\/wp\/v2\/types\/product"}],"replies":[{"embeddable":true,"href":"https:\/\/coffeelounge.delonghi.com\/de\/wp-json\/wp\/v2\/comments?post=29556"}],"version-history":[{"count":4,"href":"https:\/\/coffeelounge.delonghi.com\/de\/wp-json\/wp\/v2\/product\/29556\/revisions"}],"predecessor-version":[{"id":422143,"href":"https:\/\/coffeelounge.delonghi.com\/de\/wp-json\/wp\/v2\/product\/29556\/revisions\/422143"}],"wp:featuredmedia":[{"embeddable":true,"href":"https:\/\/coffeelounge.delonghi.com\/de\/wp-json\/wp\/v2\/media\/421586"}],"wp:attachment":[{"href":"https:\/\/coffeelounge.delonghi.com\/de\/wp-json\/wp\/v2\/media?parent=29556"}],"wp:term":[{"taxonomy":"product_cat","embeddable":true,"href":"https:\/\/coffeelounge.delonghi.com\/de\/wp-json\/wp\/v2\/product_cat?post=29556"},{"taxonomy":"product_tag","embeddable":true,"href":"https:\/\/coffeelounge.delonghi.com\/de\/wp-json\/wp\/v2\/product_tag?post=29556"}],"curies":[{"name":"wp","href":"https:\/\/api.w.org\/{rel}","templated":true}]}}