{"id":29548,"date":"2021-05-17T10:54:36","date_gmt":"2021-05-17T10:54:36","guid":{"rendered":"https:\/\/coffeelounge.delonghi.com\/?post_type=product&#038;p=29548"},"modified":"2024-03-04T09:27:52","modified_gmt":"2024-03-04T09:27:52","slug":"schvarz-mxp","status":"publish","type":"product","link":"https:\/\/coffeelounge.delonghi.com\/de\/produkt\/schvarz-mxp\/","title":{"rendered":"MXP"},"content":{"rendered":"<p>MXP ist der Code vom Flughafen Mailand-Malpensa. Alle unsere Espresso-Mischungen werden nach Flugh\u00e4fen benannt, die die Region repr\u00e4sentieren.<\/p>\n<p>Ein sehr ausgewogener und klassischer Espresso mit s\u00fc\u00dfer W\u00fcrze, einem mittlerem K\u00f6rper und Aromen von Zartbitterschokolade im Abgang.<\/p>\n<p>Besonders an dieser norditalienischen Mischung ist au\u00dferdem die satte Crema. Der MXP ist ein Blend aus Perlbohnen, zu 60% Arabica aus Brasilien und 40% Canephora aus Indien.<\/p>\n<p>&nbsp;<\/p>\n","protected":false},"excerpt":{"rendered":"<p>MXP ist der Code vom Flughafen Mailand-Malpensa. Alle unsere Espresso-Mischungen werden nach Flugh\u00e4fen benannt, die die Region repr\u00e4sentieren. Ein sehr ausgewogener und klassischer Espresso mit s\u00fc\u00dfer W\u00fcrze, einem mittlerem K\u00f6rper und Aromen von Zartbitterschokolade im Abgang. Besonders an dieser norditalienischen Mischung ist au\u00dferdem die satte Crema. Der MXP ist ein Blend aus Perlbohnen, zu 60% [&hellip;]<\/p>\n","protected":false},"featured_media":421612,"comment_status":"closed","ping_status":"closed","template":"","meta":{"_acf_changed":false},"product_cat":[262,364],"product_tag":[],"class_list":{"0":"post-29548","1":"product","2":"type-product","3":"status-publish","4":"has-post-thumbnail","6":"product_cat-alle-kaffees","7":"product_cat-blend","9":"first","10":"instock","11":"taxable","12":"shipping-taxable","13":"purchasable","14":"product-type-variable","15":"has-default-attributes"},"acf":[],"yoast_head":"<!-- This site is optimized with the Yoast SEO Premium plugin v24.5 (Yoast SEO v24.5) - https:\/\/yoast.com\/wordpress\/plugins\/seo\/ -->\n<title>MXP | Coffee Lounge De&#039;Longhi<\/title>\n<meta name=\"description\" content=\"Der MXP, benannt nach dem Flughafen Mailand-Malpensa, ist ein sehr ausgewogener und klassischer Espresso mit s\u00fc\u00dfer W\u00fcrze. Mehr dazu in der Coffee Lounge.\" \/>\n<meta name=\"robots\" content=\"index, follow, max-snippet:-1, max-image-preview:large, max-video-preview:-1\" \/>\n<meta name=\"twitter:card\" content=\"summary_large_image\" \/>\n<meta name=\"twitter:title\" content=\"MXP | Coffee Lounge De&#039;Longhi\" \/>\n<meta name=\"twitter:description\" content=\"Der MXP, benannt nach dem Flughafen Mailand-Malpensa, ist ein sehr ausgewogener und klassischer Espresso mit s\u00fc\u00dfer W\u00fcrze. Mehr dazu in der Coffee Lounge.\" \/>\n<meta name=\"twitter:image\" content=\"https:\/\/coffeelounge.delonghi.com\/wp-content\/uploads\/2021\/05\/mxp.png\" \/>\n<script type=\"application\/ld+json\" class=\"yoast-schema-graph\">{\"@context\":\"https:\/\/schema.org\",\"@graph\":[{\"@type\":\"WebPage\",\"@id\":\"https:\/\/coffeelounge.delonghi.com\/de\/produkt\/schvarz-mxp\/\",\"url\":\"https:\/\/coffeelounge.delonghi.com\/de\/produkt\/schvarz-mxp\/\",\"name\":\"MXP | Coffee Lounge De&#039;Longhi\",\"isPartOf\":{\"@id\":\"https:\/\/coffeelounge.delonghi.com\/de\/#website\"},\"primaryImageOfPage\":{\"@id\":\"https:\/\/coffeelounge.delonghi.com\/de\/produkt\/schvarz-mxp\/#primaryimage\"},\"image\":{\"@id\":\"https:\/\/coffeelounge.delonghi.com\/de\/produkt\/schvarz-mxp\/#primaryimage\"},\"thumbnailUrl\":\"https:\/\/coffeelounge.delonghi.com\/wp-content\/uploads\/2021\/05\/mxp.png\",\"datePublished\":\"2021-05-17T10:54:36+00:00\",\"dateModified\":\"2024-03-04T09:27:52+00:00\",\"description\":\"Der MXP, benannt nach dem Flughafen Mailand-Malpensa, ist ein sehr ausgewogener und klassischer Espresso mit s\u00fc\u00dfer W\u00fcrze. Mehr dazu in der Coffee Lounge.\",\"breadcrumb\":{\"@id\":\"https:\/\/coffeelounge.delonghi.com\/de\/produkt\/schvarz-mxp\/#breadcrumb\"},\"inLanguage\":\"de\",\"potentialAction\":[{\"@type\":\"ReadAction\",\"target\":[\"https:\/\/coffeelounge.delonghi.com\/de\/produkt\/schvarz-mxp\/\"]}]},{\"@type\":\"ImageObject\",\"inLanguage\":\"de\",\"@id\":\"https:\/\/coffeelounge.delonghi.com\/de\/produkt\/schvarz-mxp\/#primaryimage\",\"url\":\"https:\/\/coffeelounge.delonghi.com\/wp-content\/uploads\/2021\/05\/mxp.png\",\"contentUrl\":\"https:\/\/coffeelounge.delonghi.com\/wp-content\/uploads\/2021\/05\/mxp.png\",\"width\":450,\"height\":450},{\"@type\":\"BreadcrumbList\",\"@id\":\"https:\/\/coffeelounge.delonghi.com\/de\/produkt\/schvarz-mxp\/#breadcrumb\",\"itemListElement\":[{\"@type\":\"ListItem\",\"position\":1,\"name\":\"Home\",\"item\":\"https:\/\/coffeelounge.delonghi.com\/de\/\"},{\"@type\":\"ListItem\",\"position\":2,\"name\":\"Produkte\",\"item\":\"https:\/\/coffeelounge.delonghi.com\/de\/produkte\/\"},{\"@type\":\"ListItem\",\"position\":3,\"name\":\"MXP\"}]},{\"@type\":\"WebSite\",\"@id\":\"https:\/\/coffeelounge.delonghi.com\/de\/#website\",\"url\":\"https:\/\/coffeelounge.delonghi.com\/de\/\",\"name\":\"De&#039;Longhi\",\"description\":\"Coffee Lounge\",\"publisher\":{\"@id\":\"https:\/\/coffeelounge.delonghi.com\/de\/#organization\"},\"potentialAction\":[{\"@type\":\"SearchAction\",\"target\":{\"@type\":\"EntryPoint\",\"urlTemplate\":\"https:\/\/coffeelounge.delonghi.com\/de\/?s={search_term_string}\"},\"query-input\":{\"@type\":\"PropertyValueSpecification\",\"valueRequired\":true,\"valueName\":\"search_term_string\"}}],\"inLanguage\":\"de\"},{\"@type\":\"Organization\",\"@id\":\"https:\/\/coffeelounge.delonghi.com\/de\/#organization\",\"name\":\"De'Longhi Coffee Lounge\",\"url\":\"https:\/\/coffeelounge.delonghi.com\/de\/\",\"logo\":{\"@type\":\"ImageObject\",\"inLanguage\":\"de\",\"@id\":\"https:\/\/coffeelounge.delonghi.com\/de\/#\/schema\/logo\/image\/\",\"url\":\"https:\/\/coffeelounge.delonghi.com\/wp-content\/uploads\/2020\/05\/delonghi-coffee-lounge-logo-nederland.png\",\"contentUrl\":\"https:\/\/coffeelounge.delonghi.com\/wp-content\/uploads\/2020\/05\/delonghi-coffee-lounge-logo-nederland.png\",\"width\":2337,\"height\":724,\"caption\":\"De'Longhi Coffee Lounge\"},\"image\":{\"@id\":\"https:\/\/coffeelounge.delonghi.com\/de\/#\/schema\/logo\/image\/\"}}]}<\/script>\n<!-- \/ Yoast SEO Premium plugin. -->","yoast_head_json":{"title":"MXP | Coffee Lounge De&#039;Longhi","description":"Der MXP, benannt nach dem Flughafen Mailand-Malpensa, ist ein sehr ausgewogener und klassischer Espresso mit s\u00fc\u00dfer W\u00fcrze. Mehr dazu in der Coffee Lounge.","robots":{"index":"index","follow":"follow","max-snippet":"max-snippet:-1","max-image-preview":"max-image-preview:large","max-video-preview":"max-video-preview:-1"},"twitter_card":"summary_large_image","twitter_title":"MXP | Coffee Lounge De&#039;Longhi","twitter_description":"Der MXP, benannt nach dem Flughafen Mailand-Malpensa, ist ein sehr ausgewogener und klassischer Espresso mit s\u00fc\u00dfer W\u00fcrze. Mehr dazu in der Coffee Lounge.","twitter_image":"https:\/\/coffeelounge.delonghi.com\/wp-content\/uploads\/2021\/05\/mxp.png","schema":{"@context":"https:\/\/schema.org","@graph":[{"@type":"WebPage","@id":"https:\/\/coffeelounge.delonghi.com\/de\/produkt\/schvarz-mxp\/","url":"https:\/\/coffeelounge.delonghi.com\/de\/produkt\/schvarz-mxp\/","name":"MXP | Coffee Lounge De&#039;Longhi","isPartOf":{"@id":"https:\/\/coffeelounge.delonghi.com\/de\/#website"},"primaryImageOfPage":{"@id":"https:\/\/coffeelounge.delonghi.com\/de\/produkt\/schvarz-mxp\/#primaryimage"},"image":{"@id":"https:\/\/coffeelounge.delonghi.com\/de\/produkt\/schvarz-mxp\/#primaryimage"},"thumbnailUrl":"https:\/\/coffeelounge.delonghi.com\/wp-content\/uploads\/2021\/05\/mxp.png","datePublished":"2021-05-17T10:54:36+00:00","dateModified":"2024-03-04T09:27:52+00:00","description":"Der MXP, benannt nach dem Flughafen Mailand-Malpensa, ist ein sehr ausgewogener und klassischer Espresso mit s\u00fc\u00dfer W\u00fcrze. Mehr dazu in der Coffee Lounge.","breadcrumb":{"@id":"https:\/\/coffeelounge.delonghi.com\/de\/produkt\/schvarz-mxp\/#breadcrumb"},"inLanguage":"de","potentialAction":[{"@type":"ReadAction","target":["https:\/\/coffeelounge.delonghi.com\/de\/produkt\/schvarz-mxp\/"]}]},{"@type":"ImageObject","inLanguage":"de","@id":"https:\/\/coffeelounge.delonghi.com\/de\/produkt\/schvarz-mxp\/#primaryimage","url":"https:\/\/coffeelounge.delonghi.com\/wp-content\/uploads\/2021\/05\/mxp.png","contentUrl":"https:\/\/coffeelounge.delonghi.com\/wp-content\/uploads\/2021\/05\/mxp.png","width":450,"height":450},{"@type":"BreadcrumbList","@id":"https:\/\/coffeelounge.delonghi.com\/de\/produkt\/schvarz-mxp\/#breadcrumb","itemListElement":[{"@type":"ListItem","position":1,"name":"Home","item":"https:\/\/coffeelounge.delonghi.com\/de\/"},{"@type":"ListItem","position":2,"name":"Produkte","item":"https:\/\/coffeelounge.delonghi.com\/de\/produkte\/"},{"@type":"ListItem","position":3,"name":"MXP"}]},{"@type":"WebSite","@id":"https:\/\/coffeelounge.delonghi.com\/de\/#website","url":"https:\/\/coffeelounge.delonghi.com\/de\/","name":"De&#039;Longhi","description":"Coffee Lounge","publisher":{"@id":"https:\/\/coffeelounge.delonghi.com\/de\/#organization"},"potentialAction":[{"@type":"SearchAction","target":{"@type":"EntryPoint","urlTemplate":"https:\/\/coffeelounge.delonghi.com\/de\/?s={search_term_string}"},"query-input":{"@type":"PropertyValueSpecification","valueRequired":true,"valueName":"search_term_string"}}],"inLanguage":"de"},{"@type":"Organization","@id":"https:\/\/coffeelounge.delonghi.com\/de\/#organization","name":"De'Longhi Coffee Lounge","url":"https:\/\/coffeelounge.delonghi.com\/de\/","logo":{"@type":"ImageObject","inLanguage":"de","@id":"https:\/\/coffeelounge.delonghi.com\/de\/#\/schema\/logo\/image\/","url":"https:\/\/coffeelounge.delonghi.com\/wp-content\/uploads\/2020\/05\/delonghi-coffee-lounge-logo-nederland.png","contentUrl":"https:\/\/coffeelounge.delonghi.com\/wp-content\/uploads\/2020\/05\/delonghi-coffee-lounge-logo-nederland.png","width":2337,"height":724,"caption":"De'Longhi Coffee Lounge"},"image":{"@id":"https:\/\/coffeelounge.delonghi.com\/de\/#\/schema\/logo\/image\/"}}]}},"_links":{"self":[{"href":"https:\/\/coffeelounge.delonghi.com\/de\/wp-json\/wp\/v2\/product\/29548","targetHints":{"allow":["GET"]}}],"collection":[{"href":"https:\/\/coffeelounge.delonghi.com\/de\/wp-json\/wp\/v2\/product"}],"about":[{"href":"https:\/\/coffeelounge.delonghi.com\/de\/wp-json\/wp\/v2\/types\/product"}],"replies":[{"embeddable":true,"href":"https:\/\/coffeelounge.delonghi.com\/de\/wp-json\/wp\/v2\/comments?post=29548"}],"version-history":[{"count":3,"href":"https:\/\/coffeelounge.delonghi.com\/de\/wp-json\/wp\/v2\/product\/29548\/revisions"}],"predecessor-version":[{"id":422149,"href":"https:\/\/coffeelounge.delonghi.com\/de\/wp-json\/wp\/v2\/product\/29548\/revisions\/422149"}],"wp:featuredmedia":[{"embeddable":true,"href":"https:\/\/coffeelounge.delonghi.com\/de\/wp-json\/wp\/v2\/media\/421612"}],"wp:attachment":[{"href":"https:\/\/coffeelounge.delonghi.com\/de\/wp-json\/wp\/v2\/media?parent=29548"}],"wp:term":[{"taxonomy":"product_cat","embeddable":true,"href":"https:\/\/coffeelounge.delonghi.com\/de\/wp-json\/wp\/v2\/product_cat?post=29548"},{"taxonomy":"product_tag","embeddable":true,"href":"https:\/\/coffeelounge.delonghi.com\/de\/wp-json\/wp\/v2\/product_tag?post=29548"}],"curies":[{"name":"wp","href":"https:\/\/api.w.org\/{rel}","templated":true}]}}