{"id":29529,"date":"2021-05-17T10:10:59","date_gmt":"2021-05-17T10:10:59","guid":{"rendered":"https:\/\/coffeelounge.delonghi.com\/?post_type=product&#038;p=29529"},"modified":"2024-03-04T09:27:10","modified_gmt":"2024-03-04T09:27:10","slug":"schvarz-sugarcane","status":"publish","type":"product","link":"https:\/\/coffeelounge.delonghi.com\/de\/produkt\/schvarz-sugarcane\/","title":{"rendered":"Decaf Espresso"},"content":{"rendered":"<p>Endlich mal ein entkoffeinierter Espresso\/Caf\u00e9 Creme, der nach Karamell und Schokolade schmeckt. Unser Sugarcane wurde auf nat\u00fcrliche Art und Weise entkoffeiniert. Es ist eine Seltenheit, dass man entkoffeinierte Kaffees von einer Farm (mit Herkunftsbezeichnung) bekommt und das auch noch mit einer Sortenbezeichnung.<\/p>\n<p>\u00dcber den Prozess: Der Entkoffeinierungsprozess findet vor Ort in Kolumbien statt. Die Bohnen werden mit Niederdruck ged\u00e4mpft, sodass sich die Poren \u00f6ffnen. Danach werden sie in sauberem Wasser mit Ethyl Acetate eingeweicht, damit sich das Koffein aus den Bohnen l\u00f6sen l\u00e4sst. Zum Schluss erfolgt ein erneutes d\u00e4mpfen, damit keine Restbest\u00e4nde von Ethyl Acetate \u00fcbrig bleiben.\u2028Ethyl Acetate ist im \u00dcbrigen eine nat\u00fcrliche S\u00e4ure, die sich beim Fermentationsprozess des Zuckerrohrs bildet.<\/p>\n<p>Die Frauenkooperative &#8220;&#8221;El Trebol&#8221;&#8221; besteht aus 74 Frauen. Diese Frauen ernten meist selbst und m\u00fcssen von der Ernte ihre Familie ern\u00e4hren und das Leben bestreiten. Die Kooperative\/Verein entstand aus der Notwendigkeit den Kaffee \u00fcber den (niedrigen) Marktwert zu verkaufen. Ihre Fincas sind meist 0,25 ha bis 5 ha (Hektar) gro\u00df und sie alle bauen die Sorte &#8220;&#8221;Castillo&#8221;&#8221; an. Was uns besonders gef\u00e4llt ist, dass die Kaffeestr\u00e4ucher auf den Fincas im Schatten der gro\u00dfen B\u00e4umen liegen und kaum direkter Sonneneinstrahlung ausgesetzt sind. Dies f\u00fchrt zu einer langsamen Reifung, was die Kaffeekirschen gleichzeitig noch s\u00fc\u00dfer macht.<\/p>\n","protected":false},"excerpt":{"rendered":"<p>Endlich mal ein entkoffeinierter Espresso\/Caf\u00e9 Creme, der nach Karamell und Schokolade schmeckt. Unser Sugarcane wurde auf nat\u00fcrliche Art und Weise entkoffeiniert. Es ist eine Seltenheit, dass man entkoffeinierte Kaffees von einer Farm (mit Herkunftsbezeichnung) bekommt und das auch noch mit einer Sortenbezeichnung. \u00dcber den Prozess: Der Entkoffeinierungsprozess findet vor Ort in Kolumbien statt. Die Bohnen [&hellip;]<\/p>\n","protected":false},"featured_media":421638,"comment_status":"closed","ping_status":"closed","template":"","meta":{"_acf_changed":false},"product_cat":[262,279,261],"product_tag":[],"class_list":{"0":"post-29529","1":"product","2":"type-product","3":"status-publish","4":"has-post-thumbnail","6":"product_cat-alle-kaffees","7":"product_cat-entkoffeiniert","8":"product_cat-single-origin","10":"first","11":"instock","12":"taxable","13":"shipping-taxable","14":"purchasable","15":"product-type-variable","16":"has-default-attributes"},"acf":[],"yoast_head":"<!-- This site is optimized with the Yoast SEO Premium plugin v24.5 (Yoast SEO v24.5) - https:\/\/yoast.com\/wordpress\/plugins\/seo\/ -->\n<title>Decaf Espresso | Coffee Lounge De&#039;Longhi<\/title>\n<meta name=\"description\" content=\"Der entkoffeinierte Sugarcane der R\u00f6sterei Schvarz kommt von der Frauenkooperative &quot;El Trebol&quot;. Mehr erfahren bei der Coffee Lounge.\" \/>\n<meta name=\"robots\" content=\"index, follow, max-snippet:-1, max-image-preview:large, max-video-preview:-1\" \/>\n<meta name=\"twitter:card\" content=\"summary_large_image\" \/>\n<meta name=\"twitter:title\" content=\"Decaf Espresso | Coffee Lounge De&#039;Longhi\" \/>\n<meta name=\"twitter:description\" content=\"Der entkoffeinierte Sugarcane der R\u00f6sterei Schvarz kommt von der Frauenkooperative &quot;El Trebol&quot;. Mehr erfahren bei der Coffee Lounge.\" \/>\n<meta name=\"twitter:image\" content=\"https:\/\/coffeelounge.delonghi.com\/wp-content\/uploads\/2021\/05\/sugarcane.png\" \/>\n<script type=\"application\/ld+json\" class=\"yoast-schema-graph\">{\"@context\":\"https:\/\/schema.org\",\"@graph\":[{\"@type\":\"WebPage\",\"@id\":\"https:\/\/coffeelounge.delonghi.com\/de\/produkt\/schvarz-sugarcane\/\",\"url\":\"https:\/\/coffeelounge.delonghi.com\/de\/produkt\/schvarz-sugarcane\/\",\"name\":\"Decaf Espresso | Coffee Lounge De&#039;Longhi\",\"isPartOf\":{\"@id\":\"https:\/\/coffeelounge.delonghi.com\/de\/#website\"},\"primaryImageOfPage\":{\"@id\":\"https:\/\/coffeelounge.delonghi.com\/de\/produkt\/schvarz-sugarcane\/#primaryimage\"},\"image\":{\"@id\":\"https:\/\/coffeelounge.delonghi.com\/de\/produkt\/schvarz-sugarcane\/#primaryimage\"},\"thumbnailUrl\":\"https:\/\/coffeelounge.delonghi.com\/wp-content\/uploads\/2021\/05\/sugarcane.png\",\"datePublished\":\"2021-05-17T10:10:59+00:00\",\"dateModified\":\"2024-03-04T09:27:10+00:00\",\"description\":\"Der entkoffeinierte Sugarcane der R\u00f6sterei Schvarz kommt von der Frauenkooperative \\\"El Trebol\\\". Mehr erfahren bei der Coffee Lounge.\",\"breadcrumb\":{\"@id\":\"https:\/\/coffeelounge.delonghi.com\/de\/produkt\/schvarz-sugarcane\/#breadcrumb\"},\"inLanguage\":\"de\",\"potentialAction\":[{\"@type\":\"ReadAction\",\"target\":[\"https:\/\/coffeelounge.delonghi.com\/de\/produkt\/schvarz-sugarcane\/\"]}]},{\"@type\":\"ImageObject\",\"inLanguage\":\"de\",\"@id\":\"https:\/\/coffeelounge.delonghi.com\/de\/produkt\/schvarz-sugarcane\/#primaryimage\",\"url\":\"https:\/\/coffeelounge.delonghi.com\/wp-content\/uploads\/2021\/05\/sugarcane.png\",\"contentUrl\":\"https:\/\/coffeelounge.delonghi.com\/wp-content\/uploads\/2021\/05\/sugarcane.png\",\"width\":450,\"height\":450},{\"@type\":\"BreadcrumbList\",\"@id\":\"https:\/\/coffeelounge.delonghi.com\/de\/produkt\/schvarz-sugarcane\/#breadcrumb\",\"itemListElement\":[{\"@type\":\"ListItem\",\"position\":1,\"name\":\"Home\",\"item\":\"https:\/\/coffeelounge.delonghi.com\/de\/\"},{\"@type\":\"ListItem\",\"position\":2,\"name\":\"Produkte\",\"item\":\"https:\/\/coffeelounge.delonghi.com\/de\/produkte\/\"},{\"@type\":\"ListItem\",\"position\":3,\"name\":\"Decaf Espresso\"}]},{\"@type\":\"WebSite\",\"@id\":\"https:\/\/coffeelounge.delonghi.com\/de\/#website\",\"url\":\"https:\/\/coffeelounge.delonghi.com\/de\/\",\"name\":\"De&#039;Longhi\",\"description\":\"Coffee Lounge\",\"publisher\":{\"@id\":\"https:\/\/coffeelounge.delonghi.com\/de\/#organization\"},\"potentialAction\":[{\"@type\":\"SearchAction\",\"target\":{\"@type\":\"EntryPoint\",\"urlTemplate\":\"https:\/\/coffeelounge.delonghi.com\/de\/?s={search_term_string}\"},\"query-input\":{\"@type\":\"PropertyValueSpecification\",\"valueRequired\":true,\"valueName\":\"search_term_string\"}}],\"inLanguage\":\"de\"},{\"@type\":\"Organization\",\"@id\":\"https:\/\/coffeelounge.delonghi.com\/de\/#organization\",\"name\":\"De'Longhi Coffee Lounge\",\"url\":\"https:\/\/coffeelounge.delonghi.com\/de\/\",\"logo\":{\"@type\":\"ImageObject\",\"inLanguage\":\"de\",\"@id\":\"https:\/\/coffeelounge.delonghi.com\/de\/#\/schema\/logo\/image\/\",\"url\":\"https:\/\/coffeelounge.delonghi.com\/wp-content\/uploads\/2020\/05\/delonghi-coffee-lounge-logo-nederland.png\",\"contentUrl\":\"https:\/\/coffeelounge.delonghi.com\/wp-content\/uploads\/2020\/05\/delonghi-coffee-lounge-logo-nederland.png\",\"width\":2337,\"height\":724,\"caption\":\"De'Longhi Coffee Lounge\"},\"image\":{\"@id\":\"https:\/\/coffeelounge.delonghi.com\/de\/#\/schema\/logo\/image\/\"}}]}<\/script>\n<!-- \/ Yoast SEO Premium plugin. -->","yoast_head_json":{"title":"Decaf Espresso | Coffee Lounge De&#039;Longhi","description":"Der entkoffeinierte Sugarcane der R\u00f6sterei Schvarz kommt von der Frauenkooperative \"El Trebol\". Mehr erfahren bei der Coffee Lounge.","robots":{"index":"index","follow":"follow","max-snippet":"max-snippet:-1","max-image-preview":"max-image-preview:large","max-video-preview":"max-video-preview:-1"},"twitter_card":"summary_large_image","twitter_title":"Decaf Espresso | Coffee Lounge De&#039;Longhi","twitter_description":"Der entkoffeinierte Sugarcane der R\u00f6sterei Schvarz kommt von der Frauenkooperative \"El Trebol\". Mehr erfahren bei der Coffee Lounge.","twitter_image":"https:\/\/coffeelounge.delonghi.com\/wp-content\/uploads\/2021\/05\/sugarcane.png","schema":{"@context":"https:\/\/schema.org","@graph":[{"@type":"WebPage","@id":"https:\/\/coffeelounge.delonghi.com\/de\/produkt\/schvarz-sugarcane\/","url":"https:\/\/coffeelounge.delonghi.com\/de\/produkt\/schvarz-sugarcane\/","name":"Decaf Espresso | Coffee Lounge De&#039;Longhi","isPartOf":{"@id":"https:\/\/coffeelounge.delonghi.com\/de\/#website"},"primaryImageOfPage":{"@id":"https:\/\/coffeelounge.delonghi.com\/de\/produkt\/schvarz-sugarcane\/#primaryimage"},"image":{"@id":"https:\/\/coffeelounge.delonghi.com\/de\/produkt\/schvarz-sugarcane\/#primaryimage"},"thumbnailUrl":"https:\/\/coffeelounge.delonghi.com\/wp-content\/uploads\/2021\/05\/sugarcane.png","datePublished":"2021-05-17T10:10:59+00:00","dateModified":"2024-03-04T09:27:10+00:00","description":"Der entkoffeinierte Sugarcane der R\u00f6sterei Schvarz kommt von der Frauenkooperative \"El Trebol\". Mehr erfahren bei der Coffee Lounge.","breadcrumb":{"@id":"https:\/\/coffeelounge.delonghi.com\/de\/produkt\/schvarz-sugarcane\/#breadcrumb"},"inLanguage":"de","potentialAction":[{"@type":"ReadAction","target":["https:\/\/coffeelounge.delonghi.com\/de\/produkt\/schvarz-sugarcane\/"]}]},{"@type":"ImageObject","inLanguage":"de","@id":"https:\/\/coffeelounge.delonghi.com\/de\/produkt\/schvarz-sugarcane\/#primaryimage","url":"https:\/\/coffeelounge.delonghi.com\/wp-content\/uploads\/2021\/05\/sugarcane.png","contentUrl":"https:\/\/coffeelounge.delonghi.com\/wp-content\/uploads\/2021\/05\/sugarcane.png","width":450,"height":450},{"@type":"BreadcrumbList","@id":"https:\/\/coffeelounge.delonghi.com\/de\/produkt\/schvarz-sugarcane\/#breadcrumb","itemListElement":[{"@type":"ListItem","position":1,"name":"Home","item":"https:\/\/coffeelounge.delonghi.com\/de\/"},{"@type":"ListItem","position":2,"name":"Produkte","item":"https:\/\/coffeelounge.delonghi.com\/de\/produkte\/"},{"@type":"ListItem","position":3,"name":"Decaf Espresso"}]},{"@type":"WebSite","@id":"https:\/\/coffeelounge.delonghi.com\/de\/#website","url":"https:\/\/coffeelounge.delonghi.com\/de\/","name":"De&#039;Longhi","description":"Coffee Lounge","publisher":{"@id":"https:\/\/coffeelounge.delonghi.com\/de\/#organization"},"potentialAction":[{"@type":"SearchAction","target":{"@type":"EntryPoint","urlTemplate":"https:\/\/coffeelounge.delonghi.com\/de\/?s={search_term_string}"},"query-input":{"@type":"PropertyValueSpecification","valueRequired":true,"valueName":"search_term_string"}}],"inLanguage":"de"},{"@type":"Organization","@id":"https:\/\/coffeelounge.delonghi.com\/de\/#organization","name":"De'Longhi Coffee Lounge","url":"https:\/\/coffeelounge.delonghi.com\/de\/","logo":{"@type":"ImageObject","inLanguage":"de","@id":"https:\/\/coffeelounge.delonghi.com\/de\/#\/schema\/logo\/image\/","url":"https:\/\/coffeelounge.delonghi.com\/wp-content\/uploads\/2020\/05\/delonghi-coffee-lounge-logo-nederland.png","contentUrl":"https:\/\/coffeelounge.delonghi.com\/wp-content\/uploads\/2020\/05\/delonghi-coffee-lounge-logo-nederland.png","width":2337,"height":724,"caption":"De'Longhi Coffee Lounge"},"image":{"@id":"https:\/\/coffeelounge.delonghi.com\/de\/#\/schema\/logo\/image\/"}}]}},"_links":{"self":[{"href":"https:\/\/coffeelounge.delonghi.com\/de\/wp-json\/wp\/v2\/product\/29529","targetHints":{"allow":["GET"]}}],"collection":[{"href":"https:\/\/coffeelounge.delonghi.com\/de\/wp-json\/wp\/v2\/product"}],"about":[{"href":"https:\/\/coffeelounge.delonghi.com\/de\/wp-json\/wp\/v2\/types\/product"}],"replies":[{"embeddable":true,"href":"https:\/\/coffeelounge.delonghi.com\/de\/wp-json\/wp\/v2\/comments?post=29529"}],"version-history":[{"count":3,"href":"https:\/\/coffeelounge.delonghi.com\/de\/wp-json\/wp\/v2\/product\/29529\/revisions"}],"predecessor-version":[{"id":422146,"href":"https:\/\/coffeelounge.delonghi.com\/de\/wp-json\/wp\/v2\/product\/29529\/revisions\/422146"}],"wp:featuredmedia":[{"embeddable":true,"href":"https:\/\/coffeelounge.delonghi.com\/de\/wp-json\/wp\/v2\/media\/421638"}],"wp:attachment":[{"href":"https:\/\/coffeelounge.delonghi.com\/de\/wp-json\/wp\/v2\/media?parent=29529"}],"wp:term":[{"taxonomy":"product_cat","embeddable":true,"href":"https:\/\/coffeelounge.delonghi.com\/de\/wp-json\/wp\/v2\/product_cat?post=29529"},{"taxonomy":"product_tag","embeddable":true,"href":"https:\/\/coffeelounge.delonghi.com\/de\/wp-json\/wp\/v2\/product_tag?post=29529"}],"curies":[{"name":"wp","href":"https:\/\/api.w.org\/{rel}","templated":true}]}}