{"id":29304,"date":"2021-05-14T15:11:49","date_gmt":"2021-05-14T15:11:49","guid":{"rendered":"https:\/\/coffeelounge.delonghi.com\/?post_type=product&#038;p=29304"},"modified":"2024-03-01T15:44:04","modified_gmt":"2024-03-01T15:44:04","slug":"hoppenwoth-ploch-la-cristalina-decaf","status":"publish","type":"product","link":"https:\/\/coffeelounge.delonghi.com\/de\/produkt\/hoppenwoth-ploch-la-cristalina-decaf\/","title":{"rendered":"La Cristalina Decaf"},"content":{"rendered":"<p>Not your regular Decaf: Der La Cristalina ist ein entkoffeinierter Kaffee, der sich nicht verstecken muss und Dir zeigt, wie gut Decaf schmecken kann.<\/p>\n<p>Durch das behutsame und nat\u00fcrlich sog. Sugar Cane Entkoffeinierungsverfahren bleiben besonders viele Aromen im Kaffee enthalten. Bei diesem Verfahren werden die aufbereiteten Kaffeebohnen zun\u00e4chst mit Wasser bedampft, um die Poren zu \u00f6ffnen. Im Anschluss kommt das L\u00f6sungsmittel Ethyl Acetat zum Einsatz &#8211; eine nat\u00fcrlich vorkommende und harmlose Substanz, die aus dem in Kolumbien heimischen und reichlich vorhandenen Zuckerrohr gewonnen wird. In diesem L\u00f6sungsmittel, gemischt mit Wasser, werden die Bohnen solange gebadet, bis das gesamte Koffein herausgel\u00f6st wurde. Die nat\u00fcrlichen Geschmacksaromen des Kaffees bleiben dadurch nahezu vollst\u00e4ndig erhalten. So kommen wir in den Genuss dieses besonderes Decafs mit spannenden Noten von Brombeere und Zuckerrohr.<\/p>\n<p>Die Farm La Cristalina liegt im Westen Kolumbiens in der Region Quindio. Bereits seit 1885 baut die Familie Grajales hier Kaffee an und hat sich einen Namen in der Specialty Coffee Branche gemacht. Durch extreme H\u00f6henlagen bis zu 2000m und ein sehr gut geeignetes Klima f\u00fcr den Kaffeeanbau produzieren sie erstklassige Kaffees. Unser Lot des La Cristalina ist \u00fcber den Importeur Colombian Spirits zu uns gekommen.<\/p>\n<p>Colombian Spirits fokussiert sich auf Specialty Coffee aus Kolumbien, die sie direkt von den Farmer*innen kaufen und daf\u00fcr einen min. 50% h\u00f6heren Preis als den Marktpreis bezahlen. Au\u00dferdem besteht eine Verbindung nach Deutschland, da hier der Sitz des Importeurs ist. Besonders direkt ist die Verbindung bei unserem La Cristalina: die Gr\u00fcnderin von Colombian Spirits, Maria Mercedes Grajales geh\u00f6rt zur dritten Generation der Familie Grajales, die sich im Kaffeeanbau engagiert und damit diesen Kaffee aus Kolumbien zu etwas besonderem macht.<\/p>\n","protected":false},"excerpt":{"rendered":"<p>Not your regular Decaf: Der La Cristalina ist ein entkoffeinierter Kaffee, der sich nicht verstecken muss und Dir zeigt, wie gut Decaf schmecken kann. Durch das behutsame und nat\u00fcrlich sog. Sugar Cane Entkoffeinierungsverfahren bleiben besonders viele Aromen im Kaffee enthalten. Bei diesem Verfahren werden die aufbereiteten Kaffeebohnen zun\u00e4chst mit Wasser bedampft, um die Poren zu [&hellip;]<\/p>\n","protected":false},"featured_media":421755,"comment_status":"closed","ping_status":"closed","template":"","meta":{"_acf_changed":false},"product_cat":[262,279,277],"product_tag":[],"class_list":{"0":"post-29304","1":"product","2":"type-product","3":"status-publish","4":"has-post-thumbnail","6":"product_cat-alle-kaffees","7":"product_cat-entkoffeiniert","8":"product_cat-spezialitaetenkaffee","10":"first","11":"instock","12":"taxable","13":"shipping-taxable","14":"purchasable","15":"product-type-variable","16":"has-default-attributes"},"acf":[],"yoast_head":"<!-- This site is optimized with the Yoast SEO Premium plugin v24.5 (Yoast SEO v24.5) - https:\/\/yoast.com\/wordpress\/plugins\/seo\/ -->\n<title>La Cristalina Decaf | Coffee Lounge De&#039;Longhi<\/title>\n<meta name=\"description\" content=\"Der La Cristalina von Hoppenworth &amp; Ploch ist ein entkoffeinierter Kaffee, der sich nicht verstecken muss. Mehr dazu gibt es in der Coffee Lounge.\" \/>\n<meta name=\"robots\" content=\"index, follow, max-snippet:-1, max-image-preview:large, max-video-preview:-1\" \/>\n<meta name=\"twitter:card\" content=\"summary_large_image\" \/>\n<meta name=\"twitter:title\" content=\"La Cristalina Decaf | Coffee Lounge De&#039;Longhi\" \/>\n<meta name=\"twitter:description\" content=\"Der La Cristalina von Hoppenworth &amp; Ploch ist ein entkoffeinierter Kaffee, der sich nicht verstecken muss. Mehr dazu gibt es in der Coffee Lounge.\" \/>\n<meta name=\"twitter:image\" content=\"https:\/\/coffeelounge.delonghi.com\/wp-content\/uploads\/2021\/05\/la_cristalina_decaf.png\" \/>\n<script type=\"application\/ld+json\" class=\"yoast-schema-graph\">{\"@context\":\"https:\/\/schema.org\",\"@graph\":[{\"@type\":\"WebPage\",\"@id\":\"https:\/\/coffeelounge.delonghi.com\/de\/produkt\/hoppenwoth-ploch-la-cristalina-decaf\/\",\"url\":\"https:\/\/coffeelounge.delonghi.com\/de\/produkt\/hoppenwoth-ploch-la-cristalina-decaf\/\",\"name\":\"La Cristalina Decaf | Coffee Lounge De&#039;Longhi\",\"isPartOf\":{\"@id\":\"https:\/\/coffeelounge.delonghi.com\/de\/#website\"},\"primaryImageOfPage\":{\"@id\":\"https:\/\/coffeelounge.delonghi.com\/de\/produkt\/hoppenwoth-ploch-la-cristalina-decaf\/#primaryimage\"},\"image\":{\"@id\":\"https:\/\/coffeelounge.delonghi.com\/de\/produkt\/hoppenwoth-ploch-la-cristalina-decaf\/#primaryimage\"},\"thumbnailUrl\":\"https:\/\/coffeelounge.delonghi.com\/wp-content\/uploads\/2021\/05\/la_cristalina_decaf.png\",\"datePublished\":\"2021-05-14T15:11:49+00:00\",\"dateModified\":\"2024-03-01T15:44:04+00:00\",\"description\":\"Der La Cristalina von Hoppenworth & Ploch ist ein entkoffeinierter Kaffee, der sich nicht verstecken muss. Mehr dazu gibt es in der Coffee Lounge.\",\"breadcrumb\":{\"@id\":\"https:\/\/coffeelounge.delonghi.com\/de\/produkt\/hoppenwoth-ploch-la-cristalina-decaf\/#breadcrumb\"},\"inLanguage\":\"de\",\"potentialAction\":[{\"@type\":\"ReadAction\",\"target\":[\"https:\/\/coffeelounge.delonghi.com\/de\/produkt\/hoppenwoth-ploch-la-cristalina-decaf\/\"]}]},{\"@type\":\"ImageObject\",\"inLanguage\":\"de\",\"@id\":\"https:\/\/coffeelounge.delonghi.com\/de\/produkt\/hoppenwoth-ploch-la-cristalina-decaf\/#primaryimage\",\"url\":\"https:\/\/coffeelounge.delonghi.com\/wp-content\/uploads\/2021\/05\/la_cristalina_decaf.png\",\"contentUrl\":\"https:\/\/coffeelounge.delonghi.com\/wp-content\/uploads\/2021\/05\/la_cristalina_decaf.png\",\"width\":432,\"height\":432},{\"@type\":\"BreadcrumbList\",\"@id\":\"https:\/\/coffeelounge.delonghi.com\/de\/produkt\/hoppenwoth-ploch-la-cristalina-decaf\/#breadcrumb\",\"itemListElement\":[{\"@type\":\"ListItem\",\"position\":1,\"name\":\"Home\",\"item\":\"https:\/\/coffeelounge.delonghi.com\/de\/\"},{\"@type\":\"ListItem\",\"position\":2,\"name\":\"Produkte\",\"item\":\"https:\/\/coffeelounge.delonghi.com\/de\/produkte\/\"},{\"@type\":\"ListItem\",\"position\":3,\"name\":\"La Cristalina Decaf\"}]},{\"@type\":\"WebSite\",\"@id\":\"https:\/\/coffeelounge.delonghi.com\/de\/#website\",\"url\":\"https:\/\/coffeelounge.delonghi.com\/de\/\",\"name\":\"De&#039;Longhi\",\"description\":\"Coffee Lounge\",\"publisher\":{\"@id\":\"https:\/\/coffeelounge.delonghi.com\/de\/#organization\"},\"potentialAction\":[{\"@type\":\"SearchAction\",\"target\":{\"@type\":\"EntryPoint\",\"urlTemplate\":\"https:\/\/coffeelounge.delonghi.com\/de\/?s={search_term_string}\"},\"query-input\":{\"@type\":\"PropertyValueSpecification\",\"valueRequired\":true,\"valueName\":\"search_term_string\"}}],\"inLanguage\":\"de\"},{\"@type\":\"Organization\",\"@id\":\"https:\/\/coffeelounge.delonghi.com\/de\/#organization\",\"name\":\"De'Longhi Coffee Lounge\",\"url\":\"https:\/\/coffeelounge.delonghi.com\/de\/\",\"logo\":{\"@type\":\"ImageObject\",\"inLanguage\":\"de\",\"@id\":\"https:\/\/coffeelounge.delonghi.com\/de\/#\/schema\/logo\/image\/\",\"url\":\"https:\/\/coffeelounge.delonghi.com\/wp-content\/uploads\/2020\/05\/delonghi-coffee-lounge-logo-nederland.png\",\"contentUrl\":\"https:\/\/coffeelounge.delonghi.com\/wp-content\/uploads\/2020\/05\/delonghi-coffee-lounge-logo-nederland.png\",\"width\":2337,\"height\":724,\"caption\":\"De'Longhi Coffee Lounge\"},\"image\":{\"@id\":\"https:\/\/coffeelounge.delonghi.com\/de\/#\/schema\/logo\/image\/\"}}]}<\/script>\n<!-- \/ Yoast SEO Premium plugin. -->","yoast_head_json":{"title":"La Cristalina Decaf | Coffee Lounge De&#039;Longhi","description":"Der La Cristalina von Hoppenworth & Ploch ist ein entkoffeinierter Kaffee, der sich nicht verstecken muss. Mehr dazu gibt es in der Coffee Lounge.","robots":{"index":"index","follow":"follow","max-snippet":"max-snippet:-1","max-image-preview":"max-image-preview:large","max-video-preview":"max-video-preview:-1"},"twitter_card":"summary_large_image","twitter_title":"La Cristalina Decaf | Coffee Lounge De&#039;Longhi","twitter_description":"Der La Cristalina von Hoppenworth & Ploch ist ein entkoffeinierter Kaffee, der sich nicht verstecken muss. Mehr dazu gibt es in der Coffee Lounge.","twitter_image":"https:\/\/coffeelounge.delonghi.com\/wp-content\/uploads\/2021\/05\/la_cristalina_decaf.png","schema":{"@context":"https:\/\/schema.org","@graph":[{"@type":"WebPage","@id":"https:\/\/coffeelounge.delonghi.com\/de\/produkt\/hoppenwoth-ploch-la-cristalina-decaf\/","url":"https:\/\/coffeelounge.delonghi.com\/de\/produkt\/hoppenwoth-ploch-la-cristalina-decaf\/","name":"La Cristalina Decaf | Coffee Lounge De&#039;Longhi","isPartOf":{"@id":"https:\/\/coffeelounge.delonghi.com\/de\/#website"},"primaryImageOfPage":{"@id":"https:\/\/coffeelounge.delonghi.com\/de\/produkt\/hoppenwoth-ploch-la-cristalina-decaf\/#primaryimage"},"image":{"@id":"https:\/\/coffeelounge.delonghi.com\/de\/produkt\/hoppenwoth-ploch-la-cristalina-decaf\/#primaryimage"},"thumbnailUrl":"https:\/\/coffeelounge.delonghi.com\/wp-content\/uploads\/2021\/05\/la_cristalina_decaf.png","datePublished":"2021-05-14T15:11:49+00:00","dateModified":"2024-03-01T15:44:04+00:00","description":"Der La Cristalina von Hoppenworth & Ploch ist ein entkoffeinierter Kaffee, der sich nicht verstecken muss. Mehr dazu gibt es in der Coffee Lounge.","breadcrumb":{"@id":"https:\/\/coffeelounge.delonghi.com\/de\/produkt\/hoppenwoth-ploch-la-cristalina-decaf\/#breadcrumb"},"inLanguage":"de","potentialAction":[{"@type":"ReadAction","target":["https:\/\/coffeelounge.delonghi.com\/de\/produkt\/hoppenwoth-ploch-la-cristalina-decaf\/"]}]},{"@type":"ImageObject","inLanguage":"de","@id":"https:\/\/coffeelounge.delonghi.com\/de\/produkt\/hoppenwoth-ploch-la-cristalina-decaf\/#primaryimage","url":"https:\/\/coffeelounge.delonghi.com\/wp-content\/uploads\/2021\/05\/la_cristalina_decaf.png","contentUrl":"https:\/\/coffeelounge.delonghi.com\/wp-content\/uploads\/2021\/05\/la_cristalina_decaf.png","width":432,"height":432},{"@type":"BreadcrumbList","@id":"https:\/\/coffeelounge.delonghi.com\/de\/produkt\/hoppenwoth-ploch-la-cristalina-decaf\/#breadcrumb","itemListElement":[{"@type":"ListItem","position":1,"name":"Home","item":"https:\/\/coffeelounge.delonghi.com\/de\/"},{"@type":"ListItem","position":2,"name":"Produkte","item":"https:\/\/coffeelounge.delonghi.com\/de\/produkte\/"},{"@type":"ListItem","position":3,"name":"La Cristalina Decaf"}]},{"@type":"WebSite","@id":"https:\/\/coffeelounge.delonghi.com\/de\/#website","url":"https:\/\/coffeelounge.delonghi.com\/de\/","name":"De&#039;Longhi","description":"Coffee Lounge","publisher":{"@id":"https:\/\/coffeelounge.delonghi.com\/de\/#organization"},"potentialAction":[{"@type":"SearchAction","target":{"@type":"EntryPoint","urlTemplate":"https:\/\/coffeelounge.delonghi.com\/de\/?s={search_term_string}"},"query-input":{"@type":"PropertyValueSpecification","valueRequired":true,"valueName":"search_term_string"}}],"inLanguage":"de"},{"@type":"Organization","@id":"https:\/\/coffeelounge.delonghi.com\/de\/#organization","name":"De'Longhi Coffee Lounge","url":"https:\/\/coffeelounge.delonghi.com\/de\/","logo":{"@type":"ImageObject","inLanguage":"de","@id":"https:\/\/coffeelounge.delonghi.com\/de\/#\/schema\/logo\/image\/","url":"https:\/\/coffeelounge.delonghi.com\/wp-content\/uploads\/2020\/05\/delonghi-coffee-lounge-logo-nederland.png","contentUrl":"https:\/\/coffeelounge.delonghi.com\/wp-content\/uploads\/2020\/05\/delonghi-coffee-lounge-logo-nederland.png","width":2337,"height":724,"caption":"De'Longhi Coffee Lounge"},"image":{"@id":"https:\/\/coffeelounge.delonghi.com\/de\/#\/schema\/logo\/image\/"}}]}},"_links":{"self":[{"href":"https:\/\/coffeelounge.delonghi.com\/de\/wp-json\/wp\/v2\/product\/29304","targetHints":{"allow":["GET"]}}],"collection":[{"href":"https:\/\/coffeelounge.delonghi.com\/de\/wp-json\/wp\/v2\/product"}],"about":[{"href":"https:\/\/coffeelounge.delonghi.com\/de\/wp-json\/wp\/v2\/types\/product"}],"replies":[{"embeddable":true,"href":"https:\/\/coffeelounge.delonghi.com\/de\/wp-json\/wp\/v2\/comments?post=29304"}],"version-history":[{"count":1,"href":"https:\/\/coffeelounge.delonghi.com\/de\/wp-json\/wp\/v2\/product\/29304\/revisions"}],"predecessor-version":[{"id":421767,"href":"https:\/\/coffeelounge.delonghi.com\/de\/wp-json\/wp\/v2\/product\/29304\/revisions\/421767"}],"wp:featuredmedia":[{"embeddable":true,"href":"https:\/\/coffeelounge.delonghi.com\/de\/wp-json\/wp\/v2\/media\/421755"}],"wp:attachment":[{"href":"https:\/\/coffeelounge.delonghi.com\/de\/wp-json\/wp\/v2\/media?parent=29304"}],"wp:term":[{"taxonomy":"product_cat","embeddable":true,"href":"https:\/\/coffeelounge.delonghi.com\/de\/wp-json\/wp\/v2\/product_cat?post=29304"},{"taxonomy":"product_tag","embeddable":true,"href":"https:\/\/coffeelounge.delonghi.com\/de\/wp-json\/wp\/v2\/product_tag?post=29304"}],"curies":[{"name":"wp","href":"https:\/\/api.w.org\/{rel}","templated":true}]}}