{"id":29300,"date":"2021-05-14T15:03:49","date_gmt":"2021-05-14T15:03:49","guid":{"rendered":"https:\/\/coffeelounge.delonghi.com\/?post_type=product&#038;p=29300"},"modified":"2024-03-01T15:42:12","modified_gmt":"2024-03-01T15:42:12","slug":"hoppenworth-ploch-sertao","status":"publish","type":"product","link":"https:\/\/coffeelounge.delonghi.com\/de\/produkt\/hoppenworth-ploch-sertao\/","title":{"rendered":"Sertao"},"content":{"rendered":"<p>Der Sertao ist schon seit einigen Jahren der Kaffee, den unsere G\u00e4ste in unseren Caf\u00e9s in Frankfurt am Main jeden Tag genie\u00dfen! Wir sind ganz begeistert von der Vielf\u00e4ltigkeit dieses Kaffees! Wir genie\u00dfen ihn bei uns als Espresso mit einem Anklang von N\u00fcssen, Spekulatius und Schokolade, im Caf\u00e9 Creme kommt der Sertao ganz leicht daher und eine leichte S\u00e4ure ist erlebbar, und in Milchgetr\u00e4nken oder Hafermilchgetr\u00e4nken erinnert uns der Sertao etwas an eine Nougatcreme! In der 1kg Packung kannst Du den Sertao auch kaufen &#8211; viel Spa\u00df mit unserem Goldblend!<\/p>\n<p>Bereits seit mehreren Jahren begeistern uns die Rohkaffees, die Nazareth Dias Perreira und ihre Kinder und Enkelkinder in der Region Carmo de Minas in Brasilien anbauen. Auf einer H\u00f6he von 1.100m-1.450m und einer Fl\u00e4che von 330 Hektar wird unser Hausespresso angebaut und zwischen Juni und August werden jedes Jahr die Kaffeekirschen unseres Red Bourbon, sowie einiger weiterer Kaffees, die wir schon bei uns im Sortiment begr\u00fc\u00dfen durften, geerntet und anschlie\u00dfend als Natural aufbereitet.\u00a0Eigene Q-Grader der carmocoffees Organisation bewerten die Kaffees direkt vor Ort.<\/p>\n<p>Auch die Geschichte von Nazareth und ihrem Kaffeeanbau ist besonders. Nazareths Mann Jos\u00e9 Isidro machte zun\u00e4chst eine Ausbildung als Zahnarzt und zog nach dem fr\u00fchen Tod seiner Mutter zur\u00fcck nach Hause, zur Sertao Farm, 1949 heirateten Nazareth und er und bekamen vier Kinder. Francisco, Luiz Paulo, Glycia und Sandra verlie\u00dfen alle f\u00fcr Ihre Ausbildungen auf Wunsch der Eltern die Farm. Doch sie kamen alle wieder zur\u00fcck und haben leitende Funktionen im Familienbetrieb. Langsam wird das Zepter an die Enkelkinder von Nazareth abgegeben, die bisher Erfahrungen in allen Teilen der Lieferkette des Kaffees sammeln konnten.<\/p>\n<p>Der Goldblend bietet also nicht nur die Geschichte eines Kaffees aus Brasilien, sondern zeigt auch den Einfluss den Nazareths Familie \u00fcber die Jahrzehnte hinweg auf den Kaffeeanbau in Carmo de Minas hatten. Wir genie\u00dfen die professionelle Zusammenarbeit mit der Familie und freuen uns jedes Jahr darauf, wenn die ersten S\u00e4cke der neuen Ernte bei uns in der R\u00f6sterei eintreffen!<\/p>\n","protected":false},"excerpt":{"rendered":"<p>Der Sertao ist schon seit einigen Jahren der Kaffee, den unsere G\u00e4ste in unseren Caf\u00e9s in Frankfurt am Main jeden Tag genie\u00dfen! Wir sind ganz begeistert von der Vielf\u00e4ltigkeit dieses Kaffees! Wir genie\u00dfen ihn bei uns als Espresso mit einem Anklang von N\u00fcssen, Spekulatius und Schokolade, im Caf\u00e9 Creme kommt der Sertao ganz leicht daher [&hellip;]<\/p>\n","protected":false},"featured_media":421742,"comment_status":"closed","ping_status":"closed","template":"","meta":{"_acf_changed":false},"product_cat":[262,261],"product_tag":[],"class_list":{"0":"post-29300","1":"product","2":"type-product","3":"status-publish","4":"has-post-thumbnail","6":"product_cat-alle-kaffees","7":"product_cat-single-origin","9":"first","10":"instock","11":"taxable","12":"shipping-taxable","13":"purchasable","14":"product-type-variable"},"acf":[],"yoast_head":"<!-- This site is optimized with the Yoast SEO Premium plugin v24.5 (Yoast SEO v24.5) - https:\/\/yoast.com\/wordpress\/plugins\/seo\/ -->\n<title>Sertao | Coffee Lounge De&#039;Longhi<\/title>\n<meta name=\"description\" content=\"Der Sertao ist schon seit einigen Jahren Dauerbrenner der R\u00f6sterei Hoppenworth &amp; Ploch in Frankfurt am Main. Mehr dazu in der Coffee Lounge.\" \/>\n<meta name=\"robots\" content=\"index, follow, max-snippet:-1, max-image-preview:large, max-video-preview:-1\" \/>\n<meta name=\"twitter:card\" content=\"summary_large_image\" \/>\n<meta name=\"twitter:title\" content=\"Sertao | Coffee Lounge De&#039;Longhi\" \/>\n<meta name=\"twitter:description\" content=\"Der Sertao ist schon seit einigen Jahren Dauerbrenner der R\u00f6sterei Hoppenworth &amp; Ploch in Frankfurt am Main. Mehr dazu in der Coffee Lounge.\" \/>\n<meta name=\"twitter:image\" content=\"https:\/\/coffeelounge.delonghi.com\/wp-content\/uploads\/2021\/05\/sertao.png\" \/>\n<script type=\"application\/ld+json\" class=\"yoast-schema-graph\">{\"@context\":\"https:\/\/schema.org\",\"@graph\":[{\"@type\":\"WebPage\",\"@id\":\"https:\/\/coffeelounge.delonghi.com\/de\/produkt\/hoppenworth-ploch-sertao\/\",\"url\":\"https:\/\/coffeelounge.delonghi.com\/de\/produkt\/hoppenworth-ploch-sertao\/\",\"name\":\"Sertao | Coffee Lounge De&#039;Longhi\",\"isPartOf\":{\"@id\":\"https:\/\/coffeelounge.delonghi.com\/de\/#website\"},\"primaryImageOfPage\":{\"@id\":\"https:\/\/coffeelounge.delonghi.com\/de\/produkt\/hoppenworth-ploch-sertao\/#primaryimage\"},\"image\":{\"@id\":\"https:\/\/coffeelounge.delonghi.com\/de\/produkt\/hoppenworth-ploch-sertao\/#primaryimage\"},\"thumbnailUrl\":\"https:\/\/coffeelounge.delonghi.com\/wp-content\/uploads\/2021\/05\/sertao.png\",\"datePublished\":\"2021-05-14T15:03:49+00:00\",\"dateModified\":\"2024-03-01T15:42:12+00:00\",\"description\":\"Der Sertao ist schon seit einigen Jahren Dauerbrenner der R\u00f6sterei Hoppenworth & Ploch in Frankfurt am Main. Mehr dazu in der Coffee Lounge.\",\"breadcrumb\":{\"@id\":\"https:\/\/coffeelounge.delonghi.com\/de\/produkt\/hoppenworth-ploch-sertao\/#breadcrumb\"},\"inLanguage\":\"de\",\"potentialAction\":[{\"@type\":\"ReadAction\",\"target\":[\"https:\/\/coffeelounge.delonghi.com\/de\/produkt\/hoppenworth-ploch-sertao\/\"]}]},{\"@type\":\"ImageObject\",\"inLanguage\":\"de\",\"@id\":\"https:\/\/coffeelounge.delonghi.com\/de\/produkt\/hoppenworth-ploch-sertao\/#primaryimage\",\"url\":\"https:\/\/coffeelounge.delonghi.com\/wp-content\/uploads\/2021\/05\/sertao.png\",\"contentUrl\":\"https:\/\/coffeelounge.delonghi.com\/wp-content\/uploads\/2021\/05\/sertao.png\",\"width\":450,\"height\":450},{\"@type\":\"BreadcrumbList\",\"@id\":\"https:\/\/coffeelounge.delonghi.com\/de\/produkt\/hoppenworth-ploch-sertao\/#breadcrumb\",\"itemListElement\":[{\"@type\":\"ListItem\",\"position\":1,\"name\":\"Home\",\"item\":\"https:\/\/coffeelounge.delonghi.com\/de\/\"},{\"@type\":\"ListItem\",\"position\":2,\"name\":\"Produkte\",\"item\":\"https:\/\/coffeelounge.delonghi.com\/de\/produkte\/\"},{\"@type\":\"ListItem\",\"position\":3,\"name\":\"Sertao\"}]},{\"@type\":\"WebSite\",\"@id\":\"https:\/\/coffeelounge.delonghi.com\/de\/#website\",\"url\":\"https:\/\/coffeelounge.delonghi.com\/de\/\",\"name\":\"De&#039;Longhi\",\"description\":\"Coffee Lounge\",\"publisher\":{\"@id\":\"https:\/\/coffeelounge.delonghi.com\/de\/#organization\"},\"potentialAction\":[{\"@type\":\"SearchAction\",\"target\":{\"@type\":\"EntryPoint\",\"urlTemplate\":\"https:\/\/coffeelounge.delonghi.com\/de\/?s={search_term_string}\"},\"query-input\":{\"@type\":\"PropertyValueSpecification\",\"valueRequired\":true,\"valueName\":\"search_term_string\"}}],\"inLanguage\":\"de\"},{\"@type\":\"Organization\",\"@id\":\"https:\/\/coffeelounge.delonghi.com\/de\/#organization\",\"name\":\"De'Longhi Coffee Lounge\",\"url\":\"https:\/\/coffeelounge.delonghi.com\/de\/\",\"logo\":{\"@type\":\"ImageObject\",\"inLanguage\":\"de\",\"@id\":\"https:\/\/coffeelounge.delonghi.com\/de\/#\/schema\/logo\/image\/\",\"url\":\"https:\/\/coffeelounge.delonghi.com\/wp-content\/uploads\/2020\/05\/delonghi-coffee-lounge-logo-nederland.png\",\"contentUrl\":\"https:\/\/coffeelounge.delonghi.com\/wp-content\/uploads\/2020\/05\/delonghi-coffee-lounge-logo-nederland.png\",\"width\":2337,\"height\":724,\"caption\":\"De'Longhi Coffee Lounge\"},\"image\":{\"@id\":\"https:\/\/coffeelounge.delonghi.com\/de\/#\/schema\/logo\/image\/\"}}]}<\/script>\n<!-- \/ Yoast SEO Premium plugin. -->","yoast_head_json":{"title":"Sertao | Coffee Lounge De&#039;Longhi","description":"Der Sertao ist schon seit einigen Jahren Dauerbrenner der R\u00f6sterei Hoppenworth & Ploch in Frankfurt am Main. Mehr dazu in der Coffee Lounge.","robots":{"index":"index","follow":"follow","max-snippet":"max-snippet:-1","max-image-preview":"max-image-preview:large","max-video-preview":"max-video-preview:-1"},"twitter_card":"summary_large_image","twitter_title":"Sertao | Coffee Lounge De&#039;Longhi","twitter_description":"Der Sertao ist schon seit einigen Jahren Dauerbrenner der R\u00f6sterei Hoppenworth & Ploch in Frankfurt am Main. Mehr dazu in der Coffee Lounge.","twitter_image":"https:\/\/coffeelounge.delonghi.com\/wp-content\/uploads\/2021\/05\/sertao.png","schema":{"@context":"https:\/\/schema.org","@graph":[{"@type":"WebPage","@id":"https:\/\/coffeelounge.delonghi.com\/de\/produkt\/hoppenworth-ploch-sertao\/","url":"https:\/\/coffeelounge.delonghi.com\/de\/produkt\/hoppenworth-ploch-sertao\/","name":"Sertao | Coffee Lounge De&#039;Longhi","isPartOf":{"@id":"https:\/\/coffeelounge.delonghi.com\/de\/#website"},"primaryImageOfPage":{"@id":"https:\/\/coffeelounge.delonghi.com\/de\/produkt\/hoppenworth-ploch-sertao\/#primaryimage"},"image":{"@id":"https:\/\/coffeelounge.delonghi.com\/de\/produkt\/hoppenworth-ploch-sertao\/#primaryimage"},"thumbnailUrl":"https:\/\/coffeelounge.delonghi.com\/wp-content\/uploads\/2021\/05\/sertao.png","datePublished":"2021-05-14T15:03:49+00:00","dateModified":"2024-03-01T15:42:12+00:00","description":"Der Sertao ist schon seit einigen Jahren Dauerbrenner der R\u00f6sterei Hoppenworth & Ploch in Frankfurt am Main. Mehr dazu in der Coffee Lounge.","breadcrumb":{"@id":"https:\/\/coffeelounge.delonghi.com\/de\/produkt\/hoppenworth-ploch-sertao\/#breadcrumb"},"inLanguage":"de","potentialAction":[{"@type":"ReadAction","target":["https:\/\/coffeelounge.delonghi.com\/de\/produkt\/hoppenworth-ploch-sertao\/"]}]},{"@type":"ImageObject","inLanguage":"de","@id":"https:\/\/coffeelounge.delonghi.com\/de\/produkt\/hoppenworth-ploch-sertao\/#primaryimage","url":"https:\/\/coffeelounge.delonghi.com\/wp-content\/uploads\/2021\/05\/sertao.png","contentUrl":"https:\/\/coffeelounge.delonghi.com\/wp-content\/uploads\/2021\/05\/sertao.png","width":450,"height":450},{"@type":"BreadcrumbList","@id":"https:\/\/coffeelounge.delonghi.com\/de\/produkt\/hoppenworth-ploch-sertao\/#breadcrumb","itemListElement":[{"@type":"ListItem","position":1,"name":"Home","item":"https:\/\/coffeelounge.delonghi.com\/de\/"},{"@type":"ListItem","position":2,"name":"Produkte","item":"https:\/\/coffeelounge.delonghi.com\/de\/produkte\/"},{"@type":"ListItem","position":3,"name":"Sertao"}]},{"@type":"WebSite","@id":"https:\/\/coffeelounge.delonghi.com\/de\/#website","url":"https:\/\/coffeelounge.delonghi.com\/de\/","name":"De&#039;Longhi","description":"Coffee Lounge","publisher":{"@id":"https:\/\/coffeelounge.delonghi.com\/de\/#organization"},"potentialAction":[{"@type":"SearchAction","target":{"@type":"EntryPoint","urlTemplate":"https:\/\/coffeelounge.delonghi.com\/de\/?s={search_term_string}"},"query-input":{"@type":"PropertyValueSpecification","valueRequired":true,"valueName":"search_term_string"}}],"inLanguage":"de"},{"@type":"Organization","@id":"https:\/\/coffeelounge.delonghi.com\/de\/#organization","name":"De'Longhi Coffee Lounge","url":"https:\/\/coffeelounge.delonghi.com\/de\/","logo":{"@type":"ImageObject","inLanguage":"de","@id":"https:\/\/coffeelounge.delonghi.com\/de\/#\/schema\/logo\/image\/","url":"https:\/\/coffeelounge.delonghi.com\/wp-content\/uploads\/2020\/05\/delonghi-coffee-lounge-logo-nederland.png","contentUrl":"https:\/\/coffeelounge.delonghi.com\/wp-content\/uploads\/2020\/05\/delonghi-coffee-lounge-logo-nederland.png","width":2337,"height":724,"caption":"De'Longhi Coffee Lounge"},"image":{"@id":"https:\/\/coffeelounge.delonghi.com\/de\/#\/schema\/logo\/image\/"}}]}},"_links":{"self":[{"href":"https:\/\/coffeelounge.delonghi.com\/de\/wp-json\/wp\/v2\/product\/29300","targetHints":{"allow":["GET"]}}],"collection":[{"href":"https:\/\/coffeelounge.delonghi.com\/de\/wp-json\/wp\/v2\/product"}],"about":[{"href":"https:\/\/coffeelounge.delonghi.com\/de\/wp-json\/wp\/v2\/types\/product"}],"replies":[{"embeddable":true,"href":"https:\/\/coffeelounge.delonghi.com\/de\/wp-json\/wp\/v2\/comments?post=29300"}],"version-history":[{"count":1,"href":"https:\/\/coffeelounge.delonghi.com\/de\/wp-json\/wp\/v2\/product\/29300\/revisions"}],"predecessor-version":[{"id":421754,"href":"https:\/\/coffeelounge.delonghi.com\/de\/wp-json\/wp\/v2\/product\/29300\/revisions\/421754"}],"wp:featuredmedia":[{"embeddable":true,"href":"https:\/\/coffeelounge.delonghi.com\/de\/wp-json\/wp\/v2\/media\/421742"}],"wp:attachment":[{"href":"https:\/\/coffeelounge.delonghi.com\/de\/wp-json\/wp\/v2\/media?parent=29300"}],"wp:term":[{"taxonomy":"product_cat","embeddable":true,"href":"https:\/\/coffeelounge.delonghi.com\/de\/wp-json\/wp\/v2\/product_cat?post=29300"},{"taxonomy":"product_tag","embeddable":true,"href":"https:\/\/coffeelounge.delonghi.com\/de\/wp-json\/wp\/v2\/product_tag?post=29300"}],"curies":[{"name":"wp","href":"https:\/\/api.w.org\/{rel}","templated":true}]}}