{"id":29296,"date":"2021-05-14T14:55:02","date_gmt":"2021-05-14T14:55:02","guid":{"rendered":"https:\/\/coffeelounge.delonghi.com\/?post_type=product&#038;p=29296"},"modified":"2024-03-04T09:30:40","modified_gmt":"2024-03-04T09:30:40","slug":"hoppenworth-ploch-lambari","status":"publish","type":"product","link":"https:\/\/coffeelounge.delonghi.com\/de\/produkt\/hoppenworth-ploch-lambari\/","title":{"rendered":"Lambari"},"content":{"rendered":"<p>Kaffee kann so vielf\u00e4ltig sein und wenn wir Kaffees probieren, haben wir oft Assoziationen zu Geschm\u00e4ckern, die tief in unseren K\u00f6pfen verfestigt sind.<\/p>\n<p>Als wir den Lambari in unserem Blindcupping das erste Mal auf dem Tisch hatten, f\u00fchlten wir uns an eine klassische Trinkschokolade erinnert, der Geschmack zartbitterer Schokolade und der S\u00fc\u00dfe Geschmack von Karamell begeistern uns seit jeher. In unserem Sortiment, das viele hell ger\u00f6stete und saisonale Kaffees beinhaltet, ist der Lambari unsere Konstante auf der anderen Seite.<\/p>\n<p>Sehr schonend ger\u00f6stet in unserem Trommelr\u00f6ster bei niedrigen Temperaturen bei circa 18 Minuten, schmeckt man einen klassischeren Espresso Geschmack mit viel K\u00f6rper!<\/p>\n<p>Der Lambari kommt aus Brasilien und hier landen zwei verschiedene Variet\u00e4ten in unserer R\u00f6sttrommel, Bourbon und Mundo Novo. Die Anbauregion um Lambari im brasilianischen Bundesstaat Minas Gerais ist bekannt f\u00fcr Nachhaltigkeit und konstante Qualit\u00e4t. Der Kaffee wird auf 1.000-1.300m von verschiedenen Kleinbauern angebaut und ist Teil des Coffee Kids Programms, d.h. mit dem Kauf dieses Kaffees unterst\u00fctzt Du CoffeeKids.org. Wir freuen uns sehr den Lambari bei uns im Portfolio zu haben und w\u00fcnschen Dir viel Vergn\u00fcgen beim Einstellen des Espresso!<\/p>\n","protected":false},"excerpt":{"rendered":"<p>Kaffee kann so vielf\u00e4ltig sein und wenn wir Kaffees probieren, haben wir oft Assoziationen zu Geschm\u00e4ckern, die tief in unseren K\u00f6pfen verfestigt sind. Als wir den Lambari in unserem Blindcupping das erste Mal auf dem Tisch hatten, f\u00fchlten wir uns an eine klassische Trinkschokolade erinnert, der Geschmack zartbitterer Schokolade und der S\u00fc\u00dfe Geschmack von Karamell [&hellip;]<\/p>\n","protected":false},"featured_media":421729,"comment_status":"closed","ping_status":"closed","template":"","meta":{"_acf_changed":false},"product_cat":[262,261],"product_tag":[],"class_list":{"0":"post-29296","1":"product","2":"type-product","3":"status-publish","4":"has-post-thumbnail","6":"product_cat-alle-kaffees","7":"product_cat-single-origin","9":"first","10":"instock","11":"taxable","12":"shipping-taxable","13":"purchasable","14":"product-type-variable","15":"has-default-attributes"},"acf":[],"yoast_head":"<!-- This site is optimized with the Yoast SEO Premium plugin v24.5 (Yoast SEO v24.5) - https:\/\/yoast.com\/wordpress\/plugins\/seo\/ -->\n<title>Lambari | Coffee Lounge De&#039;Longhi<\/title>\n<meta name=\"description\" content=\"Lambari ist ein klassischer Espresso mit viel K\u00f6rper von Hoppenworth &amp; Ploch. Mehr dazu gibt es in der Coffee Lounge.\" \/>\n<meta name=\"robots\" content=\"index, follow, max-snippet:-1, max-image-preview:large, max-video-preview:-1\" \/>\n<meta name=\"twitter:card\" content=\"summary_large_image\" \/>\n<meta name=\"twitter:title\" content=\"Lambari | Coffee Lounge De&#039;Longhi\" \/>\n<meta name=\"twitter:description\" content=\"Lambari ist ein klassischer Espresso mit viel K\u00f6rper von Hoppenworth &amp; Ploch. Mehr dazu gibt es in der Coffee Lounge.\" \/>\n<meta name=\"twitter:image\" content=\"https:\/\/coffeelounge.delonghi.com\/wp-content\/uploads\/2021\/05\/lambari.png\" \/>\n<script type=\"application\/ld+json\" class=\"yoast-schema-graph\">{\"@context\":\"https:\/\/schema.org\",\"@graph\":[{\"@type\":\"WebPage\",\"@id\":\"https:\/\/coffeelounge.delonghi.com\/de\/produkt\/hoppenworth-ploch-lambari\/\",\"url\":\"https:\/\/coffeelounge.delonghi.com\/de\/produkt\/hoppenworth-ploch-lambari\/\",\"name\":\"Lambari | Coffee Lounge De&#039;Longhi\",\"isPartOf\":{\"@id\":\"https:\/\/coffeelounge.delonghi.com\/de\/#website\"},\"primaryImageOfPage\":{\"@id\":\"https:\/\/coffeelounge.delonghi.com\/de\/produkt\/hoppenworth-ploch-lambari\/#primaryimage\"},\"image\":{\"@id\":\"https:\/\/coffeelounge.delonghi.com\/de\/produkt\/hoppenworth-ploch-lambari\/#primaryimage\"},\"thumbnailUrl\":\"https:\/\/coffeelounge.delonghi.com\/wp-content\/uploads\/2021\/05\/lambari.png\",\"datePublished\":\"2021-05-14T14:55:02+00:00\",\"dateModified\":\"2024-03-04T09:30:40+00:00\",\"description\":\"Lambari ist ein klassischer Espresso mit viel K\u00f6rper von Hoppenworth & Ploch. Mehr dazu gibt es in der Coffee Lounge.\",\"breadcrumb\":{\"@id\":\"https:\/\/coffeelounge.delonghi.com\/de\/produkt\/hoppenworth-ploch-lambari\/#breadcrumb\"},\"inLanguage\":\"de\",\"potentialAction\":[{\"@type\":\"ReadAction\",\"target\":[\"https:\/\/coffeelounge.delonghi.com\/de\/produkt\/hoppenworth-ploch-lambari\/\"]}]},{\"@type\":\"ImageObject\",\"inLanguage\":\"de\",\"@id\":\"https:\/\/coffeelounge.delonghi.com\/de\/produkt\/hoppenworth-ploch-lambari\/#primaryimage\",\"url\":\"https:\/\/coffeelounge.delonghi.com\/wp-content\/uploads\/2021\/05\/lambari.png\",\"contentUrl\":\"https:\/\/coffeelounge.delonghi.com\/wp-content\/uploads\/2021\/05\/lambari.png\",\"width\":450,\"height\":450},{\"@type\":\"BreadcrumbList\",\"@id\":\"https:\/\/coffeelounge.delonghi.com\/de\/produkt\/hoppenworth-ploch-lambari\/#breadcrumb\",\"itemListElement\":[{\"@type\":\"ListItem\",\"position\":1,\"name\":\"Home\",\"item\":\"https:\/\/coffeelounge.delonghi.com\/de\/\"},{\"@type\":\"ListItem\",\"position\":2,\"name\":\"Produkte\",\"item\":\"https:\/\/coffeelounge.delonghi.com\/de\/produkte\/\"},{\"@type\":\"ListItem\",\"position\":3,\"name\":\"Lambari\"}]},{\"@type\":\"WebSite\",\"@id\":\"https:\/\/coffeelounge.delonghi.com\/de\/#website\",\"url\":\"https:\/\/coffeelounge.delonghi.com\/de\/\",\"name\":\"De&#039;Longhi\",\"description\":\"Coffee Lounge\",\"publisher\":{\"@id\":\"https:\/\/coffeelounge.delonghi.com\/de\/#organization\"},\"potentialAction\":[{\"@type\":\"SearchAction\",\"target\":{\"@type\":\"EntryPoint\",\"urlTemplate\":\"https:\/\/coffeelounge.delonghi.com\/de\/?s={search_term_string}\"},\"query-input\":{\"@type\":\"PropertyValueSpecification\",\"valueRequired\":true,\"valueName\":\"search_term_string\"}}],\"inLanguage\":\"de\"},{\"@type\":\"Organization\",\"@id\":\"https:\/\/coffeelounge.delonghi.com\/de\/#organization\",\"name\":\"De'Longhi Coffee Lounge\",\"url\":\"https:\/\/coffeelounge.delonghi.com\/de\/\",\"logo\":{\"@type\":\"ImageObject\",\"inLanguage\":\"de\",\"@id\":\"https:\/\/coffeelounge.delonghi.com\/de\/#\/schema\/logo\/image\/\",\"url\":\"https:\/\/coffeelounge.delonghi.com\/wp-content\/uploads\/2020\/05\/delonghi-coffee-lounge-logo-nederland.png\",\"contentUrl\":\"https:\/\/coffeelounge.delonghi.com\/wp-content\/uploads\/2020\/05\/delonghi-coffee-lounge-logo-nederland.png\",\"width\":2337,\"height\":724,\"caption\":\"De'Longhi Coffee Lounge\"},\"image\":{\"@id\":\"https:\/\/coffeelounge.delonghi.com\/de\/#\/schema\/logo\/image\/\"}}]}<\/script>\n<!-- \/ Yoast SEO Premium plugin. -->","yoast_head_json":{"title":"Lambari | Coffee Lounge De&#039;Longhi","description":"Lambari ist ein klassischer Espresso mit viel K\u00f6rper von Hoppenworth & Ploch. Mehr dazu gibt es in der Coffee Lounge.","robots":{"index":"index","follow":"follow","max-snippet":"max-snippet:-1","max-image-preview":"max-image-preview:large","max-video-preview":"max-video-preview:-1"},"twitter_card":"summary_large_image","twitter_title":"Lambari | Coffee Lounge De&#039;Longhi","twitter_description":"Lambari ist ein klassischer Espresso mit viel K\u00f6rper von Hoppenworth & Ploch. Mehr dazu gibt es in der Coffee Lounge.","twitter_image":"https:\/\/coffeelounge.delonghi.com\/wp-content\/uploads\/2021\/05\/lambari.png","schema":{"@context":"https:\/\/schema.org","@graph":[{"@type":"WebPage","@id":"https:\/\/coffeelounge.delonghi.com\/de\/produkt\/hoppenworth-ploch-lambari\/","url":"https:\/\/coffeelounge.delonghi.com\/de\/produkt\/hoppenworth-ploch-lambari\/","name":"Lambari | Coffee Lounge De&#039;Longhi","isPartOf":{"@id":"https:\/\/coffeelounge.delonghi.com\/de\/#website"},"primaryImageOfPage":{"@id":"https:\/\/coffeelounge.delonghi.com\/de\/produkt\/hoppenworth-ploch-lambari\/#primaryimage"},"image":{"@id":"https:\/\/coffeelounge.delonghi.com\/de\/produkt\/hoppenworth-ploch-lambari\/#primaryimage"},"thumbnailUrl":"https:\/\/coffeelounge.delonghi.com\/wp-content\/uploads\/2021\/05\/lambari.png","datePublished":"2021-05-14T14:55:02+00:00","dateModified":"2024-03-04T09:30:40+00:00","description":"Lambari ist ein klassischer Espresso mit viel K\u00f6rper von Hoppenworth & Ploch. Mehr dazu gibt es in der Coffee Lounge.","breadcrumb":{"@id":"https:\/\/coffeelounge.delonghi.com\/de\/produkt\/hoppenworth-ploch-lambari\/#breadcrumb"},"inLanguage":"de","potentialAction":[{"@type":"ReadAction","target":["https:\/\/coffeelounge.delonghi.com\/de\/produkt\/hoppenworth-ploch-lambari\/"]}]},{"@type":"ImageObject","inLanguage":"de","@id":"https:\/\/coffeelounge.delonghi.com\/de\/produkt\/hoppenworth-ploch-lambari\/#primaryimage","url":"https:\/\/coffeelounge.delonghi.com\/wp-content\/uploads\/2021\/05\/lambari.png","contentUrl":"https:\/\/coffeelounge.delonghi.com\/wp-content\/uploads\/2021\/05\/lambari.png","width":450,"height":450},{"@type":"BreadcrumbList","@id":"https:\/\/coffeelounge.delonghi.com\/de\/produkt\/hoppenworth-ploch-lambari\/#breadcrumb","itemListElement":[{"@type":"ListItem","position":1,"name":"Home","item":"https:\/\/coffeelounge.delonghi.com\/de\/"},{"@type":"ListItem","position":2,"name":"Produkte","item":"https:\/\/coffeelounge.delonghi.com\/de\/produkte\/"},{"@type":"ListItem","position":3,"name":"Lambari"}]},{"@type":"WebSite","@id":"https:\/\/coffeelounge.delonghi.com\/de\/#website","url":"https:\/\/coffeelounge.delonghi.com\/de\/","name":"De&#039;Longhi","description":"Coffee Lounge","publisher":{"@id":"https:\/\/coffeelounge.delonghi.com\/de\/#organization"},"potentialAction":[{"@type":"SearchAction","target":{"@type":"EntryPoint","urlTemplate":"https:\/\/coffeelounge.delonghi.com\/de\/?s={search_term_string}"},"query-input":{"@type":"PropertyValueSpecification","valueRequired":true,"valueName":"search_term_string"}}],"inLanguage":"de"},{"@type":"Organization","@id":"https:\/\/coffeelounge.delonghi.com\/de\/#organization","name":"De'Longhi Coffee Lounge","url":"https:\/\/coffeelounge.delonghi.com\/de\/","logo":{"@type":"ImageObject","inLanguage":"de","@id":"https:\/\/coffeelounge.delonghi.com\/de\/#\/schema\/logo\/image\/","url":"https:\/\/coffeelounge.delonghi.com\/wp-content\/uploads\/2020\/05\/delonghi-coffee-lounge-logo-nederland.png","contentUrl":"https:\/\/coffeelounge.delonghi.com\/wp-content\/uploads\/2020\/05\/delonghi-coffee-lounge-logo-nederland.png","width":2337,"height":724,"caption":"De'Longhi Coffee Lounge"},"image":{"@id":"https:\/\/coffeelounge.delonghi.com\/de\/#\/schema\/logo\/image\/"}}]}},"_links":{"self":[{"href":"https:\/\/coffeelounge.delonghi.com\/de\/wp-json\/wp\/v2\/product\/29296","targetHints":{"allow":["GET"]}}],"collection":[{"href":"https:\/\/coffeelounge.delonghi.com\/de\/wp-json\/wp\/v2\/product"}],"about":[{"href":"https:\/\/coffeelounge.delonghi.com\/de\/wp-json\/wp\/v2\/types\/product"}],"replies":[{"embeddable":true,"href":"https:\/\/coffeelounge.delonghi.com\/de\/wp-json\/wp\/v2\/comments?post=29296"}],"version-history":[{"count":2,"href":"https:\/\/coffeelounge.delonghi.com\/de\/wp-json\/wp\/v2\/product\/29296\/revisions"}],"predecessor-version":[{"id":422154,"href":"https:\/\/coffeelounge.delonghi.com\/de\/wp-json\/wp\/v2\/product\/29296\/revisions\/422154"}],"wp:featuredmedia":[{"embeddable":true,"href":"https:\/\/coffeelounge.delonghi.com\/de\/wp-json\/wp\/v2\/media\/421729"}],"wp:attachment":[{"href":"https:\/\/coffeelounge.delonghi.com\/de\/wp-json\/wp\/v2\/media?parent=29296"}],"wp:term":[{"taxonomy":"product_cat","embeddable":true,"href":"https:\/\/coffeelounge.delonghi.com\/de\/wp-json\/wp\/v2\/product_cat?post=29296"},{"taxonomy":"product_tag","embeddable":true,"href":"https:\/\/coffeelounge.delonghi.com\/de\/wp-json\/wp\/v2\/product_tag?post=29296"}],"curies":[{"name":"wp","href":"https:\/\/api.w.org\/{rel}","templated":true}]}}