{"id":29288,"date":"2021-05-14T14:36:47","date_gmt":"2021-05-14T14:36:47","guid":{"rendered":"https:\/\/coffeelounge.delonghi.com\/?post_type=product&#038;p=29288"},"modified":"2024-03-04T09:30:50","modified_gmt":"2024-03-04T09:30:50","slug":"hoppenworth-ploch-natural-blend","status":"publish","type":"product","link":"https:\/\/coffeelounge.delonghi.com\/de\/produkt\/hoppenworth-ploch-natural-blend\/","title":{"rendered":"Natural Blend"},"content":{"rendered":"<p>Einen Blend zu kreieren ist f\u00fcr uns immer eine spannende Herausforderungen. Wir wollen die St\u00e4rken der jeweiligen Urspr\u00fcnge aufzeigen und gleichzeitig eine Kaffeemischung erschaffen, die die Besonderheiten der Kaffees miteinander verbindet. Blends haben oft den Vorteil, dass sie im Handling einfacher sind, als sortenreine Kaffees, da der eine Kaffee das ausgleichen kann, was dem anderen eventuell fehlt. Bei dem Natural Blend wollen wir die St\u00e4rken von nat\u00fcrlich aufbereiteten Kaffees im Espresso betonen.<\/p>\n<p>Durch die Trocknung sind Naturals oft recht s\u00fc\u00df und grad in der Zubereitung mit Druck und in Kombination mit Milch oder Milchalternativen kommt diese S\u00fc\u00dfe sehr gut zum Vorschein. F\u00fcr unseren Natural Blend haben wir uns entschieden einen brasilianischen Kaffee als Grundlage zu nehmen, da wir hier einen sch\u00f6nen vollmundigen schokoladigen Geschmack als Basis haben &#8211; doch das alleine reicht uns nicht! Also haben wir rumexperimentiert und verkostet und einen wundersch\u00f6nen \u00e4thiopischen Natural gefunden, der beerige Noten in unseren Blend beibringt.<\/p>\n<p>Geschmacklich f\u00fchlen wir uns an Schokolade und Waldbeeren erinnert und nun stell Dir das einmal in einem Cappuccino oder Flat White vor! Wir w\u00fcnschen viel Spa\u00df mit unserem Kaffee beim Ausprobieren im Vollautomaten, der Siebtr\u00e4germaschine oder dem Herdk\u00e4nnchen.<\/p>\n","protected":false},"excerpt":{"rendered":"<p>Einen Blend zu kreieren ist f\u00fcr uns immer eine spannende Herausforderungen. Wir wollen die St\u00e4rken der jeweiligen Urspr\u00fcnge aufzeigen und gleichzeitig eine Kaffeemischung erschaffen, die die Besonderheiten der Kaffees miteinander verbindet. Blends haben oft den Vorteil, dass sie im Handling einfacher sind, als sortenreine Kaffees, da der eine Kaffee das ausgleichen kann, was dem anderen [&hellip;]<\/p>\n","protected":false},"featured_media":421716,"comment_status":"closed","ping_status":"closed","template":"","meta":{"_acf_changed":false},"product_cat":[262,364],"product_tag":[],"class_list":{"0":"post-29288","1":"product","2":"type-product","3":"status-publish","4":"has-post-thumbnail","6":"product_cat-alle-kaffees","7":"product_cat-blend","9":"first","10":"instock","11":"taxable","12":"shipping-taxable","13":"purchasable","14":"product-type-variable"},"acf":[],"yoast_head":"<!-- This site is optimized with the Yoast SEO Premium plugin v24.5 (Yoast SEO v24.5) - https:\/\/yoast.com\/wordpress\/plugins\/seo\/ -->\n<title>Natural Blend | Coffee Lounge De&#039;Longhi<\/title>\n<meta name=\"description\" content=\"Die R\u00f6sterei Hoppenworth &amp; Ploch m\u00f6chte beim Natural Blend die St\u00e4rken von nat\u00fcrlich aufbereiteten Kaffees im Espresso betonen.\" \/>\n<meta name=\"robots\" content=\"index, follow, max-snippet:-1, max-image-preview:large, max-video-preview:-1\" \/>\n<meta name=\"twitter:card\" content=\"summary_large_image\" \/>\n<meta name=\"twitter:title\" content=\"Natural Blend | Coffee Lounge De&#039;Longhi\" \/>\n<meta name=\"twitter:description\" content=\"Die R\u00f6sterei Hoppenworth &amp; Ploch m\u00f6chte beim Natural Blend die St\u00e4rken von nat\u00fcrlich aufbereiteten Kaffees im Espresso betonen.\" \/>\n<meta name=\"twitter:image\" content=\"https:\/\/coffeelounge.delonghi.com\/wp-content\/uploads\/2021\/05\/natural_blend.png\" \/>\n<script type=\"application\/ld+json\" class=\"yoast-schema-graph\">{\"@context\":\"https:\/\/schema.org\",\"@graph\":[{\"@type\":\"WebPage\",\"@id\":\"https:\/\/coffeelounge.delonghi.com\/de\/produkt\/hoppenworth-ploch-natural-blend\/\",\"url\":\"https:\/\/coffeelounge.delonghi.com\/de\/produkt\/hoppenworth-ploch-natural-blend\/\",\"name\":\"Natural Blend | Coffee Lounge De&#039;Longhi\",\"isPartOf\":{\"@id\":\"https:\/\/coffeelounge.delonghi.com\/de\/#website\"},\"primaryImageOfPage\":{\"@id\":\"https:\/\/coffeelounge.delonghi.com\/de\/produkt\/hoppenworth-ploch-natural-blend\/#primaryimage\"},\"image\":{\"@id\":\"https:\/\/coffeelounge.delonghi.com\/de\/produkt\/hoppenworth-ploch-natural-blend\/#primaryimage\"},\"thumbnailUrl\":\"https:\/\/coffeelounge.delonghi.com\/wp-content\/uploads\/2021\/05\/natural_blend.png\",\"datePublished\":\"2021-05-14T14:36:47+00:00\",\"dateModified\":\"2024-03-04T09:30:50+00:00\",\"description\":\"Die R\u00f6sterei Hoppenworth & Ploch m\u00f6chte beim Natural Blend die St\u00e4rken von nat\u00fcrlich aufbereiteten Kaffees im Espresso betonen.\",\"breadcrumb\":{\"@id\":\"https:\/\/coffeelounge.delonghi.com\/de\/produkt\/hoppenworth-ploch-natural-blend\/#breadcrumb\"},\"inLanguage\":\"de\",\"potentialAction\":[{\"@type\":\"ReadAction\",\"target\":[\"https:\/\/coffeelounge.delonghi.com\/de\/produkt\/hoppenworth-ploch-natural-blend\/\"]}]},{\"@type\":\"ImageObject\",\"inLanguage\":\"de\",\"@id\":\"https:\/\/coffeelounge.delonghi.com\/de\/produkt\/hoppenworth-ploch-natural-blend\/#primaryimage\",\"url\":\"https:\/\/coffeelounge.delonghi.com\/wp-content\/uploads\/2021\/05\/natural_blend.png\",\"contentUrl\":\"https:\/\/coffeelounge.delonghi.com\/wp-content\/uploads\/2021\/05\/natural_blend.png\",\"width\":450,\"height\":450},{\"@type\":\"BreadcrumbList\",\"@id\":\"https:\/\/coffeelounge.delonghi.com\/de\/produkt\/hoppenworth-ploch-natural-blend\/#breadcrumb\",\"itemListElement\":[{\"@type\":\"ListItem\",\"position\":1,\"name\":\"Home\",\"item\":\"https:\/\/coffeelounge.delonghi.com\/de\/\"},{\"@type\":\"ListItem\",\"position\":2,\"name\":\"Produkte\",\"item\":\"https:\/\/coffeelounge.delonghi.com\/de\/produkte\/\"},{\"@type\":\"ListItem\",\"position\":3,\"name\":\"Natural Blend\"}]},{\"@type\":\"WebSite\",\"@id\":\"https:\/\/coffeelounge.delonghi.com\/de\/#website\",\"url\":\"https:\/\/coffeelounge.delonghi.com\/de\/\",\"name\":\"De&#039;Longhi\",\"description\":\"Coffee Lounge\",\"publisher\":{\"@id\":\"https:\/\/coffeelounge.delonghi.com\/de\/#organization\"},\"potentialAction\":[{\"@type\":\"SearchAction\",\"target\":{\"@type\":\"EntryPoint\",\"urlTemplate\":\"https:\/\/coffeelounge.delonghi.com\/de\/?s={search_term_string}\"},\"query-input\":{\"@type\":\"PropertyValueSpecification\",\"valueRequired\":true,\"valueName\":\"search_term_string\"}}],\"inLanguage\":\"de\"},{\"@type\":\"Organization\",\"@id\":\"https:\/\/coffeelounge.delonghi.com\/de\/#organization\",\"name\":\"De'Longhi Coffee Lounge\",\"url\":\"https:\/\/coffeelounge.delonghi.com\/de\/\",\"logo\":{\"@type\":\"ImageObject\",\"inLanguage\":\"de\",\"@id\":\"https:\/\/coffeelounge.delonghi.com\/de\/#\/schema\/logo\/image\/\",\"url\":\"https:\/\/coffeelounge.delonghi.com\/wp-content\/uploads\/2020\/05\/delonghi-coffee-lounge-logo-nederland.png\",\"contentUrl\":\"https:\/\/coffeelounge.delonghi.com\/wp-content\/uploads\/2020\/05\/delonghi-coffee-lounge-logo-nederland.png\",\"width\":2337,\"height\":724,\"caption\":\"De'Longhi Coffee Lounge\"},\"image\":{\"@id\":\"https:\/\/coffeelounge.delonghi.com\/de\/#\/schema\/logo\/image\/\"}}]}<\/script>\n<!-- \/ Yoast SEO Premium plugin. -->","yoast_head_json":{"title":"Natural Blend | Coffee Lounge De&#039;Longhi","description":"Die R\u00f6sterei Hoppenworth & Ploch m\u00f6chte beim Natural Blend die St\u00e4rken von nat\u00fcrlich aufbereiteten Kaffees im Espresso betonen.","robots":{"index":"index","follow":"follow","max-snippet":"max-snippet:-1","max-image-preview":"max-image-preview:large","max-video-preview":"max-video-preview:-1"},"twitter_card":"summary_large_image","twitter_title":"Natural Blend | Coffee Lounge De&#039;Longhi","twitter_description":"Die R\u00f6sterei Hoppenworth & Ploch m\u00f6chte beim Natural Blend die St\u00e4rken von nat\u00fcrlich aufbereiteten Kaffees im Espresso betonen.","twitter_image":"https:\/\/coffeelounge.delonghi.com\/wp-content\/uploads\/2021\/05\/natural_blend.png","schema":{"@context":"https:\/\/schema.org","@graph":[{"@type":"WebPage","@id":"https:\/\/coffeelounge.delonghi.com\/de\/produkt\/hoppenworth-ploch-natural-blend\/","url":"https:\/\/coffeelounge.delonghi.com\/de\/produkt\/hoppenworth-ploch-natural-blend\/","name":"Natural Blend | Coffee Lounge De&#039;Longhi","isPartOf":{"@id":"https:\/\/coffeelounge.delonghi.com\/de\/#website"},"primaryImageOfPage":{"@id":"https:\/\/coffeelounge.delonghi.com\/de\/produkt\/hoppenworth-ploch-natural-blend\/#primaryimage"},"image":{"@id":"https:\/\/coffeelounge.delonghi.com\/de\/produkt\/hoppenworth-ploch-natural-blend\/#primaryimage"},"thumbnailUrl":"https:\/\/coffeelounge.delonghi.com\/wp-content\/uploads\/2021\/05\/natural_blend.png","datePublished":"2021-05-14T14:36:47+00:00","dateModified":"2024-03-04T09:30:50+00:00","description":"Die R\u00f6sterei Hoppenworth & Ploch m\u00f6chte beim Natural Blend die St\u00e4rken von nat\u00fcrlich aufbereiteten Kaffees im Espresso betonen.","breadcrumb":{"@id":"https:\/\/coffeelounge.delonghi.com\/de\/produkt\/hoppenworth-ploch-natural-blend\/#breadcrumb"},"inLanguage":"de","potentialAction":[{"@type":"ReadAction","target":["https:\/\/coffeelounge.delonghi.com\/de\/produkt\/hoppenworth-ploch-natural-blend\/"]}]},{"@type":"ImageObject","inLanguage":"de","@id":"https:\/\/coffeelounge.delonghi.com\/de\/produkt\/hoppenworth-ploch-natural-blend\/#primaryimage","url":"https:\/\/coffeelounge.delonghi.com\/wp-content\/uploads\/2021\/05\/natural_blend.png","contentUrl":"https:\/\/coffeelounge.delonghi.com\/wp-content\/uploads\/2021\/05\/natural_blend.png","width":450,"height":450},{"@type":"BreadcrumbList","@id":"https:\/\/coffeelounge.delonghi.com\/de\/produkt\/hoppenworth-ploch-natural-blend\/#breadcrumb","itemListElement":[{"@type":"ListItem","position":1,"name":"Home","item":"https:\/\/coffeelounge.delonghi.com\/de\/"},{"@type":"ListItem","position":2,"name":"Produkte","item":"https:\/\/coffeelounge.delonghi.com\/de\/produkte\/"},{"@type":"ListItem","position":3,"name":"Natural Blend"}]},{"@type":"WebSite","@id":"https:\/\/coffeelounge.delonghi.com\/de\/#website","url":"https:\/\/coffeelounge.delonghi.com\/de\/","name":"De&#039;Longhi","description":"Coffee Lounge","publisher":{"@id":"https:\/\/coffeelounge.delonghi.com\/de\/#organization"},"potentialAction":[{"@type":"SearchAction","target":{"@type":"EntryPoint","urlTemplate":"https:\/\/coffeelounge.delonghi.com\/de\/?s={search_term_string}"},"query-input":{"@type":"PropertyValueSpecification","valueRequired":true,"valueName":"search_term_string"}}],"inLanguage":"de"},{"@type":"Organization","@id":"https:\/\/coffeelounge.delonghi.com\/de\/#organization","name":"De'Longhi Coffee Lounge","url":"https:\/\/coffeelounge.delonghi.com\/de\/","logo":{"@type":"ImageObject","inLanguage":"de","@id":"https:\/\/coffeelounge.delonghi.com\/de\/#\/schema\/logo\/image\/","url":"https:\/\/coffeelounge.delonghi.com\/wp-content\/uploads\/2020\/05\/delonghi-coffee-lounge-logo-nederland.png","contentUrl":"https:\/\/coffeelounge.delonghi.com\/wp-content\/uploads\/2020\/05\/delonghi-coffee-lounge-logo-nederland.png","width":2337,"height":724,"caption":"De'Longhi Coffee Lounge"},"image":{"@id":"https:\/\/coffeelounge.delonghi.com\/de\/#\/schema\/logo\/image\/"}}]}},"_links":{"self":[{"href":"https:\/\/coffeelounge.delonghi.com\/de\/wp-json\/wp\/v2\/product\/29288","targetHints":{"allow":["GET"]}}],"collection":[{"href":"https:\/\/coffeelounge.delonghi.com\/de\/wp-json\/wp\/v2\/product"}],"about":[{"href":"https:\/\/coffeelounge.delonghi.com\/de\/wp-json\/wp\/v2\/types\/product"}],"replies":[{"embeddable":true,"href":"https:\/\/coffeelounge.delonghi.com\/de\/wp-json\/wp\/v2\/comments?post=29288"}],"version-history":[{"count":2,"href":"https:\/\/coffeelounge.delonghi.com\/de\/wp-json\/wp\/v2\/product\/29288\/revisions"}],"predecessor-version":[{"id":422155,"href":"https:\/\/coffeelounge.delonghi.com\/de\/wp-json\/wp\/v2\/product\/29288\/revisions\/422155"}],"wp:featuredmedia":[{"embeddable":true,"href":"https:\/\/coffeelounge.delonghi.com\/de\/wp-json\/wp\/v2\/media\/421716"}],"wp:attachment":[{"href":"https:\/\/coffeelounge.delonghi.com\/de\/wp-json\/wp\/v2\/media?parent=29288"}],"wp:term":[{"taxonomy":"product_cat","embeddable":true,"href":"https:\/\/coffeelounge.delonghi.com\/de\/wp-json\/wp\/v2\/product_cat?post=29288"},{"taxonomy":"product_tag","embeddable":true,"href":"https:\/\/coffeelounge.delonghi.com\/de\/wp-json\/wp\/v2\/product_tag?post=29288"}],"curies":[{"name":"wp","href":"https:\/\/api.w.org\/{rel}","templated":true}]}}