{"id":29269,"date":"2021-05-14T13:45:34","date_gmt":"2021-05-14T13:45:34","guid":{"rendered":"https:\/\/coffeelounge.delonghi.com\/?post_type=product&#038;p=29269"},"modified":"2024-03-04T09:31:00","modified_gmt":"2024-03-04T09:31:00","slug":"obenauf-baba-budan-espresso","status":"publish","type":"product","link":"https:\/\/coffeelounge.delonghi.com\/de\/produkt\/obenauf-baba-budan-espresso\/","title":{"rendered":"Baba Budan Espresso"},"content":{"rendered":"<p>Der Baba Budan bringt alles mit, was man von einem Espresso erwartet. Er hat einen sehr kr\u00e4ftigen K\u00f6rper und entwickelt eine enorme Crema. Dabei ist er s\u00e4urearm und hat sehr sanfte und angenehme Bitternoten. Im Geschmack erinnert er an helles Nougat und unges\u00fc\u00dftes Popcorn. Geht gut mit Milchalternativen.<\/p>\n<p>Die Bohnen werden h\u00e4ndisch im Langzeit-R\u00f6stverfahren ger\u00f6stet. Durch die perforierte Kupfertrommel erhalten die Bohnen tiefe und komplexe R\u00f6staromen, ohne dabei zu verbrennen. Durch das schonende R\u00f6stverfahren entsteht ein sehr bek\u00f6mmlicher und aromatischer Kaffee. Aufbereitet wird unser Baba Budan als Fully Washed. Das hei\u00dft, die Kaffeekirsche wird von der Bohne getrennt und anschlie\u00dfend in Milchs\u00e4urebakterien Becken gegeben, die den restlichen Fruchtschleim abl\u00f6sen.<\/p>\n<p>Eine Besonderheit sind die kleinen runden Perlbohnen. Bei etwa 10% der Kaffeekirschen w\u00e4chst statt der \u00fcblichen zwei Bohnen pro Kirsche, nur eine Bohne. Der einzelnen Bohne stehen daher mehr N\u00e4hrstoffe zur Verf\u00fcgung und sie ist rund im Wuchs Die Pflanzen werden in den Baba Budan Giri Hills angebaut.<\/p>\n<p>Mitten im indischen Dschungel w\u00e4chst der Kaffee umgeben von unber\u00fchrte Natur, im Schatten von einer Vielzahl an Gew\u00fcrzb\u00e4umen, wie z.B. von Nelken-, Muskat-, und Pfeffer. Die Kaffeepflanzen nehmen deutlich die Noten der umstehenden Gew\u00fcrzb\u00e4ume an. Die Badra Estates von unserem Partner Jacob Mammen sind seit 1936 in Familienbesitz und wurden mehrfach als beste Farm Indiens pr\u00e4miert. Wir verfolgen den Ansatz des Direct Trades. Das hei\u00dft, dass wir unsere Farmer pers\u00f6nlich kennen und auch auf der Farm vor Ort waren. Die Farmer erhalten \u00fcber Langzeitkontrakte einen fixen Preis, unabh\u00e4ngig vom stark schwankenden B\u00f6rsenkurs. Durch den weitaus h\u00f6heren Preis abseits des regul\u00e4ren Marktes erfahren die Farmer \u00fcber einen langen Zeitraum Planungssicherheit und erhalten einen wirklich \u201efairen\u201c Lohn. Im Umkehrschluss erhalten wir daf\u00fcr die weltbeste Qualit\u00e4t.<\/p>\n","protected":false},"excerpt":{"rendered":"<p>Der Baba Budan bringt alles mit, was man von einem Espresso erwartet. Er hat einen sehr kr\u00e4ftigen K\u00f6rper und entwickelt eine enorme Crema. Dabei ist er s\u00e4urearm und hat sehr sanfte und angenehme Bitternoten. Im Geschmack erinnert er an helles Nougat und unges\u00fc\u00dftes Popcorn. Geht gut mit Milchalternativen. Die Bohnen werden h\u00e4ndisch im Langzeit-R\u00f6stverfahren ger\u00f6stet. [&hellip;]<\/p>\n","protected":false},"featured_media":32644,"comment_status":"closed","ping_status":"closed","template":"","meta":{"_acf_changed":false},"product_cat":[262,261,277],"product_tag":[],"class_list":{"0":"post-29269","1":"product","2":"type-product","3":"status-publish","4":"has-post-thumbnail","6":"product_cat-alle-kaffees","7":"product_cat-single-origin","8":"product_cat-spezialitaetenkaffee","10":"first","11":"instock","12":"taxable","13":"shipping-taxable","14":"purchasable","15":"product-type-variable","16":"has-default-attributes"},"acf":[],"yoast_head":"<!-- This site is optimized with the Yoast SEO Premium plugin v24.5 (Yoast SEO v24.5) - https:\/\/yoast.com\/wordpress\/plugins\/seo\/ -->\n<title>Baba Budan Espresso | Coffee Lounge De&#039;Longhi<\/title>\n<meta name=\"description\" content=\"Der Baba Budan von der Kaffeemanukfaktur Obenauf bringt alles mit, was man von einem Espresso erwartet. Erfahren Sie mehr in der Coffee Lounge.\" \/>\n<meta name=\"robots\" content=\"index, follow, max-snippet:-1, max-image-preview:large, max-video-preview:-1\" \/>\n<meta name=\"twitter:card\" content=\"summary_large_image\" \/>\n<meta name=\"twitter:title\" content=\"Baba Budan Espresso | Coffee Lounge De&#039;Longhi\" \/>\n<meta name=\"twitter:description\" content=\"Der Baba Budan von der Kaffeemanukfaktur Obenauf bringt alles mit, was man von einem Espresso erwartet. Erfahren Sie mehr in der Coffee Lounge.\" \/>\n<meta name=\"twitter:image\" content=\"https:\/\/coffeelounge.delonghi.com\/wp-content\/uploads\/2021\/05\/obenauf_kaffeemanufaktur-03_coffee-pack_450x450.png\" \/>\n<script type=\"application\/ld+json\" class=\"yoast-schema-graph\">{\"@context\":\"https:\/\/schema.org\",\"@graph\":[{\"@type\":\"WebPage\",\"@id\":\"https:\/\/coffeelounge.delonghi.com\/de\/produkt\/obenauf-baba-budan-espresso\/\",\"url\":\"https:\/\/coffeelounge.delonghi.com\/de\/produkt\/obenauf-baba-budan-espresso\/\",\"name\":\"Baba Budan Espresso | Coffee Lounge De&#039;Longhi\",\"isPartOf\":{\"@id\":\"https:\/\/coffeelounge.delonghi.com\/de\/#website\"},\"primaryImageOfPage\":{\"@id\":\"https:\/\/coffeelounge.delonghi.com\/de\/produkt\/obenauf-baba-budan-espresso\/#primaryimage\"},\"image\":{\"@id\":\"https:\/\/coffeelounge.delonghi.com\/de\/produkt\/obenauf-baba-budan-espresso\/#primaryimage\"},\"thumbnailUrl\":\"https:\/\/coffeelounge.delonghi.com\/wp-content\/uploads\/2021\/05\/obenauf_kaffeemanufaktur-03_coffee-pack_450x450.png\",\"datePublished\":\"2021-05-14T13:45:34+00:00\",\"dateModified\":\"2024-03-04T09:31:00+00:00\",\"description\":\"Der Baba Budan von der Kaffeemanukfaktur Obenauf bringt alles mit, was man von einem Espresso erwartet. Erfahren Sie mehr in der Coffee Lounge.\",\"breadcrumb\":{\"@id\":\"https:\/\/coffeelounge.delonghi.com\/de\/produkt\/obenauf-baba-budan-espresso\/#breadcrumb\"},\"inLanguage\":\"de\",\"potentialAction\":[{\"@type\":\"ReadAction\",\"target\":[\"https:\/\/coffeelounge.delonghi.com\/de\/produkt\/obenauf-baba-budan-espresso\/\"]}]},{\"@type\":\"ImageObject\",\"inLanguage\":\"de\",\"@id\":\"https:\/\/coffeelounge.delonghi.com\/de\/produkt\/obenauf-baba-budan-espresso\/#primaryimage\",\"url\":\"https:\/\/coffeelounge.delonghi.com\/wp-content\/uploads\/2021\/05\/obenauf_kaffeemanufaktur-03_coffee-pack_450x450.png\",\"contentUrl\":\"https:\/\/coffeelounge.delonghi.com\/wp-content\/uploads\/2021\/05\/obenauf_kaffeemanufaktur-03_coffee-pack_450x450.png\",\"width\":450,\"height\":450,\"caption\":\"obenauf Baba Budan Espresso\"},{\"@type\":\"BreadcrumbList\",\"@id\":\"https:\/\/coffeelounge.delonghi.com\/de\/produkt\/obenauf-baba-budan-espresso\/#breadcrumb\",\"itemListElement\":[{\"@type\":\"ListItem\",\"position\":1,\"name\":\"Home\",\"item\":\"https:\/\/coffeelounge.delonghi.com\/de\/\"},{\"@type\":\"ListItem\",\"position\":2,\"name\":\"Produkte\",\"item\":\"https:\/\/coffeelounge.delonghi.com\/de\/produkte\/\"},{\"@type\":\"ListItem\",\"position\":3,\"name\":\"Baba Budan Espresso\"}]},{\"@type\":\"WebSite\",\"@id\":\"https:\/\/coffeelounge.delonghi.com\/de\/#website\",\"url\":\"https:\/\/coffeelounge.delonghi.com\/de\/\",\"name\":\"De&#039;Longhi\",\"description\":\"Coffee Lounge\",\"publisher\":{\"@id\":\"https:\/\/coffeelounge.delonghi.com\/de\/#organization\"},\"potentialAction\":[{\"@type\":\"SearchAction\",\"target\":{\"@type\":\"EntryPoint\",\"urlTemplate\":\"https:\/\/coffeelounge.delonghi.com\/de\/?s={search_term_string}\"},\"query-input\":{\"@type\":\"PropertyValueSpecification\",\"valueRequired\":true,\"valueName\":\"search_term_string\"}}],\"inLanguage\":\"de\"},{\"@type\":\"Organization\",\"@id\":\"https:\/\/coffeelounge.delonghi.com\/de\/#organization\",\"name\":\"De'Longhi Coffee Lounge\",\"url\":\"https:\/\/coffeelounge.delonghi.com\/de\/\",\"logo\":{\"@type\":\"ImageObject\",\"inLanguage\":\"de\",\"@id\":\"https:\/\/coffeelounge.delonghi.com\/de\/#\/schema\/logo\/image\/\",\"url\":\"https:\/\/coffeelounge.delonghi.com\/wp-content\/uploads\/2020\/05\/delonghi-coffee-lounge-logo-nederland.png\",\"contentUrl\":\"https:\/\/coffeelounge.delonghi.com\/wp-content\/uploads\/2020\/05\/delonghi-coffee-lounge-logo-nederland.png\",\"width\":2337,\"height\":724,\"caption\":\"De'Longhi Coffee Lounge\"},\"image\":{\"@id\":\"https:\/\/coffeelounge.delonghi.com\/de\/#\/schema\/logo\/image\/\"}}]}<\/script>\n<!-- \/ Yoast SEO Premium plugin. -->","yoast_head_json":{"title":"Baba Budan Espresso | Coffee Lounge De&#039;Longhi","description":"Der Baba Budan von der Kaffeemanukfaktur Obenauf bringt alles mit, was man von einem Espresso erwartet. Erfahren Sie mehr in der Coffee Lounge.","robots":{"index":"index","follow":"follow","max-snippet":"max-snippet:-1","max-image-preview":"max-image-preview:large","max-video-preview":"max-video-preview:-1"},"twitter_card":"summary_large_image","twitter_title":"Baba Budan Espresso | Coffee Lounge De&#039;Longhi","twitter_description":"Der Baba Budan von der Kaffeemanukfaktur Obenauf bringt alles mit, was man von einem Espresso erwartet. Erfahren Sie mehr in der Coffee Lounge.","twitter_image":"https:\/\/coffeelounge.delonghi.com\/wp-content\/uploads\/2021\/05\/obenauf_kaffeemanufaktur-03_coffee-pack_450x450.png","schema":{"@context":"https:\/\/schema.org","@graph":[{"@type":"WebPage","@id":"https:\/\/coffeelounge.delonghi.com\/de\/produkt\/obenauf-baba-budan-espresso\/","url":"https:\/\/coffeelounge.delonghi.com\/de\/produkt\/obenauf-baba-budan-espresso\/","name":"Baba Budan Espresso | Coffee Lounge De&#039;Longhi","isPartOf":{"@id":"https:\/\/coffeelounge.delonghi.com\/de\/#website"},"primaryImageOfPage":{"@id":"https:\/\/coffeelounge.delonghi.com\/de\/produkt\/obenauf-baba-budan-espresso\/#primaryimage"},"image":{"@id":"https:\/\/coffeelounge.delonghi.com\/de\/produkt\/obenauf-baba-budan-espresso\/#primaryimage"},"thumbnailUrl":"https:\/\/coffeelounge.delonghi.com\/wp-content\/uploads\/2021\/05\/obenauf_kaffeemanufaktur-03_coffee-pack_450x450.png","datePublished":"2021-05-14T13:45:34+00:00","dateModified":"2024-03-04T09:31:00+00:00","description":"Der Baba Budan von der Kaffeemanukfaktur Obenauf bringt alles mit, was man von einem Espresso erwartet. Erfahren Sie mehr in der Coffee Lounge.","breadcrumb":{"@id":"https:\/\/coffeelounge.delonghi.com\/de\/produkt\/obenauf-baba-budan-espresso\/#breadcrumb"},"inLanguage":"de","potentialAction":[{"@type":"ReadAction","target":["https:\/\/coffeelounge.delonghi.com\/de\/produkt\/obenauf-baba-budan-espresso\/"]}]},{"@type":"ImageObject","inLanguage":"de","@id":"https:\/\/coffeelounge.delonghi.com\/de\/produkt\/obenauf-baba-budan-espresso\/#primaryimage","url":"https:\/\/coffeelounge.delonghi.com\/wp-content\/uploads\/2021\/05\/obenauf_kaffeemanufaktur-03_coffee-pack_450x450.png","contentUrl":"https:\/\/coffeelounge.delonghi.com\/wp-content\/uploads\/2021\/05\/obenauf_kaffeemanufaktur-03_coffee-pack_450x450.png","width":450,"height":450,"caption":"obenauf Baba Budan Espresso"},{"@type":"BreadcrumbList","@id":"https:\/\/coffeelounge.delonghi.com\/de\/produkt\/obenauf-baba-budan-espresso\/#breadcrumb","itemListElement":[{"@type":"ListItem","position":1,"name":"Home","item":"https:\/\/coffeelounge.delonghi.com\/de\/"},{"@type":"ListItem","position":2,"name":"Produkte","item":"https:\/\/coffeelounge.delonghi.com\/de\/produkte\/"},{"@type":"ListItem","position":3,"name":"Baba Budan Espresso"}]},{"@type":"WebSite","@id":"https:\/\/coffeelounge.delonghi.com\/de\/#website","url":"https:\/\/coffeelounge.delonghi.com\/de\/","name":"De&#039;Longhi","description":"Coffee Lounge","publisher":{"@id":"https:\/\/coffeelounge.delonghi.com\/de\/#organization"},"potentialAction":[{"@type":"SearchAction","target":{"@type":"EntryPoint","urlTemplate":"https:\/\/coffeelounge.delonghi.com\/de\/?s={search_term_string}"},"query-input":{"@type":"PropertyValueSpecification","valueRequired":true,"valueName":"search_term_string"}}],"inLanguage":"de"},{"@type":"Organization","@id":"https:\/\/coffeelounge.delonghi.com\/de\/#organization","name":"De'Longhi Coffee Lounge","url":"https:\/\/coffeelounge.delonghi.com\/de\/","logo":{"@type":"ImageObject","inLanguage":"de","@id":"https:\/\/coffeelounge.delonghi.com\/de\/#\/schema\/logo\/image\/","url":"https:\/\/coffeelounge.delonghi.com\/wp-content\/uploads\/2020\/05\/delonghi-coffee-lounge-logo-nederland.png","contentUrl":"https:\/\/coffeelounge.delonghi.com\/wp-content\/uploads\/2020\/05\/delonghi-coffee-lounge-logo-nederland.png","width":2337,"height":724,"caption":"De'Longhi Coffee Lounge"},"image":{"@id":"https:\/\/coffeelounge.delonghi.com\/de\/#\/schema\/logo\/image\/"}}]}},"_links":{"self":[{"href":"https:\/\/coffeelounge.delonghi.com\/de\/wp-json\/wp\/v2\/product\/29269","targetHints":{"allow":["GET"]}}],"collection":[{"href":"https:\/\/coffeelounge.delonghi.com\/de\/wp-json\/wp\/v2\/product"}],"about":[{"href":"https:\/\/coffeelounge.delonghi.com\/de\/wp-json\/wp\/v2\/types\/product"}],"replies":[{"embeddable":true,"href":"https:\/\/coffeelounge.delonghi.com\/de\/wp-json\/wp\/v2\/comments?post=29269"}],"version-history":[{"count":2,"href":"https:\/\/coffeelounge.delonghi.com\/de\/wp-json\/wp\/v2\/product\/29269\/revisions"}],"predecessor-version":[{"id":422156,"href":"https:\/\/coffeelounge.delonghi.com\/de\/wp-json\/wp\/v2\/product\/29269\/revisions\/422156"}],"wp:featuredmedia":[{"embeddable":true,"href":"https:\/\/coffeelounge.delonghi.com\/de\/wp-json\/wp\/v2\/media\/32644"}],"wp:attachment":[{"href":"https:\/\/coffeelounge.delonghi.com\/de\/wp-json\/wp\/v2\/media?parent=29269"}],"wp:term":[{"taxonomy":"product_cat","embeddable":true,"href":"https:\/\/coffeelounge.delonghi.com\/de\/wp-json\/wp\/v2\/product_cat?post=29269"},{"taxonomy":"product_tag","embeddable":true,"href":"https:\/\/coffeelounge.delonghi.com\/de\/wp-json\/wp\/v2\/product_tag?post=29269"}],"curies":[{"name":"wp","href":"https:\/\/api.w.org\/{rel}","templated":true}]}}