{"id":29256,"date":"2021-05-14T12:54:59","date_gmt":"2021-05-14T12:54:59","guid":{"rendered":"https:\/\/coffeelounge.delonghi.com\/?post_type=product&#038;p=29256"},"modified":"2024-03-04T09:31:07","modified_gmt":"2024-03-04T09:31:07","slug":"obenauf-agua-limpa-cafe-creme","status":"publish","type":"product","link":"https:\/\/coffeelounge.delonghi.com\/de\/produkt\/obenauf-agua-limpa-cafe-creme\/","title":{"rendered":"Agua Limpa Cafe Creme"},"content":{"rendered":"<p>Der Agua Limpa ist ein wunderbar komplexer Cafe Creme mit einer hohen Grunds\u00fc\u00dfe. Er hat spritzige Fruchtnoten von Stachelbeere und w\u00fcrzigen Nelken im Abgang. Der Espresso hat eine angenehme, sanfte Fruchts\u00e4ure und wenig Bitternoten. Die Bohnen werden h\u00e4ndisch im Langzeit-R\u00f6stverfahren ger\u00f6stet.<\/p>\n<p>Durch die perforierte Kupfertrommel erhalten die Bohnen tiefe und komplexe R\u00f6staromen, ohne dabei zu verbrennen. Durch das schonende R\u00f6stverfahren entsteht ein sehr bek\u00f6mmlicher und aromatischer Kaffee. Die Cafe Creme R\u00f6stung ist eine spezielle R\u00f6stung f\u00fcr den Kaffeevollautomaten.<\/p>\n<p>Der Agua Limpa wird als Pulped Natural (Honey Prozess) aufbereitet. Die Bohne wird vom Fruchtfleisch getrennt und mit dem anhafteten Fruchtschleim getrocknet. Dies f\u00fchrt zu einem besonders s\u00fc\u00dfen und fruchtigen Kaffee. Angebaut wurde unser \u00c1gua Limpa in der Region Manhua\u00e7u, Minas da Mata, Brasilien, welche als die Champagne des Kaffeeanbaus gilt. Zudem wird auf unserer Partnerfarm seit 60 Jahren in organischer Mischkultur (weit \u00fcber EU Normen) Kaffee kultiviert. Nebenstehende B\u00e4ume sind beispielsweise: Avocados, Zitrusfr\u00fcchte, Bananen, Eukalyptus und viele weitere. Diese geben ihre fruchtigen Noten \u00fcber das Bodensubstrat ab. Die Fazendas Dutra wurden schon mehrfach zu einer der weltbesten Plantagen gek\u00fcrt.<\/p>\n<p>Die Farm wird von den beiden Br\u00fcdern, Ednilson und Walter Dutra seit mehreren Generationen im Familienverband betrieben. Hier wird der Kaffee mit viel Liebe und Wissen im Einklang mit der Natur angebaut. Wir verfolgen den Ansatz des Direct Trades. Das hei\u00dft, dass wir unsere Farmer pers\u00f6nlich kennen und auch auf der Farm vor Ort waren. Die Farmer erhalten \u00fcber Langzeitkontrakte einen fixen Preis, unabh\u00e4ngig vom stark schwankenden B\u00f6rsenkurs. Durch den weitaus h\u00f6heren Preis abseits des regul\u00e4ren Marktes erfahren die Farmer \u00fcber einen langen Zeitraum Planungssicherheit und erhalten einen wirklich \u201efairen\u201c Lohn. Wir arbeiten mit unseren Partnern auf Augenh\u00f6he \u2013 als Ergebnis erhalten wir daf\u00fcr die weltbeste Qualit\u00e4t.<\/p>\n","protected":false},"excerpt":{"rendered":"<p>Der Agua Limpa ist ein wunderbar komplexer Cafe Creme mit einer hohen Grunds\u00fc\u00dfe. Er hat spritzige Fruchtnoten von Stachelbeere und w\u00fcrzigen Nelken im Abgang. Der Espresso hat eine angenehme, sanfte Fruchts\u00e4ure und wenig Bitternoten. Die Bohnen werden h\u00e4ndisch im Langzeit-R\u00f6stverfahren ger\u00f6stet. Durch die perforierte Kupfertrommel erhalten die Bohnen tiefe und komplexe R\u00f6staromen, ohne dabei zu [&hellip;]<\/p>\n","protected":false},"featured_media":32655,"comment_status":"closed","ping_status":"closed","template":"","meta":{"_acf_changed":false},"product_cat":[262,261],"product_tag":[],"class_list":{"0":"post-29256","1":"product","2":"type-product","3":"status-publish","4":"has-post-thumbnail","6":"product_cat-alle-kaffees","7":"product_cat-single-origin","9":"first","10":"instock","11":"taxable","12":"shipping-taxable","13":"purchasable","14":"product-type-variable","15":"has-default-attributes"},"acf":[],"yoast_head":"<!-- This site is optimized with the Yoast SEO Premium plugin v24.5 (Yoast SEO v24.5) - https:\/\/yoast.com\/wordpress\/plugins\/seo\/ -->\n<title>Agua Limpa Cafe Creme | Coffee Lounge De&#039;Longhi<\/title>\n<meta name=\"description\" content=\"Der Agua Limpa ist ein wunderbar komplexer Cafe Creme mit einer hohen Grunds\u00fc\u00dfe von der Kaffemanufaktur Obenauf. Erfahren Sie mehr in der Coffee Lounge.\" \/>\n<meta name=\"robots\" content=\"index, follow, max-snippet:-1, max-image-preview:large, max-video-preview:-1\" \/>\n<meta name=\"twitter:card\" content=\"summary_large_image\" \/>\n<meta name=\"twitter:title\" content=\"Agua Limpa Cafe Creme | Coffee Lounge De&#039;Longhi\" \/>\n<meta name=\"twitter:description\" content=\"Der Agua Limpa ist ein wunderbar komplexer Cafe Creme mit einer hohen Grunds\u00fc\u00dfe von der Kaffemanufaktur Obenauf. Erfahren Sie mehr in der Coffee Lounge.\" \/>\n<meta name=\"twitter:image\" content=\"https:\/\/coffeelounge.delonghi.com\/wp-content\/uploads\/2021\/05\/obenauf_kaffeemanufaktur-02_coffee-pack_450x450.png\" \/>\n<script type=\"application\/ld+json\" class=\"yoast-schema-graph\">{\"@context\":\"https:\/\/schema.org\",\"@graph\":[{\"@type\":\"WebPage\",\"@id\":\"https:\/\/coffeelounge.delonghi.com\/de\/produkt\/obenauf-agua-limpa-cafe-creme\/\",\"url\":\"https:\/\/coffeelounge.delonghi.com\/de\/produkt\/obenauf-agua-limpa-cafe-creme\/\",\"name\":\"Agua Limpa Cafe Creme | Coffee Lounge De&#039;Longhi\",\"isPartOf\":{\"@id\":\"https:\/\/coffeelounge.delonghi.com\/de\/#website\"},\"primaryImageOfPage\":{\"@id\":\"https:\/\/coffeelounge.delonghi.com\/de\/produkt\/obenauf-agua-limpa-cafe-creme\/#primaryimage\"},\"image\":{\"@id\":\"https:\/\/coffeelounge.delonghi.com\/de\/produkt\/obenauf-agua-limpa-cafe-creme\/#primaryimage\"},\"thumbnailUrl\":\"https:\/\/coffeelounge.delonghi.com\/wp-content\/uploads\/2021\/05\/obenauf_kaffeemanufaktur-02_coffee-pack_450x450.png\",\"datePublished\":\"2021-05-14T12:54:59+00:00\",\"dateModified\":\"2024-03-04T09:31:07+00:00\",\"description\":\"Der Agua Limpa ist ein wunderbar komplexer Cafe Creme mit einer hohen Grunds\u00fc\u00dfe von der Kaffemanufaktur Obenauf. Erfahren Sie mehr in der Coffee Lounge.\",\"breadcrumb\":{\"@id\":\"https:\/\/coffeelounge.delonghi.com\/de\/produkt\/obenauf-agua-limpa-cafe-creme\/#breadcrumb\"},\"inLanguage\":\"de\",\"potentialAction\":[{\"@type\":\"ReadAction\",\"target\":[\"https:\/\/coffeelounge.delonghi.com\/de\/produkt\/obenauf-agua-limpa-cafe-creme\/\"]}]},{\"@type\":\"ImageObject\",\"inLanguage\":\"de\",\"@id\":\"https:\/\/coffeelounge.delonghi.com\/de\/produkt\/obenauf-agua-limpa-cafe-creme\/#primaryimage\",\"url\":\"https:\/\/coffeelounge.delonghi.com\/wp-content\/uploads\/2021\/05\/obenauf_kaffeemanufaktur-02_coffee-pack_450x450.png\",\"contentUrl\":\"https:\/\/coffeelounge.delonghi.com\/wp-content\/uploads\/2021\/05\/obenauf_kaffeemanufaktur-02_coffee-pack_450x450.png\",\"width\":450,\"height\":450,\"caption\":\"obenauf Agua Limpa Cafe Creme\"},{\"@type\":\"BreadcrumbList\",\"@id\":\"https:\/\/coffeelounge.delonghi.com\/de\/produkt\/obenauf-agua-limpa-cafe-creme\/#breadcrumb\",\"itemListElement\":[{\"@type\":\"ListItem\",\"position\":1,\"name\":\"Home\",\"item\":\"https:\/\/coffeelounge.delonghi.com\/de\/\"},{\"@type\":\"ListItem\",\"position\":2,\"name\":\"Produkte\",\"item\":\"https:\/\/coffeelounge.delonghi.com\/de\/produkte\/\"},{\"@type\":\"ListItem\",\"position\":3,\"name\":\"Agua Limpa Cafe Creme\"}]},{\"@type\":\"WebSite\",\"@id\":\"https:\/\/coffeelounge.delonghi.com\/de\/#website\",\"url\":\"https:\/\/coffeelounge.delonghi.com\/de\/\",\"name\":\"De&#039;Longhi\",\"description\":\"Coffee Lounge\",\"publisher\":{\"@id\":\"https:\/\/coffeelounge.delonghi.com\/de\/#organization\"},\"potentialAction\":[{\"@type\":\"SearchAction\",\"target\":{\"@type\":\"EntryPoint\",\"urlTemplate\":\"https:\/\/coffeelounge.delonghi.com\/de\/?s={search_term_string}\"},\"query-input\":{\"@type\":\"PropertyValueSpecification\",\"valueRequired\":true,\"valueName\":\"search_term_string\"}}],\"inLanguage\":\"de\"},{\"@type\":\"Organization\",\"@id\":\"https:\/\/coffeelounge.delonghi.com\/de\/#organization\",\"name\":\"De'Longhi Coffee Lounge\",\"url\":\"https:\/\/coffeelounge.delonghi.com\/de\/\",\"logo\":{\"@type\":\"ImageObject\",\"inLanguage\":\"de\",\"@id\":\"https:\/\/coffeelounge.delonghi.com\/de\/#\/schema\/logo\/image\/\",\"url\":\"https:\/\/coffeelounge.delonghi.com\/wp-content\/uploads\/2020\/05\/delonghi-coffee-lounge-logo-nederland.png\",\"contentUrl\":\"https:\/\/coffeelounge.delonghi.com\/wp-content\/uploads\/2020\/05\/delonghi-coffee-lounge-logo-nederland.png\",\"width\":2337,\"height\":724,\"caption\":\"De'Longhi Coffee Lounge\"},\"image\":{\"@id\":\"https:\/\/coffeelounge.delonghi.com\/de\/#\/schema\/logo\/image\/\"}}]}<\/script>\n<!-- \/ Yoast SEO Premium plugin. -->","yoast_head_json":{"title":"Agua Limpa Cafe Creme | Coffee Lounge De&#039;Longhi","description":"Der Agua Limpa ist ein wunderbar komplexer Cafe Creme mit einer hohen Grunds\u00fc\u00dfe von der Kaffemanufaktur Obenauf. Erfahren Sie mehr in der Coffee Lounge.","robots":{"index":"index","follow":"follow","max-snippet":"max-snippet:-1","max-image-preview":"max-image-preview:large","max-video-preview":"max-video-preview:-1"},"twitter_card":"summary_large_image","twitter_title":"Agua Limpa Cafe Creme | Coffee Lounge De&#039;Longhi","twitter_description":"Der Agua Limpa ist ein wunderbar komplexer Cafe Creme mit einer hohen Grunds\u00fc\u00dfe von der Kaffemanufaktur Obenauf. Erfahren Sie mehr in der Coffee Lounge.","twitter_image":"https:\/\/coffeelounge.delonghi.com\/wp-content\/uploads\/2021\/05\/obenauf_kaffeemanufaktur-02_coffee-pack_450x450.png","schema":{"@context":"https:\/\/schema.org","@graph":[{"@type":"WebPage","@id":"https:\/\/coffeelounge.delonghi.com\/de\/produkt\/obenauf-agua-limpa-cafe-creme\/","url":"https:\/\/coffeelounge.delonghi.com\/de\/produkt\/obenauf-agua-limpa-cafe-creme\/","name":"Agua Limpa Cafe Creme | Coffee Lounge De&#039;Longhi","isPartOf":{"@id":"https:\/\/coffeelounge.delonghi.com\/de\/#website"},"primaryImageOfPage":{"@id":"https:\/\/coffeelounge.delonghi.com\/de\/produkt\/obenauf-agua-limpa-cafe-creme\/#primaryimage"},"image":{"@id":"https:\/\/coffeelounge.delonghi.com\/de\/produkt\/obenauf-agua-limpa-cafe-creme\/#primaryimage"},"thumbnailUrl":"https:\/\/coffeelounge.delonghi.com\/wp-content\/uploads\/2021\/05\/obenauf_kaffeemanufaktur-02_coffee-pack_450x450.png","datePublished":"2021-05-14T12:54:59+00:00","dateModified":"2024-03-04T09:31:07+00:00","description":"Der Agua Limpa ist ein wunderbar komplexer Cafe Creme mit einer hohen Grunds\u00fc\u00dfe von der Kaffemanufaktur Obenauf. Erfahren Sie mehr in der Coffee Lounge.","breadcrumb":{"@id":"https:\/\/coffeelounge.delonghi.com\/de\/produkt\/obenauf-agua-limpa-cafe-creme\/#breadcrumb"},"inLanguage":"de","potentialAction":[{"@type":"ReadAction","target":["https:\/\/coffeelounge.delonghi.com\/de\/produkt\/obenauf-agua-limpa-cafe-creme\/"]}]},{"@type":"ImageObject","inLanguage":"de","@id":"https:\/\/coffeelounge.delonghi.com\/de\/produkt\/obenauf-agua-limpa-cafe-creme\/#primaryimage","url":"https:\/\/coffeelounge.delonghi.com\/wp-content\/uploads\/2021\/05\/obenauf_kaffeemanufaktur-02_coffee-pack_450x450.png","contentUrl":"https:\/\/coffeelounge.delonghi.com\/wp-content\/uploads\/2021\/05\/obenauf_kaffeemanufaktur-02_coffee-pack_450x450.png","width":450,"height":450,"caption":"obenauf Agua Limpa Cafe Creme"},{"@type":"BreadcrumbList","@id":"https:\/\/coffeelounge.delonghi.com\/de\/produkt\/obenauf-agua-limpa-cafe-creme\/#breadcrumb","itemListElement":[{"@type":"ListItem","position":1,"name":"Home","item":"https:\/\/coffeelounge.delonghi.com\/de\/"},{"@type":"ListItem","position":2,"name":"Produkte","item":"https:\/\/coffeelounge.delonghi.com\/de\/produkte\/"},{"@type":"ListItem","position":3,"name":"Agua Limpa Cafe Creme"}]},{"@type":"WebSite","@id":"https:\/\/coffeelounge.delonghi.com\/de\/#website","url":"https:\/\/coffeelounge.delonghi.com\/de\/","name":"De&#039;Longhi","description":"Coffee Lounge","publisher":{"@id":"https:\/\/coffeelounge.delonghi.com\/de\/#organization"},"potentialAction":[{"@type":"SearchAction","target":{"@type":"EntryPoint","urlTemplate":"https:\/\/coffeelounge.delonghi.com\/de\/?s={search_term_string}"},"query-input":{"@type":"PropertyValueSpecification","valueRequired":true,"valueName":"search_term_string"}}],"inLanguage":"de"},{"@type":"Organization","@id":"https:\/\/coffeelounge.delonghi.com\/de\/#organization","name":"De'Longhi Coffee Lounge","url":"https:\/\/coffeelounge.delonghi.com\/de\/","logo":{"@type":"ImageObject","inLanguage":"de","@id":"https:\/\/coffeelounge.delonghi.com\/de\/#\/schema\/logo\/image\/","url":"https:\/\/coffeelounge.delonghi.com\/wp-content\/uploads\/2020\/05\/delonghi-coffee-lounge-logo-nederland.png","contentUrl":"https:\/\/coffeelounge.delonghi.com\/wp-content\/uploads\/2020\/05\/delonghi-coffee-lounge-logo-nederland.png","width":2337,"height":724,"caption":"De'Longhi Coffee Lounge"},"image":{"@id":"https:\/\/coffeelounge.delonghi.com\/de\/#\/schema\/logo\/image\/"}}]}},"_links":{"self":[{"href":"https:\/\/coffeelounge.delonghi.com\/de\/wp-json\/wp\/v2\/product\/29256","targetHints":{"allow":["GET"]}}],"collection":[{"href":"https:\/\/coffeelounge.delonghi.com\/de\/wp-json\/wp\/v2\/product"}],"about":[{"href":"https:\/\/coffeelounge.delonghi.com\/de\/wp-json\/wp\/v2\/types\/product"}],"replies":[{"embeddable":true,"href":"https:\/\/coffeelounge.delonghi.com\/de\/wp-json\/wp\/v2\/comments?post=29256"}],"version-history":[{"count":3,"href":"https:\/\/coffeelounge.delonghi.com\/de\/wp-json\/wp\/v2\/product\/29256\/revisions"}],"predecessor-version":[{"id":422157,"href":"https:\/\/coffeelounge.delonghi.com\/de\/wp-json\/wp\/v2\/product\/29256\/revisions\/422157"}],"wp:featuredmedia":[{"embeddable":true,"href":"https:\/\/coffeelounge.delonghi.com\/de\/wp-json\/wp\/v2\/media\/32655"}],"wp:attachment":[{"href":"https:\/\/coffeelounge.delonghi.com\/de\/wp-json\/wp\/v2\/media?parent=29256"}],"wp:term":[{"taxonomy":"product_cat","embeddable":true,"href":"https:\/\/coffeelounge.delonghi.com\/de\/wp-json\/wp\/v2\/product_cat?post=29256"},{"taxonomy":"product_tag","embeddable":true,"href":"https:\/\/coffeelounge.delonghi.com\/de\/wp-json\/wp\/v2\/product_tag?post=29256"}],"curies":[{"name":"wp","href":"https:\/\/api.w.org\/{rel}","templated":true}]}}