{"id":29119,"date":"2021-05-12T12:45:40","date_gmt":"2021-05-12T12:45:40","guid":{"rendered":"https:\/\/coffeelounge.delonghi.com\/?post_type=product&#038;p=29119"},"modified":"2024-03-04T09:32:13","modified_gmt":"2024-03-04T09:32:13","slug":"wildkaffee-wilderer-espresso","status":"publish","type":"product","link":"https:\/\/coffeelounge.delonghi.com\/de\/produkt\/wildkaffee-wilderer-espresso\/","title":{"rendered":"Wilderer Espresso"},"content":{"rendered":"<p>Unser Wilderer bestehend aus 50% Brasilien, 30% Kolumbien und 20% Indien Robusta z\u00e4hlt zu einer der kr\u00e4ftigsten Mischungen, die wir haben &#8211; sicherlich nichts f\u00fcr schwache Nerven, eher etwas f\u00fcr die Wilden und Mutigen unter den Kaffeetrinkern.<\/p>\n","protected":false},"excerpt":{"rendered":"<p>Unser Wilderer bestehend aus 50% Brasilien, 30% Kolumbien und 20% Indien Robusta z\u00e4hlt zu einer der kr\u00e4ftigsten Mischungen, die wir haben &#8211; sicherlich nichts f\u00fcr schwache Nerven, eher etwas f\u00fcr die Wilden und Mutigen unter den Kaffeetrinkern.<\/p>\n","protected":false},"featured_media":421690,"comment_status":"closed","ping_status":"closed","template":"","meta":{"_acf_changed":false},"product_cat":[262,364,277],"product_tag":[],"class_list":{"0":"post-29119","1":"product","2":"type-product","3":"status-publish","4":"has-post-thumbnail","6":"product_cat-alle-kaffees","7":"product_cat-blend","8":"product_cat-spezialitaetenkaffee","10":"first","11":"instock","12":"taxable","13":"shipping-taxable","14":"purchasable","15":"product-type-variable"},"acf":[],"yoast_head":"<!-- This site is optimized with the Yoast SEO Premium plugin v24.5 (Yoast SEO v24.5) - https:\/\/yoast.com\/wordpress\/plugins\/seo\/ -->\n<title>Wilderer Espresso | Coffee Lounge De&#039;Longhi<\/title>\n<meta name=\"description\" content=\"Der Wilderer Espresso von Wildkaffee ist sicherlich nichts f\u00fcr schwache Nerven. Erfahren Sie mehr bei der Coffee Lounge.\" \/>\n<meta name=\"robots\" content=\"index, follow, max-snippet:-1, max-image-preview:large, max-video-preview:-1\" \/>\n<meta name=\"twitter:card\" content=\"summary_large_image\" \/>\n<meta name=\"twitter:title\" content=\"Wilderer Espresso | Coffee Lounge De&#039;Longhi\" \/>\n<meta name=\"twitter:description\" content=\"Der Wilderer Espresso von Wildkaffee ist sicherlich nichts f\u00fcr schwache Nerven. Erfahren Sie mehr bei der Coffee Lounge.\" \/>\n<meta name=\"twitter:image\" content=\"https:\/\/coffeelounge.delonghi.com\/wp-content\/uploads\/2021\/05\/wilderer_espresso.png\" \/>\n<script type=\"application\/ld+json\" class=\"yoast-schema-graph\">{\"@context\":\"https:\/\/schema.org\",\"@graph\":[{\"@type\":\"WebPage\",\"@id\":\"https:\/\/coffeelounge.delonghi.com\/de\/produkt\/wildkaffee-wilderer-espresso\/\",\"url\":\"https:\/\/coffeelounge.delonghi.com\/de\/produkt\/wildkaffee-wilderer-espresso\/\",\"name\":\"Wilderer Espresso | Coffee Lounge De&#039;Longhi\",\"isPartOf\":{\"@id\":\"https:\/\/coffeelounge.delonghi.com\/de\/#website\"},\"primaryImageOfPage\":{\"@id\":\"https:\/\/coffeelounge.delonghi.com\/de\/produkt\/wildkaffee-wilderer-espresso\/#primaryimage\"},\"image\":{\"@id\":\"https:\/\/coffeelounge.delonghi.com\/de\/produkt\/wildkaffee-wilderer-espresso\/#primaryimage\"},\"thumbnailUrl\":\"https:\/\/coffeelounge.delonghi.com\/wp-content\/uploads\/2021\/05\/wilderer_espresso.png\",\"datePublished\":\"2021-05-12T12:45:40+00:00\",\"dateModified\":\"2024-03-04T09:32:13+00:00\",\"description\":\"Der Wilderer Espresso von Wildkaffee ist sicherlich nichts f\u00fcr schwache Nerven. Erfahren Sie mehr bei der Coffee Lounge.\",\"breadcrumb\":{\"@id\":\"https:\/\/coffeelounge.delonghi.com\/de\/produkt\/wildkaffee-wilderer-espresso\/#breadcrumb\"},\"inLanguage\":\"de\",\"potentialAction\":[{\"@type\":\"ReadAction\",\"target\":[\"https:\/\/coffeelounge.delonghi.com\/de\/produkt\/wildkaffee-wilderer-espresso\/\"]}]},{\"@type\":\"ImageObject\",\"inLanguage\":\"de\",\"@id\":\"https:\/\/coffeelounge.delonghi.com\/de\/produkt\/wildkaffee-wilderer-espresso\/#primaryimage\",\"url\":\"https:\/\/coffeelounge.delonghi.com\/wp-content\/uploads\/2021\/05\/wilderer_espresso.png\",\"contentUrl\":\"https:\/\/coffeelounge.delonghi.com\/wp-content\/uploads\/2021\/05\/wilderer_espresso.png\",\"width\":750,\"height\":750},{\"@type\":\"BreadcrumbList\",\"@id\":\"https:\/\/coffeelounge.delonghi.com\/de\/produkt\/wildkaffee-wilderer-espresso\/#breadcrumb\",\"itemListElement\":[{\"@type\":\"ListItem\",\"position\":1,\"name\":\"Home\",\"item\":\"https:\/\/coffeelounge.delonghi.com\/de\/\"},{\"@type\":\"ListItem\",\"position\":2,\"name\":\"Produkte\",\"item\":\"https:\/\/coffeelounge.delonghi.com\/de\/produkte\/\"},{\"@type\":\"ListItem\",\"position\":3,\"name\":\"Wilderer Espresso\"}]},{\"@type\":\"WebSite\",\"@id\":\"https:\/\/coffeelounge.delonghi.com\/de\/#website\",\"url\":\"https:\/\/coffeelounge.delonghi.com\/de\/\",\"name\":\"De&#039;Longhi\",\"description\":\"Coffee Lounge\",\"publisher\":{\"@id\":\"https:\/\/coffeelounge.delonghi.com\/de\/#organization\"},\"potentialAction\":[{\"@type\":\"SearchAction\",\"target\":{\"@type\":\"EntryPoint\",\"urlTemplate\":\"https:\/\/coffeelounge.delonghi.com\/de\/?s={search_term_string}\"},\"query-input\":{\"@type\":\"PropertyValueSpecification\",\"valueRequired\":true,\"valueName\":\"search_term_string\"}}],\"inLanguage\":\"de\"},{\"@type\":\"Organization\",\"@id\":\"https:\/\/coffeelounge.delonghi.com\/de\/#organization\",\"name\":\"De'Longhi Coffee Lounge\",\"url\":\"https:\/\/coffeelounge.delonghi.com\/de\/\",\"logo\":{\"@type\":\"ImageObject\",\"inLanguage\":\"de\",\"@id\":\"https:\/\/coffeelounge.delonghi.com\/de\/#\/schema\/logo\/image\/\",\"url\":\"https:\/\/coffeelounge.delonghi.com\/wp-content\/uploads\/2020\/05\/delonghi-coffee-lounge-logo-nederland.png\",\"contentUrl\":\"https:\/\/coffeelounge.delonghi.com\/wp-content\/uploads\/2020\/05\/delonghi-coffee-lounge-logo-nederland.png\",\"width\":2337,\"height\":724,\"caption\":\"De'Longhi Coffee Lounge\"},\"image\":{\"@id\":\"https:\/\/coffeelounge.delonghi.com\/de\/#\/schema\/logo\/image\/\"}}]}<\/script>\n<!-- \/ Yoast SEO Premium plugin. -->","yoast_head_json":{"title":"Wilderer Espresso | Coffee Lounge De&#039;Longhi","description":"Der Wilderer Espresso von Wildkaffee ist sicherlich nichts f\u00fcr schwache Nerven. Erfahren Sie mehr bei der Coffee Lounge.","robots":{"index":"index","follow":"follow","max-snippet":"max-snippet:-1","max-image-preview":"max-image-preview:large","max-video-preview":"max-video-preview:-1"},"twitter_card":"summary_large_image","twitter_title":"Wilderer Espresso | Coffee Lounge De&#039;Longhi","twitter_description":"Der Wilderer Espresso von Wildkaffee ist sicherlich nichts f\u00fcr schwache Nerven. Erfahren Sie mehr bei der Coffee Lounge.","twitter_image":"https:\/\/coffeelounge.delonghi.com\/wp-content\/uploads\/2021\/05\/wilderer_espresso.png","schema":{"@context":"https:\/\/schema.org","@graph":[{"@type":"WebPage","@id":"https:\/\/coffeelounge.delonghi.com\/de\/produkt\/wildkaffee-wilderer-espresso\/","url":"https:\/\/coffeelounge.delonghi.com\/de\/produkt\/wildkaffee-wilderer-espresso\/","name":"Wilderer Espresso | Coffee Lounge De&#039;Longhi","isPartOf":{"@id":"https:\/\/coffeelounge.delonghi.com\/de\/#website"},"primaryImageOfPage":{"@id":"https:\/\/coffeelounge.delonghi.com\/de\/produkt\/wildkaffee-wilderer-espresso\/#primaryimage"},"image":{"@id":"https:\/\/coffeelounge.delonghi.com\/de\/produkt\/wildkaffee-wilderer-espresso\/#primaryimage"},"thumbnailUrl":"https:\/\/coffeelounge.delonghi.com\/wp-content\/uploads\/2021\/05\/wilderer_espresso.png","datePublished":"2021-05-12T12:45:40+00:00","dateModified":"2024-03-04T09:32:13+00:00","description":"Der Wilderer Espresso von Wildkaffee ist sicherlich nichts f\u00fcr schwache Nerven. Erfahren Sie mehr bei der Coffee Lounge.","breadcrumb":{"@id":"https:\/\/coffeelounge.delonghi.com\/de\/produkt\/wildkaffee-wilderer-espresso\/#breadcrumb"},"inLanguage":"de","potentialAction":[{"@type":"ReadAction","target":["https:\/\/coffeelounge.delonghi.com\/de\/produkt\/wildkaffee-wilderer-espresso\/"]}]},{"@type":"ImageObject","inLanguage":"de","@id":"https:\/\/coffeelounge.delonghi.com\/de\/produkt\/wildkaffee-wilderer-espresso\/#primaryimage","url":"https:\/\/coffeelounge.delonghi.com\/wp-content\/uploads\/2021\/05\/wilderer_espresso.png","contentUrl":"https:\/\/coffeelounge.delonghi.com\/wp-content\/uploads\/2021\/05\/wilderer_espresso.png","width":750,"height":750},{"@type":"BreadcrumbList","@id":"https:\/\/coffeelounge.delonghi.com\/de\/produkt\/wildkaffee-wilderer-espresso\/#breadcrumb","itemListElement":[{"@type":"ListItem","position":1,"name":"Home","item":"https:\/\/coffeelounge.delonghi.com\/de\/"},{"@type":"ListItem","position":2,"name":"Produkte","item":"https:\/\/coffeelounge.delonghi.com\/de\/produkte\/"},{"@type":"ListItem","position":3,"name":"Wilderer Espresso"}]},{"@type":"WebSite","@id":"https:\/\/coffeelounge.delonghi.com\/de\/#website","url":"https:\/\/coffeelounge.delonghi.com\/de\/","name":"De&#039;Longhi","description":"Coffee Lounge","publisher":{"@id":"https:\/\/coffeelounge.delonghi.com\/de\/#organization"},"potentialAction":[{"@type":"SearchAction","target":{"@type":"EntryPoint","urlTemplate":"https:\/\/coffeelounge.delonghi.com\/de\/?s={search_term_string}"},"query-input":{"@type":"PropertyValueSpecification","valueRequired":true,"valueName":"search_term_string"}}],"inLanguage":"de"},{"@type":"Organization","@id":"https:\/\/coffeelounge.delonghi.com\/de\/#organization","name":"De'Longhi Coffee Lounge","url":"https:\/\/coffeelounge.delonghi.com\/de\/","logo":{"@type":"ImageObject","inLanguage":"de","@id":"https:\/\/coffeelounge.delonghi.com\/de\/#\/schema\/logo\/image\/","url":"https:\/\/coffeelounge.delonghi.com\/wp-content\/uploads\/2020\/05\/delonghi-coffee-lounge-logo-nederland.png","contentUrl":"https:\/\/coffeelounge.delonghi.com\/wp-content\/uploads\/2020\/05\/delonghi-coffee-lounge-logo-nederland.png","width":2337,"height":724,"caption":"De'Longhi Coffee Lounge"},"image":{"@id":"https:\/\/coffeelounge.delonghi.com\/de\/#\/schema\/logo\/image\/"}}]}},"_links":{"self":[{"href":"https:\/\/coffeelounge.delonghi.com\/de\/wp-json\/wp\/v2\/product\/29119","targetHints":{"allow":["GET"]}}],"collection":[{"href":"https:\/\/coffeelounge.delonghi.com\/de\/wp-json\/wp\/v2\/product"}],"about":[{"href":"https:\/\/coffeelounge.delonghi.com\/de\/wp-json\/wp\/v2\/types\/product"}],"replies":[{"embeddable":true,"href":"https:\/\/coffeelounge.delonghi.com\/de\/wp-json\/wp\/v2\/comments?post=29119"}],"version-history":[{"count":3,"href":"https:\/\/coffeelounge.delonghi.com\/de\/wp-json\/wp\/v2\/product\/29119\/revisions"}],"predecessor-version":[{"id":422160,"href":"https:\/\/coffeelounge.delonghi.com\/de\/wp-json\/wp\/v2\/product\/29119\/revisions\/422160"}],"wp:featuredmedia":[{"embeddable":true,"href":"https:\/\/coffeelounge.delonghi.com\/de\/wp-json\/wp\/v2\/media\/421690"}],"wp:attachment":[{"href":"https:\/\/coffeelounge.delonghi.com\/de\/wp-json\/wp\/v2\/media?parent=29119"}],"wp:term":[{"taxonomy":"product_cat","embeddable":true,"href":"https:\/\/coffeelounge.delonghi.com\/de\/wp-json\/wp\/v2\/product_cat?post=29119"},{"taxonomy":"product_tag","embeddable":true,"href":"https:\/\/coffeelounge.delonghi.com\/de\/wp-json\/wp\/v2\/product_tag?post=29119"}],"curies":[{"name":"wp","href":"https:\/\/api.w.org\/{rel}","templated":true}]}}