{"id":28807,"date":"2021-05-11T09:21:39","date_gmt":"2021-05-11T09:21:39","guid":{"rendered":"https:\/\/coffeelounge.delonghi.com\/?post_type=product&#038;p=28807"},"modified":"2024-03-04T09:32:22","modified_gmt":"2024-03-04T09:32:22","slug":"wildkaffee-hausespresso","status":"publish","type":"product","link":"https:\/\/coffeelounge.delonghi.com\/de\/produkt\/wildkaffee-hausespresso\/","title":{"rendered":"Hausespresso"},"content":{"rendered":"<p>Dieser Kaffee eignet sich am besten f\u00fcr die Zubereitung im Siebtr\u00e4ger, dem Vollautomaten oder in der Herdkanne.<\/p>\n<p>Im Jahre 1892 gr\u00fcndete Leonhard Panholzer in Partenkirchen einen Lebensmittelladen, in dem er auch ger\u00f6steten Kaffee aus einer kleinen R\u00f6sterei verkaufte. Damals ist das noch eine richtige Rarit\u00e4t, denn die Kunst des Kaffeer\u00f6stens ist noch weitestgehend unbekannt.<\/p>\n<p>Die Leidenschaft f\u00fcr qualitativ hochwertigen Kaffee hat sich in der Familie durchgesetzt. Rund 120 Jahre sp\u00e4ter griff sein Urgro\u00dfenkel, Leonhard Wild, genannt Hardi diese Idee wieder auf und gr\u00fcndet zusammen mit seiner Frau Steffi die erste Kaffeer\u00f6sterei in Garmisch-Partenkirchen.<\/p>\n<p>Dieser 100%-Arabica-Espresso-Blend besteht aus 60% Brasilien, 20% El Salvador und 20% Guatemala Rohkaffee.<\/p>\n","protected":false},"excerpt":{"rendered":"<p>Dieser Kaffee eignet sich am besten f\u00fcr die Zubereitung im Siebtr\u00e4ger, dem Vollautomaten oder in der Herdkanne. Im Jahre 1892 gr\u00fcndete Leonhard Panholzer in Partenkirchen einen Lebensmittelladen, in dem er auch ger\u00f6steten Kaffee aus einer kleinen R\u00f6sterei verkaufte. Damals ist das noch eine richtige Rarit\u00e4t, denn die Kunst des Kaffeer\u00f6stens ist noch weitestgehend unbekannt. Die [&hellip;]<\/p>\n","protected":false},"featured_media":421677,"comment_status":"closed","ping_status":"closed","template":"","meta":{"_acf_changed":false},"product_cat":[262,364,277],"product_tag":[],"class_list":{"0":"post-28807","1":"product","2":"type-product","3":"status-publish","4":"has-post-thumbnail","6":"product_cat-alle-kaffees","7":"product_cat-blend","8":"product_cat-spezialitaetenkaffee","10":"first","11":"instock","12":"taxable","13":"shipping-taxable","14":"purchasable","15":"product-type-variable"},"acf":[],"yoast_head":"<!-- This site is optimized with the Yoast SEO Premium plugin v24.5 (Yoast SEO v24.5) - https:\/\/yoast.com\/wordpress\/plugins\/seo\/ -->\n<title>Hausespresso | Coffee Lounge De&#039;Longhi<\/title>\n<meta name=\"description\" content=\"Der Hausespresso von Wildkaffee ist tief verwurzelt mit der Familientradition der R\u00f6sterei. Erfahren Sie mehr in der Coffee Lounge\" \/>\n<meta name=\"robots\" content=\"index, follow, max-snippet:-1, max-image-preview:large, max-video-preview:-1\" \/>\n<meta name=\"twitter:card\" content=\"summary_large_image\" \/>\n<meta name=\"twitter:title\" content=\"Hausespresso | Coffee Lounge De&#039;Longhi\" \/>\n<meta name=\"twitter:description\" content=\"Der Hausespresso von Wildkaffee ist tief verwurzelt mit der Familientradition der R\u00f6sterei. Erfahren Sie mehr in der Coffee Lounge\" \/>\n<meta name=\"twitter:image\" content=\"https:\/\/coffeelounge.delonghi.com\/wp-content\/uploads\/2021\/05\/hausespresso.png\" \/>\n<script type=\"application\/ld+json\" class=\"yoast-schema-graph\">{\"@context\":\"https:\/\/schema.org\",\"@graph\":[{\"@type\":\"WebPage\",\"@id\":\"https:\/\/coffeelounge.delonghi.com\/de\/produkt\/wildkaffee-hausespresso\/\",\"url\":\"https:\/\/coffeelounge.delonghi.com\/de\/produkt\/wildkaffee-hausespresso\/\",\"name\":\"Hausespresso | Coffee Lounge De&#039;Longhi\",\"isPartOf\":{\"@id\":\"https:\/\/coffeelounge.delonghi.com\/de\/#website\"},\"primaryImageOfPage\":{\"@id\":\"https:\/\/coffeelounge.delonghi.com\/de\/produkt\/wildkaffee-hausespresso\/#primaryimage\"},\"image\":{\"@id\":\"https:\/\/coffeelounge.delonghi.com\/de\/produkt\/wildkaffee-hausespresso\/#primaryimage\"},\"thumbnailUrl\":\"https:\/\/coffeelounge.delonghi.com\/wp-content\/uploads\/2021\/05\/hausespresso.png\",\"datePublished\":\"2021-05-11T09:21:39+00:00\",\"dateModified\":\"2024-03-04T09:32:22+00:00\",\"description\":\"Der Hausespresso von Wildkaffee ist tief verwurzelt mit der Familientradition der R\u00f6sterei. Erfahren Sie mehr in der Coffee Lounge\",\"breadcrumb\":{\"@id\":\"https:\/\/coffeelounge.delonghi.com\/de\/produkt\/wildkaffee-hausespresso\/#breadcrumb\"},\"inLanguage\":\"de\",\"potentialAction\":[{\"@type\":\"ReadAction\",\"target\":[\"https:\/\/coffeelounge.delonghi.com\/de\/produkt\/wildkaffee-hausespresso\/\"]}]},{\"@type\":\"ImageObject\",\"inLanguage\":\"de\",\"@id\":\"https:\/\/coffeelounge.delonghi.com\/de\/produkt\/wildkaffee-hausespresso\/#primaryimage\",\"url\":\"https:\/\/coffeelounge.delonghi.com\/wp-content\/uploads\/2021\/05\/hausespresso.png\",\"contentUrl\":\"https:\/\/coffeelounge.delonghi.com\/wp-content\/uploads\/2021\/05\/hausespresso.png\",\"width\":750,\"height\":750},{\"@type\":\"BreadcrumbList\",\"@id\":\"https:\/\/coffeelounge.delonghi.com\/de\/produkt\/wildkaffee-hausespresso\/#breadcrumb\",\"itemListElement\":[{\"@type\":\"ListItem\",\"position\":1,\"name\":\"Home\",\"item\":\"https:\/\/coffeelounge.delonghi.com\/de\/\"},{\"@type\":\"ListItem\",\"position\":2,\"name\":\"Produkte\",\"item\":\"https:\/\/coffeelounge.delonghi.com\/de\/produkte\/\"},{\"@type\":\"ListItem\",\"position\":3,\"name\":\"Hausespresso\"}]},{\"@type\":\"WebSite\",\"@id\":\"https:\/\/coffeelounge.delonghi.com\/de\/#website\",\"url\":\"https:\/\/coffeelounge.delonghi.com\/de\/\",\"name\":\"De&#039;Longhi\",\"description\":\"Coffee Lounge\",\"publisher\":{\"@id\":\"https:\/\/coffeelounge.delonghi.com\/de\/#organization\"},\"potentialAction\":[{\"@type\":\"SearchAction\",\"target\":{\"@type\":\"EntryPoint\",\"urlTemplate\":\"https:\/\/coffeelounge.delonghi.com\/de\/?s={search_term_string}\"},\"query-input\":{\"@type\":\"PropertyValueSpecification\",\"valueRequired\":true,\"valueName\":\"search_term_string\"}}],\"inLanguage\":\"de\"},{\"@type\":\"Organization\",\"@id\":\"https:\/\/coffeelounge.delonghi.com\/de\/#organization\",\"name\":\"De'Longhi Coffee Lounge\",\"url\":\"https:\/\/coffeelounge.delonghi.com\/de\/\",\"logo\":{\"@type\":\"ImageObject\",\"inLanguage\":\"de\",\"@id\":\"https:\/\/coffeelounge.delonghi.com\/de\/#\/schema\/logo\/image\/\",\"url\":\"https:\/\/coffeelounge.delonghi.com\/wp-content\/uploads\/2020\/05\/delonghi-coffee-lounge-logo-nederland.png\",\"contentUrl\":\"https:\/\/coffeelounge.delonghi.com\/wp-content\/uploads\/2020\/05\/delonghi-coffee-lounge-logo-nederland.png\",\"width\":2337,\"height\":724,\"caption\":\"De'Longhi Coffee Lounge\"},\"image\":{\"@id\":\"https:\/\/coffeelounge.delonghi.com\/de\/#\/schema\/logo\/image\/\"}}]}<\/script>\n<!-- \/ Yoast SEO Premium plugin. -->","yoast_head_json":{"title":"Hausespresso | Coffee Lounge De&#039;Longhi","description":"Der Hausespresso von Wildkaffee ist tief verwurzelt mit der Familientradition der R\u00f6sterei. Erfahren Sie mehr in der Coffee Lounge","robots":{"index":"index","follow":"follow","max-snippet":"max-snippet:-1","max-image-preview":"max-image-preview:large","max-video-preview":"max-video-preview:-1"},"twitter_card":"summary_large_image","twitter_title":"Hausespresso | Coffee Lounge De&#039;Longhi","twitter_description":"Der Hausespresso von Wildkaffee ist tief verwurzelt mit der Familientradition der R\u00f6sterei. Erfahren Sie mehr in der Coffee Lounge","twitter_image":"https:\/\/coffeelounge.delonghi.com\/wp-content\/uploads\/2021\/05\/hausespresso.png","schema":{"@context":"https:\/\/schema.org","@graph":[{"@type":"WebPage","@id":"https:\/\/coffeelounge.delonghi.com\/de\/produkt\/wildkaffee-hausespresso\/","url":"https:\/\/coffeelounge.delonghi.com\/de\/produkt\/wildkaffee-hausespresso\/","name":"Hausespresso | Coffee Lounge De&#039;Longhi","isPartOf":{"@id":"https:\/\/coffeelounge.delonghi.com\/de\/#website"},"primaryImageOfPage":{"@id":"https:\/\/coffeelounge.delonghi.com\/de\/produkt\/wildkaffee-hausespresso\/#primaryimage"},"image":{"@id":"https:\/\/coffeelounge.delonghi.com\/de\/produkt\/wildkaffee-hausespresso\/#primaryimage"},"thumbnailUrl":"https:\/\/coffeelounge.delonghi.com\/wp-content\/uploads\/2021\/05\/hausespresso.png","datePublished":"2021-05-11T09:21:39+00:00","dateModified":"2024-03-04T09:32:22+00:00","description":"Der Hausespresso von Wildkaffee ist tief verwurzelt mit der Familientradition der R\u00f6sterei. Erfahren Sie mehr in der Coffee Lounge","breadcrumb":{"@id":"https:\/\/coffeelounge.delonghi.com\/de\/produkt\/wildkaffee-hausespresso\/#breadcrumb"},"inLanguage":"de","potentialAction":[{"@type":"ReadAction","target":["https:\/\/coffeelounge.delonghi.com\/de\/produkt\/wildkaffee-hausespresso\/"]}]},{"@type":"ImageObject","inLanguage":"de","@id":"https:\/\/coffeelounge.delonghi.com\/de\/produkt\/wildkaffee-hausespresso\/#primaryimage","url":"https:\/\/coffeelounge.delonghi.com\/wp-content\/uploads\/2021\/05\/hausespresso.png","contentUrl":"https:\/\/coffeelounge.delonghi.com\/wp-content\/uploads\/2021\/05\/hausespresso.png","width":750,"height":750},{"@type":"BreadcrumbList","@id":"https:\/\/coffeelounge.delonghi.com\/de\/produkt\/wildkaffee-hausespresso\/#breadcrumb","itemListElement":[{"@type":"ListItem","position":1,"name":"Home","item":"https:\/\/coffeelounge.delonghi.com\/de\/"},{"@type":"ListItem","position":2,"name":"Produkte","item":"https:\/\/coffeelounge.delonghi.com\/de\/produkte\/"},{"@type":"ListItem","position":3,"name":"Hausespresso"}]},{"@type":"WebSite","@id":"https:\/\/coffeelounge.delonghi.com\/de\/#website","url":"https:\/\/coffeelounge.delonghi.com\/de\/","name":"De&#039;Longhi","description":"Coffee Lounge","publisher":{"@id":"https:\/\/coffeelounge.delonghi.com\/de\/#organization"},"potentialAction":[{"@type":"SearchAction","target":{"@type":"EntryPoint","urlTemplate":"https:\/\/coffeelounge.delonghi.com\/de\/?s={search_term_string}"},"query-input":{"@type":"PropertyValueSpecification","valueRequired":true,"valueName":"search_term_string"}}],"inLanguage":"de"},{"@type":"Organization","@id":"https:\/\/coffeelounge.delonghi.com\/de\/#organization","name":"De'Longhi Coffee Lounge","url":"https:\/\/coffeelounge.delonghi.com\/de\/","logo":{"@type":"ImageObject","inLanguage":"de","@id":"https:\/\/coffeelounge.delonghi.com\/de\/#\/schema\/logo\/image\/","url":"https:\/\/coffeelounge.delonghi.com\/wp-content\/uploads\/2020\/05\/delonghi-coffee-lounge-logo-nederland.png","contentUrl":"https:\/\/coffeelounge.delonghi.com\/wp-content\/uploads\/2020\/05\/delonghi-coffee-lounge-logo-nederland.png","width":2337,"height":724,"caption":"De'Longhi Coffee Lounge"},"image":{"@id":"https:\/\/coffeelounge.delonghi.com\/de\/#\/schema\/logo\/image\/"}}]}},"_links":{"self":[{"href":"https:\/\/coffeelounge.delonghi.com\/de\/wp-json\/wp\/v2\/product\/28807","targetHints":{"allow":["GET"]}}],"collection":[{"href":"https:\/\/coffeelounge.delonghi.com\/de\/wp-json\/wp\/v2\/product"}],"about":[{"href":"https:\/\/coffeelounge.delonghi.com\/de\/wp-json\/wp\/v2\/types\/product"}],"replies":[{"embeddable":true,"href":"https:\/\/coffeelounge.delonghi.com\/de\/wp-json\/wp\/v2\/comments?post=28807"}],"version-history":[{"count":2,"href":"https:\/\/coffeelounge.delonghi.com\/de\/wp-json\/wp\/v2\/product\/28807\/revisions"}],"predecessor-version":[{"id":422161,"href":"https:\/\/coffeelounge.delonghi.com\/de\/wp-json\/wp\/v2\/product\/28807\/revisions\/422161"}],"wp:featuredmedia":[{"embeddable":true,"href":"https:\/\/coffeelounge.delonghi.com\/de\/wp-json\/wp\/v2\/media\/421677"}],"wp:attachment":[{"href":"https:\/\/coffeelounge.delonghi.com\/de\/wp-json\/wp\/v2\/media?parent=28807"}],"wp:term":[{"taxonomy":"product_cat","embeddable":true,"href":"https:\/\/coffeelounge.delonghi.com\/de\/wp-json\/wp\/v2\/product_cat?post=28807"},{"taxonomy":"product_tag","embeddable":true,"href":"https:\/\/coffeelounge.delonghi.com\/de\/wp-json\/wp\/v2\/product_tag?post=28807"}],"curies":[{"name":"wp","href":"https:\/\/api.w.org\/{rel}","templated":true}]}}