{"id":28771,"date":"2021-05-11T08:27:31","date_gmt":"2021-05-11T08:27:31","guid":{"rendered":"https:\/\/coffeelounge.delonghi.com\/?post_type=product&#038;p=28771"},"modified":"2024-03-04T09:32:36","modified_gmt":"2024-03-04T09:32:36","slug":"wildkaffee-brasil-capim-branco","status":"publish","type":"product","link":"https:\/\/coffeelounge.delonghi.com\/de\/produkt\/wildkaffee-brasil-capim-branco\/","title":{"rendered":"Brasil Capim Branco"},"content":{"rendered":"<p>Dieser Kaffee eignet sich f\u00fcr alle Zubereitungsarten.<\/p>\n<p>Die Geschichte der Familie Andrade begann bereits 1900 auf der Finca Capim Branco in der Region Carmo do Parana\u00edba mit einem Ziel: Qualitativ hochwertigen Kaffee herzustellen.<\/p>\n<p>Die Finca ist einer der \u00e4ltesten Estate Coffees in Brasilien und ist ber\u00fchmt f\u00fcr seine Kaffeespezialit\u00e4ten. Die Farm fasst rund 1.500.000 B\u00e4ume und ist 300 Hektar gro\u00df. Angebaut wird hier nur die Variet\u00e4t Yellow Catuai.<\/p>\n<p>W\u00e4hrend der Erntezeit, zwischen Mai und August werden rund 25 Arbeiter besch\u00e4ftigt. Die Kombination aus den nat\u00fcrlichen Bedingungen der Region, der Ernteplanung, sowie der Nachernte mit besonderer Auswahlkriterien f\u00fcr die Kirschen, sowie der nat\u00fcrlichen Trocknung, sind das Ergebnis von einer ausgezeichneten Qualit\u00e4t, preisgekr\u00f6nter Bohnen, die weltweit gesch\u00e4tzt werden.<\/p>\n<p>Unser Kaffee dieser Finca ist ein zertifizierter Kaffee der Brazil Specialty Coffee Association (BSCA). Dieser Verbund f\u00f6rdert den Anbau, sowie die Verbreitung brasilianischer Spezialit\u00e4tenkaffees.<\/p>\n","protected":false},"excerpt":{"rendered":"<p>Dieser Kaffee eignet sich f\u00fcr alle Zubereitungsarten. Die Geschichte der Familie Andrade begann bereits 1900 auf der Finca Capim Branco in der Region Carmo do Parana\u00edba mit einem Ziel: Qualitativ hochwertigen Kaffee herzustellen. Die Finca ist einer der \u00e4ltesten Estate Coffees in Brasilien und ist ber\u00fchmt f\u00fcr seine Kaffeespezialit\u00e4ten. Die Farm fasst rund 1.500.000 B\u00e4ume [&hellip;]<\/p>\n","protected":false},"featured_media":222383,"comment_status":"closed","ping_status":"closed","template":"","meta":{"_acf_changed":false},"product_cat":[262,261,277],"product_tag":[],"class_list":{"0":"post-28771","1":"product","2":"type-product","3":"status-publish","4":"has-post-thumbnail","6":"product_cat-alle-kaffees","7":"product_cat-single-origin","8":"product_cat-spezialitaetenkaffee","10":"first","11":"instock","12":"taxable","13":"shipping-taxable","14":"purchasable","15":"product-type-variable"},"acf":[],"yoast_head":"<!-- This site is optimized with the Yoast SEO Premium plugin v24.5 (Yoast SEO v24.5) - https:\/\/yoast.com\/wordpress\/plugins\/seo\/ -->\n<title>Brasil Capim Branco | Coffee Lounge De&#039;Longhi<\/title>\n<meta name=\"description\" content=\"Dieser Spezialit\u00e4tenkaffee von der Finca Capim Branco ist ein wahres Famielienprodukt. Erfahren Sie mehr in der Coffee Lounge.\" \/>\n<meta name=\"robots\" content=\"index, follow, max-snippet:-1, max-image-preview:large, max-video-preview:-1\" \/>\n<meta name=\"twitter:card\" content=\"summary_large_image\" \/>\n<meta name=\"twitter:title\" content=\"Brasil Capim Branco | Coffee Lounge De&#039;Longhi\" \/>\n<meta name=\"twitter:description\" content=\"Dieser Spezialit\u00e4tenkaffee von der Finca Capim Branco ist ein wahres Famielienprodukt. Erfahren Sie mehr in der Coffee Lounge.\" \/>\n<meta name=\"twitter:image\" content=\"https:\/\/coffeelounge.delonghi.com\/wp-content\/uploads\/2021\/05\/Brasilcapimbranco_mittlere_roestung_frenchpresskaffee.png\" \/>\n<script type=\"application\/ld+json\" class=\"yoast-schema-graph\">{\"@context\":\"https:\/\/schema.org\",\"@graph\":[{\"@type\":\"WebPage\",\"@id\":\"https:\/\/coffeelounge.delonghi.com\/de\/produkt\/wildkaffee-brasil-capim-branco\/\",\"url\":\"https:\/\/coffeelounge.delonghi.com\/de\/produkt\/wildkaffee-brasil-capim-branco\/\",\"name\":\"Brasil Capim Branco | Coffee Lounge De&#039;Longhi\",\"isPartOf\":{\"@id\":\"https:\/\/coffeelounge.delonghi.com\/de\/#website\"},\"primaryImageOfPage\":{\"@id\":\"https:\/\/coffeelounge.delonghi.com\/de\/produkt\/wildkaffee-brasil-capim-branco\/#primaryimage\"},\"image\":{\"@id\":\"https:\/\/coffeelounge.delonghi.com\/de\/produkt\/wildkaffee-brasil-capim-branco\/#primaryimage\"},\"thumbnailUrl\":\"https:\/\/coffeelounge.delonghi.com\/wp-content\/uploads\/2021\/05\/Brasilcapimbranco_mittlere_roestung_frenchpresskaffee.png\",\"datePublished\":\"2021-05-11T08:27:31+00:00\",\"dateModified\":\"2024-03-04T09:32:36+00:00\",\"description\":\"Dieser Spezialit\u00e4tenkaffee von der Finca Capim Branco ist ein wahres Famielienprodukt. Erfahren Sie mehr in der Coffee Lounge.\",\"breadcrumb\":{\"@id\":\"https:\/\/coffeelounge.delonghi.com\/de\/produkt\/wildkaffee-brasil-capim-branco\/#breadcrumb\"},\"inLanguage\":\"de\",\"potentialAction\":[{\"@type\":\"ReadAction\",\"target\":[\"https:\/\/coffeelounge.delonghi.com\/de\/produkt\/wildkaffee-brasil-capim-branco\/\"]}]},{\"@type\":\"ImageObject\",\"inLanguage\":\"de\",\"@id\":\"https:\/\/coffeelounge.delonghi.com\/de\/produkt\/wildkaffee-brasil-capim-branco\/#primaryimage\",\"url\":\"https:\/\/coffeelounge.delonghi.com\/wp-content\/uploads\/2021\/05\/Brasilcapimbranco_mittlere_roestung_frenchpresskaffee.png\",\"contentUrl\":\"https:\/\/coffeelounge.delonghi.com\/wp-content\/uploads\/2021\/05\/Brasilcapimbranco_mittlere_roestung_frenchpresskaffee.png\",\"width\":750,\"height\":750,\"caption\":\"Wildkaffee Brasil Capim Branco\"},{\"@type\":\"BreadcrumbList\",\"@id\":\"https:\/\/coffeelounge.delonghi.com\/de\/produkt\/wildkaffee-brasil-capim-branco\/#breadcrumb\",\"itemListElement\":[{\"@type\":\"ListItem\",\"position\":1,\"name\":\"Home\",\"item\":\"https:\/\/coffeelounge.delonghi.com\/de\/\"},{\"@type\":\"ListItem\",\"position\":2,\"name\":\"Produkte\",\"item\":\"https:\/\/coffeelounge.delonghi.com\/de\/produkte\/\"},{\"@type\":\"ListItem\",\"position\":3,\"name\":\"Brasil Capim Branco\"}]},{\"@type\":\"WebSite\",\"@id\":\"https:\/\/coffeelounge.delonghi.com\/de\/#website\",\"url\":\"https:\/\/coffeelounge.delonghi.com\/de\/\",\"name\":\"De&#039;Longhi\",\"description\":\"Coffee Lounge\",\"publisher\":{\"@id\":\"https:\/\/coffeelounge.delonghi.com\/de\/#organization\"},\"potentialAction\":[{\"@type\":\"SearchAction\",\"target\":{\"@type\":\"EntryPoint\",\"urlTemplate\":\"https:\/\/coffeelounge.delonghi.com\/de\/?s={search_term_string}\"},\"query-input\":{\"@type\":\"PropertyValueSpecification\",\"valueRequired\":true,\"valueName\":\"search_term_string\"}}],\"inLanguage\":\"de\"},{\"@type\":\"Organization\",\"@id\":\"https:\/\/coffeelounge.delonghi.com\/de\/#organization\",\"name\":\"De'Longhi Coffee Lounge\",\"url\":\"https:\/\/coffeelounge.delonghi.com\/de\/\",\"logo\":{\"@type\":\"ImageObject\",\"inLanguage\":\"de\",\"@id\":\"https:\/\/coffeelounge.delonghi.com\/de\/#\/schema\/logo\/image\/\",\"url\":\"https:\/\/coffeelounge.delonghi.com\/wp-content\/uploads\/2020\/05\/delonghi-coffee-lounge-logo-nederland.png\",\"contentUrl\":\"https:\/\/coffeelounge.delonghi.com\/wp-content\/uploads\/2020\/05\/delonghi-coffee-lounge-logo-nederland.png\",\"width\":2337,\"height\":724,\"caption\":\"De'Longhi Coffee Lounge\"},\"image\":{\"@id\":\"https:\/\/coffeelounge.delonghi.com\/de\/#\/schema\/logo\/image\/\"}}]}<\/script>\n<!-- \/ Yoast SEO Premium plugin. -->","yoast_head_json":{"title":"Brasil Capim Branco | Coffee Lounge De&#039;Longhi","description":"Dieser Spezialit\u00e4tenkaffee von der Finca Capim Branco ist ein wahres Famielienprodukt. Erfahren Sie mehr in der Coffee Lounge.","robots":{"index":"index","follow":"follow","max-snippet":"max-snippet:-1","max-image-preview":"max-image-preview:large","max-video-preview":"max-video-preview:-1"},"twitter_card":"summary_large_image","twitter_title":"Brasil Capim Branco | Coffee Lounge De&#039;Longhi","twitter_description":"Dieser Spezialit\u00e4tenkaffee von der Finca Capim Branco ist ein wahres Famielienprodukt. Erfahren Sie mehr in der Coffee Lounge.","twitter_image":"https:\/\/coffeelounge.delonghi.com\/wp-content\/uploads\/2021\/05\/Brasilcapimbranco_mittlere_roestung_frenchpresskaffee.png","schema":{"@context":"https:\/\/schema.org","@graph":[{"@type":"WebPage","@id":"https:\/\/coffeelounge.delonghi.com\/de\/produkt\/wildkaffee-brasil-capim-branco\/","url":"https:\/\/coffeelounge.delonghi.com\/de\/produkt\/wildkaffee-brasil-capim-branco\/","name":"Brasil Capim Branco | Coffee Lounge De&#039;Longhi","isPartOf":{"@id":"https:\/\/coffeelounge.delonghi.com\/de\/#website"},"primaryImageOfPage":{"@id":"https:\/\/coffeelounge.delonghi.com\/de\/produkt\/wildkaffee-brasil-capim-branco\/#primaryimage"},"image":{"@id":"https:\/\/coffeelounge.delonghi.com\/de\/produkt\/wildkaffee-brasil-capim-branco\/#primaryimage"},"thumbnailUrl":"https:\/\/coffeelounge.delonghi.com\/wp-content\/uploads\/2021\/05\/Brasilcapimbranco_mittlere_roestung_frenchpresskaffee.png","datePublished":"2021-05-11T08:27:31+00:00","dateModified":"2024-03-04T09:32:36+00:00","description":"Dieser Spezialit\u00e4tenkaffee von der Finca Capim Branco ist ein wahres Famielienprodukt. Erfahren Sie mehr in der Coffee Lounge.","breadcrumb":{"@id":"https:\/\/coffeelounge.delonghi.com\/de\/produkt\/wildkaffee-brasil-capim-branco\/#breadcrumb"},"inLanguage":"de","potentialAction":[{"@type":"ReadAction","target":["https:\/\/coffeelounge.delonghi.com\/de\/produkt\/wildkaffee-brasil-capim-branco\/"]}]},{"@type":"ImageObject","inLanguage":"de","@id":"https:\/\/coffeelounge.delonghi.com\/de\/produkt\/wildkaffee-brasil-capim-branco\/#primaryimage","url":"https:\/\/coffeelounge.delonghi.com\/wp-content\/uploads\/2021\/05\/Brasilcapimbranco_mittlere_roestung_frenchpresskaffee.png","contentUrl":"https:\/\/coffeelounge.delonghi.com\/wp-content\/uploads\/2021\/05\/Brasilcapimbranco_mittlere_roestung_frenchpresskaffee.png","width":750,"height":750,"caption":"Wildkaffee Brasil Capim Branco"},{"@type":"BreadcrumbList","@id":"https:\/\/coffeelounge.delonghi.com\/de\/produkt\/wildkaffee-brasil-capim-branco\/#breadcrumb","itemListElement":[{"@type":"ListItem","position":1,"name":"Home","item":"https:\/\/coffeelounge.delonghi.com\/de\/"},{"@type":"ListItem","position":2,"name":"Produkte","item":"https:\/\/coffeelounge.delonghi.com\/de\/produkte\/"},{"@type":"ListItem","position":3,"name":"Brasil Capim Branco"}]},{"@type":"WebSite","@id":"https:\/\/coffeelounge.delonghi.com\/de\/#website","url":"https:\/\/coffeelounge.delonghi.com\/de\/","name":"De&#039;Longhi","description":"Coffee Lounge","publisher":{"@id":"https:\/\/coffeelounge.delonghi.com\/de\/#organization"},"potentialAction":[{"@type":"SearchAction","target":{"@type":"EntryPoint","urlTemplate":"https:\/\/coffeelounge.delonghi.com\/de\/?s={search_term_string}"},"query-input":{"@type":"PropertyValueSpecification","valueRequired":true,"valueName":"search_term_string"}}],"inLanguage":"de"},{"@type":"Organization","@id":"https:\/\/coffeelounge.delonghi.com\/de\/#organization","name":"De'Longhi Coffee Lounge","url":"https:\/\/coffeelounge.delonghi.com\/de\/","logo":{"@type":"ImageObject","inLanguage":"de","@id":"https:\/\/coffeelounge.delonghi.com\/de\/#\/schema\/logo\/image\/","url":"https:\/\/coffeelounge.delonghi.com\/wp-content\/uploads\/2020\/05\/delonghi-coffee-lounge-logo-nederland.png","contentUrl":"https:\/\/coffeelounge.delonghi.com\/wp-content\/uploads\/2020\/05\/delonghi-coffee-lounge-logo-nederland.png","width":2337,"height":724,"caption":"De'Longhi Coffee Lounge"},"image":{"@id":"https:\/\/coffeelounge.delonghi.com\/de\/#\/schema\/logo\/image\/"}}]}},"_links":{"self":[{"href":"https:\/\/coffeelounge.delonghi.com\/de\/wp-json\/wp\/v2\/product\/28771","targetHints":{"allow":["GET"]}}],"collection":[{"href":"https:\/\/coffeelounge.delonghi.com\/de\/wp-json\/wp\/v2\/product"}],"about":[{"href":"https:\/\/coffeelounge.delonghi.com\/de\/wp-json\/wp\/v2\/types\/product"}],"replies":[{"embeddable":true,"href":"https:\/\/coffeelounge.delonghi.com\/de\/wp-json\/wp\/v2\/comments?post=28771"}],"version-history":[{"count":3,"href":"https:\/\/coffeelounge.delonghi.com\/de\/wp-json\/wp\/v2\/product\/28771\/revisions"}],"predecessor-version":[{"id":422163,"href":"https:\/\/coffeelounge.delonghi.com\/de\/wp-json\/wp\/v2\/product\/28771\/revisions\/422163"}],"wp:featuredmedia":[{"embeddable":true,"href":"https:\/\/coffeelounge.delonghi.com\/de\/wp-json\/wp\/v2\/media\/222383"}],"wp:attachment":[{"href":"https:\/\/coffeelounge.delonghi.com\/de\/wp-json\/wp\/v2\/media?parent=28771"}],"wp:term":[{"taxonomy":"product_cat","embeddable":true,"href":"https:\/\/coffeelounge.delonghi.com\/de\/wp-json\/wp\/v2\/product_cat?post=28771"},{"taxonomy":"product_tag","embeddable":true,"href":"https:\/\/coffeelounge.delonghi.com\/de\/wp-json\/wp\/v2\/product_tag?post=28771"}],"curies":[{"name":"wp","href":"https:\/\/api.w.org\/{rel}","templated":true}]}}