{"id":28749,"date":"2021-05-11T08:17:14","date_gmt":"2021-05-11T08:17:14","guid":{"rendered":"https:\/\/coffeelounge.delonghi.com\/?post_type=product&#038;p=28749"},"modified":"2024-03-04T09:32:43","modified_gmt":"2024-03-04T09:32:43","slug":"wildkaffee-bergsonne-espresso","status":"publish","type":"product","link":"https:\/\/coffeelounge.delonghi.com\/de\/produkt\/wildkaffee-bergsonne-espresso\/","title":{"rendered":"Bergsonne Espresso"},"content":{"rendered":"<p>Dieser Kaffee eignet sich am besten f\u00fcr die Zubereitung im Siebtr\u00e4ger, dem Vollautomaten oder in der Herdkanne.<\/p>\n<p>Unsere Bergsonne ist eine Mischung aus zwei verschiedenen L\u00e4nderkaffees: 60% Brasilien und 40% Guatemala. Zusammen mit unserem Hausespresso z\u00e4hlt die Bergsonne zu einer der kr\u00e4ftigsten Arabicamischungen, die wir in unserem Sortiment haben.<\/p>\n","protected":false},"excerpt":{"rendered":"<p>Dieser Kaffee eignet sich am besten f\u00fcr die Zubereitung im Siebtr\u00e4ger, dem Vollautomaten oder in der Herdkanne. Unsere Bergsonne ist eine Mischung aus zwei verschiedenen L\u00e4nderkaffees: 60% Brasilien und 40% Guatemala. Zusammen mit unserem Hausespresso z\u00e4hlt die Bergsonne zu einer der kr\u00e4ftigsten Arabicamischungen, die wir in unserem Sortiment haben.<\/p>\n","protected":false},"featured_media":222370,"comment_status":"closed","ping_status":"closed","template":"","meta":{"_acf_changed":false},"product_cat":[262,364,277],"product_tag":[],"class_list":{"0":"post-28749","1":"product","2":"type-product","3":"status-publish","4":"has-post-thumbnail","6":"product_cat-alle-kaffees","7":"product_cat-blend","8":"product_cat-spezialitaetenkaffee","10":"first","11":"instock","12":"taxable","13":"shipping-taxable","14":"purchasable","15":"product-type-variable","16":"has-default-attributes"},"acf":[],"yoast_head":"<!-- This site is optimized with the Yoast SEO Premium plugin v24.5 (Yoast SEO v24.5) - https:\/\/yoast.com\/wordpress\/plugins\/seo\/ -->\n<title>Bergsonne Espresso | Coffee Lounge De&#039;Longhi<\/title>\n<meta name=\"description\" content=\"Die kr\u00e4ftigste Arabicamischung der R\u00f6sterei Wildkaffee: Der Bergsonne Espresso. Erfahren Sie mehr zum Edelblend in der Coffee Lounge.\" \/>\n<meta name=\"robots\" content=\"index, follow, max-snippet:-1, max-image-preview:large, max-video-preview:-1\" \/>\n<meta name=\"twitter:card\" content=\"summary_large_image\" \/>\n<meta name=\"twitter:title\" content=\"Bergsonne Espresso | Coffee Lounge De&#039;Longhi\" \/>\n<meta name=\"twitter:description\" content=\"Die kr\u00e4ftigste Arabicamischung der R\u00f6sterei Wildkaffee: Der Bergsonne Espresso. Erfahren Sie mehr zum Edelblend in der Coffee Lounge.\" \/>\n<meta name=\"twitter:image\" content=\"https:\/\/coffeelounge.delonghi.com\/wp-content\/uploads\/2021\/05\/bergsonne_dunkle_Roestung_espressokaffee.png\" \/>\n<script type=\"application\/ld+json\" class=\"yoast-schema-graph\">{\"@context\":\"https:\/\/schema.org\",\"@graph\":[{\"@type\":\"WebPage\",\"@id\":\"https:\/\/coffeelounge.delonghi.com\/de\/produkt\/wildkaffee-bergsonne-espresso\/\",\"url\":\"https:\/\/coffeelounge.delonghi.com\/de\/produkt\/wildkaffee-bergsonne-espresso\/\",\"name\":\"Bergsonne Espresso | Coffee Lounge De&#039;Longhi\",\"isPartOf\":{\"@id\":\"https:\/\/coffeelounge.delonghi.com\/de\/#website\"},\"primaryImageOfPage\":{\"@id\":\"https:\/\/coffeelounge.delonghi.com\/de\/produkt\/wildkaffee-bergsonne-espresso\/#primaryimage\"},\"image\":{\"@id\":\"https:\/\/coffeelounge.delonghi.com\/de\/produkt\/wildkaffee-bergsonne-espresso\/#primaryimage\"},\"thumbnailUrl\":\"https:\/\/coffeelounge.delonghi.com\/wp-content\/uploads\/2021\/05\/bergsonne_dunkle_Roestung_espressokaffee.png\",\"datePublished\":\"2021-05-11T08:17:14+00:00\",\"dateModified\":\"2024-03-04T09:32:43+00:00\",\"description\":\"Die kr\u00e4ftigste Arabicamischung der R\u00f6sterei Wildkaffee: Der Bergsonne Espresso. Erfahren Sie mehr zum Edelblend in der Coffee Lounge.\",\"breadcrumb\":{\"@id\":\"https:\/\/coffeelounge.delonghi.com\/de\/produkt\/wildkaffee-bergsonne-espresso\/#breadcrumb\"},\"inLanguage\":\"de\",\"potentialAction\":[{\"@type\":\"ReadAction\",\"target\":[\"https:\/\/coffeelounge.delonghi.com\/de\/produkt\/wildkaffee-bergsonne-espresso\/\"]}]},{\"@type\":\"ImageObject\",\"inLanguage\":\"de\",\"@id\":\"https:\/\/coffeelounge.delonghi.com\/de\/produkt\/wildkaffee-bergsonne-espresso\/#primaryimage\",\"url\":\"https:\/\/coffeelounge.delonghi.com\/wp-content\/uploads\/2021\/05\/bergsonne_dunkle_Roestung_espressokaffee.png\",\"contentUrl\":\"https:\/\/coffeelounge.delonghi.com\/wp-content\/uploads\/2021\/05\/bergsonne_dunkle_Roestung_espressokaffee.png\",\"width\":750,\"height\":750,\"caption\":\"Wildkaffee Bergsonne Espresso\"},{\"@type\":\"BreadcrumbList\",\"@id\":\"https:\/\/coffeelounge.delonghi.com\/de\/produkt\/wildkaffee-bergsonne-espresso\/#breadcrumb\",\"itemListElement\":[{\"@type\":\"ListItem\",\"position\":1,\"name\":\"Home\",\"item\":\"https:\/\/coffeelounge.delonghi.com\/de\/\"},{\"@type\":\"ListItem\",\"position\":2,\"name\":\"Produkte\",\"item\":\"https:\/\/coffeelounge.delonghi.com\/de\/produkte\/\"},{\"@type\":\"ListItem\",\"position\":3,\"name\":\"Bergsonne Espresso\"}]},{\"@type\":\"WebSite\",\"@id\":\"https:\/\/coffeelounge.delonghi.com\/de\/#website\",\"url\":\"https:\/\/coffeelounge.delonghi.com\/de\/\",\"name\":\"De&#039;Longhi\",\"description\":\"Coffee Lounge\",\"publisher\":{\"@id\":\"https:\/\/coffeelounge.delonghi.com\/de\/#organization\"},\"potentialAction\":[{\"@type\":\"SearchAction\",\"target\":{\"@type\":\"EntryPoint\",\"urlTemplate\":\"https:\/\/coffeelounge.delonghi.com\/de\/?s={search_term_string}\"},\"query-input\":{\"@type\":\"PropertyValueSpecification\",\"valueRequired\":true,\"valueName\":\"search_term_string\"}}],\"inLanguage\":\"de\"},{\"@type\":\"Organization\",\"@id\":\"https:\/\/coffeelounge.delonghi.com\/de\/#organization\",\"name\":\"De'Longhi Coffee Lounge\",\"url\":\"https:\/\/coffeelounge.delonghi.com\/de\/\",\"logo\":{\"@type\":\"ImageObject\",\"inLanguage\":\"de\",\"@id\":\"https:\/\/coffeelounge.delonghi.com\/de\/#\/schema\/logo\/image\/\",\"url\":\"https:\/\/coffeelounge.delonghi.com\/wp-content\/uploads\/2020\/05\/delonghi-coffee-lounge-logo-nederland.png\",\"contentUrl\":\"https:\/\/coffeelounge.delonghi.com\/wp-content\/uploads\/2020\/05\/delonghi-coffee-lounge-logo-nederland.png\",\"width\":2337,\"height\":724,\"caption\":\"De'Longhi Coffee Lounge\"},\"image\":{\"@id\":\"https:\/\/coffeelounge.delonghi.com\/de\/#\/schema\/logo\/image\/\"}}]}<\/script>\n<!-- \/ Yoast SEO Premium plugin. -->","yoast_head_json":{"title":"Bergsonne Espresso | Coffee Lounge De&#039;Longhi","description":"Die kr\u00e4ftigste Arabicamischung der R\u00f6sterei Wildkaffee: Der Bergsonne Espresso. Erfahren Sie mehr zum Edelblend in der Coffee Lounge.","robots":{"index":"index","follow":"follow","max-snippet":"max-snippet:-1","max-image-preview":"max-image-preview:large","max-video-preview":"max-video-preview:-1"},"twitter_card":"summary_large_image","twitter_title":"Bergsonne Espresso | Coffee Lounge De&#039;Longhi","twitter_description":"Die kr\u00e4ftigste Arabicamischung der R\u00f6sterei Wildkaffee: Der Bergsonne Espresso. Erfahren Sie mehr zum Edelblend in der Coffee Lounge.","twitter_image":"https:\/\/coffeelounge.delonghi.com\/wp-content\/uploads\/2021\/05\/bergsonne_dunkle_Roestung_espressokaffee.png","schema":{"@context":"https:\/\/schema.org","@graph":[{"@type":"WebPage","@id":"https:\/\/coffeelounge.delonghi.com\/de\/produkt\/wildkaffee-bergsonne-espresso\/","url":"https:\/\/coffeelounge.delonghi.com\/de\/produkt\/wildkaffee-bergsonne-espresso\/","name":"Bergsonne Espresso | Coffee Lounge De&#039;Longhi","isPartOf":{"@id":"https:\/\/coffeelounge.delonghi.com\/de\/#website"},"primaryImageOfPage":{"@id":"https:\/\/coffeelounge.delonghi.com\/de\/produkt\/wildkaffee-bergsonne-espresso\/#primaryimage"},"image":{"@id":"https:\/\/coffeelounge.delonghi.com\/de\/produkt\/wildkaffee-bergsonne-espresso\/#primaryimage"},"thumbnailUrl":"https:\/\/coffeelounge.delonghi.com\/wp-content\/uploads\/2021\/05\/bergsonne_dunkle_Roestung_espressokaffee.png","datePublished":"2021-05-11T08:17:14+00:00","dateModified":"2024-03-04T09:32:43+00:00","description":"Die kr\u00e4ftigste Arabicamischung der R\u00f6sterei Wildkaffee: Der Bergsonne Espresso. Erfahren Sie mehr zum Edelblend in der Coffee Lounge.","breadcrumb":{"@id":"https:\/\/coffeelounge.delonghi.com\/de\/produkt\/wildkaffee-bergsonne-espresso\/#breadcrumb"},"inLanguage":"de","potentialAction":[{"@type":"ReadAction","target":["https:\/\/coffeelounge.delonghi.com\/de\/produkt\/wildkaffee-bergsonne-espresso\/"]}]},{"@type":"ImageObject","inLanguage":"de","@id":"https:\/\/coffeelounge.delonghi.com\/de\/produkt\/wildkaffee-bergsonne-espresso\/#primaryimage","url":"https:\/\/coffeelounge.delonghi.com\/wp-content\/uploads\/2021\/05\/bergsonne_dunkle_Roestung_espressokaffee.png","contentUrl":"https:\/\/coffeelounge.delonghi.com\/wp-content\/uploads\/2021\/05\/bergsonne_dunkle_Roestung_espressokaffee.png","width":750,"height":750,"caption":"Wildkaffee Bergsonne Espresso"},{"@type":"BreadcrumbList","@id":"https:\/\/coffeelounge.delonghi.com\/de\/produkt\/wildkaffee-bergsonne-espresso\/#breadcrumb","itemListElement":[{"@type":"ListItem","position":1,"name":"Home","item":"https:\/\/coffeelounge.delonghi.com\/de\/"},{"@type":"ListItem","position":2,"name":"Produkte","item":"https:\/\/coffeelounge.delonghi.com\/de\/produkte\/"},{"@type":"ListItem","position":3,"name":"Bergsonne Espresso"}]},{"@type":"WebSite","@id":"https:\/\/coffeelounge.delonghi.com\/de\/#website","url":"https:\/\/coffeelounge.delonghi.com\/de\/","name":"De&#039;Longhi","description":"Coffee Lounge","publisher":{"@id":"https:\/\/coffeelounge.delonghi.com\/de\/#organization"},"potentialAction":[{"@type":"SearchAction","target":{"@type":"EntryPoint","urlTemplate":"https:\/\/coffeelounge.delonghi.com\/de\/?s={search_term_string}"},"query-input":{"@type":"PropertyValueSpecification","valueRequired":true,"valueName":"search_term_string"}}],"inLanguage":"de"},{"@type":"Organization","@id":"https:\/\/coffeelounge.delonghi.com\/de\/#organization","name":"De'Longhi Coffee Lounge","url":"https:\/\/coffeelounge.delonghi.com\/de\/","logo":{"@type":"ImageObject","inLanguage":"de","@id":"https:\/\/coffeelounge.delonghi.com\/de\/#\/schema\/logo\/image\/","url":"https:\/\/coffeelounge.delonghi.com\/wp-content\/uploads\/2020\/05\/delonghi-coffee-lounge-logo-nederland.png","contentUrl":"https:\/\/coffeelounge.delonghi.com\/wp-content\/uploads\/2020\/05\/delonghi-coffee-lounge-logo-nederland.png","width":2337,"height":724,"caption":"De'Longhi Coffee Lounge"},"image":{"@id":"https:\/\/coffeelounge.delonghi.com\/de\/#\/schema\/logo\/image\/"}}]}},"_links":{"self":[{"href":"https:\/\/coffeelounge.delonghi.com\/de\/wp-json\/wp\/v2\/product\/28749","targetHints":{"allow":["GET"]}}],"collection":[{"href":"https:\/\/coffeelounge.delonghi.com\/de\/wp-json\/wp\/v2\/product"}],"about":[{"href":"https:\/\/coffeelounge.delonghi.com\/de\/wp-json\/wp\/v2\/types\/product"}],"replies":[{"embeddable":true,"href":"https:\/\/coffeelounge.delonghi.com\/de\/wp-json\/wp\/v2\/comments?post=28749"}],"version-history":[{"count":3,"href":"https:\/\/coffeelounge.delonghi.com\/de\/wp-json\/wp\/v2\/product\/28749\/revisions"}],"predecessor-version":[{"id":422164,"href":"https:\/\/coffeelounge.delonghi.com\/de\/wp-json\/wp\/v2\/product\/28749\/revisions\/422164"}],"wp:featuredmedia":[{"embeddable":true,"href":"https:\/\/coffeelounge.delonghi.com\/de\/wp-json\/wp\/v2\/media\/222370"}],"wp:attachment":[{"href":"https:\/\/coffeelounge.delonghi.com\/de\/wp-json\/wp\/v2\/media?parent=28749"}],"wp:term":[{"taxonomy":"product_cat","embeddable":true,"href":"https:\/\/coffeelounge.delonghi.com\/de\/wp-json\/wp\/v2\/product_cat?post=28749"},{"taxonomy":"product_tag","embeddable":true,"href":"https:\/\/coffeelounge.delonghi.com\/de\/wp-json\/wp\/v2\/product_tag?post=28749"}],"curies":[{"name":"wp","href":"https:\/\/api.w.org\/{rel}","templated":true}]}}