{"id":27847,"date":"2021-05-10T12:27:47","date_gmt":"2021-05-10T12:27:47","guid":{"rendered":"https:\/\/coffeelounge.delonghi.com\/?post_type=product&#038;p=27847"},"modified":"2024-02-27T16:34:01","modified_gmt":"2024-02-27T16:34:01","slug":"wildkaffee-aethiopien-washed","status":"publish","type":"product","link":"https:\/\/coffeelounge.delonghi.com\/de\/produkt\/wildkaffee-aethiopien-washed\/","title":{"rendered":"\u00c4thiopien Washed &#8211; Filterkaffee"},"content":{"rendered":"<div class=\"freebirdAnalyticsViewAnalyticsItem\" data-container=\"1158892819\" data-fieldid=\"1189933627\">\n<div class=\"freebirdAnalyticsViewAnalyticsHover\">\n<div class=\"freebirdAnalyticsViewAnalyticsContainer\">\n<div id=\"c3119\" class=\"freebirdAnalyticsViewChartContainer\" data-chart=\"1158892819\" data-fieldid=\"1189933627\">\n<div class=\"freebirdCommonAnalyticsTextResponsesContainer\">\n<div class=\"freebirdCommonAnalyticsTextResponse\">Im Jahr 2013 wurde die 30 Hektar gro\u00dfe Farm, Chelchele von Metad, einer Familienorganisation rund 400 km s\u00fcdlich von Addis Ababa, \u00c4thiopien gegr\u00fcdnet. Die Organisation arbeitet mit rund 2.000 Kaffeebauern und deren Familien, welche ihre roten und reifen Kirschen an Metad liefern, vor Ort zusammen. Die Kirschen wachsen im Herzen der Region Yirgacheffe, die international zu einer der bekanntesten und hochwertigsten Anbauregionen z\u00e4hlt. Angebaut wird unser gewaschener Kaffee auf einer H\u00f6he von knapp 2.000 Metern und derzeit von den Bewohnern des Dorfes Halo. Dort hat die Organisation auch eine Washingstation errichtet, was sich wiederum auf die Aufbereitung und die Qualit\u00e4t der Bohnen auswirkt.<\/div>\n<\/div>\n<\/div>\n<\/div>\n<\/div>\n<\/div>\n","protected":false},"excerpt":{"rendered":"<p>Im Jahr 2013 wurde die 30 Hektar gro\u00dfe Farm, Chelchele von Metad, einer Familienorganisation rund 400 km s\u00fcdlich von Addis Ababa, \u00c4thiopien gegr\u00fcdnet. Die Organisation arbeitet mit rund 2.000 Kaffeebauern und deren Familien, welche ihre roten und reifen Kirschen an Metad liefern, vor Ort zusammen. Die Kirschen wachsen im Herzen der Region Yirgacheffe, die international [&hellip;]<\/p>\n","protected":false},"featured_media":222358,"comment_status":"closed","ping_status":"closed","template":"","meta":{"_acf_changed":false},"product_cat":[262,261,277],"product_tag":[],"class_list":{"0":"post-27847","1":"product","2":"type-product","3":"status-publish","4":"has-post-thumbnail","6":"product_cat-alle-kaffees","7":"product_cat-single-origin","8":"product_cat-spezialitaetenkaffee","10":"first","11":"instock","12":"taxable","13":"shipping-taxable","14":"purchasable","15":"product-type-variable","16":"has-default-attributes"},"acf":[],"yoast_head":"<!-- This site is optimized with the Yoast SEO Premium plugin v24.5 (Yoast SEO v24.5) - https:\/\/yoast.com\/wordpress\/plugins\/seo\/ -->\n<title>\u00c4thiopien Washed - Filterkaffee | Coffee Lounge De&#039;Longhi<\/title>\n<meta name=\"description\" content=\"Coffee Lounge stellt diesen besonderen Kaffee aus dem Herzen \u00c4thiopiens vor, ger\u00f6stet von Wildkaffee.\" \/>\n<meta name=\"robots\" content=\"index, follow, max-snippet:-1, max-image-preview:large, max-video-preview:-1\" \/>\n<meta name=\"twitter:card\" content=\"summary_large_image\" \/>\n<meta name=\"twitter:title\" content=\"\u00c4thiopien Washed - Filterkaffee | Coffee Lounge De&#039;Longhi\" \/>\n<meta name=\"twitter:description\" content=\"Coffee Lounge stellt diesen besonderen Kaffee aus dem Herzen \u00c4thiopiens vor, ger\u00f6stet von Wildkaffee.\" \/>\n<meta name=\"twitter:image\" content=\"https:\/\/coffeelounge.delonghi.com\/wp-content\/uploads\/2021\/05\/aethiopien_washed_helle_roestung_filterkaffee.png\" \/>\n<script type=\"application\/ld+json\" class=\"yoast-schema-graph\">{\"@context\":\"https:\/\/schema.org\",\"@graph\":[{\"@type\":\"WebPage\",\"@id\":\"https:\/\/coffeelounge.delonghi.com\/de\/produkt\/wildkaffee-aethiopien-washed\/\",\"url\":\"https:\/\/coffeelounge.delonghi.com\/de\/produkt\/wildkaffee-aethiopien-washed\/\",\"name\":\"\u00c4thiopien Washed - Filterkaffee | Coffee Lounge De&#039;Longhi\",\"isPartOf\":{\"@id\":\"https:\/\/coffeelounge.delonghi.com\/de\/#website\"},\"primaryImageOfPage\":{\"@id\":\"https:\/\/coffeelounge.delonghi.com\/de\/produkt\/wildkaffee-aethiopien-washed\/#primaryimage\"},\"image\":{\"@id\":\"https:\/\/coffeelounge.delonghi.com\/de\/produkt\/wildkaffee-aethiopien-washed\/#primaryimage\"},\"thumbnailUrl\":\"https:\/\/coffeelounge.delonghi.com\/wp-content\/uploads\/2021\/05\/aethiopien_washed_helle_roestung_filterkaffee.png\",\"datePublished\":\"2021-05-10T12:27:47+00:00\",\"dateModified\":\"2024-02-27T16:34:01+00:00\",\"description\":\"Coffee Lounge stellt diesen besonderen Kaffee aus dem Herzen \u00c4thiopiens vor, ger\u00f6stet von Wildkaffee.\",\"breadcrumb\":{\"@id\":\"https:\/\/coffeelounge.delonghi.com\/de\/produkt\/wildkaffee-aethiopien-washed\/#breadcrumb\"},\"inLanguage\":\"de\",\"potentialAction\":[{\"@type\":\"ReadAction\",\"target\":[\"https:\/\/coffeelounge.delonghi.com\/de\/produkt\/wildkaffee-aethiopien-washed\/\"]}]},{\"@type\":\"ImageObject\",\"inLanguage\":\"de\",\"@id\":\"https:\/\/coffeelounge.delonghi.com\/de\/produkt\/wildkaffee-aethiopien-washed\/#primaryimage\",\"url\":\"https:\/\/coffeelounge.delonghi.com\/wp-content\/uploads\/2021\/05\/aethiopien_washed_helle_roestung_filterkaffee.png\",\"contentUrl\":\"https:\/\/coffeelounge.delonghi.com\/wp-content\/uploads\/2021\/05\/aethiopien_washed_helle_roestung_filterkaffee.png\",\"width\":700,\"height\":700,\"caption\":\"Wildkaffee \u00c4thiopien Washed - Filterkaffee\"},{\"@type\":\"BreadcrumbList\",\"@id\":\"https:\/\/coffeelounge.delonghi.com\/de\/produkt\/wildkaffee-aethiopien-washed\/#breadcrumb\",\"itemListElement\":[{\"@type\":\"ListItem\",\"position\":1,\"name\":\"Home\",\"item\":\"https:\/\/coffeelounge.delonghi.com\/de\/\"},{\"@type\":\"ListItem\",\"position\":2,\"name\":\"Produkte\",\"item\":\"https:\/\/coffeelounge.delonghi.com\/de\/produkte\/\"},{\"@type\":\"ListItem\",\"position\":3,\"name\":\"\u00c4thiopien Washed &#8211; Filterkaffee\"}]},{\"@type\":\"WebSite\",\"@id\":\"https:\/\/coffeelounge.delonghi.com\/de\/#website\",\"url\":\"https:\/\/coffeelounge.delonghi.com\/de\/\",\"name\":\"De&#039;Longhi\",\"description\":\"Coffee Lounge\",\"publisher\":{\"@id\":\"https:\/\/coffeelounge.delonghi.com\/de\/#organization\"},\"potentialAction\":[{\"@type\":\"SearchAction\",\"target\":{\"@type\":\"EntryPoint\",\"urlTemplate\":\"https:\/\/coffeelounge.delonghi.com\/de\/?s={search_term_string}\"},\"query-input\":{\"@type\":\"PropertyValueSpecification\",\"valueRequired\":true,\"valueName\":\"search_term_string\"}}],\"inLanguage\":\"de\"},{\"@type\":\"Organization\",\"@id\":\"https:\/\/coffeelounge.delonghi.com\/de\/#organization\",\"name\":\"De'Longhi Coffee Lounge\",\"url\":\"https:\/\/coffeelounge.delonghi.com\/de\/\",\"logo\":{\"@type\":\"ImageObject\",\"inLanguage\":\"de\",\"@id\":\"https:\/\/coffeelounge.delonghi.com\/de\/#\/schema\/logo\/image\/\",\"url\":\"https:\/\/coffeelounge.delonghi.com\/wp-content\/uploads\/2020\/05\/delonghi-coffee-lounge-logo-nederland.png\",\"contentUrl\":\"https:\/\/coffeelounge.delonghi.com\/wp-content\/uploads\/2020\/05\/delonghi-coffee-lounge-logo-nederland.png\",\"width\":2337,\"height\":724,\"caption\":\"De'Longhi Coffee Lounge\"},\"image\":{\"@id\":\"https:\/\/coffeelounge.delonghi.com\/de\/#\/schema\/logo\/image\/\"}}]}<\/script>\n<!-- \/ Yoast SEO Premium plugin. -->","yoast_head_json":{"title":"\u00c4thiopien Washed - Filterkaffee | Coffee Lounge De&#039;Longhi","description":"Coffee Lounge stellt diesen besonderen Kaffee aus dem Herzen \u00c4thiopiens vor, ger\u00f6stet von Wildkaffee.","robots":{"index":"index","follow":"follow","max-snippet":"max-snippet:-1","max-image-preview":"max-image-preview:large","max-video-preview":"max-video-preview:-1"},"twitter_card":"summary_large_image","twitter_title":"\u00c4thiopien Washed - Filterkaffee | Coffee Lounge De&#039;Longhi","twitter_description":"Coffee Lounge stellt diesen besonderen Kaffee aus dem Herzen \u00c4thiopiens vor, ger\u00f6stet von Wildkaffee.","twitter_image":"https:\/\/coffeelounge.delonghi.com\/wp-content\/uploads\/2021\/05\/aethiopien_washed_helle_roestung_filterkaffee.png","schema":{"@context":"https:\/\/schema.org","@graph":[{"@type":"WebPage","@id":"https:\/\/coffeelounge.delonghi.com\/de\/produkt\/wildkaffee-aethiopien-washed\/","url":"https:\/\/coffeelounge.delonghi.com\/de\/produkt\/wildkaffee-aethiopien-washed\/","name":"\u00c4thiopien Washed - Filterkaffee | Coffee Lounge De&#039;Longhi","isPartOf":{"@id":"https:\/\/coffeelounge.delonghi.com\/de\/#website"},"primaryImageOfPage":{"@id":"https:\/\/coffeelounge.delonghi.com\/de\/produkt\/wildkaffee-aethiopien-washed\/#primaryimage"},"image":{"@id":"https:\/\/coffeelounge.delonghi.com\/de\/produkt\/wildkaffee-aethiopien-washed\/#primaryimage"},"thumbnailUrl":"https:\/\/coffeelounge.delonghi.com\/wp-content\/uploads\/2021\/05\/aethiopien_washed_helle_roestung_filterkaffee.png","datePublished":"2021-05-10T12:27:47+00:00","dateModified":"2024-02-27T16:34:01+00:00","description":"Coffee Lounge stellt diesen besonderen Kaffee aus dem Herzen \u00c4thiopiens vor, ger\u00f6stet von Wildkaffee.","breadcrumb":{"@id":"https:\/\/coffeelounge.delonghi.com\/de\/produkt\/wildkaffee-aethiopien-washed\/#breadcrumb"},"inLanguage":"de","potentialAction":[{"@type":"ReadAction","target":["https:\/\/coffeelounge.delonghi.com\/de\/produkt\/wildkaffee-aethiopien-washed\/"]}]},{"@type":"ImageObject","inLanguage":"de","@id":"https:\/\/coffeelounge.delonghi.com\/de\/produkt\/wildkaffee-aethiopien-washed\/#primaryimage","url":"https:\/\/coffeelounge.delonghi.com\/wp-content\/uploads\/2021\/05\/aethiopien_washed_helle_roestung_filterkaffee.png","contentUrl":"https:\/\/coffeelounge.delonghi.com\/wp-content\/uploads\/2021\/05\/aethiopien_washed_helle_roestung_filterkaffee.png","width":700,"height":700,"caption":"Wildkaffee \u00c4thiopien Washed - Filterkaffee"},{"@type":"BreadcrumbList","@id":"https:\/\/coffeelounge.delonghi.com\/de\/produkt\/wildkaffee-aethiopien-washed\/#breadcrumb","itemListElement":[{"@type":"ListItem","position":1,"name":"Home","item":"https:\/\/coffeelounge.delonghi.com\/de\/"},{"@type":"ListItem","position":2,"name":"Produkte","item":"https:\/\/coffeelounge.delonghi.com\/de\/produkte\/"},{"@type":"ListItem","position":3,"name":"\u00c4thiopien Washed &#8211; Filterkaffee"}]},{"@type":"WebSite","@id":"https:\/\/coffeelounge.delonghi.com\/de\/#website","url":"https:\/\/coffeelounge.delonghi.com\/de\/","name":"De&#039;Longhi","description":"Coffee Lounge","publisher":{"@id":"https:\/\/coffeelounge.delonghi.com\/de\/#organization"},"potentialAction":[{"@type":"SearchAction","target":{"@type":"EntryPoint","urlTemplate":"https:\/\/coffeelounge.delonghi.com\/de\/?s={search_term_string}"},"query-input":{"@type":"PropertyValueSpecification","valueRequired":true,"valueName":"search_term_string"}}],"inLanguage":"de"},{"@type":"Organization","@id":"https:\/\/coffeelounge.delonghi.com\/de\/#organization","name":"De'Longhi Coffee Lounge","url":"https:\/\/coffeelounge.delonghi.com\/de\/","logo":{"@type":"ImageObject","inLanguage":"de","@id":"https:\/\/coffeelounge.delonghi.com\/de\/#\/schema\/logo\/image\/","url":"https:\/\/coffeelounge.delonghi.com\/wp-content\/uploads\/2020\/05\/delonghi-coffee-lounge-logo-nederland.png","contentUrl":"https:\/\/coffeelounge.delonghi.com\/wp-content\/uploads\/2020\/05\/delonghi-coffee-lounge-logo-nederland.png","width":2337,"height":724,"caption":"De'Longhi Coffee Lounge"},"image":{"@id":"https:\/\/coffeelounge.delonghi.com\/de\/#\/schema\/logo\/image\/"}}]}},"_links":{"self":[{"href":"https:\/\/coffeelounge.delonghi.com\/de\/wp-json\/wp\/v2\/product\/27847","targetHints":{"allow":["GET"]}}],"collection":[{"href":"https:\/\/coffeelounge.delonghi.com\/de\/wp-json\/wp\/v2\/product"}],"about":[{"href":"https:\/\/coffeelounge.delonghi.com\/de\/wp-json\/wp\/v2\/types\/product"}],"replies":[{"embeddable":true,"href":"https:\/\/coffeelounge.delonghi.com\/de\/wp-json\/wp\/v2\/comments?post=27847"}],"version-history":[{"count":1,"href":"https:\/\/coffeelounge.delonghi.com\/de\/wp-json\/wp\/v2\/product\/27847\/revisions"}],"predecessor-version":[{"id":420261,"href":"https:\/\/coffeelounge.delonghi.com\/de\/wp-json\/wp\/v2\/product\/27847\/revisions\/420261"}],"wp:featuredmedia":[{"embeddable":true,"href":"https:\/\/coffeelounge.delonghi.com\/de\/wp-json\/wp\/v2\/media\/222358"}],"wp:attachment":[{"href":"https:\/\/coffeelounge.delonghi.com\/de\/wp-json\/wp\/v2\/media?parent=27847"}],"wp:term":[{"taxonomy":"product_cat","embeddable":true,"href":"https:\/\/coffeelounge.delonghi.com\/de\/wp-json\/wp\/v2\/product_cat?post=27847"},{"taxonomy":"product_tag","embeddable":true,"href":"https:\/\/coffeelounge.delonghi.com\/de\/wp-json\/wp\/v2\/product_tag?post=27847"}],"curies":[{"name":"wp","href":"https:\/\/api.w.org\/{rel}","templated":true}]}}