{"id":35735,"date":"2021-05-31T06:27:52","date_gmt":"2021-05-31T06:27:52","guid":{"rendered":"https:\/\/coffeelounge.delonghi.com\/?page_id=35735"},"modified":"2023-02-01T10:03:45","modified_gmt":"2023-02-01T10:03:45","slug":"nutzungsbedingungen","status":"publish","type":"page","link":"https:\/\/coffeelounge.delonghi.com\/de\/nutzungsbedingungen\/","title":{"rendered":"Nutzungsbedingungen"},"content":{"rendered":"\t\t<div data-elementor-type=\"wp-page\" data-elementor-id=\"35735\" class=\"elementor elementor-35735\" data-elementor-post-type=\"page\">\n\t\t\t\t\t\t<section class=\"elementor-section elementor-top-section elementor-element elementor-element-128411c2 elementor-section-boxed elementor-section-height-default elementor-section-height-default\" data-id=\"128411c2\" data-element_type=\"section\">\n\t\t\t\t\t\t<div class=\"elementor-container elementor-column-gap-default\">\n\t\t\t\t\t<div class=\"elementor-column elementor-col-100 elementor-top-column elementor-element elementor-element-3902c048\" data-id=\"3902c048\" data-element_type=\"column\">\n\t\t\t<div class=\"elementor-widget-wrap elementor-element-populated\">\n\t\t\t\t\t\t<div class=\"elementor-element elementor-element-a882da4 elementor-widget elementor-widget-ucaddon_learn_intro_title\" data-id=\"a882da4\" data-element_type=\"widget\" data-widget_type=\"ucaddon_learn_intro_title.default\">\n\t\t\t\t<div class=\"elementor-widget-container\">\n\t\t\t\t\t\n<!-- start Learn Intro Title -->\n<style>\/* widget: Learn Intro Title *\/\n\n.learn_intro{\n  color:black;\n  font-family: \"Futura PT Book\", Sans-serif;\n  padding:0px;\n  margin-top: 0px;\n  margin-left: 164px;    \n  text-align: left;\n  position: relative;\n}\n\n.learn_intro_title{\n  font-size: 48px;\n  font-weight: normal;\n  font-stretch: normal;\n  font-style: normal;\n  line-height: 1.13;\n  letter-spacing: normal;\n  color: #131518;\n}\n\n.learn_intro_intro{\n  font-size: 18px;\n  font-weight: normal;\n  font-stretch: normal;\n  font-style: normal;\n  line-height: 1.33;\n  letter-spacing: normal;\n  color: #131518;\n  max-width:546px;\n}\n.learn_intro_title::before {\n  display: block;\n  content: ' ';\n  position: absolute;\n  width: 88px;\n  height: 2px;\n  background-color: #d07544;\n  top: 41px;\n  \/*top: 80px;*\/\n  left: 69px;\n  left: -96px;\n}\n.centered {\n  text-align: center !important;\n  margin-left:0;\n}\n\n.centered .learn_intro_title{\n  \n}\n.centered .learn_intro_title::before {\n  display: none;\n}\n\n.centered .learn_intro_intro{\n  max-width: 700px;\n  margin:auto;\n  margin-top: 16px;\n}\n\n@media  screen and (max-width: 1280px) {\n  .learn_intro{\n    margin-left: 20%;\n  }\n  .centered {\n    margin-left:0 !important;\n  }\n}\n\n@media only screen and (max-device-width: 480px) {\n  .learn_intro{\n    margin-left: 10%;\n  }\n  .centered {\n    margin-left:0 !important;\n  }  \n  .titolo_login .learn_intro_title {\n    margin-left: 0px;\n  }\n  .learn_intro_title {  \n    font-size: 32px;\n  }\n}\n\n<\/style>\n\n  <div class=\"learn_intro\">\n\n    <h2 class=\"learn_intro_title\">\n    <\/h2>\n        <div class=\"learn_intro_intro\"><h1 style=\"font-size:48px;\">Nutzungsbedingungen<\/h1>\n    <\/div>\n      \n    \n  <\/div>\n\n\n<!-- end Learn Intro Title -->\t\t\t\t<\/div>\n\t\t\t\t<\/div>\n\t\t\t\t<div class=\"elementor-element elementor-element-26a394b1 testo_privacy elementor-widget elementor-widget-text-editor\" data-id=\"26a394b1\" data-element_type=\"widget\" data-widget_type=\"text-editor.default\">\n\t\t\t\t<div class=\"elementor-widget-container\">\n\t\t\t\t\t\t\t\t\t<p>Die nachstehenden Nutzungsbedingungen gelten f\u00fcr alle Benutzer dieser Website. Bitte lesen Sie sich diese sorgf\u00e4ltig durch. Wenn Sie die Website nutzen, bedeutet dies, dass Sie mit den Nutzungsbedingungen einverstanden sind.<\/p><p><br \/>1. Die Website ist urheberrechtlich gesch\u00fctzt. Der Inhalt dieser Website ist nur f\u00fcr Ihren nichtkommerziellen, pers\u00f6nlichen Gebrauch bestimmt und kann f\u00fcr diesen Zweck herunter geladen werden.\u00a0<br \/><br \/>2. Bei allen Marken und Logos auf dieser Website handelt es sich um eingetragene und nicht eingetragene Marken von De\u2019Longhi und deren Schwesterfirmen. De\u2019Longhi gew\u00e4hrt durch die Nutzungsm\u00f6glichkeit der Website keine Lizenzen zur Nutzung von Marken, Logos oder Patenten.<br \/><br \/>3. De\u2019Longhi \u00fcbernimmt keine Garantie oder Gew\u00e4hr hinsichtlich der Richtigkeit oder Vollst\u00e4ndigkeit der Informationen auf der Website. De\u2019Longhi beh\u00e4lt sich das Recht vor, zu jedem Zeitpunkt und ohne Vorank\u00fcndigung \u00c4nderungen an den Daten, Materialien, Ausr\u00fcstungen, Spezifikationen und Modellen sowie der Verf\u00fcgbarkeit der Website vorzunehmen.\u00a0<br \/><br \/>4. De\u2019Longhi haftet nicht f\u00fcr Sch\u00e4den, die direkt oder indirekt aus der Benutzung dieser Website entstehen, soweit diese nicht auf Vorsatz oder grober Fahrl\u00e4ssigkeit beruhen. Dies gilt nicht f\u00fcr Sch\u00e4den am Leben, dem K\u00f6rper oder der Gesundheit.\u00a0<br \/><br \/>Die Website kann mit anderen Websites vernetzt sein, die nicht von De\u2019Longhi gepflegt werden. De\u2019Longhi haftet nicht f\u00fcr den Inhalt dieser verbundenen Websites bzw. Sch\u00e4den, die aus der Nutzung dieser Websites resultieren.<br \/><br \/>5. Sollten Sie an De\u2019Longhi Informationen, einschlie\u00dflich R\u00fcckmeldungen, Fragen, Kommentaren, Vorschl\u00e4gen oder \u00e4hnlichem in Bezug auf den Inhalt der Website senden, dann gelten diese Informationen als nicht geheim und Sie \u00fcbertragen De\u2019Longhi eine unbefristete, exklusive Lizenz zur Nutzung der Informationen. F\u00fcr De\u2019Longhi besteht keine Verpflichtung &#8211; welcher Art auch immer &#8211; hinsichtlich solcher Informationen und es steht De\u2019Longhi unbegrenzt frei, diese Informationen zu vervielf\u00e4ltigen, zu verwenden, zu ver\u00f6ffentlichen und an Dritte weiterzugeben. Dar\u00fcber hinaus steht es De\u2019Longhi frei, Ideen, Konzepte, Know-how oder Technologien, die in solchen Informationen enthalten sind, f\u00fcr welchen Zweck auch immer zu verwenden. Dies gilt auch f\u00fcr die Entwicklung, Herstellung und den Vertrieb von Produkten, in denen diese Informationen verarbeitet wurden.\u00a0<br \/><br \/>6. De\u2019Longhi verwendet auf der Website Cookies, die von der Website auf Ihren Computer \u00fcbertragen werden, w\u00e4hrend Sie die Website nutzen. Diese Dateien umfassen Informationen, durch die unsere Website wichtige Informationen aufzeichnet. Die Cookies helfen De\u2019Longhi, die Website nach Ihren Bed\u00fcrfnissen zu gestalten. Wenn Sie keine Cookies m\u00f6chten, ist es in den meisten Internet-Browsern m\u00f6glich, Cookies von der Festplatte zu l\u00f6schen, den Erhalt s\u00e4mtlicher Cookies zu blockieren oder vor dem Erhalt eines Cookies eine Warnung zu erhalten. N\u00e4here Informationen dazu finden Sie in der Hilfedatei Ihres Browsers.<\/p>\t\t\t\t\t\t\t\t<\/div>\n\t\t\t\t<\/div>\n\t\t\t\t\t<\/div>\n\t\t<\/div>\n\t\t\t\t\t<\/div>\n\t\t<\/section>\n\t\t\t\t<\/div>\n\t\t","protected":false},"excerpt":{"rendered":"<p>Nutzungsbedingungen Die nachstehenden Nutzungsbedingungen gelten f\u00fcr alle Benutzer dieser Website. Bitte lesen Sie sich diese sorgf\u00e4ltig durch. Wenn Sie die Website nutzen, bedeutet dies, dass Sie mit den Nutzungsbedingungen einverstanden sind. 1. Die Website ist urheberrechtlich gesch\u00fctzt. Der Inhalt dieser Website ist nur f\u00fcr Ihren nichtkommerziellen, pers\u00f6nlichen Gebrauch bestimmt und kann f\u00fcr diesen Zweck herunter [&hellip;]<\/p>\n","protected":false},"author":1085,"featured_media":0,"parent":0,"menu_order":0,"comment_status":"closed","ping_status":"closed","template":"","meta":{"_acf_changed":false,"footnotes":""},"class_list":["post-35735","page","type-page","status-publish","hentry"],"acf":[],"yoast_head":"<!-- This site is optimized with the Yoast SEO Premium plugin v24.5 (Yoast SEO v24.5) - https:\/\/yoast.com\/wordpress\/plugins\/seo\/ -->\n<title>Nutzungsbedingungen | Coffee Lounge De&#039;Longhi<\/title>\n<meta name=\"description\" content=\"In den Nutzungsbedingungen finden Sie Informationen \u00fcber das Vertragsverh\u00e4ltnis zwischen Inhaber des angebotenen Dienstes und Nutzern.\" \/>\n<meta name=\"robots\" content=\"index, follow, max-snippet:-1, max-image-preview:large, max-video-preview:-1\" \/>\n<meta name=\"twitter:card\" content=\"summary_large_image\" \/>\n<meta name=\"twitter:title\" content=\"Nutzungsbedingungen | Coffee Lounge De&#039;Longhi\" \/>\n<meta name=\"twitter:description\" content=\"In den Nutzungsbedingungen finden Sie Informationen \u00fcber das Vertragsverh\u00e4ltnis zwischen Inhaber des angebotenen Dienstes und Nutzern.\" \/>\n<script type=\"application\/ld+json\" class=\"yoast-schema-graph\">{\"@context\":\"https:\/\/schema.org\",\"@graph\":[{\"@type\":\"WebPage\",\"@id\":\"https:\/\/coffeelounge.delonghi.com\/de\/nutzungsbedingungen\/\",\"url\":\"https:\/\/coffeelounge.delonghi.com\/de\/nutzungsbedingungen\/\",\"name\":\"Nutzungsbedingungen | Coffee Lounge De&#039;Longhi\",\"isPartOf\":{\"@id\":\"https:\/\/coffeelounge.delonghi.com\/de\/#website\"},\"datePublished\":\"2021-05-31T06:27:52+00:00\",\"dateModified\":\"2023-02-01T10:03:45+00:00\",\"description\":\"In den Nutzungsbedingungen finden Sie Informationen \u00fcber das Vertragsverh\u00e4ltnis zwischen Inhaber des angebotenen Dienstes und Nutzern.\",\"breadcrumb\":{\"@id\":\"https:\/\/coffeelounge.delonghi.com\/de\/nutzungsbedingungen\/#breadcrumb\"},\"inLanguage\":\"de\",\"potentialAction\":[{\"@type\":\"ReadAction\",\"target\":[\"https:\/\/coffeelounge.delonghi.com\/de\/nutzungsbedingungen\/\"]}]},{\"@type\":\"BreadcrumbList\",\"@id\":\"https:\/\/coffeelounge.delonghi.com\/de\/nutzungsbedingungen\/#breadcrumb\",\"itemListElement\":[{\"@type\":\"ListItem\",\"position\":1,\"name\":\"Home\",\"item\":\"https:\/\/coffeelounge.delonghi.com\/de\/\"},{\"@type\":\"ListItem\",\"position\":2,\"name\":\"Nutzungsbedingungen\"}]},{\"@type\":\"WebSite\",\"@id\":\"https:\/\/coffeelounge.delonghi.com\/de\/#website\",\"url\":\"https:\/\/coffeelounge.delonghi.com\/de\/\",\"name\":\"De&#039;Longhi\",\"description\":\"Coffee Lounge\",\"publisher\":{\"@id\":\"https:\/\/coffeelounge.delonghi.com\/de\/#organization\"},\"potentialAction\":[{\"@type\":\"SearchAction\",\"target\":{\"@type\":\"EntryPoint\",\"urlTemplate\":\"https:\/\/coffeelounge.delonghi.com\/de\/?s={search_term_string}\"},\"query-input\":{\"@type\":\"PropertyValueSpecification\",\"valueRequired\":true,\"valueName\":\"search_term_string\"}}],\"inLanguage\":\"de\"},{\"@type\":\"Organization\",\"@id\":\"https:\/\/coffeelounge.delonghi.com\/de\/#organization\",\"name\":\"De'Longhi Coffee Lounge\",\"url\":\"https:\/\/coffeelounge.delonghi.com\/de\/\",\"logo\":{\"@type\":\"ImageObject\",\"inLanguage\":\"de\",\"@id\":\"https:\/\/coffeelounge.delonghi.com\/de\/#\/schema\/logo\/image\/\",\"url\":\"https:\/\/coffeelounge.delonghi.com\/wp-content\/uploads\/2020\/05\/delonghi-coffee-lounge-logo-nederland.png\",\"contentUrl\":\"https:\/\/coffeelounge.delonghi.com\/wp-content\/uploads\/2020\/05\/delonghi-coffee-lounge-logo-nederland.png\",\"width\":2337,\"height\":724,\"caption\":\"De'Longhi Coffee Lounge\"},\"image\":{\"@id\":\"https:\/\/coffeelounge.delonghi.com\/de\/#\/schema\/logo\/image\/\"}}]}<\/script>\n<!-- \/ Yoast SEO Premium plugin. -->","yoast_head_json":{"title":"Nutzungsbedingungen | Coffee Lounge De&#039;Longhi","description":"In den Nutzungsbedingungen finden Sie Informationen \u00fcber das Vertragsverh\u00e4ltnis zwischen Inhaber des angebotenen Dienstes und Nutzern.","robots":{"index":"index","follow":"follow","max-snippet":"max-snippet:-1","max-image-preview":"max-image-preview:large","max-video-preview":"max-video-preview:-1"},"twitter_card":"summary_large_image","twitter_title":"Nutzungsbedingungen | Coffee Lounge De&#039;Longhi","twitter_description":"In den Nutzungsbedingungen finden Sie Informationen \u00fcber das Vertragsverh\u00e4ltnis zwischen Inhaber des angebotenen Dienstes und Nutzern.","schema":{"@context":"https:\/\/schema.org","@graph":[{"@type":"WebPage","@id":"https:\/\/coffeelounge.delonghi.com\/de\/nutzungsbedingungen\/","url":"https:\/\/coffeelounge.delonghi.com\/de\/nutzungsbedingungen\/","name":"Nutzungsbedingungen | Coffee Lounge De&#039;Longhi","isPartOf":{"@id":"https:\/\/coffeelounge.delonghi.com\/de\/#website"},"datePublished":"2021-05-31T06:27:52+00:00","dateModified":"2023-02-01T10:03:45+00:00","description":"In den Nutzungsbedingungen finden Sie Informationen \u00fcber das Vertragsverh\u00e4ltnis zwischen Inhaber des angebotenen Dienstes und Nutzern.","breadcrumb":{"@id":"https:\/\/coffeelounge.delonghi.com\/de\/nutzungsbedingungen\/#breadcrumb"},"inLanguage":"de","potentialAction":[{"@type":"ReadAction","target":["https:\/\/coffeelounge.delonghi.com\/de\/nutzungsbedingungen\/"]}]},{"@type":"BreadcrumbList","@id":"https:\/\/coffeelounge.delonghi.com\/de\/nutzungsbedingungen\/#breadcrumb","itemListElement":[{"@type":"ListItem","position":1,"name":"Home","item":"https:\/\/coffeelounge.delonghi.com\/de\/"},{"@type":"ListItem","position":2,"name":"Nutzungsbedingungen"}]},{"@type":"WebSite","@id":"https:\/\/coffeelounge.delonghi.com\/de\/#website","url":"https:\/\/coffeelounge.delonghi.com\/de\/","name":"De&#039;Longhi","description":"Coffee Lounge","publisher":{"@id":"https:\/\/coffeelounge.delonghi.com\/de\/#organization"},"potentialAction":[{"@type":"SearchAction","target":{"@type":"EntryPoint","urlTemplate":"https:\/\/coffeelounge.delonghi.com\/de\/?s={search_term_string}"},"query-input":{"@type":"PropertyValueSpecification","valueRequired":true,"valueName":"search_term_string"}}],"inLanguage":"de"},{"@type":"Organization","@id":"https:\/\/coffeelounge.delonghi.com\/de\/#organization","name":"De'Longhi Coffee Lounge","url":"https:\/\/coffeelounge.delonghi.com\/de\/","logo":{"@type":"ImageObject","inLanguage":"de","@id":"https:\/\/coffeelounge.delonghi.com\/de\/#\/schema\/logo\/image\/","url":"https:\/\/coffeelounge.delonghi.com\/wp-content\/uploads\/2020\/05\/delonghi-coffee-lounge-logo-nederland.png","contentUrl":"https:\/\/coffeelounge.delonghi.com\/wp-content\/uploads\/2020\/05\/delonghi-coffee-lounge-logo-nederland.png","width":2337,"height":724,"caption":"De'Longhi Coffee Lounge"},"image":{"@id":"https:\/\/coffeelounge.delonghi.com\/de\/#\/schema\/logo\/image\/"}}]}},"_links":{"self":[{"href":"https:\/\/coffeelounge.delonghi.com\/de\/wp-json\/wp\/v2\/pages\/35735","targetHints":{"allow":["GET"]}}],"collection":[{"href":"https:\/\/coffeelounge.delonghi.com\/de\/wp-json\/wp\/v2\/pages"}],"about":[{"href":"https:\/\/coffeelounge.delonghi.com\/de\/wp-json\/wp\/v2\/types\/page"}],"author":[{"embeddable":true,"href":"https:\/\/coffeelounge.delonghi.com\/de\/wp-json\/wp\/v2\/users\/1085"}],"replies":[{"embeddable":true,"href":"https:\/\/coffeelounge.delonghi.com\/de\/wp-json\/wp\/v2\/comments?post=35735"}],"version-history":[{"count":0,"href":"https:\/\/coffeelounge.delonghi.com\/de\/wp-json\/wp\/v2\/pages\/35735\/revisions"}],"wp:attachment":[{"href":"https:\/\/coffeelounge.delonghi.com\/de\/wp-json\/wp\/v2\/media?parent=35735"}],"curies":[{"name":"wp","href":"https:\/\/api.w.org\/{rel}","templated":true}]}}