{"id":35733,"date":"2021-05-31T06:26:05","date_gmt":"2021-05-31T06:26:05","guid":{"rendered":"https:\/\/coffeelounge.delonghi.com\/?page_id=35733"},"modified":"2023-02-01T10:02:21","modified_gmt":"2023-02-01T10:02:21","slug":"impressum","status":"publish","type":"page","link":"https:\/\/coffeelounge.delonghi.com\/de\/impressum\/","title":{"rendered":"Impressum"},"content":{"rendered":"\t\t<div data-elementor-type=\"wp-page\" data-elementor-id=\"35733\" class=\"elementor elementor-35733\" data-elementor-post-type=\"page\">\n\t\t\t\t\t\t<section class=\"elementor-section elementor-top-section elementor-element elementor-element-128411c2 elementor-section-boxed elementor-section-height-default elementor-section-height-default\" data-id=\"128411c2\" data-element_type=\"section\">\n\t\t\t\t\t\t<div class=\"elementor-container elementor-column-gap-default\">\n\t\t\t\t\t<div class=\"elementor-column elementor-col-100 elementor-top-column elementor-element elementor-element-3902c048\" data-id=\"3902c048\" data-element_type=\"column\">\n\t\t\t<div class=\"elementor-widget-wrap elementor-element-populated\">\n\t\t\t\t\t\t<div class=\"elementor-element elementor-element-a882da4 elementor-widget elementor-widget-ucaddon_learn_intro_title\" data-id=\"a882da4\" data-element_type=\"widget\" data-widget_type=\"ucaddon_learn_intro_title.default\">\n\t\t\t\t<div class=\"elementor-widget-container\">\n\t\t\t\t\t\n<!-- start Learn Intro Title -->\n<style>\/* widget: Learn Intro Title *\/\n\n.learn_intro{\n  color:black;\n  font-family: \"Futura PT Book\", Sans-serif;\n  padding:0px;\n  margin-top: 0px;\n  margin-left: 164px;    \n  text-align: left;\n  position: relative;\n}\n\n.learn_intro_title{\n  font-size: 48px;\n  font-weight: normal;\n  font-stretch: normal;\n  font-style: normal;\n  line-height: 1.13;\n  letter-spacing: normal;\n  color: #131518;\n}\n\n.learn_intro_intro{\n  font-size: 18px;\n  font-weight: normal;\n  font-stretch: normal;\n  font-style: normal;\n  line-height: 1.33;\n  letter-spacing: normal;\n  color: #131518;\n  max-width:546px;\n}\n.learn_intro_title::before {\n  display: block;\n  content: ' ';\n  position: absolute;\n  width: 88px;\n  height: 2px;\n  background-color: #d07544;\n  top: 41px;\n  \/*top: 80px;*\/\n  left: 69px;\n  left: -96px;\n}\n.centered {\n  text-align: center !important;\n  margin-left:0;\n}\n\n.centered .learn_intro_title{\n  \n}\n.centered .learn_intro_title::before {\n  display: none;\n}\n\n.centered .learn_intro_intro{\n  max-width: 700px;\n  margin:auto;\n  margin-top: 16px;\n}\n\n@media  screen and (max-width: 1280px) {\n  .learn_intro{\n    margin-left: 20%;\n  }\n  .centered {\n    margin-left:0 !important;\n  }\n}\n\n@media only screen and (max-device-width: 480px) {\n  .learn_intro{\n    margin-left: 10%;\n  }\n  .centered {\n    margin-left:0 !important;\n  }  \n  .titolo_login .learn_intro_title {\n    margin-left: 0px;\n  }\n  .learn_intro_title {  \n    font-size: 32px;\n  }\n}\n\n<\/style>\n\n  <div class=\"learn_intro\">\n\n    <h2 class=\"learn_intro_title\">\n    <\/h2>\n        <div class=\"learn_intro_intro\"><h1 style=\"font-size:48px;\">Impressum<\/h1>\n    <\/div>\n      \n    \n  <\/div>\n\n\n<!-- end Learn Intro Title -->\t\t\t\t<\/div>\n\t\t\t\t<\/div>\n\t\t\t\t<div class=\"elementor-element elementor-element-26a394b1 testo_privacy elementor-widget elementor-widget-text-editor\" data-id=\"26a394b1\" data-element_type=\"widget\" data-widget_type=\"text-editor.default\">\n\t\t\t\t<div class=\"elementor-widget-container\">\n\t\t\t\t\t\t\t\t\t<p style=\"text-align: left;\"><strong>DE&#8217;LONGHI DEUTSCHLAND GmbH<\/strong><br \/>Carl-Ulrich-Stra\u00dfe 4<br \/>63263 Neu-Isenburg<\/p><p style=\"text-align: left;\">E-Mail<\/p><p style=\"text-align: left;\">F\u00fcr Endkundenanfragen: <a href=\"https:\/\/www.delonghi.com\/de-de\/contact-us\">KONTAKTFORMULAR<\/a><\/p><p style=\"text-align: left;\">F\u00fcr Gesch\u00e4ftskunden und PR: unternehmen.germany@delonghigroup.com<\/p><p style=\"text-align: left;\"><br \/>Tel. 06102-5999500<\/p><p style=\"text-align: left;\">Gesch\u00e4ftsf\u00fchrung: Susanne Harring<\/p><p style=\"text-align: left;\">Registergericht: Amtsgericht Offenbach<\/p><p style=\"text-align: left;\">Handelsregisternummer: HRB 22546<\/p><p style=\"text-align: left;\"><br \/>Online-Streitschlichtungsplattform der Europ\u00e4ischen Union:<br \/><a href=\"http:\/\/www.ec.europa.eu\/consumers\/odr\">www.ec.europa.eu\/consumers\/odr<\/a><\/p>\t\t\t\t\t\t\t\t<\/div>\n\t\t\t\t<\/div>\n\t\t\t\t\t<\/div>\n\t\t<\/div>\n\t\t\t\t\t<\/div>\n\t\t<\/section>\n\t\t\t\t<\/div>\n\t\t","protected":false},"excerpt":{"rendered":"<p>Impressum DE&#8217;LONGHI DEUTSCHLAND GmbH Carl-Ulrich-Stra\u00dfe 4 63263 Neu-Isenburg E-Mail F\u00fcr Endkundenanfragen: KONTAKTFORMULAR F\u00fcr Gesch\u00e4ftskunden und PR: unternehmen.germany@delonghigroup.com Tel. 06102-5999500 Gesch\u00e4ftsf\u00fchrung: Susanne Harring Registergericht: Amtsgericht Offenbach Handelsregisternummer: HRB 22546 Online-Streitschlichtungsplattform der Europ\u00e4ischen Union: www.ec.europa.eu\/consumers\/odr<\/p>\n","protected":false},"author":1085,"featured_media":0,"parent":0,"menu_order":0,"comment_status":"closed","ping_status":"closed","template":"","meta":{"_acf_changed":false,"footnotes":""},"class_list":["post-35733","page","type-page","status-publish","hentry"],"acf":[],"yoast_head":"<!-- This site is optimized with the Yoast SEO Premium plugin v24.5 (Yoast SEO v24.5) - https:\/\/yoast.com\/wordpress\/plugins\/seo\/ -->\n<title>Impressum | Coffee Lounge De&#039;Longhi<\/title>\n<meta name=\"description\" content=\"Im Impressum finden Sie Kontaktinformationen, um uns im Falle von Funktionsst\u00f6rungen beim Surfen auf unserer Website zu kontaktieren.\" \/>\n<meta name=\"robots\" content=\"index, follow, max-snippet:-1, max-image-preview:large, max-video-preview:-1\" \/>\n<meta name=\"twitter:card\" content=\"summary_large_image\" \/>\n<meta name=\"twitter:title\" content=\"Impressum | Coffee Lounge De&#039;Longhi\" \/>\n<meta name=\"twitter:description\" content=\"Im Impressum finden Sie Kontaktinformationen, um uns im Falle von Funktionsst\u00f6rungen beim Surfen auf unserer Website zu kontaktieren.\" \/>\n<script type=\"application\/ld+json\" class=\"yoast-schema-graph\">{\"@context\":\"https:\/\/schema.org\",\"@graph\":[{\"@type\":\"WebPage\",\"@id\":\"https:\/\/coffeelounge.delonghi.com\/de\/impressum\/\",\"url\":\"https:\/\/coffeelounge.delonghi.com\/de\/impressum\/\",\"name\":\"Impressum | Coffee Lounge De&#039;Longhi\",\"isPartOf\":{\"@id\":\"https:\/\/coffeelounge.delonghi.com\/de\/#website\"},\"datePublished\":\"2021-05-31T06:26:05+00:00\",\"dateModified\":\"2023-02-01T10:02:21+00:00\",\"description\":\"Im Impressum finden Sie Kontaktinformationen, um uns im Falle von Funktionsst\u00f6rungen beim Surfen auf unserer Website zu kontaktieren.\",\"breadcrumb\":{\"@id\":\"https:\/\/coffeelounge.delonghi.com\/de\/impressum\/#breadcrumb\"},\"inLanguage\":\"de\",\"potentialAction\":[{\"@type\":\"ReadAction\",\"target\":[\"https:\/\/coffeelounge.delonghi.com\/de\/impressum\/\"]}]},{\"@type\":\"BreadcrumbList\",\"@id\":\"https:\/\/coffeelounge.delonghi.com\/de\/impressum\/#breadcrumb\",\"itemListElement\":[{\"@type\":\"ListItem\",\"position\":1,\"name\":\"Home\",\"item\":\"https:\/\/coffeelounge.delonghi.com\/de\/\"},{\"@type\":\"ListItem\",\"position\":2,\"name\":\"Impressum\"}]},{\"@type\":\"WebSite\",\"@id\":\"https:\/\/coffeelounge.delonghi.com\/de\/#website\",\"url\":\"https:\/\/coffeelounge.delonghi.com\/de\/\",\"name\":\"De&#039;Longhi\",\"description\":\"Coffee Lounge\",\"publisher\":{\"@id\":\"https:\/\/coffeelounge.delonghi.com\/de\/#organization\"},\"potentialAction\":[{\"@type\":\"SearchAction\",\"target\":{\"@type\":\"EntryPoint\",\"urlTemplate\":\"https:\/\/coffeelounge.delonghi.com\/de\/?s={search_term_string}\"},\"query-input\":{\"@type\":\"PropertyValueSpecification\",\"valueRequired\":true,\"valueName\":\"search_term_string\"}}],\"inLanguage\":\"de\"},{\"@type\":\"Organization\",\"@id\":\"https:\/\/coffeelounge.delonghi.com\/de\/#organization\",\"name\":\"De'Longhi Coffee Lounge\",\"url\":\"https:\/\/coffeelounge.delonghi.com\/de\/\",\"logo\":{\"@type\":\"ImageObject\",\"inLanguage\":\"de\",\"@id\":\"https:\/\/coffeelounge.delonghi.com\/de\/#\/schema\/logo\/image\/\",\"url\":\"https:\/\/coffeelounge.delonghi.com\/wp-content\/uploads\/2020\/05\/delonghi-coffee-lounge-logo-nederland.png\",\"contentUrl\":\"https:\/\/coffeelounge.delonghi.com\/wp-content\/uploads\/2020\/05\/delonghi-coffee-lounge-logo-nederland.png\",\"width\":2337,\"height\":724,\"caption\":\"De'Longhi Coffee Lounge\"},\"image\":{\"@id\":\"https:\/\/coffeelounge.delonghi.com\/de\/#\/schema\/logo\/image\/\"}}]}<\/script>\n<!-- \/ Yoast SEO Premium plugin. -->","yoast_head_json":{"title":"Impressum | Coffee Lounge De&#039;Longhi","description":"Im Impressum finden Sie Kontaktinformationen, um uns im Falle von Funktionsst\u00f6rungen beim Surfen auf unserer Website zu kontaktieren.","robots":{"index":"index","follow":"follow","max-snippet":"max-snippet:-1","max-image-preview":"max-image-preview:large","max-video-preview":"max-video-preview:-1"},"twitter_card":"summary_large_image","twitter_title":"Impressum | Coffee Lounge De&#039;Longhi","twitter_description":"Im Impressum finden Sie Kontaktinformationen, um uns im Falle von Funktionsst\u00f6rungen beim Surfen auf unserer Website zu kontaktieren.","schema":{"@context":"https:\/\/schema.org","@graph":[{"@type":"WebPage","@id":"https:\/\/coffeelounge.delonghi.com\/de\/impressum\/","url":"https:\/\/coffeelounge.delonghi.com\/de\/impressum\/","name":"Impressum | Coffee Lounge De&#039;Longhi","isPartOf":{"@id":"https:\/\/coffeelounge.delonghi.com\/de\/#website"},"datePublished":"2021-05-31T06:26:05+00:00","dateModified":"2023-02-01T10:02:21+00:00","description":"Im Impressum finden Sie Kontaktinformationen, um uns im Falle von Funktionsst\u00f6rungen beim Surfen auf unserer Website zu kontaktieren.","breadcrumb":{"@id":"https:\/\/coffeelounge.delonghi.com\/de\/impressum\/#breadcrumb"},"inLanguage":"de","potentialAction":[{"@type":"ReadAction","target":["https:\/\/coffeelounge.delonghi.com\/de\/impressum\/"]}]},{"@type":"BreadcrumbList","@id":"https:\/\/coffeelounge.delonghi.com\/de\/impressum\/#breadcrumb","itemListElement":[{"@type":"ListItem","position":1,"name":"Home","item":"https:\/\/coffeelounge.delonghi.com\/de\/"},{"@type":"ListItem","position":2,"name":"Impressum"}]},{"@type":"WebSite","@id":"https:\/\/coffeelounge.delonghi.com\/de\/#website","url":"https:\/\/coffeelounge.delonghi.com\/de\/","name":"De&#039;Longhi","description":"Coffee Lounge","publisher":{"@id":"https:\/\/coffeelounge.delonghi.com\/de\/#organization"},"potentialAction":[{"@type":"SearchAction","target":{"@type":"EntryPoint","urlTemplate":"https:\/\/coffeelounge.delonghi.com\/de\/?s={search_term_string}"},"query-input":{"@type":"PropertyValueSpecification","valueRequired":true,"valueName":"search_term_string"}}],"inLanguage":"de"},{"@type":"Organization","@id":"https:\/\/coffeelounge.delonghi.com\/de\/#organization","name":"De'Longhi Coffee Lounge","url":"https:\/\/coffeelounge.delonghi.com\/de\/","logo":{"@type":"ImageObject","inLanguage":"de","@id":"https:\/\/coffeelounge.delonghi.com\/de\/#\/schema\/logo\/image\/","url":"https:\/\/coffeelounge.delonghi.com\/wp-content\/uploads\/2020\/05\/delonghi-coffee-lounge-logo-nederland.png","contentUrl":"https:\/\/coffeelounge.delonghi.com\/wp-content\/uploads\/2020\/05\/delonghi-coffee-lounge-logo-nederland.png","width":2337,"height":724,"caption":"De'Longhi Coffee Lounge"},"image":{"@id":"https:\/\/coffeelounge.delonghi.com\/de\/#\/schema\/logo\/image\/"}}]}},"_links":{"self":[{"href":"https:\/\/coffeelounge.delonghi.com\/de\/wp-json\/wp\/v2\/pages\/35733","targetHints":{"allow":["GET"]}}],"collection":[{"href":"https:\/\/coffeelounge.delonghi.com\/de\/wp-json\/wp\/v2\/pages"}],"about":[{"href":"https:\/\/coffeelounge.delonghi.com\/de\/wp-json\/wp\/v2\/types\/page"}],"author":[{"embeddable":true,"href":"https:\/\/coffeelounge.delonghi.com\/de\/wp-json\/wp\/v2\/users\/1085"}],"replies":[{"embeddable":true,"href":"https:\/\/coffeelounge.delonghi.com\/de\/wp-json\/wp\/v2\/comments?post=35733"}],"version-history":[{"count":0,"href":"https:\/\/coffeelounge.delonghi.com\/de\/wp-json\/wp\/v2\/pages\/35733\/revisions"}],"wp:attachment":[{"href":"https:\/\/coffeelounge.delonghi.com\/de\/wp-json\/wp\/v2\/media?parent=35733"}],"curies":[{"name":"wp","href":"https:\/\/api.w.org\/{rel}","templated":true}]}}