{"id":273043,"date":"2022-10-20T08:57:04","date_gmt":"2022-10-20T08:57:04","guid":{"rendered":"https:\/\/coffeelounge.delonghi.com\/?post_type=product&#038;p=273043"},"modified":"2024-03-04T07:31:19","modified_gmt":"2024-03-04T07:31:19","slug":"rostwerkstatt-ana-maria","status":"publish","type":"product","link":"https:\/\/coffeelounge.delonghi.com\/de-at\/product\/rostwerkstatt-ana-maria\/","title":{"rendered":"Ana Mar\u00eda"},"content":{"rendered":"<p>Ana Mar\u00eda entstammt der Finca Santa Cristina in der Quezaltepeq Bergregion nahe San Salvador. Je nach Gem\u00fct ist sie mal spritzig und ungest\u00fcm auf der einen, und gem\u00e4\u00dfigt ruhig auf der anderen Seite &#8211; ganz wie der Vulkan, an dessen H\u00e4ngen sie aufw\u00e4chst. Ana Mar\u00eda ist eine Mischung der gemeinsam angebauten Variet\u00e4ten Bourbon und Pacas, Yellow Honey aus einer Anbauh\u00f6he von 1. 200 m. Kakao, s\u00fc\u00dfe Panela und molliges Karamel wech-seln sich ab mit spritzigen Orangennoten, die ihren Charakter erst richtig spannend machen. Im Filter kommen die fruchtigen Noten besonders gut zur Geltung. Wer lieber einen sanfteren und fruchtigen Espresso oder Verl\u00e4ngerten trinkt, bereitet sie in einem Vollautomaten oder Siebtr\u00e4ger zu.<\/p>\n","protected":false},"excerpt":{"rendered":"<p>Ana Mar\u00eda entstammt der Finca Santa Cristina in der Quezaltepeq Bergregion nahe San Salvador. Je nach Gem\u00fct ist sie mal spritzig und ungest\u00fcm auf der einen, und gem\u00e4\u00dfigt ruhig auf der anderen Seite &#8211; ganz wie der Vulkan, an dessen H\u00e4ngen sie aufw\u00e4chst. Ana Mar\u00eda ist eine Mischung der gemeinsam angebauten Variet\u00e4ten Bourbon und Pacas, [&hellip;]<\/p>\n","protected":false},"featured_media":415389,"comment_status":"closed","ping_status":"closed","template":"","meta":{"_acf_changed":false},"product_cat":[653,658],"product_tag":[],"class_list":{"0":"post-273043","1":"product","2":"type-product","3":"status-publish","4":"has-post-thumbnail","6":"product_cat-alle-kaffees-de-at","7":"product_cat-spezialitatenkaffee","9":"first","10":"instock","11":"taxable","12":"shipping-taxable","13":"purchasable","14":"product-type-variable"},"acf":[],"yoast_head":"<!-- This site is optimized with the Yoast SEO Premium plugin v24.5 (Yoast SEO v24.5) - https:\/\/yoast.com\/wordpress\/plugins\/seo\/ -->\n<title>Ana Mar\u00eda | Coffee Lounge De&#039;Longhi<\/title>\n<meta name=\"description\" content=\"Ana Mar\u00eda ist eine Mischung der gemeinsam angebauten Variet\u00e4ten Bourbon und Pacas, Yellow Honey aus einer Anbauh\u00f6he von 1. 200 m. Kakao, s\u00fc\u00dfe Panela und molliges Karamel wech-seln sich ab mit spritzigen Orangennoten, die ihren Charakter erst richtig spannend machen.\" \/>\n<meta name=\"robots\" content=\"index, follow, max-snippet:-1, max-image-preview:large, max-video-preview:-1\" \/>\n<meta name=\"twitter:card\" content=\"summary_large_image\" \/>\n<meta name=\"twitter:title\" content=\"Ana Mar\u00eda | Coffee Lounge De&#039;Longhi\" \/>\n<meta name=\"twitter:description\" content=\"Ana Mar\u00eda ist eine Mischung der gemeinsam angebauten Variet\u00e4ten Bourbon und Pacas, Yellow Honey aus einer Anbauh\u00f6he von 1. 200 m. Kakao, s\u00fc\u00dfe Panela und molliges Karamel wech-seln sich ab mit spritzigen Orangennoten, die ihren Charakter erst richtig spannend machen.\" \/>\n<meta name=\"twitter:image\" content=\"https:\/\/coffeelounge.delonghi.com\/wp-content\/uploads\/2022\/10\/Ana_maria.png\" \/>\n<script type=\"application\/ld+json\" class=\"yoast-schema-graph\">{\"@context\":\"https:\/\/schema.org\",\"@graph\":[{\"@type\":\"WebPage\",\"@id\":\"https:\/\/coffeelounge.delonghi.com\/de-at\/product\/rostwerkstatt-ana-maria\/\",\"url\":\"https:\/\/coffeelounge.delonghi.com\/de-at\/product\/rostwerkstatt-ana-maria\/\",\"name\":\"Ana Mar\u00eda | Coffee Lounge De&#039;Longhi\",\"isPartOf\":{\"@id\":\"https:\/\/coffeelounge.delonghi.com\/de-at\/#website\"},\"primaryImageOfPage\":{\"@id\":\"https:\/\/coffeelounge.delonghi.com\/de-at\/product\/rostwerkstatt-ana-maria\/#primaryimage\"},\"image\":{\"@id\":\"https:\/\/coffeelounge.delonghi.com\/de-at\/product\/rostwerkstatt-ana-maria\/#primaryimage\"},\"thumbnailUrl\":\"https:\/\/coffeelounge.delonghi.com\/wp-content\/uploads\/2022\/10\/Ana_maria.png\",\"datePublished\":\"2022-10-20T08:57:04+00:00\",\"dateModified\":\"2024-03-04T07:31:19+00:00\",\"description\":\"Ana Mar\u00eda ist eine Mischung der gemeinsam angebauten Variet\u00e4ten Bourbon und Pacas, Yellow Honey aus einer Anbauh\u00f6he von 1. 200 m. Kakao, s\u00fc\u00dfe Panela und molliges Karamel wech-seln sich ab mit spritzigen Orangennoten, die ihren Charakter erst richtig spannend machen.\",\"breadcrumb\":{\"@id\":\"https:\/\/coffeelounge.delonghi.com\/de-at\/product\/rostwerkstatt-ana-maria\/#breadcrumb\"},\"inLanguage\":\"de-at\",\"potentialAction\":[{\"@type\":\"ReadAction\",\"target\":[\"https:\/\/coffeelounge.delonghi.com\/de-at\/product\/rostwerkstatt-ana-maria\/\"]}]},{\"@type\":\"ImageObject\",\"inLanguage\":\"de-at\",\"@id\":\"https:\/\/coffeelounge.delonghi.com\/de-at\/product\/rostwerkstatt-ana-maria\/#primaryimage\",\"url\":\"https:\/\/coffeelounge.delonghi.com\/wp-content\/uploads\/2022\/10\/Ana_maria.png\",\"contentUrl\":\"https:\/\/coffeelounge.delonghi.com\/wp-content\/uploads\/2022\/10\/Ana_maria.png\",\"width\":500,\"height\":500},{\"@type\":\"BreadcrumbList\",\"@id\":\"https:\/\/coffeelounge.delonghi.com\/de-at\/product\/rostwerkstatt-ana-maria\/#breadcrumb\",\"itemListElement\":[{\"@type\":\"ListItem\",\"position\":1,\"name\":\"Home\",\"item\":\"https:\/\/coffeelounge.delonghi.com\/de-at\/\"},{\"@type\":\"ListItem\",\"position\":2,\"name\":\"Boutique\",\"item\":\"https:\/\/coffeelounge.delonghi.com\/fr\/?page_id=36\"},{\"@type\":\"ListItem\",\"position\":3,\"name\":\"Ana Mar\u00eda\"}]},{\"@type\":\"WebSite\",\"@id\":\"https:\/\/coffeelounge.delonghi.com\/de-at\/#website\",\"url\":\"https:\/\/coffeelounge.delonghi.com\/de-at\/\",\"name\":\"De&#039;Longhi\",\"description\":\"Coffee Lounge\",\"publisher\":{\"@id\":\"https:\/\/coffeelounge.delonghi.com\/de-at\/#organization\"},\"potentialAction\":[{\"@type\":\"SearchAction\",\"target\":{\"@type\":\"EntryPoint\",\"urlTemplate\":\"https:\/\/coffeelounge.delonghi.com\/de-at\/?s={search_term_string}\"},\"query-input\":{\"@type\":\"PropertyValueSpecification\",\"valueRequired\":true,\"valueName\":\"search_term_string\"}}],\"inLanguage\":\"de-at\"},{\"@type\":\"Organization\",\"@id\":\"https:\/\/coffeelounge.delonghi.com\/de-at\/#organization\",\"name\":\"De'Longhi Coffee Lounge\",\"url\":\"https:\/\/coffeelounge.delonghi.com\/de-at\/\",\"logo\":{\"@type\":\"ImageObject\",\"inLanguage\":\"de-at\",\"@id\":\"https:\/\/coffeelounge.delonghi.com\/de-at\/#\/schema\/logo\/image\/\",\"url\":\"https:\/\/coffeelounge.delonghi.com\/wp-content\/uploads\/2020\/05\/delonghi-coffee-lounge-logo-nederland.png\",\"contentUrl\":\"https:\/\/coffeelounge.delonghi.com\/wp-content\/uploads\/2020\/05\/delonghi-coffee-lounge-logo-nederland.png\",\"width\":2337,\"height\":724,\"caption\":\"De'Longhi Coffee Lounge\"},\"image\":{\"@id\":\"https:\/\/coffeelounge.delonghi.com\/de-at\/#\/schema\/logo\/image\/\"}}]}<\/script>\n<!-- \/ Yoast SEO Premium plugin. -->","yoast_head_json":{"title":"Ana Mar\u00eda | Coffee Lounge De&#039;Longhi","description":"Ana Mar\u00eda ist eine Mischung der gemeinsam angebauten Variet\u00e4ten Bourbon und Pacas, Yellow Honey aus einer Anbauh\u00f6he von 1. 200 m. Kakao, s\u00fc\u00dfe Panela und molliges Karamel wech-seln sich ab mit spritzigen Orangennoten, die ihren Charakter erst richtig spannend machen.","robots":{"index":"index","follow":"follow","max-snippet":"max-snippet:-1","max-image-preview":"max-image-preview:large","max-video-preview":"max-video-preview:-1"},"twitter_card":"summary_large_image","twitter_title":"Ana Mar\u00eda | Coffee Lounge De&#039;Longhi","twitter_description":"Ana Mar\u00eda ist eine Mischung der gemeinsam angebauten Variet\u00e4ten Bourbon und Pacas, Yellow Honey aus einer Anbauh\u00f6he von 1. 200 m. Kakao, s\u00fc\u00dfe Panela und molliges Karamel wech-seln sich ab mit spritzigen Orangennoten, die ihren Charakter erst richtig spannend machen.","twitter_image":"https:\/\/coffeelounge.delonghi.com\/wp-content\/uploads\/2022\/10\/Ana_maria.png","schema":{"@context":"https:\/\/schema.org","@graph":[{"@type":"WebPage","@id":"https:\/\/coffeelounge.delonghi.com\/de-at\/product\/rostwerkstatt-ana-maria\/","url":"https:\/\/coffeelounge.delonghi.com\/de-at\/product\/rostwerkstatt-ana-maria\/","name":"Ana Mar\u00eda | Coffee Lounge De&#039;Longhi","isPartOf":{"@id":"https:\/\/coffeelounge.delonghi.com\/de-at\/#website"},"primaryImageOfPage":{"@id":"https:\/\/coffeelounge.delonghi.com\/de-at\/product\/rostwerkstatt-ana-maria\/#primaryimage"},"image":{"@id":"https:\/\/coffeelounge.delonghi.com\/de-at\/product\/rostwerkstatt-ana-maria\/#primaryimage"},"thumbnailUrl":"https:\/\/coffeelounge.delonghi.com\/wp-content\/uploads\/2022\/10\/Ana_maria.png","datePublished":"2022-10-20T08:57:04+00:00","dateModified":"2024-03-04T07:31:19+00:00","description":"Ana Mar\u00eda ist eine Mischung der gemeinsam angebauten Variet\u00e4ten Bourbon und Pacas, Yellow Honey aus einer Anbauh\u00f6he von 1. 200 m. Kakao, s\u00fc\u00dfe Panela und molliges Karamel wech-seln sich ab mit spritzigen Orangennoten, die ihren Charakter erst richtig spannend machen.","breadcrumb":{"@id":"https:\/\/coffeelounge.delonghi.com\/de-at\/product\/rostwerkstatt-ana-maria\/#breadcrumb"},"inLanguage":"de-at","potentialAction":[{"@type":"ReadAction","target":["https:\/\/coffeelounge.delonghi.com\/de-at\/product\/rostwerkstatt-ana-maria\/"]}]},{"@type":"ImageObject","inLanguage":"de-at","@id":"https:\/\/coffeelounge.delonghi.com\/de-at\/product\/rostwerkstatt-ana-maria\/#primaryimage","url":"https:\/\/coffeelounge.delonghi.com\/wp-content\/uploads\/2022\/10\/Ana_maria.png","contentUrl":"https:\/\/coffeelounge.delonghi.com\/wp-content\/uploads\/2022\/10\/Ana_maria.png","width":500,"height":500},{"@type":"BreadcrumbList","@id":"https:\/\/coffeelounge.delonghi.com\/de-at\/product\/rostwerkstatt-ana-maria\/#breadcrumb","itemListElement":[{"@type":"ListItem","position":1,"name":"Home","item":"https:\/\/coffeelounge.delonghi.com\/de-at\/"},{"@type":"ListItem","position":2,"name":"Boutique","item":"https:\/\/coffeelounge.delonghi.com\/fr\/?page_id=36"},{"@type":"ListItem","position":3,"name":"Ana Mar\u00eda"}]},{"@type":"WebSite","@id":"https:\/\/coffeelounge.delonghi.com\/de-at\/#website","url":"https:\/\/coffeelounge.delonghi.com\/de-at\/","name":"De&#039;Longhi","description":"Coffee Lounge","publisher":{"@id":"https:\/\/coffeelounge.delonghi.com\/de-at\/#organization"},"potentialAction":[{"@type":"SearchAction","target":{"@type":"EntryPoint","urlTemplate":"https:\/\/coffeelounge.delonghi.com\/de-at\/?s={search_term_string}"},"query-input":{"@type":"PropertyValueSpecification","valueRequired":true,"valueName":"search_term_string"}}],"inLanguage":"de-at"},{"@type":"Organization","@id":"https:\/\/coffeelounge.delonghi.com\/de-at\/#organization","name":"De'Longhi Coffee Lounge","url":"https:\/\/coffeelounge.delonghi.com\/de-at\/","logo":{"@type":"ImageObject","inLanguage":"de-at","@id":"https:\/\/coffeelounge.delonghi.com\/de-at\/#\/schema\/logo\/image\/","url":"https:\/\/coffeelounge.delonghi.com\/wp-content\/uploads\/2020\/05\/delonghi-coffee-lounge-logo-nederland.png","contentUrl":"https:\/\/coffeelounge.delonghi.com\/wp-content\/uploads\/2020\/05\/delonghi-coffee-lounge-logo-nederland.png","width":2337,"height":724,"caption":"De'Longhi Coffee Lounge"},"image":{"@id":"https:\/\/coffeelounge.delonghi.com\/de-at\/#\/schema\/logo\/image\/"}}]}},"_links":{"self":[{"href":"https:\/\/coffeelounge.delonghi.com\/de-at\/wp-json\/wp\/v2\/product\/273043","targetHints":{"allow":["GET"]}}],"collection":[{"href":"https:\/\/coffeelounge.delonghi.com\/de-at\/wp-json\/wp\/v2\/product"}],"about":[{"href":"https:\/\/coffeelounge.delonghi.com\/de-at\/wp-json\/wp\/v2\/types\/product"}],"replies":[{"embeddable":true,"href":"https:\/\/coffeelounge.delonghi.com\/de-at\/wp-json\/wp\/v2\/comments?post=273043"}],"version-history":[{"count":5,"href":"https:\/\/coffeelounge.delonghi.com\/de-at\/wp-json\/wp\/v2\/product\/273043\/revisions"}],"predecessor-version":[{"id":421846,"href":"https:\/\/coffeelounge.delonghi.com\/de-at\/wp-json\/wp\/v2\/product\/273043\/revisions\/421846"}],"wp:featuredmedia":[{"embeddable":true,"href":"https:\/\/coffeelounge.delonghi.com\/de-at\/wp-json\/wp\/v2\/media\/415389"}],"wp:attachment":[{"href":"https:\/\/coffeelounge.delonghi.com\/de-at\/wp-json\/wp\/v2\/media?parent=273043"}],"wp:term":[{"taxonomy":"product_cat","embeddable":true,"href":"https:\/\/coffeelounge.delonghi.com\/de-at\/wp-json\/wp\/v2\/product_cat?post=273043"},{"taxonomy":"product_tag","embeddable":true,"href":"https:\/\/coffeelounge.delonghi.com\/de-at\/wp-json\/wp\/v2\/product_tag?post=273043"}],"curies":[{"name":"wp","href":"https:\/\/api.w.org\/{rel}","templated":true}]}}