{"id":273022,"date":"2022-10-20T09:57:54","date_gmt":"2022-10-20T09:57:54","guid":{"rendered":"https:\/\/coffeelounge.delonghi.com\/?post_type=product&#038;p=273022"},"modified":"2024-03-04T07:26:54","modified_gmt":"2024-03-04T07:26:54","slug":"rostwerkstatt-juancho","status":"publish","type":"product","link":"https:\/\/coffeelounge.delonghi.com\/de-at\/product\/rostwerkstatt-juancho\/","title":{"rendered":"Juancho &#8211; BIO"},"content":{"rendered":"<p>Juancho kommt aus der N\u00e4he von Cajamarca im Norden von Per\u00fa. Mit seinem lebhaften, spritzigen Charakter ist er nicht nur in der Kooperative \u00fcberaus beliebt. Juancho kommt aus einer Anbauh\u00f6he von ca. 1.400 bis 1.600 m. Er schmeckt dank der frischen Orangen- und Zitrusnoten immer ein bisschen wie Urlaub. Der Geschmack vom Kakao und Schokolade rundet sein Profil wunderbar ab. Er wird aus der Mokkakanne oder dem Vollautomaten besonders ausgewogen. Ein Siebtr\u00e4ger macht ihn spritziger und lebhafter.<\/p>\n","protected":false},"excerpt":{"rendered":"<p>Juancho kommt aus der N\u00e4he von Cajamarca im Norden von Per\u00fa. Mit seinem lebhaften, spritzigen Charakter ist er nicht nur in der Kooperative \u00fcberaus beliebt. Juancho kommt aus einer Anbauh\u00f6he von ca. 1.400 bis 1.600 m. Er schmeckt dank der frischen Orangen- und Zitrusnoten immer ein bisschen wie Urlaub. Der Geschmack vom Kakao und Schokolade [&hellip;]<\/p>\n","protected":false},"featured_media":416594,"comment_status":"closed","ping_status":"closed","template":"","meta":{"_acf_changed":false},"product_cat":[653,658],"product_tag":[],"class_list":{"0":"post-273022","1":"product","2":"type-product","3":"status-publish","4":"has-post-thumbnail","6":"product_cat-alle-kaffees-de-at","7":"product_cat-spezialitatenkaffee","9":"first","10":"instock","11":"taxable","12":"shipping-taxable","13":"purchasable","14":"product-type-variable"},"acf":[],"yoast_head":"<!-- This site is optimized with the Yoast SEO Premium plugin v24.5 (Yoast SEO v24.5) - https:\/\/yoast.com\/wordpress\/plugins\/seo\/ -->\n<title>Juancho - BIO | Coffee Lounge De&#039;Longhi<\/title>\n<meta name=\"description\" content=\"Juancho schmeckt dank der frischen Orangen- und Zitrusnoten immer ein bisschen wie Urlaub. Der Geschmack vom Kakao und Schokolade rundet sein Profil wunderbar ab.Er wird aus der Mokkakanne oder dem Vollautomaten besonders ausgewogen. Ein Siebtr\u00e4ger macht ihn spritziger und lebhafter.\" \/>\n<meta name=\"robots\" content=\"index, follow, max-snippet:-1, max-image-preview:large, max-video-preview:-1\" \/>\n<meta name=\"twitter:card\" content=\"summary_large_image\" \/>\n<meta name=\"twitter:title\" content=\"Juancho - BIO | Coffee Lounge De&#039;Longhi\" \/>\n<meta name=\"twitter:description\" content=\"Juancho schmeckt dank der frischen Orangen- und Zitrusnoten immer ein bisschen wie Urlaub. Der Geschmack vom Kakao und Schokolade rundet sein Profil wunderbar ab.Er wird aus der Mokkakanne oder dem Vollautomaten besonders ausgewogen. Ein Siebtr\u00e4ger macht ihn spritziger und lebhafter.\" \/>\n<meta name=\"twitter:image\" content=\"https:\/\/coffeelounge.delonghi.com\/wp-content\/uploads\/2022\/10\/Juancho_BIO.png\" \/>\n<script type=\"application\/ld+json\" class=\"yoast-schema-graph\">{\"@context\":\"https:\/\/schema.org\",\"@graph\":[{\"@type\":\"WebPage\",\"@id\":\"https:\/\/coffeelounge.delonghi.com\/de-at\/product\/rostwerkstatt-juancho\/\",\"url\":\"https:\/\/coffeelounge.delonghi.com\/de-at\/product\/rostwerkstatt-juancho\/\",\"name\":\"Juancho - BIO | Coffee Lounge De&#039;Longhi\",\"isPartOf\":{\"@id\":\"https:\/\/coffeelounge.delonghi.com\/de-at\/#website\"},\"primaryImageOfPage\":{\"@id\":\"https:\/\/coffeelounge.delonghi.com\/de-at\/product\/rostwerkstatt-juancho\/#primaryimage\"},\"image\":{\"@id\":\"https:\/\/coffeelounge.delonghi.com\/de-at\/product\/rostwerkstatt-juancho\/#primaryimage\"},\"thumbnailUrl\":\"https:\/\/coffeelounge.delonghi.com\/wp-content\/uploads\/2022\/10\/Juancho_BIO.png\",\"datePublished\":\"2022-10-20T09:57:54+00:00\",\"dateModified\":\"2024-03-04T07:26:54+00:00\",\"description\":\"Juancho schmeckt dank der frischen Orangen- und Zitrusnoten immer ein bisschen wie Urlaub. Der Geschmack vom Kakao und Schokolade rundet sein Profil wunderbar ab.Er wird aus der Mokkakanne oder dem Vollautomaten besonders ausgewogen. Ein Siebtr\u00e4ger macht ihn spritziger und lebhafter.\",\"breadcrumb\":{\"@id\":\"https:\/\/coffeelounge.delonghi.com\/de-at\/product\/rostwerkstatt-juancho\/#breadcrumb\"},\"inLanguage\":\"de-at\",\"potentialAction\":[{\"@type\":\"ReadAction\",\"target\":[\"https:\/\/coffeelounge.delonghi.com\/de-at\/product\/rostwerkstatt-juancho\/\"]}]},{\"@type\":\"ImageObject\",\"inLanguage\":\"de-at\",\"@id\":\"https:\/\/coffeelounge.delonghi.com\/de-at\/product\/rostwerkstatt-juancho\/#primaryimage\",\"url\":\"https:\/\/coffeelounge.delonghi.com\/wp-content\/uploads\/2022\/10\/Juancho_BIO.png\",\"contentUrl\":\"https:\/\/coffeelounge.delonghi.com\/wp-content\/uploads\/2022\/10\/Juancho_BIO.png\",\"width\":530,\"height\":471},{\"@type\":\"BreadcrumbList\",\"@id\":\"https:\/\/coffeelounge.delonghi.com\/de-at\/product\/rostwerkstatt-juancho\/#breadcrumb\",\"itemListElement\":[{\"@type\":\"ListItem\",\"position\":1,\"name\":\"Home\",\"item\":\"https:\/\/coffeelounge.delonghi.com\/de-at\/\"},{\"@type\":\"ListItem\",\"position\":2,\"name\":\"Boutique\",\"item\":\"https:\/\/coffeelounge.delonghi.com\/fr\/?page_id=36\"},{\"@type\":\"ListItem\",\"position\":3,\"name\":\"Juancho &#8211; BIO\"}]},{\"@type\":\"WebSite\",\"@id\":\"https:\/\/coffeelounge.delonghi.com\/de-at\/#website\",\"url\":\"https:\/\/coffeelounge.delonghi.com\/de-at\/\",\"name\":\"De&#039;Longhi\",\"description\":\"Coffee Lounge\",\"publisher\":{\"@id\":\"https:\/\/coffeelounge.delonghi.com\/de-at\/#organization\"},\"potentialAction\":[{\"@type\":\"SearchAction\",\"target\":{\"@type\":\"EntryPoint\",\"urlTemplate\":\"https:\/\/coffeelounge.delonghi.com\/de-at\/?s={search_term_string}\"},\"query-input\":{\"@type\":\"PropertyValueSpecification\",\"valueRequired\":true,\"valueName\":\"search_term_string\"}}],\"inLanguage\":\"de-at\"},{\"@type\":\"Organization\",\"@id\":\"https:\/\/coffeelounge.delonghi.com\/de-at\/#organization\",\"name\":\"De'Longhi Coffee Lounge\",\"url\":\"https:\/\/coffeelounge.delonghi.com\/de-at\/\",\"logo\":{\"@type\":\"ImageObject\",\"inLanguage\":\"de-at\",\"@id\":\"https:\/\/coffeelounge.delonghi.com\/de-at\/#\/schema\/logo\/image\/\",\"url\":\"https:\/\/coffeelounge.delonghi.com\/wp-content\/uploads\/2020\/05\/delonghi-coffee-lounge-logo-nederland.png\",\"contentUrl\":\"https:\/\/coffeelounge.delonghi.com\/wp-content\/uploads\/2020\/05\/delonghi-coffee-lounge-logo-nederland.png\",\"width\":2337,\"height\":724,\"caption\":\"De'Longhi Coffee Lounge\"},\"image\":{\"@id\":\"https:\/\/coffeelounge.delonghi.com\/de-at\/#\/schema\/logo\/image\/\"}}]}<\/script>\n<!-- \/ Yoast SEO Premium plugin. -->","yoast_head_json":{"title":"Juancho - BIO | Coffee Lounge De&#039;Longhi","description":"Juancho schmeckt dank der frischen Orangen- und Zitrusnoten immer ein bisschen wie Urlaub. Der Geschmack vom Kakao und Schokolade rundet sein Profil wunderbar ab.Er wird aus der Mokkakanne oder dem Vollautomaten besonders ausgewogen. Ein Siebtr\u00e4ger macht ihn spritziger und lebhafter.","robots":{"index":"index","follow":"follow","max-snippet":"max-snippet:-1","max-image-preview":"max-image-preview:large","max-video-preview":"max-video-preview:-1"},"twitter_card":"summary_large_image","twitter_title":"Juancho - BIO | Coffee Lounge De&#039;Longhi","twitter_description":"Juancho schmeckt dank der frischen Orangen- und Zitrusnoten immer ein bisschen wie Urlaub. Der Geschmack vom Kakao und Schokolade rundet sein Profil wunderbar ab.Er wird aus der Mokkakanne oder dem Vollautomaten besonders ausgewogen. Ein Siebtr\u00e4ger macht ihn spritziger und lebhafter.","twitter_image":"https:\/\/coffeelounge.delonghi.com\/wp-content\/uploads\/2022\/10\/Juancho_BIO.png","schema":{"@context":"https:\/\/schema.org","@graph":[{"@type":"WebPage","@id":"https:\/\/coffeelounge.delonghi.com\/de-at\/product\/rostwerkstatt-juancho\/","url":"https:\/\/coffeelounge.delonghi.com\/de-at\/product\/rostwerkstatt-juancho\/","name":"Juancho - BIO | Coffee Lounge De&#039;Longhi","isPartOf":{"@id":"https:\/\/coffeelounge.delonghi.com\/de-at\/#website"},"primaryImageOfPage":{"@id":"https:\/\/coffeelounge.delonghi.com\/de-at\/product\/rostwerkstatt-juancho\/#primaryimage"},"image":{"@id":"https:\/\/coffeelounge.delonghi.com\/de-at\/product\/rostwerkstatt-juancho\/#primaryimage"},"thumbnailUrl":"https:\/\/coffeelounge.delonghi.com\/wp-content\/uploads\/2022\/10\/Juancho_BIO.png","datePublished":"2022-10-20T09:57:54+00:00","dateModified":"2024-03-04T07:26:54+00:00","description":"Juancho schmeckt dank der frischen Orangen- und Zitrusnoten immer ein bisschen wie Urlaub. Der Geschmack vom Kakao und Schokolade rundet sein Profil wunderbar ab.Er wird aus der Mokkakanne oder dem Vollautomaten besonders ausgewogen. Ein Siebtr\u00e4ger macht ihn spritziger und lebhafter.","breadcrumb":{"@id":"https:\/\/coffeelounge.delonghi.com\/de-at\/product\/rostwerkstatt-juancho\/#breadcrumb"},"inLanguage":"de-at","potentialAction":[{"@type":"ReadAction","target":["https:\/\/coffeelounge.delonghi.com\/de-at\/product\/rostwerkstatt-juancho\/"]}]},{"@type":"ImageObject","inLanguage":"de-at","@id":"https:\/\/coffeelounge.delonghi.com\/de-at\/product\/rostwerkstatt-juancho\/#primaryimage","url":"https:\/\/coffeelounge.delonghi.com\/wp-content\/uploads\/2022\/10\/Juancho_BIO.png","contentUrl":"https:\/\/coffeelounge.delonghi.com\/wp-content\/uploads\/2022\/10\/Juancho_BIO.png","width":530,"height":471},{"@type":"BreadcrumbList","@id":"https:\/\/coffeelounge.delonghi.com\/de-at\/product\/rostwerkstatt-juancho\/#breadcrumb","itemListElement":[{"@type":"ListItem","position":1,"name":"Home","item":"https:\/\/coffeelounge.delonghi.com\/de-at\/"},{"@type":"ListItem","position":2,"name":"Boutique","item":"https:\/\/coffeelounge.delonghi.com\/fr\/?page_id=36"},{"@type":"ListItem","position":3,"name":"Juancho &#8211; BIO"}]},{"@type":"WebSite","@id":"https:\/\/coffeelounge.delonghi.com\/de-at\/#website","url":"https:\/\/coffeelounge.delonghi.com\/de-at\/","name":"De&#039;Longhi","description":"Coffee Lounge","publisher":{"@id":"https:\/\/coffeelounge.delonghi.com\/de-at\/#organization"},"potentialAction":[{"@type":"SearchAction","target":{"@type":"EntryPoint","urlTemplate":"https:\/\/coffeelounge.delonghi.com\/de-at\/?s={search_term_string}"},"query-input":{"@type":"PropertyValueSpecification","valueRequired":true,"valueName":"search_term_string"}}],"inLanguage":"de-at"},{"@type":"Organization","@id":"https:\/\/coffeelounge.delonghi.com\/de-at\/#organization","name":"De'Longhi Coffee Lounge","url":"https:\/\/coffeelounge.delonghi.com\/de-at\/","logo":{"@type":"ImageObject","inLanguage":"de-at","@id":"https:\/\/coffeelounge.delonghi.com\/de-at\/#\/schema\/logo\/image\/","url":"https:\/\/coffeelounge.delonghi.com\/wp-content\/uploads\/2020\/05\/delonghi-coffee-lounge-logo-nederland.png","contentUrl":"https:\/\/coffeelounge.delonghi.com\/wp-content\/uploads\/2020\/05\/delonghi-coffee-lounge-logo-nederland.png","width":2337,"height":724,"caption":"De'Longhi Coffee Lounge"},"image":{"@id":"https:\/\/coffeelounge.delonghi.com\/de-at\/#\/schema\/logo\/image\/"}}]}},"_links":{"self":[{"href":"https:\/\/coffeelounge.delonghi.com\/de-at\/wp-json\/wp\/v2\/product\/273022","targetHints":{"allow":["GET"]}}],"collection":[{"href":"https:\/\/coffeelounge.delonghi.com\/de-at\/wp-json\/wp\/v2\/product"}],"about":[{"href":"https:\/\/coffeelounge.delonghi.com\/de-at\/wp-json\/wp\/v2\/types\/product"}],"replies":[{"embeddable":true,"href":"https:\/\/coffeelounge.delonghi.com\/de-at\/wp-json\/wp\/v2\/comments?post=273022"}],"version-history":[{"count":1,"href":"https:\/\/coffeelounge.delonghi.com\/de-at\/wp-json\/wp\/v2\/product\/273022\/revisions"}],"predecessor-version":[{"id":416606,"href":"https:\/\/coffeelounge.delonghi.com\/de-at\/wp-json\/wp\/v2\/product\/273022\/revisions\/416606"}],"wp:featuredmedia":[{"embeddable":true,"href":"https:\/\/coffeelounge.delonghi.com\/de-at\/wp-json\/wp\/v2\/media\/416594"}],"wp:attachment":[{"href":"https:\/\/coffeelounge.delonghi.com\/de-at\/wp-json\/wp\/v2\/media?parent=273022"}],"wp:term":[{"taxonomy":"product_cat","embeddable":true,"href":"https:\/\/coffeelounge.delonghi.com\/de-at\/wp-json\/wp\/v2\/product_cat?post=273022"},{"taxonomy":"product_tag","embeddable":true,"href":"https:\/\/coffeelounge.delonghi.com\/de-at\/wp-json\/wp\/v2\/product_tag?post=273022"}],"curies":[{"name":"wp","href":"https:\/\/api.w.org\/{rel}","templated":true}]}}