{"id":273003,"date":"2022-10-20T09:57:08","date_gmt":"2022-10-20T09:57:08","guid":{"rendered":"https:\/\/coffeelounge.delonghi.com\/?post_type=product&#038;p=273003"},"modified":"2024-03-04T07:27:05","modified_gmt":"2024-03-04T07:27:05","slug":"rostwerkstatt-mike","status":"publish","type":"product","link":"https:\/\/coffeelounge.delonghi.com\/de-at\/product\/rostwerkstatt-mike\/","title":{"rendered":"Mike &#8220;The Hammer&#8221;"},"content":{"rendered":"<p>Superstarker Espresso, der immer zur Stelle ist, wenn du ihn brauchst. Mike ist unser Mann f\u00fcrs Grobe. Wenn seine St\u00e4rke gefragt ist, ist er sofort zur Stelle. Ein Typ, der sich mit ganzer Kraft einsetzt und der niemanden im Stich l\u00e4sst. 100% Robusta aus Indonesien. Sein Geruch erinnert an Pfeffer, Muskat und erdige Aromen. Geschmacklich zeigt er sich weicher und es dominieren Honig, Schokolade und eine trockene, w\u00fcrzige Note. Zudem hat er kaum S\u00e4ure. Seine ganze St\u00e4rke kommt im Siebtr\u00e4ger, Vollautomaten oder in der Mokkakanne am besten zur Geltung.<\/p>\n","protected":false},"excerpt":{"rendered":"<p>Superstarker Espresso, der immer zur Stelle ist, wenn du ihn brauchst. Mike ist unser Mann f\u00fcrs Grobe. Wenn seine St\u00e4rke gefragt ist, ist er sofort zur Stelle. Ein Typ, der sich mit ganzer Kraft einsetzt und der niemanden im Stich l\u00e4sst. 100% Robusta aus Indonesien. Sein Geruch erinnert an Pfeffer, Muskat und erdige Aromen. Geschmacklich [&hellip;]<\/p>\n","protected":false},"featured_media":416620,"comment_status":"closed","ping_status":"closed","template":"","meta":{"_acf_changed":false},"product_cat":[653,657],"product_tag":[],"class_list":{"0":"post-273003","1":"product","2":"type-product","3":"status-publish","4":"has-post-thumbnail","6":"product_cat-alle-kaffees-de-at","7":"product_cat-single-origin-de-at","9":"first","10":"instock","11":"taxable","12":"shipping-taxable","13":"purchasable","14":"product-type-variable"},"acf":[],"yoast_head":"<!-- This site is optimized with the Yoast SEO Premium plugin v24.5 (Yoast SEO v24.5) - https:\/\/yoast.com\/wordpress\/plugins\/seo\/ -->\n<title>Mike &quot;The Hammer&quot; | Coffee Lounge De&#039;Longhi<\/title>\n<meta name=\"description\" content=\"Sein Geruch erinnert an Pfeffer, Muskat und erdige Aromen. Geschmacklich zeigt er sich weicher und es dominieren Honig, Schokolade und eine trockene, w\u00fcrzige Note. Zudem hat er kaum S\u00e4ure. Seine ganze St\u00e4rke kommt im Siebtr\u00e4ger, Vollautomaten oder in der Mokkakanne am besten zur Geltung.\" \/>\n<meta name=\"robots\" content=\"index, follow, max-snippet:-1, max-image-preview:large, max-video-preview:-1\" \/>\n<meta name=\"twitter:card\" content=\"summary_large_image\" \/>\n<meta name=\"twitter:title\" content=\"Mike &quot;The Hammer&quot; | Coffee Lounge De&#039;Longhi\" \/>\n<meta name=\"twitter:description\" content=\"Sein Geruch erinnert an Pfeffer, Muskat und erdige Aromen. Geschmacklich zeigt er sich weicher und es dominieren Honig, Schokolade und eine trockene, w\u00fcrzige Note. Zudem hat er kaum S\u00e4ure. Seine ganze St\u00e4rke kommt im Siebtr\u00e4ger, Vollautomaten oder in der Mokkakanne am besten zur Geltung.\" \/>\n<meta name=\"twitter:image\" content=\"https:\/\/coffeelounge.delonghi.com\/wp-content\/uploads\/2022\/10\/Mike.png\" \/>\n<script type=\"application\/ld+json\" class=\"yoast-schema-graph\">{\"@context\":\"https:\/\/schema.org\",\"@graph\":[{\"@type\":\"WebPage\",\"@id\":\"https:\/\/coffeelounge.delonghi.com\/de-at\/product\/rostwerkstatt-mike\/\",\"url\":\"https:\/\/coffeelounge.delonghi.com\/de-at\/product\/rostwerkstatt-mike\/\",\"name\":\"Mike \\\"The Hammer\\\" | Coffee Lounge De&#039;Longhi\",\"isPartOf\":{\"@id\":\"https:\/\/coffeelounge.delonghi.com\/de-at\/#website\"},\"primaryImageOfPage\":{\"@id\":\"https:\/\/coffeelounge.delonghi.com\/de-at\/product\/rostwerkstatt-mike\/#primaryimage\"},\"image\":{\"@id\":\"https:\/\/coffeelounge.delonghi.com\/de-at\/product\/rostwerkstatt-mike\/#primaryimage\"},\"thumbnailUrl\":\"https:\/\/coffeelounge.delonghi.com\/wp-content\/uploads\/2022\/10\/Mike.png\",\"datePublished\":\"2022-10-20T09:57:08+00:00\",\"dateModified\":\"2024-03-04T07:27:05+00:00\",\"description\":\"Sein Geruch erinnert an Pfeffer, Muskat und erdige Aromen. Geschmacklich zeigt er sich weicher und es dominieren Honig, Schokolade und eine trockene, w\u00fcrzige Note. Zudem hat er kaum S\u00e4ure. Seine ganze St\u00e4rke kommt im Siebtr\u00e4ger, Vollautomaten oder in der Mokkakanne am besten zur Geltung.\",\"breadcrumb\":{\"@id\":\"https:\/\/coffeelounge.delonghi.com\/de-at\/product\/rostwerkstatt-mike\/#breadcrumb\"},\"inLanguage\":\"de-at\",\"potentialAction\":[{\"@type\":\"ReadAction\",\"target\":[\"https:\/\/coffeelounge.delonghi.com\/de-at\/product\/rostwerkstatt-mike\/\"]}]},{\"@type\":\"ImageObject\",\"inLanguage\":\"de-at\",\"@id\":\"https:\/\/coffeelounge.delonghi.com\/de-at\/product\/rostwerkstatt-mike\/#primaryimage\",\"url\":\"https:\/\/coffeelounge.delonghi.com\/wp-content\/uploads\/2022\/10\/Mike.png\",\"contentUrl\":\"https:\/\/coffeelounge.delonghi.com\/wp-content\/uploads\/2022\/10\/Mike.png\",\"width\":536,\"height\":466},{\"@type\":\"BreadcrumbList\",\"@id\":\"https:\/\/coffeelounge.delonghi.com\/de-at\/product\/rostwerkstatt-mike\/#breadcrumb\",\"itemListElement\":[{\"@type\":\"ListItem\",\"position\":1,\"name\":\"Home\",\"item\":\"https:\/\/coffeelounge.delonghi.com\/de-at\/\"},{\"@type\":\"ListItem\",\"position\":2,\"name\":\"Boutique\",\"item\":\"https:\/\/coffeelounge.delonghi.com\/fr\/?page_id=36\"},{\"@type\":\"ListItem\",\"position\":3,\"name\":\"Mike &#8220;The Hammer&#8221;\"}]},{\"@type\":\"WebSite\",\"@id\":\"https:\/\/coffeelounge.delonghi.com\/de-at\/#website\",\"url\":\"https:\/\/coffeelounge.delonghi.com\/de-at\/\",\"name\":\"De&#039;Longhi\",\"description\":\"Coffee Lounge\",\"publisher\":{\"@id\":\"https:\/\/coffeelounge.delonghi.com\/de-at\/#organization\"},\"potentialAction\":[{\"@type\":\"SearchAction\",\"target\":{\"@type\":\"EntryPoint\",\"urlTemplate\":\"https:\/\/coffeelounge.delonghi.com\/de-at\/?s={search_term_string}\"},\"query-input\":{\"@type\":\"PropertyValueSpecification\",\"valueRequired\":true,\"valueName\":\"search_term_string\"}}],\"inLanguage\":\"de-at\"},{\"@type\":\"Organization\",\"@id\":\"https:\/\/coffeelounge.delonghi.com\/de-at\/#organization\",\"name\":\"De'Longhi Coffee Lounge\",\"url\":\"https:\/\/coffeelounge.delonghi.com\/de-at\/\",\"logo\":{\"@type\":\"ImageObject\",\"inLanguage\":\"de-at\",\"@id\":\"https:\/\/coffeelounge.delonghi.com\/de-at\/#\/schema\/logo\/image\/\",\"url\":\"https:\/\/coffeelounge.delonghi.com\/wp-content\/uploads\/2020\/05\/delonghi-coffee-lounge-logo-nederland.png\",\"contentUrl\":\"https:\/\/coffeelounge.delonghi.com\/wp-content\/uploads\/2020\/05\/delonghi-coffee-lounge-logo-nederland.png\",\"width\":2337,\"height\":724,\"caption\":\"De'Longhi Coffee Lounge\"},\"image\":{\"@id\":\"https:\/\/coffeelounge.delonghi.com\/de-at\/#\/schema\/logo\/image\/\"}}]}<\/script>\n<!-- \/ Yoast SEO Premium plugin. -->","yoast_head_json":{"title":"Mike \"The Hammer\" | Coffee Lounge De&#039;Longhi","description":"Sein Geruch erinnert an Pfeffer, Muskat und erdige Aromen. Geschmacklich zeigt er sich weicher und es dominieren Honig, Schokolade und eine trockene, w\u00fcrzige Note. Zudem hat er kaum S\u00e4ure. Seine ganze St\u00e4rke kommt im Siebtr\u00e4ger, Vollautomaten oder in der Mokkakanne am besten zur Geltung.","robots":{"index":"index","follow":"follow","max-snippet":"max-snippet:-1","max-image-preview":"max-image-preview:large","max-video-preview":"max-video-preview:-1"},"twitter_card":"summary_large_image","twitter_title":"Mike \"The Hammer\" | Coffee Lounge De&#039;Longhi","twitter_description":"Sein Geruch erinnert an Pfeffer, Muskat und erdige Aromen. Geschmacklich zeigt er sich weicher und es dominieren Honig, Schokolade und eine trockene, w\u00fcrzige Note. Zudem hat er kaum S\u00e4ure. Seine ganze St\u00e4rke kommt im Siebtr\u00e4ger, Vollautomaten oder in der Mokkakanne am besten zur Geltung.","twitter_image":"https:\/\/coffeelounge.delonghi.com\/wp-content\/uploads\/2022\/10\/Mike.png","schema":{"@context":"https:\/\/schema.org","@graph":[{"@type":"WebPage","@id":"https:\/\/coffeelounge.delonghi.com\/de-at\/product\/rostwerkstatt-mike\/","url":"https:\/\/coffeelounge.delonghi.com\/de-at\/product\/rostwerkstatt-mike\/","name":"Mike \"The Hammer\" | Coffee Lounge De&#039;Longhi","isPartOf":{"@id":"https:\/\/coffeelounge.delonghi.com\/de-at\/#website"},"primaryImageOfPage":{"@id":"https:\/\/coffeelounge.delonghi.com\/de-at\/product\/rostwerkstatt-mike\/#primaryimage"},"image":{"@id":"https:\/\/coffeelounge.delonghi.com\/de-at\/product\/rostwerkstatt-mike\/#primaryimage"},"thumbnailUrl":"https:\/\/coffeelounge.delonghi.com\/wp-content\/uploads\/2022\/10\/Mike.png","datePublished":"2022-10-20T09:57:08+00:00","dateModified":"2024-03-04T07:27:05+00:00","description":"Sein Geruch erinnert an Pfeffer, Muskat und erdige Aromen. Geschmacklich zeigt er sich weicher und es dominieren Honig, Schokolade und eine trockene, w\u00fcrzige Note. Zudem hat er kaum S\u00e4ure. Seine ganze St\u00e4rke kommt im Siebtr\u00e4ger, Vollautomaten oder in der Mokkakanne am besten zur Geltung.","breadcrumb":{"@id":"https:\/\/coffeelounge.delonghi.com\/de-at\/product\/rostwerkstatt-mike\/#breadcrumb"},"inLanguage":"de-at","potentialAction":[{"@type":"ReadAction","target":["https:\/\/coffeelounge.delonghi.com\/de-at\/product\/rostwerkstatt-mike\/"]}]},{"@type":"ImageObject","inLanguage":"de-at","@id":"https:\/\/coffeelounge.delonghi.com\/de-at\/product\/rostwerkstatt-mike\/#primaryimage","url":"https:\/\/coffeelounge.delonghi.com\/wp-content\/uploads\/2022\/10\/Mike.png","contentUrl":"https:\/\/coffeelounge.delonghi.com\/wp-content\/uploads\/2022\/10\/Mike.png","width":536,"height":466},{"@type":"BreadcrumbList","@id":"https:\/\/coffeelounge.delonghi.com\/de-at\/product\/rostwerkstatt-mike\/#breadcrumb","itemListElement":[{"@type":"ListItem","position":1,"name":"Home","item":"https:\/\/coffeelounge.delonghi.com\/de-at\/"},{"@type":"ListItem","position":2,"name":"Boutique","item":"https:\/\/coffeelounge.delonghi.com\/fr\/?page_id=36"},{"@type":"ListItem","position":3,"name":"Mike &#8220;The Hammer&#8221;"}]},{"@type":"WebSite","@id":"https:\/\/coffeelounge.delonghi.com\/de-at\/#website","url":"https:\/\/coffeelounge.delonghi.com\/de-at\/","name":"De&#039;Longhi","description":"Coffee Lounge","publisher":{"@id":"https:\/\/coffeelounge.delonghi.com\/de-at\/#organization"},"potentialAction":[{"@type":"SearchAction","target":{"@type":"EntryPoint","urlTemplate":"https:\/\/coffeelounge.delonghi.com\/de-at\/?s={search_term_string}"},"query-input":{"@type":"PropertyValueSpecification","valueRequired":true,"valueName":"search_term_string"}}],"inLanguage":"de-at"},{"@type":"Organization","@id":"https:\/\/coffeelounge.delonghi.com\/de-at\/#organization","name":"De'Longhi Coffee Lounge","url":"https:\/\/coffeelounge.delonghi.com\/de-at\/","logo":{"@type":"ImageObject","inLanguage":"de-at","@id":"https:\/\/coffeelounge.delonghi.com\/de-at\/#\/schema\/logo\/image\/","url":"https:\/\/coffeelounge.delonghi.com\/wp-content\/uploads\/2020\/05\/delonghi-coffee-lounge-logo-nederland.png","contentUrl":"https:\/\/coffeelounge.delonghi.com\/wp-content\/uploads\/2020\/05\/delonghi-coffee-lounge-logo-nederland.png","width":2337,"height":724,"caption":"De'Longhi Coffee Lounge"},"image":{"@id":"https:\/\/coffeelounge.delonghi.com\/de-at\/#\/schema\/logo\/image\/"}}]}},"_links":{"self":[{"href":"https:\/\/coffeelounge.delonghi.com\/de-at\/wp-json\/wp\/v2\/product\/273003","targetHints":{"allow":["GET"]}}],"collection":[{"href":"https:\/\/coffeelounge.delonghi.com\/de-at\/wp-json\/wp\/v2\/product"}],"about":[{"href":"https:\/\/coffeelounge.delonghi.com\/de-at\/wp-json\/wp\/v2\/types\/product"}],"replies":[{"embeddable":true,"href":"https:\/\/coffeelounge.delonghi.com\/de-at\/wp-json\/wp\/v2\/comments?post=273003"}],"version-history":[{"count":2,"href":"https:\/\/coffeelounge.delonghi.com\/de-at\/wp-json\/wp\/v2\/product\/273003\/revisions"}],"predecessor-version":[{"id":421829,"href":"https:\/\/coffeelounge.delonghi.com\/de-at\/wp-json\/wp\/v2\/product\/273003\/revisions\/421829"}],"wp:featuredmedia":[{"embeddable":true,"href":"https:\/\/coffeelounge.delonghi.com\/de-at\/wp-json\/wp\/v2\/media\/416620"}],"wp:attachment":[{"href":"https:\/\/coffeelounge.delonghi.com\/de-at\/wp-json\/wp\/v2\/media?parent=273003"}],"wp:term":[{"taxonomy":"product_cat","embeddable":true,"href":"https:\/\/coffeelounge.delonghi.com\/de-at\/wp-json\/wp\/v2\/product_cat?post=273003"},{"taxonomy":"product_tag","embeddable":true,"href":"https:\/\/coffeelounge.delonghi.com\/de-at\/wp-json\/wp\/v2\/product_tag?post=273003"}],"curies":[{"name":"wp","href":"https:\/\/api.w.org\/{rel}","templated":true}]}}