{"id":272981,"date":"2022-10-20T09:56:23","date_gmt":"2022-10-20T09:56:23","guid":{"rendered":"https:\/\/coffeelounge.delonghi.com\/?post_type=product&#038;p=272981"},"modified":"2024-03-04T07:27:38","modified_gmt":"2024-03-04T07:27:38","slug":"rostraum-leticia","status":"publish","type":"product","link":"https:\/\/coffeelounge.delonghi.com\/de-at\/product\/rostraum-leticia\/","title":{"rendered":"Let\u00edcia"},"content":{"rendered":"<p>Let\u00edcia kommt von der Finca Edimar Miranda, im Bundesstaat Minas Gerais in Brasilien. Grunds\u00e4tzlich hat sie einen sehr sanften Charakter. Wenn ihr aber etwas gar nicht passt, zeigt sie sich auch mal von der herberen Seite. Let\u00edcia ist ein Red Catuai, pulped natural angebaut und geerntet in einer H\u00f6he von 1.200 m. Ihr Geschmack erinnert an dunkle Schokolade und Nutella. Die Zubereitung im Siebtr\u00e4ger, in einem Vollautomaten oder in der Mokkakanne hebt eher die schokoladigen Noten hervor. Bei der French Press oder Filtermethoden werden die Nussaromen mehr betont.<\/p>\n","protected":false},"excerpt":{"rendered":"<p>Let\u00edcia kommt von der Finca Edimar Miranda, im Bundesstaat Minas Gerais in Brasilien. Grunds\u00e4tzlich hat sie einen sehr sanften Charakter. Wenn ihr aber etwas gar nicht passt, zeigt sie sich auch mal von der herberen Seite. Let\u00edcia ist ein Red Catuai, pulped natural angebaut und geerntet in einer H\u00f6he von 1.200 m. Ihr Geschmack erinnert [&hellip;]<\/p>\n","protected":false},"featured_media":416607,"comment_status":"closed","ping_status":"closed","template":"","meta":{"_acf_changed":false},"product_cat":[653,658],"product_tag":[],"class_list":{"0":"post-272981","1":"product","2":"type-product","3":"status-publish","4":"has-post-thumbnail","6":"product_cat-alle-kaffees-de-at","7":"product_cat-spezialitatenkaffee","9":"first","10":"instock","11":"taxable","12":"shipping-taxable","13":"purchasable","14":"product-type-variable"},"acf":[],"yoast_head":"<!-- This site is optimized with the Yoast SEO Premium plugin v24.5 (Yoast SEO v24.5) - https:\/\/yoast.com\/wordpress\/plugins\/seo\/ -->\n<title>Let\u00edcia | Coffee Lounge De&#039;Longhi<\/title>\n<meta name=\"description\" content=\"Let\u00edcia ist ein Red Catuai, pulped natural angebaut und geerntet in einer H\u00f6he von 1.200 m. Ihr Geschmack erinnert an dunkle Schokolade und Nutella. Die Zubereitung im Siebtr\u00e4ger, in einem Vollautomaten oder in der Mokkakanne hebt eher die schokoladigen Noten hervor.\" \/>\n<meta name=\"robots\" content=\"index, follow, max-snippet:-1, max-image-preview:large, max-video-preview:-1\" \/>\n<meta name=\"twitter:card\" content=\"summary_large_image\" \/>\n<meta name=\"twitter:title\" content=\"Let\u00edcia | Coffee Lounge De&#039;Longhi\" \/>\n<meta name=\"twitter:description\" content=\"Let\u00edcia ist ein Red Catuai, pulped natural angebaut und geerntet in einer H\u00f6he von 1.200 m. Ihr Geschmack erinnert an dunkle Schokolade und Nutella. Die Zubereitung im Siebtr\u00e4ger, in einem Vollautomaten oder in der Mokkakanne hebt eher die schokoladigen Noten hervor.\" \/>\n<meta name=\"twitter:image\" content=\"https:\/\/coffeelounge.delonghi.com\/wp-content\/uploads\/2022\/10\/Leticia.png\" \/>\n<script type=\"application\/ld+json\" class=\"yoast-schema-graph\">{\"@context\":\"https:\/\/schema.org\",\"@graph\":[{\"@type\":\"WebPage\",\"@id\":\"https:\/\/coffeelounge.delonghi.com\/de-at\/product\/rostraum-leticia\/\",\"url\":\"https:\/\/coffeelounge.delonghi.com\/de-at\/product\/rostraum-leticia\/\",\"name\":\"Let\u00edcia | Coffee Lounge De&#039;Longhi\",\"isPartOf\":{\"@id\":\"https:\/\/coffeelounge.delonghi.com\/de-at\/#website\"},\"primaryImageOfPage\":{\"@id\":\"https:\/\/coffeelounge.delonghi.com\/de-at\/product\/rostraum-leticia\/#primaryimage\"},\"image\":{\"@id\":\"https:\/\/coffeelounge.delonghi.com\/de-at\/product\/rostraum-leticia\/#primaryimage\"},\"thumbnailUrl\":\"https:\/\/coffeelounge.delonghi.com\/wp-content\/uploads\/2022\/10\/Leticia.png\",\"datePublished\":\"2022-10-20T09:56:23+00:00\",\"dateModified\":\"2024-03-04T07:27:38+00:00\",\"description\":\"Let\u00edcia ist ein Red Catuai, pulped natural angebaut und geerntet in einer H\u00f6he von 1.200 m. Ihr Geschmack erinnert an dunkle Schokolade und Nutella. Die Zubereitung im Siebtr\u00e4ger, in einem Vollautomaten oder in der Mokkakanne hebt eher die schokoladigen Noten hervor.\",\"breadcrumb\":{\"@id\":\"https:\/\/coffeelounge.delonghi.com\/de-at\/product\/rostraum-leticia\/#breadcrumb\"},\"inLanguage\":\"de-at\",\"potentialAction\":[{\"@type\":\"ReadAction\",\"target\":[\"https:\/\/coffeelounge.delonghi.com\/de-at\/product\/rostraum-leticia\/\"]}]},{\"@type\":\"ImageObject\",\"inLanguage\":\"de-at\",\"@id\":\"https:\/\/coffeelounge.delonghi.com\/de-at\/product\/rostraum-leticia\/#primaryimage\",\"url\":\"https:\/\/coffeelounge.delonghi.com\/wp-content\/uploads\/2022\/10\/Leticia.png\",\"contentUrl\":\"https:\/\/coffeelounge.delonghi.com\/wp-content\/uploads\/2022\/10\/Leticia.png\",\"width\":533,\"height\":468},{\"@type\":\"BreadcrumbList\",\"@id\":\"https:\/\/coffeelounge.delonghi.com\/de-at\/product\/rostraum-leticia\/#breadcrumb\",\"itemListElement\":[{\"@type\":\"ListItem\",\"position\":1,\"name\":\"Home\",\"item\":\"https:\/\/coffeelounge.delonghi.com\/de-at\/\"},{\"@type\":\"ListItem\",\"position\":2,\"name\":\"Boutique\",\"item\":\"https:\/\/coffeelounge.delonghi.com\/fr\/?page_id=36\"},{\"@type\":\"ListItem\",\"position\":3,\"name\":\"Let\u00edcia\"}]},{\"@type\":\"WebSite\",\"@id\":\"https:\/\/coffeelounge.delonghi.com\/de-at\/#website\",\"url\":\"https:\/\/coffeelounge.delonghi.com\/de-at\/\",\"name\":\"De&#039;Longhi\",\"description\":\"Coffee Lounge\",\"publisher\":{\"@id\":\"https:\/\/coffeelounge.delonghi.com\/de-at\/#organization\"},\"potentialAction\":[{\"@type\":\"SearchAction\",\"target\":{\"@type\":\"EntryPoint\",\"urlTemplate\":\"https:\/\/coffeelounge.delonghi.com\/de-at\/?s={search_term_string}\"},\"query-input\":{\"@type\":\"PropertyValueSpecification\",\"valueRequired\":true,\"valueName\":\"search_term_string\"}}],\"inLanguage\":\"de-at\"},{\"@type\":\"Organization\",\"@id\":\"https:\/\/coffeelounge.delonghi.com\/de-at\/#organization\",\"name\":\"De'Longhi Coffee Lounge\",\"url\":\"https:\/\/coffeelounge.delonghi.com\/de-at\/\",\"logo\":{\"@type\":\"ImageObject\",\"inLanguage\":\"de-at\",\"@id\":\"https:\/\/coffeelounge.delonghi.com\/de-at\/#\/schema\/logo\/image\/\",\"url\":\"https:\/\/coffeelounge.delonghi.com\/wp-content\/uploads\/2020\/05\/delonghi-coffee-lounge-logo-nederland.png\",\"contentUrl\":\"https:\/\/coffeelounge.delonghi.com\/wp-content\/uploads\/2020\/05\/delonghi-coffee-lounge-logo-nederland.png\",\"width\":2337,\"height\":724,\"caption\":\"De'Longhi Coffee Lounge\"},\"image\":{\"@id\":\"https:\/\/coffeelounge.delonghi.com\/de-at\/#\/schema\/logo\/image\/\"}}]}<\/script>\n<!-- \/ Yoast SEO Premium plugin. -->","yoast_head_json":{"title":"Let\u00edcia | Coffee Lounge De&#039;Longhi","description":"Let\u00edcia ist ein Red Catuai, pulped natural angebaut und geerntet in einer H\u00f6he von 1.200 m. Ihr Geschmack erinnert an dunkle Schokolade und Nutella. Die Zubereitung im Siebtr\u00e4ger, in einem Vollautomaten oder in der Mokkakanne hebt eher die schokoladigen Noten hervor.","robots":{"index":"index","follow":"follow","max-snippet":"max-snippet:-1","max-image-preview":"max-image-preview:large","max-video-preview":"max-video-preview:-1"},"twitter_card":"summary_large_image","twitter_title":"Let\u00edcia | Coffee Lounge De&#039;Longhi","twitter_description":"Let\u00edcia ist ein Red Catuai, pulped natural angebaut und geerntet in einer H\u00f6he von 1.200 m. Ihr Geschmack erinnert an dunkle Schokolade und Nutella. Die Zubereitung im Siebtr\u00e4ger, in einem Vollautomaten oder in der Mokkakanne hebt eher die schokoladigen Noten hervor.","twitter_image":"https:\/\/coffeelounge.delonghi.com\/wp-content\/uploads\/2022\/10\/Leticia.png","schema":{"@context":"https:\/\/schema.org","@graph":[{"@type":"WebPage","@id":"https:\/\/coffeelounge.delonghi.com\/de-at\/product\/rostraum-leticia\/","url":"https:\/\/coffeelounge.delonghi.com\/de-at\/product\/rostraum-leticia\/","name":"Let\u00edcia | Coffee Lounge De&#039;Longhi","isPartOf":{"@id":"https:\/\/coffeelounge.delonghi.com\/de-at\/#website"},"primaryImageOfPage":{"@id":"https:\/\/coffeelounge.delonghi.com\/de-at\/product\/rostraum-leticia\/#primaryimage"},"image":{"@id":"https:\/\/coffeelounge.delonghi.com\/de-at\/product\/rostraum-leticia\/#primaryimage"},"thumbnailUrl":"https:\/\/coffeelounge.delonghi.com\/wp-content\/uploads\/2022\/10\/Leticia.png","datePublished":"2022-10-20T09:56:23+00:00","dateModified":"2024-03-04T07:27:38+00:00","description":"Let\u00edcia ist ein Red Catuai, pulped natural angebaut und geerntet in einer H\u00f6he von 1.200 m. Ihr Geschmack erinnert an dunkle Schokolade und Nutella. Die Zubereitung im Siebtr\u00e4ger, in einem Vollautomaten oder in der Mokkakanne hebt eher die schokoladigen Noten hervor.","breadcrumb":{"@id":"https:\/\/coffeelounge.delonghi.com\/de-at\/product\/rostraum-leticia\/#breadcrumb"},"inLanguage":"de-at","potentialAction":[{"@type":"ReadAction","target":["https:\/\/coffeelounge.delonghi.com\/de-at\/product\/rostraum-leticia\/"]}]},{"@type":"ImageObject","inLanguage":"de-at","@id":"https:\/\/coffeelounge.delonghi.com\/de-at\/product\/rostraum-leticia\/#primaryimage","url":"https:\/\/coffeelounge.delonghi.com\/wp-content\/uploads\/2022\/10\/Leticia.png","contentUrl":"https:\/\/coffeelounge.delonghi.com\/wp-content\/uploads\/2022\/10\/Leticia.png","width":533,"height":468},{"@type":"BreadcrumbList","@id":"https:\/\/coffeelounge.delonghi.com\/de-at\/product\/rostraum-leticia\/#breadcrumb","itemListElement":[{"@type":"ListItem","position":1,"name":"Home","item":"https:\/\/coffeelounge.delonghi.com\/de-at\/"},{"@type":"ListItem","position":2,"name":"Boutique","item":"https:\/\/coffeelounge.delonghi.com\/fr\/?page_id=36"},{"@type":"ListItem","position":3,"name":"Let\u00edcia"}]},{"@type":"WebSite","@id":"https:\/\/coffeelounge.delonghi.com\/de-at\/#website","url":"https:\/\/coffeelounge.delonghi.com\/de-at\/","name":"De&#039;Longhi","description":"Coffee Lounge","publisher":{"@id":"https:\/\/coffeelounge.delonghi.com\/de-at\/#organization"},"potentialAction":[{"@type":"SearchAction","target":{"@type":"EntryPoint","urlTemplate":"https:\/\/coffeelounge.delonghi.com\/de-at\/?s={search_term_string}"},"query-input":{"@type":"PropertyValueSpecification","valueRequired":true,"valueName":"search_term_string"}}],"inLanguage":"de-at"},{"@type":"Organization","@id":"https:\/\/coffeelounge.delonghi.com\/de-at\/#organization","name":"De'Longhi Coffee Lounge","url":"https:\/\/coffeelounge.delonghi.com\/de-at\/","logo":{"@type":"ImageObject","inLanguage":"de-at","@id":"https:\/\/coffeelounge.delonghi.com\/de-at\/#\/schema\/logo\/image\/","url":"https:\/\/coffeelounge.delonghi.com\/wp-content\/uploads\/2020\/05\/delonghi-coffee-lounge-logo-nederland.png","contentUrl":"https:\/\/coffeelounge.delonghi.com\/wp-content\/uploads\/2020\/05\/delonghi-coffee-lounge-logo-nederland.png","width":2337,"height":724,"caption":"De'Longhi Coffee Lounge"},"image":{"@id":"https:\/\/coffeelounge.delonghi.com\/de-at\/#\/schema\/logo\/image\/"}}]}},"_links":{"self":[{"href":"https:\/\/coffeelounge.delonghi.com\/de-at\/wp-json\/wp\/v2\/product\/272981","targetHints":{"allow":["GET"]}}],"collection":[{"href":"https:\/\/coffeelounge.delonghi.com\/de-at\/wp-json\/wp\/v2\/product"}],"about":[{"href":"https:\/\/coffeelounge.delonghi.com\/de-at\/wp-json\/wp\/v2\/types\/product"}],"replies":[{"embeddable":true,"href":"https:\/\/coffeelounge.delonghi.com\/de-at\/wp-json\/wp\/v2\/comments?post=272981"}],"version-history":[{"count":2,"href":"https:\/\/coffeelounge.delonghi.com\/de-at\/wp-json\/wp\/v2\/product\/272981\/revisions"}],"predecessor-version":[{"id":421830,"href":"https:\/\/coffeelounge.delonghi.com\/de-at\/wp-json\/wp\/v2\/product\/272981\/revisions\/421830"}],"wp:featuredmedia":[{"embeddable":true,"href":"https:\/\/coffeelounge.delonghi.com\/de-at\/wp-json\/wp\/v2\/media\/416607"}],"wp:attachment":[{"href":"https:\/\/coffeelounge.delonghi.com\/de-at\/wp-json\/wp\/v2\/media?parent=272981"}],"wp:term":[{"taxonomy":"product_cat","embeddable":true,"href":"https:\/\/coffeelounge.delonghi.com\/de-at\/wp-json\/wp\/v2\/product_cat?post=272981"},{"taxonomy":"product_tag","embeddable":true,"href":"https:\/\/coffeelounge.delonghi.com\/de-at\/wp-json\/wp\/v2\/product_tag?post=272981"}],"curies":[{"name":"wp","href":"https:\/\/api.w.org\/{rel}","templated":true}]}}