{"id":272045,"date":"2022-10-20T09:54:33","date_gmt":"2022-10-20T09:54:33","guid":{"rendered":"https:\/\/coffeelounge.delonghi.com\/?post_type=product&#038;p=272045"},"modified":"2024-03-04T07:27:55","modified_gmt":"2024-03-04T07:27:55","slug":"rostwerkstatt-paolo","status":"publish","type":"product","link":"https:\/\/coffeelounge.delonghi.com\/de-at\/product\/rostwerkstatt-paolo\/","title":{"rendered":"Paolo"},"content":{"rendered":"<p>Paolo ist ein mittelkr\u00e4ftiger Blend mit sehr wenig S\u00e4ure und kr\u00e4ftig schokoladigen Aromen. Er ist ein echter Italiener der Mitte. 90% direct-trade Arabica aus Mittel- und S\u00fcdamerika und 10% Robusta aus Uganda. Am besten wird er im Siebtr\u00e4ger zubereitet. Aber auch in der klassischen italienischen Mokkakanne und im Vollautomaten f\u00e4hrt er ab.<\/p>\n","protected":false},"excerpt":{"rendered":"<p>Paolo ist ein mittelkr\u00e4ftiger Blend mit sehr wenig S\u00e4ure und kr\u00e4ftig schokoladigen Aromen. Er ist ein echter Italiener der Mitte. 90% direct-trade Arabica aus Mittel- und S\u00fcdamerika und 10% Robusta aus Uganda. Am besten wird er im Siebtr\u00e4ger zubereitet. Aber auch in der klassischen italienischen Mokkakanne und im Vollautomaten f\u00e4hrt er ab.<\/p>\n","protected":false},"featured_media":416634,"comment_status":"closed","ping_status":"closed","template":"","meta":{"_acf_changed":false},"product_cat":[653,658],"product_tag":[],"class_list":{"0":"post-272045","1":"product","2":"type-product","3":"status-publish","4":"has-post-thumbnail","6":"product_cat-alle-kaffees-de-at","7":"product_cat-spezialitatenkaffee","9":"first","10":"instock","11":"taxable","12":"shipping-taxable","13":"purchasable","14":"product-type-variable"},"acf":[],"yoast_head":"<!-- This site is optimized with the Yoast SEO Premium plugin v24.5 (Yoast SEO v24.5) - https:\/\/yoast.com\/wordpress\/plugins\/seo\/ -->\n<title>Paolo | Coffee Lounge De&#039;Longhi<\/title>\n<meta name=\"description\" content=\"Paolo ist ein mittelkr\u00e4ftiger Blend mit sehr wenig S\u00e4ure und kr\u00e4ftig schokoladigen Aromen. Er ist ein echter Italiener der Mitte.\" \/>\n<meta name=\"robots\" content=\"index, follow, max-snippet:-1, max-image-preview:large, max-video-preview:-1\" \/>\n<meta name=\"twitter:card\" content=\"summary_large_image\" \/>\n<meta name=\"twitter:title\" content=\"Paolo | Coffee Lounge De&#039;Longhi\" \/>\n<meta name=\"twitter:description\" content=\"Paolo ist ein mittelkr\u00e4ftiger Blend mit sehr wenig S\u00e4ure und kr\u00e4ftig schokoladigen Aromen. Er ist ein echter Italiener der Mitte.\" \/>\n<meta name=\"twitter:image\" content=\"https:\/\/coffeelounge.delonghi.com\/wp-content\/uploads\/2022\/10\/Paolo.png\" \/>\n<script type=\"application\/ld+json\" class=\"yoast-schema-graph\">{\"@context\":\"https:\/\/schema.org\",\"@graph\":[{\"@type\":\"WebPage\",\"@id\":\"https:\/\/coffeelounge.delonghi.com\/de-at\/product\/rostwerkstatt-paolo\/\",\"url\":\"https:\/\/coffeelounge.delonghi.com\/de-at\/product\/rostwerkstatt-paolo\/\",\"name\":\"Paolo | Coffee Lounge De&#039;Longhi\",\"isPartOf\":{\"@id\":\"https:\/\/coffeelounge.delonghi.com\/de-at\/#website\"},\"primaryImageOfPage\":{\"@id\":\"https:\/\/coffeelounge.delonghi.com\/de-at\/product\/rostwerkstatt-paolo\/#primaryimage\"},\"image\":{\"@id\":\"https:\/\/coffeelounge.delonghi.com\/de-at\/product\/rostwerkstatt-paolo\/#primaryimage\"},\"thumbnailUrl\":\"https:\/\/coffeelounge.delonghi.com\/wp-content\/uploads\/2022\/10\/Paolo.png\",\"datePublished\":\"2022-10-20T09:54:33+00:00\",\"dateModified\":\"2024-03-04T07:27:55+00:00\",\"description\":\"Paolo ist ein mittelkr\u00e4ftiger Blend mit sehr wenig S\u00e4ure und kr\u00e4ftig schokoladigen Aromen. Er ist ein echter Italiener der Mitte.\",\"breadcrumb\":{\"@id\":\"https:\/\/coffeelounge.delonghi.com\/de-at\/product\/rostwerkstatt-paolo\/#breadcrumb\"},\"inLanguage\":\"de-at\",\"potentialAction\":[{\"@type\":\"ReadAction\",\"target\":[\"https:\/\/coffeelounge.delonghi.com\/de-at\/product\/rostwerkstatt-paolo\/\"]}]},{\"@type\":\"ImageObject\",\"inLanguage\":\"de-at\",\"@id\":\"https:\/\/coffeelounge.delonghi.com\/de-at\/product\/rostwerkstatt-paolo\/#primaryimage\",\"url\":\"https:\/\/coffeelounge.delonghi.com\/wp-content\/uploads\/2022\/10\/Paolo.png\",\"contentUrl\":\"https:\/\/coffeelounge.delonghi.com\/wp-content\/uploads\/2022\/10\/Paolo.png\",\"width\":530,\"height\":471},{\"@type\":\"BreadcrumbList\",\"@id\":\"https:\/\/coffeelounge.delonghi.com\/de-at\/product\/rostwerkstatt-paolo\/#breadcrumb\",\"itemListElement\":[{\"@type\":\"ListItem\",\"position\":1,\"name\":\"Home\",\"item\":\"https:\/\/coffeelounge.delonghi.com\/de-at\/\"},{\"@type\":\"ListItem\",\"position\":2,\"name\":\"Boutique\",\"item\":\"https:\/\/coffeelounge.delonghi.com\/fr\/?page_id=36\"},{\"@type\":\"ListItem\",\"position\":3,\"name\":\"Paolo\"}]},{\"@type\":\"WebSite\",\"@id\":\"https:\/\/coffeelounge.delonghi.com\/de-at\/#website\",\"url\":\"https:\/\/coffeelounge.delonghi.com\/de-at\/\",\"name\":\"De&#039;Longhi\",\"description\":\"Coffee Lounge\",\"publisher\":{\"@id\":\"https:\/\/coffeelounge.delonghi.com\/de-at\/#organization\"},\"potentialAction\":[{\"@type\":\"SearchAction\",\"target\":{\"@type\":\"EntryPoint\",\"urlTemplate\":\"https:\/\/coffeelounge.delonghi.com\/de-at\/?s={search_term_string}\"},\"query-input\":{\"@type\":\"PropertyValueSpecification\",\"valueRequired\":true,\"valueName\":\"search_term_string\"}}],\"inLanguage\":\"de-at\"},{\"@type\":\"Organization\",\"@id\":\"https:\/\/coffeelounge.delonghi.com\/de-at\/#organization\",\"name\":\"De'Longhi Coffee Lounge\",\"url\":\"https:\/\/coffeelounge.delonghi.com\/de-at\/\",\"logo\":{\"@type\":\"ImageObject\",\"inLanguage\":\"de-at\",\"@id\":\"https:\/\/coffeelounge.delonghi.com\/de-at\/#\/schema\/logo\/image\/\",\"url\":\"https:\/\/coffeelounge.delonghi.com\/wp-content\/uploads\/2020\/05\/delonghi-coffee-lounge-logo-nederland.png\",\"contentUrl\":\"https:\/\/coffeelounge.delonghi.com\/wp-content\/uploads\/2020\/05\/delonghi-coffee-lounge-logo-nederland.png\",\"width\":2337,\"height\":724,\"caption\":\"De'Longhi Coffee Lounge\"},\"image\":{\"@id\":\"https:\/\/coffeelounge.delonghi.com\/de-at\/#\/schema\/logo\/image\/\"}}]}<\/script>\n<!-- \/ Yoast SEO Premium plugin. -->","yoast_head_json":{"title":"Paolo | Coffee Lounge De&#039;Longhi","description":"Paolo ist ein mittelkr\u00e4ftiger Blend mit sehr wenig S\u00e4ure und kr\u00e4ftig schokoladigen Aromen. Er ist ein echter Italiener der Mitte.","robots":{"index":"index","follow":"follow","max-snippet":"max-snippet:-1","max-image-preview":"max-image-preview:large","max-video-preview":"max-video-preview:-1"},"twitter_card":"summary_large_image","twitter_title":"Paolo | Coffee Lounge De&#039;Longhi","twitter_description":"Paolo ist ein mittelkr\u00e4ftiger Blend mit sehr wenig S\u00e4ure und kr\u00e4ftig schokoladigen Aromen. Er ist ein echter Italiener der Mitte.","twitter_image":"https:\/\/coffeelounge.delonghi.com\/wp-content\/uploads\/2022\/10\/Paolo.png","schema":{"@context":"https:\/\/schema.org","@graph":[{"@type":"WebPage","@id":"https:\/\/coffeelounge.delonghi.com\/de-at\/product\/rostwerkstatt-paolo\/","url":"https:\/\/coffeelounge.delonghi.com\/de-at\/product\/rostwerkstatt-paolo\/","name":"Paolo | Coffee Lounge De&#039;Longhi","isPartOf":{"@id":"https:\/\/coffeelounge.delonghi.com\/de-at\/#website"},"primaryImageOfPage":{"@id":"https:\/\/coffeelounge.delonghi.com\/de-at\/product\/rostwerkstatt-paolo\/#primaryimage"},"image":{"@id":"https:\/\/coffeelounge.delonghi.com\/de-at\/product\/rostwerkstatt-paolo\/#primaryimage"},"thumbnailUrl":"https:\/\/coffeelounge.delonghi.com\/wp-content\/uploads\/2022\/10\/Paolo.png","datePublished":"2022-10-20T09:54:33+00:00","dateModified":"2024-03-04T07:27:55+00:00","description":"Paolo ist ein mittelkr\u00e4ftiger Blend mit sehr wenig S\u00e4ure und kr\u00e4ftig schokoladigen Aromen. Er ist ein echter Italiener der Mitte.","breadcrumb":{"@id":"https:\/\/coffeelounge.delonghi.com\/de-at\/product\/rostwerkstatt-paolo\/#breadcrumb"},"inLanguage":"de-at","potentialAction":[{"@type":"ReadAction","target":["https:\/\/coffeelounge.delonghi.com\/de-at\/product\/rostwerkstatt-paolo\/"]}]},{"@type":"ImageObject","inLanguage":"de-at","@id":"https:\/\/coffeelounge.delonghi.com\/de-at\/product\/rostwerkstatt-paolo\/#primaryimage","url":"https:\/\/coffeelounge.delonghi.com\/wp-content\/uploads\/2022\/10\/Paolo.png","contentUrl":"https:\/\/coffeelounge.delonghi.com\/wp-content\/uploads\/2022\/10\/Paolo.png","width":530,"height":471},{"@type":"BreadcrumbList","@id":"https:\/\/coffeelounge.delonghi.com\/de-at\/product\/rostwerkstatt-paolo\/#breadcrumb","itemListElement":[{"@type":"ListItem","position":1,"name":"Home","item":"https:\/\/coffeelounge.delonghi.com\/de-at\/"},{"@type":"ListItem","position":2,"name":"Boutique","item":"https:\/\/coffeelounge.delonghi.com\/fr\/?page_id=36"},{"@type":"ListItem","position":3,"name":"Paolo"}]},{"@type":"WebSite","@id":"https:\/\/coffeelounge.delonghi.com\/de-at\/#website","url":"https:\/\/coffeelounge.delonghi.com\/de-at\/","name":"De&#039;Longhi","description":"Coffee Lounge","publisher":{"@id":"https:\/\/coffeelounge.delonghi.com\/de-at\/#organization"},"potentialAction":[{"@type":"SearchAction","target":{"@type":"EntryPoint","urlTemplate":"https:\/\/coffeelounge.delonghi.com\/de-at\/?s={search_term_string}"},"query-input":{"@type":"PropertyValueSpecification","valueRequired":true,"valueName":"search_term_string"}}],"inLanguage":"de-at"},{"@type":"Organization","@id":"https:\/\/coffeelounge.delonghi.com\/de-at\/#organization","name":"De'Longhi Coffee Lounge","url":"https:\/\/coffeelounge.delonghi.com\/de-at\/","logo":{"@type":"ImageObject","inLanguage":"de-at","@id":"https:\/\/coffeelounge.delonghi.com\/de-at\/#\/schema\/logo\/image\/","url":"https:\/\/coffeelounge.delonghi.com\/wp-content\/uploads\/2020\/05\/delonghi-coffee-lounge-logo-nederland.png","contentUrl":"https:\/\/coffeelounge.delonghi.com\/wp-content\/uploads\/2020\/05\/delonghi-coffee-lounge-logo-nederland.png","width":2337,"height":724,"caption":"De'Longhi Coffee Lounge"},"image":{"@id":"https:\/\/coffeelounge.delonghi.com\/de-at\/#\/schema\/logo\/image\/"}}]}},"_links":{"self":[{"href":"https:\/\/coffeelounge.delonghi.com\/de-at\/wp-json\/wp\/v2\/product\/272045","targetHints":{"allow":["GET"]}}],"collection":[{"href":"https:\/\/coffeelounge.delonghi.com\/de-at\/wp-json\/wp\/v2\/product"}],"about":[{"href":"https:\/\/coffeelounge.delonghi.com\/de-at\/wp-json\/wp\/v2\/types\/product"}],"replies":[{"embeddable":true,"href":"https:\/\/coffeelounge.delonghi.com\/de-at\/wp-json\/wp\/v2\/comments?post=272045"}],"version-history":[{"count":2,"href":"https:\/\/coffeelounge.delonghi.com\/de-at\/wp-json\/wp\/v2\/product\/272045\/revisions"}],"predecessor-version":[{"id":421832,"href":"https:\/\/coffeelounge.delonghi.com\/de-at\/wp-json\/wp\/v2\/product\/272045\/revisions\/421832"}],"wp:featuredmedia":[{"embeddable":true,"href":"https:\/\/coffeelounge.delonghi.com\/de-at\/wp-json\/wp\/v2\/media\/416634"}],"wp:attachment":[{"href":"https:\/\/coffeelounge.delonghi.com\/de-at\/wp-json\/wp\/v2\/media?parent=272045"}],"wp:term":[{"taxonomy":"product_cat","embeddable":true,"href":"https:\/\/coffeelounge.delonghi.com\/de-at\/wp-json\/wp\/v2\/product_cat?post=272045"},{"taxonomy":"product_tag","embeddable":true,"href":"https:\/\/coffeelounge.delonghi.com\/de-at\/wp-json\/wp\/v2\/product_tag?post=272045"}],"curies":[{"name":"wp","href":"https:\/\/api.w.org\/{rel}","templated":true}]}}