{"id":270708,"date":"2022-10-20T09:53:06","date_gmt":"2022-10-20T09:53:06","guid":{"rendered":"https:\/\/coffeelounge.delonghi.com\/?post_type=product&#038;p=270708"},"modified":"2024-03-04T07:28:08","modified_gmt":"2024-03-04T07:28:08","slug":"rostraum-carioca","status":"publish","type":"product","link":"https:\/\/coffeelounge.delonghi.com\/de-at\/product\/rostraum-carioca\/","title":{"rendered":"Carioca &#8211; BIO koffeinfrei"},"content":{"rendered":"<p>Einen koffeinfreien Kaffee wollten wir immer schon in unser Sortiment aufnehmen. Mit diesem nat\u00fcrlich entkoffeinierten Specialty Coffee von der Fazenda Dutra haben wir einen der Besten gefunden, der keinen Vergleich mit anderen \u201enormalen\u201c Kaffees scheuen muss. Die &#8220;Sparkling Water Decoffeination&#8221; ist ein Prozess, bei dem nat\u00fcrliches Kohlendioxid dem Wasser zugesetzt wird, um damit dem Kaffee das Koffein sehr effektiv zu entziehen. Es ist ein schonendes, nat\u00fcrliches und biologisch zertifiziertes Verfahren und garantiert gleichzeitig einen h\u00f6chstm\u00f6glichen Erhalt anderer Kaffeekomponenten, die zu Geschmack und Aroma beitragen.<\/p>\n","protected":false},"excerpt":{"rendered":"<p>Einen koffeinfreien Kaffee wollten wir immer schon in unser Sortiment aufnehmen. Mit diesem nat\u00fcrlich entkoffeinierten Specialty Coffee von der Fazenda Dutra haben wir einen der Besten gefunden, der keinen Vergleich mit anderen \u201enormalen\u201c Kaffees scheuen muss. Die &#8220;Sparkling Water Decoffeination&#8221; ist ein Prozess, bei dem nat\u00fcrliches Kohlendioxid dem Wasser zugesetzt wird, um damit dem Kaffee [&hellip;]<\/p>\n","protected":false},"featured_media":270728,"comment_status":"closed","ping_status":"closed","template":"","meta":{"_acf_changed":false},"product_cat":[653,656],"product_tag":[],"class_list":{"0":"post-270708","1":"product","2":"type-product","3":"status-publish","4":"has-post-thumbnail","6":"product_cat-alle-kaffees-de-at","7":"product_cat-entkoffeiniert-de-at","9":"first","10":"instock","11":"taxable","12":"shipping-taxable","13":"purchasable","14":"product-type-variable"},"acf":[],"yoast_head":"<!-- This site is optimized with the Yoast SEO Premium plugin v24.5 (Yoast SEO v24.5) - https:\/\/yoast.com\/wordpress\/plugins\/seo\/ -->\n<title>Carioca - BIO koffeinfrei | Coffee Lounge De&#039;Longhi<\/title>\n<meta name=\"description\" content=\"Mit diesem nat\u00fcrlich entkoffeinierten Specialty Coffee von der Fazenda Dutra haben wir einen der besten gefunden, der keinen Vergleich mit anderen \u201enormalen\u201c Kaffees scheuen muss. Die &quot;Sparkling Water Decoffeination&quot; ist ein Prozess, bei dem nat\u00fcrliches Kohlendioxid dem Wasser zugesetzt wird, um damit dem Kaffee das Koffein sehr effektiv zu entziehen.\" \/>\n<meta name=\"robots\" content=\"index, follow, max-snippet:-1, max-image-preview:large, max-video-preview:-1\" \/>\n<meta name=\"twitter:card\" content=\"summary_large_image\" \/>\n<meta name=\"twitter:title\" content=\"Carioca - BIO koffeinfrei | Coffee Lounge De&#039;Longhi\" \/>\n<meta name=\"twitter:description\" content=\"Mit diesem nat\u00fcrlich entkoffeinierten Specialty Coffee von der Fazenda Dutra haben wir einen der besten gefunden, der keinen Vergleich mit anderen \u201enormalen\u201c Kaffees scheuen muss. Die &quot;Sparkling Water Decoffeination&quot; ist ein Prozess, bei dem nat\u00fcrliches Kohlendioxid dem Wasser zugesetzt wird, um damit dem Kaffee das Koffein sehr effektiv zu entziehen.\" \/>\n<meta name=\"twitter:image\" content=\"https:\/\/coffeelounge.delonghi.com\/wp-content\/uploads\/2022\/09\/RR_MOCKUP_Carioca.png\" \/>\n<script type=\"application\/ld+json\" class=\"yoast-schema-graph\">{\"@context\":\"https:\/\/schema.org\",\"@graph\":[{\"@type\":\"WebPage\",\"@id\":\"https:\/\/coffeelounge.delonghi.com\/de-at\/product\/rostraum-carioca\/\",\"url\":\"https:\/\/coffeelounge.delonghi.com\/de-at\/product\/rostraum-carioca\/\",\"name\":\"Carioca - BIO koffeinfrei | Coffee Lounge De&#039;Longhi\",\"isPartOf\":{\"@id\":\"https:\/\/coffeelounge.delonghi.com\/de-at\/#website\"},\"primaryImageOfPage\":{\"@id\":\"https:\/\/coffeelounge.delonghi.com\/de-at\/product\/rostraum-carioca\/#primaryimage\"},\"image\":{\"@id\":\"https:\/\/coffeelounge.delonghi.com\/de-at\/product\/rostraum-carioca\/#primaryimage\"},\"thumbnailUrl\":\"https:\/\/coffeelounge.delonghi.com\/wp-content\/uploads\/2022\/09\/RR_MOCKUP_Carioca.png\",\"datePublished\":\"2022-10-20T09:53:06+00:00\",\"dateModified\":\"2024-03-04T07:28:08+00:00\",\"description\":\"Mit diesem nat\u00fcrlich entkoffeinierten Specialty Coffee von der Fazenda Dutra haben wir einen der besten gefunden, der keinen Vergleich mit anderen \u201enormalen\u201c Kaffees scheuen muss. Die \\\"Sparkling Water Decoffeination\\\" ist ein Prozess, bei dem nat\u00fcrliches Kohlendioxid dem Wasser zugesetzt wird, um damit dem Kaffee das Koffein sehr effektiv zu entziehen.\",\"breadcrumb\":{\"@id\":\"https:\/\/coffeelounge.delonghi.com\/de-at\/product\/rostraum-carioca\/#breadcrumb\"},\"inLanguage\":\"de-at\",\"potentialAction\":[{\"@type\":\"ReadAction\",\"target\":[\"https:\/\/coffeelounge.delonghi.com\/de-at\/product\/rostraum-carioca\/\"]}]},{\"@type\":\"ImageObject\",\"inLanguage\":\"de-at\",\"@id\":\"https:\/\/coffeelounge.delonghi.com\/de-at\/product\/rostraum-carioca\/#primaryimage\",\"url\":\"https:\/\/coffeelounge.delonghi.com\/wp-content\/uploads\/2022\/09\/RR_MOCKUP_Carioca.png\",\"contentUrl\":\"https:\/\/coffeelounge.delonghi.com\/wp-content\/uploads\/2022\/09\/RR_MOCKUP_Carioca.png\",\"width\":1544,\"height\":1856},{\"@type\":\"BreadcrumbList\",\"@id\":\"https:\/\/coffeelounge.delonghi.com\/de-at\/product\/rostraum-carioca\/#breadcrumb\",\"itemListElement\":[{\"@type\":\"ListItem\",\"position\":1,\"name\":\"Home\",\"item\":\"https:\/\/coffeelounge.delonghi.com\/de-at\/\"},{\"@type\":\"ListItem\",\"position\":2,\"name\":\"Boutique\",\"item\":\"https:\/\/coffeelounge.delonghi.com\/fr\/?page_id=36\"},{\"@type\":\"ListItem\",\"position\":3,\"name\":\"Carioca &#8211; BIO koffeinfrei\"}]},{\"@type\":\"WebSite\",\"@id\":\"https:\/\/coffeelounge.delonghi.com\/de-at\/#website\",\"url\":\"https:\/\/coffeelounge.delonghi.com\/de-at\/\",\"name\":\"De&#039;Longhi\",\"description\":\"Coffee Lounge\",\"publisher\":{\"@id\":\"https:\/\/coffeelounge.delonghi.com\/de-at\/#organization\"},\"potentialAction\":[{\"@type\":\"SearchAction\",\"target\":{\"@type\":\"EntryPoint\",\"urlTemplate\":\"https:\/\/coffeelounge.delonghi.com\/de-at\/?s={search_term_string}\"},\"query-input\":{\"@type\":\"PropertyValueSpecification\",\"valueRequired\":true,\"valueName\":\"search_term_string\"}}],\"inLanguage\":\"de-at\"},{\"@type\":\"Organization\",\"@id\":\"https:\/\/coffeelounge.delonghi.com\/de-at\/#organization\",\"name\":\"De'Longhi Coffee Lounge\",\"url\":\"https:\/\/coffeelounge.delonghi.com\/de-at\/\",\"logo\":{\"@type\":\"ImageObject\",\"inLanguage\":\"de-at\",\"@id\":\"https:\/\/coffeelounge.delonghi.com\/de-at\/#\/schema\/logo\/image\/\",\"url\":\"https:\/\/coffeelounge.delonghi.com\/wp-content\/uploads\/2020\/05\/delonghi-coffee-lounge-logo-nederland.png\",\"contentUrl\":\"https:\/\/coffeelounge.delonghi.com\/wp-content\/uploads\/2020\/05\/delonghi-coffee-lounge-logo-nederland.png\",\"width\":2337,\"height\":724,\"caption\":\"De'Longhi Coffee Lounge\"},\"image\":{\"@id\":\"https:\/\/coffeelounge.delonghi.com\/de-at\/#\/schema\/logo\/image\/\"}}]}<\/script>\n<!-- \/ Yoast SEO Premium plugin. -->","yoast_head_json":{"title":"Carioca - BIO koffeinfrei | Coffee Lounge De&#039;Longhi","description":"Mit diesem nat\u00fcrlich entkoffeinierten Specialty Coffee von der Fazenda Dutra haben wir einen der besten gefunden, der keinen Vergleich mit anderen \u201enormalen\u201c Kaffees scheuen muss. Die \"Sparkling Water Decoffeination\" ist ein Prozess, bei dem nat\u00fcrliches Kohlendioxid dem Wasser zugesetzt wird, um damit dem Kaffee das Koffein sehr effektiv zu entziehen.","robots":{"index":"index","follow":"follow","max-snippet":"max-snippet:-1","max-image-preview":"max-image-preview:large","max-video-preview":"max-video-preview:-1"},"twitter_card":"summary_large_image","twitter_title":"Carioca - BIO koffeinfrei | Coffee Lounge De&#039;Longhi","twitter_description":"Mit diesem nat\u00fcrlich entkoffeinierten Specialty Coffee von der Fazenda Dutra haben wir einen der besten gefunden, der keinen Vergleich mit anderen \u201enormalen\u201c Kaffees scheuen muss. Die \"Sparkling Water Decoffeination\" ist ein Prozess, bei dem nat\u00fcrliches Kohlendioxid dem Wasser zugesetzt wird, um damit dem Kaffee das Koffein sehr effektiv zu entziehen.","twitter_image":"https:\/\/coffeelounge.delonghi.com\/wp-content\/uploads\/2022\/09\/RR_MOCKUP_Carioca.png","schema":{"@context":"https:\/\/schema.org","@graph":[{"@type":"WebPage","@id":"https:\/\/coffeelounge.delonghi.com\/de-at\/product\/rostraum-carioca\/","url":"https:\/\/coffeelounge.delonghi.com\/de-at\/product\/rostraum-carioca\/","name":"Carioca - BIO koffeinfrei | Coffee Lounge De&#039;Longhi","isPartOf":{"@id":"https:\/\/coffeelounge.delonghi.com\/de-at\/#website"},"primaryImageOfPage":{"@id":"https:\/\/coffeelounge.delonghi.com\/de-at\/product\/rostraum-carioca\/#primaryimage"},"image":{"@id":"https:\/\/coffeelounge.delonghi.com\/de-at\/product\/rostraum-carioca\/#primaryimage"},"thumbnailUrl":"https:\/\/coffeelounge.delonghi.com\/wp-content\/uploads\/2022\/09\/RR_MOCKUP_Carioca.png","datePublished":"2022-10-20T09:53:06+00:00","dateModified":"2024-03-04T07:28:08+00:00","description":"Mit diesem nat\u00fcrlich entkoffeinierten Specialty Coffee von der Fazenda Dutra haben wir einen der besten gefunden, der keinen Vergleich mit anderen \u201enormalen\u201c Kaffees scheuen muss. Die \"Sparkling Water Decoffeination\" ist ein Prozess, bei dem nat\u00fcrliches Kohlendioxid dem Wasser zugesetzt wird, um damit dem Kaffee das Koffein sehr effektiv zu entziehen.","breadcrumb":{"@id":"https:\/\/coffeelounge.delonghi.com\/de-at\/product\/rostraum-carioca\/#breadcrumb"},"inLanguage":"de-at","potentialAction":[{"@type":"ReadAction","target":["https:\/\/coffeelounge.delonghi.com\/de-at\/product\/rostraum-carioca\/"]}]},{"@type":"ImageObject","inLanguage":"de-at","@id":"https:\/\/coffeelounge.delonghi.com\/de-at\/product\/rostraum-carioca\/#primaryimage","url":"https:\/\/coffeelounge.delonghi.com\/wp-content\/uploads\/2022\/09\/RR_MOCKUP_Carioca.png","contentUrl":"https:\/\/coffeelounge.delonghi.com\/wp-content\/uploads\/2022\/09\/RR_MOCKUP_Carioca.png","width":1544,"height":1856},{"@type":"BreadcrumbList","@id":"https:\/\/coffeelounge.delonghi.com\/de-at\/product\/rostraum-carioca\/#breadcrumb","itemListElement":[{"@type":"ListItem","position":1,"name":"Home","item":"https:\/\/coffeelounge.delonghi.com\/de-at\/"},{"@type":"ListItem","position":2,"name":"Boutique","item":"https:\/\/coffeelounge.delonghi.com\/fr\/?page_id=36"},{"@type":"ListItem","position":3,"name":"Carioca &#8211; BIO koffeinfrei"}]},{"@type":"WebSite","@id":"https:\/\/coffeelounge.delonghi.com\/de-at\/#website","url":"https:\/\/coffeelounge.delonghi.com\/de-at\/","name":"De&#039;Longhi","description":"Coffee Lounge","publisher":{"@id":"https:\/\/coffeelounge.delonghi.com\/de-at\/#organization"},"potentialAction":[{"@type":"SearchAction","target":{"@type":"EntryPoint","urlTemplate":"https:\/\/coffeelounge.delonghi.com\/de-at\/?s={search_term_string}"},"query-input":{"@type":"PropertyValueSpecification","valueRequired":true,"valueName":"search_term_string"}}],"inLanguage":"de-at"},{"@type":"Organization","@id":"https:\/\/coffeelounge.delonghi.com\/de-at\/#organization","name":"De'Longhi Coffee Lounge","url":"https:\/\/coffeelounge.delonghi.com\/de-at\/","logo":{"@type":"ImageObject","inLanguage":"de-at","@id":"https:\/\/coffeelounge.delonghi.com\/de-at\/#\/schema\/logo\/image\/","url":"https:\/\/coffeelounge.delonghi.com\/wp-content\/uploads\/2020\/05\/delonghi-coffee-lounge-logo-nederland.png","contentUrl":"https:\/\/coffeelounge.delonghi.com\/wp-content\/uploads\/2020\/05\/delonghi-coffee-lounge-logo-nederland.png","width":2337,"height":724,"caption":"De'Longhi Coffee Lounge"},"image":{"@id":"https:\/\/coffeelounge.delonghi.com\/de-at\/#\/schema\/logo\/image\/"}}]}},"_links":{"self":[{"href":"https:\/\/coffeelounge.delonghi.com\/de-at\/wp-json\/wp\/v2\/product\/270708","targetHints":{"allow":["GET"]}}],"collection":[{"href":"https:\/\/coffeelounge.delonghi.com\/de-at\/wp-json\/wp\/v2\/product"}],"about":[{"href":"https:\/\/coffeelounge.delonghi.com\/de-at\/wp-json\/wp\/v2\/types\/product"}],"replies":[{"embeddable":true,"href":"https:\/\/coffeelounge.delonghi.com\/de-at\/wp-json\/wp\/v2\/comments?post=270708"}],"version-history":[{"count":2,"href":"https:\/\/coffeelounge.delonghi.com\/de-at\/wp-json\/wp\/v2\/product\/270708\/revisions"}],"predecessor-version":[{"id":421833,"href":"https:\/\/coffeelounge.delonghi.com\/de-at\/wp-json\/wp\/v2\/product\/270708\/revisions\/421833"}],"wp:featuredmedia":[{"embeddable":true,"href":"https:\/\/coffeelounge.delonghi.com\/de-at\/wp-json\/wp\/v2\/media\/270728"}],"wp:attachment":[{"href":"https:\/\/coffeelounge.delonghi.com\/de-at\/wp-json\/wp\/v2\/media?parent=270708"}],"wp:term":[{"taxonomy":"product_cat","embeddable":true,"href":"https:\/\/coffeelounge.delonghi.com\/de-at\/wp-json\/wp\/v2\/product_cat?post=270708"},{"taxonomy":"product_tag","embeddable":true,"href":"https:\/\/coffeelounge.delonghi.com\/de-at\/wp-json\/wp\/v2\/product_tag?post=270708"}],"curies":[{"name":"wp","href":"https:\/\/api.w.org\/{rel}","templated":true}]}}