{"id":270675,"date":"2022-10-20T09:52:20","date_gmt":"2022-10-20T09:52:20","guid":{"rendered":"https:\/\/coffeelounge.delonghi.com\/?post_type=product&#038;p=270675"},"modified":"2024-03-04T07:28:30","modified_gmt":"2024-03-04T07:28:30","slug":"rostraum-carlos","status":"publish","type":"product","link":"https:\/\/coffeelounge.delonghi.com\/de-at\/product\/rostraum-carlos\/","title":{"rendered":"Carlos"},"content":{"rendered":"<p>Wir als R\u00f6straum finden es gro\u00dfartig, wenn Ideen aus anderen Wissensgebieten aufgenommen und f\u00fcr die Kaffeeaufbereitung neu perfektioniert werden. Auf ganz nat\u00fcrliche Weise k\u00f6nnen so Aromen und Geschmacksprofile der Kaffeebohnen beeinflusst werden. Urspr\u00fcnglich aus dem Weinbau, werden die Kaffeebohnen \u00fcber einen l\u00e4ngeren Zeitraum mit frischem Quellwasser und nat\u00fcrlicher Kohlens\u00e4ure gelagert. Dadurch entstehen ganz besondere Sorten, die vor allem durch ihren cremigen K\u00f6rper bestechen. Die Bourbon Bohnen vom Monte Cacahuatique wurden handgepfl\u00fcckt und anschlie\u00dfend 34 Stunden in F\u00e4ssern mazeriert, gewaschen und gereinigt, bevor sie 13 \u2013 16 Tage auf afrikanischen Hochbetten in der Sonne getrocknet wurden.<\/p>\n","protected":false},"excerpt":{"rendered":"<p>Wir als R\u00f6straum finden es gro\u00dfartig, wenn Ideen aus anderen Wissensgebieten aufgenommen und f\u00fcr die Kaffeeaufbereitung neu perfektioniert werden. Auf ganz nat\u00fcrliche Weise k\u00f6nnen so Aromen und Geschmacksprofile der Kaffeebohnen beeinflusst werden. Urspr\u00fcnglich aus dem Weinbau, werden die Kaffeebohnen \u00fcber einen l\u00e4ngeren Zeitraum mit frischem Quellwasser und nat\u00fcrlicher Kohlens\u00e4ure gelagert. Dadurch entstehen ganz besondere Sorten, [&hellip;]<\/p>\n","protected":false},"featured_media":270693,"comment_status":"closed","ping_status":"closed","template":"","meta":{"_acf_changed":false},"product_cat":[653,658],"product_tag":[],"class_list":{"0":"post-270675","1":"product","2":"type-product","3":"status-publish","4":"has-post-thumbnail","6":"product_cat-alle-kaffees-de-at","7":"product_cat-spezialitatenkaffee","9":"first","10":"instock","11":"taxable","12":"shipping-taxable","13":"purchasable","14":"product-type-variable"},"acf":[],"yoast_head":"<!-- This site is optimized with the Yoast SEO Premium plugin v24.5 (Yoast SEO v24.5) - https:\/\/yoast.com\/wordpress\/plugins\/seo\/ -->\n<title>Carlos | Coffee Lounge De&#039;Longhi<\/title>\n<meta name=\"description\" content=\"Die Bourbon Bohnen vom Monte Cacahuatique wurden handgepfl\u00fcckt und anschlie\u00dfend 34 Stunden in F\u00e4ssern mazeriert, gewaschen und gereinigt, bevor sie 13 \u2013 16 Tage auf afrikanischen Hochbetten in der Sonne getrocknet wurden.\" \/>\n<meta name=\"robots\" content=\"index, follow, max-snippet:-1, max-image-preview:large, max-video-preview:-1\" \/>\n<meta name=\"twitter:card\" content=\"summary_large_image\" \/>\n<meta name=\"twitter:title\" content=\"Carlos | Coffee Lounge De&#039;Longhi\" \/>\n<meta name=\"twitter:description\" content=\"Die Bourbon Bohnen vom Monte Cacahuatique wurden handgepfl\u00fcckt und anschlie\u00dfend 34 Stunden in F\u00e4ssern mazeriert, gewaschen und gereinigt, bevor sie 13 \u2013 16 Tage auf afrikanischen Hochbetten in der Sonne getrocknet wurden.\" \/>\n<meta name=\"twitter:image\" content=\"https:\/\/coffeelounge.delonghi.com\/wp-content\/uploads\/2022\/09\/RR_MOCKUP_Carlos.png\" \/>\n<script type=\"application\/ld+json\" class=\"yoast-schema-graph\">{\"@context\":\"https:\/\/schema.org\",\"@graph\":[{\"@type\":\"WebPage\",\"@id\":\"https:\/\/coffeelounge.delonghi.com\/de-at\/product\/rostraum-carlos\/\",\"url\":\"https:\/\/coffeelounge.delonghi.com\/de-at\/product\/rostraum-carlos\/\",\"name\":\"Carlos | Coffee Lounge De&#039;Longhi\",\"isPartOf\":{\"@id\":\"https:\/\/coffeelounge.delonghi.com\/de-at\/#website\"},\"primaryImageOfPage\":{\"@id\":\"https:\/\/coffeelounge.delonghi.com\/de-at\/product\/rostraum-carlos\/#primaryimage\"},\"image\":{\"@id\":\"https:\/\/coffeelounge.delonghi.com\/de-at\/product\/rostraum-carlos\/#primaryimage\"},\"thumbnailUrl\":\"https:\/\/coffeelounge.delonghi.com\/wp-content\/uploads\/2022\/09\/RR_MOCKUP_Carlos.png\",\"datePublished\":\"2022-10-20T09:52:20+00:00\",\"dateModified\":\"2024-03-04T07:28:30+00:00\",\"description\":\"Die Bourbon Bohnen vom Monte Cacahuatique wurden handgepfl\u00fcckt und anschlie\u00dfend 34 Stunden in F\u00e4ssern mazeriert, gewaschen und gereinigt, bevor sie 13 \u2013 16 Tage auf afrikanischen Hochbetten in der Sonne getrocknet wurden.\",\"breadcrumb\":{\"@id\":\"https:\/\/coffeelounge.delonghi.com\/de-at\/product\/rostraum-carlos\/#breadcrumb\"},\"inLanguage\":\"de-at\",\"potentialAction\":[{\"@type\":\"ReadAction\",\"target\":[\"https:\/\/coffeelounge.delonghi.com\/de-at\/product\/rostraum-carlos\/\"]}]},{\"@type\":\"ImageObject\",\"inLanguage\":\"de-at\",\"@id\":\"https:\/\/coffeelounge.delonghi.com\/de-at\/product\/rostraum-carlos\/#primaryimage\",\"url\":\"https:\/\/coffeelounge.delonghi.com\/wp-content\/uploads\/2022\/09\/RR_MOCKUP_Carlos.png\",\"contentUrl\":\"https:\/\/coffeelounge.delonghi.com\/wp-content\/uploads\/2022\/09\/RR_MOCKUP_Carlos.png\",\"width\":1544,\"height\":1856},{\"@type\":\"BreadcrumbList\",\"@id\":\"https:\/\/coffeelounge.delonghi.com\/de-at\/product\/rostraum-carlos\/#breadcrumb\",\"itemListElement\":[{\"@type\":\"ListItem\",\"position\":1,\"name\":\"Home\",\"item\":\"https:\/\/coffeelounge.delonghi.com\/de-at\/\"},{\"@type\":\"ListItem\",\"position\":2,\"name\":\"Boutique\",\"item\":\"https:\/\/coffeelounge.delonghi.com\/fr\/?page_id=36\"},{\"@type\":\"ListItem\",\"position\":3,\"name\":\"Carlos\"}]},{\"@type\":\"WebSite\",\"@id\":\"https:\/\/coffeelounge.delonghi.com\/de-at\/#website\",\"url\":\"https:\/\/coffeelounge.delonghi.com\/de-at\/\",\"name\":\"De&#039;Longhi\",\"description\":\"Coffee Lounge\",\"publisher\":{\"@id\":\"https:\/\/coffeelounge.delonghi.com\/de-at\/#organization\"},\"potentialAction\":[{\"@type\":\"SearchAction\",\"target\":{\"@type\":\"EntryPoint\",\"urlTemplate\":\"https:\/\/coffeelounge.delonghi.com\/de-at\/?s={search_term_string}\"},\"query-input\":{\"@type\":\"PropertyValueSpecification\",\"valueRequired\":true,\"valueName\":\"search_term_string\"}}],\"inLanguage\":\"de-at\"},{\"@type\":\"Organization\",\"@id\":\"https:\/\/coffeelounge.delonghi.com\/de-at\/#organization\",\"name\":\"De'Longhi Coffee Lounge\",\"url\":\"https:\/\/coffeelounge.delonghi.com\/de-at\/\",\"logo\":{\"@type\":\"ImageObject\",\"inLanguage\":\"de-at\",\"@id\":\"https:\/\/coffeelounge.delonghi.com\/de-at\/#\/schema\/logo\/image\/\",\"url\":\"https:\/\/coffeelounge.delonghi.com\/wp-content\/uploads\/2020\/05\/delonghi-coffee-lounge-logo-nederland.png\",\"contentUrl\":\"https:\/\/coffeelounge.delonghi.com\/wp-content\/uploads\/2020\/05\/delonghi-coffee-lounge-logo-nederland.png\",\"width\":2337,\"height\":724,\"caption\":\"De'Longhi Coffee Lounge\"},\"image\":{\"@id\":\"https:\/\/coffeelounge.delonghi.com\/de-at\/#\/schema\/logo\/image\/\"}}]}<\/script>\n<!-- \/ Yoast SEO Premium plugin. -->","yoast_head_json":{"title":"Carlos | Coffee Lounge De&#039;Longhi","description":"Die Bourbon Bohnen vom Monte Cacahuatique wurden handgepfl\u00fcckt und anschlie\u00dfend 34 Stunden in F\u00e4ssern mazeriert, gewaschen und gereinigt, bevor sie 13 \u2013 16 Tage auf afrikanischen Hochbetten in der Sonne getrocknet wurden.","robots":{"index":"index","follow":"follow","max-snippet":"max-snippet:-1","max-image-preview":"max-image-preview:large","max-video-preview":"max-video-preview:-1"},"twitter_card":"summary_large_image","twitter_title":"Carlos | Coffee Lounge De&#039;Longhi","twitter_description":"Die Bourbon Bohnen vom Monte Cacahuatique wurden handgepfl\u00fcckt und anschlie\u00dfend 34 Stunden in F\u00e4ssern mazeriert, gewaschen und gereinigt, bevor sie 13 \u2013 16 Tage auf afrikanischen Hochbetten in der Sonne getrocknet wurden.","twitter_image":"https:\/\/coffeelounge.delonghi.com\/wp-content\/uploads\/2022\/09\/RR_MOCKUP_Carlos.png","schema":{"@context":"https:\/\/schema.org","@graph":[{"@type":"WebPage","@id":"https:\/\/coffeelounge.delonghi.com\/de-at\/product\/rostraum-carlos\/","url":"https:\/\/coffeelounge.delonghi.com\/de-at\/product\/rostraum-carlos\/","name":"Carlos | Coffee Lounge De&#039;Longhi","isPartOf":{"@id":"https:\/\/coffeelounge.delonghi.com\/de-at\/#website"},"primaryImageOfPage":{"@id":"https:\/\/coffeelounge.delonghi.com\/de-at\/product\/rostraum-carlos\/#primaryimage"},"image":{"@id":"https:\/\/coffeelounge.delonghi.com\/de-at\/product\/rostraum-carlos\/#primaryimage"},"thumbnailUrl":"https:\/\/coffeelounge.delonghi.com\/wp-content\/uploads\/2022\/09\/RR_MOCKUP_Carlos.png","datePublished":"2022-10-20T09:52:20+00:00","dateModified":"2024-03-04T07:28:30+00:00","description":"Die Bourbon Bohnen vom Monte Cacahuatique wurden handgepfl\u00fcckt und anschlie\u00dfend 34 Stunden in F\u00e4ssern mazeriert, gewaschen und gereinigt, bevor sie 13 \u2013 16 Tage auf afrikanischen Hochbetten in der Sonne getrocknet wurden.","breadcrumb":{"@id":"https:\/\/coffeelounge.delonghi.com\/de-at\/product\/rostraum-carlos\/#breadcrumb"},"inLanguage":"de-at","potentialAction":[{"@type":"ReadAction","target":["https:\/\/coffeelounge.delonghi.com\/de-at\/product\/rostraum-carlos\/"]}]},{"@type":"ImageObject","inLanguage":"de-at","@id":"https:\/\/coffeelounge.delonghi.com\/de-at\/product\/rostraum-carlos\/#primaryimage","url":"https:\/\/coffeelounge.delonghi.com\/wp-content\/uploads\/2022\/09\/RR_MOCKUP_Carlos.png","contentUrl":"https:\/\/coffeelounge.delonghi.com\/wp-content\/uploads\/2022\/09\/RR_MOCKUP_Carlos.png","width":1544,"height":1856},{"@type":"BreadcrumbList","@id":"https:\/\/coffeelounge.delonghi.com\/de-at\/product\/rostraum-carlos\/#breadcrumb","itemListElement":[{"@type":"ListItem","position":1,"name":"Home","item":"https:\/\/coffeelounge.delonghi.com\/de-at\/"},{"@type":"ListItem","position":2,"name":"Boutique","item":"https:\/\/coffeelounge.delonghi.com\/fr\/?page_id=36"},{"@type":"ListItem","position":3,"name":"Carlos"}]},{"@type":"WebSite","@id":"https:\/\/coffeelounge.delonghi.com\/de-at\/#website","url":"https:\/\/coffeelounge.delonghi.com\/de-at\/","name":"De&#039;Longhi","description":"Coffee Lounge","publisher":{"@id":"https:\/\/coffeelounge.delonghi.com\/de-at\/#organization"},"potentialAction":[{"@type":"SearchAction","target":{"@type":"EntryPoint","urlTemplate":"https:\/\/coffeelounge.delonghi.com\/de-at\/?s={search_term_string}"},"query-input":{"@type":"PropertyValueSpecification","valueRequired":true,"valueName":"search_term_string"}}],"inLanguage":"de-at"},{"@type":"Organization","@id":"https:\/\/coffeelounge.delonghi.com\/de-at\/#organization","name":"De'Longhi Coffee Lounge","url":"https:\/\/coffeelounge.delonghi.com\/de-at\/","logo":{"@type":"ImageObject","inLanguage":"de-at","@id":"https:\/\/coffeelounge.delonghi.com\/de-at\/#\/schema\/logo\/image\/","url":"https:\/\/coffeelounge.delonghi.com\/wp-content\/uploads\/2020\/05\/delonghi-coffee-lounge-logo-nederland.png","contentUrl":"https:\/\/coffeelounge.delonghi.com\/wp-content\/uploads\/2020\/05\/delonghi-coffee-lounge-logo-nederland.png","width":2337,"height":724,"caption":"De'Longhi Coffee Lounge"},"image":{"@id":"https:\/\/coffeelounge.delonghi.com\/de-at\/#\/schema\/logo\/image\/"}}]}},"_links":{"self":[{"href":"https:\/\/coffeelounge.delonghi.com\/de-at\/wp-json\/wp\/v2\/product\/270675","targetHints":{"allow":["GET"]}}],"collection":[{"href":"https:\/\/coffeelounge.delonghi.com\/de-at\/wp-json\/wp\/v2\/product"}],"about":[{"href":"https:\/\/coffeelounge.delonghi.com\/de-at\/wp-json\/wp\/v2\/types\/product"}],"replies":[{"embeddable":true,"href":"https:\/\/coffeelounge.delonghi.com\/de-at\/wp-json\/wp\/v2\/comments?post=270675"}],"version-history":[{"count":2,"href":"https:\/\/coffeelounge.delonghi.com\/de-at\/wp-json\/wp\/v2\/product\/270675\/revisions"}],"predecessor-version":[{"id":421834,"href":"https:\/\/coffeelounge.delonghi.com\/de-at\/wp-json\/wp\/v2\/product\/270675\/revisions\/421834"}],"wp:featuredmedia":[{"embeddable":true,"href":"https:\/\/coffeelounge.delonghi.com\/de-at\/wp-json\/wp\/v2\/media\/270693"}],"wp:attachment":[{"href":"https:\/\/coffeelounge.delonghi.com\/de-at\/wp-json\/wp\/v2\/media?parent=270675"}],"wp:term":[{"taxonomy":"product_cat","embeddable":true,"href":"https:\/\/coffeelounge.delonghi.com\/de-at\/wp-json\/wp\/v2\/product_cat?post=270675"},{"taxonomy":"product_tag","embeddable":true,"href":"https:\/\/coffeelounge.delonghi.com\/de-at\/wp-json\/wp\/v2\/product_tag?post=270675"}],"curies":[{"name":"wp","href":"https:\/\/api.w.org\/{rel}","templated":true}]}}